{"id":325360,"date":"2024-07-11T17:17:01","date_gmt":"2024-07-11T21:17:01","guid":{"rendered":"https:\/\/www.miamibeachfl.gov\/?page_id=325360"},"modified":"2026-02-03T14:09:59","modified_gmt":"2026-02-03T19:09:59","slug":"flood-awareness","status":"publish","type":"page","link":"https:\/\/www.miamibeachfl.gov\/fr\/flood-awareness\/","title":{"rendered":"Sensibilisation aux inondations"},"content":{"rendered":"<img decoding=\"async\" src=\"https:\/\/www.miamibeachfl.gov\/wp-content\/uploads\/2024\/07\/floodawareness-circles1.png\" alt=\"flodding\" itemprop=\"image\" height=\"482\" width=\"400\" title=\"cercles de sensibilisation aux inondations1\" onerror=\"this.style.display='none'\" loading=\"lazy\" \/>\n<h1>\n\t\t\tSensibilisation aux inondations\t<\/h1>\n\t\t\t\t\t<img decoding=\"async\" src=\"https:\/\/i.ytimg.com\/vi\/pCsvOWurn4M\/maxresdefault.jpg\" alt=\"youtube-video-thumbnail\"\/>\n\t\t\t\t<img decoding=\"async\" src=\"https:\/\/www.miamibeachfl.gov\/wp-content\/uploads\/2024\/07\/beforeduringafter-whattodo-clean.jpg\" alt=\"beforeduringafter-whattodo-clean\"\/>\n\t\t\t<h2>Que faire avant, pendant et apr\u00e8s une inondation<\/h2>\n\t\t\t\t<p>Apprenez ce qu&#039;il faut faire <\/p>\n\t\t<a href=\"\/fr\/flood-awareness-new\/what-to-do\/\" target=\"_self\"  aria-label=\"Acc\u00e9dez \u00e0 \/flood-awareness-new\/what-to-do\/\"><\/a>\n\t\t\t\t<img decoding=\"async\" src=\"https:\/\/www.miamibeachfl.gov\/wp-content\/uploads\/2024\/07\/miamibeachskyline.jpg\" alt=\"Miami Beach Skyline\"\/>\n\t\t\t<h2>Plans et projets urbains et r\u00e9gionaux<\/h2>\n\t\t\t\t<p>Cliquez ici pour voir les liens vers les documents et informations <\/p>\n\t\t<a href=\"\/fr\/flood-awareness-new\/plans-and-projects\/\" target=\"_self\"  aria-label=\"Acc\u00e9dez \u00e0 \/flood-awareness-new\/plans-and-projects\"><\/a>\n\t\t\t\t<img decoding=\"async\" src=\"https:\/\/www.miamibeachfl.gov\/wp-content\/uploads\/2024\/07\/femabackground.jpg\" alt=\"Fema\"\/>\n\t\t\t<h2>Zones inondables de la FEMA<\/h2>\n\t\t\t\t<p>Voir les cartes <\/p>\n\t\t<a href=\"https:\/\/mdc.maps.arcgis.com\/apps\/webappviewer\/index.html?id=685a1c5e03c947d9a786df7b4ddb79d3#FloodZoneMaps\" target=\"_blank\" rel=\"noopener\" aria-label=\"Acc\u00e9dez \u00e0 https:\/\/mdc.maps.arcgis.com\/apps\/webappviewer\/index.html?id=685a1c5e03c947d9a786df7b4ddb79d3#FloodZoneMaps\"><\/a>\n\t\t\t\t<img decoding=\"async\" src=\"https:\/\/www.miamibeachfl.gov\/wp-content\/uploads\/2024\/07\/beachlightning.jpg\" alt=\"lightning in the distance of the ocean\"\/>\n\t\t\t<h2>Pourquoi les pluies extr\u00eames provoquent des inondations<\/h2>\n\t\t\t\t<p>Prot\u00e9gez-vous et vos biens <\/p>\n\t\t<a href=\"\/fr\/flood-awareness-new\/extreme-rain-events\/\" target=\"_self\"  aria-label=\"Acc\u00e9dez \u00e0 \/flood-awareness-new\/extreme-rain-events\"><\/a>\n\t\t\t\t<img decoding=\"async\" src=\"https:\/\/www.miamibeachfl.gov\/wp-content\/uploads\/2024\/07\/floodalert.jpg\" alt=\"Flood Alert\"\/>\n\t\t\t<h2>Comprendre les alertes d&#039;inondation<\/h2>\n\t\t\t\t<p>Pr\u00e9parez-vous aux inondations <\/p>\n\t\t<a href=\"\/fr\/flood-awareness-new\/understand-alerts\/\" target=\"_self\"  aria-label=\"Acc\u00e9dez \u00e0 \/flood-awareness-new\/understand-alerts\"><\/a>\n\t\t\t\t<img decoding=\"async\" src=\"https:\/\/www.miamibeachfl.gov\/wp-content\/uploads\/2024\/07\/protectyourproperty.jpg\" alt=\"neighborhood flooding\"\/>\n\t\t\t<h2>Prot\u00e9gez votre propri\u00e9t\u00e9<\/h2>\n\t\t\t\t<p>En savoir plus sur le programme d&#039;adaptation des propri\u00e9t\u00e9s priv\u00e9es<\/p>\n\t\t<a href=\"https:\/\/www.mbrisingabove.com\/your-home\/private-property-adaptation\/\" target=\"_blank\" rel=\"noopener\" aria-label=\"Acc\u00e9dez \u00e0 https:\/\/www.mbrisingabove.com\/your-home\/private-property-adaptation\/\"><\/a>\n\t\t\t\t<img decoding=\"async\" src=\"https:\/\/www.miamibeachfl.gov\/wp-content\/uploads\/2025\/07\/sandbags.png\" alt=\"sandbags\" itemprop=\"image\" height=\"362\" width=\"500\" title=\"sacs de sable\" onerror=\"this.style.display='none'\" loading=\"lazy\" \/>\n\t<p>La ville de Miami Beach aide les r\u00e9sidents \u00e0 se pr\u00e9parer \u00e0 la saison des ouragans dans l&#039;Atlantique en distribuant de nouveaux sacs de sable \u00ab sans sable \u00bb plus l\u00e9gers, pr\u00e9-remplis de billes de gel de silice qui se dilatent lorsqu&#039;elles sont tremp\u00e9es dans l&#039;eau.<\/p>\n<h4>\n\t\t\tActiver:\t<\/h4>\n\t<ul>\n<li>Pour l&#039;activer, il suffit de vaporiser les sacs avec de l&#039;eau ou de les faire tremper dans une baignoire ou un bassin jusqu&#039;\u00e0 ce qu&#039;ils soient compl\u00e8tement satur\u00e9s.<\/li>\n<li>Les sacs doivent \u00eatre compl\u00e8tement satur\u00e9s dans les 3 \u00e0 4 minutes suivant leur contact avec l\u2019eau.<\/li>\n<\/ul>\n<h4>\n\t\t\tUsage:\t<\/h4>\n\t<ul>\n<li>Une fois compl\u00e8tement satur\u00e9s, les sacs doivent \u00eatre plac\u00e9s aux seuils de porte pour \u00e9viter l\u2019intrusion d\u2019eau.<\/li>\n<li>Les sacs peuvent \u00eatre empil\u00e9s et utilis\u00e9s comme des sacs de sable classiques.<\/li>\n<\/ul>\n<h4>\n\t\t\t\u00c9limination:\t<\/h4>\n\t<ul>\n<li>Apr\u00e8s utilisation, les sacs peuvent \u00eatre jet\u00e9s comme d\u00e9chets solides dans une poubelle r\u00e9sidentielle classique.<\/li>\n<li>Les sacs qui ont \u00e9t\u00e9 en contact avec les eaux de crue ne doivent pas \u00eatre stock\u00e9s pour \u00eatre r\u00e9utilis\u00e9s.<\/li>\n<\/ul>\n\t\t<iframe loading=\"lazy\" width=\"560\" height=\"315\" src=\"https:\/\/www.youtube.com\/embed\/1Ac66tTDgyI?si=-yxvgkRvI6CZObE0\" title=\"Lecteur vid\u00e9o YouTube\" frameborder=\"0\" allow=\"accelerometer; autoplay; clipboard-write; encrypted-media; gyroscope; picture-in-picture; web-share\" referrerpolicy=\"strict-origin-when-cross-origin\" allowfullscreen><\/iframe>\t\n<h3>\n\t\t\tSignaler des inondations \u00e0 Miami Beach\t<\/h3>\n\t<p>Si vous constatez une inondation qui obstrue l\u2019acc\u00e8s ou cause des dommages \u00e0 des biens publics ou priv\u00e9s, signalez-la via l\u2019un des canaux suivants :<\/p>\n\t\t\t<a href=\"tel:3056737625\" target=\"_blank\" rel=\"noopener\">\n\t\t\t\t\t\tAPPELEZ LE : 305.673.7625\n\t\t\t\t\t<\/a>\n\t\t\t<a href=\"mailto:Flooding@Miamibeachfl.gov\" target=\"_blank\" rel=\"noopener\">\n\t\t\t\t\t\tCOURRIEL : Flooding@Miamibeachfl.gov\n\t\t\t\t\t<\/a>\n\t\t\t<a href=\"https:\/\/apps.miamibeachfl.gov\/egovweb\" target=\"_blank\" rel=\"noopener\">\n\t\t\t\t\t\tUtilisez l&#039;application Miami Beach Gov\n\t\t\t\t\t<\/a>","protected":false},"excerpt":{"rendered":"<p>Flood Awareness What to Do Before, During &amp; After a Flood Event Learn what to do City &amp; Regional Plans [&hellip;]<\/p>\n","protected":false},"author":222,"featured_media":325456,"parent":0,"menu_order":29,"comment_status":"closed","ping_status":"closed","template":"","meta":{"_searchwp_excluded":"","site-sidebar-layout":"default","site-content-layout":"","ast-site-content-layout":"default","site-content-style":"default","site-sidebar-style":"default","ast-global-header-display":"","ast-banner-title-visibility":"","ast-main-header-display":"","ast-hfb-above-header-display":"","ast-hfb-below-header-display":"","ast-hfb-mobile-header-display":"","site-post-title":"","ast-breadcrumbs-content":"","ast-featured-img":"","footer-sml-layout":"","ast-disable-related-posts":"","theme-transparent-header-meta":"","adv-header-id-meta":"","stick-header-meta":"","header-above-stick-meta":"","header-main-stick-meta":"","header-below-stick-meta":"","astra-migrate-meta-layouts":"default","ast-page-background-enabled":"default","ast-page-background-meta":{"desktop":{"background-color":"var(--ast-global-color-5)","background-image":"","background-repeat":"repeat","background-position":"center center","background-size":"auto","background-attachment":"scroll","background-type":"","background-media":"","overlay-type":"","overlay-color":"","overlay-opacity":"","overlay-gradient":""},"tablet":{"background-color":"","background-image":"","background-repeat":"repeat","background-position":"center center","background-size":"auto","background-attachment":"scroll","background-type":"","background-media":"","overlay-type":"","overlay-color":"","overlay-opacity":"","overlay-gradient":""},"mobile":{"background-color":"","background-image":"","background-repeat":"repeat","background-position":"center center","background-size":"auto","background-attachment":"scroll","background-type":"","background-media":"","overlay-type":"","overlay-color":"","overlay-opacity":"","overlay-gradient":""}},"ast-content-background-meta":{"desktop":{"background-color":"var(--ast-global-color-4)","background-image":"","background-repeat":"repeat","background-position":"center center","background-size":"auto","background-attachment":"scroll","background-type":"","background-media":"","overlay-type":"","overlay-color":"","overlay-opacity":"","overlay-gradient":""},"tablet":{"background-color":"var(--ast-global-color-4)","background-image":"","background-repeat":"repeat","background-position":"center center","background-size":"auto","background-attachment":"scroll","background-type":"","background-media":"","overlay-type":"","overlay-color":"","overlay-opacity":"","overlay-gradient":""},"mobile":{"background-color":"var(--ast-global-color-4)","background-image":"","background-repeat":"repeat","background-position":"center center","background-size":"auto","background-attachment":"scroll","background-type":"","background-media":"","overlay-type":"","overlay-color":"","overlay-opacity":"","overlay-gradient":""}},"footnotes":""},"categories":[1782],"tags":[],"class_list":["post-325360","page","type-page","status-publish","has-post-thumbnail","hentry","category-public-safety"],"yoast_head":"<!-- This site is optimized with the Yoast SEO Premium plugin v27.4 (Yoast SEO v27.4) - https:\/\/yoast.com\/product\/yoast-seo-premium-wordpress\/ -->\n<title>Flood Awareness - City of Miami Beach<\/title>\n<meta name=\"description\" content=\"Understanding flood risk is important for Miami Beach as a coastal barrier island.\" \/>\n<meta name=\"robots\" content=\"index, follow, max-snippet:-1, max-image-preview:large, max-video-preview:-1\" \/>\n<link rel=\"canonical\" href=\"https:\/\/www.miamibeachfl.gov\/fr\/flood-awareness\/\" \/>\n<meta property=\"og:locale\" content=\"fr_FR\" \/>\n<meta property=\"og:type\" content=\"article\" \/>\n<meta property=\"og:title\" content=\"Flood Awareness\" \/>\n<meta property=\"og:description\" content=\"Understanding flood risk is important for Miami Beach as a coastal barrier island.\" \/>\n<meta property=\"og:url\" content=\"https:\/\/www.miamibeachfl.gov\/fr\/flood-awareness\/\" \/>\n<meta property=\"og:site_name\" content=\"City of Miami Beach\" \/>\n<meta property=\"article:publisher\" content=\"https:\/\/www.facebook.com\/cityofmiamibeach\" \/>\n<meta property=\"article:modified_time\" content=\"2026-02-03T19:09:59+00:00\" \/>\n<meta property=\"og:image\" content=\"https:\/\/www.miamibeachfl.gov\/wp-content\/uploads\/2023\/08\/Masterpermitcircle.jpeg\" \/>\n\t<meta property=\"og:image:width\" content=\"1200\" \/>\n\t<meta property=\"og:image:height\" content=\"1200\" \/>\n\t<meta property=\"og:image:type\" content=\"image\/jpeg\" \/>\n<meta name=\"twitter:card\" content=\"summary_large_image\" \/>\n<meta name=\"twitter:site\" content=\"@Miamibeachnews\" \/>\n<script type=\"application\/ld+json\" class=\"yoast-schema-graph\">{\"@context\":\"https:\\\/\\\/schema.org\",\"@graph\":[{\"@type\":\"WebPage\",\"@id\":\"https:\\\/\\\/www.miamibeachfl.gov\\\/flood-awareness\\\/\",\"url\":\"https:\\\/\\\/www.miamibeachfl.gov\\\/flood-awareness\\\/\",\"name\":\"Flood Awareness - City of Miami Beach\",\"isPartOf\":{\"@id\":\"https:\\\/\\\/www.miamibeachfl.gov\\\/#website\"},\"primaryImageOfPage\":{\"@id\":\"https:\\\/\\\/www.miamibeachfl.gov\\\/flood-awareness\\\/#primaryimage\"},\"image\":{\"@id\":\"https:\\\/\\\/www.miamibeachfl.gov\\\/flood-awareness\\\/#primaryimage\"},\"thumbnailUrl\":\"https:\\\/\\\/www.miamibeachfl.gov\\\/wp-content\\\/uploads\\\/2024\\\/07\\\/floodalert.jpg\",\"datePublished\":\"2024-07-11T21:17:01+00:00\",\"dateModified\":\"2026-02-03T19:09:59+00:00\",\"description\":\"Understanding flood risk is important for Miami Beach as a coastal barrier island.\",\"breadcrumb\":{\"@id\":\"https:\\\/\\\/www.miamibeachfl.gov\\\/flood-awareness\\\/#breadcrumb\"},\"inLanguage\":\"fr-FR\",\"potentialAction\":[{\"@type\":\"ReadAction\",\"target\":[\"https:\\\/\\\/www.miamibeachfl.gov\\\/flood-awareness\\\/\"]}]},{\"@type\":\"ImageObject\",\"inLanguage\":\"fr-FR\",\"@id\":\"https:\\\/\\\/www.miamibeachfl.gov\\\/flood-awareness\\\/#primaryimage\",\"url\":\"https:\\\/\\\/www.miamibeachfl.gov\\\/wp-content\\\/uploads\\\/2024\\\/07\\\/floodalert.jpg\",\"contentUrl\":\"https:\\\/\\\/www.miamibeachfl.gov\\\/wp-content\\\/uploads\\\/2024\\\/07\\\/floodalert.jpg\",\"width\":400,\"height\":400,\"caption\":\"Flood Alert\"},{\"@type\":\"BreadcrumbList\",\"@id\":\"https:\\\/\\\/www.miamibeachfl.gov\\\/flood-awareness\\\/#breadcrumb\",\"itemListElement\":[{\"@type\":\"ListItem\",\"position\":1,\"name\":\"Home\",\"item\":\"https:\\\/\\\/www.miamibeachfl.gov\\\/\"},{\"@type\":\"ListItem\",\"position\":2,\"name\":\"Flood Awareness\"}]},{\"@type\":\"WebSite\",\"@id\":\"https:\\\/\\\/www.miamibeachfl.gov\\\/#website\",\"url\":\"https:\\\/\\\/www.miamibeachfl.gov\\\/\",\"name\":\"City of Miami Beach\",\"description\":\"The official website of the City of Miami Beach. Stay informed, find important information on city services, news, alerts, events, trolley routes, government employment and more.\",\"publisher\":{\"@id\":\"https:\\\/\\\/www.miamibeachfl.gov\\\/#organization\"},\"potentialAction\":[{\"@type\":\"SearchAction\",\"target\":{\"@type\":\"EntryPoint\",\"urlTemplate\":\"https:\\\/\\\/www.miamibeachfl.gov\\\/?s={search_term_string}\"},\"query-input\":{\"@type\":\"PropertyValueSpecification\",\"valueRequired\":true,\"valueName\":\"search_term_string\"}}],\"inLanguage\":\"fr-FR\"},{\"@type\":\"Organization\",\"@id\":\"https:\\\/\\\/www.miamibeachfl.gov\\\/#organization\",\"name\":\"City of Miami Beach\",\"url\":\"https:\\\/\\\/www.miamibeachfl.gov\\\/\",\"logo\":{\"@type\":\"ImageObject\",\"inLanguage\":\"fr-FR\",\"@id\":\"https:\\\/\\\/www.miamibeachfl.gov\\\/#\\\/schema\\\/logo\\\/image\\\/\",\"url\":\"https:\\\/\\\/www.miamibeachfl.gov\\\/wp-content\\\/uploads\\\/2022\\\/06\\\/miamibeach-logoblue.png\",\"contentUrl\":\"https:\\\/\\\/www.miamibeachfl.gov\\\/wp-content\\\/uploads\\\/2022\\\/06\\\/miamibeach-logoblue.png\",\"width\":1962,\"height\":381,\"caption\":\"City of Miami Beach\"},\"image\":{\"@id\":\"https:\\\/\\\/www.miamibeachfl.gov\\\/#\\\/schema\\\/logo\\\/image\\\/\"},\"sameAs\":[\"https:\\\/\\\/www.facebook.com\\\/cityofmiamibeach\",\"https:\\\/\\\/x.com\\\/Miamibeachnews\",\"https:\\\/\\\/www.instagram.com\\\/miamibeachnews\\\/\"],\"description\":\"The official website of the City of Miami Beach. Stay informed, find important information on city services, news, alerts, events, trolley routes, government employment and more.\",\"telephone\":\"305.604.CITY(2489)\",\"legalName\":\"City of Miami Beach\"}]}<\/script>\n<!-- \/ Yoast SEO Premium plugin. -->","yoast_head_json":{"title":"Sensibilisation aux inondations \u2013 Ville de Miami Beach","description":"Il est important de comprendre le risque d\u2019inondation pour Miami Beach en tant qu\u2019\u00eele-barri\u00e8re c\u00f4ti\u00e8re.","robots":{"index":"index","follow":"follow","max-snippet":"max-snippet:-1","max-image-preview":"max-image-preview:large","max-video-preview":"max-video-preview:-1"},"canonical":"https:\/\/www.miamibeachfl.gov\/fr\/flood-awareness\/","og_locale":"fr_FR","og_type":"article","og_title":"Flood Awareness","og_description":"Understanding flood risk is important for Miami Beach as a coastal barrier island.","og_url":"https:\/\/www.miamibeachfl.gov\/fr\/flood-awareness\/","og_site_name":"City of Miami Beach","article_publisher":"https:\/\/www.facebook.com\/cityofmiamibeach","article_modified_time":"2026-02-03T19:09:59+00:00","og_image":[{"width":1200,"height":1200,"url":"https:\/\/www.miamibeachfl.gov\/wp-content\/uploads\/2023\/08\/Masterpermitcircle.jpeg","type":"image\/jpeg"}],"twitter_card":"summary_large_image","twitter_site":"@Miamibeachnews","schema":{"@context":"https:\/\/schema.org","@graph":[{"@type":"WebPage","@id":"https:\/\/www.miamibeachfl.gov\/flood-awareness\/","url":"https:\/\/www.miamibeachfl.gov\/flood-awareness\/","name":"Sensibilisation aux inondations \u2013 Ville de Miami Beach","isPartOf":{"@id":"https:\/\/www.miamibeachfl.gov\/#website"},"primaryImageOfPage":{"@id":"https:\/\/www.miamibeachfl.gov\/flood-awareness\/#primaryimage"},"image":{"@id":"https:\/\/www.miamibeachfl.gov\/flood-awareness\/#primaryimage"},"thumbnailUrl":"https:\/\/www.miamibeachfl.gov\/wp-content\/uploads\/2024\/07\/floodalert.jpg","datePublished":"2024-07-11T21:17:01+00:00","dateModified":"2026-02-03T19:09:59+00:00","description":"Il est important de comprendre le risque d\u2019inondation pour Miami Beach en tant qu\u2019\u00eele-barri\u00e8re c\u00f4ti\u00e8re.","breadcrumb":{"@id":"https:\/\/www.miamibeachfl.gov\/flood-awareness\/#breadcrumb"},"inLanguage":"fr-FR","potentialAction":[{"@type":"ReadAction","target":["https:\/\/www.miamibeachfl.gov\/flood-awareness\/"]}]},{"@type":"ImageObject","inLanguage":"fr-FR","@id":"https:\/\/www.miamibeachfl.gov\/flood-awareness\/#primaryimage","url":"https:\/\/www.miamibeachfl.gov\/wp-content\/uploads\/2024\/07\/floodalert.jpg","contentUrl":"https:\/\/www.miamibeachfl.gov\/wp-content\/uploads\/2024\/07\/floodalert.jpg","width":400,"height":400,"caption":"Flood Alert"},{"@type":"BreadcrumbList","@id":"https:\/\/www.miamibeachfl.gov\/flood-awareness\/#breadcrumb","itemListElement":[{"@type":"ListItem","position":1,"name":"Home","item":"https:\/\/www.miamibeachfl.gov\/"},{"@type":"ListItem","position":2,"name":"Flood Awareness"}]},{"@type":"WebSite","@id":"https:\/\/www.miamibeachfl.gov\/#website","url":"https:\/\/www.miamibeachfl.gov\/","name":"Ville de Miami Beach","description":"Site officiel de la ville de Miami Beach. Restez inform\u00e9 et trouvez des informations importantes sur les services municipaux, les actualit\u00e9s, les alertes, les \u00e9v\u00e9nements, les itin\u00e9raires de tramway, les emplois gouvernementaux et bien plus encore.","publisher":{"@id":"https:\/\/www.miamibeachfl.gov\/#organization"},"potentialAction":[{"@type":"SearchAction","target":{"@type":"EntryPoint","urlTemplate":"https:\/\/www.miamibeachfl.gov\/?s={search_term_string}"},"query-input":{"@type":"PropertyValueSpecification","valueRequired":true,"valueName":"search_term_string"}}],"inLanguage":"fr-FR"},{"@type":"Organization","@id":"https:\/\/www.miamibeachfl.gov\/#organization","name":"Ville de Miami Beach","url":"https:\/\/www.miamibeachfl.gov\/","logo":{"@type":"ImageObject","inLanguage":"fr-FR","@id":"https:\/\/www.miamibeachfl.gov\/#\/schema\/logo\/image\/","url":"https:\/\/www.miamibeachfl.gov\/wp-content\/uploads\/2022\/06\/miamibeach-logoblue.png","contentUrl":"https:\/\/www.miamibeachfl.gov\/wp-content\/uploads\/2022\/06\/miamibeach-logoblue.png","width":1962,"height":381,"caption":"City of Miami Beach"},"image":{"@id":"https:\/\/www.miamibeachfl.gov\/#\/schema\/logo\/image\/"},"sameAs":["https:\/\/www.facebook.com\/cityofmiamibeach","https:\/\/x.com\/Miamibeachnews","https:\/\/www.instagram.com\/miamibeachnews\/"],"description":"Site officiel de la ville de Miami Beach. Restez inform\u00e9 et trouvez des informations importantes sur les services municipaux, les actualit\u00e9s, les alertes, les \u00e9v\u00e9nements, les itin\u00e9raires de tramway, les emplois gouvernementaux et bien plus encore.","telephone":"305.604.CITY(2489)","legalName":"City of Miami Beach"}]}},"_links":{"self":[{"href":"https:\/\/www.miamibeachfl.gov\/fr\/wp-json\/wp\/v2\/pages\/325360","targetHints":{"allow":["GET"]}}],"collection":[{"href":"https:\/\/www.miamibeachfl.gov\/fr\/wp-json\/wp\/v2\/pages"}],"about":[{"href":"https:\/\/www.miamibeachfl.gov\/fr\/wp-json\/wp\/v2\/types\/page"}],"author":[{"embeddable":true,"href":"https:\/\/www.miamibeachfl.gov\/fr\/wp-json\/wp\/v2\/users\/222"}],"replies":[{"embeddable":true,"href":"https:\/\/www.miamibeachfl.gov\/fr\/wp-json\/wp\/v2\/comments?post=325360"}],"version-history":[{"count":11,"href":"https:\/\/www.miamibeachfl.gov\/fr\/wp-json\/wp\/v2\/pages\/325360\/revisions"}],"predecessor-version":[{"id":396012,"href":"https:\/\/www.miamibeachfl.gov\/fr\/wp-json\/wp\/v2\/pages\/325360\/revisions\/396012"}],"wp:featuredmedia":[{"embeddable":true,"href":"https:\/\/www.miamibeachfl.gov\/fr\/wp-json\/wp\/v2\/media\/325456"}],"wp:attachment":[{"href":"https:\/\/www.miamibeachfl.gov\/fr\/wp-json\/wp\/v2\/media?parent=325360"}],"wp:term":[{"taxonomy":"category","embeddable":true,"href":"https:\/\/www.miamibeachfl.gov\/fr\/wp-json\/wp\/v2\/categories?post=325360"},{"taxonomy":"post_tag","embeddable":true,"href":"https:\/\/www.miamibeachfl.gov\/fr\/wp-json\/wp\/v2\/tags?post=325360"}],"curies":[{"name":"wp","href":"https:\/\/api.w.org\/{rel}","templated":true}]}}