{"id":346311,"date":"2024-11-04T11:30:10","date_gmt":"2024-11-04T16:30:10","guid":{"rendered":"https:\/\/www.miamibeachfl.gov\/?page_id=346311"},"modified":"2025-12-12T11:46:41","modified_gmt":"2025-12-12T16:46:41","slug":"giftprograms","status":"publish","type":"page","link":"https:\/\/www.miamibeachfl.gov\/fr\/giftprograms\/","title":{"rendered":"Programme de cadeaux comm\u00e9moratifs"},"content":{"rendered":"<h1>\n\t\t\tProgrammes de cadeaux comm\u00e9moratifs de Miami Beach\t<\/h1>\n\t<h4><strong>Vous cherchez une fa\u00e7on significative de c\u00e9l\u00e9brer une occasion sp\u00e9ciale ou d\u2019honorer un \u00eatre cher ? <\/strong><\/h4>\n<h4><strong>Les programmes de cadeaux comm\u00e9moratifs de la ville de Miami Beach permettent aux particuliers et aux organisations de laisser un h\u00e9ritage durable dans l&#039;un de nos cadres pittoresques.<\/strong><\/h4>\n\t\t\t\t<a href=\"https:\/\/www.miamibeachfl.gov\/fr\/city-hall\/parks-and-recreation\/parks-facilities-directory\/adopt-a-bench\/\"  target=\"_self\" itemprop=\"url\">\n\t\t\t\t<img decoding=\"async\" src=\"https:\/\/www.miamibeachfl.gov\/wp-content\/uploads\/2024\/11\/Bench-Square.jpeg\" alt=\"Miami Beach Bench\" itemprop=\"image\" height=\"400\" width=\"400\" title=\"Banc carr\u00e9\" onerror=\"this.style.display='none'\" loading=\"lazy\" \/>\n\t\t\t\t<\/a>\n\t<p><strong>Programme Adoptez un banc<\/strong><\/p>\n<p>Devenez un \u00e9l\u00e9ment du paysage en adoptant un banc, neuf ou existant, dans l&#039;un de nos paisibles parcs urbains. Ce programme vous permet de rendre hommage \u00e0 un \u00eatre cher ou de c\u00e9l\u00e9brer un \u00e9v\u00e9nement, en cr\u00e9ant un hommage unique et un lieu paisible propice au recueillement.<\/p>\n\t\t\t<a href=\"\/fr\/city-hall\/parks-and-recreation\/parks-facilities-directory\/adopt-a-bench\/\" target=\"_self\">\n\t\t\t\t\t\t\tPlus d&#039;informations\n\t\t\t\t\t<\/a>\n\t<p><strong>Programme Adoptez une brique<\/strong><\/p>\n<p>Personnalisez une brique \u00e0 l&#039;entr\u00e9e de la promenade de la 26e Rue. Gravez un message, un nom ou une date pour cr\u00e9er un souvenir durable de votre attachement \u00e0 Miami Beach. Votre brique embellira la promenade tout en t\u00e9moignant des moments pr\u00e9cieux de votre vie.<\/p>\n\t\t\t<a href=\"\/fr\/city-hall\/parks-and-recreation\/parks-facilities-directory\/adopt-a-brick\/\" target=\"_self\">\n\t\t\t\t\t\t\tPlus d&#039;informations\n\t\t\t\t\t<\/a>\n\t\t\t\t<a href=\"https:\/\/www.miamibeachfl.gov\/fr\/city-hall\/parks-and-recreation\/parks-facilities-directory\/adopt-a-brick\/\"  target=\"_self\" itemprop=\"url\">\n\t\t\t\t<img decoding=\"async\" src=\"https:\/\/www.miamibeachfl.gov\/wp-content\/uploads\/2024\/11\/Beach-Entrance.jpeg\" alt=\"Beachwalk entrance\" itemprop=\"image\" height=\"400\" width=\"400\" title=\"Entr\u00e9e de la plage\" onerror=\"this.style.display='none'\" loading=\"lazy\" \/>\n\t\t\t\t<\/a>\n\t\t\t\t<a href=\"https:\/\/www.mbrisingabove.com\/climate-mitigation\/urban-forest\/#accordion-7\"  target=\"_blank\" rel=\"noopener\"  itemprop=\"url\">\n\t\t\t\t<img decoding=\"async\" src=\"https:\/\/www.miamibeachfl.gov\/wp-content\/uploads\/2024\/11\/Tree-400x400-1.jpeg\" alt=\"tree\" itemprop=\"image\" height=\"400\" width=\"400\" title=\"Arbre 400x400\" onerror=\"this.style.display='none'\" loading=\"lazy\" \/>\n\t\t\t\t<\/a>\n\t<p><strong>Programme d&#039;arbres comm\u00e9moratifs<\/strong><\/p>\n<p><em>Plantez un arbre en l&#039;honneur d&#039;un \u00eatre cher ou d&#039;un \u00e9v\u00e9nement marquant gr\u00e2ce \u00e0 notre programme d&#039;arbres comm\u00e9moratifs. Chaque arbre plant\u00e9 contribue \u00e0 embellir Miami Beach tout en contribuant \u00e0 la protection de l&#039;environnement. En grandissant, l&#039;arbre deviendra un hommage vivant, offrant ombre et beaut\u00e9 aux g\u00e9n\u00e9rations futures.<\/em><\/p>\n\t\t\t<a href=\"https:\/\/www.mbrisingabove.com\/climate-mitigation\/urban-forest\/#accordion-7\" target=\"_blank\" rel=\"noopener\">\n\t\t\t\t\t\t\tPlus d&#039;informations\n\t\t\t\t\t<\/a>\n\t<p><strong>The Pathway of Inclusion &#8211; Purchase a Brick<\/strong><\/p>\n<p>Laissez votre empreinte sur Miami Beach en achetant un morceau du Chemin de l&#039;inclusion !<\/p>\n<p>En partenariat avec la ville de Miami Beach, la Fondation Sabrina Cohen cr\u00e9e un nouveau chemin pav\u00e9 de briques accessible aux personnes handicap\u00e9es pour relier le futur parc adapt\u00e9 d&#039;Oceanside, situ\u00e9 au 5301 Collins Avenue, \u00e0 la promenade de la plage.<\/p>\n<p>Proceeds from each brick will directly fund the development of the site, including the creation of the nation&#8217;s first Adaptive Recreation Center.<\/p>\n<strong>Options de parrainage de briques\u00a0:<\/strong><br \/>\n4&#8243;x 8&#8243; Bricks | $500 ea.<br \/>\n8&#8243;x 8&#8243; Bricks | $1,000 ea.\n<p><a href=\"https:\/\/www.bricksrus.com\/donorsite\/scf\"><strong>Achetez votre brique sur bricksrus.com\/donorsite\/scf.<\/strong><\/a><\/p>\n<p><strong><a href=\"https:\/\/sabrinacohenfoundation.org\/\">Pour en savoir plus sur ce projet, rendez-vous sur sabrinacohenfoundation.org.<\/a><\/strong><\/p>\n\t\t\t\t<a href=\"https:\/\/www.miamibeachfl.gov\/fr\/city-hall\/parks-and-recreation\/parks-facilities-directory\/adopt-a-brick\/\"  target=\"_self\" itemprop=\"url\">\n\t\t\t\t<img decoding=\"async\" src=\"https:\/\/www.miamibeachfl.gov\/wp-content\/uploads\/2025\/12\/Brick-Campaign-Flyer.jpg\" alt=\"the pathway of decision\" itemprop=\"image\" height=\"369\" width=\"600\" title=\"D\u00e9pliant de campagne Brick\" onerror=\"this.style.display='none'\" loading=\"lazy\" \/>\n\t\t\t\t<\/a>","protected":false},"excerpt":{"rendered":"<p>Miami Beach Commemorative Gift Programs Looking for a meaningful way to celebrate a special occasion or honor a loved one? [&hellip;]<\/p>\n","protected":false},"author":222,"featured_media":0,"parent":0,"menu_order":17,"comment_status":"closed","ping_status":"closed","template":"","meta":{"_searchwp_excluded":"","site-sidebar-layout":"default","site-content-layout":"","ast-site-content-layout":"default","site-content-style":"default","site-sidebar-style":"default","ast-global-header-display":"","ast-banner-title-visibility":"","ast-main-header-display":"","ast-hfb-above-header-display":"","ast-hfb-below-header-display":"","ast-hfb-mobile-header-display":"","site-post-title":"","ast-breadcrumbs-content":"","ast-featured-img":"","footer-sml-layout":"","theme-transparent-header-meta":"","adv-header-id-meta":"","stick-header-meta":"","header-above-stick-meta":"","header-main-stick-meta":"","header-below-stick-meta":"","astra-migrate-meta-layouts":"default","ast-page-background-enabled":"default","ast-page-background-meta":{"desktop":{"background-color":"var(--ast-global-color-5)","background-image":"","background-repeat":"repeat","background-position":"center center","background-size":"auto","background-attachment":"scroll","background-type":"","background-media":"","overlay-type":"","overlay-color":"","overlay-opacity":"","overlay-gradient":""},"tablet":{"background-color":"","background-image":"","background-repeat":"repeat","background-position":"center center","background-size":"auto","background-attachment":"scroll","background-type":"","background-media":"","overlay-type":"","overlay-color":"","overlay-opacity":"","overlay-gradient":""},"mobile":{"background-color":"","background-image":"","background-repeat":"repeat","background-position":"center center","background-size":"auto","background-attachment":"scroll","background-type":"","background-media":"","overlay-type":"","overlay-color":"","overlay-opacity":"","overlay-gradient":""}},"ast-content-background-meta":{"desktop":{"background-color":"var(--ast-global-color-4)","background-image":"","background-repeat":"repeat","background-position":"center center","background-size":"auto","background-attachment":"scroll","background-type":"","background-media":"","overlay-type":"","overlay-color":"","overlay-opacity":"","overlay-gradient":""},"tablet":{"background-color":"var(--ast-global-color-4)","background-image":"","background-repeat":"repeat","background-position":"center center","background-size":"auto","background-attachment":"scroll","background-type":"","background-media":"","overlay-type":"","overlay-color":"","overlay-opacity":"","overlay-gradient":""},"mobile":{"background-color":"var(--ast-global-color-4)","background-image":"","background-repeat":"repeat","background-position":"center center","background-size":"auto","background-attachment":"scroll","background-type":"","background-media":"","overlay-type":"","overlay-color":"","overlay-opacity":"","overlay-gradient":""}},"footnotes":""},"categories":[],"tags":[],"class_list":["post-346311","page","type-page","status-publish","hentry"],"yoast_head":"<!-- This site is optimized with the Yoast SEO Premium plugin v27.4 (Yoast SEO v27.4) - https:\/\/yoast.com\/product\/yoast-seo-premium-wordpress\/ -->\n<title>Commemorative Gift Program - City of Miami Beach<\/title>\n<meta name=\"description\" content=\"%\" \/>\n<meta name=\"robots\" content=\"index, follow, max-snippet:-1, max-image-preview:large, max-video-preview:-1\" \/>\n<link rel=\"canonical\" href=\"https:\/\/www.miamibeachfl.gov\/fr\/giftprograms\/\" \/>\n<meta property=\"og:locale\" content=\"fr_FR\" \/>\n<meta property=\"og:type\" content=\"article\" \/>\n<meta property=\"og:title\" content=\"Commemorative Gift Program\" \/>\n<meta property=\"og:description\" content=\"%\" \/>\n<meta property=\"og:url\" content=\"https:\/\/www.miamibeachfl.gov\/fr\/giftprograms\/\" \/>\n<meta property=\"og:site_name\" content=\"City of Miami Beach\" \/>\n<meta property=\"article:publisher\" content=\"https:\/\/www.facebook.com\/cityofmiamibeach\" \/>\n<meta property=\"article:modified_time\" content=\"2025-12-12T16:46:41+00:00\" \/>\n<meta property=\"og:image\" content=\"https:\/\/www.miamibeachfl.gov\/wp-content\/uploads\/2024\/11\/Bench-Square.jpeg\" \/>\n<meta name=\"twitter:card\" content=\"summary_large_image\" \/>\n<meta name=\"twitter:site\" content=\"@Miamibeachnews\" \/>\n<script type=\"application\/ld+json\" class=\"yoast-schema-graph\">{\"@context\":\"https:\\\/\\\/schema.org\",\"@graph\":[{\"@type\":\"WebPage\",\"@id\":\"https:\\\/\\\/www.miamibeachfl.gov\\\/giftprograms\\\/\",\"url\":\"https:\\\/\\\/www.miamibeachfl.gov\\\/giftprograms\\\/\",\"name\":\"Commemorative Gift Program - City of Miami Beach\",\"isPartOf\":{\"@id\":\"https:\\\/\\\/www.miamibeachfl.gov\\\/#website\"},\"primaryImageOfPage\":{\"@id\":\"https:\\\/\\\/www.miamibeachfl.gov\\\/giftprograms\\\/#primaryimage\"},\"image\":{\"@id\":\"https:\\\/\\\/www.miamibeachfl.gov\\\/giftprograms\\\/#primaryimage\"},\"thumbnailUrl\":\"https:\\\/\\\/www.miamibeachfl.gov\\\/wp-content\\\/uploads\\\/2024\\\/11\\\/Bench-Square.jpeg\",\"datePublished\":\"2024-11-04T16:30:10+00:00\",\"dateModified\":\"2025-12-12T16:46:41+00:00\",\"description\":\"%\",\"breadcrumb\":{\"@id\":\"https:\\\/\\\/www.miamibeachfl.gov\\\/giftprograms\\\/#breadcrumb\"},\"inLanguage\":\"fr-FR\",\"potentialAction\":[{\"@type\":\"ReadAction\",\"target\":[\"https:\\\/\\\/www.miamibeachfl.gov\\\/giftprograms\\\/\"]}]},{\"@type\":\"ImageObject\",\"inLanguage\":\"fr-FR\",\"@id\":\"https:\\\/\\\/www.miamibeachfl.gov\\\/giftprograms\\\/#primaryimage\",\"url\":\"https:\\\/\\\/www.miamibeachfl.gov\\\/wp-content\\\/uploads\\\/2024\\\/11\\\/Bench-Square.jpeg\",\"contentUrl\":\"https:\\\/\\\/www.miamibeachfl.gov\\\/wp-content\\\/uploads\\\/2024\\\/11\\\/Bench-Square.jpeg\"},{\"@type\":\"BreadcrumbList\",\"@id\":\"https:\\\/\\\/www.miamibeachfl.gov\\\/giftprograms\\\/#breadcrumb\",\"itemListElement\":[{\"@type\":\"ListItem\",\"position\":1,\"name\":\"Home\",\"item\":\"https:\\\/\\\/www.miamibeachfl.gov\\\/\"},{\"@type\":\"ListItem\",\"position\":2,\"name\":\"Commemorative Gift Program\"}]},{\"@type\":\"WebSite\",\"@id\":\"https:\\\/\\\/www.miamibeachfl.gov\\\/#website\",\"url\":\"https:\\\/\\\/www.miamibeachfl.gov\\\/\",\"name\":\"City of Miami Beach\",\"description\":\"The official website of the City of Miami Beach. Stay informed, find important information on city services, news, alerts, events, trolley routes, government employment and more.\",\"publisher\":{\"@id\":\"https:\\\/\\\/www.miamibeachfl.gov\\\/#organization\"},\"potentialAction\":[{\"@type\":\"SearchAction\",\"target\":{\"@type\":\"EntryPoint\",\"urlTemplate\":\"https:\\\/\\\/www.miamibeachfl.gov\\\/?s={search_term_string}\"},\"query-input\":{\"@type\":\"PropertyValueSpecification\",\"valueRequired\":true,\"valueName\":\"search_term_string\"}}],\"inLanguage\":\"fr-FR\"},{\"@type\":\"Organization\",\"@id\":\"https:\\\/\\\/www.miamibeachfl.gov\\\/#organization\",\"name\":\"City of Miami Beach\",\"url\":\"https:\\\/\\\/www.miamibeachfl.gov\\\/\",\"logo\":{\"@type\":\"ImageObject\",\"inLanguage\":\"fr-FR\",\"@id\":\"https:\\\/\\\/www.miamibeachfl.gov\\\/#\\\/schema\\\/logo\\\/image\\\/\",\"url\":\"https:\\\/\\\/www.miamibeachfl.gov\\\/wp-content\\\/uploads\\\/2022\\\/06\\\/miamibeach-logoblue.png\",\"contentUrl\":\"https:\\\/\\\/www.miamibeachfl.gov\\\/wp-content\\\/uploads\\\/2022\\\/06\\\/miamibeach-logoblue.png\",\"width\":1962,\"height\":381,\"caption\":\"City of Miami Beach\"},\"image\":{\"@id\":\"https:\\\/\\\/www.miamibeachfl.gov\\\/#\\\/schema\\\/logo\\\/image\\\/\"},\"sameAs\":[\"https:\\\/\\\/www.facebook.com\\\/cityofmiamibeach\",\"https:\\\/\\\/x.com\\\/Miamibeachnews\",\"https:\\\/\\\/www.instagram.com\\\/miamibeachnews\\\/\"],\"description\":\"The official website of the City of Miami Beach. Stay informed, find important information on city services, news, alerts, events, trolley routes, government employment and more.\",\"telephone\":\"305.604.CITY(2489)\",\"legalName\":\"City of Miami Beach\"}]}<\/script>\n<!-- \/ Yoast SEO Premium plugin. -->","yoast_head_json":{"title":"Programme de cadeaux comm\u00e9moratifs \u2013 Ville de Miami Beach","description":"%","robots":{"index":"index","follow":"follow","max-snippet":"max-snippet:-1","max-image-preview":"max-image-preview:large","max-video-preview":"max-video-preview:-1"},"canonical":"https:\/\/www.miamibeachfl.gov\/fr\/giftprograms\/","og_locale":"fr_FR","og_type":"article","og_title":"Commemorative Gift Program","og_description":"%","og_url":"https:\/\/www.miamibeachfl.gov\/fr\/giftprograms\/","og_site_name":"City of Miami Beach","article_publisher":"https:\/\/www.facebook.com\/cityofmiamibeach","article_modified_time":"2025-12-12T16:46:41+00:00","og_image":[{"url":"https:\/\/www.miamibeachfl.gov\/wp-content\/uploads\/2024\/11\/Bench-Square.jpeg","type":"","width":"","height":""}],"twitter_card":"summary_large_image","twitter_site":"@Miamibeachnews","schema":{"@context":"https:\/\/schema.org","@graph":[{"@type":"WebPage","@id":"https:\/\/www.miamibeachfl.gov\/giftprograms\/","url":"https:\/\/www.miamibeachfl.gov\/giftprograms\/","name":"Programme de cadeaux comm\u00e9moratifs \u2013 Ville de Miami Beach","isPartOf":{"@id":"https:\/\/www.miamibeachfl.gov\/#website"},"primaryImageOfPage":{"@id":"https:\/\/www.miamibeachfl.gov\/giftprograms\/#primaryimage"},"image":{"@id":"https:\/\/www.miamibeachfl.gov\/giftprograms\/#primaryimage"},"thumbnailUrl":"https:\/\/www.miamibeachfl.gov\/wp-content\/uploads\/2024\/11\/Bench-Square.jpeg","datePublished":"2024-11-04T16:30:10+00:00","dateModified":"2025-12-12T16:46:41+00:00","description":"%","breadcrumb":{"@id":"https:\/\/www.miamibeachfl.gov\/giftprograms\/#breadcrumb"},"inLanguage":"fr-FR","potentialAction":[{"@type":"ReadAction","target":["https:\/\/www.miamibeachfl.gov\/giftprograms\/"]}]},{"@type":"ImageObject","inLanguage":"fr-FR","@id":"https:\/\/www.miamibeachfl.gov\/giftprograms\/#primaryimage","url":"https:\/\/www.miamibeachfl.gov\/wp-content\/uploads\/2024\/11\/Bench-Square.jpeg","contentUrl":"https:\/\/www.miamibeachfl.gov\/wp-content\/uploads\/2024\/11\/Bench-Square.jpeg"},{"@type":"BreadcrumbList","@id":"https:\/\/www.miamibeachfl.gov\/giftprograms\/#breadcrumb","itemListElement":[{"@type":"ListItem","position":1,"name":"Home","item":"https:\/\/www.miamibeachfl.gov\/"},{"@type":"ListItem","position":2,"name":"Commemorative Gift Program"}]},{"@type":"WebSite","@id":"https:\/\/www.miamibeachfl.gov\/#website","url":"https:\/\/www.miamibeachfl.gov\/","name":"Ville de Miami Beach","description":"Site officiel de la ville de Miami Beach. Restez inform\u00e9 et trouvez des informations importantes sur les services municipaux, les actualit\u00e9s, les alertes, les \u00e9v\u00e9nements, les itin\u00e9raires de tramway, les emplois gouvernementaux et bien plus encore.","publisher":{"@id":"https:\/\/www.miamibeachfl.gov\/#organization"},"potentialAction":[{"@type":"SearchAction","target":{"@type":"EntryPoint","urlTemplate":"https:\/\/www.miamibeachfl.gov\/?s={search_term_string}"},"query-input":{"@type":"PropertyValueSpecification","valueRequired":true,"valueName":"search_term_string"}}],"inLanguage":"fr-FR"},{"@type":"Organization","@id":"https:\/\/www.miamibeachfl.gov\/#organization","name":"Ville de Miami Beach","url":"https:\/\/www.miamibeachfl.gov\/","logo":{"@type":"ImageObject","inLanguage":"fr-FR","@id":"https:\/\/www.miamibeachfl.gov\/#\/schema\/logo\/image\/","url":"https:\/\/www.miamibeachfl.gov\/wp-content\/uploads\/2022\/06\/miamibeach-logoblue.png","contentUrl":"https:\/\/www.miamibeachfl.gov\/wp-content\/uploads\/2022\/06\/miamibeach-logoblue.png","width":1962,"height":381,"caption":"City of Miami Beach"},"image":{"@id":"https:\/\/www.miamibeachfl.gov\/#\/schema\/logo\/image\/"},"sameAs":["https:\/\/www.facebook.com\/cityofmiamibeach","https:\/\/x.com\/Miamibeachnews","https:\/\/www.instagram.com\/miamibeachnews\/"],"description":"Site officiel de la ville de Miami Beach. Restez inform\u00e9 et trouvez des informations importantes sur les services municipaux, les actualit\u00e9s, les alertes, les \u00e9v\u00e9nements, les itin\u00e9raires de tramway, les emplois gouvernementaux et bien plus encore.","telephone":"305.604.CITY(2489)","legalName":"City of Miami Beach"}]}},"_links":{"self":[{"href":"https:\/\/www.miamibeachfl.gov\/fr\/wp-json\/wp\/v2\/pages\/346311","targetHints":{"allow":["GET"]}}],"collection":[{"href":"https:\/\/www.miamibeachfl.gov\/fr\/wp-json\/wp\/v2\/pages"}],"about":[{"href":"https:\/\/www.miamibeachfl.gov\/fr\/wp-json\/wp\/v2\/types\/page"}],"author":[{"embeddable":true,"href":"https:\/\/www.miamibeachfl.gov\/fr\/wp-json\/wp\/v2\/users\/222"}],"replies":[{"embeddable":true,"href":"https:\/\/www.miamibeachfl.gov\/fr\/wp-json\/wp\/v2\/comments?post=346311"}],"version-history":[{"count":3,"href":"https:\/\/www.miamibeachfl.gov\/fr\/wp-json\/wp\/v2\/pages\/346311\/revisions"}],"predecessor-version":[{"id":393356,"href":"https:\/\/www.miamibeachfl.gov\/fr\/wp-json\/wp\/v2\/pages\/346311\/revisions\/393356"}],"wp:attachment":[{"href":"https:\/\/www.miamibeachfl.gov\/fr\/wp-json\/wp\/v2\/media?parent=346311"}],"wp:term":[{"taxonomy":"category","embeddable":true,"href":"https:\/\/www.miamibeachfl.gov\/fr\/wp-json\/wp\/v2\/categories?post=346311"},{"taxonomy":"post_tag","embeddable":true,"href":"https:\/\/www.miamibeachfl.gov\/fr\/wp-json\/wp\/v2\/tags?post=346311"}],"curies":[{"name":"wp","href":"https:\/\/api.w.org\/{rel}","templated":true}]}}