{"id":357328,"date":"2024-12-20T11:35:27","date_gmt":"2024-12-20T16:35:27","guid":{"rendered":"https:\/\/www.miamibeachfl.gov\/?page_id=357328"},"modified":"2025-11-14T07:20:35","modified_gmt":"2025-11-14T12:20:35","slug":"art-week","status":"publish","type":"page","link":"https:\/\/www.miamibeachfl.gov\/fr\/city-hall\/tourism-culture\/culture-art-in-public-places\/art-week\/","title":{"rendered":"Semaine de l&#039;art"},"content":{"rendered":"<nav id=\"breadcrumbs\" aria-label=\"Fil d&#039;Ariane\"><a href=\"https:\/\/www.miamibeachfl.gov\/fr\/\">Maison<\/a> &gt; <a href=\"https:\/\/www.miamibeachfl.gov\/fr\/city-hall\/\">l&#039;h\u00f4tel de ville<\/a> &gt; <a href=\"https:\/\/www.miamibeachfl.gov\/fr\/city-hall\/tourism-culture\/\">Tourisme et culture<\/a> &gt; <a href=\"https:\/\/www.miamibeachfl.gov\/fr\/city-hall\/tourism-culture\/culture-art-in-public-places\/\">Affaires culturelles<\/a> &gt; <strong>Semaine de l&#039;art<\/strong><\/nav>\n\t\t\t\t<img decoding=\"async\" src=\"https:\/\/www.miamibeachfl.gov\/wp-content\/uploads\/2025\/11\/ArtWeek_LOGO_DeepOcean.png\" alt=\"artweek 2025 logo\" itemprop=\"image\" height=\"153\" width=\"500\" title=\"ArtWeek_LOGO_Oc\u00e9an Profond\" onerror=\"this.style.display='none'\" loading=\"lazy\" \/>\n<h2>\n\t\t\t1er \u2013 7 d\u00e9cembre 2025\t<\/h2>\n\t\t\t<a href=\"\/fr\/art-week-miami-beach\/\" target=\"_self\">\n\t\t\t\t\t\t\tVisitez d\u00e8s maintenant le site web de la Semaine de l&#039;art 2025\n\t\t\t<\/a>\n<h4>\n\t\t\tInformations sur le bureau :\t<\/h4>\n<h5>\n\t\t<a href=\"tel:3056737577\" title=\"Bureau principal : 305.673.7577\"  target=\"_blank\"  rel=\"noopener\">\n\t\t\tBureau principal : 305.673.7577\t\t<\/a>\n\t<\/h5>\n\t\t\t\t\t\t<h5> Contacts du D\u00e9partement du Tourisme et de la Culture :<\/h5>\n\t\t\t<p><strong>Lissette Garcia Arrogante<\/strong><br \/><em>Directeur<\/em><br \/><a href=\"mailto:LissetteArrogante@miamibeachfl.gov\">LissetteArrogante@miamibeachfl.gov<\/a><\/p>\n<p><strong>Francys Vallecillo<br \/><\/strong><em>Directeur adjoint<\/em><br \/><a href=\"mailto:FrancysVallecillo@miamibeachfl.gov\">FrancysVallecillo@miamibeachfl.gov<\/a><\/p>\n<p><strong>Fernando Pestana<br \/><\/strong><em>Responsable des services administratifs<\/em><br \/><a href=\"mailto:FernandoPestana@miamibeachfl.gov\">FernandoPestana@miamibeachfl.gov<\/a><br \/>Poste : 26727<\/p>\n<p><strong>Patricia Tielves<br \/><\/strong><em>Associ\u00e9 de bureau \u00e0 la r\u00e9ception<\/em><strong><br \/><\/strong><a href=\"mailto:patriciatielves@miamibeachfl.gov\">patriciatielves@miamibeachfl.gov<\/a><br \/>Poste 26596<\/p>\n<p><strong>Division des \u00e9v\u00e9nements sp\u00e9ciaux et du cin\u00e9ma<\/strong><\/p>\n<p><strong>Diana Bego<br \/><\/strong><em>Coordonnateur d&#039;\u00e9v\u00e9nements sp\u00e9ciaux<\/em><br \/><a href=\"mailto:DianaBego@miamibeachfl.gov\">DianaBego@miamibeachfl.gov<\/a><br \/>Poste : 26298<\/p>\n<p><strong>Aron Soriano<br \/><\/strong><em>Moniteur de terrain<\/em><br \/><a href=\"mailto:AronSoriano@miamibeachfl.gov\">AronSoriano@miamibeachfl.gov<\/a><br \/>Poste : 26982<\/p>\n<p><strong>Jared Balladarez<br \/><\/strong>Associ\u00e9 de bureau<br \/><a href=\"mailto:JaredBalladarez@miamibeachfl.gov\">JaredBalladarez@miamibeachfl.gov<\/a><br \/>Poste 26385<\/p>\n<p><strong>F\u00e9licit\u00e9 Astete<br \/><\/strong>Associ\u00e9 de bureau<br \/><a href=\"mailto:felicityastete@miamibeachfl.gov\">felicityastete@miamibeachfl.gov<\/a><br \/>Poste 27579<\/p>\n\t\t\t<a href=\"\/fr\/city-hall\/tourism-culture\/additional-information\/\" target=\"_blank\" rel=\"noopener\">\n\t\t\t\t\t\t\tContactez-nous\n\t\t\t\t\t<\/a>","protected":false},"excerpt":{"rendered":"<p>Accueil &gt; H\u00f4tel de Ville &gt; Tourisme et Culture &gt; Affaires Culturelles &gt; Semaine de l&#039;Art du 1er au 7 d\u00e9cembre 2025 Visitez [\u2026]<\/p>","protected":false},"author":222,"featured_media":0,"parent":326620,"menu_order":12,"comment_status":"closed","ping_status":"closed","template":"","meta":{"_searchwp_excluded":"","site-sidebar-layout":"default","site-content-layout":"","ast-site-content-layout":"default","site-content-style":"default","site-sidebar-style":"default","ast-global-header-display":"","ast-banner-title-visibility":"","ast-main-header-display":"","ast-hfb-above-header-display":"","ast-hfb-below-header-display":"","ast-hfb-mobile-header-display":"","site-post-title":"","ast-breadcrumbs-content":"","ast-featured-img":"","footer-sml-layout":"","theme-transparent-header-meta":"","adv-header-id-meta":"","stick-header-meta":"","header-above-stick-meta":"","header-main-stick-meta":"","header-below-stick-meta":"","astra-migrate-meta-layouts":"default","ast-page-background-enabled":"default","ast-page-background-meta":{"desktop":{"background-color":"var(--ast-global-color-5)","background-image":"","background-repeat":"repeat","background-position":"center center","background-size":"auto","background-attachment":"scroll","background-type":"","background-media":"","overlay-type":"","overlay-color":"","overlay-opacity":"","overlay-gradient":""},"tablet":{"background-color":"","background-image":"","background-repeat":"repeat","background-position":"center center","background-size":"auto","background-attachment":"scroll","background-type":"","background-media":"","overlay-type":"","overlay-color":"","overlay-opacity":"","overlay-gradient":""},"mobile":{"background-color":"","background-image":"","background-repeat":"repeat","background-position":"center center","background-size":"auto","background-attachment":"scroll","background-type":"","background-media":"","overlay-type":"","overlay-color":"","overlay-opacity":"","overlay-gradient":""}},"ast-content-background-meta":{"desktop":{"background-color":"var(--ast-global-color-4)","background-image":"","background-repeat":"repeat","background-position":"center center","background-size":"auto","background-attachment":"scroll","background-type":"","background-media":"","overlay-type":"","overlay-color":"","overlay-opacity":"","overlay-gradient":""},"tablet":{"background-color":"var(--ast-global-color-4)","background-image":"","background-repeat":"repeat","background-position":"center center","background-size":"auto","background-attachment":"scroll","background-type":"","background-media":"","overlay-type":"","overlay-color":"","overlay-opacity":"","overlay-gradient":""},"mobile":{"background-color":"var(--ast-global-color-4)","background-image":"","background-repeat":"repeat","background-position":"center center","background-size":"auto","background-attachment":"scroll","background-type":"","background-media":"","overlay-type":"","overlay-color":"","overlay-opacity":"","overlay-gradient":""}},"footnotes":""},"categories":[],"tags":[1657,1535],"class_list":["post-357328","page","type-page","status-publish","hentry","tag-cultural-affairs","tag-tourism-and-culture"],"yoast_head":"<!-- This site is optimized with the Yoast SEO Premium plugin v26.6 (Yoast SEO v26.6) - https:\/\/yoast.com\/wordpress\/plugins\/seo\/ -->\n<title>Art Week - City of Miami Beach<\/title>\n<meta name=\"description\" content=\"City of Miami Beach Art Week Information\" \/>\n<meta name=\"robots\" content=\"index, follow, max-snippet:-1, max-image-preview:large, max-video-preview:-1\" \/>\n<link rel=\"canonical\" href=\"https:\/\/www.miamibeachfl.gov\/fr\/city-hall\/tourism-culture\/culture-art-in-public-places\/art-week\/\" \/>\n<meta property=\"og:locale\" content=\"fr_FR\" \/>\n<meta property=\"og:type\" content=\"article\" \/>\n<meta property=\"og:title\" content=\"Art Week\" \/>\n<meta property=\"og:description\" content=\"City of Miami Beach Art Week Information\" \/>\n<meta property=\"og:url\" content=\"https:\/\/www.miamibeachfl.gov\/fr\/city-hall\/tourism-culture\/culture-art-in-public-places\/art-week\/\" \/>\n<meta property=\"og:site_name\" content=\"City of Miami Beach\" \/>\n<meta property=\"article:publisher\" content=\"https:\/\/www.facebook.com\/cityofmiamibeach\" \/>\n<meta property=\"article:modified_time\" content=\"2025-11-14T12:20:35+00:00\" \/>\n<meta property=\"og:image\" content=\"https:\/\/www.miamibeachfl.gov\/wp-content\/uploads\/2025\/11\/ArtWeek_LOGO_DeepOcean.png\" \/>\n<meta name=\"twitter:card\" content=\"summary_large_image\" \/>\n<meta name=\"twitter:site\" content=\"@Miamibeachnews\" \/>\n<script type=\"application\/ld+json\" class=\"yoast-schema-graph\">{\"@context\":\"https:\/\/schema.org\",\"@graph\":[{\"@type\":\"WebPage\",\"@id\":\"https:\/\/www.miamibeachfl.gov\/city-hall\/tourism-culture\/culture-art-in-public-places\/art-week\/\",\"url\":\"https:\/\/www.miamibeachfl.gov\/city-hall\/tourism-culture\/culture-art-in-public-places\/art-week\/\",\"name\":\"Art Week - City of Miami Beach\",\"isPartOf\":{\"@id\":\"https:\/\/www.miamibeachfl.gov\/#website\"},\"primaryImageOfPage\":{\"@id\":\"https:\/\/www.miamibeachfl.gov\/city-hall\/tourism-culture\/culture-art-in-public-places\/art-week\/#primaryimage\"},\"image\":{\"@id\":\"https:\/\/www.miamibeachfl.gov\/city-hall\/tourism-culture\/culture-art-in-public-places\/art-week\/#primaryimage\"},\"thumbnailUrl\":\"https:\/\/www.miamibeachfl.gov\/wp-content\/uploads\/2025\/11\/ArtWeek_LOGO_DeepOcean.png\",\"datePublished\":\"2024-12-20T16:35:27+00:00\",\"dateModified\":\"2025-11-14T12:20:35+00:00\",\"description\":\"City of Miami Beach Art Week Information\",\"breadcrumb\":{\"@id\":\"https:\/\/www.miamibeachfl.gov\/city-hall\/tourism-culture\/culture-art-in-public-places\/art-week\/#breadcrumb\"},\"inLanguage\":\"fr-FR\",\"potentialAction\":[{\"@type\":\"ReadAction\",\"target\":[\"https:\/\/www.miamibeachfl.gov\/city-hall\/tourism-culture\/culture-art-in-public-places\/art-week\/\"]}]},{\"@type\":\"ImageObject\",\"inLanguage\":\"fr-FR\",\"@id\":\"https:\/\/www.miamibeachfl.gov\/city-hall\/tourism-culture\/culture-art-in-public-places\/art-week\/#primaryimage\",\"url\":\"https:\/\/www.miamibeachfl.gov\/wp-content\/uploads\/2025\/11\/ArtWeek_LOGO_DeepOcean.png\",\"contentUrl\":\"https:\/\/www.miamibeachfl.gov\/wp-content\/uploads\/2025\/11\/ArtWeek_LOGO_DeepOcean.png\"},{\"@type\":\"BreadcrumbList\",\"@id\":\"https:\/\/www.miamibeachfl.gov\/city-hall\/tourism-culture\/culture-art-in-public-places\/art-week\/#breadcrumb\",\"itemListElement\":[{\"@type\":\"ListItem\",\"position\":1,\"name\":\"Home\",\"item\":\"https:\/\/www.miamibeachfl.gov\/\"},{\"@type\":\"ListItem\",\"position\":2,\"name\":\"City Hall\",\"item\":\"https:\/\/www.miamibeachfl.gov\/city-hall\/\"},{\"@type\":\"ListItem\",\"position\":3,\"name\":\"Tourism &#038; Culture\",\"item\":\"https:\/\/www.miamibeachfl.gov\/city-hall\/tourism-culture\/\"},{\"@type\":\"ListItem\",\"position\":4,\"name\":\"Cultural Affairs\",\"item\":\"https:\/\/www.miamibeachfl.gov\/city-hall\/tourism-culture\/culture-art-in-public-places\/\"},{\"@type\":\"ListItem\",\"position\":5,\"name\":\"Art Week\"}]},{\"@type\":\"WebSite\",\"@id\":\"https:\/\/www.miamibeachfl.gov\/#website\",\"url\":\"https:\/\/www.miamibeachfl.gov\/\",\"name\":\"City of Miami Beach\",\"description\":\"The official website of the City of Miami Beach. Stay informed, find important information on city services, news, alerts, events, trolley routes, government employment and more.\",\"publisher\":{\"@id\":\"https:\/\/www.miamibeachfl.gov\/#organization\"},\"potentialAction\":[{\"@type\":\"SearchAction\",\"target\":{\"@type\":\"EntryPoint\",\"urlTemplate\":\"https:\/\/www.miamibeachfl.gov\/?s={search_term_string}\"},\"query-input\":{\"@type\":\"PropertyValueSpecification\",\"valueRequired\":true,\"valueName\":\"search_term_string\"}}],\"inLanguage\":\"fr-FR\"},{\"@type\":\"Organization\",\"@id\":\"https:\/\/www.miamibeachfl.gov\/#organization\",\"name\":\"City of Miami Beach\",\"url\":\"https:\/\/www.miamibeachfl.gov\/\",\"logo\":{\"@type\":\"ImageObject\",\"inLanguage\":\"fr-FR\",\"@id\":\"https:\/\/www.miamibeachfl.gov\/#\/schema\/logo\/image\/\",\"url\":\"https:\/\/www.miamibeachfl.gov\/wp-content\/uploads\/2022\/06\/miamibeach-logoblue.png\",\"contentUrl\":\"https:\/\/www.miamibeachfl.gov\/wp-content\/uploads\/2022\/06\/miamibeach-logoblue.png\",\"width\":1962,\"height\":381,\"caption\":\"City of Miami Beach\"},\"image\":{\"@id\":\"https:\/\/www.miamibeachfl.gov\/#\/schema\/logo\/image\/\"},\"sameAs\":[\"https:\/\/www.facebook.com\/cityofmiamibeach\",\"https:\/\/x.com\/Miamibeachnews\",\"https:\/\/www.instagram.com\/miamibeachnews\/\"],\"description\":\"The official website of the City of Miami Beach. Stay informed, find important information on city services, news, alerts, events, trolley routes, government employment and more.\",\"telephone\":\"305.604.CITY(2489)\",\"legalName\":\"City of Miami Beach\"}]}<\/script>\n<!-- \/ Yoast SEO Premium plugin. -->","yoast_head_json":{"title":"Semaine de l&#039;art - Ville de Miami Beach","description":"Informations sur la Semaine de l&#039;art de la ville de Miami Beach","robots":{"index":"index","follow":"follow","max-snippet":"max-snippet:-1","max-image-preview":"max-image-preview:large","max-video-preview":"max-video-preview:-1"},"canonical":"https:\/\/www.miamibeachfl.gov\/fr\/city-hall\/tourism-culture\/culture-art-in-public-places\/art-week\/","og_locale":"fr_FR","og_type":"article","og_title":"Art Week","og_description":"City of Miami Beach Art Week Information","og_url":"https:\/\/www.miamibeachfl.gov\/fr\/city-hall\/tourism-culture\/culture-art-in-public-places\/art-week\/","og_site_name":"City of Miami Beach","article_publisher":"https:\/\/www.facebook.com\/cityofmiamibeach","article_modified_time":"2025-11-14T12:20:35+00:00","og_image":[{"url":"https:\/\/www.miamibeachfl.gov\/wp-content\/uploads\/2025\/11\/ArtWeek_LOGO_DeepOcean.png","type":"","width":"","height":""}],"twitter_card":"summary_large_image","twitter_site":"@Miamibeachnews","schema":{"@context":"https:\/\/schema.org","@graph":[{"@type":"WebPage","@id":"https:\/\/www.miamibeachfl.gov\/city-hall\/tourism-culture\/culture-art-in-public-places\/art-week\/","url":"https:\/\/www.miamibeachfl.gov\/city-hall\/tourism-culture\/culture-art-in-public-places\/art-week\/","name":"Semaine de l&#039;art - Ville de Miami Beach","isPartOf":{"@id":"https:\/\/www.miamibeachfl.gov\/#website"},"primaryImageOfPage":{"@id":"https:\/\/www.miamibeachfl.gov\/city-hall\/tourism-culture\/culture-art-in-public-places\/art-week\/#primaryimage"},"image":{"@id":"https:\/\/www.miamibeachfl.gov\/city-hall\/tourism-culture\/culture-art-in-public-places\/art-week\/#primaryimage"},"thumbnailUrl":"https:\/\/www.miamibeachfl.gov\/wp-content\/uploads\/2025\/11\/ArtWeek_LOGO_DeepOcean.png","datePublished":"2024-12-20T16:35:27+00:00","dateModified":"2025-11-14T12:20:35+00:00","description":"Informations sur la Semaine de l&#039;art de la ville de Miami Beach","breadcrumb":{"@id":"https:\/\/www.miamibeachfl.gov\/city-hall\/tourism-culture\/culture-art-in-public-places\/art-week\/#breadcrumb"},"inLanguage":"fr-FR","potentialAction":[{"@type":"ReadAction","target":["https:\/\/www.miamibeachfl.gov\/city-hall\/tourism-culture\/culture-art-in-public-places\/art-week\/"]}]},{"@type":"ImageObject","inLanguage":"fr-FR","@id":"https:\/\/www.miamibeachfl.gov\/city-hall\/tourism-culture\/culture-art-in-public-places\/art-week\/#primaryimage","url":"https:\/\/www.miamibeachfl.gov\/wp-content\/uploads\/2025\/11\/ArtWeek_LOGO_DeepOcean.png","contentUrl":"https:\/\/www.miamibeachfl.gov\/wp-content\/uploads\/2025\/11\/ArtWeek_LOGO_DeepOcean.png"},{"@type":"BreadcrumbList","@id":"https:\/\/www.miamibeachfl.gov\/city-hall\/tourism-culture\/culture-art-in-public-places\/art-week\/#breadcrumb","itemListElement":[{"@type":"ListItem","position":1,"name":"Home","item":"https:\/\/www.miamibeachfl.gov\/"},{"@type":"ListItem","position":2,"name":"City Hall","item":"https:\/\/www.miamibeachfl.gov\/city-hall\/"},{"@type":"ListItem","position":3,"name":"Tourism &#038; Culture","item":"https:\/\/www.miamibeachfl.gov\/city-hall\/tourism-culture\/"},{"@type":"ListItem","position":4,"name":"Cultural Affairs","item":"https:\/\/www.miamibeachfl.gov\/city-hall\/tourism-culture\/culture-art-in-public-places\/"},{"@type":"ListItem","position":5,"name":"Art Week"}]},{"@type":"WebSite","@id":"https:\/\/www.miamibeachfl.gov\/#website","url":"https:\/\/www.miamibeachfl.gov\/","name":"Ville de Miami Beach","description":"Site officiel de la ville de Miami Beach. Restez inform\u00e9 et trouvez des informations importantes sur les services municipaux, les actualit\u00e9s, les alertes, les \u00e9v\u00e9nements, les itin\u00e9raires de tramway, les emplois gouvernementaux et bien plus encore.","publisher":{"@id":"https:\/\/www.miamibeachfl.gov\/#organization"},"potentialAction":[{"@type":"SearchAction","target":{"@type":"EntryPoint","urlTemplate":"https:\/\/www.miamibeachfl.gov\/?s={search_term_string}"},"query-input":{"@type":"PropertyValueSpecification","valueRequired":true,"valueName":"search_term_string"}}],"inLanguage":"fr-FR"},{"@type":"Organization","@id":"https:\/\/www.miamibeachfl.gov\/#organization","name":"Ville de Miami Beach","url":"https:\/\/www.miamibeachfl.gov\/","logo":{"@type":"ImageObject","inLanguage":"fr-FR","@id":"https:\/\/www.miamibeachfl.gov\/#\/schema\/logo\/image\/","url":"https:\/\/www.miamibeachfl.gov\/wp-content\/uploads\/2022\/06\/miamibeach-logoblue.png","contentUrl":"https:\/\/www.miamibeachfl.gov\/wp-content\/uploads\/2022\/06\/miamibeach-logoblue.png","width":1962,"height":381,"caption":"City of Miami Beach"},"image":{"@id":"https:\/\/www.miamibeachfl.gov\/#\/schema\/logo\/image\/"},"sameAs":["https:\/\/www.facebook.com\/cityofmiamibeach","https:\/\/x.com\/Miamibeachnews","https:\/\/www.instagram.com\/miamibeachnews\/"],"description":"Site officiel de la ville de Miami Beach. Restez inform\u00e9 et trouvez des informations importantes sur les services municipaux, les actualit\u00e9s, les alertes, les \u00e9v\u00e9nements, les itin\u00e9raires de tramway, les emplois gouvernementaux et bien plus encore.","telephone":"305.604.CITY(2489)","legalName":"City of Miami Beach"}]}},"_links":{"self":[{"href":"https:\/\/www.miamibeachfl.gov\/fr\/wp-json\/wp\/v2\/pages\/357328","targetHints":{"allow":["GET"]}}],"collection":[{"href":"https:\/\/www.miamibeachfl.gov\/fr\/wp-json\/wp\/v2\/pages"}],"about":[{"href":"https:\/\/www.miamibeachfl.gov\/fr\/wp-json\/wp\/v2\/types\/page"}],"author":[{"embeddable":true,"href":"https:\/\/www.miamibeachfl.gov\/fr\/wp-json\/wp\/v2\/users\/222"}],"replies":[{"embeddable":true,"href":"https:\/\/www.miamibeachfl.gov\/fr\/wp-json\/wp\/v2\/comments?post=357328"}],"version-history":[{"count":0,"href":"https:\/\/www.miamibeachfl.gov\/fr\/wp-json\/wp\/v2\/pages\/357328\/revisions"}],"up":[{"embeddable":true,"href":"https:\/\/www.miamibeachfl.gov\/fr\/wp-json\/wp\/v2\/pages\/326620"}],"wp:attachment":[{"href":"https:\/\/www.miamibeachfl.gov\/fr\/wp-json\/wp\/v2\/media?parent=357328"}],"wp:term":[{"taxonomy":"category","embeddable":true,"href":"https:\/\/www.miamibeachfl.gov\/fr\/wp-json\/wp\/v2\/categories?post=357328"},{"taxonomy":"post_tag","embeddable":true,"href":"https:\/\/www.miamibeachfl.gov\/fr\/wp-json\/wp\/v2\/tags?post=357328"}],"curies":[{"name":"wp","href":"https:\/\/api.w.org\/{rel}","templated":true}]}}