{"id":360090,"date":"2025-01-21T16:23:23","date_gmt":"2025-01-21T21:23:23","guid":{"rendered":"https:\/\/www.miamibeachfl.gov\/?page_id=360090"},"modified":"2026-02-26T13:38:10","modified_gmt":"2026-02-26T18:38:10","slug":"policeenforcement","status":"publish","type":"page","link":"https:\/\/www.miamibeachfl.gov\/fr\/breakasweat\/policeenforcement\/","title":{"rendered":"Application de la loi par la police de Miami Beach"},"content":{"rendered":"<img decoding=\"async\" src=\"https:\/\/www.miamibeachfl.gov\/wp-content\/uploads\/2026\/01\/breakimtoasweat.png\" alt=\"this spring break into a sweat\" itemprop=\"image\" height=\"191\" width=\"571\" title=\"rupture en sueur\" onerror=\"this.style.display='none'\" loading=\"lazy\" \/>\n<h1>\n\t\t\tBienvenue dans la capitale de la sant\u00e9 et du bien-\u00eatre\t<\/h1>\n<h2>\n\t\t\tApplication de la loi par la police\t<\/h2>\n\t\t\t<button tabindex=\"0\" aria-label=\"R\u00e8gles et r\u00e8glements Menu\" aria-expanded=\"false\">\n\t\t\t\tR\u00e8gles et r\u00e8glements Menu\t\t\t<\/button>\n\t<nav aria-label=\"Menu des r\u00e8gles et r\u00e8glements\" itemscope=\"itemscope\" itemtype=\"https:\/\/schema.org\/SiteNavigationElement\">\n\t\t<ul id=\"menu-spring-break-menu\"><li id=\"menu-item-359613\"><a href=\"\/fr\/breakasweat\/policeenforcement\/\">Application de la loi par la police<\/a><\/li><li id=\"menu-item-359614\"><a href=\"\/fr\/breakasweat\/parking-restrictions-and-towing\/\">Stationnement, navettes et remorquage<\/a><\/li><li id=\"menu-item-359615\"><a href=\"\/fr\/breakasweat\/road-closures\/\">Fermetures de routes<\/a><\/li><li id=\"menu-item-359616\"><a href=\"\/fr\/breakasweat\/beach-rules\/\">R\u00e8gles de la plage<\/a><\/li><li id=\"menu-item-359617\"><a href=\"\/fr\/breakasweat\/beverage-restrictions\/\">Restrictions relatives aux boissons<\/a><\/li><\/ul>\t<\/nav>\n\t<nav id=\"breadcrumbs\" aria-label=\"Fil d&#039;Ariane\"><a href=\"https:\/\/www.miamibeachfl.gov\/fr\/\">Maison<\/a> &gt; <a href=\"https:\/\/www.miamibeachfl.gov\/fr\/breakasweat\/\">Transpirez ! \u2013 Remise en forme printani\u00e8re<\/a> &gt; <strong>Application de la loi par la police de Miami Beach<\/strong><\/nav>\n\t\t\t\t<a href=\"https:\/\/www.miamibeachfl.gov\/wp-content\/uploads\/2025\/01\/SpringBreak_160324_DC2_1143-policeroad.jpg\"  target=\"_self\" itemprop=\"url\">\n\t\t\t\t<img decoding=\"async\" src=\"https:\/\/www.miamibeachfl.gov\/wp-content\/uploads\/2025\/01\/SpringBreak_160324_DC2_1143-policeroad.jpg\" alt=\"Police road closure\" itemprop=\"image\" height=\"500\" width=\"500\" title=\"SpringBreak_160324_DC2_1143-policeroad\" onerror=\"this.style.display='none'\" loading=\"lazy\" \/>\n\t\t\t\t<\/a>\n\t<h3><strong>Points de contr\u00f4le de s\u00e9curit\u00e9<\/strong><\/h3>\n<p>Les acc\u00e8s \u00e0 la plage sur Ocean Drive seront limit\u00e9s aux rues 5, 7, 8, 10, 12 et 14 et auront <strong>points de contr\u00f4le de s\u00e9curit\u00e9 <\/strong>Afin d&#039;\u00e9viter l&#039;introduction d&#039;objets interdits sur la plage, notamment glaci\u00e8res, contenants en verre, structures gonflables, tentes, tables et objets similaires, la diffusion de musique amplifi\u00e9e sans autorisation municipale sera restreinte. Pour rappel, il est strictement interdit de consommer de l&#039;alcool et de fumer sur les plages municipales.<\/p>\n<hr \/>\n<h3><strong>Lecteur de plaques d&#039;immatriculation (LPR)<\/strong><\/h3>\n<p>Le d\u00e9partement de police de Miami Beach mettra en \u0153uvre une <strong>D\u00e9tail du lecteur de plaques d&#039;immatriculation (LPR)<\/strong> <strong>sur le<\/strong> <strong>voies en direction est des chauss\u00e9es MacArthur et Julia Tuttle<\/strong> <strong>du 13 au 15 mars et du 20 au 22 mars \u00e0 partir de 22h (l&#039;installation commen\u00e7ant \u00e0 21h). <\/strong>Les automobilistes doivent s&#039;attendre \u00e0 d&#039;importantes perturbations et \u00e0 des retards de circulation, car le nombre de voies en direction est sera r\u00e9duit sur les chauss\u00e9es MacArthur et Julia Tuttle. Le service de police de Myrtle Beach (MBPD) d\u00e9ploiera \u00e9galement un dispositif de lecture automatique des plaques d&#039;immatriculation le long de la 5e Rue du 6 au 8 mars \u00e0 partir de 22 h (installation \u00e0 partir de 21 h).<\/p>\n<p>Les lecteurs de plaques d\u2019immatriculation ont toujours jou\u00e9 un r\u00f4le d\u00e9terminant dans l\u2019identification des d\u00e9linquants graves et violents ainsi que dans la r\u00e9cup\u00e9ration des v\u00e9hicules vol\u00e9s.<\/p>\n<hr \/>\n<h3><strong>Plan de circulation<\/strong><\/h3>\n<p>Le d\u00e9partement de police de Miami Beach (MBPD) mettra en \u0153uvre un<strong> plan de circulation <\/strong>Du jeudi au dimanche, \u00e0 partir de 18h, des mesures seront mises en place pour fluidifier la circulation dans les quartiers de South of Fifth (SoFi) et de Flamingo Park. Les automobilistes pourront acc\u00e9der au quartier de SoFi par Alton Road, Washington Avenue et Collins Avenue. Le quartier de Flamingo Park sera accessible par Alton Road ou par son c\u00f4t\u00e9 nord. Des restrictions de circulation locales seront appliqu\u00e9es sur certaines rues de la ville afin de limiter le trafic et d&#039;am\u00e9liorer la mobilit\u00e9 des r\u00e9sidents et des clients des commerces.<\/p>\n<hr \/>\n<h3><strong>Autres mesures<\/strong><\/h3>\n<p><strong>application de la loi sur la conduite en \u00e9tat d&#039;ivresse <\/strong>se d\u00e9rouleront les 13 et 14 mars et les 20 et 21 mars.<\/p>\n<p><strong>Entreprises louant ou louant \u00e0 bail<\/strong> <strong>voiturettes de golf, v\u00e9hicules \u00e0 basse vitesse, autocycles (c&#039;est-\u00e0-dire lance-pierres), scooters motoris\u00e9s, cyclomoteurs,<\/strong> motocyclettes propuls\u00e9es par des moteurs de 50 centim\u00e8tres cubes ou moins et bicyclettes motoris\u00e9es <strong>sera suspendu de ses activit\u00e9s<\/strong>.<\/p>\n<p>Le MBPD sera compl\u00e9t\u00e9 par le D\u00e9partement de l&#039;application de la loi de Floride, la Florida Highway Patrol, le bureau du sh\u00e9rif de Miami-Dade et d&#039;autres agences municipales d&#039;application de la loi.\u00a0<\/p>\n<p><strong>Le MBPD est \u00e9galement pr\u00eat \u00e0 mettre en place des zones \u00e9v\u00e9nementielles sp\u00e9ciales.<\/strong> Conform\u00e9ment \u00e0 l&#039;article 316.1891 du Code de la route de Floride, et sous certaines conditions, des zones sp\u00e9cifiques peuvent \u00eatre mises en place. Ces zones visent les activit\u00e9s ou \u00e9v\u00e9nements temporaires non autoris\u00e9s rassemblant 50 personnes ou plus et perturbant la circulation. Dans ces zones, la ville est habilit\u00e9e \u00e0 appliquer des amendes doubl\u00e9es pour les infractions au code de la route et peut immobiliser les v\u00e9hicules en cas d&#039;infraction. De plus, les forces de l&#039;ordre peuvent temporairement faire respecter les limites de capacit\u00e9 dans ces zones, les frais occasionn\u00e9s pouvant \u00eatre recouvr\u00e9s aupr\u00e8s des organisateurs.<\/p>","protected":false},"excerpt":{"rendered":"<p>Welcome to the Health &#038; Wellness Capital Police Enforcement Rules and Regulations Menu Police Enforcement Parking, Shuttles &#038; Towing Road [&hellip;]<\/p>\n","protected":false},"author":222,"featured_media":0,"parent":395613,"menu_order":0,"comment_status":"closed","ping_status":"closed","template":"","meta":{"_searchwp_excluded":"","site-sidebar-layout":"default","site-content-layout":"","ast-site-content-layout":"default","site-content-style":"default","site-sidebar-style":"default","ast-global-header-display":"","ast-banner-title-visibility":"","ast-main-header-display":"","ast-hfb-above-header-display":"","ast-hfb-below-header-display":"","ast-hfb-mobile-header-display":"","site-post-title":"","ast-breadcrumbs-content":"","ast-featured-img":"","footer-sml-layout":"","theme-transparent-header-meta":"","adv-header-id-meta":"","stick-header-meta":"","header-above-stick-meta":"","header-main-stick-meta":"","header-below-stick-meta":"","astra-migrate-meta-layouts":"default","ast-page-background-enabled":"default","ast-page-background-meta":{"desktop":{"background-color":"var(--ast-global-color-5)","background-image":"","background-repeat":"repeat","background-position":"center center","background-size":"auto","background-attachment":"scroll","background-type":"","background-media":"","overlay-type":"","overlay-color":"","overlay-opacity":"","overlay-gradient":""},"tablet":{"background-color":"","background-image":"","background-repeat":"repeat","background-position":"center center","background-size":"auto","background-attachment":"scroll","background-type":"","background-media":"","overlay-type":"","overlay-color":"","overlay-opacity":"","overlay-gradient":""},"mobile":{"background-color":"","background-image":"","background-repeat":"repeat","background-position":"center center","background-size":"auto","background-attachment":"scroll","background-type":"","background-media":"","overlay-type":"","overlay-color":"","overlay-opacity":"","overlay-gradient":""}},"ast-content-background-meta":{"desktop":{"background-color":"var(--ast-global-color-4)","background-image":"","background-repeat":"repeat","background-position":"center center","background-size":"auto","background-attachment":"scroll","background-type":"","background-media":"","overlay-type":"","overlay-color":"","overlay-opacity":"","overlay-gradient":""},"tablet":{"background-color":"var(--ast-global-color-4)","background-image":"","background-repeat":"repeat","background-position":"center center","background-size":"auto","background-attachment":"scroll","background-type":"","background-media":"","overlay-type":"","overlay-color":"","overlay-opacity":"","overlay-gradient":""},"mobile":{"background-color":"var(--ast-global-color-4)","background-image":"","background-repeat":"repeat","background-position":"center center","background-size":"auto","background-attachment":"scroll","background-type":"","background-media":"","overlay-type":"","overlay-color":"","overlay-opacity":"","overlay-gradient":""}},"footnotes":""},"categories":[],"tags":[],"class_list":["post-360090","page","type-page","status-publish","hentry"],"yoast_head":"<!-- This site is optimized with the Yoast SEO Premium plugin v27.4 (Yoast SEO v27.4) - https:\/\/yoast.com\/product\/yoast-seo-premium-wordpress\/ -->\n<title>Miami Beach Police Enforcement - City of Miami Beach<\/title>\n<meta name=\"description\" content=\"This March, Miami Beach will be heavily enforcing additional rules and restrictions to keep both residents and visitors safe.\" \/>\n<meta name=\"robots\" content=\"index, follow, max-snippet:-1, max-image-preview:large, max-video-preview:-1\" \/>\n<link rel=\"canonical\" href=\"https:\/\/www.miamibeachfl.gov\/fr\/breakasweat\/policeenforcement\/\" \/>\n<meta property=\"og:locale\" content=\"fr_FR\" \/>\n<meta property=\"og:type\" content=\"article\" \/>\n<meta property=\"og:title\" content=\"Miami Beach Police Enforcement\" \/>\n<meta property=\"og:description\" content=\"This March, Miami Beach will be heavily enforcing additional rules and restrictions to keep both residents and visitors safe.\" \/>\n<meta property=\"og:url\" content=\"https:\/\/www.miamibeachfl.gov\/fr\/breakasweat\/policeenforcement\/\" \/>\n<meta property=\"og:site_name\" content=\"City of Miami Beach\" \/>\n<meta property=\"article:publisher\" content=\"https:\/\/www.facebook.com\/cityofmiamibeach\" \/>\n<meta property=\"article:modified_time\" content=\"2026-02-26T18:38:10+00:00\" \/>\n<meta property=\"og:image\" content=\"https:\/\/www.miamibeachfl.gov\/wp-content\/uploads\/2026\/01\/breakimtoasweat.png\" \/>\n<meta name=\"twitter:card\" content=\"summary_large_image\" \/>\n<meta name=\"twitter:site\" content=\"@Miamibeachnews\" \/>\n<script type=\"application\/ld+json\" class=\"yoast-schema-graph\">{\"@context\":\"https:\\\/\\\/schema.org\",\"@graph\":[{\"@type\":\"WebPage\",\"@id\":\"https:\\\/\\\/www.miamibeachfl.gov\\\/breakasweat\\\/policeenforcement\\\/\",\"url\":\"https:\\\/\\\/www.miamibeachfl.gov\\\/breakasweat\\\/policeenforcement\\\/\",\"name\":\"Miami Beach Police Enforcement - City of Miami Beach\",\"isPartOf\":{\"@id\":\"https:\\\/\\\/www.miamibeachfl.gov\\\/#website\"},\"primaryImageOfPage\":{\"@id\":\"https:\\\/\\\/www.miamibeachfl.gov\\\/breakasweat\\\/policeenforcement\\\/#primaryimage\"},\"image\":{\"@id\":\"https:\\\/\\\/www.miamibeachfl.gov\\\/breakasweat\\\/policeenforcement\\\/#primaryimage\"},\"thumbnailUrl\":\"https:\\\/\\\/www.miamibeachfl.gov\\\/wp-content\\\/uploads\\\/2026\\\/01\\\/breakimtoasweat.png\",\"datePublished\":\"2025-01-21T21:23:23+00:00\",\"dateModified\":\"2026-02-26T18:38:10+00:00\",\"description\":\"This March, Miami Beach will be heavily enforcing additional rules and restrictions to keep both residents and visitors safe.\",\"breadcrumb\":{\"@id\":\"https:\\\/\\\/www.miamibeachfl.gov\\\/breakasweat\\\/policeenforcement\\\/#breadcrumb\"},\"inLanguage\":\"fr-FR\",\"potentialAction\":[{\"@type\":\"ReadAction\",\"target\":[\"https:\\\/\\\/www.miamibeachfl.gov\\\/breakasweat\\\/policeenforcement\\\/\"]}]},{\"@type\":\"ImageObject\",\"inLanguage\":\"fr-FR\",\"@id\":\"https:\\\/\\\/www.miamibeachfl.gov\\\/breakasweat\\\/policeenforcement\\\/#primaryimage\",\"url\":\"https:\\\/\\\/www.miamibeachfl.gov\\\/wp-content\\\/uploads\\\/2026\\\/01\\\/breakimtoasweat.png\",\"contentUrl\":\"https:\\\/\\\/www.miamibeachfl.gov\\\/wp-content\\\/uploads\\\/2026\\\/01\\\/breakimtoasweat.png\"},{\"@type\":\"BreadcrumbList\",\"@id\":\"https:\\\/\\\/www.miamibeachfl.gov\\\/breakasweat\\\/policeenforcement\\\/#breadcrumb\",\"itemListElement\":[{\"@type\":\"ListItem\",\"position\":1,\"name\":\"Home\",\"item\":\"https:\\\/\\\/www.miamibeachfl.gov\\\/\"},{\"@type\":\"ListItem\",\"position\":2,\"name\":\"Break a Sweat &#8211; Spring Fitness\",\"item\":\"https:\\\/\\\/www.miamibeachfl.gov\\\/breakasweat\\\/\"},{\"@type\":\"ListItem\",\"position\":3,\"name\":\"Miami Beach Police Enforcement\"}]},{\"@type\":\"WebSite\",\"@id\":\"https:\\\/\\\/www.miamibeachfl.gov\\\/#website\",\"url\":\"https:\\\/\\\/www.miamibeachfl.gov\\\/\",\"name\":\"City of Miami Beach\",\"description\":\"The official website of the City of Miami Beach. Stay informed, find important information on city services, news, alerts, events, trolley routes, government employment and more.\",\"publisher\":{\"@id\":\"https:\\\/\\\/www.miamibeachfl.gov\\\/#organization\"},\"potentialAction\":[{\"@type\":\"SearchAction\",\"target\":{\"@type\":\"EntryPoint\",\"urlTemplate\":\"https:\\\/\\\/www.miamibeachfl.gov\\\/?s={search_term_string}\"},\"query-input\":{\"@type\":\"PropertyValueSpecification\",\"valueRequired\":true,\"valueName\":\"search_term_string\"}}],\"inLanguage\":\"fr-FR\"},{\"@type\":\"Organization\",\"@id\":\"https:\\\/\\\/www.miamibeachfl.gov\\\/#organization\",\"name\":\"City of Miami Beach\",\"url\":\"https:\\\/\\\/www.miamibeachfl.gov\\\/\",\"logo\":{\"@type\":\"ImageObject\",\"inLanguage\":\"fr-FR\",\"@id\":\"https:\\\/\\\/www.miamibeachfl.gov\\\/#\\\/schema\\\/logo\\\/image\\\/\",\"url\":\"https:\\\/\\\/www.miamibeachfl.gov\\\/wp-content\\\/uploads\\\/2022\\\/06\\\/miamibeach-logoblue.png\",\"contentUrl\":\"https:\\\/\\\/www.miamibeachfl.gov\\\/wp-content\\\/uploads\\\/2022\\\/06\\\/miamibeach-logoblue.png\",\"width\":1962,\"height\":381,\"caption\":\"City of Miami Beach\"},\"image\":{\"@id\":\"https:\\\/\\\/www.miamibeachfl.gov\\\/#\\\/schema\\\/logo\\\/image\\\/\"},\"sameAs\":[\"https:\\\/\\\/www.facebook.com\\\/cityofmiamibeach\",\"https:\\\/\\\/x.com\\\/Miamibeachnews\",\"https:\\\/\\\/www.instagram.com\\\/miamibeachnews\\\/\"],\"description\":\"The official website of the City of Miami Beach. Stay informed, find important information on city services, news, alerts, events, trolley routes, government employment and more.\",\"telephone\":\"305.604.CITY(2489)\",\"legalName\":\"City of Miami Beach\"}]}<\/script>\n<!-- \/ Yoast SEO Premium plugin. -->","yoast_head_json":{"title":"Service de police de Miami Beach - Ville de Miami Beach","description":"En mars prochain, Miami Beach appliquera des r\u00e8gles et des restrictions suppl\u00e9mentaires pour assurer la s\u00e9curit\u00e9 des r\u00e9sidents et des visiteurs.","robots":{"index":"index","follow":"follow","max-snippet":"max-snippet:-1","max-image-preview":"max-image-preview:large","max-video-preview":"max-video-preview:-1"},"canonical":"https:\/\/www.miamibeachfl.gov\/fr\/breakasweat\/policeenforcement\/","og_locale":"fr_FR","og_type":"article","og_title":"Miami Beach Police Enforcement","og_description":"This March, Miami Beach will be heavily enforcing additional rules and restrictions to keep both residents and visitors safe.","og_url":"https:\/\/www.miamibeachfl.gov\/fr\/breakasweat\/policeenforcement\/","og_site_name":"City of Miami Beach","article_publisher":"https:\/\/www.facebook.com\/cityofmiamibeach","article_modified_time":"2026-02-26T18:38:10+00:00","og_image":[{"url":"https:\/\/www.miamibeachfl.gov\/wp-content\/uploads\/2026\/01\/breakimtoasweat.png","type":"","width":"","height":""}],"twitter_card":"summary_large_image","twitter_site":"@Miamibeachnews","schema":{"@context":"https:\/\/schema.org","@graph":[{"@type":"WebPage","@id":"https:\/\/www.miamibeachfl.gov\/breakasweat\/policeenforcement\/","url":"https:\/\/www.miamibeachfl.gov\/breakasweat\/policeenforcement\/","name":"Service de police de Miami Beach - Ville de Miami Beach","isPartOf":{"@id":"https:\/\/www.miamibeachfl.gov\/#website"},"primaryImageOfPage":{"@id":"https:\/\/www.miamibeachfl.gov\/breakasweat\/policeenforcement\/#primaryimage"},"image":{"@id":"https:\/\/www.miamibeachfl.gov\/breakasweat\/policeenforcement\/#primaryimage"},"thumbnailUrl":"https:\/\/www.miamibeachfl.gov\/wp-content\/uploads\/2026\/01\/breakimtoasweat.png","datePublished":"2025-01-21T21:23:23+00:00","dateModified":"2026-02-26T18:38:10+00:00","description":"En mars prochain, Miami Beach appliquera des r\u00e8gles et des restrictions suppl\u00e9mentaires pour assurer la s\u00e9curit\u00e9 des r\u00e9sidents et des visiteurs.","breadcrumb":{"@id":"https:\/\/www.miamibeachfl.gov\/breakasweat\/policeenforcement\/#breadcrumb"},"inLanguage":"fr-FR","potentialAction":[{"@type":"ReadAction","target":["https:\/\/www.miamibeachfl.gov\/breakasweat\/policeenforcement\/"]}]},{"@type":"ImageObject","inLanguage":"fr-FR","@id":"https:\/\/www.miamibeachfl.gov\/breakasweat\/policeenforcement\/#primaryimage","url":"https:\/\/www.miamibeachfl.gov\/wp-content\/uploads\/2026\/01\/breakimtoasweat.png","contentUrl":"https:\/\/www.miamibeachfl.gov\/wp-content\/uploads\/2026\/01\/breakimtoasweat.png"},{"@type":"BreadcrumbList","@id":"https:\/\/www.miamibeachfl.gov\/breakasweat\/policeenforcement\/#breadcrumb","itemListElement":[{"@type":"ListItem","position":1,"name":"Home","item":"https:\/\/www.miamibeachfl.gov\/"},{"@type":"ListItem","position":2,"name":"Break a Sweat &#8211; Spring Fitness","item":"https:\/\/www.miamibeachfl.gov\/breakasweat\/"},{"@type":"ListItem","position":3,"name":"Miami Beach Police Enforcement"}]},{"@type":"WebSite","@id":"https:\/\/www.miamibeachfl.gov\/#website","url":"https:\/\/www.miamibeachfl.gov\/","name":"Ville de Miami Beach","description":"Site officiel de la ville de Miami Beach. Restez inform\u00e9 et trouvez des informations importantes sur les services municipaux, les actualit\u00e9s, les alertes, les \u00e9v\u00e9nements, les itin\u00e9raires de tramway, les emplois gouvernementaux et bien plus encore.","publisher":{"@id":"https:\/\/www.miamibeachfl.gov\/#organization"},"potentialAction":[{"@type":"SearchAction","target":{"@type":"EntryPoint","urlTemplate":"https:\/\/www.miamibeachfl.gov\/?s={search_term_string}"},"query-input":{"@type":"PropertyValueSpecification","valueRequired":true,"valueName":"search_term_string"}}],"inLanguage":"fr-FR"},{"@type":"Organization","@id":"https:\/\/www.miamibeachfl.gov\/#organization","name":"Ville de Miami Beach","url":"https:\/\/www.miamibeachfl.gov\/","logo":{"@type":"ImageObject","inLanguage":"fr-FR","@id":"https:\/\/www.miamibeachfl.gov\/#\/schema\/logo\/image\/","url":"https:\/\/www.miamibeachfl.gov\/wp-content\/uploads\/2022\/06\/miamibeach-logoblue.png","contentUrl":"https:\/\/www.miamibeachfl.gov\/wp-content\/uploads\/2022\/06\/miamibeach-logoblue.png","width":1962,"height":381,"caption":"City of Miami Beach"},"image":{"@id":"https:\/\/www.miamibeachfl.gov\/#\/schema\/logo\/image\/"},"sameAs":["https:\/\/www.facebook.com\/cityofmiamibeach","https:\/\/x.com\/Miamibeachnews","https:\/\/www.instagram.com\/miamibeachnews\/"],"description":"Site officiel de la ville de Miami Beach. Restez inform\u00e9 et trouvez des informations importantes sur les services municipaux, les actualit\u00e9s, les alertes, les \u00e9v\u00e9nements, les itin\u00e9raires de tramway, les emplois gouvernementaux et bien plus encore.","telephone":"305.604.CITY(2489)","legalName":"City of Miami Beach"}]}},"_links":{"self":[{"href":"https:\/\/www.miamibeachfl.gov\/fr\/wp-json\/wp\/v2\/pages\/360090","targetHints":{"allow":["GET"]}}],"collection":[{"href":"https:\/\/www.miamibeachfl.gov\/fr\/wp-json\/wp\/v2\/pages"}],"about":[{"href":"https:\/\/www.miamibeachfl.gov\/fr\/wp-json\/wp\/v2\/types\/page"}],"author":[{"embeddable":true,"href":"https:\/\/www.miamibeachfl.gov\/fr\/wp-json\/wp\/v2\/users\/222"}],"replies":[{"embeddable":true,"href":"https:\/\/www.miamibeachfl.gov\/fr\/wp-json\/wp\/v2\/comments?post=360090"}],"version-history":[{"count":11,"href":"https:\/\/www.miamibeachfl.gov\/fr\/wp-json\/wp\/v2\/pages\/360090\/revisions"}],"predecessor-version":[{"id":396802,"href":"https:\/\/www.miamibeachfl.gov\/fr\/wp-json\/wp\/v2\/pages\/360090\/revisions\/396802"}],"up":[{"embeddable":true,"href":"https:\/\/www.miamibeachfl.gov\/fr\/wp-json\/wp\/v2\/pages\/395613"}],"wp:attachment":[{"href":"https:\/\/www.miamibeachfl.gov\/fr\/wp-json\/wp\/v2\/media?parent=360090"}],"wp:term":[{"taxonomy":"category","embeddable":true,"href":"https:\/\/www.miamibeachfl.gov\/fr\/wp-json\/wp\/v2\/categories?post=360090"},{"taxonomy":"post_tag","embeddable":true,"href":"https:\/\/www.miamibeachfl.gov\/fr\/wp-json\/wp\/v2\/tags?post=360090"}],"curies":[{"name":"wp","href":"https:\/\/api.w.org\/{rel}","templated":true}]}}