{"id":360098,"date":"2025-01-21T16:38:36","date_gmt":"2025-01-21T21:38:36","guid":{"rendered":"https:\/\/www.miamibeachfl.gov\/?page_id=360098"},"modified":"2026-02-26T13:14:12","modified_gmt":"2026-02-26T18:14:12","slug":"parking-restrictions-and-towing","status":"publish","type":"page","link":"https:\/\/www.miamibeachfl.gov\/fr\/breakasweat\/parking-restrictions-and-towing\/","title":{"rendered":"Restrictions de stationnement et remorquage \u00e0 Miami Beach"},"content":{"rendered":"<img decoding=\"async\" src=\"https:\/\/www.miamibeachfl.gov\/wp-content\/uploads\/2026\/01\/breakimtoasweat.png\" alt=\"this spring break into a sweat\" itemprop=\"image\" height=\"191\" width=\"571\" title=\"rupture en sueur\" onerror=\"this.style.display='none'\" loading=\"lazy\" \/>\n<h1>\n\t\t\tBienvenue dans la capitale de la sant\u00e9 et du bien-\u00eatre\t<\/h1>\n<h2>\n\t\t\tStationnement, navettes et remorquage\t<\/h2>\n\t\t\t<button tabindex=\"0\" aria-label=\"R\u00e8gles et r\u00e8glements Menu\" aria-expanded=\"false\">\n\t\t\t\tR\u00e8gles et r\u00e8glements Menu\t\t\t<\/button>\n\t<nav aria-label=\"Menu des r\u00e8gles et r\u00e8glements\" itemscope=\"itemscope\" itemtype=\"https:\/\/schema.org\/SiteNavigationElement\">\n\t\t<ul id=\"menu-spring-break-menu\"><li id=\"menu-item-359613\"><a href=\"\/fr\/breakasweat\/policeenforcement\/\">Application de la loi par la police<\/a><\/li><li id=\"menu-item-359614\"><a href=\"\/fr\/breakasweat\/parking-restrictions-and-towing\/\">Stationnement, navettes et remorquage<\/a><\/li><li id=\"menu-item-359615\"><a href=\"\/fr\/breakasweat\/road-closures\/\">Fermetures de routes<\/a><\/li><li id=\"menu-item-359616\"><a href=\"\/fr\/breakasweat\/beach-rules\/\">R\u00e8gles de la plage<\/a><\/li><li id=\"menu-item-359617\"><a href=\"\/fr\/breakasweat\/beverage-restrictions\/\">Restrictions relatives aux boissons<\/a><\/li><\/ul>\t<\/nav>\n\t<nav id=\"breadcrumbs\" aria-label=\"Fil d&#039;Ariane\"><a href=\"https:\/\/www.miamibeachfl.gov\/fr\/\">Maison<\/a> &gt; <a href=\"https:\/\/www.miamibeachfl.gov\/fr\/breakasweat\/\">Transpirez ! \u2013 Remise en forme printani\u00e8re<\/a> &gt; <strong>Restrictions de stationnement et remorquage \u00e0 Miami Beach<\/strong><\/nav>\n\t\t\t\t<a href=\"https:\/\/www.miamibeachfl.gov\/wp-content\/uploads\/2026\/02\/ParkingGarage.png\"  target=\"_self\" itemprop=\"url\">\n\t\t\t\t<img decoding=\"async\" src=\"https:\/\/www.miamibeachfl.gov\/wp-content\/uploads\/2026\/02\/ParkingGarage.png\" alt=\"ParkingGarage\" itemprop=\"image\" height=\"800\" width=\"800\" title=\"Parking Garage\" onerror=\"this.style.display='none'\" loading=\"lazy\" \/>\n\t\t\t\t<\/a>\n\t<p>Les quatre parkings souterrains du quartier Art d\u00e9co (entre les rues 5 et 16 sur Washington Ave. et Ocean Drive) appliqueront un tarif unique de stationnement compris entre $40 et $100. Le tarif de $40 sera en vigueur du 5 au 8 mars\u00a0; les tarifs des week-ends suivants sont susceptibles de varier. Les tarifs r\u00e9sidentiels ne s&#039;appliquent pas \u00e0 ces quatre parkings. Le stationnement en voirie et sur les parkings de surface de ce secteur co\u00fbtera $20\/heure ($100 maximum par jour). Le tarif r\u00e9sidentiel de $1\/heure reste applicable.<\/p>\n<p>Le <strong>Le tarif de remorquage pour les non-r\u00e9sidents sera de $548 <\/strong>\u2013 le double du tarif normal \u2013 plus les frais administratifs pour les v\u00e9hicules remorqu\u00e9s dans le quartier Art d\u00e9co.<\/p>\n<h3><strong>Nouvelles navettes gratuites<\/strong><\/h3>\n<p>Pour aider les entreprises et leur personnel touch\u00e9s par les hausses de tarifs des parkings en mars, des navettes gratuites circuleront 24h\/24 dans les parkings municipaux suivants, du jeudi 5h au lundi 5h, durant tout le mois de mars, avec une fr\u00e9quence accrue aux heures de pointe, de 15h \u00e0 2h\u00a0:<\/p>\n<strong>Garage Fifth &amp; Alton<\/strong><br \/>\n550, avenue Lenox, entre la 7e Rue et l&#039;avenue Washington.<br \/>\nFr\u00e9quence\u00a0: Toutes les 10 minutes (heures de pointe) | Toutes les 20 minutes (heures creuses)<br \/>\nTarifs du garage\u00a0: $2\/heure ($1\/heure pour les r\u00e9sidents enregistr\u00e9s)\n<strong>Garage Sunset Harbour<\/strong><br \/>\n1900 Bay Road, de\/vers la 12e Rue et l&#039;avenue Washington<br \/>\nFr\u00e9quence\u00a0: Toutes les 15 minutes (heures de pointe) | Toutes les 30 minutes (heures creuses)<br \/>\nTarifs du garage\u00a0: $2\/heure ($1\/heure pour les r\u00e9sidents enregistr\u00e9s)\n<strong>Garage de la 42e Rue<\/strong><br \/>\n400 West 42nd Street, en direction de\/depuis 12nd Street et Washington Avenue<br \/>\nFr\u00e9quence\u00a0: Toutes les 15 minutes (heures de pointe) | Toutes les 30 minutes (heures creuses)<br \/>\nTarifs du garage : $1\/heure\n<p>&nbsp;<\/p>\n<p><a href=\"https:\/\/www.miamibeachfl.gov\/wp-content\/uploads\/2026\/02\/SpringBreak_ShuttleAFrame_2026_v05-noheader.jpg\"><img loading=\"lazy\" decoding=\"async\" src=\"https:\/\/www.miamibeachfl.gov\/wp-content\/uploads\/2026\/02\/SpringBreak_ShuttleAFrame_2026_v05-noheader.jpg\" alt=\"Spring Break shuttle map 2026\" width=\"800\" height=\"888\" \/><\/a><\/p>","protected":false},"excerpt":{"rendered":"<p>Welcome to the Health &#038; Wellness Capital Parking, Shuttles &#038; Towing Rules and Regulations Menu Police Enforcement Parking, Shuttles &#038; [&hellip;]<\/p>\n","protected":false},"author":222,"featured_media":0,"parent":395613,"menu_order":0,"comment_status":"closed","ping_status":"closed","template":"","meta":{"_searchwp_excluded":"","site-sidebar-layout":"default","site-content-layout":"","ast-site-content-layout":"default","site-content-style":"default","site-sidebar-style":"default","ast-global-header-display":"","ast-banner-title-visibility":"","ast-main-header-display":"","ast-hfb-above-header-display":"","ast-hfb-below-header-display":"","ast-hfb-mobile-header-display":"","site-post-title":"","ast-breadcrumbs-content":"","ast-featured-img":"","footer-sml-layout":"","theme-transparent-header-meta":"","adv-header-id-meta":"","stick-header-meta":"","header-above-stick-meta":"","header-main-stick-meta":"","header-below-stick-meta":"","astra-migrate-meta-layouts":"default","ast-page-background-enabled":"default","ast-page-background-meta":{"desktop":{"background-color":"var(--ast-global-color-5)","background-image":"","background-repeat":"repeat","background-position":"center center","background-size":"auto","background-attachment":"scroll","background-type":"","background-media":"","overlay-type":"","overlay-color":"","overlay-opacity":"","overlay-gradient":""},"tablet":{"background-color":"","background-image":"","background-repeat":"repeat","background-position":"center center","background-size":"auto","background-attachment":"scroll","background-type":"","background-media":"","overlay-type":"","overlay-color":"","overlay-opacity":"","overlay-gradient":""},"mobile":{"background-color":"","background-image":"","background-repeat":"repeat","background-position":"center center","background-size":"auto","background-attachment":"scroll","background-type":"","background-media":"","overlay-type":"","overlay-color":"","overlay-opacity":"","overlay-gradient":""}},"ast-content-background-meta":{"desktop":{"background-color":"var(--ast-global-color-4)","background-image":"","background-repeat":"repeat","background-position":"center center","background-size":"auto","background-attachment":"scroll","background-type":"","background-media":"","overlay-type":"","overlay-color":"","overlay-opacity":"","overlay-gradient":""},"tablet":{"background-color":"var(--ast-global-color-4)","background-image":"","background-repeat":"repeat","background-position":"center center","background-size":"auto","background-attachment":"scroll","background-type":"","background-media":"","overlay-type":"","overlay-color":"","overlay-opacity":"","overlay-gradient":""},"mobile":{"background-color":"var(--ast-global-color-4)","background-image":"","background-repeat":"repeat","background-position":"center center","background-size":"auto","background-attachment":"scroll","background-type":"","background-media":"","overlay-type":"","overlay-color":"","overlay-opacity":"","overlay-gradient":""}},"footnotes":""},"categories":[],"tags":[],"class_list":["post-360098","page","type-page","status-publish","hentry"],"yoast_head":"<!-- This site is optimized with the Yoast SEO Premium plugin v27.4 (Yoast SEO v27.4) - https:\/\/yoast.com\/product\/yoast-seo-premium-wordpress\/ -->\n<title>Miami Beach Parking Restrictions &amp; Towing - City of Miami Beach<\/title>\n<meta name=\"description\" content=\"This March, Miami Beach will be heavily enforcing additional rules and restrictions to keep both residents and visitors safe.\" \/>\n<meta name=\"robots\" content=\"index, follow, max-snippet:-1, max-image-preview:large, max-video-preview:-1\" \/>\n<link rel=\"canonical\" href=\"https:\/\/www.miamibeachfl.gov\/fr\/breakasweat\/parking-restrictions-and-towing\/\" \/>\n<meta property=\"og:locale\" content=\"fr_FR\" \/>\n<meta property=\"og:type\" content=\"article\" \/>\n<meta property=\"og:title\" content=\"Miami Beach Parking Restrictions &amp; Towing\" \/>\n<meta property=\"og:description\" content=\"This March, Miami Beach will be heavily enforcing additional rules and restrictions to keep both residents and visitors safe.\" \/>\n<meta property=\"og:url\" content=\"https:\/\/www.miamibeachfl.gov\/fr\/breakasweat\/parking-restrictions-and-towing\/\" \/>\n<meta property=\"og:site_name\" content=\"City of Miami Beach\" \/>\n<meta property=\"article:publisher\" content=\"https:\/\/www.facebook.com\/cityofmiamibeach\" \/>\n<meta property=\"article:modified_time\" content=\"2026-02-26T18:14:12+00:00\" \/>\n<meta property=\"og:image\" content=\"https:\/\/www.miamibeachfl.gov\/wp-content\/uploads\/2026\/01\/breakimtoasweat.png\" \/>\n<meta name=\"twitter:card\" content=\"summary_large_image\" \/>\n<meta name=\"twitter:site\" content=\"@Miamibeachnews\" \/>\n<script type=\"application\/ld+json\" class=\"yoast-schema-graph\">{\"@context\":\"https:\\\/\\\/schema.org\",\"@graph\":[{\"@type\":\"WebPage\",\"@id\":\"https:\\\/\\\/www.miamibeachfl.gov\\\/breakasweat\\\/parking-restrictions-and-towing\\\/\",\"url\":\"https:\\\/\\\/www.miamibeachfl.gov\\\/breakasweat\\\/parking-restrictions-and-towing\\\/\",\"name\":\"Miami Beach Parking Restrictions &amp; Towing - City of Miami Beach\",\"isPartOf\":{\"@id\":\"https:\\\/\\\/www.miamibeachfl.gov\\\/#website\"},\"primaryImageOfPage\":{\"@id\":\"https:\\\/\\\/www.miamibeachfl.gov\\\/breakasweat\\\/parking-restrictions-and-towing\\\/#primaryimage\"},\"image\":{\"@id\":\"https:\\\/\\\/www.miamibeachfl.gov\\\/breakasweat\\\/parking-restrictions-and-towing\\\/#primaryimage\"},\"thumbnailUrl\":\"https:\\\/\\\/www.miamibeachfl.gov\\\/wp-content\\\/uploads\\\/2026\\\/01\\\/breakimtoasweat.png\",\"datePublished\":\"2025-01-21T21:38:36+00:00\",\"dateModified\":\"2026-02-26T18:14:12+00:00\",\"description\":\"This March, Miami Beach will be heavily enforcing additional rules and restrictions to keep both residents and visitors safe.\",\"breadcrumb\":{\"@id\":\"https:\\\/\\\/www.miamibeachfl.gov\\\/breakasweat\\\/parking-restrictions-and-towing\\\/#breadcrumb\"},\"inLanguage\":\"fr-FR\",\"potentialAction\":[{\"@type\":\"ReadAction\",\"target\":[\"https:\\\/\\\/www.miamibeachfl.gov\\\/breakasweat\\\/parking-restrictions-and-towing\\\/\"]}]},{\"@type\":\"ImageObject\",\"inLanguage\":\"fr-FR\",\"@id\":\"https:\\\/\\\/www.miamibeachfl.gov\\\/breakasweat\\\/parking-restrictions-and-towing\\\/#primaryimage\",\"url\":\"https:\\\/\\\/www.miamibeachfl.gov\\\/wp-content\\\/uploads\\\/2026\\\/01\\\/breakimtoasweat.png\",\"contentUrl\":\"https:\\\/\\\/www.miamibeachfl.gov\\\/wp-content\\\/uploads\\\/2026\\\/01\\\/breakimtoasweat.png\"},{\"@type\":\"BreadcrumbList\",\"@id\":\"https:\\\/\\\/www.miamibeachfl.gov\\\/breakasweat\\\/parking-restrictions-and-towing\\\/#breadcrumb\",\"itemListElement\":[{\"@type\":\"ListItem\",\"position\":1,\"name\":\"Home\",\"item\":\"https:\\\/\\\/www.miamibeachfl.gov\\\/\"},{\"@type\":\"ListItem\",\"position\":2,\"name\":\"Break a Sweat &#8211; Spring Fitness\",\"item\":\"https:\\\/\\\/www.miamibeachfl.gov\\\/breakasweat\\\/\"},{\"@type\":\"ListItem\",\"position\":3,\"name\":\"Miami Beach Parking Restrictions &amp; Towing\"}]},{\"@type\":\"WebSite\",\"@id\":\"https:\\\/\\\/www.miamibeachfl.gov\\\/#website\",\"url\":\"https:\\\/\\\/www.miamibeachfl.gov\\\/\",\"name\":\"City of Miami Beach\",\"description\":\"The official website of the City of Miami Beach. Stay informed, find important information on city services, news, alerts, events, trolley routes, government employment and more.\",\"publisher\":{\"@id\":\"https:\\\/\\\/www.miamibeachfl.gov\\\/#organization\"},\"potentialAction\":[{\"@type\":\"SearchAction\",\"target\":{\"@type\":\"EntryPoint\",\"urlTemplate\":\"https:\\\/\\\/www.miamibeachfl.gov\\\/?s={search_term_string}\"},\"query-input\":{\"@type\":\"PropertyValueSpecification\",\"valueRequired\":true,\"valueName\":\"search_term_string\"}}],\"inLanguage\":\"fr-FR\"},{\"@type\":\"Organization\",\"@id\":\"https:\\\/\\\/www.miamibeachfl.gov\\\/#organization\",\"name\":\"City of Miami Beach\",\"url\":\"https:\\\/\\\/www.miamibeachfl.gov\\\/\",\"logo\":{\"@type\":\"ImageObject\",\"inLanguage\":\"fr-FR\",\"@id\":\"https:\\\/\\\/www.miamibeachfl.gov\\\/#\\\/schema\\\/logo\\\/image\\\/\",\"url\":\"https:\\\/\\\/www.miamibeachfl.gov\\\/wp-content\\\/uploads\\\/2022\\\/06\\\/miamibeach-logoblue.png\",\"contentUrl\":\"https:\\\/\\\/www.miamibeachfl.gov\\\/wp-content\\\/uploads\\\/2022\\\/06\\\/miamibeach-logoblue.png\",\"width\":1962,\"height\":381,\"caption\":\"City of Miami Beach\"},\"image\":{\"@id\":\"https:\\\/\\\/www.miamibeachfl.gov\\\/#\\\/schema\\\/logo\\\/image\\\/\"},\"sameAs\":[\"https:\\\/\\\/www.facebook.com\\\/cityofmiamibeach\",\"https:\\\/\\\/x.com\\\/Miamibeachnews\",\"https:\\\/\\\/www.instagram.com\\\/miamibeachnews\\\/\"],\"description\":\"The official website of the City of Miami Beach. Stay informed, find important information on city services, news, alerts, events, trolley routes, government employment and more.\",\"telephone\":\"305.604.CITY(2489)\",\"legalName\":\"City of Miami Beach\"}]}<\/script>\n<!-- \/ Yoast SEO Premium plugin. -->","yoast_head_json":{"title":"Miami Beach Parking Restrictions &amp; Towing - City of Miami Beach","description":"En mars prochain, Miami Beach appliquera des r\u00e8gles et des restrictions suppl\u00e9mentaires pour assurer la s\u00e9curit\u00e9 des r\u00e9sidents et des visiteurs.","robots":{"index":"index","follow":"follow","max-snippet":"max-snippet:-1","max-image-preview":"max-image-preview:large","max-video-preview":"max-video-preview:-1"},"canonical":"https:\/\/www.miamibeachfl.gov\/fr\/breakasweat\/parking-restrictions-and-towing\/","og_locale":"fr_FR","og_type":"article","og_title":"Miami Beach Parking Restrictions &amp; Towing","og_description":"This March, Miami Beach will be heavily enforcing additional rules and restrictions to keep both residents and visitors safe.","og_url":"https:\/\/www.miamibeachfl.gov\/fr\/breakasweat\/parking-restrictions-and-towing\/","og_site_name":"City of Miami Beach","article_publisher":"https:\/\/www.facebook.com\/cityofmiamibeach","article_modified_time":"2026-02-26T18:14:12+00:00","og_image":[{"url":"https:\/\/www.miamibeachfl.gov\/wp-content\/uploads\/2026\/01\/breakimtoasweat.png","type":"","width":"","height":""}],"twitter_card":"summary_large_image","twitter_site":"@Miamibeachnews","schema":{"@context":"https:\/\/schema.org","@graph":[{"@type":"WebPage","@id":"https:\/\/www.miamibeachfl.gov\/breakasweat\/parking-restrictions-and-towing\/","url":"https:\/\/www.miamibeachfl.gov\/breakasweat\/parking-restrictions-and-towing\/","name":"Miami Beach Parking Restrictions &amp; Towing - City of Miami Beach","isPartOf":{"@id":"https:\/\/www.miamibeachfl.gov\/#website"},"primaryImageOfPage":{"@id":"https:\/\/www.miamibeachfl.gov\/breakasweat\/parking-restrictions-and-towing\/#primaryimage"},"image":{"@id":"https:\/\/www.miamibeachfl.gov\/breakasweat\/parking-restrictions-and-towing\/#primaryimage"},"thumbnailUrl":"https:\/\/www.miamibeachfl.gov\/wp-content\/uploads\/2026\/01\/breakimtoasweat.png","datePublished":"2025-01-21T21:38:36+00:00","dateModified":"2026-02-26T18:14:12+00:00","description":"En mars prochain, Miami Beach appliquera des r\u00e8gles et des restrictions suppl\u00e9mentaires pour assurer la s\u00e9curit\u00e9 des r\u00e9sidents et des visiteurs.","breadcrumb":{"@id":"https:\/\/www.miamibeachfl.gov\/breakasweat\/parking-restrictions-and-towing\/#breadcrumb"},"inLanguage":"fr-FR","potentialAction":[{"@type":"ReadAction","target":["https:\/\/www.miamibeachfl.gov\/breakasweat\/parking-restrictions-and-towing\/"]}]},{"@type":"ImageObject","inLanguage":"fr-FR","@id":"https:\/\/www.miamibeachfl.gov\/breakasweat\/parking-restrictions-and-towing\/#primaryimage","url":"https:\/\/www.miamibeachfl.gov\/wp-content\/uploads\/2026\/01\/breakimtoasweat.png","contentUrl":"https:\/\/www.miamibeachfl.gov\/wp-content\/uploads\/2026\/01\/breakimtoasweat.png"},{"@type":"BreadcrumbList","@id":"https:\/\/www.miamibeachfl.gov\/breakasweat\/parking-restrictions-and-towing\/#breadcrumb","itemListElement":[{"@type":"ListItem","position":1,"name":"Home","item":"https:\/\/www.miamibeachfl.gov\/"},{"@type":"ListItem","position":2,"name":"Break a Sweat &#8211; Spring Fitness","item":"https:\/\/www.miamibeachfl.gov\/breakasweat\/"},{"@type":"ListItem","position":3,"name":"Miami Beach Parking Restrictions &amp; Towing"}]},{"@type":"WebSite","@id":"https:\/\/www.miamibeachfl.gov\/#website","url":"https:\/\/www.miamibeachfl.gov\/","name":"Ville de Miami Beach","description":"Site officiel de la ville de Miami Beach. Restez inform\u00e9 et trouvez des informations importantes sur les services municipaux, les actualit\u00e9s, les alertes, les \u00e9v\u00e9nements, les itin\u00e9raires de tramway, les emplois gouvernementaux et bien plus encore.","publisher":{"@id":"https:\/\/www.miamibeachfl.gov\/#organization"},"potentialAction":[{"@type":"SearchAction","target":{"@type":"EntryPoint","urlTemplate":"https:\/\/www.miamibeachfl.gov\/?s={search_term_string}"},"query-input":{"@type":"PropertyValueSpecification","valueRequired":true,"valueName":"search_term_string"}}],"inLanguage":"fr-FR"},{"@type":"Organization","@id":"https:\/\/www.miamibeachfl.gov\/#organization","name":"Ville de Miami Beach","url":"https:\/\/www.miamibeachfl.gov\/","logo":{"@type":"ImageObject","inLanguage":"fr-FR","@id":"https:\/\/www.miamibeachfl.gov\/#\/schema\/logo\/image\/","url":"https:\/\/www.miamibeachfl.gov\/wp-content\/uploads\/2022\/06\/miamibeach-logoblue.png","contentUrl":"https:\/\/www.miamibeachfl.gov\/wp-content\/uploads\/2022\/06\/miamibeach-logoblue.png","width":1962,"height":381,"caption":"City of Miami Beach"},"image":{"@id":"https:\/\/www.miamibeachfl.gov\/#\/schema\/logo\/image\/"},"sameAs":["https:\/\/www.facebook.com\/cityofmiamibeach","https:\/\/x.com\/Miamibeachnews","https:\/\/www.instagram.com\/miamibeachnews\/"],"description":"Site officiel de la ville de Miami Beach. Restez inform\u00e9 et trouvez des informations importantes sur les services municipaux, les actualit\u00e9s, les alertes, les \u00e9v\u00e9nements, les itin\u00e9raires de tramway, les emplois gouvernementaux et bien plus encore.","telephone":"305.604.CITY(2489)","legalName":"City of Miami Beach"}]}},"_links":{"self":[{"href":"https:\/\/www.miamibeachfl.gov\/fr\/wp-json\/wp\/v2\/pages\/360098","targetHints":{"allow":["GET"]}}],"collection":[{"href":"https:\/\/www.miamibeachfl.gov\/fr\/wp-json\/wp\/v2\/pages"}],"about":[{"href":"https:\/\/www.miamibeachfl.gov\/fr\/wp-json\/wp\/v2\/types\/page"}],"author":[{"embeddable":true,"href":"https:\/\/www.miamibeachfl.gov\/fr\/wp-json\/wp\/v2\/users\/222"}],"replies":[{"embeddable":true,"href":"https:\/\/www.miamibeachfl.gov\/fr\/wp-json\/wp\/v2\/comments?post=360098"}],"version-history":[{"count":11,"href":"https:\/\/www.miamibeachfl.gov\/fr\/wp-json\/wp\/v2\/pages\/360098\/revisions"}],"predecessor-version":[{"id":396798,"href":"https:\/\/www.miamibeachfl.gov\/fr\/wp-json\/wp\/v2\/pages\/360098\/revisions\/396798"}],"up":[{"embeddable":true,"href":"https:\/\/www.miamibeachfl.gov\/fr\/wp-json\/wp\/v2\/pages\/395613"}],"wp:attachment":[{"href":"https:\/\/www.miamibeachfl.gov\/fr\/wp-json\/wp\/v2\/media?parent=360098"}],"wp:term":[{"taxonomy":"category","embeddable":true,"href":"https:\/\/www.miamibeachfl.gov\/fr\/wp-json\/wp\/v2\/categories?post=360098"},{"taxonomy":"post_tag","embeddable":true,"href":"https:\/\/www.miamibeachfl.gov\/fr\/wp-json\/wp\/v2\/tags?post=360098"}],"curies":[{"name":"wp","href":"https:\/\/api.w.org\/{rel}","templated":true}]}}