{"id":361996,"date":"2025-02-10T11:52:38","date_gmt":"2025-02-10T16:52:38","guid":{"rendered":"https:\/\/www.miamibeachfl.gov\/?page_id=361996"},"modified":"2026-03-05T13:36:25","modified_gmt":"2026-03-05T18:36:25","slug":"business-guide","status":"publish","type":"page","link":"https:\/\/www.miamibeachfl.gov\/fr\/business\/doing-business-with-mb\/business-concierge\/business-guide\/","title":{"rendered":"Guide des entreprises"},"content":{"rendered":"<h1>\n\t\t\tGuide des ressources commerciales\t<\/h1>\n\t<p>Le Guide des entreprises de Miami Beach est votre ressource pour d\u00e9marrer, d\u00e9m\u00e9nager ou d\u00e9velopper votre entreprise \u00e0 Miami Beach. Vous y trouverez des informations sur le zonage, les permis, les coordonn\u00e9es des services et bien plus encore.<\/p>\n\t<iframe allow=\"clipboard-write\" sandbox=\"allow-top-navigation allow-top-navigation-by-user-activation allow-downloads allow-scripts allow-same-origin allow-popups allow-modals allow-popups-to-escape-sandbox allow-forms\" allowfullscreen=\"true\" src=\"https:\/\/e.issuu.com\/embed.html?d=miami_beach_business_resource_guide&#038;u=cityofmiamibeach\"><\/iframe>\n<h2>\n\t\t\tInformations utiles\t<\/h2>\n\t<p><strong>D\u00e9partement de planification et de zonage de la ville de Miami Beach<\/strong><\/p>\nVous pouvez \u00eatre contact\u00e9 pour la demande d&#039;un Certificat d&#039;Utilisation, qui certifie que votre entreprise peut op\u00e9rer dans une zone sp\u00e9cifique correspondant au type d&#039;entreprise.<br \/>\n<a href=\"https:\/\/www.miamibeachfl.gov\/fr\/city-hall\/planning\/\"><strong>miamibeachfl.gov\/city-hall\/planning<\/strong><\/a><br \/>\n<a href=\"tel:3056737550\"><strong>305.673.7550<\/strong><\/a>\n<p><strong>D\u00e9partement des finances de la ville de Miami Beach<\/strong><\/p>\nResponsable de la gestion des re\u00e7us fiscaux des entreprises (BTR). Pour exercer ses activit\u00e9s dans la ville, un BTR est requis pour chaque \u00e9tablissement et pour chaque type d&#039;entreprise.<br \/>\n<a href=\"https:\/\/www.miamibeachfl.gov\/fr\/city-hall\/finance\/business-tax-receipts-btr\/\"><strong>miamibeachfl.gov\/city-hall\/finance\/business-tax-receipts-btr<\/strong><\/a><br \/>\n<a href=\"tel:3056737466\"><strong>305.673.7466<\/strong><\/a>\n<p><strong>Permis de construire de la ville de Miami Beach\u00a0<\/strong><\/p>\n<p>Le service du b\u00e2timent propose une gamme de permis concernant des types d&#039;entreprises sp\u00e9cifiques et des utilisations disponibles <a href=\"https:\/\/www.miamibeachfl.gov\/fr\/city-hall\/building\/permits\/\"><strong>ici<\/strong><\/a>.<\/p>\n<p><strong><a href=\"tel:3056737610\">305.673.7610<\/a><\/strong><\/p>\n<p><strong>Classification du zonage de la ville de Miami Beach\u00a0<\/strong><\/p>\n<p><strong><a href=\"http:\/\/miamibeachfl.gov\/wp-content\/uploads\/2019\/02\/zoning2019-2-14-2019.pdf\">Pour conna\u00eetre le zonage d&#039;une propri\u00e9t\u00e9, consultez le plan de zonage disponible ici<\/a>.<\/strong><\/p>\n<p><strong>Demande de zonage et de permis de la ville de Miami Beach\u00a0<\/strong><\/p>\n<p><strong><a href=\"http:\/\/miamibeachfl.gov\/wp-content\/uploads\/2018\/05\/P-Z-Permit-Application.pdf\">Le zonage et la demande de permis de la ville de Miami Beach sont accessibles ici<\/a>.<\/strong><\/p>\n<p><strong>Lettre de v\u00e9rification du zonage de la ville de Miami Beach<\/strong><\/p>\n<p><a href=\"http:\/\/miamibeachfl.gov\/wp-content\/uploads\/2018\/05\/Zoning-Verification-Letter-Request.pdf\"><strong>Cliquez ici<\/strong> pour demander une lettre pour v\u00e9rifier que l&#039;emplacement de l&#039;entreprise et le propri\u00e9taire r\u00e9pondent aux exigences de zonage.<\/a><\/p>\n<p><strong>Contenu des occupants de la ville de Miami Beach\u00a0<\/strong><\/p>\n<p>La ville s&#039;efforce d&#039;assurer la protection et la s\u00e9curit\u00e9 de tous ses habitants. <a href=\"https:\/\/www.miamibeachfl.gov\/fr\/city-hall\/fire\/fire-prevention\/occupant-content\/\"><strong>Demande de contenu d&#039;occupant<\/strong><\/a> et une inspection sont requises avant l&#039;ouverture de votre entreprise.<\/p>\n<p><strong><a href=\"tel:3056737123\">305.673.7123<\/a><\/strong><\/p>\n<p><strong>Certificat d&#039;occupation <\/strong><\/p>\n<p>Le service des b\u00e2timents de la ville de Miami Beach est responsable de la gestion du certificat d&#039;occupation. Une inspection peut \u00eatre requise avant l&#039;ouverture de votre entreprise. <a href=\"https:\/\/www.miamibeachfl.gov\/fr\/building-certificate-of-occupancy-forms\/\"><strong>Voir le formulaire ici.<\/strong><\/a><\/p>\n<p><strong><a href=\"tel:3056737610\">305.673.7610<\/a><\/strong><\/p>\n<p><strong>Licences d&#039;\u00e9tablissement de restauration et d&#039;h\u00e9bergement publics <\/strong><\/p>\n<p>L&#039;\u00c9tat de Floride exige que tous les futurs propri\u00e9taires de restaurants demandent une licence appropri\u00e9e avant de pouvoir servir de la nourriture. <a href=\"http:\/\/myfloridalicense.com\/hotels-restaurants\/licensing\/general\"><strong>myfloridalicense.com\/hotels-restaurants\/licensing\/general<\/strong><\/a><\/p>","protected":false},"excerpt":{"rendered":"<p>Business Resource Guide The Miami Beach Business Guide is your resource to starting, relocating or growing your business in Miami [&hellip;]<\/p>\n","protected":false},"author":329,"featured_media":0,"parent":223013,"menu_order":0,"comment_status":"closed","ping_status":"closed","template":"","meta":{"_searchwp_excluded":"","site-sidebar-layout":"default","site-content-layout":"","ast-site-content-layout":"default","site-content-style":"default","site-sidebar-style":"default","ast-global-header-display":"","ast-banner-title-visibility":"","ast-main-header-display":"","ast-hfb-above-header-display":"","ast-hfb-below-header-display":"","ast-hfb-mobile-header-display":"","site-post-title":"","ast-breadcrumbs-content":"","ast-featured-img":"","footer-sml-layout":"","theme-transparent-header-meta":"","adv-header-id-meta":"","stick-header-meta":"","header-above-stick-meta":"","header-main-stick-meta":"","header-below-stick-meta":"","astra-migrate-meta-layouts":"default","ast-page-background-enabled":"default","ast-page-background-meta":{"desktop":{"background-color":"var(--ast-global-color-5)","background-image":"","background-repeat":"repeat","background-position":"center center","background-size":"auto","background-attachment":"scroll","background-type":"","background-media":"","overlay-type":"","overlay-color":"","overlay-opacity":"","overlay-gradient":""},"tablet":{"background-color":"","background-image":"","background-repeat":"repeat","background-position":"center center","background-size":"auto","background-attachment":"scroll","background-type":"","background-media":"","overlay-type":"","overlay-color":"","overlay-opacity":"","overlay-gradient":""},"mobile":{"background-color":"","background-image":"","background-repeat":"repeat","background-position":"center center","background-size":"auto","background-attachment":"scroll","background-type":"","background-media":"","overlay-type":"","overlay-color":"","overlay-opacity":"","overlay-gradient":""}},"ast-content-background-meta":{"desktop":{"background-color":"var(--ast-global-color-4)","background-image":"","background-repeat":"repeat","background-position":"center center","background-size":"auto","background-attachment":"scroll","background-type":"","background-media":"","overlay-type":"","overlay-color":"","overlay-opacity":"","overlay-gradient":""},"tablet":{"background-color":"var(--ast-global-color-4)","background-image":"","background-repeat":"repeat","background-position":"center center","background-size":"auto","background-attachment":"scroll","background-type":"","background-media":"","overlay-type":"","overlay-color":"","overlay-opacity":"","overlay-gradient":""},"mobile":{"background-color":"var(--ast-global-color-4)","background-image":"","background-repeat":"repeat","background-position":"center center","background-size":"auto","background-attachment":"scroll","background-type":"","background-media":"","overlay-type":"","overlay-color":"","overlay-opacity":"","overlay-gradient":""}},"footnotes":""},"categories":[],"tags":[],"class_list":["post-361996","page","type-page","status-publish","hentry"],"yoast_head":"<!-- This site is optimized with the Yoast SEO Premium plugin v27.4 (Yoast SEO v27.4) - https:\/\/yoast.com\/product\/yoast-seo-premium-wordpress\/ -->\n<title>Business Guide - City of Miami Beach<\/title>\n<meta name=\"description\" content=\"%\" \/>\n<meta name=\"robots\" content=\"index, follow, max-snippet:-1, max-image-preview:large, max-video-preview:-1\" \/>\n<link rel=\"canonical\" href=\"https:\/\/www.miamibeachfl.gov\/fr\/business\/doing-business-with-mb\/business-concierge\/business-guide\/\" \/>\n<meta property=\"og:locale\" content=\"fr_FR\" \/>\n<meta property=\"og:type\" content=\"article\" \/>\n<meta property=\"og:title\" content=\"Business Guide\" \/>\n<meta property=\"og:description\" content=\"%\" \/>\n<meta property=\"og:url\" content=\"https:\/\/www.miamibeachfl.gov\/fr\/business\/doing-business-with-mb\/business-concierge\/business-guide\/\" \/>\n<meta property=\"og:site_name\" content=\"City of Miami Beach\" \/>\n<meta property=\"article:publisher\" content=\"https:\/\/www.facebook.com\/cityofmiamibeach\" \/>\n<meta property=\"article:modified_time\" content=\"2026-03-05T18:36:25+00:00\" \/>\n<meta property=\"og:image\" content=\"https:\/\/www.miamibeachfl.gov\/wp-content\/uploads\/2024\/01\/1000pxSquare-miamibeach-aerial-southpointview.jpeg\" \/>\n\t<meta property=\"og:image:width\" content=\"1000\" \/>\n\t<meta property=\"og:image:height\" content=\"1000\" \/>\n\t<meta property=\"og:image:type\" content=\"image\/jpeg\" \/>\n<meta name=\"twitter:card\" content=\"summary_large_image\" \/>\n<meta name=\"twitter:site\" content=\"@Miamibeachnews\" \/>\n<script type=\"application\/ld+json\" class=\"yoast-schema-graph\">{\"@context\":\"https:\\\/\\\/schema.org\",\"@graph\":[{\"@type\":\"WebPage\",\"@id\":\"https:\\\/\\\/www.miamibeachfl.gov\\\/business\\\/doing-business-with-mb\\\/business-concierge\\\/business-guide\\\/\",\"url\":\"https:\\\/\\\/www.miamibeachfl.gov\\\/business\\\/doing-business-with-mb\\\/business-concierge\\\/business-guide\\\/\",\"name\":\"Business Guide - City of Miami Beach\",\"isPartOf\":{\"@id\":\"https:\\\/\\\/www.miamibeachfl.gov\\\/#website\"},\"datePublished\":\"2025-02-10T16:52:38+00:00\",\"dateModified\":\"2026-03-05T18:36:25+00:00\",\"description\":\"%\",\"breadcrumb\":{\"@id\":\"https:\\\/\\\/www.miamibeachfl.gov\\\/business\\\/doing-business-with-mb\\\/business-concierge\\\/business-guide\\\/#breadcrumb\"},\"inLanguage\":\"fr-FR\",\"potentialAction\":[{\"@type\":\"ReadAction\",\"target\":[\"https:\\\/\\\/www.miamibeachfl.gov\\\/business\\\/doing-business-with-mb\\\/business-concierge\\\/business-guide\\\/\"]}]},{\"@type\":\"BreadcrumbList\",\"@id\":\"https:\\\/\\\/www.miamibeachfl.gov\\\/business\\\/doing-business-with-mb\\\/business-concierge\\\/business-guide\\\/#breadcrumb\",\"itemListElement\":[{\"@type\":\"ListItem\",\"position\":1,\"name\":\"Home\",\"item\":\"https:\\\/\\\/www.miamibeachfl.gov\\\/\"},{\"@type\":\"ListItem\",\"position\":2,\"name\":\"Business\",\"item\":\"https:\\\/\\\/www.miamibeachfl.gov\\\/business\\\/\"},{\"@type\":\"ListItem\",\"position\":3,\"name\":\"Doing Business with MB\",\"item\":\"https:\\\/\\\/www.miamibeachfl.gov\\\/business\\\/doing-business-with-mb\\\/\"},{\"@type\":\"ListItem\",\"position\":4,\"name\":\"Business Concierge\",\"item\":\"https:\\\/\\\/www.miamibeachfl.gov\\\/business\\\/doing-business-with-mb\\\/business-concierge\\\/\"},{\"@type\":\"ListItem\",\"position\":5,\"name\":\"Business Guide\"}]},{\"@type\":\"WebSite\",\"@id\":\"https:\\\/\\\/www.miamibeachfl.gov\\\/#website\",\"url\":\"https:\\\/\\\/www.miamibeachfl.gov\\\/\",\"name\":\"City of Miami Beach\",\"description\":\"The official website of the City of Miami Beach. Stay informed, find important information on city services, news, alerts, events, trolley routes, government employment and more.\",\"publisher\":{\"@id\":\"https:\\\/\\\/www.miamibeachfl.gov\\\/#organization\"},\"potentialAction\":[{\"@type\":\"SearchAction\",\"target\":{\"@type\":\"EntryPoint\",\"urlTemplate\":\"https:\\\/\\\/www.miamibeachfl.gov\\\/?s={search_term_string}\"},\"query-input\":{\"@type\":\"PropertyValueSpecification\",\"valueRequired\":true,\"valueName\":\"search_term_string\"}}],\"inLanguage\":\"fr-FR\"},{\"@type\":\"Organization\",\"@id\":\"https:\\\/\\\/www.miamibeachfl.gov\\\/#organization\",\"name\":\"City of Miami Beach\",\"url\":\"https:\\\/\\\/www.miamibeachfl.gov\\\/\",\"logo\":{\"@type\":\"ImageObject\",\"inLanguage\":\"fr-FR\",\"@id\":\"https:\\\/\\\/www.miamibeachfl.gov\\\/#\\\/schema\\\/logo\\\/image\\\/\",\"url\":\"https:\\\/\\\/www.miamibeachfl.gov\\\/wp-content\\\/uploads\\\/2022\\\/06\\\/miamibeach-logoblue.png\",\"contentUrl\":\"https:\\\/\\\/www.miamibeachfl.gov\\\/wp-content\\\/uploads\\\/2022\\\/06\\\/miamibeach-logoblue.png\",\"width\":1962,\"height\":381,\"caption\":\"City of Miami Beach\"},\"image\":{\"@id\":\"https:\\\/\\\/www.miamibeachfl.gov\\\/#\\\/schema\\\/logo\\\/image\\\/\"},\"sameAs\":[\"https:\\\/\\\/www.facebook.com\\\/cityofmiamibeach\",\"https:\\\/\\\/x.com\\\/Miamibeachnews\",\"https:\\\/\\\/www.instagram.com\\\/miamibeachnews\\\/\"],\"description\":\"The official website of the City of Miami Beach. Stay informed, find important information on city services, news, alerts, events, trolley routes, government employment and more.\",\"telephone\":\"305.604.CITY(2489)\",\"legalName\":\"City of Miami Beach\"}]}<\/script>\n<!-- \/ Yoast SEO Premium plugin. -->","yoast_head_json":{"title":"Guide des affaires - Ville de Miami Beach","description":"%","robots":{"index":"index","follow":"follow","max-snippet":"max-snippet:-1","max-image-preview":"max-image-preview:large","max-video-preview":"max-video-preview:-1"},"canonical":"https:\/\/www.miamibeachfl.gov\/fr\/business\/doing-business-with-mb\/business-concierge\/business-guide\/","og_locale":"fr_FR","og_type":"article","og_title":"Business Guide","og_description":"%","og_url":"https:\/\/www.miamibeachfl.gov\/fr\/business\/doing-business-with-mb\/business-concierge\/business-guide\/","og_site_name":"City of Miami Beach","article_publisher":"https:\/\/www.facebook.com\/cityofmiamibeach","article_modified_time":"2026-03-05T18:36:25+00:00","og_image":[{"width":1000,"height":1000,"url":"https:\/\/www.miamibeachfl.gov\/wp-content\/uploads\/2024\/01\/1000pxSquare-miamibeach-aerial-southpointview.jpeg","type":"image\/jpeg"}],"twitter_card":"summary_large_image","twitter_site":"@Miamibeachnews","schema":{"@context":"https:\/\/schema.org","@graph":[{"@type":"WebPage","@id":"https:\/\/www.miamibeachfl.gov\/business\/doing-business-with-mb\/business-concierge\/business-guide\/","url":"https:\/\/www.miamibeachfl.gov\/business\/doing-business-with-mb\/business-concierge\/business-guide\/","name":"Guide des affaires - Ville de Miami Beach","isPartOf":{"@id":"https:\/\/www.miamibeachfl.gov\/#website"},"datePublished":"2025-02-10T16:52:38+00:00","dateModified":"2026-03-05T18:36:25+00:00","description":"%","breadcrumb":{"@id":"https:\/\/www.miamibeachfl.gov\/business\/doing-business-with-mb\/business-concierge\/business-guide\/#breadcrumb"},"inLanguage":"fr-FR","potentialAction":[{"@type":"ReadAction","target":["https:\/\/www.miamibeachfl.gov\/business\/doing-business-with-mb\/business-concierge\/business-guide\/"]}]},{"@type":"BreadcrumbList","@id":"https:\/\/www.miamibeachfl.gov\/business\/doing-business-with-mb\/business-concierge\/business-guide\/#breadcrumb","itemListElement":[{"@type":"ListItem","position":1,"name":"Home","item":"https:\/\/www.miamibeachfl.gov\/"},{"@type":"ListItem","position":2,"name":"Business","item":"https:\/\/www.miamibeachfl.gov\/business\/"},{"@type":"ListItem","position":3,"name":"Doing Business with MB","item":"https:\/\/www.miamibeachfl.gov\/business\/doing-business-with-mb\/"},{"@type":"ListItem","position":4,"name":"Business Concierge","item":"https:\/\/www.miamibeachfl.gov\/business\/doing-business-with-mb\/business-concierge\/"},{"@type":"ListItem","position":5,"name":"Business Guide"}]},{"@type":"WebSite","@id":"https:\/\/www.miamibeachfl.gov\/#website","url":"https:\/\/www.miamibeachfl.gov\/","name":"Ville de Miami Beach","description":"Site officiel de la ville de Miami Beach. Restez inform\u00e9 et trouvez des informations importantes sur les services municipaux, les actualit\u00e9s, les alertes, les \u00e9v\u00e9nements, les itin\u00e9raires de tramway, les emplois gouvernementaux et bien plus encore.","publisher":{"@id":"https:\/\/www.miamibeachfl.gov\/#organization"},"potentialAction":[{"@type":"SearchAction","target":{"@type":"EntryPoint","urlTemplate":"https:\/\/www.miamibeachfl.gov\/?s={search_term_string}"},"query-input":{"@type":"PropertyValueSpecification","valueRequired":true,"valueName":"search_term_string"}}],"inLanguage":"fr-FR"},{"@type":"Organization","@id":"https:\/\/www.miamibeachfl.gov\/#organization","name":"Ville de Miami Beach","url":"https:\/\/www.miamibeachfl.gov\/","logo":{"@type":"ImageObject","inLanguage":"fr-FR","@id":"https:\/\/www.miamibeachfl.gov\/#\/schema\/logo\/image\/","url":"https:\/\/www.miamibeachfl.gov\/wp-content\/uploads\/2022\/06\/miamibeach-logoblue.png","contentUrl":"https:\/\/www.miamibeachfl.gov\/wp-content\/uploads\/2022\/06\/miamibeach-logoblue.png","width":1962,"height":381,"caption":"City of Miami Beach"},"image":{"@id":"https:\/\/www.miamibeachfl.gov\/#\/schema\/logo\/image\/"},"sameAs":["https:\/\/www.facebook.com\/cityofmiamibeach","https:\/\/x.com\/Miamibeachnews","https:\/\/www.instagram.com\/miamibeachnews\/"],"description":"Site officiel de la ville de Miami Beach. Restez inform\u00e9 et trouvez des informations importantes sur les services municipaux, les actualit\u00e9s, les alertes, les \u00e9v\u00e9nements, les itin\u00e9raires de tramway, les emplois gouvernementaux et bien plus encore.","telephone":"305.604.CITY(2489)","legalName":"City of Miami Beach"}]}},"_links":{"self":[{"href":"https:\/\/www.miamibeachfl.gov\/fr\/wp-json\/wp\/v2\/pages\/361996","targetHints":{"allow":["GET"]}}],"collection":[{"href":"https:\/\/www.miamibeachfl.gov\/fr\/wp-json\/wp\/v2\/pages"}],"about":[{"href":"https:\/\/www.miamibeachfl.gov\/fr\/wp-json\/wp\/v2\/types\/page"}],"author":[{"embeddable":true,"href":"https:\/\/www.miamibeachfl.gov\/fr\/wp-json\/wp\/v2\/users\/329"}],"replies":[{"embeddable":true,"href":"https:\/\/www.miamibeachfl.gov\/fr\/wp-json\/wp\/v2\/comments?post=361996"}],"version-history":[{"count":2,"href":"https:\/\/www.miamibeachfl.gov\/fr\/wp-json\/wp\/v2\/pages\/361996\/revisions"}],"predecessor-version":[{"id":388022,"href":"https:\/\/www.miamibeachfl.gov\/fr\/wp-json\/wp\/v2\/pages\/361996\/revisions\/388022"}],"up":[{"embeddable":true,"href":"https:\/\/www.miamibeachfl.gov\/fr\/wp-json\/wp\/v2\/pages\/223013"}],"wp:attachment":[{"href":"https:\/\/www.miamibeachfl.gov\/fr\/wp-json\/wp\/v2\/media?parent=361996"}],"wp:term":[{"taxonomy":"category","embeddable":true,"href":"https:\/\/www.miamibeachfl.gov\/fr\/wp-json\/wp\/v2\/categories?post=361996"},{"taxonomy":"post_tag","embeddable":true,"href":"https:\/\/www.miamibeachfl.gov\/fr\/wp-json\/wp\/v2\/tags?post=361996"}],"curies":[{"name":"wp","href":"https:\/\/api.w.org\/{rel}","templated":true}]}}