{"id":362357,"date":"2025-02-13T08:02:50","date_gmt":"2025-02-13T13:02:50","guid":{"rendered":"https:\/\/www.miamibeachfl.gov\/?page_id=362357"},"modified":"2026-02-10T12:16:26","modified_gmt":"2026-02-10T17:16:26","slug":"giveawayterms","status":"publish","type":"page","link":"https:\/\/www.miamibeachfl.gov\/fr\/giveawayterms\/","title":{"rendered":"Conditions du concours sur les r\u00e9seaux sociaux de Miami Beach"},"content":{"rendered":"<h1>\n\t\t\tConcours sur les r\u00e9seaux sociaux Miami Beach X SOBEWFF\u00ae\t<\/h1>\n\t<p>The City of Miami Beach has launched a social media drawing for SOBEWFF\u00ae via our Instagram channel asking followers to complete the steps outlined below to be entered into a draw to win two (2) General Admission tickets to the SOBEWFF\u00ae Goya Foods&#8217; Grand Tasting Village on Sunday, February 22, 2026.<\/p>\n<p>Il n&#039;y aura qu&#039;un seul gagnant s\u00e9lectionn\u00e9 pour le prix de 2 billets attribu\u00e9.<\/p>\n<h3>\n\t\t\tCha\u00eene : Instagram @miamibeachnews\t<\/h3>\n\t<blockquote data-instgrm-permalink=\"https:\/\/www.instagram.com\/miamibeachnews\/?utm_source=ig_embed&amp;utm_campaign=loading\" data-instgrm-version=\"14\"> <a href=\"https:\/\/www.instagram.com\/miamibeachnews\/?utm_source=ig_embed&amp;utm_campaign=loading\" target=\"_blank\">       Voir ce profil sur Instagram            <\/a><p><a href=\"https:\/\/www.instagram.com\/miamibeachnews\/?utm_source=ig_embed&amp;utm_campaign=loading\" target=\"_blank\">Ville de Miami Beach<\/a> (@<a href=\"https:\/\/www.instagram.com\/miamibeachnews\/?utm_source=ig_embed&amp;utm_campaign=loading\" target=\"_blank\">Miami Beach News<\/a>) \u2022 Photos et vid\u00e9os Instagram<\/p><\/blockquote>\n<h3>\n\t\t\tComment cela fonctionnera :\t<\/h3>\n\t<p>One entry per person per social media channel. The contest for this prize is being promoted on Instagram. Fraudulent methods of entry or circumvention of the rules may result in the City of Miami Beach invalidating a participant&#8217;s entries.<\/p>\n<h3>\n\t\t\t\u00c9tapes pour participer au concours sur Instagram :\t<\/h3>\n\t<ol>\n<li>Suivez-nous sur Instagram @miamibeachnews et @sobewff<\/li>\n<li>Share this post on your story using the hashtag #MiamiBeachGiveaway. (Don&#8217;t forget to tag us!)<\/li>\n<li>Tag the person you&#8217;d bring with you to the event in the comments on the Instagram post.<\/li>\n<\/ol>\n\t<ol>\n<li><strong>Admissibilit\u00e9<\/strong><br \/>\nMust be 21 years or older to be eligible for the contest. Must complete all steps for contest to be eligible for random drawing. City of Miami Beach subsidiaries, affiliates, suppliers, advertising and promotion agencies, employees&#8217; and immediate family members are ineligible participate in the contest\/giveaway. Void where prohibited by law.<\/li>\n<li><strong>Parrainage<\/strong><br \/>\nConcours administr\u00e9 par la ville de Miami Beach situ\u00e9e au 1700 Convention Ctr Dr, Miami Beach, FL 33139 avec un prix offert par le SOBEWFF\u00ae situ\u00e9 \u00e0 la Chaplin School of Hospitality &amp; Tourism Management, Biscayne Bay Campus, 3000 NE 151st Street, North Miami, FL 33181.<\/li>\n<li><strong>Accord sur les r\u00e8gles<\/strong><br \/>\nBy entering your contest, participants agree to abide by the City of Miami Beach&#8217;s Official Rules and decisions. Miami Beach reserves the right to refuse, withdraw, or disqualify entries at our sole discretion. By entering this contest participants agree to accept the decision of the Sponsor as final and binding.<\/li>\n<li><strong>P\u00e9riode d&#039;entr\u00e9e<\/strong><br \/>\n\u2022 The SOBEWFF\u00ae Goya Foods&#8217; Grand Tasting Village &#8211; Sunday, February 22, 2026, promotion will run from Tuesday, February 10, 2026 at 12:30 p.m. EST through Wednesday, February 11, 2026 at 12:30 p.m. EST.<\/li>\n<li><strong>Prix<\/strong><br \/>\nOnly one person will be awarded the prize. This prize is not transferable. Acceptance of this prize grants the City of Miami Beach permission to use the winner&#8217;s entry, name, and likeness for advertising, promotion, and trade without further compensation or remuneration unless prohibited by law.<br \/>\n\u2022 One winner will receive a 2 pack of General Admission tickets to the Sunday, February 22, 2026 SOBEWFF\u00ae Goya Foods&#8217; Grand Tasting Village, which is valued at approximately $558.<\/li>\n<li><strong>Chances<\/strong><br \/>\nLes chances de gagner d\u00e9pendent du nombre de participations admissibles re\u00e7ues.<\/li>\n<li><strong>S\u00e9lection et notification du gagnant<\/strong><br \/>\nLes gagnants seront s\u00e9lectionn\u00e9s par tirage au sort sous la supervision de la Ville de Miami Beach. Ils seront inform\u00e9s le jour de la fin du concours par message priv\u00e9 sur Instagram, puis par e-mail. Ils devront r\u00e9cup\u00e9rer leur prix, qui pourra \u00eatre annul\u00e9 s&#039;ils ne r\u00e9pondent pas dans les 24 heures. La Ville de Miami Beach d\u00e9cline toute responsabilit\u00e9 en cas de non-r\u00e9ception de la notification de gain par le gagnant si celui-ci a particip\u00e9 au concours avec un compte non fonctionnel au moment de la notification. La r\u00e9ception du prix est soumise au respect des lois f\u00e9d\u00e9rales, \u00e9tatiques et locales, etc.<\/li>\n<li><strong>Droits accord\u00e9s par le participant<\/strong><br \/>\nD\u00e8s la soumission d&#039;une participation au concours, la Ville de Miami Beach se r\u00e9serve le droit d&#039;utiliser la participation, la voix, l&#039;image, les d\u00e9clarations relatives au concours, etc., du participant \u00e0 des fins publicitaires, d&#039;actualit\u00e9, promotionnelles, commerciales, etc., sans pr\u00e9avis, examen, consentement ni r\u00e9mun\u00e9ration. Les participations doivent \u00eatre originales et ne pas porter atteinte aux droits de propri\u00e9t\u00e9 intellectuelle de quiconque. Toute participation portant atteinte aux droits de propri\u00e9t\u00e9 intellectuelle d&#039;autrui entra\u00eenera la disqualification du participant.<\/li>\n<li><strong>Conditions g\u00e9n\u00e9rales<\/strong><br \/>\nLa Ville de Miami Beach se r\u00e9serve le droit de modifier, suspendre, annuler ou mettre fin \u00e0 ce concours en cas d&#039;intervention humaine non autoris\u00e9e, de bug ou de virus, de fraude ou de toute autre cause ind\u00e9pendante de sa volont\u00e9, susceptible d&#039;affecter ou de compromettre la s\u00e9curit\u00e9, l&#039;\u00e9quit\u00e9, le bon d\u00e9roulement ou l&#039;administration du concours\/concours. La Ville de Miami Beach se r\u00e9serve le droit de disqualifier toute personne enfreignant les conditions g\u00e9n\u00e9rales, ainsi que le droit de r\u00e9clamer des dommages et int\u00e9r\u00eats dans toute la mesure permise par la loi si un participant a caus\u00e9 d\u00e9lib\u00e9r\u00e9ment des dommages ou port\u00e9 atteinte au bon d\u00e9roulement de la promotion.<\/li>\n<li><strong>Limitation de responsabilit\u00e9<\/strong><br \/>\nParticipant&#8217;s entry into this giveaway constitutes his or her agreement to release and hold harmless the City of Miami Beach and its subsidiaries, affiliates, employees, etc., against all claims liability, illness, injury, death, loss, etc., that occurs directly or indirectly from participation in the contest or use\/misuse of the awarded prize.<\/li>\n<li><strong>Litiges<\/strong><br \/>\nLe participant accepte, comme condition de participation \u00e0 la promotion, que tout litige non r\u00e9solu entre lui et la Ville de Miami Beach soit individuellement r\u00e9gl\u00e9 devant un tribunal de l&#039;\u00c9tat de Floride, sans recours collectif. Les participants renoncent \u00e0 tout droit \u00e0 des dommages-int\u00e9r\u00eats punitifs, accessoires ou cons\u00e9cutifs, ainsi qu&#039;\u00e0 tout droit \u00e0 une multiplication ou une majoration de ces dommages-int\u00e9r\u00eats.<\/li>\n<li><strong>politique de confidentialit\u00e9<\/strong><br \/>\nToute information partag\u00e9e est soumise \u00e0 la politique de confidentialit\u00e9 de la ville de Miami Beach (https:\/\/www.miamibeachfl.gov\/policies-disclaimers\/).<\/li>\n<li><strong>Liste des gagnants<\/strong><br \/>\nLes participants peuvent demander une copie de la liste des gagnants en contactant MadisonBrown@miamibeachfl.gov.<\/li>\n<li><strong>R\u00e8gles des plateformes de m\u00e9dias sociaux<\/strong><br \/>\nLe concours de billets SOBEWFF\u00ae organis\u00e9 par la ville de Miami Beach n&#039;est en aucun cas sponsoris\u00e9, approuv\u00e9, administr\u00e9 par, ou associ\u00e9 \u00e0 SOBEWFF\u00ae ou \u00e0 Instagram.<\/li>\n<li><strong>D\u00e9claration d&#039;acceptation et d&#039;accord avec l&#039;ensemble du r\u00e8glement officiel<\/strong><br \/>\nEn participant au concours, le participant a explicitement examin\u00e9, accept\u00e9 et convenu de tous les termes et conditions ci-dessus.<\/li>\n<\/ol>","protected":false},"excerpt":{"rendered":"<p>Concours sur les r\u00e9seaux sociaux Miami Beach X SOBEWFF\u00ae La ville de Miami Beach a lanc\u00e9 un tirage au sort sur les r\u00e9seaux sociaux pour SOBEWFF\u00ae [\u2026]<\/p>","protected":false},"author":222,"featured_media":0,"parent":0,"menu_order":13,"comment_status":"closed","ping_status":"closed","template":"","meta":{"_searchwp_excluded":"","site-sidebar-layout":"default","site-content-layout":"","ast-site-content-layout":"default","site-content-style":"default","site-sidebar-style":"default","ast-global-header-display":"","ast-banner-title-visibility":"","ast-main-header-display":"","ast-hfb-above-header-display":"","ast-hfb-below-header-display":"","ast-hfb-mobile-header-display":"","site-post-title":"","ast-breadcrumbs-content":"","ast-featured-img":"","footer-sml-layout":"","theme-transparent-header-meta":"","adv-header-id-meta":"","stick-header-meta":"","header-above-stick-meta":"","header-main-stick-meta":"","header-below-stick-meta":"","astra-migrate-meta-layouts":"default","ast-page-background-enabled":"default","ast-page-background-meta":{"desktop":{"background-color":"var(--ast-global-color-5)","background-image":"","background-repeat":"repeat","background-position":"center center","background-size":"auto","background-attachment":"scroll","background-type":"","background-media":"","overlay-type":"","overlay-color":"","overlay-opacity":"","overlay-gradient":""},"tablet":{"background-color":"","background-image":"","background-repeat":"repeat","background-position":"center center","background-size":"auto","background-attachment":"scroll","background-type":"","background-media":"","overlay-type":"","overlay-color":"","overlay-opacity":"","overlay-gradient":""},"mobile":{"background-color":"","background-image":"","background-repeat":"repeat","background-position":"center center","background-size":"auto","background-attachment":"scroll","background-type":"","background-media":"","overlay-type":"","overlay-color":"","overlay-opacity":"","overlay-gradient":""}},"ast-content-background-meta":{"desktop":{"background-color":"var(--ast-global-color-4)","background-image":"","background-repeat":"repeat","background-position":"center center","background-size":"auto","background-attachment":"scroll","background-type":"","background-media":"","overlay-type":"","overlay-color":"","overlay-opacity":"","overlay-gradient":""},"tablet":{"background-color":"var(--ast-global-color-4)","background-image":"","background-repeat":"repeat","background-position":"center center","background-size":"auto","background-attachment":"scroll","background-type":"","background-media":"","overlay-type":"","overlay-color":"","overlay-opacity":"","overlay-gradient":""},"mobile":{"background-color":"var(--ast-global-color-4)","background-image":"","background-repeat":"repeat","background-position":"center center","background-size":"auto","background-attachment":"scroll","background-type":"","background-media":"","overlay-type":"","overlay-color":"","overlay-opacity":"","overlay-gradient":""}},"footnotes":""},"categories":[1],"tags":[],"class_list":["post-362357","page","type-page","status-publish","hentry","category-uncategorized"],"yoast_head":"<!-- This site is optimized with the Yoast SEO Premium plugin v26.6 (Yoast SEO v26.6) - https:\/\/yoast.com\/wordpress\/plugins\/seo\/ -->\n<title>Miami Beach Social Media Contest Giveaway Terms - City of Miami Beach<\/title>\n<meta name=\"description\" content=\"The City of Miami Beach has launched a social media drawing for SOBEWFF\u00ae via our Instagram channel asking followers to complete the steps outlined below to be entered into a draw to win two (2) General Admission tickets to the SOBEWFF\u00ae Goya Foods&#039; Grand Tasting Village- 2\/23\/25.\" \/>\n<meta name=\"robots\" content=\"index, follow, max-snippet:-1, max-image-preview:large, max-video-preview:-1\" \/>\n<link rel=\"canonical\" href=\"https:\/\/www.miamibeachfl.gov\/fr\/giveawayterms\/\" \/>\n<meta property=\"og:locale\" content=\"fr_FR\" \/>\n<meta property=\"og:type\" content=\"article\" \/>\n<meta property=\"og:title\" content=\"Miami Beach Social Media Contest Giveaway Terms\" \/>\n<meta property=\"og:description\" content=\"The City of Miami Beach has launched a social media drawing for SOBEWFF\u00ae via our Instagram channel asking followers to complete the steps outlined below to be entered into a draw to win two (2) General Admission tickets to the SOBEWFF\u00ae Goya Foods&#039; Grand Tasting Village- 2\/23\/25.\" \/>\n<meta property=\"og:url\" content=\"https:\/\/www.miamibeachfl.gov\/fr\/giveawayterms\/\" \/>\n<meta property=\"og:site_name\" content=\"City of Miami Beach\" \/>\n<meta property=\"article:publisher\" content=\"https:\/\/www.facebook.com\/cityofmiamibeach\" \/>\n<meta property=\"article:modified_time\" content=\"2026-02-10T17:16:26+00:00\" \/>\n<meta property=\"og:image\" content=\"https:\/\/www.miamibeachfl.gov\/wp-content\/uploads\/2024\/01\/1000pxSquare-miamibeach-aerial-southpointview.jpeg\" \/>\n\t<meta property=\"og:image:width\" content=\"1000\" \/>\n\t<meta property=\"og:image:height\" content=\"1000\" \/>\n\t<meta property=\"og:image:type\" content=\"image\/jpeg\" \/>\n<meta name=\"twitter:card\" content=\"summary_large_image\" \/>\n<meta name=\"twitter:site\" content=\"@Miamibeachnews\" \/>\n<script type=\"application\/ld+json\" class=\"yoast-schema-graph\">{\"@context\":\"https:\/\/schema.org\",\"@graph\":[{\"@type\":\"WebPage\",\"@id\":\"https:\/\/www.miamibeachfl.gov\/giveawayterms\/\",\"url\":\"https:\/\/www.miamibeachfl.gov\/giveawayterms\/\",\"name\":\"Miami Beach Social Media Contest Giveaway Terms - City of Miami Beach\",\"isPartOf\":{\"@id\":\"https:\/\/www.miamibeachfl.gov\/#website\"},\"datePublished\":\"2025-02-13T13:02:50+00:00\",\"dateModified\":\"2026-02-10T17:16:26+00:00\",\"description\":\"The City of Miami Beach has launched a social media drawing for SOBEWFF\u00ae via our Instagram channel asking followers to complete the steps outlined below to be entered into a draw to win two (2) General Admission tickets to the SOBEWFF\u00ae Goya Foods' Grand Tasting Village- 2\/23\/25.\",\"breadcrumb\":{\"@id\":\"https:\/\/www.miamibeachfl.gov\/giveawayterms\/#breadcrumb\"},\"inLanguage\":\"fr-FR\",\"potentialAction\":[{\"@type\":\"ReadAction\",\"target\":[\"https:\/\/www.miamibeachfl.gov\/giveawayterms\/\"]}]},{\"@type\":\"BreadcrumbList\",\"@id\":\"https:\/\/www.miamibeachfl.gov\/giveawayterms\/#breadcrumb\",\"itemListElement\":[{\"@type\":\"ListItem\",\"position\":1,\"name\":\"Home\",\"item\":\"https:\/\/www.miamibeachfl.gov\/\"},{\"@type\":\"ListItem\",\"position\":2,\"name\":\"Miami Beach Social Media Contest Giveaway Terms\"}]},{\"@type\":\"WebSite\",\"@id\":\"https:\/\/www.miamibeachfl.gov\/#website\",\"url\":\"https:\/\/www.miamibeachfl.gov\/\",\"name\":\"City of Miami Beach\",\"description\":\"The official website of the City of Miami Beach. Stay informed, find important information on city services, news, alerts, events, trolley routes, government employment and more.\",\"publisher\":{\"@id\":\"https:\/\/www.miamibeachfl.gov\/#organization\"},\"potentialAction\":[{\"@type\":\"SearchAction\",\"target\":{\"@type\":\"EntryPoint\",\"urlTemplate\":\"https:\/\/www.miamibeachfl.gov\/?s={search_term_string}\"},\"query-input\":{\"@type\":\"PropertyValueSpecification\",\"valueRequired\":true,\"valueName\":\"search_term_string\"}}],\"inLanguage\":\"fr-FR\"},{\"@type\":\"Organization\",\"@id\":\"https:\/\/www.miamibeachfl.gov\/#organization\",\"name\":\"City of Miami Beach\",\"url\":\"https:\/\/www.miamibeachfl.gov\/\",\"logo\":{\"@type\":\"ImageObject\",\"inLanguage\":\"fr-FR\",\"@id\":\"https:\/\/www.miamibeachfl.gov\/#\/schema\/logo\/image\/\",\"url\":\"https:\/\/www.miamibeachfl.gov\/wp-content\/uploads\/2022\/06\/miamibeach-logoblue.png\",\"contentUrl\":\"https:\/\/www.miamibeachfl.gov\/wp-content\/uploads\/2022\/06\/miamibeach-logoblue.png\",\"width\":1962,\"height\":381,\"caption\":\"City of Miami Beach\"},\"image\":{\"@id\":\"https:\/\/www.miamibeachfl.gov\/#\/schema\/logo\/image\/\"},\"sameAs\":[\"https:\/\/www.facebook.com\/cityofmiamibeach\",\"https:\/\/x.com\/Miamibeachnews\",\"https:\/\/www.instagram.com\/miamibeachnews\/\"],\"description\":\"The official website of the City of Miami Beach. Stay informed, find important information on city services, news, alerts, events, trolley routes, government employment and more.\",\"telephone\":\"305.604.CITY(2489)\",\"legalName\":\"City of Miami Beach\"}]}<\/script>\n<!-- \/ Yoast SEO Premium plugin. -->","yoast_head_json":{"title":"Conditions du concours sur les r\u00e9seaux sociaux de Miami Beach - Ville de Miami Beach","description":"La ville de Miami Beach a lanc\u00e9 un tirage au sort sur les r\u00e9seaux sociaux pour SOBEWFF\u00ae via notre cha\u00eene Instagram demandant aux abonn\u00e9s de suivre les \u00e9tapes d\u00e9crites ci-dessous pour participer \u00e0 un tirage au sort pour gagner deux (2) billets d&#039;entr\u00e9e g\u00e9n\u00e9rale au Grand Tasting Village de SOBEWFF\u00ae Goya Foods - 23\/02\/25.","robots":{"index":"index","follow":"follow","max-snippet":"max-snippet:-1","max-image-preview":"max-image-preview:large","max-video-preview":"max-video-preview:-1"},"canonical":"https:\/\/www.miamibeachfl.gov\/fr\/giveawayterms\/","og_locale":"fr_FR","og_type":"article","og_title":"Miami Beach Social Media Contest Giveaway Terms","og_description":"The City of Miami Beach has launched a social media drawing for SOBEWFF\u00ae via our Instagram channel asking followers to complete the steps outlined below to be entered into a draw to win two (2) General Admission tickets to the SOBEWFF\u00ae Goya Foods' Grand Tasting Village- 2\/23\/25.","og_url":"https:\/\/www.miamibeachfl.gov\/fr\/giveawayterms\/","og_site_name":"City of Miami Beach","article_publisher":"https:\/\/www.facebook.com\/cityofmiamibeach","article_modified_time":"2026-02-10T17:16:26+00:00","og_image":[{"width":1000,"height":1000,"url":"https:\/\/www.miamibeachfl.gov\/wp-content\/uploads\/2024\/01\/1000pxSquare-miamibeach-aerial-southpointview.jpeg","type":"image\/jpeg"}],"twitter_card":"summary_large_image","twitter_site":"@Miamibeachnews","schema":{"@context":"https:\/\/schema.org","@graph":[{"@type":"WebPage","@id":"https:\/\/www.miamibeachfl.gov\/giveawayterms\/","url":"https:\/\/www.miamibeachfl.gov\/giveawayterms\/","name":"Conditions du concours sur les r\u00e9seaux sociaux de Miami Beach - Ville de Miami Beach","isPartOf":{"@id":"https:\/\/www.miamibeachfl.gov\/#website"},"datePublished":"2025-02-13T13:02:50+00:00","dateModified":"2026-02-10T17:16:26+00:00","description":"La ville de Miami Beach a lanc\u00e9 un tirage au sort sur les r\u00e9seaux sociaux pour SOBEWFF\u00ae via notre cha\u00eene Instagram demandant aux abonn\u00e9s de suivre les \u00e9tapes d\u00e9crites ci-dessous pour participer \u00e0 un tirage au sort pour gagner deux (2) billets d&#039;entr\u00e9e g\u00e9n\u00e9rale au Grand Tasting Village de SOBEWFF\u00ae Goya Foods - 23\/02\/25.","breadcrumb":{"@id":"https:\/\/www.miamibeachfl.gov\/giveawayterms\/#breadcrumb"},"inLanguage":"fr-FR","potentialAction":[{"@type":"ReadAction","target":["https:\/\/www.miamibeachfl.gov\/giveawayterms\/"]}]},{"@type":"BreadcrumbList","@id":"https:\/\/www.miamibeachfl.gov\/giveawayterms\/#breadcrumb","itemListElement":[{"@type":"ListItem","position":1,"name":"Home","item":"https:\/\/www.miamibeachfl.gov\/"},{"@type":"ListItem","position":2,"name":"Miami Beach Social Media Contest Giveaway Terms"}]},{"@type":"WebSite","@id":"https:\/\/www.miamibeachfl.gov\/#website","url":"https:\/\/www.miamibeachfl.gov\/","name":"Ville de Miami Beach","description":"Site officiel de la ville de Miami Beach. Restez inform\u00e9 et trouvez des informations importantes sur les services municipaux, les actualit\u00e9s, les alertes, les \u00e9v\u00e9nements, les itin\u00e9raires de tramway, les emplois gouvernementaux et bien plus encore.","publisher":{"@id":"https:\/\/www.miamibeachfl.gov\/#organization"},"potentialAction":[{"@type":"SearchAction","target":{"@type":"EntryPoint","urlTemplate":"https:\/\/www.miamibeachfl.gov\/?s={search_term_string}"},"query-input":{"@type":"PropertyValueSpecification","valueRequired":true,"valueName":"search_term_string"}}],"inLanguage":"fr-FR"},{"@type":"Organization","@id":"https:\/\/www.miamibeachfl.gov\/#organization","name":"Ville de Miami Beach","url":"https:\/\/www.miamibeachfl.gov\/","logo":{"@type":"ImageObject","inLanguage":"fr-FR","@id":"https:\/\/www.miamibeachfl.gov\/#\/schema\/logo\/image\/","url":"https:\/\/www.miamibeachfl.gov\/wp-content\/uploads\/2022\/06\/miamibeach-logoblue.png","contentUrl":"https:\/\/www.miamibeachfl.gov\/wp-content\/uploads\/2022\/06\/miamibeach-logoblue.png","width":1962,"height":381,"caption":"City of Miami Beach"},"image":{"@id":"https:\/\/www.miamibeachfl.gov\/#\/schema\/logo\/image\/"},"sameAs":["https:\/\/www.facebook.com\/cityofmiamibeach","https:\/\/x.com\/Miamibeachnews","https:\/\/www.instagram.com\/miamibeachnews\/"],"description":"Site officiel de la ville de Miami Beach. Restez inform\u00e9 et trouvez des informations importantes sur les services municipaux, les actualit\u00e9s, les alertes, les \u00e9v\u00e9nements, les itin\u00e9raires de tramway, les emplois gouvernementaux et bien plus encore.","telephone":"305.604.CITY(2489)","legalName":"City of Miami Beach"}]}},"_links":{"self":[{"href":"https:\/\/www.miamibeachfl.gov\/fr\/wp-json\/wp\/v2\/pages\/362357","targetHints":{"allow":["GET"]}}],"collection":[{"href":"https:\/\/www.miamibeachfl.gov\/fr\/wp-json\/wp\/v2\/pages"}],"about":[{"href":"https:\/\/www.miamibeachfl.gov\/fr\/wp-json\/wp\/v2\/types\/page"}],"author":[{"embeddable":true,"href":"https:\/\/www.miamibeachfl.gov\/fr\/wp-json\/wp\/v2\/users\/222"}],"replies":[{"embeddable":true,"href":"https:\/\/www.miamibeachfl.gov\/fr\/wp-json\/wp\/v2\/comments?post=362357"}],"version-history":[{"count":0,"href":"https:\/\/www.miamibeachfl.gov\/fr\/wp-json\/wp\/v2\/pages\/362357\/revisions"}],"wp:attachment":[{"href":"https:\/\/www.miamibeachfl.gov\/fr\/wp-json\/wp\/v2\/media?parent=362357"}],"wp:term":[{"taxonomy":"category","embeddable":true,"href":"https:\/\/www.miamibeachfl.gov\/fr\/wp-json\/wp\/v2\/categories?post=362357"},{"taxonomy":"post_tag","embeddable":true,"href":"https:\/\/www.miamibeachfl.gov\/fr\/wp-json\/wp\/v2\/tags?post=362357"}],"curies":[{"name":"wp","href":"https:\/\/api.w.org\/{rel}","templated":true}]}}