{"id":367827,"date":"2025-03-27T11:09:46","date_gmt":"2025-03-27T15:09:46","guid":{"rendered":"https:\/\/www.miamibeachfl.gov\/?page_id=367827"},"modified":"2025-06-09T12:26:12","modified_gmt":"2025-06-09T16:26:12","slug":"fire-stations","status":"publish","type":"page","link":"https:\/\/www.miamibeachfl.gov\/fr\/city-hall\/fire\/fire-rescue\/fire-stations\/","title":{"rendered":"Casernes de pompiers"},"content":{"rendered":"\n\n\t\t<link itemprop=\"url\" href=\"https:\/\/www.miamibeachfl.gov\"\/>\n\t\t<a itemprop=\"sameAs\" href=\"https:\/\/www.facebook.com\/miamibeachfire\/\" target=\"_blank\" title=\"\" aria-label=\"\" role=\"button\" rel=\"noopener noreferrer external\">\n\t\t\t\t\t<\/a>\n\t\t<link itemprop=\"url\" href=\"https:\/\/www.miamibeachfl.gov\"\/>\n\t\t<a itemprop=\"sameAs\" href=\"https:\/\/twitter.com\/miamibeachfire\" target=\"_blank\" title=\"\" aria-label=\"\" role=\"button\" rel=\"noopener noreferrer external\">\n\t\t\t\t\t<\/a>\n\t\t<link itemprop=\"url\" href=\"https:\/\/www.miamibeachfl.gov\"\/>\n\t\t<a itemprop=\"sameAs\" href=\"https:\/\/www.instagram.com\/miamibeachfire\/?hl=en\" target=\"_blank\" title=\"\" aria-label=\"\" role=\"button\" rel=\"noopener noreferrer external\">\n\t\t\t\t\t<\/a>\n\t\t\t<style>\n\t\t\t\n\t\t\t\t\t\t\t#searchwp-form-3 .swp-input,\n                #searchwp-form-3 .swp-select {\n                    border: 1px solid #ffffff;\n                    border-radius: 5px;\n                }\n\t\t\t\t#searchwp-form-3 .searchwp-form-input-container .swp-select {\n                    border-top-right-radius: 0;\n                    border-bottom-right-radius: 0;\n                    border-right: 0;\n                }\n\t\t\t\t#searchwp-form-3 .searchwp-form-input-container .swp-select + .swp-input {\n                    border-top-left-radius: 0;\n                    border-bottom-left-radius: 0;\n                }\n\t\t\t\t#searchwp-form-3 input[type=submit] {\n                    border-radius: 5px;\n                }\n\t\t\t\n\t\t\t\n\t\t\t                #searchwp-form-3 .swp-toggle-checkbox:checked + .swp-toggle-switch,\n                #searchwp-form-3 .swp-toggle-switch--checked  {\n                    background: #ffffff;\n                }\n\t\t\t\n\t\t\t\n\t\t\t\t\t\t\t#searchwp-form-3 input[type=submit] {\n                    background-color: #7c1e20;\n                }\n\t\t\t\n\t\t\t\n\t\t\t\n\t\t\t\t\t<\/style>\n\t\t\t\t<form id=\"searchwp-form-3\"\n\t\t\trole=\"search\"\n\t\t\tmethod=\"get\"\n\t\t\tclass=\"searchwp-form\"\n\t\t\taction=\"https:\/\/www.miamibeachfl.gov\/fr\/\"\n\t\t\taria-label=\"Search\"\n\t\t\t\t\t\t>\n\t\t\t<input type=\"hidden\" name=\"swp_form[form_id]\" value=\"3\">\n\t\t\t<div class=\"swp-flex--col swp-flex--wrap swp-flex--gap-md\">\n\t\t\t\t<div class=\"swp-flex--row swp-items-stretch swp-flex--gap-md\">\n\t\t\t\t\t<div class=\"searchwp-form-input-container swp-items-stretch\">\n\t\t\t\t\t\t\t\t\t\t\t\t\t\t<input type=\"search\"\n\t\t\tclass=\"swp-input--search swp-input\"\n\t\t\tplaceholder=\"\"\n\t\t\tvalue=\"\"\n\t\t\tname=\"swps\"\n\t\t\ttitle=\"\"\n\t\t\taria-label=\"Search\"\n\t\t\taria-required=\"false\"\n\t\t\t data-swplive=\"true\" data-swpengine=\"fire_department\"\t\t\/>\n\t\t\t\t\t\t\t\t\t\t\t\t\t<\/div>\n\t\t\t\t\t\t\t<input type=\"submit\"\n\t\t\tclass=\"search-submit swp-button\"\n\t\t\tvalue=\"SEARCH\"\n\t\t\taria-label=\"SEARCH\"\n\t\t\/>\n\t\t\t\t\t\t<\/div>\n\t\t\t\t\t\t\t\t\t\t\t<\/div>\n\t\t\t\t\t<\/form>\n\t\t\n\t\t\t\t<a href=\"\/city-hall\/fire\"  target=\"_self\" itemprop=\"url\">\n\t\t\t\t<img decoding=\"async\" src=\"https:\/\/www.miamibeachfl.gov\/wp-content\/uploads\/2025\/03\/2024FIRELogo.png\" alt=\"Fire Department Logo\" itemprop=\"image\" height=\"437\" width=\"437\" title=\"2024FIRELogo\" onerror=\"this.style.display='none'\" loading='lazy' \/>\n\t\t\t\t<\/a>\n\t\t\t<button tabindex=\"0\" aria-label=\"MENU\" aria-expanded=\"false\">\n\t\t\t\tMENU\t\t\t<\/button>\n\t<nav aria-label=\"Fire Department Menu\" itemscope=\"itemscope\" itemtype=\"https:\/\/schema.org\/SiteNavigationElement\">\n\t\t<ul id=\"menu-fire-new\"><li id=\"menu-item-367860\"><a aria-expanded=\"false\" href=\"#\">DIVISIONS<\/a><ul>\t<li id=\"menu-item-367866\"><a href=\"\/city-hall\/fire\/emergency-management\/\">Emergency Management &#038; Preparedness<\/a><\/li>\t<li id=\"menu-item-367867\"><a href=\"\/city-hall\/fire\/fire-prevention\/\">Fire Prevention &#038; Safety<\/a><\/li>\t<li id=\"menu-item-367868\"><a href=\"\/city-hall\/fire\/fire-rescue\/\">Fire Rescue &#038; Suppression<\/a><\/li>\t<li id=\"menu-item-367869\"><a href=\"\/city-hall\/fire\/ocean-rescue\/\">Ocean Rescue &#038; Beach Information<\/a><\/li>\t<li id=\"menu-item-367870\"><a href=\"\/city-hall\/fire\/public-safety-communications-division-911\/\">Public Safety Communications (911)<\/a><\/li><\/ul><\/li><li id=\"menu-item-367861\"><a href=\"\/city-hall\/fire\/fire-prevention\/building-inspections\/\">PERMITS &#038; INSPECTIONS<\/a><\/li><li id=\"menu-item-367862\"><a href=\"\/city-hall\/fire\/fire-prevention\/fire-safety-programs-services\/\">PROGRAMS<\/a><\/li><li id=\"menu-item-367864\"><a aria-expanded=\"false\" href=\"\/city-hall\/fire\/fire-contacts\/\">CONTACTS<\/a><ul>\t<li id=\"menu-item-367929\"><a href=\"https:\/\/miamibeachfl.justfoia.com\/publicportal\/home\/track\">Public Records Request<\/a><\/li><\/ul><\/li><li id=\"menu-item-371168\"><a href=\"\/city-hall\/fire\/emergency-management\/plan-and-prepare-emergency-preparation\/\">WEATHER EMERGENCIES<\/a><\/li><\/ul>\t<\/nav>\n\t<nav id=\"breadcrumbs\" aria-label=\"Breadcrumbs\"><a href=\"https:\/\/www.miamibeachfl.gov\/\">Home<\/a> &gt; <a href=\"https:\/\/www.miamibeachfl.gov\/city-hall\/\">City Hall<\/a> &gt; <a href=\"https:\/\/www.miamibeachfl.gov\/city-hall\/fire\/\">Fire<\/a> &gt; <a href=\"https:\/\/www.miamibeachfl.gov\/city-hall\/fire\/fire-rescue\/\">Fire Rescue and Fire Suppression<\/a> &gt; <strong>Fire Stations<\/strong><\/nav><h2  id=\"firestations\">\n\t\t\tFIRE STATIONS\t<\/h2>\n\t\t<ul>\n\t\t\t\t\t<li>\n\t\t\t\t\t\t\t\t\t\t\t<img loading=\"lazy\" decoding=\"async\" src=\"https:\/\/www.miamibeachfl.gov\/wp-content\/uploads\/2025\/04\/Fireshield-Station1.png\" alt=\"Fireshield-Station1\" width=\"200\" height=\"200\" \/>\n\t\t\t\t\n\t\t1051 Jefferson Ave.,<br \/>\nMiami Beach, FL 33139<br \/>\n<a href=\"tel:3056737135\"><strong>305.673.7135<\/strong><\/a>\n\t\t\t<\/li>\n\t\t\t\t\t<li>\n\t\t\t\t\t\t\t\t\t\t\t<img loading=\"lazy\" decoding=\"async\" src=\"https:\/\/www.miamibeachfl.gov\/wp-content\/uploads\/2025\/04\/Fireshield-Station2.png\" alt=\"Fireshield-Station2\" width=\"200\" height=\"200\" \/>\n\t\t\t\t\n\t\t2300 Pine Tree Dr.<br \/>\nMiami Beach, FL 33140<br \/>\n<a href=\"tel:3056737171\"><strong>305.673.7171<\/strong><\/a>\n\t\t\t<\/li>\n\t\t\t\t\t<li>\n\t\t\t\t\t\t\t\t\t\t\t<img loading=\"lazy\" decoding=\"async\" src=\"https:\/\/www.miamibeachfl.gov\/wp-content\/uploads\/2025\/04\/Fireshield-Station3.png\" alt=\"Fireshield-Station3\" width=\"200\" height=\"200\" \/>\n\t\t\t\t\n\t\t5303 Collins Ave.,<br \/>\nMiami Beach, FL 33140<br \/>\n<a href=\"tel:3056737179\"><strong>305.673.7179<\/strong><\/a>\n\t\t\t<\/li>\n\t\t\t\t\t<li>\n\t\t\t\t\t\t\t\t\t\t\t<img loading=\"lazy\" decoding=\"async\" src=\"https:\/\/www.miamibeachfl.gov\/wp-content\/uploads\/2025\/04\/Fireshield-Station4.png\" alt=\"Fireshield-Station4\" width=\"200\" height=\"200\" \/>\n\t\t\t\t\n\t\t6880 Indian Creek Dr.,<br \/>\nMiami Beach FL 33141<br \/>\n<a href=\"tel:3056737136\"><strong>305.673.7136<\/strong><\/a>\n\t\t\t<\/li>\n\t\t\t\t<\/ul>\n<h2>\n\t\t\tCity Quick Links:\t<\/h2>\n\t\t\t<a href=\"\/city-hall\/\" target=\"_blank\" rel=\"noopener\">\n\t\t\t\t\t\t\tCity Directory\n\t\t\t\t\t<\/a>\n\t\t\t<a href=\"\/city-hall\/city-clerk\/meeting-notices\/\" target=\"_blank\" rel=\"noopener\">\n\t\t\t\t\t\t\tCity Meeting Notices\n\t\t\t\t\t<\/a>\n\t\t\t<a href=\"\/city-hall\/city-clerk\/meetings-and-agendas\/\" target=\"_blank\" rel=\"noopener\">\n\t\t\t\t\t\t\tCommission &#038; Board Meetings\n\t\t\t\t\t<\/a>\n\t\t\t<a href=\"\/residents\/neighborhood-associations\/\" target=\"_blank\" rel=\"noopener\">\n\t\t\t\t\t\t\tNeighborhood &#038; Condominiums Associations\n\t\t\t\t\t<\/a>\n\t\t\t<a href=\"\/city-employee-helpful-links\/\" target=\"_blank\" rel=\"noopener\">\n\t\t\t\t\t\t\tEmployees\n\t\t\t\t\t<\/a>\n\t\t\t<a href=\"\/flood-awareness\/\" target=\"_blank\" rel=\"noopener\">\n\t\t\t\t\t\t\tFlood Awareness\n\t\t\t\t\t<\/a>\n\t\t\t<a href=\"\/city-hall\/transportation\/tracking-trolley-live\/\" target=\"_blank\" rel=\"noopener\">\n\t\t\t\t\t\t\tLive Trolley Updates\n\t\t\t\t\t<\/a>\n\t\t\t<a href=\"\/government\/master-plans\/\" target=\"_blank\" rel=\"noopener\">\n\t\t\t\t\t\t\tMaster Plans\n\t\t\t\t\t<\/a>\n\t\t\t<a href=\"\/city-hall\/parking\/\" target=\"_blank\" rel=\"noopener\">\n\t\t\t\t\t\t\tParking Information\n\t\t\t\t\t<\/a>\n\t\t\t<a href=\"\/city-hall\/parks-and-recreation\/\" target=\"_self\">\n\t\t\t\t\t\t\tParks &#038; Recreation\n\t\t\t\t\t<\/a>\n\t\t\t<a href=\"\/residents\/neighborhood-associations\/neighborhood-affairs-division\/active-projects\/other\/north-beach-cra\/\" target=\"_self\">\n\t\t\t\t\t\t\tNorth Beach Community Redevelopment Agency\n\t\t\t\t\t<\/a>\n\t\t\t<a href=\"https:\/\/www2.miami-dadeclerk.com\/PayParking\/\" target=\"_blank\" rel=\"noopener\">\n\t\t\t\t\t\t\tPay Parking Tickets\n\t\t\t\t\t<\/a>\n\t\t\t<a href=\"\/pay-invoice\/\" target=\"_blank\" rel=\"noopener\">\n\t\t\t\t\t\t\tPay Bills\n\t\t\t\t\t<\/a>\n\t\t\t<a href=\"\/city-hall\/environmental-sustainability\/sustainability\/recycling\/\" target=\"_self\">\n\t\t\t\t\t\t\tRecycle\n\t\t\t\t\t<\/a>\n\t\t\t<a href=\"\/inspectorgeneral\/\" target=\"_self\">\n\t\t\t\t\t\t\tReporting Fraud\n\t\t\t\t\t<\/a>\n\t\t\t<a href=\"\/city-hall\/city-clerk\/special-magistrate\/\" target=\"_self\">\n\t\t\t\t\t\t\tSpecial Magistrate\n\t\t\t\t\t<\/a>\n\t\t\t<a href=\"\/city-hall\/economic-development\/redevelopment-agency\/\" target=\"_self\">\n\t\t\t\t\t\t\tMiami Beach Redevelopment Agency\n\t\t\t\t\t<\/a>\n\t<p>\u00a9 2025 Copyright City of Miami Beach.<\/p>\n\t\t\t<a href=\"\/\" target=\"_self\">\n\t\t\t\t\t\t\tCity of Miami Beach Website\n\t\t\t\t\t<\/a>\n\t\t\t<a href=\"\/policies-disclaimers\/\" target=\"_self\">\n\t\t\t\t\t\t\tPolicies &#038; Disclaimers\n\t\t\t\t\t<\/a>\n\t\t\t<a href=\"\/accessibility\/\" target=\"_self\">\n\t\t\t\t\t\t\tAccessibility\n\t\t\t\t\t<\/a>\n\t\t\t<a href=\"\/policies-disclaimers\/#cookies\" target=\"_self\">\n\t\t\t\t\t\t\tCookie Settings\n\t\t\t\t\t<\/a>\n\n","protected":false},"excerpt":{"rendered":"<p>MENU DIVISIONS Emergency Management &#038; Preparedness Fire Prevention &#038; Safety Fire Rescue &#038; Suppression Ocean Rescue &#038; Beach Information Public [&hellip;]<\/p>\n","protected":false},"author":222,"featured_media":369018,"parent":28592,"menu_order":0,"comment_status":"closed","ping_status":"closed","template":"","meta":{"_searchwp_excluded":"1","site-sidebar-layout":"no-sidebar","site-content-layout":"page-builder","ast-site-content-layout":"","site-content-style":"default","site-sidebar-style":"default","ast-global-header-display":"disabled","ast-banner-title-visibility":"disabled","ast-main-header-display":"","ast-hfb-above-header-display":"","ast-hfb-below-header-display":"","ast-hfb-mobile-header-display":"","site-post-title":"disabled","ast-breadcrumbs-content":"","ast-featured-img":"disabled","footer-sml-layout":"disabled","ast-disable-related-posts":"","theme-transparent-header-meta":"","adv-header-id-meta":"","stick-header-meta":"","header-above-stick-meta":"","header-main-stick-meta":"","header-below-stick-meta":"","astra-migrate-meta-layouts":"default","ast-page-background-enabled":"default","ast-page-background-meta":{"desktop":{"background-color":"var(--ast-global-color-5)","background-image":"","background-repeat":"repeat","background-position":"center center","background-size":"auto","background-attachment":"scroll","background-type":"","background-media":"","overlay-type":"","overlay-color":"","overlay-opacity":"","overlay-gradient":""},"tablet":{"background-color":"","background-image":"","background-repeat":"repeat","background-position":"center center","background-size":"auto","background-attachment":"scroll","background-type":"","background-media":"","overlay-type":"","overlay-color":"","overlay-opacity":"","overlay-gradient":""},"mobile":{"background-color":"","background-image":"","background-repeat":"repeat","background-position":"center center","background-size":"auto","background-attachment":"scroll","background-type":"","background-media":"","overlay-type":"","overlay-color":"","overlay-opacity":"","overlay-gradient":""}},"ast-content-background-meta":{"desktop":{"background-color":"var(--ast-global-color-4)","background-image":"","background-repeat":"repeat","background-position":"center center","background-size":"auto","background-attachment":"scroll","background-type":"","background-media":"","overlay-type":"","overlay-color":"","overlay-opacity":"","overlay-gradient":""},"tablet":{"background-color":"var(--ast-global-color-4)","background-image":"","background-repeat":"repeat","background-position":"center center","background-size":"auto","background-attachment":"scroll","background-type":"","background-media":"","overlay-type":"","overlay-color":"","overlay-opacity":"","overlay-gradient":""},"mobile":{"background-color":"var(--ast-global-color-4)","background-image":"","background-repeat":"repeat","background-position":"center center","background-size":"auto","background-attachment":"scroll","background-type":"","background-media":"","overlay-type":"","overlay-color":"","overlay-opacity":"","overlay-gradient":""}},"footnotes":""},"categories":[1764,1770],"tags":[1738],"class_list":["post-367827","page","type-page","status-publish","has-post-thumbnail","hentry","category-fire-department","category-fire-stations","tag-fire-department"],"yoast_head":"<!-- This site is optimized with the Yoast SEO Premium plugin v27.4 (Yoast SEO v27.4) - https:\/\/yoast.com\/product\/yoast-seo-premium-wordpress\/ -->\n<title>Fire Stations - City of Miami Beach<\/title>\n<meta name=\"description\" content=\"%\" \/>\n<meta name=\"robots\" content=\"noindex, nofollow\" \/>\n<meta property=\"og:locale\" content=\"fr_FR\" \/>\n<meta property=\"og:type\" content=\"article\" \/>\n<meta property=\"og:title\" content=\"Fire Stations\" \/>\n<meta property=\"og:description\" content=\"%\" \/>\n<meta property=\"og:url\" content=\"https:\/\/www.miamibeachfl.gov\/fr\/city-hall\/fire\/fire-rescue\/fire-stations\/\" \/>\n<meta property=\"og:site_name\" content=\"City of Miami Beach\" \/>\n<meta property=\"article:publisher\" content=\"https:\/\/www.facebook.com\/cityofmiamibeach\" \/>\n<meta property=\"article:modified_time\" content=\"2025-06-09T16:26:12+00:00\" \/>\n<meta property=\"og:image\" content=\"https:\/\/www.miamibeachfl.gov\/wp-content\/uploads\/2025\/04\/FireStation4.jpg\" \/>\n\t<meta property=\"og:image:width\" content=\"600\" \/>\n\t<meta property=\"og:image:height\" content=\"600\" \/>\n\t<meta property=\"og:image:type\" content=\"image\/jpeg\" \/>\n<meta name=\"twitter:card\" content=\"summary_large_image\" \/>\n<meta name=\"twitter:site\" content=\"@Miamibeachnews\" \/>\n<script type=\"application\/ld+json\" class=\"yoast-schema-graph\">{\"@context\":\"https:\\\/\\\/schema.org\",\"@graph\":[{\"@type\":\"WebPage\",\"@id\":\"https:\\\/\\\/www.miamibeachfl.gov\\\/city-hall\\\/fire\\\/fire-rescue\\\/fire-stations\\\/\",\"url\":\"https:\\\/\\\/www.miamibeachfl.gov\\\/city-hall\\\/fire\\\/fire-rescue\\\/fire-stations\\\/\",\"name\":\"Fire Stations - City of Miami Beach\",\"isPartOf\":{\"@id\":\"https:\\\/\\\/www.miamibeachfl.gov\\\/#website\"},\"primaryImageOfPage\":{\"@id\":\"https:\\\/\\\/www.miamibeachfl.gov\\\/city-hall\\\/fire\\\/fire-rescue\\\/fire-stations\\\/#primaryimage\"},\"image\":{\"@id\":\"https:\\\/\\\/www.miamibeachfl.gov\\\/city-hall\\\/fire\\\/fire-rescue\\\/fire-stations\\\/#primaryimage\"},\"thumbnailUrl\":\"https:\\\/\\\/www.miamibeachfl.gov\\\/wp-content\\\/uploads\\\/2025\\\/04\\\/FireStation4.jpg\",\"datePublished\":\"2025-03-27T15:09:46+00:00\",\"dateModified\":\"2025-06-09T16:26:12+00:00\",\"description\":\"%\",\"breadcrumb\":{\"@id\":\"https:\\\/\\\/www.miamibeachfl.gov\\\/city-hall\\\/fire\\\/fire-rescue\\\/fire-stations\\\/#breadcrumb\"},\"inLanguage\":\"fr-FR\",\"potentialAction\":[{\"@type\":\"ReadAction\",\"target\":[\"https:\\\/\\\/www.miamibeachfl.gov\\\/city-hall\\\/fire\\\/fire-rescue\\\/fire-stations\\\/\"]}]},{\"@type\":\"ImageObject\",\"inLanguage\":\"fr-FR\",\"@id\":\"https:\\\/\\\/www.miamibeachfl.gov\\\/city-hall\\\/fire\\\/fire-rescue\\\/fire-stations\\\/#primaryimage\",\"url\":\"https:\\\/\\\/www.miamibeachfl.gov\\\/wp-content\\\/uploads\\\/2025\\\/04\\\/FireStation4.jpg\",\"contentUrl\":\"https:\\\/\\\/www.miamibeachfl.gov\\\/wp-content\\\/uploads\\\/2025\\\/04\\\/FireStation4.jpg\",\"width\":600,\"height\":600,\"caption\":\"fire station 4\"},{\"@type\":\"BreadcrumbList\",\"@id\":\"https:\\\/\\\/www.miamibeachfl.gov\\\/city-hall\\\/fire\\\/fire-rescue\\\/fire-stations\\\/#breadcrumb\",\"itemListElement\":[{\"@type\":\"ListItem\",\"position\":1,\"name\":\"Home\",\"item\":\"https:\\\/\\\/www.miamibeachfl.gov\\\/\"},{\"@type\":\"ListItem\",\"position\":2,\"name\":\"City Hall\",\"item\":\"https:\\\/\\\/www.miamibeachfl.gov\\\/city-hall\\\/\"},{\"@type\":\"ListItem\",\"position\":3,\"name\":\"Fire\",\"item\":\"https:\\\/\\\/www.miamibeachfl.gov\\\/city-hall\\\/fire\\\/\"},{\"@type\":\"ListItem\",\"position\":4,\"name\":\"Fire Rescue and Fire Suppression\",\"item\":\"https:\\\/\\\/www.miamibeachfl.gov\\\/city-hall\\\/fire\\\/fire-rescue\\\/\"},{\"@type\":\"ListItem\",\"position\":5,\"name\":\"Fire Stations\"}]},{\"@type\":\"WebSite\",\"@id\":\"https:\\\/\\\/www.miamibeachfl.gov\\\/#website\",\"url\":\"https:\\\/\\\/www.miamibeachfl.gov\\\/\",\"name\":\"City of Miami Beach\",\"description\":\"The official website of the City of Miami Beach. Stay informed, find important information on city services, news, alerts, events, trolley routes, government employment and more.\",\"publisher\":{\"@id\":\"https:\\\/\\\/www.miamibeachfl.gov\\\/#organization\"},\"potentialAction\":[{\"@type\":\"SearchAction\",\"target\":{\"@type\":\"EntryPoint\",\"urlTemplate\":\"https:\\\/\\\/www.miamibeachfl.gov\\\/?s={search_term_string}\"},\"query-input\":{\"@type\":\"PropertyValueSpecification\",\"valueRequired\":true,\"valueName\":\"search_term_string\"}}],\"inLanguage\":\"fr-FR\"},{\"@type\":\"Organization\",\"@id\":\"https:\\\/\\\/www.miamibeachfl.gov\\\/#organization\",\"name\":\"City of Miami Beach\",\"url\":\"https:\\\/\\\/www.miamibeachfl.gov\\\/\",\"logo\":{\"@type\":\"ImageObject\",\"inLanguage\":\"fr-FR\",\"@id\":\"https:\\\/\\\/www.miamibeachfl.gov\\\/#\\\/schema\\\/logo\\\/image\\\/\",\"url\":\"https:\\\/\\\/www.miamibeachfl.gov\\\/wp-content\\\/uploads\\\/2022\\\/06\\\/miamibeach-logoblue.png\",\"contentUrl\":\"https:\\\/\\\/www.miamibeachfl.gov\\\/wp-content\\\/uploads\\\/2022\\\/06\\\/miamibeach-logoblue.png\",\"width\":1962,\"height\":381,\"caption\":\"City of Miami Beach\"},\"image\":{\"@id\":\"https:\\\/\\\/www.miamibeachfl.gov\\\/#\\\/schema\\\/logo\\\/image\\\/\"},\"sameAs\":[\"https:\\\/\\\/www.facebook.com\\\/cityofmiamibeach\",\"https:\\\/\\\/x.com\\\/Miamibeachnews\",\"https:\\\/\\\/www.instagram.com\\\/miamibeachnews\\\/\"],\"description\":\"The official website of the City of Miami Beach. Stay informed, find important information on city services, news, alerts, events, trolley routes, government employment and more.\",\"telephone\":\"305.604.CITY(2489)\",\"legalName\":\"City of Miami Beach\"}]}<\/script>\n<!-- \/ Yoast SEO Premium plugin. -->","yoast_head_json":{"title":"Casernes de pompiers - Ville de Miami Beach","description":"%","robots":{"index":"noindex","follow":"nofollow"},"og_locale":"fr_FR","og_type":"article","og_title":"Fire Stations","og_description":"%","og_url":"https:\/\/www.miamibeachfl.gov\/fr\/city-hall\/fire\/fire-rescue\/fire-stations\/","og_site_name":"City of Miami Beach","article_publisher":"https:\/\/www.facebook.com\/cityofmiamibeach","article_modified_time":"2025-06-09T16:26:12+00:00","og_image":[{"width":600,"height":600,"url":"https:\/\/www.miamibeachfl.gov\/wp-content\/uploads\/2025\/04\/FireStation4.jpg","type":"image\/jpeg"}],"twitter_card":"summary_large_image","twitter_site":"@Miamibeachnews","schema":{"@context":"https:\/\/schema.org","@graph":[{"@type":"WebPage","@id":"https:\/\/www.miamibeachfl.gov\/city-hall\/fire\/fire-rescue\/fire-stations\/","url":"https:\/\/www.miamibeachfl.gov\/city-hall\/fire\/fire-rescue\/fire-stations\/","name":"Casernes de pompiers - Ville de Miami Beach","isPartOf":{"@id":"https:\/\/www.miamibeachfl.gov\/#website"},"primaryImageOfPage":{"@id":"https:\/\/www.miamibeachfl.gov\/city-hall\/fire\/fire-rescue\/fire-stations\/#primaryimage"},"image":{"@id":"https:\/\/www.miamibeachfl.gov\/city-hall\/fire\/fire-rescue\/fire-stations\/#primaryimage"},"thumbnailUrl":"https:\/\/www.miamibeachfl.gov\/wp-content\/uploads\/2025\/04\/FireStation4.jpg","datePublished":"2025-03-27T15:09:46+00:00","dateModified":"2025-06-09T16:26:12+00:00","description":"%","breadcrumb":{"@id":"https:\/\/www.miamibeachfl.gov\/city-hall\/fire\/fire-rescue\/fire-stations\/#breadcrumb"},"inLanguage":"fr-FR","potentialAction":[{"@type":"ReadAction","target":["https:\/\/www.miamibeachfl.gov\/city-hall\/fire\/fire-rescue\/fire-stations\/"]}]},{"@type":"ImageObject","inLanguage":"fr-FR","@id":"https:\/\/www.miamibeachfl.gov\/city-hall\/fire\/fire-rescue\/fire-stations\/#primaryimage","url":"https:\/\/www.miamibeachfl.gov\/wp-content\/uploads\/2025\/04\/FireStation4.jpg","contentUrl":"https:\/\/www.miamibeachfl.gov\/wp-content\/uploads\/2025\/04\/FireStation4.jpg","width":600,"height":600,"caption":"fire station 4"},{"@type":"BreadcrumbList","@id":"https:\/\/www.miamibeachfl.gov\/city-hall\/fire\/fire-rescue\/fire-stations\/#breadcrumb","itemListElement":[{"@type":"ListItem","position":1,"name":"Home","item":"https:\/\/www.miamibeachfl.gov\/"},{"@type":"ListItem","position":2,"name":"City Hall","item":"https:\/\/www.miamibeachfl.gov\/city-hall\/"},{"@type":"ListItem","position":3,"name":"Fire","item":"https:\/\/www.miamibeachfl.gov\/city-hall\/fire\/"},{"@type":"ListItem","position":4,"name":"Fire Rescue and Fire Suppression","item":"https:\/\/www.miamibeachfl.gov\/city-hall\/fire\/fire-rescue\/"},{"@type":"ListItem","position":5,"name":"Fire Stations"}]},{"@type":"WebSite","@id":"https:\/\/www.miamibeachfl.gov\/#website","url":"https:\/\/www.miamibeachfl.gov\/","name":"Ville de Miami Beach","description":"Site officiel de la ville de Miami Beach. Restez inform\u00e9 et trouvez des informations importantes sur les services municipaux, les actualit\u00e9s, les alertes, les \u00e9v\u00e9nements, les itin\u00e9raires de tramway, les emplois gouvernementaux et bien plus encore.","publisher":{"@id":"https:\/\/www.miamibeachfl.gov\/#organization"},"potentialAction":[{"@type":"SearchAction","target":{"@type":"EntryPoint","urlTemplate":"https:\/\/www.miamibeachfl.gov\/?s={search_term_string}"},"query-input":{"@type":"PropertyValueSpecification","valueRequired":true,"valueName":"search_term_string"}}],"inLanguage":"fr-FR"},{"@type":"Organization","@id":"https:\/\/www.miamibeachfl.gov\/#organization","name":"Ville de Miami Beach","url":"https:\/\/www.miamibeachfl.gov\/","logo":{"@type":"ImageObject","inLanguage":"fr-FR","@id":"https:\/\/www.miamibeachfl.gov\/#\/schema\/logo\/image\/","url":"https:\/\/www.miamibeachfl.gov\/wp-content\/uploads\/2022\/06\/miamibeach-logoblue.png","contentUrl":"https:\/\/www.miamibeachfl.gov\/wp-content\/uploads\/2022\/06\/miamibeach-logoblue.png","width":1962,"height":381,"caption":"City of Miami Beach"},"image":{"@id":"https:\/\/www.miamibeachfl.gov\/#\/schema\/logo\/image\/"},"sameAs":["https:\/\/www.facebook.com\/cityofmiamibeach","https:\/\/x.com\/Miamibeachnews","https:\/\/www.instagram.com\/miamibeachnews\/"],"description":"Site officiel de la ville de Miami Beach. Restez inform\u00e9 et trouvez des informations importantes sur les services municipaux, les actualit\u00e9s, les alertes, les \u00e9v\u00e9nements, les itin\u00e9raires de tramway, les emplois gouvernementaux et bien plus encore.","telephone":"305.604.CITY(2489)","legalName":"City of Miami Beach"}]}},"_links":{"self":[{"href":"https:\/\/www.miamibeachfl.gov\/fr\/wp-json\/wp\/v2\/pages\/367827","targetHints":{"allow":["GET"]}}],"collection":[{"href":"https:\/\/www.miamibeachfl.gov\/fr\/wp-json\/wp\/v2\/pages"}],"about":[{"href":"https:\/\/www.miamibeachfl.gov\/fr\/wp-json\/wp\/v2\/types\/page"}],"author":[{"embeddable":true,"href":"https:\/\/www.miamibeachfl.gov\/fr\/wp-json\/wp\/v2\/users\/222"}],"replies":[{"embeddable":true,"href":"https:\/\/www.miamibeachfl.gov\/fr\/wp-json\/wp\/v2\/comments?post=367827"}],"version-history":[{"count":4,"href":"https:\/\/www.miamibeachfl.gov\/fr\/wp-json\/wp\/v2\/pages\/367827\/revisions"}],"predecessor-version":[{"id":378130,"href":"https:\/\/www.miamibeachfl.gov\/fr\/wp-json\/wp\/v2\/pages\/367827\/revisions\/378130"}],"up":[{"embeddable":true,"href":"https:\/\/www.miamibeachfl.gov\/fr\/wp-json\/wp\/v2\/pages\/28592"}],"wp:featuredmedia":[{"embeddable":true,"href":"https:\/\/www.miamibeachfl.gov\/fr\/wp-json\/wp\/v2\/media\/369018"}],"wp:attachment":[{"href":"https:\/\/www.miamibeachfl.gov\/fr\/wp-json\/wp\/v2\/media?parent=367827"}],"wp:term":[{"taxonomy":"category","embeddable":true,"href":"https:\/\/www.miamibeachfl.gov\/fr\/wp-json\/wp\/v2\/categories?post=367827"},{"taxonomy":"post_tag","embeddable":true,"href":"https:\/\/www.miamibeachfl.gov\/fr\/wp-json\/wp\/v2\/tags?post=367827"}],"curies":[{"name":"wp","href":"https:\/\/api.w.org\/{rel}","templated":true}]}}