{"id":367994,"date":"2025-03-28T13:37:01","date_gmt":"2025-03-28T17:37:01","guid":{"rendered":"https:\/\/www.miamibeachfl.gov\/?page_id=367994"},"modified":"2026-03-30T16:34:17","modified_gmt":"2026-03-30T20:34:17","slug":"freebee","status":"publish","type":"page","link":"https:\/\/www.miamibeachfl.gov\/fr\/freebee\/","title":{"rendered":"Gratuit"},"content":{"rendered":"<img decoding=\"async\" src=\"https:\/\/www.miamibeachfl.gov\/wp-content\/uploads\/2025\/03\/freebeelogo.jpg\" alt=\"freebee logo\" itemprop=\"image\" height=\"207\" width=\"500\" title=\"logo gratuit\" onerror=\"this.style.display='none'\" loading=\"lazy\" \/>\n<h2>\n\t\t\tFreebee On\u2011Demand Service &#8211; Available in both Miami and Miami Beach.\t<\/h2>\n\t<p>La Ville de Miami Beach s&#039;est associ\u00e9e \u00e0 Freebee pour offrir un service de transport \u00e0 la demande (ODT) GRATUIT aux usagers de Mid Beach et de certaines parties de North Beach\u00a0! Le service ODT assure un service de premier et dernier kilom\u00e8tre, en correspondance avec le service existant de tramway de Miami Beach et de bus du comt\u00e9 de Miami-Dade, dans la zone de desserte g\u00e9olocalis\u00e9e, ainsi qu&#039;un service porte-\u00e0-porte pour les trajets au d\u00e9part et \u00e0 l&#039;arriv\u00e9e dans la zone de desserte g\u00e9olocalis\u00e9e. Ce service fonctionne comme un covoiturage continu, adaptant dynamiquement les itin\u00e9raires des v\u00e9hicules pour r\u00e9pondre \u00e0 la demande et aux besoins de service de la zone.<\/p>\n<strong>Heures de service :<\/strong><br \/>\nLundi \u2013 Vendredi : 6h30 \u2013 22h<br \/>\nSamedi : 8h \u2013 22h<br \/>\nDimanche : 8h \u2013 20h<br \/>\nTarif : Gratuit\n\t<p>Pour demander un trajet Freebee gratuit,\u00a0<a title=\"tel:8559183733\" href=\"tel:8559183733\" data-outlook-id=\"9e9c9248-3de6-469d-9d3e-f279b08bec9a\"><b>veuillez appeler le 855.918.3733<\/b><\/a>, t\u00e9l\u00e9chargez l&#039;application mobile Ride Freebee sur votre smartphone (instructions ci-dessous) ou appelez un Freebee dans la rue.<\/p>\n<hr \/>\n<p><a href=\"https:\/\/www.miamibeachfl.gov\/wp-content\/uploads\/2025\/06\/Miami-Beach-Pamphlet-Update-March-202562.pdf\"><img loading=\"lazy\" decoding=\"async\" src=\"https:\/\/www.miamibeachfl.gov\/wp-content\/uploads\/2025\/06\/freebeeflyer.jpg\" alt=\"freebee flyer\" width=\"696\" height=\"348\" \/><\/a><\/p>\n<hr \/>\n<ul>\n<li>Nous vous sugg\u00e9rons de demander le service environ 20 minutes avant l&#039;heure de d\u00e9part souhait\u00e9e.<\/li>\n<li>Les v\u00e9hicules MB Freebee sont 100% \u00e9lectriques et sans \u00e9missions.<\/li>\n<li>Les jeunes enfants et les nourrissons doivent \u00eatre attach\u00e9s dans un si\u00e8ge d&#039;auto approuv\u00e9 par le gouvernement f\u00e9d\u00e9ral, fourni par leur parent ou tuteur.<\/li>\n<li>Des si\u00e8ges rehausseurs sont disponibles pour les enfants. Veuillez en faire la demande aupr\u00e8s de votre chauffeur.<\/li>\n<li>Les correspondances de transport en commun disponibles sont disponibles aux endroits suivants :<\/li>\n<\/ul>\n\t\t\t\t<a href=\"https:\/\/www.miamibeachfl.gov\/wp-content\/uploads\/2025\/06\/freebeemap.jpg\"  target=\"_self\" itemprop=\"url\">\n\t\t\t\t<img decoding=\"async\" src=\"https:\/\/www.miamibeachfl.gov\/wp-content\/uploads\/2025\/06\/freebeemap.jpg\" alt=\"freebee map\" itemprop=\"image\" height=\"734\" width=\"500\" title=\"freebeemap\" onerror=\"this.style.display='none'\" loading=\"lazy\" \/>\n\t\t\t\t<\/a>\n\t<ul>\n<li>\n<p>P\u00f4le de transit sur Alton Road\/Lincoln Road<\/p>\n<\/li>\n<li>\n<p>Publix sur West Avenue\/19 Street Publix<\/p>\n<\/li>\n<li>\n<p>P\u00f4le de transit sur Washington Avenue\/17 Street<\/p>\n<\/li>\n<li>\n<p>P\u00f4le de transit sur Indian Creek Dr\/41 Street<\/p>\n<\/li>\n<li>\n<p>P\u00f4le de transit sur Indian Creek Drive\/63 Street<\/p>\n<\/li>\n<li>\n<p>Centre Shane sur Indian Creek Drive\/65e Rue<\/p>\n<\/li>\n<li>\n<p>Publix sur Collins Avenue\/69 Street<\/p>\n<\/li>\n<\/ul>\n\t<p>Si vous n&#039;avez pas acc\u00e8s \u00e0 un smartphone ou si vous souhaitez demander des am\u00e9nagements d&#039;accessibilit\u00e9 suppl\u00e9mentaires, veuillez appeler le 855.918.3733.<\/p>\n<p><strong>Liens utiles<\/strong><\/p>\n<a href=\"https:\/\/www.miamibeachfl.gov\/fr\/city-hall\/transportation\/trolley\/customer-rights\/\" data-outlook-id=\"1b8617f0-f6d8-4978-8b66-e15ffb5abeec\"><strong>Afficher les droits du client<\/strong><\/a><br \/>\n<a href=\"https:\/\/www.miamibeachfl.gov\/fr\/city-hall\/transportation\/trolley\/trolley-feedback-form\/\" data-outlook-id=\"45239134-9a4b-4108-a311-9f96db35c14f\"><strong>Vous souhaitez d\u00e9poser une plainte ou fournir un commentaire ?<\/strong><\/a>\n<p>T\u00e9l\u00e9chargez l&#039;application mobile sur\u00a0<a href=\"https:\/\/play.google.com\/store\/apps\/details?id=com.ravn.freebee&amp;hl=en_US&amp;pli=1\" data-outlook-id=\"686bdff4-2f50-42b9-996b-9363a60ff591\"><strong>Google Play<\/strong><\/a>\u00a0ou\u00a0<a href=\"https:\/\/apps.apple.com\/us\/app\/ride-freebee\/id1014088236\" data-outlook-id=\"d2e46982-43fa-4e02-9951-6c5536b79a04\"><strong>Apple Store<\/strong><\/a><\/p>\n<p>Pour toute question relative au service \u00e0 la client\u00e8le (questions, commentaires ou plaintes), veuillez contacter le Service des transports et de la mobilit\u00e9 de la Ville au <a href=\"tel:3056737514\"><strong>305.673.7514<\/strong><\/a>.<\/p>\n<p>Nous aimerions avoir de vos nouvelles\u00a0!<\/p>","protected":false},"excerpt":{"rendered":"<p>Freebee On\u2011Demand Service &#8211; Available in both Miami and Miami Beach. The City of Miami Beach has partnered with Freebee [&hellip;]<\/p>\n","protected":false},"author":222,"featured_media":0,"parent":0,"menu_order":0,"comment_status":"closed","ping_status":"closed","template":"","meta":{"_searchwp_excluded":"","site-sidebar-layout":"default","site-content-layout":"","ast-site-content-layout":"default","site-content-style":"default","site-sidebar-style":"default","ast-global-header-display":"","ast-banner-title-visibility":"","ast-main-header-display":"","ast-hfb-above-header-display":"","ast-hfb-below-header-display":"","ast-hfb-mobile-header-display":"","site-post-title":"","ast-breadcrumbs-content":"","ast-featured-img":"","footer-sml-layout":"","theme-transparent-header-meta":"","adv-header-id-meta":"","stick-header-meta":"","header-above-stick-meta":"","header-main-stick-meta":"","header-below-stick-meta":"","astra-migrate-meta-layouts":"default","ast-page-background-enabled":"default","ast-page-background-meta":{"desktop":{"background-color":"var(--ast-global-color-5)","background-image":"","background-repeat":"repeat","background-position":"center center","background-size":"auto","background-attachment":"scroll","background-type":"","background-media":"","overlay-type":"","overlay-color":"","overlay-opacity":"","overlay-gradient":""},"tablet":{"background-color":"","background-image":"","background-repeat":"repeat","background-position":"center center","background-size":"auto","background-attachment":"scroll","background-type":"","background-media":"","overlay-type":"","overlay-color":"","overlay-opacity":"","overlay-gradient":""},"mobile":{"background-color":"","background-image":"","background-repeat":"repeat","background-position":"center center","background-size":"auto","background-attachment":"scroll","background-type":"","background-media":"","overlay-type":"","overlay-color":"","overlay-opacity":"","overlay-gradient":""}},"ast-content-background-meta":{"desktop":{"background-color":"var(--ast-global-color-4)","background-image":"","background-repeat":"repeat","background-position":"center center","background-size":"auto","background-attachment":"scroll","background-type":"","background-media":"","overlay-type":"","overlay-color":"","overlay-opacity":"","overlay-gradient":""},"tablet":{"background-color":"var(--ast-global-color-4)","background-image":"","background-repeat":"repeat","background-position":"center center","background-size":"auto","background-attachment":"scroll","background-type":"","background-media":"","overlay-type":"","overlay-color":"","overlay-opacity":"","overlay-gradient":""},"mobile":{"background-color":"var(--ast-global-color-4)","background-image":"","background-repeat":"repeat","background-position":"center center","background-size":"auto","background-attachment":"scroll","background-type":"","background-media":"","overlay-type":"","overlay-color":"","overlay-opacity":"","overlay-gradient":""}},"footnotes":""},"categories":[],"tags":[],"class_list":["post-367994","page","type-page","status-publish","hentry"],"yoast_head":"<!-- This site is optimized with the Yoast SEO Premium plugin v27.4 (Yoast SEO v27.4) - https:\/\/yoast.com\/product\/yoast-seo-premium-wordpress\/ -->\n<title>Freebee - City of Miami Beach<\/title>\n<meta name=\"description\" content=\"%\" \/>\n<meta name=\"robots\" content=\"index, follow, max-snippet:-1, max-image-preview:large, max-video-preview:-1\" \/>\n<link rel=\"canonical\" href=\"https:\/\/www.miamibeachfl.gov\/fr\/freebee\/\" \/>\n<meta property=\"og:locale\" content=\"fr_FR\" \/>\n<meta property=\"og:type\" content=\"article\" \/>\n<meta property=\"og:title\" content=\"Freebee\" \/>\n<meta property=\"og:description\" content=\"%\" \/>\n<meta property=\"og:url\" content=\"https:\/\/www.miamibeachfl.gov\/fr\/freebee\/\" \/>\n<meta property=\"og:site_name\" content=\"City of Miami Beach\" \/>\n<meta property=\"article:publisher\" content=\"https:\/\/www.facebook.com\/cityofmiamibeach\" \/>\n<meta property=\"article:modified_time\" content=\"2026-03-30T20:34:17+00:00\" \/>\n<meta property=\"og:image\" content=\"https:\/\/www.miamibeachfl.gov\/wp-content\/uploads\/2025\/03\/freebeelogo.jpg\" \/>\n<meta name=\"twitter:card\" content=\"summary_large_image\" \/>\n<meta name=\"twitter:site\" content=\"@Miamibeachnews\" \/>\n<script type=\"application\/ld+json\" class=\"yoast-schema-graph\">{\"@context\":\"https:\\\/\\\/schema.org\",\"@graph\":[{\"@type\":\"WebPage\",\"@id\":\"https:\\\/\\\/www.miamibeachfl.gov\\\/freebee\\\/\",\"url\":\"https:\\\/\\\/www.miamibeachfl.gov\\\/freebee\\\/\",\"name\":\"Freebee - City of Miami Beach\",\"isPartOf\":{\"@id\":\"https:\\\/\\\/www.miamibeachfl.gov\\\/#website\"},\"primaryImageOfPage\":{\"@id\":\"https:\\\/\\\/www.miamibeachfl.gov\\\/freebee\\\/#primaryimage\"},\"image\":{\"@id\":\"https:\\\/\\\/www.miamibeachfl.gov\\\/freebee\\\/#primaryimage\"},\"thumbnailUrl\":\"https:\\\/\\\/www.miamibeachfl.gov\\\/wp-content\\\/uploads\\\/2025\\\/03\\\/freebeelogo.jpg\",\"datePublished\":\"2025-03-28T17:37:01+00:00\",\"dateModified\":\"2026-03-30T20:34:17+00:00\",\"description\":\"%\",\"breadcrumb\":{\"@id\":\"https:\\\/\\\/www.miamibeachfl.gov\\\/freebee\\\/#breadcrumb\"},\"inLanguage\":\"fr-FR\",\"potentialAction\":[{\"@type\":\"ReadAction\",\"target\":[\"https:\\\/\\\/www.miamibeachfl.gov\\\/freebee\\\/\"]}]},{\"@type\":\"ImageObject\",\"inLanguage\":\"fr-FR\",\"@id\":\"https:\\\/\\\/www.miamibeachfl.gov\\\/freebee\\\/#primaryimage\",\"url\":\"https:\\\/\\\/www.miamibeachfl.gov\\\/wp-content\\\/uploads\\\/2025\\\/03\\\/freebeelogo.jpg\",\"contentUrl\":\"https:\\\/\\\/www.miamibeachfl.gov\\\/wp-content\\\/uploads\\\/2025\\\/03\\\/freebeelogo.jpg\"},{\"@type\":\"BreadcrumbList\",\"@id\":\"https:\\\/\\\/www.miamibeachfl.gov\\\/freebee\\\/#breadcrumb\",\"itemListElement\":[{\"@type\":\"ListItem\",\"position\":1,\"name\":\"Home\",\"item\":\"https:\\\/\\\/www.miamibeachfl.gov\\\/\"},{\"@type\":\"ListItem\",\"position\":2,\"name\":\"Freebee\"}]},{\"@type\":\"WebSite\",\"@id\":\"https:\\\/\\\/www.miamibeachfl.gov\\\/#website\",\"url\":\"https:\\\/\\\/www.miamibeachfl.gov\\\/\",\"name\":\"City of Miami Beach\",\"description\":\"The official website of the City of Miami Beach. Stay informed, find important information on city services, news, alerts, events, trolley routes, government employment and more.\",\"publisher\":{\"@id\":\"https:\\\/\\\/www.miamibeachfl.gov\\\/#organization\"},\"potentialAction\":[{\"@type\":\"SearchAction\",\"target\":{\"@type\":\"EntryPoint\",\"urlTemplate\":\"https:\\\/\\\/www.miamibeachfl.gov\\\/?s={search_term_string}\"},\"query-input\":{\"@type\":\"PropertyValueSpecification\",\"valueRequired\":true,\"valueName\":\"search_term_string\"}}],\"inLanguage\":\"fr-FR\"},{\"@type\":\"Organization\",\"@id\":\"https:\\\/\\\/www.miamibeachfl.gov\\\/#organization\",\"name\":\"City of Miami Beach\",\"url\":\"https:\\\/\\\/www.miamibeachfl.gov\\\/\",\"logo\":{\"@type\":\"ImageObject\",\"inLanguage\":\"fr-FR\",\"@id\":\"https:\\\/\\\/www.miamibeachfl.gov\\\/#\\\/schema\\\/logo\\\/image\\\/\",\"url\":\"https:\\\/\\\/www.miamibeachfl.gov\\\/wp-content\\\/uploads\\\/2022\\\/06\\\/miamibeach-logoblue.png\",\"contentUrl\":\"https:\\\/\\\/www.miamibeachfl.gov\\\/wp-content\\\/uploads\\\/2022\\\/06\\\/miamibeach-logoblue.png\",\"width\":1962,\"height\":381,\"caption\":\"City of Miami Beach\"},\"image\":{\"@id\":\"https:\\\/\\\/www.miamibeachfl.gov\\\/#\\\/schema\\\/logo\\\/image\\\/\"},\"sameAs\":[\"https:\\\/\\\/www.facebook.com\\\/cityofmiamibeach\",\"https:\\\/\\\/x.com\\\/Miamibeachnews\",\"https:\\\/\\\/www.instagram.com\\\/miamibeachnews\\\/\"],\"description\":\"The official website of the City of Miami Beach. Stay informed, find important information on city services, news, alerts, events, trolley routes, government employment and more.\",\"telephone\":\"305.604.CITY(2489)\",\"legalName\":\"City of Miami Beach\"}]}<\/script>\n<!-- \/ Yoast SEO Premium plugin. -->","yoast_head_json":{"title":"Gratuit - Ville de Miami Beach","description":"%","robots":{"index":"index","follow":"follow","max-snippet":"max-snippet:-1","max-image-preview":"max-image-preview:large","max-video-preview":"max-video-preview:-1"},"canonical":"https:\/\/www.miamibeachfl.gov\/fr\/freebee\/","og_locale":"fr_FR","og_type":"article","og_title":"Freebee","og_description":"%","og_url":"https:\/\/www.miamibeachfl.gov\/fr\/freebee\/","og_site_name":"City of Miami Beach","article_publisher":"https:\/\/www.facebook.com\/cityofmiamibeach","article_modified_time":"2026-03-30T20:34:17+00:00","og_image":[{"url":"https:\/\/www.miamibeachfl.gov\/wp-content\/uploads\/2025\/03\/freebeelogo.jpg","type":"","width":"","height":""}],"twitter_card":"summary_large_image","twitter_site":"@Miamibeachnews","schema":{"@context":"https:\/\/schema.org","@graph":[{"@type":"WebPage","@id":"https:\/\/www.miamibeachfl.gov\/freebee\/","url":"https:\/\/www.miamibeachfl.gov\/freebee\/","name":"Gratuit - Ville de Miami Beach","isPartOf":{"@id":"https:\/\/www.miamibeachfl.gov\/#website"},"primaryImageOfPage":{"@id":"https:\/\/www.miamibeachfl.gov\/freebee\/#primaryimage"},"image":{"@id":"https:\/\/www.miamibeachfl.gov\/freebee\/#primaryimage"},"thumbnailUrl":"https:\/\/www.miamibeachfl.gov\/wp-content\/uploads\/2025\/03\/freebeelogo.jpg","datePublished":"2025-03-28T17:37:01+00:00","dateModified":"2026-03-30T20:34:17+00:00","description":"%","breadcrumb":{"@id":"https:\/\/www.miamibeachfl.gov\/freebee\/#breadcrumb"},"inLanguage":"fr-FR","potentialAction":[{"@type":"ReadAction","target":["https:\/\/www.miamibeachfl.gov\/freebee\/"]}]},{"@type":"ImageObject","inLanguage":"fr-FR","@id":"https:\/\/www.miamibeachfl.gov\/freebee\/#primaryimage","url":"https:\/\/www.miamibeachfl.gov\/wp-content\/uploads\/2025\/03\/freebeelogo.jpg","contentUrl":"https:\/\/www.miamibeachfl.gov\/wp-content\/uploads\/2025\/03\/freebeelogo.jpg"},{"@type":"BreadcrumbList","@id":"https:\/\/www.miamibeachfl.gov\/freebee\/#breadcrumb","itemListElement":[{"@type":"ListItem","position":1,"name":"Home","item":"https:\/\/www.miamibeachfl.gov\/"},{"@type":"ListItem","position":2,"name":"Freebee"}]},{"@type":"WebSite","@id":"https:\/\/www.miamibeachfl.gov\/#website","url":"https:\/\/www.miamibeachfl.gov\/","name":"Ville de Miami Beach","description":"Site officiel de la ville de Miami Beach. Restez inform\u00e9 et trouvez des informations importantes sur les services municipaux, les actualit\u00e9s, les alertes, les \u00e9v\u00e9nements, les itin\u00e9raires de tramway, les emplois gouvernementaux et bien plus encore.","publisher":{"@id":"https:\/\/www.miamibeachfl.gov\/#organization"},"potentialAction":[{"@type":"SearchAction","target":{"@type":"EntryPoint","urlTemplate":"https:\/\/www.miamibeachfl.gov\/?s={search_term_string}"},"query-input":{"@type":"PropertyValueSpecification","valueRequired":true,"valueName":"search_term_string"}}],"inLanguage":"fr-FR"},{"@type":"Organization","@id":"https:\/\/www.miamibeachfl.gov\/#organization","name":"Ville de Miami Beach","url":"https:\/\/www.miamibeachfl.gov\/","logo":{"@type":"ImageObject","inLanguage":"fr-FR","@id":"https:\/\/www.miamibeachfl.gov\/#\/schema\/logo\/image\/","url":"https:\/\/www.miamibeachfl.gov\/wp-content\/uploads\/2022\/06\/miamibeach-logoblue.png","contentUrl":"https:\/\/www.miamibeachfl.gov\/wp-content\/uploads\/2022\/06\/miamibeach-logoblue.png","width":1962,"height":381,"caption":"City of Miami Beach"},"image":{"@id":"https:\/\/www.miamibeachfl.gov\/#\/schema\/logo\/image\/"},"sameAs":["https:\/\/www.facebook.com\/cityofmiamibeach","https:\/\/x.com\/Miamibeachnews","https:\/\/www.instagram.com\/miamibeachnews\/"],"description":"Site officiel de la ville de Miami Beach. Restez inform\u00e9 et trouvez des informations importantes sur les services municipaux, les actualit\u00e9s, les alertes, les \u00e9v\u00e9nements, les itin\u00e9raires de tramway, les emplois gouvernementaux et bien plus encore.","telephone":"305.604.CITY(2489)","legalName":"City of Miami Beach"}]}},"_links":{"self":[{"href":"https:\/\/www.miamibeachfl.gov\/fr\/wp-json\/wp\/v2\/pages\/367994","targetHints":{"allow":["GET"]}}],"collection":[{"href":"https:\/\/www.miamibeachfl.gov\/fr\/wp-json\/wp\/v2\/pages"}],"about":[{"href":"https:\/\/www.miamibeachfl.gov\/fr\/wp-json\/wp\/v2\/types\/page"}],"author":[{"embeddable":true,"href":"https:\/\/www.miamibeachfl.gov\/fr\/wp-json\/wp\/v2\/users\/222"}],"replies":[{"embeddable":true,"href":"https:\/\/www.miamibeachfl.gov\/fr\/wp-json\/wp\/v2\/comments?post=367994"}],"version-history":[{"count":4,"href":"https:\/\/www.miamibeachfl.gov\/fr\/wp-json\/wp\/v2\/pages\/367994\/revisions"}],"predecessor-version":[{"id":398060,"href":"https:\/\/www.miamibeachfl.gov\/fr\/wp-json\/wp\/v2\/pages\/367994\/revisions\/398060"}],"wp:attachment":[{"href":"https:\/\/www.miamibeachfl.gov\/fr\/wp-json\/wp\/v2\/media?parent=367994"}],"wp:term":[{"taxonomy":"category","embeddable":true,"href":"https:\/\/www.miamibeachfl.gov\/fr\/wp-json\/wp\/v2\/categories?post=367994"},{"taxonomy":"post_tag","embeddable":true,"href":"https:\/\/www.miamibeachfl.gov\/fr\/wp-json\/wp\/v2\/tags?post=367994"}],"curies":[{"name":"wp","href":"https:\/\/api.w.org\/{rel}","templated":true}]}}