{"id":37122,"date":"2017-09-25T10:16:29","date_gmt":"2017-09-25T14:16:29","guid":{"rendered":"http:\/\/www.miamibeachfl.gov\/?page_id=37122"},"modified":"2025-06-26T09:38:13","modified_gmt":"2025-06-26T13:38:13","slug":"comprehensive-annual-reports","status":"publish","type":"page","link":"https:\/\/www.miamibeachfl.gov\/fr\/city-hall\/finance\/financial-documents\/comprehensive-annual-reports\/","title":{"rendered":"Rapports annuels"},"content":{"rendered":"<img decoding=\"async\" src=\"https:\/\/www.miamibeachfl.gov\/wp-content\/uploads\/2022\/07\/hero-small.jpg\" alt=\"ocean drive art deco buildings\" itemprop=\"image\" title=\"petit h\u00e9ros\" onerror=\"this.style.display='none'\" loading='lazy' \/>\n<h1>\n\t\t\tRapports annuels\t<\/h1>\n\t<nav id=\"breadcrumbs\" aria-label=\"Fil d&#039;Ariane\"><a href=\"https:\/\/www.miamibeachfl.gov\/fr\/\">Maison<\/a> &gt; <a href=\"https:\/\/www.miamibeachfl.gov\/fr\/city-hall\/\">l&#039;h\u00f4tel de ville<\/a> &gt; <a href=\"https:\/\/www.miamibeachfl.gov\/fr\/city-hall\/finance\/\">Finance<\/a> &gt; <a href=\"https:\/\/www.miamibeachfl.gov\/fr\/city-hall\/finance\/financial-documents\/\">Rapports financiers<\/a> &gt; <strong>Rapports annuels<\/strong><\/nav>\n\t<h3><b>Rapport financier annuel complet (CAFR) pour l&#039;exercice clos le 30 septembre 2005\u00a0<\/b>(Acrobate*)<\/h3>\n<a title=\"Table des mati\u00e8res\" href=\"\/wp-content\/uploads\/2017\/08\/table-20of-20content05.pdf\" target=\"_blank\" rel=\"noopener\"><b>Table des mati\u00e8res<\/b><\/a><br \/>\n<a title=\"Section d&#039;introduction\" href=\"\/wp-content\/uploads\/2017\/08\/introductory-20section05.pdf\" target=\"_blank\" rel=\"noopener\"><b>Section d&#039;introduction<\/b><\/a><a title=\"Section financi\u00e8re\" href=\"\/wp-content\/uploads\/2017\/08\/financial-20section05.pdf\" target=\"_blank\" rel=\"noopener\"><b>Section financi\u00e8re<\/b><\/a><br \/>\n<a title=\"Informations suppl\u00e9mentaires requises\" href=\"\/wp-content\/uploads\/2017\/08\/required-20supplementary05.pdf\" target=\"_blank\" rel=\"noopener\"><b>Informations suppl\u00e9mentaires requises<\/b><\/a><a title=\"Informations compl\u00e9mentaires\" href=\"\/wp-content\/uploads\/2017\/08\/supplementary-20information05.pdf\" target=\"_blank\" rel=\"noopener\"><b>Informations compl\u00e9mentaires<\/b><\/a><a title=\"Section statistique\" href=\"\/wp-content\/uploads\/2017\/08\/statistical05.pdf\" target=\"_blank\" rel=\"noopener\"><b>Section statistique<\/b><\/a> <a title=\"RDA 2005\" href=\"\/wp-content\/uploads\/2017\/08\/rda-20fs-20fy-202005.pdf\" target=\"_blank\" rel=\"noopener\"><b>AJR<\/b><\/a>\n<h3><b><br \/>\nRapport financier annuel complet (CAFR) pour l&#039;exercice clos le 30 septembre 2004<\/b>\u00a0(Acrobate*)<\/h3>\n<a title=\"Table des mati\u00e8res\" href=\"\/wp-content\/uploads\/2017\/08\/table-20of-20contents04.pdf\" target=\"_blank\" rel=\"noopener\"><b>Table des mati\u00e8res<\/b><\/a><br \/>\n<a title=\"Section d&#039;introduction\" href=\"\/wp-content\/uploads\/2017\/08\/intrductory-20section04.pdf\" target=\"_blank\" rel=\"noopener\"><b>Section d&#039;introduction<\/b><\/a> <a title=\"Section financi\u00e8re\" href=\"\/wp-content\/uploads\/2017\/08\/financial-20section04.pdf\" target=\"_blank\" rel=\"noopener\"><b>Section financi\u00e8re<\/b><\/a><br \/>\n<a title=\"Informations suppl\u00e9mentaires requises\" href=\"\/wp-content\/uploads\/2017\/08\/required-20supplementary-20information04.pdf\" target=\"_blank\" rel=\"noopener\"><b>Informations suppl\u00e9mentaires requises<\/b><\/a> <a title=\"Informations compl\u00e9mentaires\" href=\"\/wp-content\/uploads\/2017\/08\/supplementary-20information04.pdf\" target=\"_blank\" rel=\"noopener\"><b>Informations compl\u00e9mentaires<\/b><\/a> <a title=\"Section statistique\" href=\"\/wp-content\/uploads\/2017\/08\/statistical-20section04.pdf\" target=\"_blank\" rel=\"noopener\"><b>Section statistique<\/b><\/a>\n<h3><b><br \/>\nRapport financier annuel complet (CAFR) pour l&#039;exercice clos le 30 septembre 2003<\/b> (Acrobate*)<\/h3>\n<a title=\"Table des mati\u00e8res\" href=\"\/wp-content\/uploads\/2017\/08\/cafr03_contents.pdf\" target=\"_blank\" rel=\"noopener\"><b>Table des mati\u00e8res<\/b><\/a><br \/>\n<a title=\"Section d&#039;introduction\" href=\"\/wp-content\/uploads\/2017\/08\/cafr03_intro.pdf\" target=\"_blank\" rel=\"noopener\"><b>Section d&#039;introduction<\/b><\/a><br \/>\n<a title=\"Section financi\u00e8re\" href=\"\/wp-content\/uploads\/2017\/08\/cafr03_fina.pdf\" target=\"_blank\" rel=\"noopener\"><b>Section financi\u00e8re<\/b><\/a><br \/>\n<a title=\"Informations suppl\u00e9mentaires requises\" href=\"\/wp-content\/uploads\/2017\/08\/cafr03_req.pdf\" target=\"_blank\" rel=\"noopener\"><b>Informations suppl\u00e9mentaires requises<\/b><\/a><br \/>\n<a title=\"Informations compl\u00e9mentaires\" href=\"\/wp-content\/uploads\/2017\/08\/cafr03_supp.pdf\" target=\"_blank\" rel=\"noopener\"><b>Informations compl\u00e9mentaires<\/b><\/a><br \/>\n<a title=\"Section statistique\" href=\"\/wp-content\/uploads\/2017\/08\/cafr03_stat.pdf\" target=\"_blank\" rel=\"noopener\"><b>Section statistique<\/b><\/a>\n<p><b><a title=\"Rapport financier annuel complet (CAFR)&lt;BR&gt; pour l&#039;exercice clos le 30 septembre 2002\" href=\"\/wp-content\/uploads\/2017\/08\/comprehensive-20report-209-30-2002.pdf\" target=\"_blank\" rel=\"noopener\">Rapport financier annuel complet (CAFR) pour l&#039;exercice clos le 30 septembre 2002<\/a><\/b> (Acrobate*)<\/p>\n<p><b><a title=\"Rapport financier annuel complet (CAFR)&lt;BR&gt; pour l&#039;exercice clos le 30 septembre 2001\" href=\"\/wp-content\/uploads\/2017\/08\/comprehensive-20report-209-30-2001.pdf\" target=\"_blank\" rel=\"noopener\">Rapport financier annuel complet (CAFR) pour l&#039;exercice clos le 30 septembre 2001<\/a><\/b> (Acrobate*)<\/p>\n<p><b><a title=\"Rapport financier annuel complet (CAFR)&lt;BR&gt; pour l&#039;exercice clos le 30 septembre 2000\" href=\"\/wp-content\/uploads\/2017\/08\/comprehensive-20report-209-30-2000.pdf\" target=\"_blank\" rel=\"noopener\">Rapport financier annuel complet (CAFR) pour l&#039;exercice clos le 30 septembre 2000<\/a><\/b> (Acrobate*)<\/p>\n\t\tAcc\u00e9der \u00e0\u2026\t\t\t\n\t\t\t\t\t<ul id=\"menu-finance-reports\"><li id=\"menu-item-364745\"><a href=\"\/fr\/city-hall\/finance\/financial-documents\/comprehensive-annual-reports\/\">Rapports annuels<\/a><\/li>\n<li id=\"menu-item-364746\"><a href=\"\/fr\/city-hall\/finance\/financial-documents\/archive-financial-documents\/\">Archives des documents financiers<\/a><\/li>\n<li id=\"menu-item-364747\"><a href=\"\/fr\/city-hall\/finance\/financial-documents\/miami-beach-redevelopment-agency\/\">Agence de r\u00e9am\u00e9nagement de Miami Beach<\/a><\/li>\n<li id=\"menu-item-364748\"><a href=\"\/fr\/city-hall\/finance\/financial-documents\/management\/\">Bureau de la gestion et du budget<\/a><\/li>\n<li id=\"menu-item-364749\"><a href=\"\/fr\/city-hall\/finance\/financial-documents\/single-audit-report\/\">Rapport d&#039;audit unique<\/a><\/li>\n<\/ul>\t\n\t<div class=\"page-navigation\"><a class=\"prev-page\" href=\"https:\/\/www.miamibeachfl.gov\/fr\/city-hall\/city-clerk\/boards-and-committees\/economic-development-advisory-committee\/\">\u2190 Comit\u00e9 consultatif sur le d\u00e9veloppement \u00e9conomique<\/a> <a class=\"next-page\" href=\"https:\/\/www.miamibeachfl.gov\/fr\/egovapp\/beachconditions\/\">Conditions de la plage \u2192<\/a><\/div>","protected":false},"excerpt":{"rendered":"<p>Annual Reports Home &gt; City Hall &gt; Finance &gt; Financial Reports &gt; Annual Reports Comprehensive Annual Financial Report (CAFR) for [&hellip;]<\/p>\n","protected":false},"author":222,"featured_media":0,"parent":385210,"menu_order":34,"comment_status":"closed","ping_status":"closed","template":"","meta":{"_searchwp_excluded":"","site-sidebar-layout":"default","site-content-layout":"","ast-site-content-layout":"default","site-content-style":"default","site-sidebar-style":"default","ast-global-header-display":"","ast-banner-title-visibility":"","ast-main-header-display":"","ast-hfb-above-header-display":"","ast-hfb-below-header-display":"","ast-hfb-mobile-header-display":"","site-post-title":"","ast-breadcrumbs-content":"","ast-featured-img":"","footer-sml-layout":"","theme-transparent-header-meta":"","adv-header-id-meta":"","stick-header-meta":"","header-above-stick-meta":"","header-main-stick-meta":"","header-below-stick-meta":"","astra-migrate-meta-layouts":"default","ast-page-background-enabled":"default","ast-page-background-meta":{"desktop":{"background-color":"var(--ast-global-color-5)","background-image":"","background-repeat":"repeat","background-position":"center center","background-size":"auto","background-attachment":"scroll","background-type":"","background-media":"","overlay-type":"","overlay-color":"","overlay-opacity":"","overlay-gradient":""},"tablet":{"background-color":"","background-image":"","background-repeat":"repeat","background-position":"center center","background-size":"auto","background-attachment":"scroll","background-type":"","background-media":"","overlay-type":"","overlay-color":"","overlay-opacity":"","overlay-gradient":""},"mobile":{"background-color":"","background-image":"","background-repeat":"repeat","background-position":"center center","background-size":"auto","background-attachment":"scroll","background-type":"","background-media":"","overlay-type":"","overlay-color":"","overlay-opacity":"","overlay-gradient":""}},"ast-content-background-meta":{"desktop":{"background-color":"var(--ast-global-color-4)","background-image":"","background-repeat":"repeat","background-position":"center center","background-size":"auto","background-attachment":"scroll","background-type":"","background-media":"","overlay-type":"","overlay-color":"","overlay-opacity":"","overlay-gradient":""},"tablet":{"background-color":"var(--ast-global-color-4)","background-image":"","background-repeat":"repeat","background-position":"center center","background-size":"auto","background-attachment":"scroll","background-type":"","background-media":"","overlay-type":"","overlay-color":"","overlay-opacity":"","overlay-gradient":""},"mobile":{"background-color":"var(--ast-global-color-4)","background-image":"","background-repeat":"repeat","background-position":"center center","background-size":"auto","background-attachment":"scroll","background-type":"","background-media":"","overlay-type":"","overlay-color":"","overlay-opacity":"","overlay-gradient":""}},"footnotes":""},"categories":[],"tags":[],"class_list":["post-37122","page","type-page","status-publish","hentry"],"yoast_head":"<!-- This site is optimized with the Yoast SEO Premium plugin v27.4 (Yoast SEO v27.4) - https:\/\/yoast.com\/product\/yoast-seo-premium-wordpress\/ -->\n<title>Annual Reports - City of Miami Beach<\/title>\n<meta name=\"description\" content=\"%\" \/>\n<meta name=\"robots\" content=\"index, follow, max-snippet:-1, max-image-preview:large, max-video-preview:-1\" \/>\n<link rel=\"canonical\" href=\"https:\/\/www.miamibeachfl.gov\/fr\/city-hall\/finance\/financial-documents\/comprehensive-annual-reports\/\" \/>\n<meta property=\"og:locale\" content=\"fr_FR\" \/>\n<meta property=\"og:type\" content=\"article\" \/>\n<meta property=\"og:title\" content=\"Annual Reports\" \/>\n<meta property=\"og:description\" content=\"%\" \/>\n<meta property=\"og:url\" content=\"https:\/\/www.miamibeachfl.gov\/fr\/city-hall\/finance\/financial-documents\/comprehensive-annual-reports\/\" \/>\n<meta property=\"og:site_name\" content=\"City of Miami Beach\" \/>\n<meta property=\"article:publisher\" content=\"https:\/\/www.facebook.com\/cityofmiamibeach\" \/>\n<meta property=\"article:modified_time\" content=\"2025-06-26T13:38:13+00:00\" \/>\n<meta property=\"og:image\" content=\"https:\/\/www.miamibeachfl.gov\/wp-content\/uploads\/2022\/07\/hero-small.jpg\" \/>\n<meta name=\"twitter:card\" content=\"summary_large_image\" \/>\n<meta name=\"twitter:site\" content=\"@Miamibeachnews\" \/>\n<script type=\"application\/ld+json\" class=\"yoast-schema-graph\">{\"@context\":\"https:\\\/\\\/schema.org\",\"@graph\":[{\"@type\":\"WebPage\",\"@id\":\"https:\\\/\\\/www.miamibeachfl.gov\\\/city-hall\\\/finance\\\/financial-documents\\\/comprehensive-annual-reports\\\/\",\"url\":\"https:\\\/\\\/www.miamibeachfl.gov\\\/city-hall\\\/finance\\\/financial-documents\\\/comprehensive-annual-reports\\\/\",\"name\":\"Annual Reports - City of Miami Beach\",\"isPartOf\":{\"@id\":\"https:\\\/\\\/www.miamibeachfl.gov\\\/#website\"},\"primaryImageOfPage\":{\"@id\":\"https:\\\/\\\/www.miamibeachfl.gov\\\/city-hall\\\/finance\\\/financial-documents\\\/comprehensive-annual-reports\\\/#primaryimage\"},\"image\":{\"@id\":\"https:\\\/\\\/www.miamibeachfl.gov\\\/city-hall\\\/finance\\\/financial-documents\\\/comprehensive-annual-reports\\\/#primaryimage\"},\"thumbnailUrl\":\"https:\\\/\\\/www.miamibeachfl.gov\\\/wp-content\\\/uploads\\\/2022\\\/07\\\/hero-small.jpg\",\"datePublished\":\"2017-09-25T14:16:29+00:00\",\"dateModified\":\"2025-06-26T13:38:13+00:00\",\"description\":\"%\",\"breadcrumb\":{\"@id\":\"https:\\\/\\\/www.miamibeachfl.gov\\\/city-hall\\\/finance\\\/financial-documents\\\/comprehensive-annual-reports\\\/#breadcrumb\"},\"inLanguage\":\"fr-FR\",\"potentialAction\":[{\"@type\":\"ReadAction\",\"target\":[\"https:\\\/\\\/www.miamibeachfl.gov\\\/city-hall\\\/finance\\\/financial-documents\\\/comprehensive-annual-reports\\\/\"]}]},{\"@type\":\"ImageObject\",\"inLanguage\":\"fr-FR\",\"@id\":\"https:\\\/\\\/www.miamibeachfl.gov\\\/city-hall\\\/finance\\\/financial-documents\\\/comprehensive-annual-reports\\\/#primaryimage\",\"url\":\"https:\\\/\\\/www.miamibeachfl.gov\\\/wp-content\\\/uploads\\\/2022\\\/07\\\/hero-small.jpg\",\"contentUrl\":\"https:\\\/\\\/www.miamibeachfl.gov\\\/wp-content\\\/uploads\\\/2022\\\/07\\\/hero-small.jpg\"},{\"@type\":\"BreadcrumbList\",\"@id\":\"https:\\\/\\\/www.miamibeachfl.gov\\\/city-hall\\\/finance\\\/financial-documents\\\/comprehensive-annual-reports\\\/#breadcrumb\",\"itemListElement\":[{\"@type\":\"ListItem\",\"position\":1,\"name\":\"Home\",\"item\":\"https:\\\/\\\/www.miamibeachfl.gov\\\/\"},{\"@type\":\"ListItem\",\"position\":2,\"name\":\"City Hall\",\"item\":\"https:\\\/\\\/www.miamibeachfl.gov\\\/city-hall\\\/\"},{\"@type\":\"ListItem\",\"position\":3,\"name\":\"Finance\",\"item\":\"https:\\\/\\\/www.miamibeachfl.gov\\\/city-hall\\\/finance\\\/\"},{\"@type\":\"ListItem\",\"position\":4,\"name\":\"Financial Reports\",\"item\":\"https:\\\/\\\/www.miamibeachfl.gov\\\/city-hall\\\/finance\\\/financial-documents\\\/\"},{\"@type\":\"ListItem\",\"position\":5,\"name\":\"Annual Reports\"}]},{\"@type\":\"WebSite\",\"@id\":\"https:\\\/\\\/www.miamibeachfl.gov\\\/#website\",\"url\":\"https:\\\/\\\/www.miamibeachfl.gov\\\/\",\"name\":\"City of Miami Beach\",\"description\":\"The official website of the City of Miami Beach. Stay informed, find important information on city services, news, alerts, events, trolley routes, government employment and more.\",\"publisher\":{\"@id\":\"https:\\\/\\\/www.miamibeachfl.gov\\\/#organization\"},\"potentialAction\":[{\"@type\":\"SearchAction\",\"target\":{\"@type\":\"EntryPoint\",\"urlTemplate\":\"https:\\\/\\\/www.miamibeachfl.gov\\\/?s={search_term_string}\"},\"query-input\":{\"@type\":\"PropertyValueSpecification\",\"valueRequired\":true,\"valueName\":\"search_term_string\"}}],\"inLanguage\":\"fr-FR\"},{\"@type\":\"Organization\",\"@id\":\"https:\\\/\\\/www.miamibeachfl.gov\\\/#organization\",\"name\":\"City of Miami Beach\",\"url\":\"https:\\\/\\\/www.miamibeachfl.gov\\\/\",\"logo\":{\"@type\":\"ImageObject\",\"inLanguage\":\"fr-FR\",\"@id\":\"https:\\\/\\\/www.miamibeachfl.gov\\\/#\\\/schema\\\/logo\\\/image\\\/\",\"url\":\"https:\\\/\\\/www.miamibeachfl.gov\\\/wp-content\\\/uploads\\\/2022\\\/06\\\/miamibeach-logoblue.png\",\"contentUrl\":\"https:\\\/\\\/www.miamibeachfl.gov\\\/wp-content\\\/uploads\\\/2022\\\/06\\\/miamibeach-logoblue.png\",\"width\":1962,\"height\":381,\"caption\":\"City of Miami Beach\"},\"image\":{\"@id\":\"https:\\\/\\\/www.miamibeachfl.gov\\\/#\\\/schema\\\/logo\\\/image\\\/\"},\"sameAs\":[\"https:\\\/\\\/www.facebook.com\\\/cityofmiamibeach\",\"https:\\\/\\\/x.com\\\/Miamibeachnews\",\"https:\\\/\\\/www.instagram.com\\\/miamibeachnews\\\/\"],\"description\":\"The official website of the City of Miami Beach. Stay informed, find important information on city services, news, alerts, events, trolley routes, government employment and more.\",\"telephone\":\"305.604.CITY(2489)\",\"legalName\":\"City of Miami Beach\"}]}<\/script>\n<!-- \/ Yoast SEO Premium plugin. -->","yoast_head_json":{"title":"Rapports annuels - Ville de Miami Beach","description":"%","robots":{"index":"index","follow":"follow","max-snippet":"max-snippet:-1","max-image-preview":"max-image-preview:large","max-video-preview":"max-video-preview:-1"},"canonical":"https:\/\/www.miamibeachfl.gov\/fr\/city-hall\/finance\/financial-documents\/comprehensive-annual-reports\/","og_locale":"fr_FR","og_type":"article","og_title":"Annual Reports","og_description":"%","og_url":"https:\/\/www.miamibeachfl.gov\/fr\/city-hall\/finance\/financial-documents\/comprehensive-annual-reports\/","og_site_name":"City of Miami Beach","article_publisher":"https:\/\/www.facebook.com\/cityofmiamibeach","article_modified_time":"2025-06-26T13:38:13+00:00","og_image":[{"url":"https:\/\/www.miamibeachfl.gov\/wp-content\/uploads\/2022\/07\/hero-small.jpg","type":"","width":"","height":""}],"twitter_card":"summary_large_image","twitter_site":"@Miamibeachnews","schema":{"@context":"https:\/\/schema.org","@graph":[{"@type":"WebPage","@id":"https:\/\/www.miamibeachfl.gov\/city-hall\/finance\/financial-documents\/comprehensive-annual-reports\/","url":"https:\/\/www.miamibeachfl.gov\/city-hall\/finance\/financial-documents\/comprehensive-annual-reports\/","name":"Rapports annuels - Ville de Miami Beach","isPartOf":{"@id":"https:\/\/www.miamibeachfl.gov\/#website"},"primaryImageOfPage":{"@id":"https:\/\/www.miamibeachfl.gov\/city-hall\/finance\/financial-documents\/comprehensive-annual-reports\/#primaryimage"},"image":{"@id":"https:\/\/www.miamibeachfl.gov\/city-hall\/finance\/financial-documents\/comprehensive-annual-reports\/#primaryimage"},"thumbnailUrl":"https:\/\/www.miamibeachfl.gov\/wp-content\/uploads\/2022\/07\/hero-small.jpg","datePublished":"2017-09-25T14:16:29+00:00","dateModified":"2025-06-26T13:38:13+00:00","description":"%","breadcrumb":{"@id":"https:\/\/www.miamibeachfl.gov\/city-hall\/finance\/financial-documents\/comprehensive-annual-reports\/#breadcrumb"},"inLanguage":"fr-FR","potentialAction":[{"@type":"ReadAction","target":["https:\/\/www.miamibeachfl.gov\/city-hall\/finance\/financial-documents\/comprehensive-annual-reports\/"]}]},{"@type":"ImageObject","inLanguage":"fr-FR","@id":"https:\/\/www.miamibeachfl.gov\/city-hall\/finance\/financial-documents\/comprehensive-annual-reports\/#primaryimage","url":"https:\/\/www.miamibeachfl.gov\/wp-content\/uploads\/2022\/07\/hero-small.jpg","contentUrl":"https:\/\/www.miamibeachfl.gov\/wp-content\/uploads\/2022\/07\/hero-small.jpg"},{"@type":"BreadcrumbList","@id":"https:\/\/www.miamibeachfl.gov\/city-hall\/finance\/financial-documents\/comprehensive-annual-reports\/#breadcrumb","itemListElement":[{"@type":"ListItem","position":1,"name":"Home","item":"https:\/\/www.miamibeachfl.gov\/"},{"@type":"ListItem","position":2,"name":"City Hall","item":"https:\/\/www.miamibeachfl.gov\/city-hall\/"},{"@type":"ListItem","position":3,"name":"Finance","item":"https:\/\/www.miamibeachfl.gov\/city-hall\/finance\/"},{"@type":"ListItem","position":4,"name":"Financial Reports","item":"https:\/\/www.miamibeachfl.gov\/city-hall\/finance\/financial-documents\/"},{"@type":"ListItem","position":5,"name":"Annual Reports"}]},{"@type":"WebSite","@id":"https:\/\/www.miamibeachfl.gov\/#website","url":"https:\/\/www.miamibeachfl.gov\/","name":"Ville de Miami Beach","description":"Site officiel de la ville de Miami Beach. Restez inform\u00e9 et trouvez des informations importantes sur les services municipaux, les actualit\u00e9s, les alertes, les \u00e9v\u00e9nements, les itin\u00e9raires de tramway, les emplois gouvernementaux et bien plus encore.","publisher":{"@id":"https:\/\/www.miamibeachfl.gov\/#organization"},"potentialAction":[{"@type":"SearchAction","target":{"@type":"EntryPoint","urlTemplate":"https:\/\/www.miamibeachfl.gov\/?s={search_term_string}"},"query-input":{"@type":"PropertyValueSpecification","valueRequired":true,"valueName":"search_term_string"}}],"inLanguage":"fr-FR"},{"@type":"Organization","@id":"https:\/\/www.miamibeachfl.gov\/#organization","name":"Ville de Miami Beach","url":"https:\/\/www.miamibeachfl.gov\/","logo":{"@type":"ImageObject","inLanguage":"fr-FR","@id":"https:\/\/www.miamibeachfl.gov\/#\/schema\/logo\/image\/","url":"https:\/\/www.miamibeachfl.gov\/wp-content\/uploads\/2022\/06\/miamibeach-logoblue.png","contentUrl":"https:\/\/www.miamibeachfl.gov\/wp-content\/uploads\/2022\/06\/miamibeach-logoblue.png","width":1962,"height":381,"caption":"City of Miami Beach"},"image":{"@id":"https:\/\/www.miamibeachfl.gov\/#\/schema\/logo\/image\/"},"sameAs":["https:\/\/www.facebook.com\/cityofmiamibeach","https:\/\/x.com\/Miamibeachnews","https:\/\/www.instagram.com\/miamibeachnews\/"],"description":"Site officiel de la ville de Miami Beach. Restez inform\u00e9 et trouvez des informations importantes sur les services municipaux, les actualit\u00e9s, les alertes, les \u00e9v\u00e9nements, les itin\u00e9raires de tramway, les emplois gouvernementaux et bien plus encore.","telephone":"305.604.CITY(2489)","legalName":"City of Miami Beach"}]}},"_links":{"self":[{"href":"https:\/\/www.miamibeachfl.gov\/fr\/wp-json\/wp\/v2\/pages\/37122","targetHints":{"allow":["GET"]}}],"collection":[{"href":"https:\/\/www.miamibeachfl.gov\/fr\/wp-json\/wp\/v2\/pages"}],"about":[{"href":"https:\/\/www.miamibeachfl.gov\/fr\/wp-json\/wp\/v2\/types\/page"}],"author":[{"embeddable":true,"href":"https:\/\/www.miamibeachfl.gov\/fr\/wp-json\/wp\/v2\/users\/222"}],"replies":[{"embeddable":true,"href":"https:\/\/www.miamibeachfl.gov\/fr\/wp-json\/wp\/v2\/comments?post=37122"}],"version-history":[{"count":1,"href":"https:\/\/www.miamibeachfl.gov\/fr\/wp-json\/wp\/v2\/pages\/37122\/revisions"}],"predecessor-version":[{"id":385300,"href":"https:\/\/www.miamibeachfl.gov\/fr\/wp-json\/wp\/v2\/pages\/37122\/revisions\/385300"}],"up":[{"embeddable":true,"href":"https:\/\/www.miamibeachfl.gov\/fr\/wp-json\/wp\/v2\/pages\/385210"}],"wp:attachment":[{"href":"https:\/\/www.miamibeachfl.gov\/fr\/wp-json\/wp\/v2\/media?parent=37122"}],"wp:term":[{"taxonomy":"category","embeddable":true,"href":"https:\/\/www.miamibeachfl.gov\/fr\/wp-json\/wp\/v2\/categories?post=37122"},{"taxonomy":"post_tag","embeddable":true,"href":"https:\/\/www.miamibeachfl.gov\/fr\/wp-json\/wp\/v2\/tags?post=37122"}],"curies":[{"name":"wp","href":"https:\/\/api.w.org\/{rel}","templated":true}]}}