{"id":372292,"date":"2025-05-12T13:20:50","date_gmt":"2025-05-12T17:20:50","guid":{"rendered":"https:\/\/www.miamibeachfl.gov\/?page_id=372292"},"modified":"2025-05-29T14:27:13","modified_gmt":"2025-05-29T18:27:13","slug":"michelangelo","status":"publish","type":"page","link":"https:\/\/www.miamibeachfl.gov\/fr\/michelangelo\/","title":{"rendered":"Michel-Ange"},"content":{"rendered":"<img decoding=\"async\" src=\"https:\/\/www.miamibeachfl.gov\/wp-content\/uploads\/2025\/05\/michelangelologo2.jpg\" alt=\"michelangelo logo\" itemprop=\"image\" title=\"michelangelologo2\" onerror=\"this.style.display='none'\" loading='lazy' \/>\n<h3>\n\t\t\tVernissage : mercredi 21 mai 2025 \u2013 1212 Lincoln Road\t<\/h3>\n<h1>\n\t\t\tEntourez-vous du g\u00e9nie de Michel-Ange \u2013 Visites guid\u00e9es immersives gratuites pour les r\u00e9sidents de Miami Beach\t<\/h1>\n\t<p>La ville de Miami Beach invite ses habitants \u00e0 d\u00e9couvrir l&#039;art de Michel-Ange comme jamais auparavant, \u00e0 travers un voyage multisensoriel \u00e9poustouflant qui donne vie \u00e0 l&#039;\u0153uvre du ma\u00eetre. Les habitants de Miami Beach b\u00e9n\u00e9ficient d&#039;un acc\u00e8s exclusif et guid\u00e9 \u00e0 l&#039;Exp\u00e9rience Immersive Michelangelo. Chaque visite est limit\u00e9e \u00e0 30 personnes pour une exp\u00e9rience intimiste. Cinq dates de visite sont disponibles.<\/p>\n<p>Les r\u00e9sidents de Miami Beach peuvent \u00e9galement profiter de l&#039;exposition en toute autonomie. Ils peuvent r\u00e9clamer jusqu&#039;\u00e0\u00a0<strong>deux billets gratuits par foyer<\/strong> au\u00a0<strong>Miami Beach<\/strong> <strong>Centre de service \u00e0 la client\u00e8le <\/strong>d\u00e9part\u00a0<strong>Vendredi 16 mai<\/strong>, jusqu&#039;\u00e0 \u00e9puisement des stocks.\u00a0<strong>25 paires de billets sont disponibles \u2013 premier arriv\u00e9, premier servi ! <\/strong>Une preuve de r\u00e9sidence est requise.<\/p>\n\n<h3>\n\t\t\tR\u00e9servez d\u00e8s maintenant votre visite gratuite via les liens ci-dessous : \t<\/h3>\n\t\t<ul>\n\t\t\t\t\t<li>\n\t\t\t\t\t<a href=\"http:\/\/www.eventbrite.com\/e\/gmvb-michelangelo-immersive-group-1-tickets-1347239111449?aff=oddtdtcreator\" target=\"_blank\">\n\t\t\t\t\t\t\t\t\t\t\t<img loading=\"lazy\" decoding=\"async\" src=\"https:\/\/www.miamibeachfl.gov\/wp-content\/uploads\/2025\/05\/Eventbrite-Stacked-Logo.png\" alt=\"Eventbrite Stacked Logo\" width=\"1470\" height=\"1362\" \/>\n\t\t\t\t<h4>Groupe Mercredi 21 mai | 10h-11h30<\/h4>\n\t<\/a>\n\t\t\t<\/li>\n\t\t\t\t\t<li>\n\t\t\t\t\t<a href=\"http:\/\/www.eventbrite.com\/e\/gmvb-michelangelo-immersive-group-2-tickets-1358488298069?aff=oddtdtcreator\" target=\"_blank\">\n\t\t\t\t\t\t\t\t\t\t\t<img loading=\"lazy\" decoding=\"async\" src=\"https:\/\/www.miamibeachfl.gov\/wp-content\/uploads\/2025\/05\/Eventbrite-Stacked-Logo.png\" alt=\"Eventbrite Stacked Logo\" width=\"1470\" height=\"1362\" \/>\n\t\t\t\t<h4>Groupe mercredi 21 mai | 18h-19h<\/h4>\n\t<\/a>\n\t\t\t<\/li>\n\t\t\t\t\t<li>\n\t\t\t\t\t<a href=\"http:\/\/www.eventbrite.com\/e\/gmvb-michelangelo-immersive-group-3-tickets-1347239713249?aff=oddtdtcreator\" target=\"_blank\">\n\t\t\t\t\t\t\t\t\t\t\t<img loading=\"lazy\" decoding=\"async\" src=\"https:\/\/www.miamibeachfl.gov\/wp-content\/uploads\/2025\/05\/Eventbrite-Stacked-Logo.png\" alt=\"Eventbrite Stacked Logo\" width=\"1470\" height=\"1362\" \/>\n\t\t\t\t<h4>Groupe jeudi 22 mai | 10h-11h30<\/h4>\n\t<\/a>\n\t\t\t<\/li>\n\t\t\t\t\t<li>\n\t\t\t\t\t<a href=\"http:\/\/www.eventbrite.com\/e\/gmvb-michelangelo-immersive-group-4-tickets-1358489170679?aff=oddtdtcreator\" target=\"_blank\">\n\t\t\t\t\t\t\t\t\t\t\t<img loading=\"lazy\" decoding=\"async\" src=\"https:\/\/www.miamibeachfl.gov\/wp-content\/uploads\/2025\/05\/Eventbrite-Stacked-Logo.png\" alt=\"Eventbrite Stacked Logo\" width=\"1470\" height=\"1362\" \/>\n\t\t\t\t<h4>Groupe jeudi 22 mai | 18h-19h<\/h4>\n\t<\/a>\n\t\t\t<\/li>\n\t\t\t\t\t<li>\n\t\t\t\t\t<a href=\"http:\/\/www.eventbrite.com\/e\/gmvb-michelangelo-immersive-group-5-tickets-1347240636009?aff=oddtdtcreator\" target=\"_blank\">\n\t\t\t\t\t\t\t\t\t\t\t<img loading=\"lazy\" decoding=\"async\" src=\"https:\/\/www.miamibeachfl.gov\/wp-content\/uploads\/2025\/05\/Eventbrite-Stacked-Logo.png\" alt=\"Eventbrite Stacked Logo\" width=\"1470\" height=\"1362\" \/>\n\t\t\t\t<h4>Groupe Mercredi 11 juin | 10h-11h30<\/h4>\n\t<\/a>\n\t\t\t<\/li>\n\t\t\t\t<\/ul>\n\t<p><i>Pr\u00e9sent\u00e9e par Premier X Group, Michelangelo Immersive allie art classique et technologie moderne dans une s\u00e9rie de salles interactives. Des reproductions grandeur nature de David, de la Piet\u00e0, de Mo\u00efse et de Bacchus sont illumin\u00e9es par un \u00e9clairage dynamique et des d\u00e9tails num\u00e9riques, mettant en valeur le talent artistique et l&#039;\u00e9motion de l&#039;\u0153uvre sculpturale de Michel-Ange. L&#039;exposition se concentre sur une reconstitution num\u00e9rique \u00e0 grande \u00e9chelle de la Chapelle Sixtine, o\u00f9 des projections de \u00ab\u00a0La Cr\u00e9ation d&#039;Adam\u00a0\u00bb, \u00ab\u00a0Le Jugement dernier\u00a0\u00bb et d&#039;autres fresques sont projet\u00e9es en haute r\u00e9solution. Pour plus d&#039;informations sur l&#039;exposition, rendez-vous sur\u00a0: <a title=\"https:\/\/gcc02.safelinks.protection.outlook.com\/?url=https%3A%2F%2Fwww.michelangeloimmersive.com%2F&amp;data=05%7C02%7COlgaLyons%40miamibeachfl.gov%7Cbf5e370c0e9a49e28f7f08dd8e435071%7C551608f948f34871808aa969ec5cf48a%7C0%7C0%7C638823141973345774%7CUnknown%7CTWFpbGZsb3d8eyJFbXB0eU1hcGkiOnRydWUsIlYiOiIwLjAuMDAwMCIsIlAiOiJXaW4zMiIsIkFOIjoiTWFpbCIsIldUIjoyfQ%3D%3D%7C0%7C%7C%7C&amp;sdata=3Mt2HG8HvOSMWNy3sbC%2BJnhc4epvBYWLarzWkmxkAMY%3D&amp;reserved=0\" href=\"https:\/\/www.michelangeloimmersive.com\" target=\"_blank\" rel=\"noopener\" data-outlook-id=\"99661d37-de66-4dd4-a2c2-8cd87cafa980\">https:\/\/www.michelangeloimmersive.com<\/a><\/i><\/p>","protected":false},"excerpt":{"rendered":"<p>Opening: Wednesday, May 21, 2025 &#8211; 1212 Lincoln Road Surround Yourself in the Genius of Michelangelo &#8211; Free Immersive Guided [&hellip;]<\/p>\n","protected":false},"author":222,"featured_media":0,"parent":0,"menu_order":0,"comment_status":"closed","ping_status":"closed","template":"","meta":{"_searchwp_excluded":"","site-sidebar-layout":"default","site-content-layout":"","ast-site-content-layout":"default","site-content-style":"default","site-sidebar-style":"default","ast-global-header-display":"","ast-banner-title-visibility":"","ast-main-header-display":"","ast-hfb-above-header-display":"","ast-hfb-below-header-display":"","ast-hfb-mobile-header-display":"","site-post-title":"","ast-breadcrumbs-content":"","ast-featured-img":"","footer-sml-layout":"","theme-transparent-header-meta":"","adv-header-id-meta":"","stick-header-meta":"","header-above-stick-meta":"","header-main-stick-meta":"","header-below-stick-meta":"","astra-migrate-meta-layouts":"default","ast-page-background-enabled":"default","ast-page-background-meta":{"desktop":{"background-color":"var(--ast-global-color-5)","background-image":"","background-repeat":"repeat","background-position":"center center","background-size":"auto","background-attachment":"scroll","background-type":"","background-media":"","overlay-type":"","overlay-color":"","overlay-opacity":"","overlay-gradient":""},"tablet":{"background-color":"","background-image":"","background-repeat":"repeat","background-position":"center center","background-size":"auto","background-attachment":"scroll","background-type":"","background-media":"","overlay-type":"","overlay-color":"","overlay-opacity":"","overlay-gradient":""},"mobile":{"background-color":"","background-image":"","background-repeat":"repeat","background-position":"center center","background-size":"auto","background-attachment":"scroll","background-type":"","background-media":"","overlay-type":"","overlay-color":"","overlay-opacity":"","overlay-gradient":""}},"ast-content-background-meta":{"desktop":{"background-color":"var(--ast-global-color-4)","background-image":"","background-repeat":"repeat","background-position":"center center","background-size":"auto","background-attachment":"scroll","background-type":"","background-media":"","overlay-type":"","overlay-color":"","overlay-opacity":"","overlay-gradient":""},"tablet":{"background-color":"var(--ast-global-color-4)","background-image":"","background-repeat":"repeat","background-position":"center center","background-size":"auto","background-attachment":"scroll","background-type":"","background-media":"","overlay-type":"","overlay-color":"","overlay-opacity":"","overlay-gradient":""},"mobile":{"background-color":"var(--ast-global-color-4)","background-image":"","background-repeat":"repeat","background-position":"center center","background-size":"auto","background-attachment":"scroll","background-type":"","background-media":"","overlay-type":"","overlay-color":"","overlay-opacity":"","overlay-gradient":""}},"footnotes":""},"categories":[],"tags":[],"class_list":["post-372292","page","type-page","status-publish","hentry"],"yoast_head":"<!-- This site is optimized with the Yoast SEO Premium plugin v27.4 (Yoast SEO v27.4) - https:\/\/yoast.com\/product\/yoast-seo-premium-wordpress\/ -->\n<title>Michelangelo - City of Miami Beach<\/title>\n<meta name=\"description\" content=\"Surround Yourself in the Genius of Michelangelo \u2014 Free Immersive Guided Tours for Miami Beach Residents\" \/>\n<meta name=\"robots\" content=\"index, follow, max-snippet:-1, max-image-preview:large, max-video-preview:-1\" \/>\n<link rel=\"canonical\" href=\"https:\/\/www.miamibeachfl.gov\/fr\/michelangelo\/\" \/>\n<meta property=\"og:locale\" content=\"fr_FR\" \/>\n<meta property=\"og:type\" content=\"article\" \/>\n<meta property=\"og:title\" content=\"Michelangelo\" \/>\n<meta property=\"og:description\" content=\"Surround Yourself in the Genius of Michelangelo \u2014 Free Immersive Guided Tours for Miami Beach Residents\" \/>\n<meta property=\"og:url\" content=\"https:\/\/www.miamibeachfl.gov\/fr\/michelangelo\/\" \/>\n<meta property=\"og:site_name\" content=\"City of Miami Beach\" \/>\n<meta property=\"article:publisher\" content=\"https:\/\/www.facebook.com\/cityofmiamibeach\" \/>\n<meta property=\"article:modified_time\" content=\"2025-05-29T18:27:13+00:00\" \/>\n<meta property=\"og:image\" content=\"https:\/\/www.miamibeachfl.gov\/wp-content\/uploads\/2025\/05\/michelangelologo2.jpg\" \/>\n<meta name=\"twitter:card\" content=\"summary_large_image\" \/>\n<meta name=\"twitter:site\" content=\"@Miamibeachnews\" \/>\n<script type=\"application\/ld+json\" class=\"yoast-schema-graph\">{\"@context\":\"https:\\\/\\\/schema.org\",\"@graph\":[{\"@type\":\"WebPage\",\"@id\":\"https:\\\/\\\/www.miamibeachfl.gov\\\/michelangelo\\\/\",\"url\":\"https:\\\/\\\/www.miamibeachfl.gov\\\/michelangelo\\\/\",\"name\":\"Michelangelo - City of Miami Beach\",\"isPartOf\":{\"@id\":\"https:\\\/\\\/www.miamibeachfl.gov\\\/#website\"},\"primaryImageOfPage\":{\"@id\":\"https:\\\/\\\/www.miamibeachfl.gov\\\/michelangelo\\\/#primaryimage\"},\"image\":{\"@id\":\"https:\\\/\\\/www.miamibeachfl.gov\\\/michelangelo\\\/#primaryimage\"},\"thumbnailUrl\":\"https:\\\/\\\/www.miamibeachfl.gov\\\/wp-content\\\/uploads\\\/2025\\\/05\\\/michelangelologo2.jpg\",\"datePublished\":\"2025-05-12T17:20:50+00:00\",\"dateModified\":\"2025-05-29T18:27:13+00:00\",\"description\":\"Surround Yourself in the Genius of Michelangelo \u2014 Free Immersive Guided Tours for Miami Beach Residents\",\"breadcrumb\":{\"@id\":\"https:\\\/\\\/www.miamibeachfl.gov\\\/michelangelo\\\/#breadcrumb\"},\"inLanguage\":\"fr-FR\",\"potentialAction\":[{\"@type\":\"ReadAction\",\"target\":[\"https:\\\/\\\/www.miamibeachfl.gov\\\/michelangelo\\\/\"]}]},{\"@type\":\"ImageObject\",\"inLanguage\":\"fr-FR\",\"@id\":\"https:\\\/\\\/www.miamibeachfl.gov\\\/michelangelo\\\/#primaryimage\",\"url\":\"https:\\\/\\\/www.miamibeachfl.gov\\\/wp-content\\\/uploads\\\/2025\\\/05\\\/michelangelologo2.jpg\",\"contentUrl\":\"https:\\\/\\\/www.miamibeachfl.gov\\\/wp-content\\\/uploads\\\/2025\\\/05\\\/michelangelologo2.jpg\"},{\"@type\":\"BreadcrumbList\",\"@id\":\"https:\\\/\\\/www.miamibeachfl.gov\\\/michelangelo\\\/#breadcrumb\",\"itemListElement\":[{\"@type\":\"ListItem\",\"position\":1,\"name\":\"Home\",\"item\":\"https:\\\/\\\/www.miamibeachfl.gov\\\/\"},{\"@type\":\"ListItem\",\"position\":2,\"name\":\"Michelangelo\"}]},{\"@type\":\"WebSite\",\"@id\":\"https:\\\/\\\/www.miamibeachfl.gov\\\/#website\",\"url\":\"https:\\\/\\\/www.miamibeachfl.gov\\\/\",\"name\":\"City of Miami Beach\",\"description\":\"The official website of the City of Miami Beach. Stay informed, find important information on city services, news, alerts, events, trolley routes, government employment and more.\",\"publisher\":{\"@id\":\"https:\\\/\\\/www.miamibeachfl.gov\\\/#organization\"},\"potentialAction\":[{\"@type\":\"SearchAction\",\"target\":{\"@type\":\"EntryPoint\",\"urlTemplate\":\"https:\\\/\\\/www.miamibeachfl.gov\\\/?s={search_term_string}\"},\"query-input\":{\"@type\":\"PropertyValueSpecification\",\"valueRequired\":true,\"valueName\":\"search_term_string\"}}],\"inLanguage\":\"fr-FR\"},{\"@type\":\"Organization\",\"@id\":\"https:\\\/\\\/www.miamibeachfl.gov\\\/#organization\",\"name\":\"City of Miami Beach\",\"url\":\"https:\\\/\\\/www.miamibeachfl.gov\\\/\",\"logo\":{\"@type\":\"ImageObject\",\"inLanguage\":\"fr-FR\",\"@id\":\"https:\\\/\\\/www.miamibeachfl.gov\\\/#\\\/schema\\\/logo\\\/image\\\/\",\"url\":\"https:\\\/\\\/www.miamibeachfl.gov\\\/wp-content\\\/uploads\\\/2022\\\/06\\\/miamibeach-logoblue.png\",\"contentUrl\":\"https:\\\/\\\/www.miamibeachfl.gov\\\/wp-content\\\/uploads\\\/2022\\\/06\\\/miamibeach-logoblue.png\",\"width\":1962,\"height\":381,\"caption\":\"City of Miami Beach\"},\"image\":{\"@id\":\"https:\\\/\\\/www.miamibeachfl.gov\\\/#\\\/schema\\\/logo\\\/image\\\/\"},\"sameAs\":[\"https:\\\/\\\/www.facebook.com\\\/cityofmiamibeach\",\"https:\\\/\\\/x.com\\\/Miamibeachnews\",\"https:\\\/\\\/www.instagram.com\\\/miamibeachnews\\\/\"],\"description\":\"The official website of the City of Miami Beach. Stay informed, find important information on city services, news, alerts, events, trolley routes, government employment and more.\",\"telephone\":\"305.604.CITY(2489)\",\"legalName\":\"City of Miami Beach\"}]}<\/script>\n<!-- \/ Yoast SEO Premium plugin. -->","yoast_head_json":{"title":"Michel-Ange - Ville de Miami Beach","description":"Entourez-vous du g\u00e9nie de Michel-Ange \u2014 Visites guid\u00e9es immersives gratuites pour les r\u00e9sidents de Miami Beach","robots":{"index":"index","follow":"follow","max-snippet":"max-snippet:-1","max-image-preview":"max-image-preview:large","max-video-preview":"max-video-preview:-1"},"canonical":"https:\/\/www.miamibeachfl.gov\/fr\/michelangelo\/","og_locale":"fr_FR","og_type":"article","og_title":"Michelangelo","og_description":"Surround Yourself in the Genius of Michelangelo \u2014 Free Immersive Guided Tours for Miami Beach Residents","og_url":"https:\/\/www.miamibeachfl.gov\/fr\/michelangelo\/","og_site_name":"City of Miami Beach","article_publisher":"https:\/\/www.facebook.com\/cityofmiamibeach","article_modified_time":"2025-05-29T18:27:13+00:00","og_image":[{"url":"https:\/\/www.miamibeachfl.gov\/wp-content\/uploads\/2025\/05\/michelangelologo2.jpg","type":"","width":"","height":""}],"twitter_card":"summary_large_image","twitter_site":"@Miamibeachnews","schema":{"@context":"https:\/\/schema.org","@graph":[{"@type":"WebPage","@id":"https:\/\/www.miamibeachfl.gov\/michelangelo\/","url":"https:\/\/www.miamibeachfl.gov\/michelangelo\/","name":"Michel-Ange - Ville de Miami Beach","isPartOf":{"@id":"https:\/\/www.miamibeachfl.gov\/#website"},"primaryImageOfPage":{"@id":"https:\/\/www.miamibeachfl.gov\/michelangelo\/#primaryimage"},"image":{"@id":"https:\/\/www.miamibeachfl.gov\/michelangelo\/#primaryimage"},"thumbnailUrl":"https:\/\/www.miamibeachfl.gov\/wp-content\/uploads\/2025\/05\/michelangelologo2.jpg","datePublished":"2025-05-12T17:20:50+00:00","dateModified":"2025-05-29T18:27:13+00:00","description":"Entourez-vous du g\u00e9nie de Michel-Ange \u2014 Visites guid\u00e9es immersives gratuites pour les r\u00e9sidents de Miami Beach","breadcrumb":{"@id":"https:\/\/www.miamibeachfl.gov\/michelangelo\/#breadcrumb"},"inLanguage":"fr-FR","potentialAction":[{"@type":"ReadAction","target":["https:\/\/www.miamibeachfl.gov\/michelangelo\/"]}]},{"@type":"ImageObject","inLanguage":"fr-FR","@id":"https:\/\/www.miamibeachfl.gov\/michelangelo\/#primaryimage","url":"https:\/\/www.miamibeachfl.gov\/wp-content\/uploads\/2025\/05\/michelangelologo2.jpg","contentUrl":"https:\/\/www.miamibeachfl.gov\/wp-content\/uploads\/2025\/05\/michelangelologo2.jpg"},{"@type":"BreadcrumbList","@id":"https:\/\/www.miamibeachfl.gov\/michelangelo\/#breadcrumb","itemListElement":[{"@type":"ListItem","position":1,"name":"Home","item":"https:\/\/www.miamibeachfl.gov\/"},{"@type":"ListItem","position":2,"name":"Michelangelo"}]},{"@type":"WebSite","@id":"https:\/\/www.miamibeachfl.gov\/#website","url":"https:\/\/www.miamibeachfl.gov\/","name":"Ville de Miami Beach","description":"Site officiel de la ville de Miami Beach. Restez inform\u00e9 et trouvez des informations importantes sur les services municipaux, les actualit\u00e9s, les alertes, les \u00e9v\u00e9nements, les itin\u00e9raires de tramway, les emplois gouvernementaux et bien plus encore.","publisher":{"@id":"https:\/\/www.miamibeachfl.gov\/#organization"},"potentialAction":[{"@type":"SearchAction","target":{"@type":"EntryPoint","urlTemplate":"https:\/\/www.miamibeachfl.gov\/?s={search_term_string}"},"query-input":{"@type":"PropertyValueSpecification","valueRequired":true,"valueName":"search_term_string"}}],"inLanguage":"fr-FR"},{"@type":"Organization","@id":"https:\/\/www.miamibeachfl.gov\/#organization","name":"Ville de Miami Beach","url":"https:\/\/www.miamibeachfl.gov\/","logo":{"@type":"ImageObject","inLanguage":"fr-FR","@id":"https:\/\/www.miamibeachfl.gov\/#\/schema\/logo\/image\/","url":"https:\/\/www.miamibeachfl.gov\/wp-content\/uploads\/2022\/06\/miamibeach-logoblue.png","contentUrl":"https:\/\/www.miamibeachfl.gov\/wp-content\/uploads\/2022\/06\/miamibeach-logoblue.png","width":1962,"height":381,"caption":"City of Miami Beach"},"image":{"@id":"https:\/\/www.miamibeachfl.gov\/#\/schema\/logo\/image\/"},"sameAs":["https:\/\/www.facebook.com\/cityofmiamibeach","https:\/\/x.com\/Miamibeachnews","https:\/\/www.instagram.com\/miamibeachnews\/"],"description":"Site officiel de la ville de Miami Beach. Restez inform\u00e9 et trouvez des informations importantes sur les services municipaux, les actualit\u00e9s, les alertes, les \u00e9v\u00e9nements, les itin\u00e9raires de tramway, les emplois gouvernementaux et bien plus encore.","telephone":"305.604.CITY(2489)","legalName":"City of Miami Beach"}]}},"_links":{"self":[{"href":"https:\/\/www.miamibeachfl.gov\/fr\/wp-json\/wp\/v2\/pages\/372292","targetHints":{"allow":["GET"]}}],"collection":[{"href":"https:\/\/www.miamibeachfl.gov\/fr\/wp-json\/wp\/v2\/pages"}],"about":[{"href":"https:\/\/www.miamibeachfl.gov\/fr\/wp-json\/wp\/v2\/types\/page"}],"author":[{"embeddable":true,"href":"https:\/\/www.miamibeachfl.gov\/fr\/wp-json\/wp\/v2\/users\/222"}],"replies":[{"embeddable":true,"href":"https:\/\/www.miamibeachfl.gov\/fr\/wp-json\/wp\/v2\/comments?post=372292"}],"version-history":[{"count":2,"href":"https:\/\/www.miamibeachfl.gov\/fr\/wp-json\/wp\/v2\/pages\/372292\/revisions"}],"predecessor-version":[{"id":374721,"href":"https:\/\/www.miamibeachfl.gov\/fr\/wp-json\/wp\/v2\/pages\/372292\/revisions\/374721"}],"wp:attachment":[{"href":"https:\/\/www.miamibeachfl.gov\/fr\/wp-json\/wp\/v2\/media?parent=372292"}],"wp:term":[{"taxonomy":"category","embeddable":true,"href":"https:\/\/www.miamibeachfl.gov\/fr\/wp-json\/wp\/v2\/categories?post=372292"},{"taxonomy":"post_tag","embeddable":true,"href":"https:\/\/www.miamibeachfl.gov\/fr\/wp-json\/wp\/v2\/tags?post=372292"}],"curies":[{"name":"wp","href":"https:\/\/api.w.org\/{rel}","templated":true}]}}