{"id":372495,"date":"2025-05-14T10:43:26","date_gmt":"2025-05-14T14:43:26","guid":{"rendered":"https:\/\/www.miamibeachfl.gov\/?page_id=372495"},"modified":"2025-06-07T16:48:36","modified_gmt":"2025-06-07T20:48:36","slug":"busshelter","status":"publish","type":"page","link":"https:\/\/www.miamibeachfl.gov\/fr\/busshelter\/","title":{"rendered":"Abribus"},"content":{"rendered":"<h1>\n\t\t\tPrototype d&#039;abribus\t<\/h1>\n<h3>\n\t\t\t\u00c0 propos du projet \t<\/h3>\n\t<p>La ville de Miami Beach a con\u00e7u une nouvelle s\u00e9rie d&#039;abribus sculpturaux embl\u00e9matiques, destin\u00e9s \u00e0 am\u00e9liorer le confort, la fonctionnalit\u00e9 et l&#039;esth\u00e9tique des transports en commun. Ces abribus seront progressivement install\u00e9s \u00e0 chaque arr\u00eat de bus o\u00f9 l&#039;emprise le permet, contribuant ainsi \u00e0 un espace public plus moderne et dynamique. Afin de garantir que le produit final r\u00e9ponde aux besoins des usagers et aux objectifs de la ville en mati\u00e8re d&#039;am\u00e9nagement, un prototype est actuellement test\u00e9 sur le terrain. Cette page pr\u00e9sente le projet et les caract\u00e9ristiques sp\u00e9cifiques de l&#039;abribus prototype expos\u00e9.\u00a0<\/p>\n\t\t\t<a href=\"https:\/\/maps.app.goo.gl\/fzS59j8BXTssR9Ac8\" target=\"_blank\" rel=\"noopener\">\n\t\t\t\t\t\tLe prototype est situ\u00e9 sur Indian Creek Drive, juste au sud de la 41e Rue. Voir sur la carte.\n\t\t\t\t\t<\/a>\n\t\t\t\t<img decoding=\"async\" src=\"https:\/\/www.miamibeachfl.gov\/wp-content\/uploads\/2025\/05\/busshelter-closeup2.jpg\" alt=\"bus shelter prototype\" itemprop=\"image\" title=\"abribus-gros plan2\" onerror=\"this.style.display='none'\" loading='lazy' \/>\n<h3>\n\t\t\tTypes et tailles d&#039;abris \t<\/h3>\n\t<p>Trois types d\u2019abris ont \u00e9t\u00e9 con\u00e7us pour s\u2019adapter aux diff\u00e9rentes conditions du site :<\/p>\n\t\t<ul>\n\t\t\t\t\t<li>\n\t\t\t\t<h4>Standard:<\/h4>\n\t\t<p>20 pieds de long x 7 pieds de large (comprend un d\u00e9bord avant de 5 pieds de large et un d\u00e9bord arri\u00e8re de 2 pieds de large)<\/p>\n\t\t\t<\/li>\n\t\t\t\t\t<li>\n\t\t\t\t<h4>Minimal:<\/h4>\n\t\t<p>10\u2032 de long x 7\u2032 de large (largeur identique \u00e0 celle ci-dessus)<\/p>\t\t\t\n\t\t\t<\/li>\n\t\t\t\t\t<li>\n\t\t\t\t<h4>\u00c9troit:<\/h4>\n\t\t<p>10\u2032 de long x 3\u2032 de large (abri\/toit \u00e9troit pour trottoirs \u00e9troits)<\/p>\t\t\t\n\t\t\t<\/li>\n\t\t\t\t<\/ul>\n\t<p>Chaque type d\u2019abri est modulaire et peut \u00eatre configur\u00e9 avec diff\u00e9rents composants en fonction de l\u2019espace et des besoins.\u00a0<\/p>\n\t\t\t\t<img decoding=\"async\" src=\"https:\/\/www.miamibeachfl.gov\/wp-content\/uploads\/2025\/05\/BusShelterPhoto.jpg\" alt=\"bus shelter prototype\" itemprop=\"image\" title=\"AbribusPhoto\" onerror=\"this.style.display='none'\" loading='lazy' \/>\n<h3>\n\t\t\tPr\u00e9sentation du prototype\t<\/h3>\n\t<p>Le prototype d&#039;abri actuellement install\u00e9 \u00e0 l&#039;arr\u00eat de bus d&#039;Indian Creek Drive, juste au sud de la 41e Rue, est l&#039;abri minimal (3 m x 2,1 m). Il comprend\u00a0:<\/p>\n\t\t<ul>\n\t\t\t\t\t<li>\n\t\t\t\t<h4>Un si\u00e8ge<\/h4>\n\t\t\t<\/li>\n\t\t\t\t\t<li>\n\t\t\t\t<h4>Un rail inclin\u00e9<\/h4>\n\t\t\t<\/li>\n\t\t\t\t\t<li>\n\t\t\t\t<h4>Un panneau num\u00e9rique ETA (heure d&#039;arriv\u00e9e estim\u00e9e) <\/h4>\n\t\t\t<\/li>\n\t\t\t\t<\/ul>\n\t<p><strong>Objectif du prototype :<\/strong> Cette installation permet \u00e0 la ville de tester les performances structurelles, l&#039;exp\u00e9rience utilisateur, l&#039;\u00e9clairage et la fonctionnalit\u00e9 des composants avant de commencer la production et l&#039;installation \u00e0 grande \u00e9chelle, qui devraient commencer plus tard cette ann\u00e9e.<\/p>\n\t\t\t\t<img decoding=\"async\" src=\"https:\/\/www.miamibeachfl.gov\/wp-content\/uploads\/2025\/05\/busshelter-overhangcircles.jpg\" alt=\"bus shelter prototype\" itemprop=\"image\" title=\"abribus-surplombs\" onerror=\"this.style.display='none'\" loading='lazy' \/>\n<h3>\n\t\t\tVision de conception \t<\/h3>\n\t<p>Les abris ont \u00e9t\u00e9 con\u00e7us selon les principes suivants : <\/p>\n\t\t<ul>\n\t\t\t\t\t<li>\n\t\t\t\t<h4>Flux sculptural :<\/h4>\n\t\t<p>Une structure l\u00e9g\u00e8re et fluide qui s&#039;int\u00e8gre avec \u00e9l\u00e9gance dans le paysage urbain. <\/p>\n\t\t\t<\/li>\n\t\t\t\t\t<li>\n\t\t\t\t<h4>Jeu d&#039;ombres et de lumi\u00e8re :<\/h4>\n\t\t<p>L\u2019utilisation de panneaux perfor\u00e9s, de puits de lumi\u00e8re et de films dichro\u00efques cr\u00e9e un jeu de lumi\u00e8re dynamique tout au long de la journ\u00e9e.<\/p>\t\t\t\n\t\t\t<\/li>\n\t\t\t\t\t<li>\n\t\t\t\t<h4>\u00c9clairage int\u00e9gr\u00e9 :<\/h4>\n\t\t<p>Des \u00e9l\u00e9ments d&#039;\u00e9clairage subtils et int\u00e9gr\u00e9s am\u00e9liorent la visibilit\u00e9 et la s\u00e9curit\u00e9 la nuit. <\/p>\n\t\t\t<\/li>\n\t\t\t\t\t<li>\n\t\t\t\t<h4>Color\u00e9 et captivant :<\/h4>\n\t\t<p>Les accents de couleur et les motifs optionnels offrent un int\u00e9r\u00eat visuel et refl\u00e8tent l&#039;esprit de Miami Beach. <\/p>\n\t\t\t<\/li>\n\t\t\t\t<\/ul>\n\t\t\t\t<img decoding=\"async\" src=\"https:\/\/www.miamibeachfl.gov\/wp-content\/uploads\/2025\/05\/busshelter-bench2.jpg\" alt=\"bus shelter prototype\" itemprop=\"image\" title=\"abribus-banc2\" onerror=\"this.style.display='none'\" loading='lazy' \/>\n<h3>\n\t\t\tComposants cl\u00e9s\t<\/h3>\n<h3>\n\t\t\tSi\u00e8ges et barres d&#039;appui \t<\/h3>\n\t<p>Con\u00e7us pour maximiser le confort et l&#039;accessibilit\u00e9 tout en minimisant l&#039;encombrement, les abris peuvent \u00eatre \u00e9quip\u00e9s de diff\u00e9rentes configurations\u00a0: <\/p>\n\t\t<ul>\n\t\t\t\t\t<li>\n\t\t\t\t\t\t\t\t\t\t\t<img loading=\"lazy\" decoding=\"async\" src=\"https:\/\/www.miamibeachfl.gov\/wp-content\/uploads\/2025\/05\/busshelter-bench.jpg\" alt=\"busshelter-bench\" width=\"600\" height=\"800\" \/>\n\t\t\t\t<h4>Si\u00e8ges sans dossier <\/h4>\n\t\t\t<\/li>\n\t\t\t\t\t<li>\n\t\t\t\t\t\t\t\t\t\t\t<img loading=\"lazy\" decoding=\"async\" src=\"https:\/\/www.miamibeachfl.gov\/wp-content\/uploads\/2025\/05\/busshelter-lean-1.jpg\" alt=\"busshelter-lean\" width=\"600\" height=\"800\" \/>\n\t\t\t\t<h4>Rails d&#039;inclinaison pour un confort \u00e0 court terme<\/h4>\n\t\t\t<\/li>\n\t\t\t\t<\/ul>\n<h3>\n\t\t\tAffichage num\u00e9rique ETA \t<\/h3>\n\t<p>Chaque abribus peut \u00eatre \u00e9quip\u00e9 d&#039;un \u00e9cran num\u00e9rique d&#039;arriv\u00e9e en temps r\u00e9el, indiquant les heures d&#039;arriv\u00e9e estim\u00e9es des bus \u00e0 venir. L&#039;\u00e9cran est mont\u00e9 \u00e0 hauteur des yeux et s&#039;int\u00e8gre parfaitement \u00e0 l&#039;am\u00e9nagement de l&#039;abribus.<\/p>\n<h3>\n\t\t\tEt ensuite ? \t<\/h3>\n\t<p>Ce prototype s&#039;inscrit dans l&#039;engagement de la Ville \u00e0 repenser l&#039;exp\u00e9rience de transport en commun pour les r\u00e9sidents et les visiteurs. Suite au succ\u00e8s de l&#039;essai sur le terrain de cet abribus, la Ville proc\u00e9dera \u00e0 sa production en s\u00e9rie et \u00e0 son installation aux arr\u00eats d&#039;autobus admissibles, et ce, d\u00e8s la fin de l&#039;ann\u00e9e.<\/p>\n<p>Ces abris de nouvelle g\u00e9n\u00e9ration repr\u00e9sentent un investissement majeur dans le confort public, l&#039;excellence du design et les infrastructures de transport modernes \u2013 et ce n&#039;est que le d\u00e9but.<\/p>\n<p><strong>Merci de votre int\u00e9r\u00eat pour ce projet et de nous aider \u00e0 construire une Miami Beach plus connect\u00e9e et plus accueillante.<\/strong><\/p>","protected":false},"excerpt":{"rendered":"<p>Bus Shelter Prototype About the Project The City of Miami Beach has developed a new series of iconic, sculptural bus [&hellip;]<\/p>\n","protected":false},"author":222,"featured_media":0,"parent":0,"menu_order":0,"comment_status":"closed","ping_status":"closed","template":"","meta":{"_searchwp_excluded":"","site-sidebar-layout":"default","site-content-layout":"","ast-site-content-layout":"default","site-content-style":"default","site-sidebar-style":"default","ast-global-header-display":"","ast-banner-title-visibility":"","ast-main-header-display":"","ast-hfb-above-header-display":"","ast-hfb-below-header-display":"","ast-hfb-mobile-header-display":"","site-post-title":"","ast-breadcrumbs-content":"","ast-featured-img":"","footer-sml-layout":"","theme-transparent-header-meta":"","adv-header-id-meta":"","stick-header-meta":"","header-above-stick-meta":"","header-main-stick-meta":"","header-below-stick-meta":"","astra-migrate-meta-layouts":"default","ast-page-background-enabled":"default","ast-page-background-meta":{"desktop":{"background-color":"var(--ast-global-color-5)","background-image":"","background-repeat":"repeat","background-position":"center center","background-size":"auto","background-attachment":"scroll","background-type":"","background-media":"","overlay-type":"","overlay-color":"","overlay-opacity":"","overlay-gradient":""},"tablet":{"background-color":"","background-image":"","background-repeat":"repeat","background-position":"center center","background-size":"auto","background-attachment":"scroll","background-type":"","background-media":"","overlay-type":"","overlay-color":"","overlay-opacity":"","overlay-gradient":""},"mobile":{"background-color":"","background-image":"","background-repeat":"repeat","background-position":"center center","background-size":"auto","background-attachment":"scroll","background-type":"","background-media":"","overlay-type":"","overlay-color":"","overlay-opacity":"","overlay-gradient":""}},"ast-content-background-meta":{"desktop":{"background-color":"var(--ast-global-color-4)","background-image":"","background-repeat":"repeat","background-position":"center center","background-size":"auto","background-attachment":"scroll","background-type":"","background-media":"","overlay-type":"","overlay-color":"","overlay-opacity":"","overlay-gradient":""},"tablet":{"background-color":"var(--ast-global-color-4)","background-image":"","background-repeat":"repeat","background-position":"center center","background-size":"auto","background-attachment":"scroll","background-type":"","background-media":"","overlay-type":"","overlay-color":"","overlay-opacity":"","overlay-gradient":""},"mobile":{"background-color":"var(--ast-global-color-4)","background-image":"","background-repeat":"repeat","background-position":"center center","background-size":"auto","background-attachment":"scroll","background-type":"","background-media":"","overlay-type":"","overlay-color":"","overlay-opacity":"","overlay-gradient":""}},"footnotes":""},"categories":[],"tags":[],"class_list":["post-372495","page","type-page","status-publish","hentry"],"yoast_head":"<!-- This site is optimized with the Yoast SEO Premium plugin v27.4 (Yoast SEO v27.4) - https:\/\/yoast.com\/product\/yoast-seo-premium-wordpress\/ -->\n<title>Bus Shelter - City of Miami Beach<\/title>\n<meta name=\"description\" content=\"The City of Miami Beach has developed a new series of iconic, sculptural bus shelters designed to improve comfort, functionality, and aesthetics for transit riders. These shelters will be gradually installed at every bus stop where the right-of-way (ROW) permits, contributing to a more modern and vibrant public realm.\u00a0\" \/>\n<meta name=\"robots\" content=\"index, follow, max-snippet:-1, max-image-preview:large, max-video-preview:-1\" \/>\n<link rel=\"canonical\" href=\"https:\/\/www.miamibeachfl.gov\/fr\/busshelter\/\" \/>\n<meta property=\"og:locale\" content=\"fr_FR\" \/>\n<meta property=\"og:type\" content=\"article\" \/>\n<meta property=\"og:title\" content=\"Bus Shelter\" \/>\n<meta property=\"og:description\" content=\"The City of Miami Beach has developed a new series of iconic, sculptural bus shelters designed to improve comfort, functionality, and aesthetics for transit riders. These shelters will be gradually installed at every bus stop where the right-of-way (ROW) permits, contributing to a more modern and vibrant public realm.\u00a0\" \/>\n<meta property=\"og:url\" content=\"https:\/\/www.miamibeachfl.gov\/fr\/busshelter\/\" \/>\n<meta property=\"og:site_name\" content=\"City of Miami Beach\" \/>\n<meta property=\"article:publisher\" content=\"https:\/\/www.facebook.com\/cityofmiamibeach\" \/>\n<meta property=\"article:modified_time\" content=\"2025-06-07T20:48:36+00:00\" \/>\n<meta property=\"og:image\" content=\"https:\/\/www.miamibeachfl.gov\/wp-content\/uploads\/2025\/05\/busshelter-closeup2.jpg\" \/>\n<meta name=\"twitter:card\" content=\"summary_large_image\" \/>\n<meta name=\"twitter:site\" content=\"@Miamibeachnews\" \/>\n<script type=\"application\/ld+json\" class=\"yoast-schema-graph\">{\"@context\":\"https:\\\/\\\/schema.org\",\"@graph\":[{\"@type\":\"WebPage\",\"@id\":\"https:\\\/\\\/www.miamibeachfl.gov\\\/busshelter\\\/\",\"url\":\"https:\\\/\\\/www.miamibeachfl.gov\\\/busshelter\\\/\",\"name\":\"Bus Shelter - City of Miami Beach\",\"isPartOf\":{\"@id\":\"https:\\\/\\\/www.miamibeachfl.gov\\\/#website\"},\"primaryImageOfPage\":{\"@id\":\"https:\\\/\\\/www.miamibeachfl.gov\\\/busshelter\\\/#primaryimage\"},\"image\":{\"@id\":\"https:\\\/\\\/www.miamibeachfl.gov\\\/busshelter\\\/#primaryimage\"},\"thumbnailUrl\":\"https:\\\/\\\/www.miamibeachfl.gov\\\/wp-content\\\/uploads\\\/2025\\\/05\\\/busshelter-closeup2.jpg\",\"datePublished\":\"2025-05-14T14:43:26+00:00\",\"dateModified\":\"2025-06-07T20:48:36+00:00\",\"description\":\"The City of Miami Beach has developed a new series of iconic, sculptural bus shelters designed to improve comfort, functionality, and aesthetics for transit riders. These shelters will be gradually installed at every bus stop where the right-of-way (ROW) permits, contributing to a more modern and vibrant public realm.\u00a0\",\"breadcrumb\":{\"@id\":\"https:\\\/\\\/www.miamibeachfl.gov\\\/busshelter\\\/#breadcrumb\"},\"inLanguage\":\"fr-FR\",\"potentialAction\":[{\"@type\":\"ReadAction\",\"target\":[\"https:\\\/\\\/www.miamibeachfl.gov\\\/busshelter\\\/\"]}]},{\"@type\":\"ImageObject\",\"inLanguage\":\"fr-FR\",\"@id\":\"https:\\\/\\\/www.miamibeachfl.gov\\\/busshelter\\\/#primaryimage\",\"url\":\"https:\\\/\\\/www.miamibeachfl.gov\\\/wp-content\\\/uploads\\\/2025\\\/05\\\/busshelter-closeup2.jpg\",\"contentUrl\":\"https:\\\/\\\/www.miamibeachfl.gov\\\/wp-content\\\/uploads\\\/2025\\\/05\\\/busshelter-closeup2.jpg\"},{\"@type\":\"BreadcrumbList\",\"@id\":\"https:\\\/\\\/www.miamibeachfl.gov\\\/busshelter\\\/#breadcrumb\",\"itemListElement\":[{\"@type\":\"ListItem\",\"position\":1,\"name\":\"Home\",\"item\":\"https:\\\/\\\/www.miamibeachfl.gov\\\/\"},{\"@type\":\"ListItem\",\"position\":2,\"name\":\"Bus Shelter\"}]},{\"@type\":\"WebSite\",\"@id\":\"https:\\\/\\\/www.miamibeachfl.gov\\\/#website\",\"url\":\"https:\\\/\\\/www.miamibeachfl.gov\\\/\",\"name\":\"City of Miami Beach\",\"description\":\"The official website of the City of Miami Beach. Stay informed, find important information on city services, news, alerts, events, trolley routes, government employment and more.\",\"publisher\":{\"@id\":\"https:\\\/\\\/www.miamibeachfl.gov\\\/#organization\"},\"potentialAction\":[{\"@type\":\"SearchAction\",\"target\":{\"@type\":\"EntryPoint\",\"urlTemplate\":\"https:\\\/\\\/www.miamibeachfl.gov\\\/?s={search_term_string}\"},\"query-input\":{\"@type\":\"PropertyValueSpecification\",\"valueRequired\":true,\"valueName\":\"search_term_string\"}}],\"inLanguage\":\"fr-FR\"},{\"@type\":\"Organization\",\"@id\":\"https:\\\/\\\/www.miamibeachfl.gov\\\/#organization\",\"name\":\"City of Miami Beach\",\"url\":\"https:\\\/\\\/www.miamibeachfl.gov\\\/\",\"logo\":{\"@type\":\"ImageObject\",\"inLanguage\":\"fr-FR\",\"@id\":\"https:\\\/\\\/www.miamibeachfl.gov\\\/#\\\/schema\\\/logo\\\/image\\\/\",\"url\":\"https:\\\/\\\/www.miamibeachfl.gov\\\/wp-content\\\/uploads\\\/2022\\\/06\\\/miamibeach-logoblue.png\",\"contentUrl\":\"https:\\\/\\\/www.miamibeachfl.gov\\\/wp-content\\\/uploads\\\/2022\\\/06\\\/miamibeach-logoblue.png\",\"width\":1962,\"height\":381,\"caption\":\"City of Miami Beach\"},\"image\":{\"@id\":\"https:\\\/\\\/www.miamibeachfl.gov\\\/#\\\/schema\\\/logo\\\/image\\\/\"},\"sameAs\":[\"https:\\\/\\\/www.facebook.com\\\/cityofmiamibeach\",\"https:\\\/\\\/x.com\\\/Miamibeachnews\",\"https:\\\/\\\/www.instagram.com\\\/miamibeachnews\\\/\"],\"description\":\"The official website of the City of Miami Beach. Stay informed, find important information on city services, news, alerts, events, trolley routes, government employment and more.\",\"telephone\":\"305.604.CITY(2489)\",\"legalName\":\"City of Miami Beach\"}]}<\/script>\n<!-- \/ Yoast SEO Premium plugin. -->","yoast_head_json":{"title":"Abribus - Ville de Miami Beach","description":"La ville de Miami Beach a con\u00e7u une nouvelle s\u00e9rie d&#039;abribus sculpturaux embl\u00e9matiques, destin\u00e9s \u00e0 am\u00e9liorer le confort, la fonctionnalit\u00e9 et l&#039;esth\u00e9tique des transports en commun. Ces abribus seront progressivement install\u00e9s \u00e0 chaque arr\u00eat o\u00f9 l&#039;emprise le permet, contribuant ainsi \u00e0 un espace public plus moderne et dynamique.\u00a0","robots":{"index":"index","follow":"follow","max-snippet":"max-snippet:-1","max-image-preview":"max-image-preview:large","max-video-preview":"max-video-preview:-1"},"canonical":"https:\/\/www.miamibeachfl.gov\/fr\/busshelter\/","og_locale":"fr_FR","og_type":"article","og_title":"Bus Shelter","og_description":"The City of Miami Beach has developed a new series of iconic, sculptural bus shelters designed to improve comfort, functionality, and aesthetics for transit riders. These shelters will be gradually installed at every bus stop where the right-of-way (ROW) permits, contributing to a more modern and vibrant public realm.\u00a0","og_url":"https:\/\/www.miamibeachfl.gov\/fr\/busshelter\/","og_site_name":"City of Miami Beach","article_publisher":"https:\/\/www.facebook.com\/cityofmiamibeach","article_modified_time":"2025-06-07T20:48:36+00:00","og_image":[{"url":"https:\/\/www.miamibeachfl.gov\/wp-content\/uploads\/2025\/05\/busshelter-closeup2.jpg","type":"","width":"","height":""}],"twitter_card":"summary_large_image","twitter_site":"@Miamibeachnews","schema":{"@context":"https:\/\/schema.org","@graph":[{"@type":"WebPage","@id":"https:\/\/www.miamibeachfl.gov\/busshelter\/","url":"https:\/\/www.miamibeachfl.gov\/busshelter\/","name":"Abribus - Ville de Miami Beach","isPartOf":{"@id":"https:\/\/www.miamibeachfl.gov\/#website"},"primaryImageOfPage":{"@id":"https:\/\/www.miamibeachfl.gov\/busshelter\/#primaryimage"},"image":{"@id":"https:\/\/www.miamibeachfl.gov\/busshelter\/#primaryimage"},"thumbnailUrl":"https:\/\/www.miamibeachfl.gov\/wp-content\/uploads\/2025\/05\/busshelter-closeup2.jpg","datePublished":"2025-05-14T14:43:26+00:00","dateModified":"2025-06-07T20:48:36+00:00","description":"La ville de Miami Beach a con\u00e7u une nouvelle s\u00e9rie d&#039;abribus sculpturaux embl\u00e9matiques, destin\u00e9s \u00e0 am\u00e9liorer le confort, la fonctionnalit\u00e9 et l&#039;esth\u00e9tique des transports en commun. Ces abribus seront progressivement install\u00e9s \u00e0 chaque arr\u00eat o\u00f9 l&#039;emprise le permet, contribuant ainsi \u00e0 un espace public plus moderne et dynamique.\u00a0","breadcrumb":{"@id":"https:\/\/www.miamibeachfl.gov\/busshelter\/#breadcrumb"},"inLanguage":"fr-FR","potentialAction":[{"@type":"ReadAction","target":["https:\/\/www.miamibeachfl.gov\/busshelter\/"]}]},{"@type":"ImageObject","inLanguage":"fr-FR","@id":"https:\/\/www.miamibeachfl.gov\/busshelter\/#primaryimage","url":"https:\/\/www.miamibeachfl.gov\/wp-content\/uploads\/2025\/05\/busshelter-closeup2.jpg","contentUrl":"https:\/\/www.miamibeachfl.gov\/wp-content\/uploads\/2025\/05\/busshelter-closeup2.jpg"},{"@type":"BreadcrumbList","@id":"https:\/\/www.miamibeachfl.gov\/busshelter\/#breadcrumb","itemListElement":[{"@type":"ListItem","position":1,"name":"Home","item":"https:\/\/www.miamibeachfl.gov\/"},{"@type":"ListItem","position":2,"name":"Bus Shelter"}]},{"@type":"WebSite","@id":"https:\/\/www.miamibeachfl.gov\/#website","url":"https:\/\/www.miamibeachfl.gov\/","name":"Ville de Miami Beach","description":"Site officiel de la ville de Miami Beach. Restez inform\u00e9 et trouvez des informations importantes sur les services municipaux, les actualit\u00e9s, les alertes, les \u00e9v\u00e9nements, les itin\u00e9raires de tramway, les emplois gouvernementaux et bien plus encore.","publisher":{"@id":"https:\/\/www.miamibeachfl.gov\/#organization"},"potentialAction":[{"@type":"SearchAction","target":{"@type":"EntryPoint","urlTemplate":"https:\/\/www.miamibeachfl.gov\/?s={search_term_string}"},"query-input":{"@type":"PropertyValueSpecification","valueRequired":true,"valueName":"search_term_string"}}],"inLanguage":"fr-FR"},{"@type":"Organization","@id":"https:\/\/www.miamibeachfl.gov\/#organization","name":"Ville de Miami Beach","url":"https:\/\/www.miamibeachfl.gov\/","logo":{"@type":"ImageObject","inLanguage":"fr-FR","@id":"https:\/\/www.miamibeachfl.gov\/#\/schema\/logo\/image\/","url":"https:\/\/www.miamibeachfl.gov\/wp-content\/uploads\/2022\/06\/miamibeach-logoblue.png","contentUrl":"https:\/\/www.miamibeachfl.gov\/wp-content\/uploads\/2022\/06\/miamibeach-logoblue.png","width":1962,"height":381,"caption":"City of Miami Beach"},"image":{"@id":"https:\/\/www.miamibeachfl.gov\/#\/schema\/logo\/image\/"},"sameAs":["https:\/\/www.facebook.com\/cityofmiamibeach","https:\/\/x.com\/Miamibeachnews","https:\/\/www.instagram.com\/miamibeachnews\/"],"description":"Site officiel de la ville de Miami Beach. Restez inform\u00e9 et trouvez des informations importantes sur les services municipaux, les actualit\u00e9s, les alertes, les \u00e9v\u00e9nements, les itin\u00e9raires de tramway, les emplois gouvernementaux et bien plus encore.","telephone":"305.604.CITY(2489)","legalName":"City of Miami Beach"}]}},"_links":{"self":[{"href":"https:\/\/www.miamibeachfl.gov\/fr\/wp-json\/wp\/v2\/pages\/372495","targetHints":{"allow":["GET"]}}],"collection":[{"href":"https:\/\/www.miamibeachfl.gov\/fr\/wp-json\/wp\/v2\/pages"}],"about":[{"href":"https:\/\/www.miamibeachfl.gov\/fr\/wp-json\/wp\/v2\/types\/page"}],"author":[{"embeddable":true,"href":"https:\/\/www.miamibeachfl.gov\/fr\/wp-json\/wp\/v2\/users\/222"}],"replies":[{"embeddable":true,"href":"https:\/\/www.miamibeachfl.gov\/fr\/wp-json\/wp\/v2\/comments?post=372495"}],"version-history":[{"count":1,"href":"https:\/\/www.miamibeachfl.gov\/fr\/wp-json\/wp\/v2\/pages\/372495\/revisions"}],"predecessor-version":[{"id":375859,"href":"https:\/\/www.miamibeachfl.gov\/fr\/wp-json\/wp\/v2\/pages\/372495\/revisions\/375859"}],"wp:attachment":[{"href":"https:\/\/www.miamibeachfl.gov\/fr\/wp-json\/wp\/v2\/media?parent=372495"}],"wp:term":[{"taxonomy":"category","embeddable":true,"href":"https:\/\/www.miamibeachfl.gov\/fr\/wp-json\/wp\/v2\/categories?post=372495"},{"taxonomy":"post_tag","embeddable":true,"href":"https:\/\/www.miamibeachfl.gov\/fr\/wp-json\/wp\/v2\/tags?post=372495"}],"curies":[{"name":"wp","href":"https:\/\/api.w.org\/{rel}","templated":true}]}}