{"id":37327,"date":"2017-09-26T14:45:24","date_gmt":"2017-09-26T18:45:24","guid":{"rendered":"http:\/\/www.miamibeachfl.gov\/?page_id=37327"},"modified":"2026-03-02T14:24:56","modified_gmt":"2026-03-02T19:24:56","slug":"current-advisories","status":"publish","type":"page","link":"https:\/\/www.miamibeachfl.gov\/fr\/city-hall\/fire\/emergency-management\/current-advisories\/","title":{"rendered":"Avis actuels"},"content":{"rendered":"\n\n\t\t<link itemprop=\"url\" href=\"https:\/\/www.miamibeachfl.gov\"\/>\n\t\t<a itemprop=\"sameAs\" href=\"https:\/\/www.facebook.com\/miamibeachfire\/\" target=\"_blank\" title=\"Facebook\" aria-label=\"Facebook\" role=\"button\" rel=\"noopener noreferrer external\">\n\t\t\t\t\t<\/a>\n\t\t<link itemprop=\"url\" href=\"https:\/\/www.miamibeachfl.gov\"\/>\n\t\t<a itemprop=\"sameAs\" href=\"https:\/\/twitter.com\/miamibeachfire\" target=\"_blank\" title=\"X\" aria-label=\"X\" role=\"button\" rel=\"noopener noreferrer external\">\n\t\t\t\t\t<\/a>\n\t\t<link itemprop=\"url\" href=\"https:\/\/www.miamibeachfl.gov\"\/>\n\t\t<a itemprop=\"sameAs\" href=\"https:\/\/www.instagram.com\/miamibeachfire\/?hl=en\" target=\"_blank\" title=\"Instagram\" aria-label=\"Instagram\" role=\"button\" rel=\"noopener noreferrer external\">\n\t\t\t\t\t<\/a>\n\t\t\t<style>\n\t\t\t\n\t\t\t\t\t\t\t#searchwp-form-3 .swp-input,\n                #searchwp-form-3 .swp-select {\n                    border: 1px solid #ffffff;\n                    border-radius: 5px;\n                }\n\t\t\t\t#searchwp-form-3 .searchwp-form-input-container .swp-select {\n                    border-top-right-radius: 0;\n                    border-bottom-right-radius: 0;\n                    border-right: 0;\n                }\n\t\t\t\t#searchwp-form-3 .searchwp-form-input-container .swp-select + .swp-input {\n                    border-top-left-radius: 0;\n                    border-bottom-left-radius: 0;\n                }\n\t\t\t\t#searchwp-form-3 input[type=submit] {\n                    border-radius: 5px;\n                }\n\t\t\t\n\t\t\t\n\t\t\t                #searchwp-form-3 .swp-toggle-checkbox:checked + .swp-toggle-switch,\n                #searchwp-form-3 .swp-toggle-switch--checked  {\n                    background: #ffffff;\n                }\n\t\t\t\n\t\t\t\n\t\t\t\t\t\t\t#searchwp-form-3 input[type=submit] {\n                    background-color: #7c1e20;\n                }\n\t\t\t\n\t\t\t\n\t\t\t\n\t\t\t\t\t<\/style>\n\t\t\t\t<form id=\"searchwp-form-3\"\n\t\t\trole=\"search\"\n\t\t\tmethod=\"get\"\n\t\t\tclass=\"searchwp-form\"\n\t\t\taction=\"https:\/\/www.miamibeachfl.gov\/fr\/\"\n\t\t\taria-label=\"Search\"\n\t\t\t\t\t\t>\n\t\t\t<input type=\"hidden\" name=\"swp_form[form_id]\" value=\"3\">\n\t\t\t<div class=\"swp-flex--col swp-flex--wrap swp-flex--gap-md\">\n\t\t\t\t<div class=\"swp-flex--row swp-items-stretch swp-flex--gap-md\">\n\t\t\t\t\t<div class=\"searchwp-form-input-container swp-items-stretch\">\n\t\t\t\t\t\t\t\t\t\t\t\t\t\t<input type=\"search\"\n\t\t\tclass=\"swp-input--search swp-input\"\n\t\t\tplaceholder=\"\"\n\t\t\tvalue=\"\"\n\t\t\tname=\"swps\"\n\t\t\ttitle=\"\"\n\t\t\taria-label=\"Search\"\n\t\t\taria-required=\"false\"\n\t\t\t data-swplive=\"true\" data-swpengine=\"fire_department\"\t\t\/>\n\t\t\t\t\t\t\t\t\t\t\t\t\t<\/div>\n\t\t\t\t\t\t\t<input type=\"submit\"\n\t\t\tclass=\"search-submit swp-button\"\n\t\t\tvalue=\"SEARCH\"\n\t\t\taria-label=\"SEARCH\"\n\t\t\/>\n\t\t\t\t\t\t<\/div>\n\t\t\t\t\t\t\t\t\t\t\t<\/div>\n\t\t\t\t\t<\/form>\n\t\t\n\t\t\t\t<a href=\"\/city-hall\/fire\"  target=\"_self\" itemprop=\"url\">\n\t\t\t\t<img decoding=\"async\" src=\"https:\/\/www.miamibeachfl.gov\/wp-content\/uploads\/2025\/03\/2024FIRELogo.png\" alt=\"Fire Department Logo\" itemprop=\"image\" height=\"437\" width=\"437\" title=\"2024FIRELogo\" onerror=\"this.style.display='none'\" loading=\"lazy\" \/>\n\t\t\t\t<\/a>\n\t\t\t<button tabindex=\"0\" aria-label=\"MENU\" aria-expanded=\"false\">\n\t\t\t\tMENU\t\t\t<\/button>\n\t<nav aria-label=\"Fire Department Menu\" itemscope=\"itemscope\" itemtype=\"https:\/\/schema.org\/SiteNavigationElement\">\n\t\t<ul id=\"menu-fire-new\"><li id=\"menu-item-367860\"><a aria-expanded=\"false\" href=\"#\">DIVISIONS<\/a><ul>\t<li id=\"menu-item-367866\"><a href=\"\/city-hall\/fire\/emergency-management\/\">Emergency Management &#038; Preparedness<\/a><\/li>\t<li id=\"menu-item-367867\"><a href=\"\/city-hall\/fire\/fire-prevention\/\">Fire Prevention &#038; Safety<\/a><\/li>\t<li id=\"menu-item-367868\"><a href=\"\/city-hall\/fire\/fire-rescue\/\">Fire Rescue &#038; Suppression<\/a><\/li>\t<li id=\"menu-item-367869\"><a href=\"\/city-hall\/fire\/ocean-rescue\/\">Ocean Rescue &#038; Beach Information<\/a><\/li>\t<li id=\"menu-item-367870\"><a href=\"\/city-hall\/fire\/public-safety-communications-division-911\/\">Public Safety Communications (911)<\/a><\/li><\/ul><\/li><li id=\"menu-item-367861\"><a href=\"\/city-hall\/fire\/fire-prevention\/building-inspections\/\">PERMITS &#038; INSPECTIONS<\/a><\/li><li id=\"menu-item-367862\"><a href=\"https:\/\/www.miamibeachfl.gov\/city-hall\/fire\/fire-prevention\/fire-safety-programs-services\/\">PROGRAMS<\/a><\/li><li id=\"menu-item-367864\"><a aria-expanded=\"false\" href=\"\/city-hall\/fire\/fire-contacts\/\">CONTACTS<\/a><ul>\t<li id=\"menu-item-367929\"><a href=\"https:\/\/miamibeachfl.justfoia.com\/publicportal\/home\/track\">Public Records Request<\/a><\/li><\/ul><\/li><li id=\"menu-item-371168\"><a href=\"\/city-hall\/fire\/emergency-management\/plan-and-prepare-emergency-preparation\/\">WEATHER EMERGENCIES<\/a><\/li><\/ul>\t<\/nav>\n\t<nav id=\"breadcrumbs\" aria-label=\"Breadcrumbs\"><a href=\"https:\/\/www.miamibeachfl.gov\/\">Home<\/a> &gt; <a href=\"https:\/\/www.miamibeachfl.gov\/city-hall\/\">City Hall<\/a> &gt; <a href=\"https:\/\/www.miamibeachfl.gov\/city-hall\/fire\/\">Fire<\/a> &gt; <a href=\"https:\/\/www.miamibeachfl.gov\/city-hall\/fire\/emergency-management\/\">Emergency Management<\/a> &gt; <strong>Current Advisories<\/strong><\/nav><h1>\n\t\t\tCurrent Advisories\t<\/h1>\n<h2>\n\t\t\tHurricane Season (June 1 &#8211; November 30)\t<\/h2>\n\t<p>All Miami Beach residents and businesses are strongly encouraged to check their hurricane preparedness kits, review their family emergency plans, and remain informed during hurricane season.<\/p>\n\t\t<ul>\n\t\t\t\t\t<li>\n\t\t\t\t\t<a href=\"\/city-hall\/fire\/emergency-management\/know-your-hazards\/hurricanes\" target=\"_self\">\n\t\t\t\t<h3>Hurricane Info and Emergency Planning<\/h3>\n\t<\/a>\n\t\t\t<\/li>\n\t\t\t\t\t<li>\n\t\t\t\t\t<a href=\"https:\/\/twitter.com\/miamibeachnews\" target=\"_self\">\n\t\t\t\t<h3>Follow us on Twitter<\/h3>\n\t<\/a>\n\t\t\t<\/li>\n\t\t\t\t\t<li>\n\t\t\t\t\t<a href=\"https:\/\/www.facebook.com\/cityofmiamibeach\/\" target=\"_self\">\n\t\t\t\t<h3>Follow us on Facebook<\/h3>\n\t<\/a>\n\t\t\t<\/li>\n\t\t\t\t\t<li>\n\t\t\t\t\t<a href=\"https:\/\/www.nhc.noaa.gov\/cyclones\/\" target=\"_self\">\n\t\t\t\t<h3>Alerts and Forecasts<\/h3>\n\t<\/a>\n\t\t\t<\/li>\n\t\t\t\t<\/ul>\n\t\t<h3><a href=\"https:\/\/mdc.maps.arcgis.com\/apps\/webappviewer\/index.html?id=4919c85a439f40c68d7b3c81c3f44b58\" target=\"_self\">Storm Surge Planning<\/a><\/h3><p>Miami Beach is located within a\u00a0<a href=\"https:\/\/mdc.maps.arcgis.com\/apps\/webappviewer\/index.html?id=4919c85a439f40c68d7b3c81c3f44b58\" target=\"_blank\" rel=\"noopener noreferrer\">storm surge planning zone<\/a>, which means evacuation may be ordered if a storm surge is a threat. Plan in advance where you will stay, how you will get there, and what supplies you will take in case an evacuation order is issued. Also, give yourself ample time to get to a safe area. <a href=\"\/city-hall\/fire-new\/emergency-management-new\/know-your-hazards-new\/hurricanes\">For more information on how to prepare, go to our Hurricane Information Center.<\/a><\/p>\n\t\t\t<a href=\"https:\/\/mdc.maps.arcgis.com\/apps\/webappviewer\/index.html?id=4919c85a439f40c68d7b3c81c3f44b58\" target=\"_self\">\n\t\t\t\t\t\t\tStorm Surge Planning Zones\n\t\t\t\t\t<\/a>\n\t\t<h3><a href=\"https:\/\/member.everbridge.net\/index\/892807736729308#\/signup\"  target=\"_blank\"  rel=\"noopener\">\t\n\tMB Alerts<\/a><\/h3><p><strong>Text &#8220;MBALERT&#8221; to 888777<\/strong> to sign up to receive traffic updates and public safety notifications from the City of Miami Beach right to your phone.<\/p>\n<a href=\"https:\/\/member.everbridge.net\/index\/892807736729308#\/signup\"  rel=\"noopener\"  target=\"_blank\">Sign up now<\/a>\t\n\t<ul>\n\t\t<li><a href=\"mailto:dem@miamibeachfl.gov\" target=\"_self\"  aria-label=\"Go to mailto:dem@miamibeachfl.gov\">\t\t\t\t\n\t\t<h3>dem@miamibeachfl.gov<\/h3><\/a><\/li><li>\t\t\t\t\n\t\t<h3>305.673.7736 ext. 7736<\/h3><\/li><li>\t\t\t\t\n\t\t<h3>Office<\/h3><p>2310 Pine Tree Drive, Third Floor<br \/>Miami Beach, FL 33140<\/p><\/li><li>\t\t\t\t\n\t\t<h3>Hours of Operation<\/h3><p>Monday &#8211; Sunday | 24\/7<\/p><\/li>\t<\/ul>\n<h2>\n\t\t\tCity Quick Links:\t<\/h2>\n\t\t\t<a href=\"\/city-hall\/\" target=\"_blank\" rel=\"noopener\">\n\t\t\t\t\t\t\tCity Directory\n\t\t\t\t\t<\/a>\n\t\t\t<a href=\"\/city-hall\/city-clerk\/meeting-notices\/\" target=\"_blank\" rel=\"noopener\">\n\t\t\t\t\t\t\tCity Meeting Notices\n\t\t\t\t\t<\/a>\n\t\t\t<a href=\"\/city-hall\/city-clerk\/meetings-and-agendas\/\" target=\"_blank\" rel=\"noopener\">\n\t\t\t\t\t\t\tCommission &#038; Board Meetings\n\t\t\t\t\t<\/a>\n\t\t\t<a href=\"\/residents\/neighborhood-associations\/\" target=\"_blank\" rel=\"noopener\">\n\t\t\t\t\t\t\tNeighborhood &#038; Condominiums Associations\n\t\t\t\t\t<\/a>\n\t\t\t<a href=\"\/city-employee-helpful-links\/\" target=\"_blank\" rel=\"noopener\">\n\t\t\t\t\t\t\tEmployees\n\t\t\t\t\t<\/a>\n\t\t\t<a href=\"\/flood-awareness\/\" target=\"_blank\" rel=\"noopener\">\n\t\t\t\t\t\t\tFlood Awareness\n\t\t\t\t\t<\/a>\n\t\t\t<a href=\"\/city-hall\/transportation\/tracking-trolley-live\/\" target=\"_blank\" rel=\"noopener\">\n\t\t\t\t\t\t\tLive Trolley Updates\n\t\t\t\t\t<\/a>\n\t\t\t<a href=\"\/government\/master-plans\/\" target=\"_blank\" rel=\"noopener\">\n\t\t\t\t\t\t\tMaster Plans\n\t\t\t\t\t<\/a>\n\t\t\t<a href=\"\/city-hall\/parking\/\" target=\"_blank\" rel=\"noopener\">\n\t\t\t\t\t\t\tParking Information\n\t\t\t\t\t<\/a>\n\t\t\t<a href=\"\/city-hall\/parks-and-recreation\/\" target=\"_self\">\n\t\t\t\t\t\t\tParks &#038; Recreation\n\t\t\t\t\t<\/a>\n\t\t\t<a href=\"\/residents\/neighborhood-associations\/neighborhood-affairs-division\/active-projects\/other\/north-beach-cra\/\" target=\"_self\">\n\t\t\t\t\t\t\tNorth Beach Community Redevelopment Agency\n\t\t\t\t\t<\/a>\n\t\t\t<a href=\"https:\/\/www2.miami-dadeclerk.com\/PayParking\/\" target=\"_blank\" rel=\"noopener\">\n\t\t\t\t\t\t\tPay Parking Tickets\n\t\t\t\t\t<\/a>\n\t\t\t<a href=\"\/pay-invoice\/\" target=\"_blank\" rel=\"noopener\">\n\t\t\t\t\t\t\tPay Bills\n\t\t\t\t\t<\/a>\n\t\t\t<a href=\"\/city-hall\/environmental-sustainability\/sustainability\/recycling\/\" target=\"_self\">\n\t\t\t\t\t\t\tRecycle\n\t\t\t\t\t<\/a>\n\t\t\t<a href=\"\/inspectorgeneral\/\" target=\"_self\">\n\t\t\t\t\t\t\tReporting Fraud\n\t\t\t\t\t<\/a>\n\t\t\t<a href=\"\/city-hall\/city-clerk\/special-magistrate\/\" target=\"_self\">\n\t\t\t\t\t\t\tSpecial Magistrate\n\t\t\t\t\t<\/a>\n\t\t\t<a href=\"\/city-hall\/economic-development\/redevelopment-agency\/\" target=\"_self\">\n\t\t\t\t\t\t\tMiami Beach Redevelopment Agency\n\t\t\t\t\t<\/a>\n\t<p>\u00a9 2025 Copyright City of Miami Beach.<\/p>\n\t\t\t<a href=\"\/\" target=\"_self\">\n\t\t\t\t\t\t\tCity of Miami Beach Website\n\t\t\t\t\t<\/a>\n\t\t\t<a href=\"\/policies-disclaimers\/\" target=\"_self\">\n\t\t\t\t\t\t\tPolicies &#038; Disclaimers\n\t\t\t\t\t<\/a>\n\t\t\t<a href=\"\/accessibility\/\" target=\"_self\">\n\t\t\t\t\t\t\tAccessibility\n\t\t\t\t\t<\/a>\n\t\t\t<a href=\"\/policies-disclaimers\/#cookies\" target=\"_self\">\n\t\t\t\t\t\t\tCookie Settings\n\t\t\t\t\t<\/a>\n\n","protected":false},"excerpt":{"rendered":"<p>MENU DIVISIONS Emergency Management &#038; Preparedness Fire Prevention &#038; Safety Fire Rescue &#038; Suppression Ocean Rescue &#038; Beach Information Public [&hellip;]<\/p>\n","protected":false},"author":222,"featured_media":0,"parent":28525,"menu_order":0,"comment_status":"closed","ping_status":"closed","template":"","meta":{"_searchwp_excluded":"","site-sidebar-layout":"default","site-content-layout":"","ast-site-content-layout":"","site-content-style":"default","site-sidebar-style":"default","ast-global-header-display":"disabled","ast-banner-title-visibility":"","ast-main-header-display":"","ast-hfb-above-header-display":"","ast-hfb-below-header-display":"","ast-hfb-mobile-header-display":"","site-post-title":"","ast-breadcrumbs-content":"","ast-featured-img":"","footer-sml-layout":"disabled","theme-transparent-header-meta":"","adv-header-id-meta":"","stick-header-meta":"","header-above-stick-meta":"","header-main-stick-meta":"","header-below-stick-meta":"","astra-migrate-meta-layouts":"default","ast-page-background-enabled":"default","ast-page-background-meta":{"desktop":{"background-color":"var(--ast-global-color-5)","background-image":"","background-repeat":"repeat","background-position":"center center","background-size":"auto","background-attachment":"scroll","background-type":"","background-media":"","overlay-type":"","overlay-color":"","overlay-opacity":"","overlay-gradient":""},"tablet":{"background-color":"","background-image":"","background-repeat":"repeat","background-position":"center center","background-size":"auto","background-attachment":"scroll","background-type":"","background-media":"","overlay-type":"","overlay-color":"","overlay-opacity":"","overlay-gradient":""},"mobile":{"background-color":"","background-image":"","background-repeat":"repeat","background-position":"center center","background-size":"auto","background-attachment":"scroll","background-type":"","background-media":"","overlay-type":"","overlay-color":"","overlay-opacity":"","overlay-gradient":""}},"ast-content-background-meta":{"desktop":{"background-color":"var(--ast-global-color-4)","background-image":"","background-repeat":"repeat","background-position":"center center","background-size":"auto","background-attachment":"scroll","background-type":"","background-media":"","overlay-type":"","overlay-color":"","overlay-opacity":"","overlay-gradient":""},"tablet":{"background-color":"var(--ast-global-color-4)","background-image":"","background-repeat":"repeat","background-position":"center center","background-size":"auto","background-attachment":"scroll","background-type":"","background-media":"","overlay-type":"","overlay-color":"","overlay-opacity":"","overlay-gradient":""},"mobile":{"background-color":"var(--ast-global-color-4)","background-image":"","background-repeat":"repeat","background-position":"center center","background-size":"auto","background-attachment":"scroll","background-type":"","background-media":"","overlay-type":"","overlay-color":"","overlay-opacity":"","overlay-gradient":""}},"footnotes":""},"categories":[1765,1764],"tags":[1774],"class_list":["post-37327","page","type-page","status-publish","hentry","category-emergency-management","category-fire-department","tag-emergency-management"],"yoast_head":"<!-- This site is optimized with the Yoast SEO Premium plugin v27.4 (Yoast SEO v27.4) - https:\/\/yoast.com\/product\/yoast-seo-premium-wordpress\/ -->\n<title>Current Advisories - City of Miami Beach<\/title>\n<meta name=\"description\" content=\"%\" \/>\n<meta name=\"robots\" content=\"index, follow, max-snippet:-1, max-image-preview:large, max-video-preview:-1\" \/>\n<link rel=\"canonical\" href=\"https:\/\/www.miamibeachfl.gov\/fr\/city-hall\/fire\/emergency-management\/current-advisories\/\" \/>\n<meta property=\"og:locale\" content=\"fr_FR\" \/>\n<meta property=\"og:type\" content=\"article\" \/>\n<meta property=\"og:title\" content=\"Current Advisories\" \/>\n<meta property=\"og:description\" content=\"%\" \/>\n<meta property=\"og:url\" content=\"https:\/\/www.miamibeachfl.gov\/fr\/city-hall\/fire\/emergency-management\/current-advisories\/\" \/>\n<meta property=\"og:site_name\" content=\"City of Miami Beach\" \/>\n<meta property=\"article:publisher\" content=\"https:\/\/www.facebook.com\/cityofmiamibeach\" \/>\n<meta property=\"article:modified_time\" content=\"2026-03-02T19:24:56+00:00\" \/>\n<meta property=\"og:image\" content=\"https:\/\/www.miamibeachfl.gov\/wp-content\/uploads\/2025\/03\/2024FIRELogo.png\" \/>\n<meta name=\"twitter:card\" content=\"summary_large_image\" \/>\n<meta name=\"twitter:site\" content=\"@Miamibeachnews\" \/>\n<script type=\"application\/ld+json\" class=\"yoast-schema-graph\">{\"@context\":\"https:\\\/\\\/schema.org\",\"@graph\":[{\"@type\":\"WebPage\",\"@id\":\"https:\\\/\\\/www.miamibeachfl.gov\\\/city-hall\\\/fire\\\/emergency-management\\\/current-advisories\\\/\",\"url\":\"https:\\\/\\\/www.miamibeachfl.gov\\\/city-hall\\\/fire\\\/emergency-management\\\/current-advisories\\\/\",\"name\":\"Current Advisories - City of Miami Beach\",\"isPartOf\":{\"@id\":\"https:\\\/\\\/www.miamibeachfl.gov\\\/#website\"},\"primaryImageOfPage\":{\"@id\":\"https:\\\/\\\/www.miamibeachfl.gov\\\/city-hall\\\/fire\\\/emergency-management\\\/current-advisories\\\/#primaryimage\"},\"image\":{\"@id\":\"https:\\\/\\\/www.miamibeachfl.gov\\\/city-hall\\\/fire\\\/emergency-management\\\/current-advisories\\\/#primaryimage\"},\"thumbnailUrl\":\"https:\\\/\\\/www.miamibeachfl.gov\\\/wp-content\\\/uploads\\\/2025\\\/03\\\/2024FIRELogo.png\",\"datePublished\":\"2017-09-26T18:45:24+00:00\",\"dateModified\":\"2026-03-02T19:24:56+00:00\",\"description\":\"%\",\"breadcrumb\":{\"@id\":\"https:\\\/\\\/www.miamibeachfl.gov\\\/city-hall\\\/fire\\\/emergency-management\\\/current-advisories\\\/#breadcrumb\"},\"inLanguage\":\"fr-FR\",\"potentialAction\":[{\"@type\":\"ReadAction\",\"target\":[\"https:\\\/\\\/www.miamibeachfl.gov\\\/city-hall\\\/fire\\\/emergency-management\\\/current-advisories\\\/\"]}]},{\"@type\":\"ImageObject\",\"inLanguage\":\"fr-FR\",\"@id\":\"https:\\\/\\\/www.miamibeachfl.gov\\\/city-hall\\\/fire\\\/emergency-management\\\/current-advisories\\\/#primaryimage\",\"url\":\"https:\\\/\\\/www.miamibeachfl.gov\\\/wp-content\\\/uploads\\\/2025\\\/03\\\/2024FIRELogo.png\",\"contentUrl\":\"https:\\\/\\\/www.miamibeachfl.gov\\\/wp-content\\\/uploads\\\/2025\\\/03\\\/2024FIRELogo.png\"},{\"@type\":\"BreadcrumbList\",\"@id\":\"https:\\\/\\\/www.miamibeachfl.gov\\\/city-hall\\\/fire\\\/emergency-management\\\/current-advisories\\\/#breadcrumb\",\"itemListElement\":[{\"@type\":\"ListItem\",\"position\":1,\"name\":\"Home\",\"item\":\"https:\\\/\\\/www.miamibeachfl.gov\\\/\"},{\"@type\":\"ListItem\",\"position\":2,\"name\":\"City Hall\",\"item\":\"https:\\\/\\\/www.miamibeachfl.gov\\\/city-hall\\\/\"},{\"@type\":\"ListItem\",\"position\":3,\"name\":\"Fire\",\"item\":\"https:\\\/\\\/www.miamibeachfl.gov\\\/city-hall\\\/fire\\\/\"},{\"@type\":\"ListItem\",\"position\":4,\"name\":\"Emergency Management\",\"item\":\"https:\\\/\\\/www.miamibeachfl.gov\\\/city-hall\\\/fire\\\/emergency-management\\\/\"},{\"@type\":\"ListItem\",\"position\":5,\"name\":\"Current Advisories\"}]},{\"@type\":\"WebSite\",\"@id\":\"https:\\\/\\\/www.miamibeachfl.gov\\\/#website\",\"url\":\"https:\\\/\\\/www.miamibeachfl.gov\\\/\",\"name\":\"City of Miami Beach\",\"description\":\"The official website of the City of Miami Beach. Stay informed, find important information on city services, news, alerts, events, trolley routes, government employment and more.\",\"publisher\":{\"@id\":\"https:\\\/\\\/www.miamibeachfl.gov\\\/#organization\"},\"potentialAction\":[{\"@type\":\"SearchAction\",\"target\":{\"@type\":\"EntryPoint\",\"urlTemplate\":\"https:\\\/\\\/www.miamibeachfl.gov\\\/?s={search_term_string}\"},\"query-input\":{\"@type\":\"PropertyValueSpecification\",\"valueRequired\":true,\"valueName\":\"search_term_string\"}}],\"inLanguage\":\"fr-FR\"},{\"@type\":\"Organization\",\"@id\":\"https:\\\/\\\/www.miamibeachfl.gov\\\/#organization\",\"name\":\"City of Miami Beach\",\"url\":\"https:\\\/\\\/www.miamibeachfl.gov\\\/\",\"logo\":{\"@type\":\"ImageObject\",\"inLanguage\":\"fr-FR\",\"@id\":\"https:\\\/\\\/www.miamibeachfl.gov\\\/#\\\/schema\\\/logo\\\/image\\\/\",\"url\":\"https:\\\/\\\/www.miamibeachfl.gov\\\/wp-content\\\/uploads\\\/2022\\\/06\\\/miamibeach-logoblue.png\",\"contentUrl\":\"https:\\\/\\\/www.miamibeachfl.gov\\\/wp-content\\\/uploads\\\/2022\\\/06\\\/miamibeach-logoblue.png\",\"width\":1962,\"height\":381,\"caption\":\"City of Miami Beach\"},\"image\":{\"@id\":\"https:\\\/\\\/www.miamibeachfl.gov\\\/#\\\/schema\\\/logo\\\/image\\\/\"},\"sameAs\":[\"https:\\\/\\\/www.facebook.com\\\/cityofmiamibeach\",\"https:\\\/\\\/x.com\\\/Miamibeachnews\",\"https:\\\/\\\/www.instagram.com\\\/miamibeachnews\\\/\"],\"description\":\"The official website of the City of Miami Beach. Stay informed, find important information on city services, news, alerts, events, trolley routes, government employment and more.\",\"telephone\":\"305.604.CITY(2489)\",\"legalName\":\"City of Miami Beach\"}]}<\/script>\n<!-- \/ Yoast SEO Premium plugin. -->","yoast_head_json":{"title":"Avis actuels - Ville de Miami Beach","description":"%","robots":{"index":"index","follow":"follow","max-snippet":"max-snippet:-1","max-image-preview":"max-image-preview:large","max-video-preview":"max-video-preview:-1"},"canonical":"https:\/\/www.miamibeachfl.gov\/fr\/city-hall\/fire\/emergency-management\/current-advisories\/","og_locale":"fr_FR","og_type":"article","og_title":"Current Advisories","og_description":"%","og_url":"https:\/\/www.miamibeachfl.gov\/fr\/city-hall\/fire\/emergency-management\/current-advisories\/","og_site_name":"City of Miami Beach","article_publisher":"https:\/\/www.facebook.com\/cityofmiamibeach","article_modified_time":"2026-03-02T19:24:56+00:00","og_image":[{"url":"https:\/\/www.miamibeachfl.gov\/wp-content\/uploads\/2025\/03\/2024FIRELogo.png","type":"","width":"","height":""}],"twitter_card":"summary_large_image","twitter_site":"@Miamibeachnews","schema":{"@context":"https:\/\/schema.org","@graph":[{"@type":"WebPage","@id":"https:\/\/www.miamibeachfl.gov\/city-hall\/fire\/emergency-management\/current-advisories\/","url":"https:\/\/www.miamibeachfl.gov\/city-hall\/fire\/emergency-management\/current-advisories\/","name":"Avis actuels - Ville de Miami Beach","isPartOf":{"@id":"https:\/\/www.miamibeachfl.gov\/#website"},"primaryImageOfPage":{"@id":"https:\/\/www.miamibeachfl.gov\/city-hall\/fire\/emergency-management\/current-advisories\/#primaryimage"},"image":{"@id":"https:\/\/www.miamibeachfl.gov\/city-hall\/fire\/emergency-management\/current-advisories\/#primaryimage"},"thumbnailUrl":"https:\/\/www.miamibeachfl.gov\/wp-content\/uploads\/2025\/03\/2024FIRELogo.png","datePublished":"2017-09-26T18:45:24+00:00","dateModified":"2026-03-02T19:24:56+00:00","description":"%","breadcrumb":{"@id":"https:\/\/www.miamibeachfl.gov\/city-hall\/fire\/emergency-management\/current-advisories\/#breadcrumb"},"inLanguage":"fr-FR","potentialAction":[{"@type":"ReadAction","target":["https:\/\/www.miamibeachfl.gov\/city-hall\/fire\/emergency-management\/current-advisories\/"]}]},{"@type":"ImageObject","inLanguage":"fr-FR","@id":"https:\/\/www.miamibeachfl.gov\/city-hall\/fire\/emergency-management\/current-advisories\/#primaryimage","url":"https:\/\/www.miamibeachfl.gov\/wp-content\/uploads\/2025\/03\/2024FIRELogo.png","contentUrl":"https:\/\/www.miamibeachfl.gov\/wp-content\/uploads\/2025\/03\/2024FIRELogo.png"},{"@type":"BreadcrumbList","@id":"https:\/\/www.miamibeachfl.gov\/city-hall\/fire\/emergency-management\/current-advisories\/#breadcrumb","itemListElement":[{"@type":"ListItem","position":1,"name":"Home","item":"https:\/\/www.miamibeachfl.gov\/"},{"@type":"ListItem","position":2,"name":"City Hall","item":"https:\/\/www.miamibeachfl.gov\/city-hall\/"},{"@type":"ListItem","position":3,"name":"Fire","item":"https:\/\/www.miamibeachfl.gov\/city-hall\/fire\/"},{"@type":"ListItem","position":4,"name":"Emergency Management","item":"https:\/\/www.miamibeachfl.gov\/city-hall\/fire\/emergency-management\/"},{"@type":"ListItem","position":5,"name":"Current Advisories"}]},{"@type":"WebSite","@id":"https:\/\/www.miamibeachfl.gov\/#website","url":"https:\/\/www.miamibeachfl.gov\/","name":"Ville de Miami Beach","description":"Site officiel de la ville de Miami Beach. Restez inform\u00e9 et trouvez des informations importantes sur les services municipaux, les actualit\u00e9s, les alertes, les \u00e9v\u00e9nements, les itin\u00e9raires de tramway, les emplois gouvernementaux et bien plus encore.","publisher":{"@id":"https:\/\/www.miamibeachfl.gov\/#organization"},"potentialAction":[{"@type":"SearchAction","target":{"@type":"EntryPoint","urlTemplate":"https:\/\/www.miamibeachfl.gov\/?s={search_term_string}"},"query-input":{"@type":"PropertyValueSpecification","valueRequired":true,"valueName":"search_term_string"}}],"inLanguage":"fr-FR"},{"@type":"Organization","@id":"https:\/\/www.miamibeachfl.gov\/#organization","name":"Ville de Miami Beach","url":"https:\/\/www.miamibeachfl.gov\/","logo":{"@type":"ImageObject","inLanguage":"fr-FR","@id":"https:\/\/www.miamibeachfl.gov\/#\/schema\/logo\/image\/","url":"https:\/\/www.miamibeachfl.gov\/wp-content\/uploads\/2022\/06\/miamibeach-logoblue.png","contentUrl":"https:\/\/www.miamibeachfl.gov\/wp-content\/uploads\/2022\/06\/miamibeach-logoblue.png","width":1962,"height":381,"caption":"City of Miami Beach"},"image":{"@id":"https:\/\/www.miamibeachfl.gov\/#\/schema\/logo\/image\/"},"sameAs":["https:\/\/www.facebook.com\/cityofmiamibeach","https:\/\/x.com\/Miamibeachnews","https:\/\/www.instagram.com\/miamibeachnews\/"],"description":"Site officiel de la ville de Miami Beach. Restez inform\u00e9 et trouvez des informations importantes sur les services municipaux, les actualit\u00e9s, les alertes, les \u00e9v\u00e9nements, les itin\u00e9raires de tramway, les emplois gouvernementaux et bien plus encore.","telephone":"305.604.CITY(2489)","legalName":"City of Miami Beach"}]}},"_links":{"self":[{"href":"https:\/\/www.miamibeachfl.gov\/fr\/wp-json\/wp\/v2\/pages\/37327","targetHints":{"allow":["GET"]}}],"collection":[{"href":"https:\/\/www.miamibeachfl.gov\/fr\/wp-json\/wp\/v2\/pages"}],"about":[{"href":"https:\/\/www.miamibeachfl.gov\/fr\/wp-json\/wp\/v2\/types\/page"}],"author":[{"embeddable":true,"href":"https:\/\/www.miamibeachfl.gov\/fr\/wp-json\/wp\/v2\/users\/222"}],"replies":[{"embeddable":true,"href":"https:\/\/www.miamibeachfl.gov\/fr\/wp-json\/wp\/v2\/comments?post=37327"}],"version-history":[{"count":11,"href":"https:\/\/www.miamibeachfl.gov\/fr\/wp-json\/wp\/v2\/pages\/37327\/revisions"}],"predecessor-version":[{"id":396915,"href":"https:\/\/www.miamibeachfl.gov\/fr\/wp-json\/wp\/v2\/pages\/37327\/revisions\/396915"}],"up":[{"embeddable":true,"href":"https:\/\/www.miamibeachfl.gov\/fr\/wp-json\/wp\/v2\/pages\/28525"}],"wp:attachment":[{"href":"https:\/\/www.miamibeachfl.gov\/fr\/wp-json\/wp\/v2\/media?parent=37327"}],"wp:term":[{"taxonomy":"category","embeddable":true,"href":"https:\/\/www.miamibeachfl.gov\/fr\/wp-json\/wp\/v2\/categories?post=37327"},{"taxonomy":"post_tag","embeddable":true,"href":"https:\/\/www.miamibeachfl.gov\/fr\/wp-json\/wp\/v2\/tags?post=37327"}],"curies":[{"name":"wp","href":"https:\/\/api.w.org\/{rel}","templated":true}]}}