{"id":374936,"date":"2025-05-30T10:11:35","date_gmt":"2025-05-30T14:11:35","guid":{"rendered":"https:\/\/www.miamibeachfl.gov\/?page_id=374936"},"modified":"2026-01-05T14:19:16","modified_gmt":"2026-01-05T19:19:16","slug":"related-resolutions-november-4-2025","status":"publish","type":"page","link":"https:\/\/www.miamibeachfl.gov\/fr\/city-hall\/city-clerk\/election-information\/related-resolutions-november-4-2025\/","title":{"rendered":"R\u00e9solutions connexes \u2013 4 NOVEMBRE 2025"},"content":{"rendered":"<nav id=\"breadcrumbs\" aria-label=\"Fil d&#039;Ariane\"><a href=\"https:\/\/www.miamibeachfl.gov\/fr\/\">Maison<\/a> &gt; <a href=\"https:\/\/www.miamibeachfl.gov\/fr\/city-hall\/\">l&#039;h\u00f4tel de ville<\/a> &gt; <a href=\"https:\/\/www.miamibeachfl.gov\/fr\/city-hall\/city-clerk\/\">greffier de la ville<\/a> &gt; <a href=\"https:\/\/www.miamibeachfl.gov\/fr\/city-hall\/city-clerk\/election-information\/\">Informations \u00e9lectorales<\/a> &gt; <strong>R\u00e9solutions connexes \u2013 4 NOVEMBRE 2025<\/strong><\/nav><h1>\n\t\t\tR\u00e9solutions connexes \u2013 4 novembre 2025\t<\/h1>\n\t<ul>\n<li><a href=\"https:\/\/www.miamibeachfl.gov\/wp-content\/uploads\/2026\/01\/Resolution-2025-33956.pdf\">R\u00e9solution 2025-33956<\/a>: R\u00c9SOLUTION DU MAIRE ET DE LA COMMISSION MUNICIPALE DE LA VILLE DE MIAMI BEACH, FLORIDE, ADOPTANT LA CERTIFICATION DES R\u00c9SULTATS DE L&#039;\u00c9LECTION DE SECOND TOUR DU 9 D\u00c9CEMBRE 2025 POUR LA VILLE DE MIAMI BEACH ET D\u00c9CLARANT LES CANDIDATS \u00c9LUS.<\/li>\n<li><a href=\"https:\/\/www.miamibeachfl.gov\/wp-content\/uploads\/2025\/11\/Resolution-2025-33950.pdf\">R\u00e9solution 2025-33950<\/a>: R\u00c9SOLUTION DU MAIRE ET DE LA COMMISSION MUNICIPALE DE LA VILLE DE MIAMI BEACH, FLORIDE, ADOPTANT LE CERTIFICAT DES R\u00c9SULTATS DE L&#039;\u00c9LECTION G\u00c9N\u00c9RALE DU 4 NOVEMBRE 2025 POUR LA VILLE DE MIAMI BEACH.<\/li>\n<li><a href=\"https:\/\/www.miamibeachfl.gov\/wp-content\/uploads\/2025\/08\/Resolution-2025-33813.pdf\">R\u00e9solution 2025-33813 :<\/a> UNE R\u00c9SOLUTION DU MAIRE ET DE LA COMMISSION MUNICIPALE DE LA VILLE DE MIAMI BEACH, FLORIDE, AUTORISANT L&#039;ADMINISTRATION \u00c0 ENREGISTRER EN VID\u00c9O ET \u00c0 DIFFUSER SUR MBTV LES PR\u00c9SENTATIONS VID\u00c9O DES CANDIDATS DU MAIRE ET DES GROUPES I, II ET III DE LA COMMISSION POUR L&#039;\u00c9LECTION G\u00c9N\u00c9RALE DU 4 NOVEMBRE 2025 ET AFFIRMANT COMME D\u00c9CLARATION DE POLITIQUE L&#039;OBJECTIF PUBLIC D&#039;\u00c9DUQUER LES \u00c9LECTEURS DE LA VILLE SUR LES CANDIDATS QUALIFI\u00c9S SE PR\u00c9SENTANT AUX \u00c9LECTIONS G\u00c9N\u00c9RALES DE LA VILLE DU 4 NOVEMBRE 2025.<\/li>\n<li><a href=\"https:\/\/www.miamibeachfl.gov\/wp-content\/uploads\/2025\/08\/Resolution-2025-33812.pdf\">R\u00e9solution 2025-33812<\/a>\u00a0R\u00c9SOLUTION DU MAIRE ET DE LA COMMISSION MUNICIPALE DE LA VILLE DE MIAMI BEACH, FLORIDE, AUTORISANT LE VOTE ANTICIP\u00c9 POUR L&#039;\u00c9LECTION G\u00c9N\u00c9RALE DE LA VILLE DE MIAMI BEACH DU 4 NOVEMBRE 2025 ET, SI N\u00c9CESSAIRE, UN SECOND TOUR DU 9 D\u00c9CEMBRE 2025 ET ORDONNANT AU BUREAU DU SUPERVISEUR DES \u00c9LECTIONS DU COMT\u00c9 DE MIAMI-DADE DE FOURNIR DES EMPLACEMENTS DE BO\u00ceTES DE D\u00c9P\u00d4T AU VOLANT SUR TOUS LES SITES DE VOTE ANTICIP\u00c9 PENDANT LE VOTE ANTICIP\u00c9 AFIN DE PERMETTRE AUX \u00c9LECTEURS DE RETOURNER EN TOUTE S\u00c9CURIT\u00c9 ET EN TEMPS RAPIDE LEURS BULLETINS DE VOTE PAR CORRESPONDANCE POUR L&#039;\u00c9LECTION G\u00c9N\u00c9RALE DE LA VILLE DE MIAMI BEACH DU 4 NOVEMBRE 2025 ET, SI N\u00c9CESSAIRE, LE SECOND TOUR DU 9 D\u00c9CEMBRE 2025.<\/li>\n<li><a href=\"https:\/\/www.miamibeachfl.gov\/wp-content\/uploads\/2025\/08\/Resolution-2025-33811.pdf\">R\u00e9solution 2025-33811<\/a>\u00a0R\u00c9SOLUTION DU MAIRE ET DE LA COMMISSION MUNICIPALE DE LA VILLE DE MIAMI BEACH, FLORIDE, DEMANDANT LA TENUE D&#039;UNE \u00c9LECTION G\u00c9N\u00c9RALE LE 4 NOVEMBRE 2025 DANS LA VILLE DE MIAMI BEACH POUR \u00c9LIRE UN MAIRE ET TROIS COMMISSAIRES MUNICIPAUX (GROUPES I, II ET III) ; PR\u00c9VOYANT EN OUTRE LA TENUE D&#039;UN SECOND TOUR, SI N\u00c9CESSAIRE, LE 9 D\u00c9CEMBRE 2025 ; PR\u00c9VOYANT LA CONDUITE DE CES \u00c9LECTIONS PAR LE BUREAU DU SUPERVISEUR DES \u00c9LECTIONS DU COMT\u00c9 DE MIAMI-DADE (BUREAU DU SUPERVISEUR DES \u00c9LECTIONS) ; PR\u00c9VOYANT QUE LES BUREAUX DE VOTE POUR CES \u00c9LECTIONS SERONT CEUX \u00c9TABLIS PAR LE SUPERVISEUR DES \u00c9LECTIONS ; PR\u00c9VOYANT UN AVIS DE CES \u00c9LECTIONS ; PR\u00c9VOYANT LES FORMES DE VOTE ET D&#039;ENREGISTREMENT DES \u00c9LECTEURS CONFORM\u00c9MENT \u00c0 LA LOI DE L&#039;\u00c9TAT ; PR\u00c9VOYANT LA PARTICIPATION DES \u00c9LECTEURS PAR VOTE PAR CORRESPONDANCE AUXDITES \u00c9LECTIONS CONFORM\u00c9MENT \u00c0 LA LOI DE L&#039;\u00c9TAT ; ET PR\u00c9VOYANT LE PAIEMENT DE TOUTES LES D\u00c9PENSES LI\u00c9ES \u00c0 LA CONDUITE DES \u00c9LECTIONS.<\/li>\n<li><a href=\"https:\/\/www.miamibeachfl.gov\/wp-content\/uploads\/2025\/05\/Reso-2025-33648.pdf\">R\u00e9solution 2025-33648<\/a>: UNE R\u00c9SOLUTION DU MAIRE ET DE LA COMMISSION MUNICIPALE DE MIAMI BEACH, FLORIDE, ACCEPTANT LA RECOMMANDATION DU COMIT\u00c9 DE LA S\u00c9CURIT\u00c9 PUBLIQUE ET DE LA QUALIT\u00c9 DE VIE DU QUARTIER, LORS DE SA R\u00c9UNION DU 9 AVRIL 2025, DE (1) APPROUVER L&#039;EXTENSION \u00c0 QUATRE SITES DE VOTE ANTICIP\u00c9 PENDANT LE SECOND TOUR DES \u00c9LECTIONS DE 2025 (SI N\u00c9CESSAIRE) AFIN D&#039;AM\u00c9LIORER L&#039;ACCESSIBILIT\u00c9 DES \u00c9LECTEURS, NOTAMMENT \u00c0 SOUTH BEACH PENDANT LA P\u00c9RIODE ART BASEL ; ET (2) SOUTENIR LA CONFIRMATION DES R\u00c9SERVATIONS DE STATIONNEMENT PRIORITAIRES POUR LES \u00c9LECTEURS AU STATIONNEMENT \u00c0 COURT TERME DE L&#039;H\u00d4TEL DE VILLE DU G7 PENDANT LE SECOND TOUR DES \u00c9LECTIONS DE 2025 (SI N\u00c9CESSAIRE) ; ET PR\u00c9VOYANT LA TRANSMISSION DE CET ARTICLE AU SUPERVISEUR DES \u00c9LECTIONS ET SA MISE EN \u0152UVRE PAR LE GREFFIER DE LA VILLE.<\/li>\n<\/ul>","protected":false},"excerpt":{"rendered":"<p>Accueil &gt; H\u00f4tel de ville &gt; Greffe de la ville &gt; Informations \u00e9lectorales &gt; R\u00e9solutions connexes \u2013 4 NOVEMBRE 2025 R\u00e9solutions connexes \u2013 [\u2026]<\/p>","protected":false},"author":222,"featured_media":0,"parent":28358,"menu_order":78,"comment_status":"closed","ping_status":"closed","template":"","meta":{"_searchwp_excluded":"","site-sidebar-layout":"default","site-content-layout":"","ast-site-content-layout":"default","site-content-style":"default","site-sidebar-style":"default","ast-global-header-display":"","ast-banner-title-visibility":"","ast-main-header-display":"","ast-hfb-above-header-display":"","ast-hfb-below-header-display":"","ast-hfb-mobile-header-display":"","site-post-title":"","ast-breadcrumbs-content":"","ast-featured-img":"","footer-sml-layout":"","theme-transparent-header-meta":"","adv-header-id-meta":"","stick-header-meta":"","header-above-stick-meta":"","header-main-stick-meta":"","header-below-stick-meta":"","astra-migrate-meta-layouts":"default","ast-page-background-enabled":"default","ast-page-background-meta":{"desktop":{"background-color":"var(--ast-global-color-5)","background-image":"","background-repeat":"repeat","background-position":"center center","background-size":"auto","background-attachment":"scroll","background-type":"","background-media":"","overlay-type":"","overlay-color":"","overlay-opacity":"","overlay-gradient":""},"tablet":{"background-color":"","background-image":"","background-repeat":"repeat","background-position":"center center","background-size":"auto","background-attachment":"scroll","background-type":"","background-media":"","overlay-type":"","overlay-color":"","overlay-opacity":"","overlay-gradient":""},"mobile":{"background-color":"","background-image":"","background-repeat":"repeat","background-position":"center center","background-size":"auto","background-attachment":"scroll","background-type":"","background-media":"","overlay-type":"","overlay-color":"","overlay-opacity":"","overlay-gradient":""}},"ast-content-background-meta":{"desktop":{"background-color":"var(--ast-global-color-4)","background-image":"","background-repeat":"repeat","background-position":"center center","background-size":"auto","background-attachment":"scroll","background-type":"","background-media":"","overlay-type":"","overlay-color":"","overlay-opacity":"","overlay-gradient":""},"tablet":{"background-color":"var(--ast-global-color-4)","background-image":"","background-repeat":"repeat","background-position":"center center","background-size":"auto","background-attachment":"scroll","background-type":"","background-media":"","overlay-type":"","overlay-color":"","overlay-opacity":"","overlay-gradient":""},"mobile":{"background-color":"var(--ast-global-color-4)","background-image":"","background-repeat":"repeat","background-position":"center center","background-size":"auto","background-attachment":"scroll","background-type":"","background-media":"","overlay-type":"","overlay-color":"","overlay-opacity":"","overlay-gradient":""}},"footnotes":""},"categories":[1],"tags":[],"class_list":["post-374936","page","type-page","status-publish","hentry","category-uncategorized"],"yoast_head":"<!-- This site is optimized with the Yoast SEO Premium plugin v26.6 (Yoast SEO v26.6) - https:\/\/yoast.com\/wordpress\/plugins\/seo\/ -->\n<title>Related Resolutions - NOVEMBER 4, 2025 - City of Miami Beach<\/title>\n<meta name=\"description\" content=\"%\" \/>\n<meta name=\"robots\" content=\"index, follow, max-snippet:-1, max-image-preview:large, max-video-preview:-1\" \/>\n<link rel=\"canonical\" href=\"https:\/\/www.miamibeachfl.gov\/fr\/city-hall\/city-clerk\/election-information\/related-resolutions-november-4-2025\/\" \/>\n<meta property=\"og:locale\" content=\"fr_FR\" \/>\n<meta property=\"og:type\" content=\"article\" \/>\n<meta property=\"og:title\" content=\"Related Resolutions - NOVEMBER 4, 2025\" \/>\n<meta property=\"og:description\" content=\"%\" \/>\n<meta property=\"og:url\" content=\"https:\/\/www.miamibeachfl.gov\/fr\/city-hall\/city-clerk\/election-information\/related-resolutions-november-4-2025\/\" \/>\n<meta property=\"og:site_name\" content=\"City of Miami Beach\" \/>\n<meta property=\"article:publisher\" content=\"https:\/\/www.facebook.com\/cityofmiamibeach\" \/>\n<meta property=\"article:modified_time\" content=\"2026-01-05T19:19:16+00:00\" \/>\n<meta property=\"og:image\" content=\"https:\/\/www.miamibeachfl.gov\/wp-content\/uploads\/2024\/01\/1000pxSquare-miamibeach-aerial-southpointview.jpeg\" \/>\n\t<meta property=\"og:image:width\" content=\"1000\" \/>\n\t<meta property=\"og:image:height\" content=\"1000\" \/>\n\t<meta property=\"og:image:type\" content=\"image\/jpeg\" \/>\n<meta name=\"twitter:card\" content=\"summary_large_image\" \/>\n<meta name=\"twitter:site\" content=\"@Miamibeachnews\" \/>\n<script type=\"application\/ld+json\" class=\"yoast-schema-graph\">{\"@context\":\"https:\/\/schema.org\",\"@graph\":[{\"@type\":\"WebPage\",\"@id\":\"https:\/\/www.miamibeachfl.gov\/city-hall\/city-clerk\/election-information\/related-resolutions-november-4-2025\/\",\"url\":\"https:\/\/www.miamibeachfl.gov\/city-hall\/city-clerk\/election-information\/related-resolutions-november-4-2025\/\",\"name\":\"Related Resolutions - NOVEMBER 4, 2025 - City of Miami Beach\",\"isPartOf\":{\"@id\":\"https:\/\/www.miamibeachfl.gov\/#website\"},\"datePublished\":\"2025-05-30T14:11:35+00:00\",\"dateModified\":\"2026-01-05T19:19:16+00:00\",\"description\":\"%\",\"breadcrumb\":{\"@id\":\"https:\/\/www.miamibeachfl.gov\/city-hall\/city-clerk\/election-information\/related-resolutions-november-4-2025\/#breadcrumb\"},\"inLanguage\":\"fr-FR\",\"potentialAction\":[{\"@type\":\"ReadAction\",\"target\":[\"https:\/\/www.miamibeachfl.gov\/city-hall\/city-clerk\/election-information\/related-resolutions-november-4-2025\/\"]}]},{\"@type\":\"BreadcrumbList\",\"@id\":\"https:\/\/www.miamibeachfl.gov\/city-hall\/city-clerk\/election-information\/related-resolutions-november-4-2025\/#breadcrumb\",\"itemListElement\":[{\"@type\":\"ListItem\",\"position\":1,\"name\":\"Home\",\"item\":\"https:\/\/www.miamibeachfl.gov\/\"},{\"@type\":\"ListItem\",\"position\":2,\"name\":\"City Hall\",\"item\":\"https:\/\/www.miamibeachfl.gov\/city-hall\/\"},{\"@type\":\"ListItem\",\"position\":3,\"name\":\"City Clerk\",\"item\":\"https:\/\/www.miamibeachfl.gov\/city-hall\/city-clerk\/\"},{\"@type\":\"ListItem\",\"position\":4,\"name\":\"Election Information\",\"item\":\"https:\/\/www.miamibeachfl.gov\/city-hall\/city-clerk\/election-information\/\"},{\"@type\":\"ListItem\",\"position\":5,\"name\":\"Related Resolutions &#8211; NOVEMBER 4, 2025\"}]},{\"@type\":\"WebSite\",\"@id\":\"https:\/\/www.miamibeachfl.gov\/#website\",\"url\":\"https:\/\/www.miamibeachfl.gov\/\",\"name\":\"City of Miami Beach\",\"description\":\"The official website of the City of Miami Beach. Stay informed, find important information on city services, news, alerts, events, trolley routes, government employment and more.\",\"publisher\":{\"@id\":\"https:\/\/www.miamibeachfl.gov\/#organization\"},\"potentialAction\":[{\"@type\":\"SearchAction\",\"target\":{\"@type\":\"EntryPoint\",\"urlTemplate\":\"https:\/\/www.miamibeachfl.gov\/?s={search_term_string}\"},\"query-input\":{\"@type\":\"PropertyValueSpecification\",\"valueRequired\":true,\"valueName\":\"search_term_string\"}}],\"inLanguage\":\"fr-FR\"},{\"@type\":\"Organization\",\"@id\":\"https:\/\/www.miamibeachfl.gov\/#organization\",\"name\":\"City of Miami Beach\",\"url\":\"https:\/\/www.miamibeachfl.gov\/\",\"logo\":{\"@type\":\"ImageObject\",\"inLanguage\":\"fr-FR\",\"@id\":\"https:\/\/www.miamibeachfl.gov\/#\/schema\/logo\/image\/\",\"url\":\"https:\/\/www.miamibeachfl.gov\/wp-content\/uploads\/2022\/06\/miamibeach-logoblue.png\",\"contentUrl\":\"https:\/\/www.miamibeachfl.gov\/wp-content\/uploads\/2022\/06\/miamibeach-logoblue.png\",\"width\":1962,\"height\":381,\"caption\":\"City of Miami Beach\"},\"image\":{\"@id\":\"https:\/\/www.miamibeachfl.gov\/#\/schema\/logo\/image\/\"},\"sameAs\":[\"https:\/\/www.facebook.com\/cityofmiamibeach\",\"https:\/\/x.com\/Miamibeachnews\",\"https:\/\/www.instagram.com\/miamibeachnews\/\"],\"description\":\"The official website of the City of Miami Beach. Stay informed, find important information on city services, news, alerts, events, trolley routes, government employment and more.\",\"telephone\":\"305.604.CITY(2489)\",\"legalName\":\"City of Miami Beach\"}]}<\/script>\n<!-- \/ Yoast SEO Premium plugin. -->","yoast_head_json":{"title":"R\u00e9solutions connexes - 4 novembre 2025 - Ville de Miami Beach","description":"%","robots":{"index":"index","follow":"follow","max-snippet":"max-snippet:-1","max-image-preview":"max-image-preview:large","max-video-preview":"max-video-preview:-1"},"canonical":"https:\/\/www.miamibeachfl.gov\/fr\/city-hall\/city-clerk\/election-information\/related-resolutions-november-4-2025\/","og_locale":"fr_FR","og_type":"article","og_title":"Related Resolutions - NOVEMBER 4, 2025","og_description":"%","og_url":"https:\/\/www.miamibeachfl.gov\/fr\/city-hall\/city-clerk\/election-information\/related-resolutions-november-4-2025\/","og_site_name":"City of Miami Beach","article_publisher":"https:\/\/www.facebook.com\/cityofmiamibeach","article_modified_time":"2026-01-05T19:19:16+00:00","og_image":[{"width":1000,"height":1000,"url":"https:\/\/www.miamibeachfl.gov\/wp-content\/uploads\/2024\/01\/1000pxSquare-miamibeach-aerial-southpointview.jpeg","type":"image\/jpeg"}],"twitter_card":"summary_large_image","twitter_site":"@Miamibeachnews","schema":{"@context":"https:\/\/schema.org","@graph":[{"@type":"WebPage","@id":"https:\/\/www.miamibeachfl.gov\/city-hall\/city-clerk\/election-information\/related-resolutions-november-4-2025\/","url":"https:\/\/www.miamibeachfl.gov\/city-hall\/city-clerk\/election-information\/related-resolutions-november-4-2025\/","name":"R\u00e9solutions connexes - 4 novembre 2025 - Ville de Miami Beach","isPartOf":{"@id":"https:\/\/www.miamibeachfl.gov\/#website"},"datePublished":"2025-05-30T14:11:35+00:00","dateModified":"2026-01-05T19:19:16+00:00","description":"%","breadcrumb":{"@id":"https:\/\/www.miamibeachfl.gov\/city-hall\/city-clerk\/election-information\/related-resolutions-november-4-2025\/#breadcrumb"},"inLanguage":"fr-FR","potentialAction":[{"@type":"ReadAction","target":["https:\/\/www.miamibeachfl.gov\/city-hall\/city-clerk\/election-information\/related-resolutions-november-4-2025\/"]}]},{"@type":"BreadcrumbList","@id":"https:\/\/www.miamibeachfl.gov\/city-hall\/city-clerk\/election-information\/related-resolutions-november-4-2025\/#breadcrumb","itemListElement":[{"@type":"ListItem","position":1,"name":"Home","item":"https:\/\/www.miamibeachfl.gov\/"},{"@type":"ListItem","position":2,"name":"City Hall","item":"https:\/\/www.miamibeachfl.gov\/city-hall\/"},{"@type":"ListItem","position":3,"name":"City Clerk","item":"https:\/\/www.miamibeachfl.gov\/city-hall\/city-clerk\/"},{"@type":"ListItem","position":4,"name":"Election Information","item":"https:\/\/www.miamibeachfl.gov\/city-hall\/city-clerk\/election-information\/"},{"@type":"ListItem","position":5,"name":"Related Resolutions &#8211; NOVEMBER 4, 2025"}]},{"@type":"WebSite","@id":"https:\/\/www.miamibeachfl.gov\/#website","url":"https:\/\/www.miamibeachfl.gov\/","name":"Ville de Miami Beach","description":"Site officiel de la ville de Miami Beach. Restez inform\u00e9 et trouvez des informations importantes sur les services municipaux, les actualit\u00e9s, les alertes, les \u00e9v\u00e9nements, les itin\u00e9raires de tramway, les emplois gouvernementaux et bien plus encore.","publisher":{"@id":"https:\/\/www.miamibeachfl.gov\/#organization"},"potentialAction":[{"@type":"SearchAction","target":{"@type":"EntryPoint","urlTemplate":"https:\/\/www.miamibeachfl.gov\/?s={search_term_string}"},"query-input":{"@type":"PropertyValueSpecification","valueRequired":true,"valueName":"search_term_string"}}],"inLanguage":"fr-FR"},{"@type":"Organization","@id":"https:\/\/www.miamibeachfl.gov\/#organization","name":"Ville de Miami Beach","url":"https:\/\/www.miamibeachfl.gov\/","logo":{"@type":"ImageObject","inLanguage":"fr-FR","@id":"https:\/\/www.miamibeachfl.gov\/#\/schema\/logo\/image\/","url":"https:\/\/www.miamibeachfl.gov\/wp-content\/uploads\/2022\/06\/miamibeach-logoblue.png","contentUrl":"https:\/\/www.miamibeachfl.gov\/wp-content\/uploads\/2022\/06\/miamibeach-logoblue.png","width":1962,"height":381,"caption":"City of Miami Beach"},"image":{"@id":"https:\/\/www.miamibeachfl.gov\/#\/schema\/logo\/image\/"},"sameAs":["https:\/\/www.facebook.com\/cityofmiamibeach","https:\/\/x.com\/Miamibeachnews","https:\/\/www.instagram.com\/miamibeachnews\/"],"description":"Site officiel de la ville de Miami Beach. Restez inform\u00e9 et trouvez des informations importantes sur les services municipaux, les actualit\u00e9s, les alertes, les \u00e9v\u00e9nements, les itin\u00e9raires de tramway, les emplois gouvernementaux et bien plus encore.","telephone":"305.604.CITY(2489)","legalName":"City of Miami Beach"}]}},"_links":{"self":[{"href":"https:\/\/www.miamibeachfl.gov\/fr\/wp-json\/wp\/v2\/pages\/374936","targetHints":{"allow":["GET"]}}],"collection":[{"href":"https:\/\/www.miamibeachfl.gov\/fr\/wp-json\/wp\/v2\/pages"}],"about":[{"href":"https:\/\/www.miamibeachfl.gov\/fr\/wp-json\/wp\/v2\/types\/page"}],"author":[{"embeddable":true,"href":"https:\/\/www.miamibeachfl.gov\/fr\/wp-json\/wp\/v2\/users\/222"}],"replies":[{"embeddable":true,"href":"https:\/\/www.miamibeachfl.gov\/fr\/wp-json\/wp\/v2\/comments?post=374936"}],"version-history":[{"count":0,"href":"https:\/\/www.miamibeachfl.gov\/fr\/wp-json\/wp\/v2\/pages\/374936\/revisions"}],"up":[{"embeddable":true,"href":"https:\/\/www.miamibeachfl.gov\/fr\/wp-json\/wp\/v2\/pages\/28358"}],"wp:attachment":[{"href":"https:\/\/www.miamibeachfl.gov\/fr\/wp-json\/wp\/v2\/media?parent=374936"}],"wp:term":[{"taxonomy":"category","embeddable":true,"href":"https:\/\/www.miamibeachfl.gov\/fr\/wp-json\/wp\/v2\/categories?post=374936"},{"taxonomy":"post_tag","embeddable":true,"href":"https:\/\/www.miamibeachfl.gov\/fr\/wp-json\/wp\/v2\/tags?post=374936"}],"curies":[{"name":"wp","href":"https:\/\/api.w.org\/{rel}","templated":true}]}}