{"id":384561,"date":"2025-06-23T13:16:31","date_gmt":"2025-06-23T17:16:31","guid":{"rendered":"https:\/\/www.miamibeachfl.gov\/?page_id=384561"},"modified":"2026-04-01T09:49:17","modified_gmt":"2026-04-01T13:49:17","slug":"business-open-change-relocation","status":"publish","type":"page","link":"https:\/\/www.miamibeachfl.gov\/fr\/business-open-change-relocation\/","title":{"rendered":"Ouverture, changement ou d\u00e9m\u00e9nagement d&#039;entreprise"},"content":{"rendered":"<img decoding=\"async\" src=\"https:\/\/www.miamibeachfl.gov\/wp-content\/uploads\/2025\/06\/aqua-arrows-down@3x.png\" alt=\"aqua arrows pointing down\" itemprop=\"image\" height=\"415\" width=\"90\" title=\"aqua-fl\u00e8ches-vers-le-bas@3x\" onerror=\"this.style.display='none'\" loading=\"lazy\" \/>\n<h2>\n\t\t\tEs-tu\t<\/h2>\n<h2>\n\t\t\tOUVERTURE,\t<\/h2>\n<h2>\n\t\t\tCHANGEMENT OU\t<\/h2>\n<h1>\n\t\t\tD\u00e9m\u00e9nager\t<\/h1>\n<h1>\n\t\t\tvotre entreprise \u00e0 Miami Beach ?\t<\/h1>\n<h3>\n\t\t\tCommencez d\u00e8s maintenant ces 3 \u00e9tapes pour \u00e9viter des retards inutiles.\t<\/h3>\n\t<p>La Ville de Miami Beach met tout en \u0153uvre pour faciliter le d\u00e9marrage de nos nouvelles entreprises et permettre \u00e0 nos entreprises existantes de maintenir leur r\u00e9putation. Ces trois \u00e9tapes sont essentielles pour un bon d\u00e9part.<\/p>\n<p>Ne vous d\u00e9couragez pas si l\u2019on vous demande de fournir des informations suppl\u00e9mentaires au cours de l\u2019un de ces processus de candidature \u2013 vous en saurez davantage sur ce qui est n\u00e9cessaire \u00e0 votre situation particuli\u00e8re au fur et \u00e0 mesure.<\/p>\n<p><strong>L&#039;\u00e9tape 1 (CU) et l&#039;\u00e9tape 2 (examen du comt\u00e9) doivent \u00eatre compl\u00e9t\u00e9es avant l&#039;\u00e9tape 3 (BTR) ; cependant, commencez \u00e0 rassembler les documents requis pour le BTR d\u00e8s le d\u00e9but afin que la derni\u00e8re \u00e9tape soit un processus rapide.<\/strong><\/p>\n\t\t<ul>\n\t\t\t\t\t<li>\n\t\t\t\t\t\t\t\t\t\t\t<img loading=\"lazy\" decoding=\"async\" src=\"https:\/\/www.miamibeachfl.gov\/wp-content\/uploads\/2025\/06\/arrows-right@2x.png\" alt=\"arrows-right@2x\" width=\"64\" height=\"60\" \/>\n\t\t\t\t<h3>NOTE<\/h3>\n\t\t<p>Un certificat d&#039;occupation temporaire (TCO) ou un certificat d&#039;occupation (CO) indique qu&#039;un permis de construire est proche ou au stade final. TCO ou CO <strong>ne pas<\/strong> Autoriser l&#039;exploitation d&#039;une entreprise. Veuillez suivre les \u00e9tapes 1, 2 et 3 d\u00e9crites dans ce guide pour exercer vos activit\u00e9s en toute s\u00e9curit\u00e9 et en toute l\u00e9galit\u00e9.<\/p>\t\t\t\n\t\t\t<\/li>\n\t\t\t\t<\/ul>\n\t\t\t\t<img decoding=\"async\" src=\"https:\/\/www.miamibeachfl.gov\/wp-content\/uploads\/2025\/06\/number-one@2x.png\" alt=\"number 1\" itemprop=\"image\" height=\"74\" width=\"30\" title=\"num\u00e9ro un@2x\" onerror=\"this.style.display='none'\" loading=\"lazy\" \/>\n\t\t\t\t<img decoding=\"async\" src=\"https:\/\/www.miamibeachfl.gov\/wp-content\/uploads\/2025\/06\/arrowaright@2x.png\" alt=\"arrows pointing right\" itemprop=\"image\" height=\"33\" width=\"148\" title=\"fl\u00e8chedroite@2x\" onerror=\"this.style.display='none'\" loading=\"lazy\" \/>\n\t\t\t\t<img decoding=\"async\" src=\"https:\/\/www.miamibeachfl.gov\/wp-content\/uploads\/2025\/06\/waitressbringingfood.jpg\" alt=\"Waitress bringing food to customers\" itemprop=\"image\" height=\"400\" width=\"400\" title=\"serveuse apportant de la nourriture\" onerror=\"this.style.display='none'\" loading=\"lazy\" \/>\n<h3>\n\t\t\tDemander un certificat d&#039;utilisation (CU)<br \/>avec la ville de Miami Beach\t<\/h3>\n\t<p>Un certificat d&#039;utilisation (CU) confirme que les activit\u00e9s commerciales pr\u00e9vues \u00e0 un emplacement donn\u00e9 sont conformes \u00e0 la r\u00e9glementation sur l&#039;am\u00e9nagement du territoire en vigueur au moment de l&#039;approbation. Il garantit que les entreprises exercent leurs activit\u00e9s en toute l\u00e9galit\u00e9 et s\u00e9curit\u00e9, et qu&#039;elles respectent les r\u00e9glementations qui prot\u00e8gent notre belle ville.<\/p>\n\t\t\t<a href=\"\/fr\/city-hall\/planning\/certificate-of-use\/\" target=\"_blank\" rel=\"noopener\">\n\t\t\t\t\t\t\tInstructions, y compris les exigences et un lien vers le formulaire de demande.\n\t\t\t<\/a>\n\t<p><strong>\u00c9tape 1 Des questions ?<\/strong> Contactez le service de planification et de zonage de la ville de Miami Beach au <strong><a href=\"tel:3056737550\">305.673.7550<\/a><\/strong> Du lundi au vendredi de 8h30 \u00e0 16h30.<\/p>\n\t\t\t\t<img decoding=\"async\" src=\"https:\/\/www.miamibeachfl.gov\/wp-content\/uploads\/2025\/06\/number-two@2x.png\" alt=\"number 2\" itemprop=\"image\" height=\"76\" width=\"59\" title=\"num\u00e9ro deux@2x\" onerror=\"this.style.display='none'\" loading=\"lazy\" \/>\n\t\t\t\t<img decoding=\"async\" src=\"https:\/\/www.miamibeachfl.gov\/wp-content\/uploads\/2025\/06\/arrowaright@2x.png\" alt=\"arrows pointing right\" itemprop=\"image\" height=\"33\" width=\"148\" title=\"fl\u00e8chedroite@2x\" onerror=\"this.style.display='none'\" loading=\"lazy\" \/>\n\t\t\t\t<img decoding=\"async\" src=\"https:\/\/www.miamibeachfl.gov\/wp-content\/uploads\/2025\/06\/businessmanatcomputer.jpg\" alt=\"business man on a computer\" itemprop=\"image\" height=\"400\" width=\"400\" title=\"homme d&#039;affaires \u00e0 l&#039;ordinateur\" onerror=\"this.style.display='none'\" loading=\"lazy\" \/>\n<h3>\n\t\t\tPostuler \u00e0 l&#039;examen CU du comt\u00e9 de Miami-Dade\t<\/h3>\n\tLes entreprises sont tenues d&#039;obtenir l&#039;approbation du comt\u00e9 s&#039;il existe une \u00ab superficie d\u00e9finie \u00bb et un \u00ab emplacement d\u00e9fini \u00bb pour un<br \/>\nEntreprise. De plus, en fonction de l&#039;utilisation commerciale, un permis d&#039;exploitation de la Division de la gestion des ressources environnementales (DERM) peut \u00e9galement \u00eatre requis.\n<p>Les demandes CU qui ne n\u00e9cessitent pas d\u2019examen par le comt\u00e9 comprennent :<\/p>\n<ul>\n<li>Entreprises \u00e0 domicile<\/li>\n<li>Propri\u00e9t\u00e9s en location \u00e0 court terme<\/li>\n<li>Immeubles d&#039;appartements et condos<\/li>\n<\/ul>\n\t\t\t<a href=\"https:\/\/www.miamidade.gov\/Apps\/RER\/EPSPortal\/PlanReview\/CUApplications\/Landing\" target=\"_blank\" rel=\"noopener\">\n\t\t\t\t\t\t\tInstructions, y compris les exigences et un lien vers le formulaire de demande.\n\t\t\t<\/a>\n\t<strong>\u00c9tape 2 Des questions ? <\/strong>Contactez le D\u00e9partement des ressources r\u00e9glementaires et \u00e9conomiques de Miami-Dade au<br \/>\n<strong><a href=\"mailto:dermplanreview@miamidade.gov\">dermplanreview@miamidade.gov<\/a> <\/strong>ou <strong><a href=\"tel:7863152800\">786.315.2800<\/a><br \/>\n<\/strong>\n\t\t\t\t<img decoding=\"async\" src=\"https:\/\/www.miamibeachfl.gov\/wp-content\/uploads\/2025\/06\/number-three@2x.png\" alt=\"number 3\" itemprop=\"image\" height=\"79\" width=\"59\" title=\"num\u00e9ro trois@2x\" onerror=\"this.style.display='none'\" loading=\"lazy\" \/>\n\t\t\t\t<img decoding=\"async\" src=\"https:\/\/www.miamibeachfl.gov\/wp-content\/uploads\/2025\/06\/arrowaright@2x.png\" alt=\"arrows pointing right\" itemprop=\"image\" height=\"33\" width=\"148\" title=\"fl\u00e8chedroite@2x\" onerror=\"this.style.display='none'\" loading=\"lazy\" \/>\n<h3>\n\t\t\tDemander un BTR aupr\u00e8s de la ville de Miami Beach et du comt\u00e9 de Miami-Dade\t<\/h3>\n\t<p>Toute personne qui fournit des biens ou des services au public, m\u00eame s&#039;il s&#039;agit d&#039;une entreprise unipersonnelle ou d&#039;une entreprise \u00e0 domicile, doit obtenir un re\u00e7u fiscal d&#039;entreprise (BTR) aupr\u00e8s de <strong>la ville de Miami Beach et le comt\u00e9 de Miami-Dade<\/strong> Pour fonctionner, les applications n\u00e9cessitent\u00a0:<\/p>\n<ul>\n<li>CU valide de la ville de Miami Beach<\/li>\n<li>Bail enti\u00e8rement ex\u00e9cut\u00e9<\/li>\n<li>Approbation DERM et CU municipal, si n\u00e9cessaire<\/li>\n<li>Num\u00e9ro d&#039;identification f\u00e9d\u00e9ral (FEIN)<\/li>\n<li>Statuts constitutifs<\/li>\n<li>Nom fictif (le cas \u00e9ch\u00e9ant)<\/li>\n<li>Licence d&#039;\u00c9tat (le cas \u00e9ch\u00e9ant)<\/li>\n<li>Documentation suppl\u00e9mentaire en fonction du type d&#039;entreprise<\/li>\n<\/ul>\n\t\t\t<a href=\"\/fr\/city-hall\/finance\/business-tax-receipts-btr\/\" target=\"_blank\" rel=\"noopener\">\n\t\t\t\t\t\t\tInstructions, y compris les exigences et un lien vers le formulaire de demande.\n\t\t\t<\/a>\n\t<p><strong>\u00c9tape 3 Des questions ?<\/strong> Contactez le centre de service client de la ville de Miami Beach au <strong><a href=\"tel:3056737420\">305.673.7420<\/a><\/strong> Du lundi au vendredi de 8h30 \u00e0 18h (ferm\u00e9 de midi \u00e0 13h).<\/p>\n\t\t\t<a href=\"\/wp-content\/uploads\/2025\/06\/OpeningABusiness_Flyer_v08.pdf\" target=\"_blank\" rel=\"noopener\">\n\t\t\t\t\t\t\tT\u00e9l\u00e9charger la version PDF\n\t\t\t<\/a>\n\t\t\t\t<img decoding=\"async\" src=\"https:\/\/www.miamibeachfl.gov\/wp-content\/uploads\/2025\/06\/arrowaright@2x.png\" alt=\"arrows pointing right\" itemprop=\"image\" height=\"33\" width=\"148\" title=\"fl\u00e8chedroite@2x\" onerror=\"this.style.display='none'\" loading=\"lazy\" \/>\n<h3>\n\t\t\tG\u00e9rer une entreprise peut \u00eatre intimidant, mais nous sommes l\u00e0 pour vous aider\u00a0! \t<\/h3>\n<h3>\n\t\t\tCONTACTEZ-NOUS\t<\/h3>\n\t<p><strong><a href=\"\/fr\/city-hall\/customer-service-center\/\">Centre de service client de Miami Beach<\/a><\/strong><\/p>\n<p>Lundi \u2013 Vendredi | 8h30 \u2013 18h00<\/p>\n<p>(Ferm\u00e9 de 12h30 \u00e0 13h)<\/p>\n<p><strong><a href=\"tel:3056737420\">305.673.7420<\/a><\/strong><\/p>","protected":false},"excerpt":{"rendered":"<p>Are you OPENING, CHANGING OR Relocating your business in Miami Beach? Start on these 3 steps right away to avoid [&hellip;]<\/p>\n","protected":false},"author":222,"featured_media":0,"parent":0,"menu_order":0,"comment_status":"closed","ping_status":"closed","template":"","meta":{"_searchwp_excluded":"","site-sidebar-layout":"default","site-content-layout":"","ast-site-content-layout":"default","site-content-style":"default","site-sidebar-style":"default","ast-global-header-display":"","ast-banner-title-visibility":"","ast-main-header-display":"","ast-hfb-above-header-display":"","ast-hfb-below-header-display":"","ast-hfb-mobile-header-display":"","site-post-title":"","ast-breadcrumbs-content":"","ast-featured-img":"","footer-sml-layout":"","theme-transparent-header-meta":"","adv-header-id-meta":"","stick-header-meta":"","header-above-stick-meta":"","header-main-stick-meta":"","header-below-stick-meta":"","astra-migrate-meta-layouts":"default","ast-page-background-enabled":"default","ast-page-background-meta":{"desktop":{"background-color":"var(--ast-global-color-5)","background-image":"","background-repeat":"repeat","background-position":"center center","background-size":"auto","background-attachment":"scroll","background-type":"","background-media":"","overlay-type":"","overlay-color":"","overlay-opacity":"","overlay-gradient":""},"tablet":{"background-color":"","background-image":"","background-repeat":"repeat","background-position":"center center","background-size":"auto","background-attachment":"scroll","background-type":"","background-media":"","overlay-type":"","overlay-color":"","overlay-opacity":"","overlay-gradient":""},"mobile":{"background-color":"","background-image":"","background-repeat":"repeat","background-position":"center center","background-size":"auto","background-attachment":"scroll","background-type":"","background-media":"","overlay-type":"","overlay-color":"","overlay-opacity":"","overlay-gradient":""}},"ast-content-background-meta":{"desktop":{"background-color":"var(--ast-global-color-4)","background-image":"","background-repeat":"repeat","background-position":"center center","background-size":"auto","background-attachment":"scroll","background-type":"","background-media":"","overlay-type":"","overlay-color":"","overlay-opacity":"","overlay-gradient":""},"tablet":{"background-color":"var(--ast-global-color-4)","background-image":"","background-repeat":"repeat","background-position":"center center","background-size":"auto","background-attachment":"scroll","background-type":"","background-media":"","overlay-type":"","overlay-color":"","overlay-opacity":"","overlay-gradient":""},"mobile":{"background-color":"var(--ast-global-color-4)","background-image":"","background-repeat":"repeat","background-position":"center center","background-size":"auto","background-attachment":"scroll","background-type":"","background-media":"","overlay-type":"","overlay-color":"","overlay-opacity":"","overlay-gradient":""}},"footnotes":""},"categories":[],"tags":[],"class_list":["post-384561","page","type-page","status-publish","hentry"],"yoast_head":"<!-- This site is optimized with the Yoast SEO Premium plugin v27.4 (Yoast SEO v27.4) - https:\/\/yoast.com\/product\/yoast-seo-premium-wordpress\/ -->\n<title>Opening Changing or Relocating a business - City of Miami Beach<\/title>\n<meta name=\"description\" content=\"The City of Miami Beach is working hard to help our new businesses have a smooth start and our existing businesses to stay in good standing. These three steps are important to \u0003get you off to a great start.\" \/>\n<meta name=\"robots\" content=\"index, follow, max-snippet:-1, max-image-preview:large, max-video-preview:-1\" \/>\n<link rel=\"canonical\" href=\"https:\/\/www.miamibeachfl.gov\/fr\/business-open-change-relocation\/\" \/>\n<meta property=\"og:locale\" content=\"fr_FR\" \/>\n<meta property=\"og:type\" content=\"article\" \/>\n<meta property=\"og:title\" content=\"Opening Changing or Relocating a business\" \/>\n<meta property=\"og:description\" content=\"The City of Miami Beach is working hard to help our new businesses have a smooth start and our existing businesses to stay in good standing. These three steps are important to \u0003get you off to a great start.\" \/>\n<meta property=\"og:url\" content=\"https:\/\/www.miamibeachfl.gov\/fr\/business-open-change-relocation\/\" \/>\n<meta property=\"og:site_name\" content=\"City of Miami Beach\" \/>\n<meta property=\"article:publisher\" content=\"https:\/\/www.facebook.com\/cityofmiamibeach\" \/>\n<meta property=\"article:modified_time\" content=\"2026-04-01T13:49:17+00:00\" \/>\n<meta property=\"og:image\" content=\"https:\/\/www.miamibeachfl.gov\/wp-content\/uploads\/2025\/06\/aqua-arrows-down@3x.png\" \/>\n<meta name=\"twitter:card\" content=\"summary_large_image\" \/>\n<meta name=\"twitter:site\" content=\"@Miamibeachnews\" \/>\n<script type=\"application\/ld+json\" class=\"yoast-schema-graph\">{\"@context\":\"https:\\\/\\\/schema.org\",\"@graph\":[{\"@type\":\"WebPage\",\"@id\":\"https:\\\/\\\/www.miamibeachfl.gov\\\/business-open-change-relocation\\\/\",\"url\":\"https:\\\/\\\/www.miamibeachfl.gov\\\/business-open-change-relocation\\\/\",\"name\":\"Opening Changing or Relocating a business - City of Miami Beach\",\"isPartOf\":{\"@id\":\"https:\\\/\\\/www.miamibeachfl.gov\\\/#website\"},\"primaryImageOfPage\":{\"@id\":\"https:\\\/\\\/www.miamibeachfl.gov\\\/business-open-change-relocation\\\/#primaryimage\"},\"image\":{\"@id\":\"https:\\\/\\\/www.miamibeachfl.gov\\\/business-open-change-relocation\\\/#primaryimage\"},\"thumbnailUrl\":\"https:\\\/\\\/www.miamibeachfl.gov\\\/wp-content\\\/uploads\\\/2025\\\/06\\\/aqua-arrows-down@3x.png\",\"datePublished\":\"2025-06-23T17:16:31+00:00\",\"dateModified\":\"2026-04-01T13:49:17+00:00\",\"description\":\"The City of Miami Beach is working hard to help our new businesses have a smooth start and our existing businesses to stay in good standing. These three steps are important to \\u0003get you off to a great start.\",\"breadcrumb\":{\"@id\":\"https:\\\/\\\/www.miamibeachfl.gov\\\/business-open-change-relocation\\\/#breadcrumb\"},\"inLanguage\":\"fr-FR\",\"potentialAction\":[{\"@type\":\"ReadAction\",\"target\":[\"https:\\\/\\\/www.miamibeachfl.gov\\\/business-open-change-relocation\\\/\"]}]},{\"@type\":\"ImageObject\",\"inLanguage\":\"fr-FR\",\"@id\":\"https:\\\/\\\/www.miamibeachfl.gov\\\/business-open-change-relocation\\\/#primaryimage\",\"url\":\"https:\\\/\\\/www.miamibeachfl.gov\\\/wp-content\\\/uploads\\\/2025\\\/06\\\/aqua-arrows-down@3x.png\",\"contentUrl\":\"https:\\\/\\\/www.miamibeachfl.gov\\\/wp-content\\\/uploads\\\/2025\\\/06\\\/aqua-arrows-down@3x.png\"},{\"@type\":\"BreadcrumbList\",\"@id\":\"https:\\\/\\\/www.miamibeachfl.gov\\\/business-open-change-relocation\\\/#breadcrumb\",\"itemListElement\":[{\"@type\":\"ListItem\",\"position\":1,\"name\":\"Home\",\"item\":\"https:\\\/\\\/www.miamibeachfl.gov\\\/\"},{\"@type\":\"ListItem\",\"position\":2,\"name\":\"Opening Changing or Relocating a business\"}]},{\"@type\":\"WebSite\",\"@id\":\"https:\\\/\\\/www.miamibeachfl.gov\\\/#website\",\"url\":\"https:\\\/\\\/www.miamibeachfl.gov\\\/\",\"name\":\"City of Miami Beach\",\"description\":\"The official website of the City of Miami Beach. Stay informed, find important information on city services, news, alerts, events, trolley routes, government employment and more.\",\"publisher\":{\"@id\":\"https:\\\/\\\/www.miamibeachfl.gov\\\/#organization\"},\"potentialAction\":[{\"@type\":\"SearchAction\",\"target\":{\"@type\":\"EntryPoint\",\"urlTemplate\":\"https:\\\/\\\/www.miamibeachfl.gov\\\/?s={search_term_string}\"},\"query-input\":{\"@type\":\"PropertyValueSpecification\",\"valueRequired\":true,\"valueName\":\"search_term_string\"}}],\"inLanguage\":\"fr-FR\"},{\"@type\":\"Organization\",\"@id\":\"https:\\\/\\\/www.miamibeachfl.gov\\\/#organization\",\"name\":\"City of Miami Beach\",\"url\":\"https:\\\/\\\/www.miamibeachfl.gov\\\/\",\"logo\":{\"@type\":\"ImageObject\",\"inLanguage\":\"fr-FR\",\"@id\":\"https:\\\/\\\/www.miamibeachfl.gov\\\/#\\\/schema\\\/logo\\\/image\\\/\",\"url\":\"https:\\\/\\\/www.miamibeachfl.gov\\\/wp-content\\\/uploads\\\/2022\\\/06\\\/miamibeach-logoblue.png\",\"contentUrl\":\"https:\\\/\\\/www.miamibeachfl.gov\\\/wp-content\\\/uploads\\\/2022\\\/06\\\/miamibeach-logoblue.png\",\"width\":1962,\"height\":381,\"caption\":\"City of Miami Beach\"},\"image\":{\"@id\":\"https:\\\/\\\/www.miamibeachfl.gov\\\/#\\\/schema\\\/logo\\\/image\\\/\"},\"sameAs\":[\"https:\\\/\\\/www.facebook.com\\\/cityofmiamibeach\",\"https:\\\/\\\/x.com\\\/Miamibeachnews\",\"https:\\\/\\\/www.instagram.com\\\/miamibeachnews\\\/\"],\"description\":\"The official website of the City of Miami Beach. Stay informed, find important information on city services, news, alerts, events, trolley routes, government employment and more.\",\"telephone\":\"305.604.CITY(2489)\",\"legalName\":\"City of Miami Beach\"}]}<\/script>\n<!-- \/ Yoast SEO Premium plugin. -->","yoast_head_json":{"title":"Ouverture, changement ou d\u00e9m\u00e9nagement d&#039;entreprise - Ville de Miami Beach","description":"La Ville de Miami Beach met tout en \u0153uvre pour faciliter le d\u00e9marrage de nos nouvelles entreprises et permettre \u00e0 nos entreprises existantes de maintenir leur r\u00e9putation. Ces trois \u00e9tapes sont essentielles pour un bon d\u00e9part.","robots":{"index":"index","follow":"follow","max-snippet":"max-snippet:-1","max-image-preview":"max-image-preview:large","max-video-preview":"max-video-preview:-1"},"canonical":"https:\/\/www.miamibeachfl.gov\/fr\/business-open-change-relocation\/","og_locale":"fr_FR","og_type":"article","og_title":"Opening Changing or Relocating a business","og_description":"The City of Miami Beach is working hard to help our new businesses have a smooth start and our existing businesses to stay in good standing. These three steps are important to \u0003get you off to a great start.","og_url":"https:\/\/www.miamibeachfl.gov\/fr\/business-open-change-relocation\/","og_site_name":"City of Miami Beach","article_publisher":"https:\/\/www.facebook.com\/cityofmiamibeach","article_modified_time":"2026-04-01T13:49:17+00:00","og_image":[{"url":"https:\/\/www.miamibeachfl.gov\/wp-content\/uploads\/2025\/06\/aqua-arrows-down@3x.png","type":"","width":"","height":""}],"twitter_card":"summary_large_image","twitter_site":"@Miamibeachnews","schema":{"@context":"https:\/\/schema.org","@graph":[{"@type":"WebPage","@id":"https:\/\/www.miamibeachfl.gov\/business-open-change-relocation\/","url":"https:\/\/www.miamibeachfl.gov\/business-open-change-relocation\/","name":"Ouverture, changement ou d\u00e9m\u00e9nagement d&#039;entreprise - Ville de Miami Beach","isPartOf":{"@id":"https:\/\/www.miamibeachfl.gov\/#website"},"primaryImageOfPage":{"@id":"https:\/\/www.miamibeachfl.gov\/business-open-change-relocation\/#primaryimage"},"image":{"@id":"https:\/\/www.miamibeachfl.gov\/business-open-change-relocation\/#primaryimage"},"thumbnailUrl":"https:\/\/www.miamibeachfl.gov\/wp-content\/uploads\/2025\/06\/aqua-arrows-down@3x.png","datePublished":"2025-06-23T17:16:31+00:00","dateModified":"2026-04-01T13:49:17+00:00","description":"La Ville de Miami Beach met tout en \u0153uvre pour faciliter le d\u00e9marrage de nos nouvelles entreprises et permettre \u00e0 nos entreprises existantes de maintenir leur r\u00e9putation. Ces trois \u00e9tapes sont essentielles pour un bon d\u00e9part.","breadcrumb":{"@id":"https:\/\/www.miamibeachfl.gov\/business-open-change-relocation\/#breadcrumb"},"inLanguage":"fr-FR","potentialAction":[{"@type":"ReadAction","target":["https:\/\/www.miamibeachfl.gov\/business-open-change-relocation\/"]}]},{"@type":"ImageObject","inLanguage":"fr-FR","@id":"https:\/\/www.miamibeachfl.gov\/business-open-change-relocation\/#primaryimage","url":"https:\/\/www.miamibeachfl.gov\/wp-content\/uploads\/2025\/06\/aqua-arrows-down@3x.png","contentUrl":"https:\/\/www.miamibeachfl.gov\/wp-content\/uploads\/2025\/06\/aqua-arrows-down@3x.png"},{"@type":"BreadcrumbList","@id":"https:\/\/www.miamibeachfl.gov\/business-open-change-relocation\/#breadcrumb","itemListElement":[{"@type":"ListItem","position":1,"name":"Home","item":"https:\/\/www.miamibeachfl.gov\/"},{"@type":"ListItem","position":2,"name":"Opening Changing or Relocating a business"}]},{"@type":"WebSite","@id":"https:\/\/www.miamibeachfl.gov\/#website","url":"https:\/\/www.miamibeachfl.gov\/","name":"Ville de Miami Beach","description":"Site officiel de la ville de Miami Beach. Restez inform\u00e9 et trouvez des informations importantes sur les services municipaux, les actualit\u00e9s, les alertes, les \u00e9v\u00e9nements, les itin\u00e9raires de tramway, les emplois gouvernementaux et bien plus encore.","publisher":{"@id":"https:\/\/www.miamibeachfl.gov\/#organization"},"potentialAction":[{"@type":"SearchAction","target":{"@type":"EntryPoint","urlTemplate":"https:\/\/www.miamibeachfl.gov\/?s={search_term_string}"},"query-input":{"@type":"PropertyValueSpecification","valueRequired":true,"valueName":"search_term_string"}}],"inLanguage":"fr-FR"},{"@type":"Organization","@id":"https:\/\/www.miamibeachfl.gov\/#organization","name":"Ville de Miami Beach","url":"https:\/\/www.miamibeachfl.gov\/","logo":{"@type":"ImageObject","inLanguage":"fr-FR","@id":"https:\/\/www.miamibeachfl.gov\/#\/schema\/logo\/image\/","url":"https:\/\/www.miamibeachfl.gov\/wp-content\/uploads\/2022\/06\/miamibeach-logoblue.png","contentUrl":"https:\/\/www.miamibeachfl.gov\/wp-content\/uploads\/2022\/06\/miamibeach-logoblue.png","width":1962,"height":381,"caption":"City of Miami Beach"},"image":{"@id":"https:\/\/www.miamibeachfl.gov\/#\/schema\/logo\/image\/"},"sameAs":["https:\/\/www.facebook.com\/cityofmiamibeach","https:\/\/x.com\/Miamibeachnews","https:\/\/www.instagram.com\/miamibeachnews\/"],"description":"Site officiel de la ville de Miami Beach. Restez inform\u00e9 et trouvez des informations importantes sur les services municipaux, les actualit\u00e9s, les alertes, les \u00e9v\u00e9nements, les itin\u00e9raires de tramway, les emplois gouvernementaux et bien plus encore.","telephone":"305.604.CITY(2489)","legalName":"City of Miami Beach"}]}},"_links":{"self":[{"href":"https:\/\/www.miamibeachfl.gov\/fr\/wp-json\/wp\/v2\/pages\/384561","targetHints":{"allow":["GET"]}}],"collection":[{"href":"https:\/\/www.miamibeachfl.gov\/fr\/wp-json\/wp\/v2\/pages"}],"about":[{"href":"https:\/\/www.miamibeachfl.gov\/fr\/wp-json\/wp\/v2\/types\/page"}],"author":[{"embeddable":true,"href":"https:\/\/www.miamibeachfl.gov\/fr\/wp-json\/wp\/v2\/users\/222"}],"replies":[{"embeddable":true,"href":"https:\/\/www.miamibeachfl.gov\/fr\/wp-json\/wp\/v2\/comments?post=384561"}],"version-history":[{"count":11,"href":"https:\/\/www.miamibeachfl.gov\/fr\/wp-json\/wp\/v2\/pages\/384561\/revisions"}],"predecessor-version":[{"id":398194,"href":"https:\/\/www.miamibeachfl.gov\/fr\/wp-json\/wp\/v2\/pages\/384561\/revisions\/398194"}],"wp:attachment":[{"href":"https:\/\/www.miamibeachfl.gov\/fr\/wp-json\/wp\/v2\/media?parent=384561"}],"wp:term":[{"taxonomy":"category","embeddable":true,"href":"https:\/\/www.miamibeachfl.gov\/fr\/wp-json\/wp\/v2\/categories?post=384561"},{"taxonomy":"post_tag","embeddable":true,"href":"https:\/\/www.miamibeachfl.gov\/fr\/wp-json\/wp\/v2\/tags?post=384561"}],"curies":[{"name":"wp","href":"https:\/\/api.w.org\/{rel}","templated":true}]}}