{"id":385722,"date":"2025-07-01T14:38:27","date_gmt":"2025-07-01T18:38:27","guid":{"rendered":"https:\/\/www.miamibeachfl.gov\/?page_id=385722"},"modified":"2026-05-06T08:10:26","modified_gmt":"2026-05-06T12:10:26","slug":"bluezones","status":"publish","type":"page","link":"https:\/\/www.miamibeachfl.gov\/fr\/bluezones\/","title":{"rendered":"Zones bleues"},"content":{"rendered":"<figure itemscope itemtype=\"https:\/\/schema.org\/ImageObject\">\n\t\t\t\t<img decoding=\"async\" src=\"https:\/\/www.miamibeachfl.gov\/wp-content\/uploads\/2025\/07\/bluezones_logo_og2.png\" alt=\"blue zones logo\" height=\"109\" width=\"555\" title=\"bluezones_logo_og2\" onerror=\"this.style.display='none'\" loading=\"lazy\" \/>\n\t<\/figure>\n<h1>\n\t\t<a href=\"https:\/\/www.bluezones.com\/ignite-miami-beach\/\" title=\"Rejoignez-nous pour enflammer Miami Beach\"  target=\"_blank\"  rel=\"noopener\">\n\t\t\tRejoignez-nous pour enflammer Miami Beach\t\t<\/a>\n\t<\/h1>\n\t<p>Miami Beach participe \u00e0 un mouvement mondial visant \u00e0 am\u00e9liorer la sant\u00e9 et le bien-\u00eatre dans les lieux o\u00f9 nous vivons, travaillons, apprenons et jouons.<\/p>\n<p><a href=\"https:\/\/www.bluezones.com\/\"><strong>En savoir plus sur les zones bleues<\/strong><\/a><\/p>\n\t\t\t\t\t\t\t<img loading=\"lazy\" decoding=\"async\" src=\"https:\/\/www.miamibeachfl.gov\/wp-content\/uploads\/2025\/07\/bluezonesassessmentthumb.jpg\" alt=\"blue zones assessment report thumbnail\" width=\"300\" height=\"230\" \/>\n\t\t\t\t\t\t<h4>Rapport d&#039;\u00e9valuation des zones bleues<\/h4>\t\t\t\t\t\n\t\t\t\t\t<p>Ce rapport passe en revue l&#039;analyse compil\u00e9e par Blue Zones sp\u00e9cifique aux forces et aux d\u00e9fis \u00e0 prendre en compte par la ville de Miami Beach.<\/p>\t\t\t\t\n\t\t\t<a href=\"https:\/\/www.flipsnack.com\/bluezones\/blue-zones-miami-beach-report\/full-view.html\"  target=\"_blank\" rel=\"noopener\">\n\t\t\t\t\t\t\tLire le rapport\n\t\t\t<\/a>\n<h2>\n\t\t\tPhase 1 | \u00c9v\u00e9nements pass\u00e9s\t<\/h2>\n\t<p>On February 5, 2025 the City of Miami Beach launched Blue Zones Ignite, a 6-month well-being initiative bringing together civic and community leaders to initiate well-being enhancements- setting up residents to live long, healthy, happy lives.<\/p>\n\t\t\t\t\t\t\t<img loading=\"lazy\" decoding=\"async\" src=\"https:\/\/www.miamibeachfl.gov\/wp-content\/uploads\/2025\/07\/bluezones-video1.jpg\" alt=\"blue zones go to video thumbnail\" width=\"400\" height=\"222\" \/>\n\t\t\t\t\t\t<h2>Blue Zones 2.5.25 Ignite Miami Beach Keynote :<\/h2>\t\t\t\t\t\n\t\t\t\t\t<p>Un \u00e9v\u00e9nement s&#039;est tenu au Pavillon Truist du New World Center pour pr\u00e9senter l&#039;histoire des Zones Bleues et les membres de leur \u00e9quipe d&#039;experts afin de lancer le travail au sein de notre communaut\u00e9 pour am\u00e9liorer le bien-\u00eatre. L&#039;\u00e9quipe a invit\u00e9 les dirigeants et les r\u00e9sidents \u00e0 mieux conna\u00eetre notre ville et \u00e0 collaborer \u00e0 l&#039;\u00e9laboration d&#039;un plan de changement.<\/p>\t\t\t\t\n\t\t\t<a href=\"https:\/\/www.youtube.com\/watch?v=q4G_V3mwkGA\"  target=\"_blank\" rel=\"noopener\">\n\t\t\t\t\t\t\tRegarder la vid\u00e9o\n\t\t\t<\/a>\n\t\t\t\t\t\t\t<img loading=\"lazy\" decoding=\"async\" src=\"https:\/\/www.miamibeachfl.gov\/wp-content\/uploads\/2025\/07\/bluezones-video2.jpg\" alt=\"blue zones go to video thumbnail\" width=\"400\" height=\"222\" \/>\n\t\t\t\t\t\t<h2>Compte rendu communautaire des zones bleues du 23\/06\/2025\u00a0:<\/h2>\t\t\t\t\t\n\t\t\t\t\t<p>\u00c9v\u00e9nement organis\u00e9 au Jardin botanique de Miami Beach pour pr\u00e9senter les r\u00e9sultats de notre \u00e9valuation \u00ab\u00a0Ignite\u00a0\u00bb des zones bleues. Cette \u00e9valuation approfondie de l&#039;\u00e9tat de pr\u00e9paration et de la faisabilit\u00e9 constitue la premi\u00e8re \u00e9tape vers la d\u00e9signation de Miami Beach comme ville \u00ab\u00a0zone bleue\u00a0\u00bb.<\/p>\t\t\t\t\n\t\t\t<a href=\"https:\/\/www.youtube.com\/watch?v=Xqd2DdGHZp8\"  target=\"_blank\" rel=\"noopener\">\n\t\t\t\t\t\t\tRegarder la vid\u00e9o\n\t\t\t<\/a>\n\t\t\t<a href=\"https:\/\/www.miamibeachfl.gov\/wp-content\/uploads\/2025\/07\/BlueZones_Report_Community_Readout_Pres.pdf\"  target=\"_blank\" rel=\"noopener\">\n\t\t\t\t\t\t\tVoir la pr\u00e9sentation\n\t\t\t<\/a>\n<h2>\n\t\t\t\u00c0 propos des initiatives\t<\/h2>\n\t<p>The City of Miami Beach is committed to providing excellent public service and safety to all who live, work, and play in our vibrant, tropical and historic community. With outstanding health care facilities, active transportation options and an abundance of healthy outdoor activities, we&#8217;ve built a foundation that supports the well-being of our entire community.<\/p>\n<p>En int\u00e9grant les zones bleues dans nos initiatives, nous visons \u00e0 \u00e9tendre notre impact et \u00e0 cr\u00e9er un avenir brillant et sain pour tous les r\u00e9sidents, garantissant ainsi le succ\u00e8s \u00e0 long terme de tous ceux qui vivent et travaillent \u00e0 Miami Beach.<\/p>\n<p>\ud83c\udf0d<a href=\"https:\/\/www.bluezones.com\/2016\/11\/power-9\/\">Puissance 9\u00ae<\/a><\/p>\n<p><em>Habitudes qui d\u00e9terminent le mode de vie et l\u2019environnement des communaut\u00e9s o\u00f9 les gens vivent la vie la plus longue et la plus saine.<\/em><\/p>\n<p><a href=\"https:\/\/www.bluezones.com\/live-longer-better\/life-radius\/\">\u00a0Rayon de vie\u00ae<\/a><\/p>\n<p><em>Des transformations ax\u00e9es sur l\u2019optimisation de l\u2019espace proche de chez nous o\u00f9 nous passons 90 % de notre vie.<\/em><\/p>\n<h2>\n\t\t\tLes zones bleues de Miami Beach dans l&#039;actualit\u00e9\t<\/h2>\n\t<ul>\n<li>\n<ul>\n<li><strong><a href=\"https:\/\/www.miamibeachfl.gov\/wp-content\/uploads\/2026\/05\/Blue-Zone.pdf\">Styles de vie en Floride du Sud : La belle vie<\/a><\/strong><\/li>\n<li><a href=\"https:\/\/www.miamitodaynews.com\/2026\/04\/29\/fall-start-due-for-miami-beach-blue-zones-strategy\/\"><strong>Miami Today : D\u00e9but pr\u00e9vu cet automne pour la strat\u00e9gie des zones bleues de Miami Beach<\/strong><\/a><\/li>\n<li><strong><a href=\"https:\/\/www.miamibeachfl.gov\/wp-content\/uploads\/2025\/07\/Miami-Today-e-Edition-Miami-Today-07032025-e-Edition-8.pdf\">Miami Today : Miami Beach recherche 1,5 million de livres sterling par an pour financer les zones bleues<\/a><\/strong><\/li>\n<li><strong><a href=\"https:\/\/www.miamitodaynews.com\/2025\/06\/25\/miami-beach-moving-closer-to-becoming-blue-zones-city\/\">Miami aujourd&#039;hui : Miami Beach se rapproche de devenir une ville de la zone bleue<\/a><\/strong><\/li>\n<li><strong><a href=\"https:\/\/www.miamiherald.com\/news\/health-care\/article299700669.html\">Miami Herald: Can Miami Beach be a healthier place to live? Here&#8217;s how a &#8216;Blue Zone&#8217; works<\/a><\/strong><\/li>\n<li><a href=\"https:\/\/www.miamiherald.com\/news\/health-care\/article298171243.html\"><strong>Miami Herald: Miami Beach wants to be the next Blue Zone. Here&#8217;s what that may mean for your health<\/strong><\/a><\/li>\n<li><a href=\"https:\/\/www.realtor.com\/news\/trends\/miami-beach-florida-blue-zone-cities-healthy-living\/\"><strong>Realtor.com: Miami Beach wants to be the next &#8216;Blue Zone&#8217;-How will it get there?<\/strong><\/a><\/li>\n<li><a href=\"https:\/\/www.miamitodaynews.com\/2025\/01\/08\/miami-beach-set-to-take-big-step-to-join-blue-zones\/\"><strong>Miami Today : Miami Beach s&#039;appr\u00eate \u00e0 franchir une \u00e9tape importante pour rejoindre les zones bleues<\/strong><\/a><\/li>\n<li><a href=\"https:\/\/www.miamitodaynews.com\/breaking\/beach-budgets-to-assess-becoming-a-blue-zone-city\/#google_vignette\"><strong>Miami Today\u00a0: Les budgets des plages seront \u00e9valu\u00e9s pour devenir une ville de zone bleue<\/strong><\/a><\/li>\n<li><strong><a href=\"https:\/\/www.youtube.com\/watch?v=PBtxaUKahhU\">La bande-annonce du podcast Dan Buettner<\/a><\/strong><\/li>\n<li><strong><a href=\"https:\/\/www.miamitodaynews.com\/2025\/09\/10\/miami-beach-follows-four-year-path-to-be-blue-zone-city\/#google_vignette\" target=\"_blank\" rel=\"noopener\">Miami Beach suit un parcours de quatre ans pour devenir une ville de la zone bleue<\/a><br \/>\n<\/strong><\/li>\n<li><strong><a href=\"https:\/\/refreshmiami.com\/news\/with-an-assist-from-tech-could-miami-beach-become-a-healthier-and-happier-blue-zone\/\">With an assist from tech, could Miami Beach become a healthier and happier &#8216;Blue Zone&#8217;? &#8211; Refresh Miami<\/a><\/strong><\/li>\n<li><a href=\"https:\/\/www.miamitodaynews.com\/2026\/01\/07\/team-seeks-8-million-to-make-miami-beach-a-blue-zone\/\"><strong>L&#039;\u00e9quipe recherche $8 millions de dollars pour faire de Miami Beach une zone bleue.<\/strong><\/a><\/li>\n<\/ul>\n<\/li>\n<\/ul>\n<p>&nbsp;<\/p>\n\t<div class=\"page-navigation\"><a class=\"prev-page\" href=\"https:\/\/www.miamibeachfl.gov\/fr\/business-open-change-relocation\/\">\u2190 Ouverture Changement ou d\u00e9m\u00e9nagement d&#039;entreprise<\/a> <a class=\"next-page\" href=\"https:\/\/www.miamibeachfl.gov\/fr\/projects\/sunset-islands-2-3-infrastructure-improvements\/\">Am\u00e9liorations des infrastructures des \u00eeles Sunset 2 et 3 \u2192<\/a><\/div>","protected":false},"excerpt":{"rendered":"<p>Join Us as We Ignite Miami Beach Miami Beach is participating in a global movement to improve health and well-being [&hellip;]<\/p>\n","protected":false},"author":222,"featured_media":385729,"parent":0,"menu_order":0,"comment_status":"closed","ping_status":"closed","template":"","meta":{"_searchwp_excluded":"","site-sidebar-layout":"default","site-content-layout":"","ast-site-content-layout":"default","site-content-style":"default","site-sidebar-style":"default","ast-global-header-display":"","ast-banner-title-visibility":"","ast-main-header-display":"","ast-hfb-above-header-display":"","ast-hfb-below-header-display":"","ast-hfb-mobile-header-display":"","site-post-title":"","ast-breadcrumbs-content":"","ast-featured-img":"","footer-sml-layout":"","ast-disable-related-posts":"","theme-transparent-header-meta":"","adv-header-id-meta":"","stick-header-meta":"","header-above-stick-meta":"","header-main-stick-meta":"","header-below-stick-meta":"","astra-migrate-meta-layouts":"default","ast-page-background-enabled":"default","ast-page-background-meta":{"desktop":{"background-color":"var(--ast-global-color-5)","background-image":"","background-repeat":"repeat","background-position":"center center","background-size":"auto","background-attachment":"scroll","background-type":"","background-media":"","overlay-type":"","overlay-color":"","overlay-opacity":"","overlay-gradient":""},"tablet":{"background-color":"","background-image":"","background-repeat":"repeat","background-position":"center center","background-size":"auto","background-attachment":"scroll","background-type":"","background-media":"","overlay-type":"","overlay-color":"","overlay-opacity":"","overlay-gradient":""},"mobile":{"background-color":"","background-image":"","background-repeat":"repeat","background-position":"center center","background-size":"auto","background-attachment":"scroll","background-type":"","background-media":"","overlay-type":"","overlay-color":"","overlay-opacity":"","overlay-gradient":""}},"ast-content-background-meta":{"desktop":{"background-color":"var(--ast-global-color-4)","background-image":"","background-repeat":"repeat","background-position":"center center","background-size":"auto","background-attachment":"scroll","background-type":"","background-media":"","overlay-type":"","overlay-color":"","overlay-opacity":"","overlay-gradient":""},"tablet":{"background-color":"var(--ast-global-color-4)","background-image":"","background-repeat":"repeat","background-position":"center center","background-size":"auto","background-attachment":"scroll","background-type":"","background-media":"","overlay-type":"","overlay-color":"","overlay-opacity":"","overlay-gradient":""},"mobile":{"background-color":"var(--ast-global-color-4)","background-image":"","background-repeat":"repeat","background-position":"center center","background-size":"auto","background-attachment":"scroll","background-type":"","background-media":"","overlay-type":"","overlay-color":"","overlay-opacity":"","overlay-gradient":""}},"footnotes":""},"categories":[],"tags":[],"class_list":["post-385722","page","type-page","status-publish","has-post-thumbnail","hentry"],"yoast_head":"<!-- This site is optimized with the Yoast SEO Premium plugin v27.4 (Yoast SEO v27.4) - https:\/\/yoast.com\/product\/yoast-seo-premium-wordpress\/ -->\n<title>Blue Zones - City of Miami Beach<\/title>\n<meta name=\"description\" content=\"Miami Beach is participating in a global movement to improve health and well-being in the places we live, work, learn and play.\" \/>\n<meta name=\"robots\" content=\"index, follow, max-snippet:-1, max-image-preview:large, max-video-preview:-1\" \/>\n<link rel=\"canonical\" href=\"https:\/\/www.miamibeachfl.gov\/fr\/bluezones\/\" \/>\n<meta property=\"og:locale\" content=\"fr_FR\" \/>\n<meta property=\"og:type\" content=\"article\" \/>\n<meta property=\"og:title\" content=\"Blue Zones\" \/>\n<meta property=\"og:description\" content=\"Miami Beach is participating in a global movement to improve health and well-being in the places we live, work, learn and play.\" \/>\n<meta property=\"og:url\" content=\"https:\/\/www.miamibeachfl.gov\/fr\/bluezones\/\" \/>\n<meta property=\"og:site_name\" content=\"City of Miami Beach\" \/>\n<meta property=\"article:publisher\" content=\"https:\/\/www.facebook.com\/cityofmiamibeach\" \/>\n<meta property=\"article:modified_time\" content=\"2026-05-06T12:10:26+00:00\" \/>\n<meta property=\"og:image\" content=\"https:\/\/www.miamibeachfl.gov\/wp-content\/uploads\/2025\/07\/bluezones_logo_og.png\" \/>\n\t<meta property=\"og:image:width\" content=\"555\" \/>\n\t<meta property=\"og:image:height\" content=\"109\" \/>\n\t<meta property=\"og:image:type\" content=\"image\/png\" \/>\n<meta name=\"twitter:card\" content=\"summary_large_image\" \/>\n<meta name=\"twitter:site\" content=\"@Miamibeachnews\" \/>\n<script type=\"application\/ld+json\" class=\"yoast-schema-graph\">{\"@context\":\"https:\\\/\\\/schema.org\",\"@graph\":[{\"@type\":\"WebPage\",\"@id\":\"https:\\\/\\\/www.miamibeachfl.gov\\\/bluezones\\\/\",\"url\":\"https:\\\/\\\/www.miamibeachfl.gov\\\/bluezones\\\/\",\"name\":\"Blue Zones - City of Miami Beach\",\"isPartOf\":{\"@id\":\"https:\\\/\\\/www.miamibeachfl.gov\\\/#website\"},\"primaryImageOfPage\":{\"@id\":\"https:\\\/\\\/www.miamibeachfl.gov\\\/bluezones\\\/#primaryimage\"},\"image\":{\"@id\":\"https:\\\/\\\/www.miamibeachfl.gov\\\/bluezones\\\/#primaryimage\"},\"thumbnailUrl\":\"https:\\\/\\\/www.miamibeachfl.gov\\\/wp-content\\\/uploads\\\/2025\\\/07\\\/bluezones_logo_og.png\",\"datePublished\":\"2025-07-01T18:38:27+00:00\",\"dateModified\":\"2026-05-06T12:10:26+00:00\",\"description\":\"Miami Beach is participating in a global movement to improve health and well-being in the places we live, work, learn and play.\",\"breadcrumb\":{\"@id\":\"https:\\\/\\\/www.miamibeachfl.gov\\\/bluezones\\\/#breadcrumb\"},\"inLanguage\":\"fr-FR\",\"potentialAction\":[{\"@type\":\"ReadAction\",\"target\":[\"https:\\\/\\\/www.miamibeachfl.gov\\\/bluezones\\\/\"]}]},{\"@type\":\"ImageObject\",\"inLanguage\":\"fr-FR\",\"@id\":\"https:\\\/\\\/www.miamibeachfl.gov\\\/bluezones\\\/#primaryimage\",\"url\":\"https:\\\/\\\/www.miamibeachfl.gov\\\/wp-content\\\/uploads\\\/2025\\\/07\\\/bluezones_logo_og.png\",\"contentUrl\":\"https:\\\/\\\/www.miamibeachfl.gov\\\/wp-content\\\/uploads\\\/2025\\\/07\\\/bluezones_logo_og.png\",\"width\":555,\"height\":109,\"caption\":\"blue zones logo\"},{\"@type\":\"BreadcrumbList\",\"@id\":\"https:\\\/\\\/www.miamibeachfl.gov\\\/bluezones\\\/#breadcrumb\",\"itemListElement\":[{\"@type\":\"ListItem\",\"position\":1,\"name\":\"Home\",\"item\":\"https:\\\/\\\/www.miamibeachfl.gov\\\/\"},{\"@type\":\"ListItem\",\"position\":2,\"name\":\"Blue Zones\"}]},{\"@type\":\"WebSite\",\"@id\":\"https:\\\/\\\/www.miamibeachfl.gov\\\/#website\",\"url\":\"https:\\\/\\\/www.miamibeachfl.gov\\\/\",\"name\":\"City of Miami Beach\",\"description\":\"The official website of the City of Miami Beach. Stay informed, find important information on city services, news, alerts, events, trolley routes, government employment and more.\",\"publisher\":{\"@id\":\"https:\\\/\\\/www.miamibeachfl.gov\\\/#organization\"},\"potentialAction\":[{\"@type\":\"SearchAction\",\"target\":{\"@type\":\"EntryPoint\",\"urlTemplate\":\"https:\\\/\\\/www.miamibeachfl.gov\\\/?s={search_term_string}\"},\"query-input\":{\"@type\":\"PropertyValueSpecification\",\"valueRequired\":true,\"valueName\":\"search_term_string\"}}],\"inLanguage\":\"fr-FR\"},{\"@type\":\"Organization\",\"@id\":\"https:\\\/\\\/www.miamibeachfl.gov\\\/#organization\",\"name\":\"City of Miami Beach\",\"url\":\"https:\\\/\\\/www.miamibeachfl.gov\\\/\",\"logo\":{\"@type\":\"ImageObject\",\"inLanguage\":\"fr-FR\",\"@id\":\"https:\\\/\\\/www.miamibeachfl.gov\\\/#\\\/schema\\\/logo\\\/image\\\/\",\"url\":\"https:\\\/\\\/www.miamibeachfl.gov\\\/wp-content\\\/uploads\\\/2022\\\/06\\\/miamibeach-logoblue.png\",\"contentUrl\":\"https:\\\/\\\/www.miamibeachfl.gov\\\/wp-content\\\/uploads\\\/2022\\\/06\\\/miamibeach-logoblue.png\",\"width\":1962,\"height\":381,\"caption\":\"City of Miami Beach\"},\"image\":{\"@id\":\"https:\\\/\\\/www.miamibeachfl.gov\\\/#\\\/schema\\\/logo\\\/image\\\/\"},\"sameAs\":[\"https:\\\/\\\/www.facebook.com\\\/cityofmiamibeach\",\"https:\\\/\\\/x.com\\\/Miamibeachnews\",\"https:\\\/\\\/www.instagram.com\\\/miamibeachnews\\\/\"],\"description\":\"The official website of the City of Miami Beach. Stay informed, find important information on city services, news, alerts, events, trolley routes, government employment and more.\",\"telephone\":\"305.604.CITY(2489)\",\"legalName\":\"City of Miami Beach\"}]}<\/script>\n<!-- \/ Yoast SEO Premium plugin. -->","yoast_head_json":{"title":"Blue Zones - City of Miami Beach","description":"Miami Beach participe \u00e0 un mouvement mondial visant \u00e0 am\u00e9liorer la sant\u00e9 et le bien-\u00eatre dans les lieux o\u00f9 nous vivons, travaillons, apprenons et jouons.","robots":{"index":"index","follow":"follow","max-snippet":"max-snippet:-1","max-image-preview":"max-image-preview:large","max-video-preview":"max-video-preview:-1"},"canonical":"https:\/\/www.miamibeachfl.gov\/fr\/bluezones\/","og_locale":"fr_FR","og_type":"article","og_title":"Blue Zones","og_description":"Miami Beach is participating in a global movement to improve health and well-being in the places we live, work, learn and play.","og_url":"https:\/\/www.miamibeachfl.gov\/fr\/bluezones\/","og_site_name":"City of Miami Beach","article_publisher":"https:\/\/www.facebook.com\/cityofmiamibeach","article_modified_time":"2026-05-06T12:10:26+00:00","og_image":[{"width":555,"height":109,"url":"https:\/\/www.miamibeachfl.gov\/wp-content\/uploads\/2025\/07\/bluezones_logo_og.png","type":"image\/png"}],"twitter_card":"summary_large_image","twitter_site":"@Miamibeachnews","schema":{"@context":"https:\/\/schema.org","@graph":[{"@type":"WebPage","@id":"https:\/\/www.miamibeachfl.gov\/bluezones\/","url":"https:\/\/www.miamibeachfl.gov\/bluezones\/","name":"Blue Zones - City of Miami Beach","isPartOf":{"@id":"https:\/\/www.miamibeachfl.gov\/#website"},"primaryImageOfPage":{"@id":"https:\/\/www.miamibeachfl.gov\/bluezones\/#primaryimage"},"image":{"@id":"https:\/\/www.miamibeachfl.gov\/bluezones\/#primaryimage"},"thumbnailUrl":"https:\/\/www.miamibeachfl.gov\/wp-content\/uploads\/2025\/07\/bluezones_logo_og.png","datePublished":"2025-07-01T18:38:27+00:00","dateModified":"2026-05-06T12:10:26+00:00","description":"Miami Beach participe \u00e0 un mouvement mondial visant \u00e0 am\u00e9liorer la sant\u00e9 et le bien-\u00eatre dans les lieux o\u00f9 nous vivons, travaillons, apprenons et jouons.","breadcrumb":{"@id":"https:\/\/www.miamibeachfl.gov\/bluezones\/#breadcrumb"},"inLanguage":"fr-FR","potentialAction":[{"@type":"ReadAction","target":["https:\/\/www.miamibeachfl.gov\/bluezones\/"]}]},{"@type":"ImageObject","inLanguage":"fr-FR","@id":"https:\/\/www.miamibeachfl.gov\/bluezones\/#primaryimage","url":"https:\/\/www.miamibeachfl.gov\/wp-content\/uploads\/2025\/07\/bluezones_logo_og.png","contentUrl":"https:\/\/www.miamibeachfl.gov\/wp-content\/uploads\/2025\/07\/bluezones_logo_og.png","width":555,"height":109,"caption":"blue zones logo"},{"@type":"BreadcrumbList","@id":"https:\/\/www.miamibeachfl.gov\/bluezones\/#breadcrumb","itemListElement":[{"@type":"ListItem","position":1,"name":"Home","item":"https:\/\/www.miamibeachfl.gov\/"},{"@type":"ListItem","position":2,"name":"Blue Zones"}]},{"@type":"WebSite","@id":"https:\/\/www.miamibeachfl.gov\/#website","url":"https:\/\/www.miamibeachfl.gov\/","name":"Ville de Miami Beach","description":"Site officiel de la ville de Miami Beach. Restez inform\u00e9 et trouvez des informations importantes sur les services municipaux, les actualit\u00e9s, les alertes, les \u00e9v\u00e9nements, les itin\u00e9raires de tramway, les emplois gouvernementaux et bien plus encore.","publisher":{"@id":"https:\/\/www.miamibeachfl.gov\/#organization"},"potentialAction":[{"@type":"SearchAction","target":{"@type":"EntryPoint","urlTemplate":"https:\/\/www.miamibeachfl.gov\/?s={search_term_string}"},"query-input":{"@type":"PropertyValueSpecification","valueRequired":true,"valueName":"search_term_string"}}],"inLanguage":"fr-FR"},{"@type":"Organization","@id":"https:\/\/www.miamibeachfl.gov\/#organization","name":"Ville de Miami Beach","url":"https:\/\/www.miamibeachfl.gov\/","logo":{"@type":"ImageObject","inLanguage":"fr-FR","@id":"https:\/\/www.miamibeachfl.gov\/#\/schema\/logo\/image\/","url":"https:\/\/www.miamibeachfl.gov\/wp-content\/uploads\/2022\/06\/miamibeach-logoblue.png","contentUrl":"https:\/\/www.miamibeachfl.gov\/wp-content\/uploads\/2022\/06\/miamibeach-logoblue.png","width":1962,"height":381,"caption":"City of Miami Beach"},"image":{"@id":"https:\/\/www.miamibeachfl.gov\/#\/schema\/logo\/image\/"},"sameAs":["https:\/\/www.facebook.com\/cityofmiamibeach","https:\/\/x.com\/Miamibeachnews","https:\/\/www.instagram.com\/miamibeachnews\/"],"description":"Site officiel de la ville de Miami Beach. Restez inform\u00e9 et trouvez des informations importantes sur les services municipaux, les actualit\u00e9s, les alertes, les \u00e9v\u00e9nements, les itin\u00e9raires de tramway, les emplois gouvernementaux et bien plus encore.","telephone":"305.604.CITY(2489)","legalName":"City of Miami Beach"}]}},"_links":{"self":[{"href":"https:\/\/www.miamibeachfl.gov\/fr\/wp-json\/wp\/v2\/pages\/385722","targetHints":{"allow":["GET"]}}],"collection":[{"href":"https:\/\/www.miamibeachfl.gov\/fr\/wp-json\/wp\/v2\/pages"}],"about":[{"href":"https:\/\/www.miamibeachfl.gov\/fr\/wp-json\/wp\/v2\/types\/page"}],"author":[{"embeddable":true,"href":"https:\/\/www.miamibeachfl.gov\/fr\/wp-json\/wp\/v2\/users\/222"}],"replies":[{"embeddable":true,"href":"https:\/\/www.miamibeachfl.gov\/fr\/wp-json\/wp\/v2\/comments?post=385722"}],"version-history":[{"count":14,"href":"https:\/\/www.miamibeachfl.gov\/fr\/wp-json\/wp\/v2\/pages\/385722\/revisions"}],"predecessor-version":[{"id":400110,"href":"https:\/\/www.miamibeachfl.gov\/fr\/wp-json\/wp\/v2\/pages\/385722\/revisions\/400110"}],"wp:featuredmedia":[{"embeddable":true,"href":"https:\/\/www.miamibeachfl.gov\/fr\/wp-json\/wp\/v2\/media\/385729"}],"wp:attachment":[{"href":"https:\/\/www.miamibeachfl.gov\/fr\/wp-json\/wp\/v2\/media?parent=385722"}],"wp:term":[{"taxonomy":"category","embeddable":true,"href":"https:\/\/www.miamibeachfl.gov\/fr\/wp-json\/wp\/v2\/categories?post=385722"},{"taxonomy":"post_tag","embeddable":true,"href":"https:\/\/www.miamibeachfl.gov\/fr\/wp-json\/wp\/v2\/tags?post=385722"}],"curies":[{"name":"wp","href":"https:\/\/api.w.org\/{rel}","templated":true}]}}