{"id":385864,"date":"2025-07-03T14:57:11","date_gmt":"2025-07-03T18:57:11","guid":{"rendered":"https:\/\/www.miamibeachfl.gov\/?page_id=385864"},"modified":"2025-12-31T15:31:54","modified_gmt":"2025-12-31T20:31:54","slug":"ww2-in-miami-beach","status":"publish","type":"page","link":"https:\/\/www.miamibeachfl.gov\/fr\/galeria\/ww2-in-miami-beach\/","title":{"rendered":"La Seconde Guerre mondiale \u00e0 Miami Beach"},"content":{"rendered":"<p>De 1942 \u00e0 1945, Miami Beach devint un terrain d&#039;entra\u00eenement pour plus de 600\u00a0000 soldats am\u00e9ricains se pr\u00e9parant \u00e0 la Seconde Guerre mondiale. H\u00f4tels et immeubles d&#039;habitation furent transform\u00e9s en casernes, tandis que halls d&#039;entr\u00e9e, salles de bal, th\u00e9\u00e2tres et magasins furent transform\u00e9s en salles de classe. Les restaurants devinrent des r\u00e9fectoires, les parcs urbains et les terrains de golf servaient de terrains de parade, et les soldats remplac\u00e8rent les baigneurs sur les plages.<\/p>\n\t\t\t\t<img decoding=\"async\" src=\"https:\/\/www.miamibeachfl.gov\/wp-content\/uploads\/2025\/07\/BannerWWII_June.png\" alt=\"ww2 banner\" itemprop=\"image\" height=\"594\" width=\"1222\" title=\"Banni\u00e8re Seconde Guerre mondiale_juin\" onerror=\"this.style.display='none'\" loading=\"lazy\" \/>\n\t\t\t\t<a href=\"https:\/\/www.miamibeachfl.gov\/wp-content\/uploads\/2025\/02\/Boothcampinparadiseflyer2.jpg\"  target=\"_self\" itemprop=\"url\">\n\t\t\t\t<img decoding=\"async\" src=\"https:\/\/www.miamibeachfl.gov\/wp-content\/uploads\/2025\/02\/Boothcampinparadiseflyer2.jpg\" alt=\"Bootcamp in paradise\" itemprop=\"image\" height=\"1050\" width=\"550\" title=\"Boothcampinparadiseflyer2\" onerror=\"this.style.display='none'\" loading=\"lazy\" \/>\n\t\t\t\t<\/a>\n\t\t\t\t<a href=\"https:\/\/www.miamibeachfl.gov\/wp-content\/uploads\/2024\/10\/thecadetstakeover.jpg\"  target=\"_self\" itemprop=\"url\">\n\t\t\t\t<img decoding=\"async\" src=\"https:\/\/www.miamibeachfl.gov\/wp-content\/uploads\/2024\/10\/thecadetstakeover.jpg\" alt=\"The Cadets take over\" itemprop=\"image\" height=\"1050\" width=\"550\" title=\"la prise de contr\u00f4le des cadets\" onerror=\"this.style.display='none'\" loading=\"lazy\" \/>\n\t\t\t\t<\/a>\n\t\t\t\t<a href=\"https:\/\/www.miamibeachfl.gov\/wp-content\/uploads\/2025\/02\/BootcampInParadiseFlyer1.jpg\"  target=\"_self\" itemprop=\"url\">\n\t\t\t\t<img decoding=\"async\" src=\"https:\/\/www.miamibeachfl.gov\/wp-content\/uploads\/2025\/02\/BootcampInParadiseFlyer1.jpg\" alt=\"bootcamp in paradise\" itemprop=\"image\" height=\"1050\" width=\"550\" title=\"BootcampInParadiseFlyer1\" onerror=\"this.style.display='none'\" loading=\"lazy\" \/>\n\t\t\t\t<\/a>\n\t\t\t\t<a href=\"https:\/\/www.miamibeachfl.gov\/wp-content\/uploads\/2024\/10\/armyairforce.jpg\"  target=\"_self\" itemprop=\"url\">\n\t\t\t\t<img decoding=\"async\" src=\"https:\/\/www.miamibeachfl.gov\/wp-content\/uploads\/2024\/10\/armyairforce.jpg\" alt=\"ww2 photo\" itemprop=\"image\" height=\"1050\" width=\"550\" title=\"arm\u00e9e de l&#039;air\" onerror=\"this.style.display='none'\" loading=\"lazy\" \/>\n\t\t\t\t<\/a>\n<h2>\n\t\t\tGALERIE DE PHOTOS\t<\/h2>\n\t\t\t\t<a\n\t\t\thref=\"https:\/\/www.miamibeachfl.gov\/wp-content\/uploads\/2025\/04\/Galeria-Ocean-Drive_1.jpg\"\n\t\t\t\t\t\tdata-fancybox=\"images\" \n\t\t\ttitle=\"Galerie-Ocean-Drive_1\" \n\t\t\t\t\t\tdata-caption=\"\"\n\t\t\t\t\t\tdata-description=\"\" \n\t\t\titemprop=\"contentUrl\">\n\t\t\t<img loading=\"lazy\" decoding=\"async\" src=\"https:\/\/www.miamibeachfl.gov\/wp-content\/uploads\/2025\/04\/Galeria-Ocean-Drive_1-300x225.jpg\" alt=\"Mayor at the Galeria Exhibit\" data-no-lazy=\"1\" itemprop=\"thumbnail\" width=\"300\" height=\"225\" \/>\n\t\t\t<!-- Overlay Wrapper -->\n\t\t\t <!-- Overlay Wrapper Closed -->\n\t\t\t\t<\/a>\n\t\t\t\t\t\t\t<meta itemprop=\"width\" content=\"300\" \/>\n\t\t\t<meta itemprop=\"height\" content=\"225\" \/>\n\t\t\t\t<a\n\t\t\thref=\"https:\/\/www.miamibeachfl.gov\/wp-content\/uploads\/2025\/04\/Galeria-Ocean-Drive_2.jpg\"\n\t\t\t\t\t\tdata-fancybox=\"images\" \n\t\t\ttitle=\"Galerie-Ocean-Drive_2\" \n\t\t\t\t\t\tdata-caption=\"\"\n\t\t\t\t\t\tdata-description=\"\" \n\t\t\titemprop=\"contentUrl\">\n\t\t\t<img loading=\"lazy\" decoding=\"async\" src=\"https:\/\/www.miamibeachfl.gov\/wp-content\/uploads\/2025\/04\/Galeria-Ocean-Drive_2-300x225.jpg\" alt=\"Person at the Galleria Exhibit\" data-no-lazy=\"1\" itemprop=\"thumbnail\" width=\"300\" height=\"225\" \/>\n\t\t\t<!-- Overlay Wrapper -->\n\t\t\t <!-- Overlay Wrapper Closed -->\n\t\t\t\t<\/a>\n\t\t\t\t\t\t\t<meta itemprop=\"width\" content=\"300\" \/>\n\t\t\t<meta itemprop=\"height\" content=\"225\" \/>\n\t\t\t\t<a\n\t\t\thref=\"https:\/\/www.miamibeachfl.gov\/wp-content\/uploads\/2025\/04\/Galeria-Ocean-Drive_3.jpg\"\n\t\t\t\t\t\tdata-fancybox=\"images\" \n\t\t\ttitle=\"Galerie-Ocean-Drive_3\" \n\t\t\t\t\t\tdata-caption=\"\"\n\t\t\t\t\t\tdata-description=\"\" \n\t\t\titemprop=\"contentUrl\">\n\t\t\t<img loading=\"lazy\" decoding=\"async\" src=\"https:\/\/www.miamibeachfl.gov\/wp-content\/uploads\/2025\/04\/Galeria-Ocean-Drive_3-300x225.jpg\" alt=\"Galleria Exhibit\" data-no-lazy=\"1\" itemprop=\"thumbnail\" width=\"300\" height=\"225\" \/>\n\t\t\t<!-- Overlay Wrapper -->\n\t\t\t <!-- Overlay Wrapper Closed -->\n\t\t\t\t<\/a>\n\t\t\t\t\t\t\t<meta itemprop=\"width\" content=\"300\" \/>\n\t\t\t<meta itemprop=\"height\" content=\"225\" \/>\n\t\t\t\t<a\n\t\t\thref=\"https:\/\/www.miamibeachfl.gov\/wp-content\/uploads\/2025\/04\/Galeria-Ocean-Drive_4.jpg\"\n\t\t\t\t\t\tdata-fancybox=\"images\" \n\t\t\ttitle=\"Galerie-Ocean-Drive_4\" \n\t\t\t\t\t\tdata-caption=\"\"\n\t\t\t\t\t\tdata-description=\"\" \n\t\t\titemprop=\"contentUrl\">\n\t\t\t<img loading=\"lazy\" decoding=\"async\" src=\"https:\/\/www.miamibeachfl.gov\/wp-content\/uploads\/2025\/04\/Galeria-Ocean-Drive_4-300x225.jpg\" alt=\"Veterans at the Galleria Exhibit\" data-no-lazy=\"1\" itemprop=\"thumbnail\" width=\"300\" height=\"225\" \/>\n\t\t\t<!-- Overlay Wrapper -->\n\t\t\t <!-- Overlay Wrapper Closed -->\n\t\t\t\t<\/a>\n\t\t\t\t\t\t\t<meta itemprop=\"width\" content=\"300\" \/>\n\t\t\t<meta itemprop=\"height\" content=\"225\" \/>\n\t\t\t\t<a\n\t\t\thref=\"https:\/\/www.miamibeachfl.gov\/wp-content\/uploads\/2025\/04\/Galeria-Ocean-Drive_5.jpg\"\n\t\t\t\t\t\tdata-fancybox=\"images\" \n\t\t\ttitle=\"Galerie-Ocean-Drive_5\" \n\t\t\t\t\t\tdata-caption=\"\"\n\t\t\t\t\t\tdata-description=\"\" \n\t\t\titemprop=\"contentUrl\">\n\t\t\t<img loading=\"lazy\" decoding=\"async\" src=\"https:\/\/www.miamibeachfl.gov\/wp-content\/uploads\/2025\/04\/Galeria-Ocean-Drive_5-300x225.jpg\" alt=\"people at the Galleria Exhibit\" data-no-lazy=\"1\" itemprop=\"thumbnail\" width=\"300\" height=\"225\" \/>\n\t\t\t<!-- Overlay Wrapper -->\n\t\t\t <!-- Overlay Wrapper Closed -->\n\t\t\t\t<\/a>\n\t\t\t\t\t\t\t<meta itemprop=\"width\" content=\"300\" \/>\n\t\t\t<meta itemprop=\"height\" content=\"225\" \/>\n\t\t\t\t<a\n\t\t\thref=\"https:\/\/www.miamibeachfl.gov\/wp-content\/uploads\/2025\/04\/Galeria-Ocean-Drive_6.jpg\"\n\t\t\t\t\t\tdata-fancybox=\"images\" \n\t\t\ttitle=\"Galerie-Ocean-Drive_6\" \n\t\t\t\t\t\tdata-caption=\"\"\n\t\t\t\t\t\tdata-description=\"\" \n\t\t\titemprop=\"contentUrl\">\n\t\t\t<img loading=\"lazy\" decoding=\"async\" src=\"https:\/\/www.miamibeachfl.gov\/wp-content\/uploads\/2025\/04\/Galeria-Ocean-Drive_6-300x225.jpg\" alt=\"people at the Galleria Exhibit\" data-no-lazy=\"1\" itemprop=\"thumbnail\" width=\"300\" height=\"225\" \/>\n\t\t\t<!-- Overlay Wrapper -->\n\t\t\t <!-- Overlay Wrapper Closed -->\n\t\t\t\t<\/a>\n\t\t\t\t\t\t\t<meta itemprop=\"width\" content=\"300\" \/>\n\t\t\t<meta itemprop=\"height\" content=\"225\" \/>\n\t\t\t\t<a\n\t\t\thref=\"https:\/\/www.miamibeachfl.gov\/wp-content\/uploads\/2025\/04\/Galeria-Ocean-Drive_7.jpg\"\n\t\t\t\t\t\tdata-fancybox=\"images\" \n\t\t\ttitle=\"Galerie-Ocean-Drive_7\" \n\t\t\t\t\t\tdata-caption=\"\"\n\t\t\t\t\t\tdata-description=\"\" \n\t\t\titemprop=\"contentUrl\">\n\t\t\t<img loading=\"lazy\" decoding=\"async\" src=\"https:\/\/www.miamibeachfl.gov\/wp-content\/uploads\/2025\/04\/Galeria-Ocean-Drive_7-300x225.jpg\" alt=\"people at the Galleria Exhibit\" data-no-lazy=\"1\" itemprop=\"thumbnail\" width=\"300\" height=\"225\" \/>\n\t\t\t<!-- Overlay Wrapper -->\n\t\t\t <!-- Overlay Wrapper Closed -->\n\t\t\t\t<\/a>\n\t\t\t\t\t\t\t<meta itemprop=\"width\" content=\"300\" \/>\n\t\t\t<meta itemprop=\"height\" content=\"225\" \/>\n\t\t\t\t<a\n\t\t\thref=\"https:\/\/www.miamibeachfl.gov\/wp-content\/uploads\/2025\/04\/Galeria-Ocean-Drive_8.jpg\"\n\t\t\t\t\t\tdata-fancybox=\"images\" \n\t\t\ttitle=\"Galerie-Ocean-Drive_8\" \n\t\t\t\t\t\tdata-caption=\"\"\n\t\t\t\t\t\tdata-description=\"\" \n\t\t\titemprop=\"contentUrl\">\n\t\t\t<img loading=\"lazy\" decoding=\"async\" src=\"https:\/\/www.miamibeachfl.gov\/wp-content\/uploads\/2025\/04\/Galeria-Ocean-Drive_8-300x225.jpg\" alt=\"People looking at a jeep\" data-no-lazy=\"1\" itemprop=\"thumbnail\" width=\"300\" height=\"225\" \/>\n\t\t\t<!-- Overlay Wrapper -->\n\t\t\t <!-- Overlay Wrapper Closed -->\n\t\t\t\t<\/a>\n\t\t\t\t\t\t\t<meta itemprop=\"width\" content=\"300\" \/>\n\t\t\t<meta itemprop=\"height\" content=\"225\" \/>\n\t<meta itemprop=\"name\" content=\"bootcamp in paradise\" \/><meta itemprop=\"description\" content=\"bootcamp in paradise\" \/><meta itemprop=\"uploadDate\" content=\"2025-08-07T10:00-05:00\" \/><meta itemprop=\"thumbnailUrl\" content=\"https:\/\/www.miamibeachfl.gov\/wp-content\/uploads\/2024\/10\/bootcampinparadiseheader.png\" \/><meta itemprop=\"contentUrl\" content=\"https:\/\/vimeo.com\/1045449684\" \/><meta itemprop=\"embedUrl\" content=\"https:\/\/vimeo.com\/1045449684\" \/>\t\n\t<iframe allowfullscreen allow=\"autoplay\" data-src=\"https:\/\/player.vimeo.com\/video\/1045449684?color&amp;autopause=0&amp;loop=0&amp;muted=0&amp;title=0&amp;portrait=0&amp;byline=0&amp;h\" title=\"bootcamp au paradis\"><\/iframe>\t\t\n\t\t\t\t\tLire la vid\u00e9o\n\t<meta itemprop=\"name\" content=\"Culture Crawl Event Video\" \/><meta itemprop=\"description\" content=\"Culture Crawl Event Video\" \/><meta itemprop=\"uploadDate\" content=\"2025-08-07T10:00-05:00\" \/><meta itemprop=\"thumbnailUrl\" content=\"https:\/\/www.miamibeachfl.gov\/wp-content\/uploads\/2024\/10\/ww2beachscene.jpg\" \/><meta itemprop=\"contentUrl\" content=\"https:\/\/vimeo.com\/1055439033\" \/><meta itemprop=\"embedUrl\" content=\"https:\/\/vimeo.com\/1055439033\" \/>\t\n\t<iframe allowfullscreen allow=\"autoplay\" data-src=\"https:\/\/player.vimeo.com\/video\/1055439033?color&amp;autopause=0&amp;loop=0&amp;muted=0&amp;title=0&amp;portrait=0&amp;byline=0&amp;h\" title=\"Vid\u00e9o de l&#039;\u00e9v\u00e9nement Culture crawl\"><\/iframe>\t\t\n\t\t\t\t\tLire la vid\u00e9o\n\t\t\t\t<img decoding=\"async\" src=\"https:\/\/www.miamibeachfl.gov\/wp-content\/uploads\/2024\/10\/GaleriaOceanDriveLogo.png\" alt=\"Galeria Ocean Drive Logo\" itemprop=\"image\" height=\"193\" width=\"525\" title=\"Logo de la galerie OceanDrive\" onerror=\"this.style.display='none'\" loading=\"lazy\" \/>\n\t<p>Espace d&#039;exposition dans le parc Lummus le long d&#039;Ocean Drive entre les 11e et 12e rues<\/p>\n\t\t\t\t<img decoding=\"async\" src=\"https:\/\/www.miamibeachfl.gov\/wp-content\/uploads\/2019\/11\/ColorSealLogo-01.png\" alt=\"ColorSealLogo-01\" itemprop=\"image\" height=\"1542\" width=\"1542\" title=\"ColorSealLogo-01\" onerror=\"this.style.display='none'\" loading=\"lazy\" \/>\n\t<p>ORGANIS\u00c9 PAR LE BUREAU DU MAIRE ET LA COMMISSION MUNICIPALE<\/p>\n\t<p>La mission de la Galer\u00eda Ocean Drive est de c\u00e9l\u00e9brer la riche histoire, l&#039;art, la culture et l&#039;architecture de Miami Beach, favorisant une appr\u00e9ciation plus profonde du patrimoine unique de la ville.<\/p>","protected":false},"excerpt":{"rendered":"<p>Miami Beach, from 1942-45, became a training ground for over 600,000 U.S. troops preparing for World War II. Hotels and [&hellip;]<\/p>\n","protected":false},"author":222,"featured_media":386050,"parent":340592,"menu_order":17,"comment_status":"closed","ping_status":"closed","template":"","meta":{"_searchwp_excluded":"","site-sidebar-layout":"default","site-content-layout":"","ast-site-content-layout":"default","site-content-style":"default","site-sidebar-style":"default","ast-global-header-display":"","ast-banner-title-visibility":"","ast-main-header-display":"","ast-hfb-above-header-display":"","ast-hfb-below-header-display":"","ast-hfb-mobile-header-display":"","site-post-title":"","ast-breadcrumbs-content":"","ast-featured-img":"","footer-sml-layout":"","theme-transparent-header-meta":"","adv-header-id-meta":"","stick-header-meta":"","header-above-stick-meta":"","header-main-stick-meta":"","header-below-stick-meta":"","astra-migrate-meta-layouts":"default","ast-page-background-enabled":"default","ast-page-background-meta":{"desktop":{"background-color":"var(--ast-global-color-5)","background-image":"","background-repeat":"repeat","background-position":"center center","background-size":"auto","background-attachment":"scroll","background-type":"","background-media":"","overlay-type":"","overlay-color":"","overlay-opacity":"","overlay-gradient":""},"tablet":{"background-color":"","background-image":"","background-repeat":"repeat","background-position":"center center","background-size":"auto","background-attachment":"scroll","background-type":"","background-media":"","overlay-type":"","overlay-color":"","overlay-opacity":"","overlay-gradient":""},"mobile":{"background-color":"","background-image":"","background-repeat":"repeat","background-position":"center center","background-size":"auto","background-attachment":"scroll","background-type":"","background-media":"","overlay-type":"","overlay-color":"","overlay-opacity":"","overlay-gradient":""}},"ast-content-background-meta":{"desktop":{"background-color":"var(--ast-global-color-4)","background-image":"","background-repeat":"repeat","background-position":"center center","background-size":"auto","background-attachment":"scroll","background-type":"","background-media":"","overlay-type":"","overlay-color":"","overlay-opacity":"","overlay-gradient":""},"tablet":{"background-color":"var(--ast-global-color-4)","background-image":"","background-repeat":"repeat","background-position":"center center","background-size":"auto","background-attachment":"scroll","background-type":"","background-media":"","overlay-type":"","overlay-color":"","overlay-opacity":"","overlay-gradient":""},"mobile":{"background-color":"var(--ast-global-color-4)","background-image":"","background-repeat":"repeat","background-position":"center center","background-size":"auto","background-attachment":"scroll","background-type":"","background-media":"","overlay-type":"","overlay-color":"","overlay-opacity":"","overlay-gradient":""}},"footnotes":""},"categories":[1820],"tags":[],"class_list":["post-385864","page","type-page","status-publish","has-post-thumbnail","hentry","category-galeria-exhibits"],"yoast_head":"<!-- This site is optimized with the Yoast SEO Premium plugin v27.4 (Yoast SEO v27.4) - https:\/\/yoast.com\/product\/yoast-seo-premium-wordpress\/ -->\n<title>WWII in Miami Beach - City of Miami Beach<\/title>\n<meta name=\"description\" content=\"The mission of Galeria Ocean Drive is to celebrate Miami Beach&#039;s rich history, art, culture and architecture, fostering a deeper appreciation of the city&#039;s unique heritage.\" \/>\n<meta name=\"robots\" content=\"index, follow, max-snippet:-1, max-image-preview:large, max-video-preview:-1\" \/>\n<link rel=\"canonical\" href=\"https:\/\/www.miamibeachfl.gov\/fr\/galeria\/ww2-in-miami-beach\/\" \/>\n<meta property=\"og:locale\" content=\"fr_FR\" \/>\n<meta property=\"og:type\" content=\"article\" \/>\n<meta property=\"og:title\" content=\"WWII in Miami Beach\" \/>\n<meta property=\"og:description\" content=\"The mission of Galeria Ocean Drive is to celebrate Miami Beach&#039;s rich history, art, culture and architecture, fostering a deeper appreciation of the city&#039;s unique heritage.\" \/>\n<meta property=\"og:url\" content=\"https:\/\/www.miamibeachfl.gov\/fr\/galeria\/ww2-in-miami-beach\/\" \/>\n<meta property=\"og:site_name\" content=\"City of Miami Beach\" \/>\n<meta property=\"article:publisher\" content=\"https:\/\/www.facebook.com\/cityofmiamibeach\" \/>\n<meta property=\"article:modified_time\" content=\"2025-12-31T20:31:54+00:00\" \/>\n<meta property=\"og:image\" content=\"https:\/\/www.miamibeachfl.gov\/wp-content\/uploads\/2025\/07\/BannerWWII_June.png\" \/>\n\t<meta property=\"og:image:width\" content=\"1222\" \/>\n\t<meta property=\"og:image:height\" content=\"594\" \/>\n\t<meta property=\"og:image:type\" content=\"image\/png\" \/>\n<meta name=\"twitter:card\" content=\"summary_large_image\" \/>\n<meta name=\"twitter:site\" content=\"@Miamibeachnews\" \/>\n<script type=\"application\/ld+json\" class=\"yoast-schema-graph\">{\"@context\":\"https:\\\/\\\/schema.org\",\"@graph\":[{\"@type\":\"WebPage\",\"@id\":\"https:\\\/\\\/www.miamibeachfl.gov\\\/galeria\\\/ww2-in-miami-beach\\\/\",\"url\":\"https:\\\/\\\/www.miamibeachfl.gov\\\/galeria\\\/ww2-in-miami-beach\\\/\",\"name\":\"WWII in Miami Beach - City of Miami Beach\",\"isPartOf\":{\"@id\":\"https:\\\/\\\/www.miamibeachfl.gov\\\/#website\"},\"primaryImageOfPage\":{\"@id\":\"https:\\\/\\\/www.miamibeachfl.gov\\\/galeria\\\/ww2-in-miami-beach\\\/#primaryimage\"},\"image\":{\"@id\":\"https:\\\/\\\/www.miamibeachfl.gov\\\/galeria\\\/ww2-in-miami-beach\\\/#primaryimage\"},\"thumbnailUrl\":\"https:\\\/\\\/www.miamibeachfl.gov\\\/wp-content\\\/uploads\\\/2025\\\/07\\\/BannerWWII_June.png\",\"datePublished\":\"2025-07-03T18:57:11+00:00\",\"dateModified\":\"2025-12-31T20:31:54+00:00\",\"description\":\"The mission of Galeria Ocean Drive is to celebrate Miami Beach's rich history, art, culture and architecture, fostering a deeper appreciation of the city's unique heritage.\",\"breadcrumb\":{\"@id\":\"https:\\\/\\\/www.miamibeachfl.gov\\\/galeria\\\/ww2-in-miami-beach\\\/#breadcrumb\"},\"inLanguage\":\"fr-FR\",\"potentialAction\":[{\"@type\":\"ReadAction\",\"target\":[\"https:\\\/\\\/www.miamibeachfl.gov\\\/galeria\\\/ww2-in-miami-beach\\\/\"]}]},{\"@type\":\"ImageObject\",\"inLanguage\":\"fr-FR\",\"@id\":\"https:\\\/\\\/www.miamibeachfl.gov\\\/galeria\\\/ww2-in-miami-beach\\\/#primaryimage\",\"url\":\"https:\\\/\\\/www.miamibeachfl.gov\\\/wp-content\\\/uploads\\\/2025\\\/07\\\/BannerWWII_June.png\",\"contentUrl\":\"https:\\\/\\\/www.miamibeachfl.gov\\\/wp-content\\\/uploads\\\/2025\\\/07\\\/BannerWWII_June.png\",\"width\":1222,\"height\":594,\"caption\":\"ww2 banner\"},{\"@type\":\"BreadcrumbList\",\"@id\":\"https:\\\/\\\/www.miamibeachfl.gov\\\/galeria\\\/ww2-in-miami-beach\\\/#breadcrumb\",\"itemListElement\":[{\"@type\":\"ListItem\",\"position\":1,\"name\":\"Home\",\"item\":\"https:\\\/\\\/www.miamibeachfl.gov\\\/\"},{\"@type\":\"ListItem\",\"position\":2,\"name\":\"Galeria\",\"item\":\"https:\\\/\\\/www.miamibeachfl.gov\\\/galeria\\\/\"},{\"@type\":\"ListItem\",\"position\":3,\"name\":\"WWII in Miami Beach\"}]},{\"@type\":\"WebSite\",\"@id\":\"https:\\\/\\\/www.miamibeachfl.gov\\\/#website\",\"url\":\"https:\\\/\\\/www.miamibeachfl.gov\\\/\",\"name\":\"City of Miami Beach\",\"description\":\"The official website of the City of Miami Beach. Stay informed, find important information on city services, news, alerts, events, trolley routes, government employment and more.\",\"publisher\":{\"@id\":\"https:\\\/\\\/www.miamibeachfl.gov\\\/#organization\"},\"potentialAction\":[{\"@type\":\"SearchAction\",\"target\":{\"@type\":\"EntryPoint\",\"urlTemplate\":\"https:\\\/\\\/www.miamibeachfl.gov\\\/?s={search_term_string}\"},\"query-input\":{\"@type\":\"PropertyValueSpecification\",\"valueRequired\":true,\"valueName\":\"search_term_string\"}}],\"inLanguage\":\"fr-FR\"},{\"@type\":\"Organization\",\"@id\":\"https:\\\/\\\/www.miamibeachfl.gov\\\/#organization\",\"name\":\"City of Miami Beach\",\"url\":\"https:\\\/\\\/www.miamibeachfl.gov\\\/\",\"logo\":{\"@type\":\"ImageObject\",\"inLanguage\":\"fr-FR\",\"@id\":\"https:\\\/\\\/www.miamibeachfl.gov\\\/#\\\/schema\\\/logo\\\/image\\\/\",\"url\":\"https:\\\/\\\/www.miamibeachfl.gov\\\/wp-content\\\/uploads\\\/2022\\\/06\\\/miamibeach-logoblue.png\",\"contentUrl\":\"https:\\\/\\\/www.miamibeachfl.gov\\\/wp-content\\\/uploads\\\/2022\\\/06\\\/miamibeach-logoblue.png\",\"width\":1962,\"height\":381,\"caption\":\"City of Miami Beach\"},\"image\":{\"@id\":\"https:\\\/\\\/www.miamibeachfl.gov\\\/#\\\/schema\\\/logo\\\/image\\\/\"},\"sameAs\":[\"https:\\\/\\\/www.facebook.com\\\/cityofmiamibeach\",\"https:\\\/\\\/x.com\\\/Miamibeachnews\",\"https:\\\/\\\/www.instagram.com\\\/miamibeachnews\\\/\"],\"description\":\"The official website of the City of Miami Beach. Stay informed, find important information on city services, news, alerts, events, trolley routes, government employment and more.\",\"telephone\":\"305.604.CITY(2489)\",\"legalName\":\"City of Miami Beach\"}]}<\/script>\n<!-- \/ Yoast SEO Premium plugin. -->","yoast_head_json":{"title":"La Seconde Guerre mondiale \u00e0 Miami Beach - Ville de Miami Beach","description":"La mission de Galeria Ocean Drive est de c\u00e9l\u00e9brer la riche histoire, l&#039;art, la culture et l&#039;architecture de Miami Beach, favorisant une appr\u00e9ciation plus profonde du patrimoine unique de la ville.","robots":{"index":"index","follow":"follow","max-snippet":"max-snippet:-1","max-image-preview":"max-image-preview:large","max-video-preview":"max-video-preview:-1"},"canonical":"https:\/\/www.miamibeachfl.gov\/fr\/galeria\/ww2-in-miami-beach\/","og_locale":"fr_FR","og_type":"article","og_title":"WWII in Miami Beach","og_description":"The mission of Galeria Ocean Drive is to celebrate Miami Beach's rich history, art, culture and architecture, fostering a deeper appreciation of the city's unique heritage.","og_url":"https:\/\/www.miamibeachfl.gov\/fr\/galeria\/ww2-in-miami-beach\/","og_site_name":"City of Miami Beach","article_publisher":"https:\/\/www.facebook.com\/cityofmiamibeach","article_modified_time":"2025-12-31T20:31:54+00:00","og_image":[{"width":1222,"height":594,"url":"https:\/\/www.miamibeachfl.gov\/wp-content\/uploads\/2025\/07\/BannerWWII_June.png","type":"image\/png"}],"twitter_card":"summary_large_image","twitter_site":"@Miamibeachnews","schema":{"@context":"https:\/\/schema.org","@graph":[{"@type":"WebPage","@id":"https:\/\/www.miamibeachfl.gov\/galeria\/ww2-in-miami-beach\/","url":"https:\/\/www.miamibeachfl.gov\/galeria\/ww2-in-miami-beach\/","name":"La Seconde Guerre mondiale \u00e0 Miami Beach - Ville de Miami Beach","isPartOf":{"@id":"https:\/\/www.miamibeachfl.gov\/#website"},"primaryImageOfPage":{"@id":"https:\/\/www.miamibeachfl.gov\/galeria\/ww2-in-miami-beach\/#primaryimage"},"image":{"@id":"https:\/\/www.miamibeachfl.gov\/galeria\/ww2-in-miami-beach\/#primaryimage"},"thumbnailUrl":"https:\/\/www.miamibeachfl.gov\/wp-content\/uploads\/2025\/07\/BannerWWII_June.png","datePublished":"2025-07-03T18:57:11+00:00","dateModified":"2025-12-31T20:31:54+00:00","description":"La mission de Galeria Ocean Drive est de c\u00e9l\u00e9brer la riche histoire, l&#039;art, la culture et l&#039;architecture de Miami Beach, favorisant une appr\u00e9ciation plus profonde du patrimoine unique de la ville.","breadcrumb":{"@id":"https:\/\/www.miamibeachfl.gov\/galeria\/ww2-in-miami-beach\/#breadcrumb"},"inLanguage":"fr-FR","potentialAction":[{"@type":"ReadAction","target":["https:\/\/www.miamibeachfl.gov\/galeria\/ww2-in-miami-beach\/"]}]},{"@type":"ImageObject","inLanguage":"fr-FR","@id":"https:\/\/www.miamibeachfl.gov\/galeria\/ww2-in-miami-beach\/#primaryimage","url":"https:\/\/www.miamibeachfl.gov\/wp-content\/uploads\/2025\/07\/BannerWWII_June.png","contentUrl":"https:\/\/www.miamibeachfl.gov\/wp-content\/uploads\/2025\/07\/BannerWWII_June.png","width":1222,"height":594,"caption":"ww2 banner"},{"@type":"BreadcrumbList","@id":"https:\/\/www.miamibeachfl.gov\/galeria\/ww2-in-miami-beach\/#breadcrumb","itemListElement":[{"@type":"ListItem","position":1,"name":"Home","item":"https:\/\/www.miamibeachfl.gov\/"},{"@type":"ListItem","position":2,"name":"Galeria","item":"https:\/\/www.miamibeachfl.gov\/galeria\/"},{"@type":"ListItem","position":3,"name":"WWII in Miami Beach"}]},{"@type":"WebSite","@id":"https:\/\/www.miamibeachfl.gov\/#website","url":"https:\/\/www.miamibeachfl.gov\/","name":"Ville de Miami Beach","description":"Site officiel de la ville de Miami Beach. Restez inform\u00e9 et trouvez des informations importantes sur les services municipaux, les actualit\u00e9s, les alertes, les \u00e9v\u00e9nements, les itin\u00e9raires de tramway, les emplois gouvernementaux et bien plus encore.","publisher":{"@id":"https:\/\/www.miamibeachfl.gov\/#organization"},"potentialAction":[{"@type":"SearchAction","target":{"@type":"EntryPoint","urlTemplate":"https:\/\/www.miamibeachfl.gov\/?s={search_term_string}"},"query-input":{"@type":"PropertyValueSpecification","valueRequired":true,"valueName":"search_term_string"}}],"inLanguage":"fr-FR"},{"@type":"Organization","@id":"https:\/\/www.miamibeachfl.gov\/#organization","name":"Ville de Miami Beach","url":"https:\/\/www.miamibeachfl.gov\/","logo":{"@type":"ImageObject","inLanguage":"fr-FR","@id":"https:\/\/www.miamibeachfl.gov\/#\/schema\/logo\/image\/","url":"https:\/\/www.miamibeachfl.gov\/wp-content\/uploads\/2022\/06\/miamibeach-logoblue.png","contentUrl":"https:\/\/www.miamibeachfl.gov\/wp-content\/uploads\/2022\/06\/miamibeach-logoblue.png","width":1962,"height":381,"caption":"City of Miami Beach"},"image":{"@id":"https:\/\/www.miamibeachfl.gov\/#\/schema\/logo\/image\/"},"sameAs":["https:\/\/www.facebook.com\/cityofmiamibeach","https:\/\/x.com\/Miamibeachnews","https:\/\/www.instagram.com\/miamibeachnews\/"],"description":"Site officiel de la ville de Miami Beach. Restez inform\u00e9 et trouvez des informations importantes sur les services municipaux, les actualit\u00e9s, les alertes, les \u00e9v\u00e9nements, les itin\u00e9raires de tramway, les emplois gouvernementaux et bien plus encore.","telephone":"305.604.CITY(2489)","legalName":"City of Miami Beach"}]}},"_links":{"self":[{"href":"https:\/\/www.miamibeachfl.gov\/fr\/wp-json\/wp\/v2\/pages\/385864","targetHints":{"allow":["GET"]}}],"collection":[{"href":"https:\/\/www.miamibeachfl.gov\/fr\/wp-json\/wp\/v2\/pages"}],"about":[{"href":"https:\/\/www.miamibeachfl.gov\/fr\/wp-json\/wp\/v2\/types\/page"}],"author":[{"embeddable":true,"href":"https:\/\/www.miamibeachfl.gov\/fr\/wp-json\/wp\/v2\/users\/222"}],"replies":[{"embeddable":true,"href":"https:\/\/www.miamibeachfl.gov\/fr\/wp-json\/wp\/v2\/comments?post=385864"}],"version-history":[{"count":11,"href":"https:\/\/www.miamibeachfl.gov\/fr\/wp-json\/wp\/v2\/pages\/385864\/revisions"}],"predecessor-version":[{"id":394215,"href":"https:\/\/www.miamibeachfl.gov\/fr\/wp-json\/wp\/v2\/pages\/385864\/revisions\/394215"}],"up":[{"embeddable":true,"href":"https:\/\/www.miamibeachfl.gov\/fr\/wp-json\/wp\/v2\/pages\/340592"}],"wp:featuredmedia":[{"embeddable":true,"href":"https:\/\/www.miamibeachfl.gov\/fr\/wp-json\/wp\/v2\/media\/386050"}],"wp:attachment":[{"href":"https:\/\/www.miamibeachfl.gov\/fr\/wp-json\/wp\/v2\/media?parent=385864"}],"wp:term":[{"taxonomy":"category","embeddable":true,"href":"https:\/\/www.miamibeachfl.gov\/fr\/wp-json\/wp\/v2\/categories?post=385864"},{"taxonomy":"post_tag","embeddable":true,"href":"https:\/\/www.miamibeachfl.gov\/fr\/wp-json\/wp\/v2\/tags?post=385864"}],"curies":[{"name":"wp","href":"https:\/\/api.w.org\/{rel}","templated":true}]}}