{"id":38617,"date":"2017-10-19T12:20:20","date_gmt":"2017-10-19T16:20:20","guid":{"rendered":"http:\/\/www.miamibeachfl.gov\/city-hall\/procurement\/vendor-campaign-contributions\/"},"modified":"2025-05-28T16:53:08","modified_gmt":"2025-05-28T20:53:08","slug":"vendor-campaign-contributions","status":"publish","type":"page","link":"https:\/\/www.miamibeachfl.gov\/fr\/city-hall\/procurement\/vendor-campaign-contributions\/","title":{"rendered":"Contributions des fournisseurs \u00e0 la campagne"},"content":{"rendered":"<img decoding=\"async\" src=\"https:\/\/www.miamibeachfl.gov\/wp-content\/uploads\/2022\/07\/hero-small.jpg\" alt=\"ocean drive art deco buildings\" itemprop=\"image\" title=\"petit h\u00e9ros\" onerror=\"this.style.display='none'\" loading='lazy' \/>\n<h1>\n\t\t\tContributions des fournisseurs \u00e0 la campagne\t<\/h1>\n\t<nav id=\"breadcrumbs\" aria-label=\"Fil d&#039;Ariane\"><a href=\"https:\/\/www.miamibeachfl.gov\/fr\/\">Maison<\/a> &gt; <a href=\"https:\/\/www.miamibeachfl.gov\/fr\/city-hall\/\">l&#039;h\u00f4tel de ville<\/a> &gt; <a href=\"https:\/\/www.miamibeachfl.gov\/fr\/city-hall\/procurement\/\">Approvisionnement<\/a> &gt; <strong>Contributions des fournisseurs \u00e0 la campagne<\/strong><\/nav>\n\t<h3><b>AVIS \u00c0 TOUS LES SOUMISSIONNAIRES, FOURNISSEURS, CONSULTANTS ET ENTREPRENEURS CONCERNANT LES CONTRIBUTIONS \u00c0 LA CAMPAGNE :<\/b><\/h3>\n<p>Il est interdit \u00e0 toute personne fournissant des services \u00e0 la Ville de verser une contribution de campagne, directement, par l&#039;interm\u00e9diaire d&#039;un membre de sa famille imm\u00e9diate, d&#039;un comit\u00e9 d&#039;action politique ou de toute autre personne, \u00e0 un candidat ou \u00e0 son comit\u00e9 de campagne pour les postes de maire ou de commissaire. Tous les contrats propos\u00e9s par la Ville, ainsi que les demandes de propositions (DP), les demandes de qualifications (RFQ), les demandes de lettres d&#039;int\u00e9r\u00eat (RFLI) et les appels d&#039;offres \u00e9mis par la Ville, doivent int\u00e9grer la pr\u00e9sente ordonnance afin d&#039;informer les fournisseurs potentiels de l&#039;interdiction qui y est \u00e9nonc\u00e9e.<\/p>\n<p>Aucun candidat ni comit\u00e9 de campagne d&#039;un candidat aux postes de maire ou de commissaire ne doit solliciter ni recevoir de contribution de campagne, directement ou indirectement, sur son compte de campagne, de la part d&#039;un fournisseur de la Ville, ou par l&#039;interm\u00e9diaire d&#039;un membre de sa famille proche, ou par l&#039;interm\u00e9diaire d&#039;un comit\u00e9 d&#039;action politique, ou par toute autre personne agissant en son nom. Cette interdiction s&#039;applique aux personnes physiques et aux personnes d\u00e9tenant une participation financi\u00e8re majoritaire dans des entreprises. Les candidats (ou ceux qui agissent en leur nom) doivent s&#039;assurer du respect de cet article du code en consultant les archives municipales de la Division des achats (y compris le site web de la Ville de Miami Beach) afin de v\u00e9rifier le statut de fournisseur de tout donateur potentiel.<\/p>\n<p>Le Code de la Ville de Miami Beach d\u00e9finit un \u00ab\u00a0fournisseur\u00a0\u00bb comme une personne physique ou morale s\u00e9lectionn\u00e9e par la Ville comme adjudicataire suite \u00e0 un appel d&#039;offres en cours ou en attente pour des biens, des \u00e9quipements ou des services, ou approuv\u00e9e par la Ville suite \u00e0 une attribution en cours ou en attente de biens, d&#039;\u00e9quipements ou de services avant ou au moment de la signature d&#039;un contrat, d&#039;un bon de commande, d&#039;un ordre permanent, d&#039;un paiement direct ou d&#039;un paiement par carte. Le terme \u00ab\u00a0fournisseur\u00a0\u00bb n&#039;inclut pas les personnes physiques ou morales fournissant des biens, des \u00e9quipements ou des services d&#039;un montant n&#039;exc\u00e9dant pas 10\u00a0000,00\u00a0\u00a3 au cours d&#039;un exercice financier de la Ville de Miami Beach, pour lequel aucune action de la commission municipale n&#039;est requise. Le terme \u00ab\u00a0fournisseur\u00a0\u00bb d\u00e9signe les personnes physiques ou morales d\u00e9tenant une participation majoritaire dans une entit\u00e9 vendeuse. Le terme \u00ab\u00a0participation majoritaire\u00a0\u00bb d\u00e9signe la d\u00e9tention, directe ou indirecte, de dix pour cent ou plus du capital social en circulation d&#039;une soci\u00e9t\u00e9, ou une participation directe ou indirecte de dix pour cent ou plus dans une entreprise. Le terme \u00ab\u00a0entreprise\u00a0\u00bb d\u00e9signe une soci\u00e9t\u00e9, une soci\u00e9t\u00e9 de personnes, une fiducie commerciale ou toute autre personne morale autre qu&#039;une personne physique. Le statut de \u00ab fournisseur \u00bb prend fin \u00e0 l\u2019issue du contrat de fourniture de biens, d\u2019\u00e9quipements ou de services.<\/p>\n<ul>\n<li><b>\u00a0<\/b><a title=\"Code de la division 5\u00a0: R\u00e9forme du financement des campagnes \u00e9lectorales\" href=\"\/wp-content\/uploads\/2017\/10\/Miami-Beach-Code-Division-5.pdf\"><b>Pour consulter le Code de la ville de Miami Beach, Division 5 \u2013 R\u00e9forme du financement des campagnes dans son int\u00e9gralit\u00e9, cliquez ici.<\/b><\/a><b><br \/>\n<\/b><\/li>\n<li><a href=\"http:\/\/www.miamibeachfl.gov\/wp-content\/uploads\/2017\/11\/Prohibited-Campaign-Contributions-11-27-2017.pdf\"><b>Pour consulter la liste actuelle des fournisseurs interdits de faire des contributions \u00e0 la campagne, cliquez ici.<\/b><\/a><\/li>\n<\/ul>\n<b>P\u00e9nalit\u00e9s :<\/b><br \/>\nUne amende pouvant aller jusqu&#039;\u00e0 $500,00 sera inflig\u00e9e \u00e0 toute personne contrevenant \u00e0 cette interdiction. Chaque acte de sollicitation, de don ou de r\u00e9ception de contribution en violation de ce paragraphe constitue une infraction distincte. Toutes les contributions re\u00e7ues et d\u00e9pos\u00e9es par un candidat en violation de ce paragraphe seront confisqu\u00e9es au profit du fonds g\u00e9n\u00e9ral de la Ville. Toute personne ou entit\u00e9 qui, directement ou par l&#039;interm\u00e9diaire d&#039;un membre de sa famille proche, d&#039;un comit\u00e9 d&#039;action politique ou de toute autre personne, apporte une contribution indirecte \u00e0 un candidat \u00e9lu au poste de maire ou de commissaire sera disqualifi\u00e9e de toute activit\u00e9 commerciale en tant que fournisseur de la Ville pendant une p\u00e9riode de 12 mois suivant l&#039;assermentation de l&#039;\u00e9lu concern\u00e9. Acc\u00e9der \u00e0\u2026\t\t\t\n\t\t\t\t\t<ul id=\"menu-procurement-main-menu\"><li id=\"menu-item-363357\"><a href=\"\/fr\/city-hall\/procurement\/bid-opportunities\/\">Opportunit\u00e9s d&#039;appel d&#039;offres<\/a><\/li>\n<li id=\"menu-item-363358\"><a href=\"\/fr\/city-hall\/procurement\/contact-procurement\/\">Contactez-nous<\/a><\/li>\n<li id=\"menu-item-363359\"><a href=\"\/fr\/city-hall\/procurement\/how-to-become-a-vendor\/\">Comment devenir vendeur ?<\/a><\/li>\n<li id=\"menu-item-363360\"><a href=\"\/fr\/city-hall\/procurement\/kristy-bada-bio\/\">Biographie de Kristy Bada<\/a><\/li>\n<li id=\"menu-item-363361\"><a href=\"\/fr\/city-hall\/procurement\/procurement-related-ordinance-and-procedures\/\">Politiques et proc\u00e9dures relatives aux achats<\/a><\/li>\n<li id=\"menu-item-363362\"><a href=\"\/fr\/city-hall\/procurement\/standard-terms-and-conditions\/\">Conditions g\u00e9n\u00e9rales standard<\/a><\/li>\n<\/ul>\t\n\t<div class=\"page-navigation\"><a class=\"prev-page\" href=\"https:\/\/www.miamibeachfl.gov\/fr\/city-hall\/communications\/\">\u2190 Marketing et communication<\/a> <a class=\"next-page\" href=\"https:\/\/www.miamibeachfl.gov\/fr\/city-hall\/transportation\/bicycle-and-pedestrians\/\">Pi\u00e9tons et v\u00e9los \u2192<\/a><\/div>","protected":false},"excerpt":{"rendered":"<p>Vendor Campaign Contributions Home &gt; City Hall &gt; Procurement &gt; Vendor Campaign Contributions NOTICE TO ALL BIDDERS, VENDORS, CONSULTANTS, AND [&hellip;]<\/p>\n","protected":false},"author":222,"featured_media":0,"parent":28912,"menu_order":250,"comment_status":"closed","ping_status":"closed","template":"","meta":{"_searchwp_excluded":"","site-sidebar-layout":"default","site-content-layout":"","ast-site-content-layout":"default","site-content-style":"default","site-sidebar-style":"default","ast-global-header-display":"","ast-banner-title-visibility":"","ast-main-header-display":"","ast-hfb-above-header-display":"","ast-hfb-below-header-display":"","ast-hfb-mobile-header-display":"","site-post-title":"","ast-breadcrumbs-content":"","ast-featured-img":"","footer-sml-layout":"","theme-transparent-header-meta":"","adv-header-id-meta":"","stick-header-meta":"","header-above-stick-meta":"","header-main-stick-meta":"","header-below-stick-meta":"","astra-migrate-meta-layouts":"default","ast-page-background-enabled":"default","ast-page-background-meta":{"desktop":{"background-color":"var(--ast-global-color-5)","background-image":"","background-repeat":"repeat","background-position":"center center","background-size":"auto","background-attachment":"scroll","background-type":"","background-media":"","overlay-type":"","overlay-color":"","overlay-opacity":"","overlay-gradient":""},"tablet":{"background-color":"","background-image":"","background-repeat":"repeat","background-position":"center center","background-size":"auto","background-attachment":"scroll","background-type":"","background-media":"","overlay-type":"","overlay-color":"","overlay-opacity":"","overlay-gradient":""},"mobile":{"background-color":"","background-image":"","background-repeat":"repeat","background-position":"center center","background-size":"auto","background-attachment":"scroll","background-type":"","background-media":"","overlay-type":"","overlay-color":"","overlay-opacity":"","overlay-gradient":""}},"ast-content-background-meta":{"desktop":{"background-color":"var(--ast-global-color-4)","background-image":"","background-repeat":"repeat","background-position":"center center","background-size":"auto","background-attachment":"scroll","background-type":"","background-media":"","overlay-type":"","overlay-color":"","overlay-opacity":"","overlay-gradient":""},"tablet":{"background-color":"var(--ast-global-color-4)","background-image":"","background-repeat":"repeat","background-position":"center center","background-size":"auto","background-attachment":"scroll","background-type":"","background-media":"","overlay-type":"","overlay-color":"","overlay-opacity":"","overlay-gradient":""},"mobile":{"background-color":"var(--ast-global-color-4)","background-image":"","background-repeat":"repeat","background-position":"center center","background-size":"auto","background-attachment":"scroll","background-type":"","background-media":"","overlay-type":"","overlay-color":"","overlay-opacity":"","overlay-gradient":""}},"footnotes":""},"categories":[],"tags":[155,154,153,156,136,152],"class_list":["post-38617","page","type-page","status-publish","hentry","tag-campaign","tag-consultants","tag-contractors","tag-contributions","tag-procurement","tag-vendors"],"yoast_head":"<!-- This site is optimized with the Yoast SEO Premium plugin v27.4 (Yoast SEO v27.4) - https:\/\/yoast.com\/product\/yoast-seo-premium-wordpress\/ -->\n<title>Vendor Campaign Contributions - City of Miami Beach<\/title>\n<meta name=\"description\" content=\"%\" \/>\n<meta name=\"robots\" content=\"index, follow, max-snippet:-1, max-image-preview:large, max-video-preview:-1\" \/>\n<link rel=\"canonical\" href=\"https:\/\/www.miamibeachfl.gov\/fr\/city-hall\/procurement\/vendor-campaign-contributions\/\" \/>\n<meta property=\"og:locale\" content=\"fr_FR\" \/>\n<meta property=\"og:type\" content=\"article\" \/>\n<meta property=\"og:title\" content=\"Vendor Campaign Contributions\" \/>\n<meta property=\"og:description\" content=\"%\" \/>\n<meta property=\"og:url\" content=\"https:\/\/www.miamibeachfl.gov\/fr\/city-hall\/procurement\/vendor-campaign-contributions\/\" \/>\n<meta property=\"og:site_name\" content=\"City of Miami Beach\" \/>\n<meta property=\"article:publisher\" content=\"https:\/\/www.facebook.com\/cityofmiamibeach\" \/>\n<meta property=\"article:modified_time\" content=\"2025-05-28T20:53:08+00:00\" \/>\n<meta property=\"og:image\" content=\"https:\/\/www.miamibeachfl.gov\/wp-content\/uploads\/2022\/07\/hero-small.jpg\" \/>\n<meta name=\"twitter:card\" content=\"summary_large_image\" \/>\n<meta name=\"twitter:site\" content=\"@Miamibeachnews\" \/>\n<script type=\"application\/ld+json\" class=\"yoast-schema-graph\">{\"@context\":\"https:\\\/\\\/schema.org\",\"@graph\":[{\"@type\":\"WebPage\",\"@id\":\"https:\\\/\\\/www.miamibeachfl.gov\\\/city-hall\\\/procurement\\\/vendor-campaign-contributions\\\/\",\"url\":\"https:\\\/\\\/www.miamibeachfl.gov\\\/city-hall\\\/procurement\\\/vendor-campaign-contributions\\\/\",\"name\":\"Vendor Campaign Contributions - City of Miami Beach\",\"isPartOf\":{\"@id\":\"https:\\\/\\\/www.miamibeachfl.gov\\\/#website\"},\"primaryImageOfPage\":{\"@id\":\"https:\\\/\\\/www.miamibeachfl.gov\\\/city-hall\\\/procurement\\\/vendor-campaign-contributions\\\/#primaryimage\"},\"image\":{\"@id\":\"https:\\\/\\\/www.miamibeachfl.gov\\\/city-hall\\\/procurement\\\/vendor-campaign-contributions\\\/#primaryimage\"},\"thumbnailUrl\":\"https:\\\/\\\/www.miamibeachfl.gov\\\/wp-content\\\/uploads\\\/2022\\\/07\\\/hero-small.jpg\",\"datePublished\":\"2017-10-19T16:20:20+00:00\",\"dateModified\":\"2025-05-28T20:53:08+00:00\",\"description\":\"%\",\"breadcrumb\":{\"@id\":\"https:\\\/\\\/www.miamibeachfl.gov\\\/city-hall\\\/procurement\\\/vendor-campaign-contributions\\\/#breadcrumb\"},\"inLanguage\":\"fr-FR\",\"potentialAction\":[{\"@type\":\"ReadAction\",\"target\":[\"https:\\\/\\\/www.miamibeachfl.gov\\\/city-hall\\\/procurement\\\/vendor-campaign-contributions\\\/\"]}]},{\"@type\":\"ImageObject\",\"inLanguage\":\"fr-FR\",\"@id\":\"https:\\\/\\\/www.miamibeachfl.gov\\\/city-hall\\\/procurement\\\/vendor-campaign-contributions\\\/#primaryimage\",\"url\":\"https:\\\/\\\/www.miamibeachfl.gov\\\/wp-content\\\/uploads\\\/2022\\\/07\\\/hero-small.jpg\",\"contentUrl\":\"https:\\\/\\\/www.miamibeachfl.gov\\\/wp-content\\\/uploads\\\/2022\\\/07\\\/hero-small.jpg\"},{\"@type\":\"BreadcrumbList\",\"@id\":\"https:\\\/\\\/www.miamibeachfl.gov\\\/city-hall\\\/procurement\\\/vendor-campaign-contributions\\\/#breadcrumb\",\"itemListElement\":[{\"@type\":\"ListItem\",\"position\":1,\"name\":\"Home\",\"item\":\"https:\\\/\\\/www.miamibeachfl.gov\\\/\"},{\"@type\":\"ListItem\",\"position\":2,\"name\":\"City Hall\",\"item\":\"https:\\\/\\\/www.miamibeachfl.gov\\\/city-hall\\\/\"},{\"@type\":\"ListItem\",\"position\":3,\"name\":\"Procurement\",\"item\":\"https:\\\/\\\/www.miamibeachfl.gov\\\/city-hall\\\/procurement\\\/\"},{\"@type\":\"ListItem\",\"position\":4,\"name\":\"Vendor Campaign Contributions\"}]},{\"@type\":\"WebSite\",\"@id\":\"https:\\\/\\\/www.miamibeachfl.gov\\\/#website\",\"url\":\"https:\\\/\\\/www.miamibeachfl.gov\\\/\",\"name\":\"City of Miami Beach\",\"description\":\"The official website of the City of Miami Beach. Stay informed, find important information on city services, news, alerts, events, trolley routes, government employment and more.\",\"publisher\":{\"@id\":\"https:\\\/\\\/www.miamibeachfl.gov\\\/#organization\"},\"potentialAction\":[{\"@type\":\"SearchAction\",\"target\":{\"@type\":\"EntryPoint\",\"urlTemplate\":\"https:\\\/\\\/www.miamibeachfl.gov\\\/?s={search_term_string}\"},\"query-input\":{\"@type\":\"PropertyValueSpecification\",\"valueRequired\":true,\"valueName\":\"search_term_string\"}}],\"inLanguage\":\"fr-FR\"},{\"@type\":\"Organization\",\"@id\":\"https:\\\/\\\/www.miamibeachfl.gov\\\/#organization\",\"name\":\"City of Miami Beach\",\"url\":\"https:\\\/\\\/www.miamibeachfl.gov\\\/\",\"logo\":{\"@type\":\"ImageObject\",\"inLanguage\":\"fr-FR\",\"@id\":\"https:\\\/\\\/www.miamibeachfl.gov\\\/#\\\/schema\\\/logo\\\/image\\\/\",\"url\":\"https:\\\/\\\/www.miamibeachfl.gov\\\/wp-content\\\/uploads\\\/2022\\\/06\\\/miamibeach-logoblue.png\",\"contentUrl\":\"https:\\\/\\\/www.miamibeachfl.gov\\\/wp-content\\\/uploads\\\/2022\\\/06\\\/miamibeach-logoblue.png\",\"width\":1962,\"height\":381,\"caption\":\"City of Miami Beach\"},\"image\":{\"@id\":\"https:\\\/\\\/www.miamibeachfl.gov\\\/#\\\/schema\\\/logo\\\/image\\\/\"},\"sameAs\":[\"https:\\\/\\\/www.facebook.com\\\/cityofmiamibeach\",\"https:\\\/\\\/x.com\\\/Miamibeachnews\",\"https:\\\/\\\/www.instagram.com\\\/miamibeachnews\\\/\"],\"description\":\"The official website of the City of Miami Beach. Stay informed, find important information on city services, news, alerts, events, trolley routes, government employment and more.\",\"telephone\":\"305.604.CITY(2489)\",\"legalName\":\"City of Miami Beach\"}]}<\/script>\n<!-- \/ Yoast SEO Premium plugin. -->","yoast_head_json":{"title":"Contributions des fournisseurs \u00e0 la campagne \u2013 Ville de Miami Beach","description":"%","robots":{"index":"index","follow":"follow","max-snippet":"max-snippet:-1","max-image-preview":"max-image-preview:large","max-video-preview":"max-video-preview:-1"},"canonical":"https:\/\/www.miamibeachfl.gov\/fr\/city-hall\/procurement\/vendor-campaign-contributions\/","og_locale":"fr_FR","og_type":"article","og_title":"Vendor Campaign Contributions","og_description":"%","og_url":"https:\/\/www.miamibeachfl.gov\/fr\/city-hall\/procurement\/vendor-campaign-contributions\/","og_site_name":"City of Miami Beach","article_publisher":"https:\/\/www.facebook.com\/cityofmiamibeach","article_modified_time":"2025-05-28T20:53:08+00:00","og_image":[{"url":"https:\/\/www.miamibeachfl.gov\/wp-content\/uploads\/2022\/07\/hero-small.jpg","type":"","width":"","height":""}],"twitter_card":"summary_large_image","twitter_site":"@Miamibeachnews","schema":{"@context":"https:\/\/schema.org","@graph":[{"@type":"WebPage","@id":"https:\/\/www.miamibeachfl.gov\/city-hall\/procurement\/vendor-campaign-contributions\/","url":"https:\/\/www.miamibeachfl.gov\/city-hall\/procurement\/vendor-campaign-contributions\/","name":"Contributions des fournisseurs \u00e0 la campagne \u2013 Ville de Miami Beach","isPartOf":{"@id":"https:\/\/www.miamibeachfl.gov\/#website"},"primaryImageOfPage":{"@id":"https:\/\/www.miamibeachfl.gov\/city-hall\/procurement\/vendor-campaign-contributions\/#primaryimage"},"image":{"@id":"https:\/\/www.miamibeachfl.gov\/city-hall\/procurement\/vendor-campaign-contributions\/#primaryimage"},"thumbnailUrl":"https:\/\/www.miamibeachfl.gov\/wp-content\/uploads\/2022\/07\/hero-small.jpg","datePublished":"2017-10-19T16:20:20+00:00","dateModified":"2025-05-28T20:53:08+00:00","description":"%","breadcrumb":{"@id":"https:\/\/www.miamibeachfl.gov\/city-hall\/procurement\/vendor-campaign-contributions\/#breadcrumb"},"inLanguage":"fr-FR","potentialAction":[{"@type":"ReadAction","target":["https:\/\/www.miamibeachfl.gov\/city-hall\/procurement\/vendor-campaign-contributions\/"]}]},{"@type":"ImageObject","inLanguage":"fr-FR","@id":"https:\/\/www.miamibeachfl.gov\/city-hall\/procurement\/vendor-campaign-contributions\/#primaryimage","url":"https:\/\/www.miamibeachfl.gov\/wp-content\/uploads\/2022\/07\/hero-small.jpg","contentUrl":"https:\/\/www.miamibeachfl.gov\/wp-content\/uploads\/2022\/07\/hero-small.jpg"},{"@type":"BreadcrumbList","@id":"https:\/\/www.miamibeachfl.gov\/city-hall\/procurement\/vendor-campaign-contributions\/#breadcrumb","itemListElement":[{"@type":"ListItem","position":1,"name":"Home","item":"https:\/\/www.miamibeachfl.gov\/"},{"@type":"ListItem","position":2,"name":"City Hall","item":"https:\/\/www.miamibeachfl.gov\/city-hall\/"},{"@type":"ListItem","position":3,"name":"Procurement","item":"https:\/\/www.miamibeachfl.gov\/city-hall\/procurement\/"},{"@type":"ListItem","position":4,"name":"Vendor Campaign Contributions"}]},{"@type":"WebSite","@id":"https:\/\/www.miamibeachfl.gov\/#website","url":"https:\/\/www.miamibeachfl.gov\/","name":"Ville de Miami Beach","description":"Site officiel de la ville de Miami Beach. Restez inform\u00e9 et trouvez des informations importantes sur les services municipaux, les actualit\u00e9s, les alertes, les \u00e9v\u00e9nements, les itin\u00e9raires de tramway, les emplois gouvernementaux et bien plus encore.","publisher":{"@id":"https:\/\/www.miamibeachfl.gov\/#organization"},"potentialAction":[{"@type":"SearchAction","target":{"@type":"EntryPoint","urlTemplate":"https:\/\/www.miamibeachfl.gov\/?s={search_term_string}"},"query-input":{"@type":"PropertyValueSpecification","valueRequired":true,"valueName":"search_term_string"}}],"inLanguage":"fr-FR"},{"@type":"Organization","@id":"https:\/\/www.miamibeachfl.gov\/#organization","name":"Ville de Miami Beach","url":"https:\/\/www.miamibeachfl.gov\/","logo":{"@type":"ImageObject","inLanguage":"fr-FR","@id":"https:\/\/www.miamibeachfl.gov\/#\/schema\/logo\/image\/","url":"https:\/\/www.miamibeachfl.gov\/wp-content\/uploads\/2022\/06\/miamibeach-logoblue.png","contentUrl":"https:\/\/www.miamibeachfl.gov\/wp-content\/uploads\/2022\/06\/miamibeach-logoblue.png","width":1962,"height":381,"caption":"City of Miami Beach"},"image":{"@id":"https:\/\/www.miamibeachfl.gov\/#\/schema\/logo\/image\/"},"sameAs":["https:\/\/www.facebook.com\/cityofmiamibeach","https:\/\/x.com\/Miamibeachnews","https:\/\/www.instagram.com\/miamibeachnews\/"],"description":"Site officiel de la ville de Miami Beach. Restez inform\u00e9 et trouvez des informations importantes sur les services municipaux, les actualit\u00e9s, les alertes, les \u00e9v\u00e9nements, les itin\u00e9raires de tramway, les emplois gouvernementaux et bien plus encore.","telephone":"305.604.CITY(2489)","legalName":"City of Miami Beach"}]}},"_links":{"self":[{"href":"https:\/\/www.miamibeachfl.gov\/fr\/wp-json\/wp\/v2\/pages\/38617","targetHints":{"allow":["GET"]}}],"collection":[{"href":"https:\/\/www.miamibeachfl.gov\/fr\/wp-json\/wp\/v2\/pages"}],"about":[{"href":"https:\/\/www.miamibeachfl.gov\/fr\/wp-json\/wp\/v2\/types\/page"}],"author":[{"embeddable":true,"href":"https:\/\/www.miamibeachfl.gov\/fr\/wp-json\/wp\/v2\/users\/222"}],"replies":[{"embeddable":true,"href":"https:\/\/www.miamibeachfl.gov\/fr\/wp-json\/wp\/v2\/comments?post=38617"}],"version-history":[{"count":1,"href":"https:\/\/www.miamibeachfl.gov\/fr\/wp-json\/wp\/v2\/pages\/38617\/revisions"}],"predecessor-version":[{"id":374565,"href":"https:\/\/www.miamibeachfl.gov\/fr\/wp-json\/wp\/v2\/pages\/38617\/revisions\/374565"}],"up":[{"embeddable":true,"href":"https:\/\/www.miamibeachfl.gov\/fr\/wp-json\/wp\/v2\/pages\/28912"}],"wp:attachment":[{"href":"https:\/\/www.miamibeachfl.gov\/fr\/wp-json\/wp\/v2\/media?parent=38617"}],"wp:term":[{"taxonomy":"category","embeddable":true,"href":"https:\/\/www.miamibeachfl.gov\/fr\/wp-json\/wp\/v2\/categories?post=38617"},{"taxonomy":"post_tag","embeddable":true,"href":"https:\/\/www.miamibeachfl.gov\/fr\/wp-json\/wp\/v2\/tags?post=38617"}],"curies":[{"name":"wp","href":"https:\/\/api.w.org\/{rel}","templated":true}]}}