{"id":386517,"date":"2025-07-11T15:34:12","date_gmt":"2025-07-11T19:34:12","guid":{"rendered":"https:\/\/www.miamibeachfl.gov\/?page_id=386517"},"modified":"2025-09-22T15:03:29","modified_gmt":"2025-09-22T19:03:29","slug":"planning-permitting-faqs","status":"publish","type":"page","link":"https:\/\/www.miamibeachfl.gov\/fr\/city-hall\/planning\/planning-permitting-faqs\/","title":{"rendered":"FAQ sur les permis de construire"},"content":{"rendered":"<nav id=\"breadcrumbs\" aria-label=\"Fil d&#039;Ariane\"><a href=\"https:\/\/www.miamibeachfl.gov\/fr\/\">Maison<\/a> &gt; <a href=\"https:\/\/www.miamibeachfl.gov\/fr\/city-hall\/\">l&#039;h\u00f4tel de ville<\/a> &gt; <a href=\"https:\/\/www.miamibeachfl.gov\/fr\/city-hall\/planning\/\">Planification et zonage<\/a> &gt; <strong>FAQ sur les permis de construire<\/strong><\/nav><h1>\n\t\t\tFAQ sur les permis de construire\t<\/h1>\n\t\t\t\t\t\t<h4>Pourquoi dois-je fournir des informations sur la superficie en pieds carr\u00e9s\u00a0?<\/h4>\n\t\t\t<p>La superficie en pieds carr\u00e9s d\u00e9terminera la r\u00e9glementation appropri\u00e9e en fonction de l&#039;emplacement et de l&#039;usage pr\u00e9vu. Cette mesure est n\u00e9cessaire pour une \u00e9tude compl\u00e8te et efficace de votre permis.<\/p>\n\t\t\t\t\t\t<h4>Pouvez-vous m&#039;aider avec la demande CSS en ligne ?<\/h4>\n\t\t\t<p>Nous pouvons vous aider dans les processus de planification et de zonage et serons en mesure de vous fournir le contact appropri\u00e9 pour vous aider si l&#039;aide d&#039;autres services est requise.<\/p>\n<p>Contactez-nous au <strong><a href=\"tel:3056737550\">305.673.7550<\/a><\/strong> ou\u00a0<strong><a tabindex=\"0\" href=\"mailto:Planninginfo@miamibeachfl.gov\" target=\"_blank\" rel=\"noopener\">Planninginfo@miamibeachfl.gov<\/a>.<\/strong><\/p>\n\t\t\t\t\t\t<h4>Comment puis-je faire examiner mon permis plus rapidement ?<\/h4>\n\t\t\t<p>Un dossier complet et d\u00e9taill\u00e9 permettra \u00e0 l&#039;\u00e9quipe d&#039;examen de disposer de toutes les informations n\u00e9cessaires pour traiter votre demande rapidement et efficacement. Si vous avez des doutes sur les exigences minimales requises, nous avons cr\u00e9\u00e9 des listes de contr\u00f4le pour certains permis. Pour plus d&#039;informations, veuillez contacter notre r\u00e9ception au 305\u00a0673-7550.<\/p>\n\t\t\t\t\t\t<h4>Pourquoi ai-je besoin d\u2019une inspection finale de planification ?<\/h4>\n\t\t\t<p>Les inspections finales garantissent que les am\u00e9liorations construites sont conformes aux plans approuv\u00e9s.<\/p>\n\t\t\t\t\t\t<h4>Comment pouvons-nous am\u00e9liorer le processus de r\u00e9vision des plans ?<\/h4>\n\t\t\t<p>Un dossier complet et d\u00e9taill\u00e9 permettra \u00e0 l&#039;\u00e9quipe d&#039;examen de disposer de toutes les informations n\u00e9cessaires pour traiter votre demande rapidement et efficacement. Si vous avez des doutes sur les exigences minimales requises, nous avons cr\u00e9\u00e9 des listes de contr\u00f4le pour certains permis. Pour plus d&#039;informations, veuillez contacter notre r\u00e9ception au 305\u00a0673-7550.<\/p>\n\t\t\t\t\t\t<h4>Quelles sont les exigences de planification ?<\/h4>\n\t\t\t<p>Une exigence de planification est une information ou une conception qui rend l&#039;am\u00e9lioration ou l&#039;utilisation pr\u00e9vue conforme au r\u00e8glement sur l&#039;am\u00e9nagement du territoire de la ville de Miami Beach.<\/p>\n\t\t\t\t\t\t<h4>Demander si un type particulier de panneau est autoris\u00e9 (banni\u00e8res temporaires, etc.)<\/h4>\n\t\t\t<p>Oui, les enseignes et banni\u00e8res temporaires sont autoris\u00e9es. L&#039;article III, chapitre 6, du r\u00e8glement d&#039;am\u00e9nagement du territoire de la ville de Miami Beach fournit des directives. Veuillez consulter la page web du service d&#039;urbanisme pour acc\u00e9der au r\u00e8glement d&#039;am\u00e9nagement du territoire.<\/p>\n\t\t\t\t\t\t<h4>Pourquoi la planification a-t-elle \u00e9t\u00e9 ajout\u00e9e \u00e0 l\u2019examen du permis, si elle ne concerne que l\u2019\u00e9lectricit\u00e9, la plomberie et la m\u00e9canique ?<\/h4>\n\t\t\t<p>Les am\u00e9liorations concernant l&#039;\u00e9lectricit\u00e9, la plomberie ou les installations m\u00e9caniques peuvent \u00e9galement \u00eatre r\u00e9glement\u00e9es par le r\u00e8glement d&#039;am\u00e9nagement du territoire de la ville de Miami Beach. Un examen d&#039;urbanisme est donc requis.<\/p>\n\t\t\t\t\t\t<h4>Pouvez-vous examiner mon permis tr\u00e8s rapidement ?<\/h4>\n\t\t\t<p>En consid\u00e9ration des autres candidats, les candidatures sont examin\u00e9es dans l\u2019ordre de r\u00e9ception.\u00a0<\/p>\n\t\t\t\t\t\t<h4>Quel est le zonage de ma propri\u00e9t\u00e9?<\/h4>\n\t\t\t<p>Le zonage peut \u00eatre d\u00e9termin\u00e9 en saisissant l&#039;adresse de la propri\u00e9t\u00e9 dans la plateforme des r\u00e8glements d&#039;am\u00e9nagement du territoire de la ville. Veuillez consulter la page web du service d&#039;urbanisme pour acc\u00e9der au r\u00e8glement d&#039;am\u00e9nagement du territoire.<\/p>\n\t\t\t\t\t\t<h4>Que dois-je faire pour ouvrir mon entreprise ?<\/h4>\n\t\t\t<p>Toutes les entreprises souhaitant op\u00e9rer \u00e0 Miami Beach doivent obtenir un certificat d&#039;utilisation du service d&#039;urbanisme et un re\u00e7u de taxe professionnelle du service des finances de la ville. Pour plus d&#039;informations, consultez la page web du service des finances pour acc\u00e9der aux formulaires de demande de BTR.<\/p>\n\t<p>Le service de planification offre des ressources pour <strong><a href=\"https:\/\/www.miamibeachfl.gov\/fr\/city-hall\/planning\/land-use-boards\/\">Demandes d&#039;utilisation du sol<\/a><\/strong>, examens des permis de construire, <strong><a href=\"https:\/\/www.miamibeachfl.gov\/fr\/city-hall\/planning\/planning-document-checklist\/\">listes de contr\u00f4le des documents requis<\/a><\/strong>, <strong><a href=\"https:\/\/www.miamibeachfl.gov\/fr\/city-hall\/planning\/maps-and-guidelines\/\">Zonage<\/a><\/strong> et <strong><a href=\"https:\/\/miamibeach.maps.arcgis.com\/apps\/webappviewer\/index.html?id=c891f52b033c474daa928fa815495f91\">Cartes des quartiers historiques<\/a><\/strong>, <strong><a href=\"https:\/\/www.miamibeachfl.gov\/fr\/city-hall\/planning\/\">et des liens vers l&#039;ordonnance de zonage de la ville et d&#039;autres r\u00e9glementations<\/a><\/strong>; pour plus d&#039;informations, contactez-nous au <strong><a href=\"tel:3056737550\">305.673.7550<\/a><\/strong> ou\u00a0<strong><a tabindex=\"0\" href=\"mailto:Planninginfo@miamibeachfl.gov\" target=\"_blank\" rel=\"noopener\">Planninginfo@miamibeachfl.gov<\/a>.<\/strong><\/p>\n\t<div class=\"page-navigation\"><a class=\"prev-page\" href=\"https:\/\/www.miamibeachfl.gov\/fr\/city-hall\/planning\/certificate-of-use\/\">\u2190 Obtenir un certificat d&#039;utilisation CU<\/a> <a class=\"next-page\" href=\"https:\/\/www.miamibeachfl.gov\/fr\/city-hall\/planning\/directory\/\">R\u00e9pertoire des contacts pour la planification \u2192<\/a><\/div>","protected":false},"excerpt":{"rendered":"<p>Home &gt; City Hall &gt; Planning &#038; Zoning &gt; Planning Permitting FAQs Planning Permitting FAQs Why do I need to [&hellip;]<\/p>\n","protected":false},"author":222,"featured_media":250078,"parent":28864,"menu_order":120,"comment_status":"closed","ping_status":"closed","template":"","meta":{"_searchwp_excluded":"","site-sidebar-layout":"default","site-content-layout":"","ast-site-content-layout":"default","site-content-style":"default","site-sidebar-style":"default","ast-global-header-display":"","ast-banner-title-visibility":"","ast-main-header-display":"","ast-hfb-above-header-display":"","ast-hfb-below-header-display":"","ast-hfb-mobile-header-display":"","site-post-title":"","ast-breadcrumbs-content":"","ast-featured-img":"","footer-sml-layout":"","theme-transparent-header-meta":"","adv-header-id-meta":"","stick-header-meta":"","header-above-stick-meta":"","header-main-stick-meta":"","header-below-stick-meta":"","astra-migrate-meta-layouts":"default","ast-page-background-enabled":"default","ast-page-background-meta":{"desktop":{"background-color":"var(--ast-global-color-5)","background-image":"","background-repeat":"repeat","background-position":"center center","background-size":"auto","background-attachment":"scroll","background-type":"","background-media":"","overlay-type":"","overlay-color":"","overlay-opacity":"","overlay-gradient":""},"tablet":{"background-color":"","background-image":"","background-repeat":"repeat","background-position":"center center","background-size":"auto","background-attachment":"scroll","background-type":"","background-media":"","overlay-type":"","overlay-color":"","overlay-opacity":"","overlay-gradient":""},"mobile":{"background-color":"","background-image":"","background-repeat":"repeat","background-position":"center center","background-size":"auto","background-attachment":"scroll","background-type":"","background-media":"","overlay-type":"","overlay-color":"","overlay-opacity":"","overlay-gradient":""}},"ast-content-background-meta":{"desktop":{"background-color":"var(--ast-global-color-4)","background-image":"","background-repeat":"repeat","background-position":"center center","background-size":"auto","background-attachment":"scroll","background-type":"","background-media":"","overlay-type":"","overlay-color":"","overlay-opacity":"","overlay-gradient":""},"tablet":{"background-color":"var(--ast-global-color-4)","background-image":"","background-repeat":"repeat","background-position":"center center","background-size":"auto","background-attachment":"scroll","background-type":"","background-media":"","overlay-type":"","overlay-color":"","overlay-opacity":"","overlay-gradient":""},"mobile":{"background-color":"var(--ast-global-color-4)","background-image":"","background-repeat":"repeat","background-position":"center center","background-size":"auto","background-attachment":"scroll","background-type":"","background-media":"","overlay-type":"","overlay-color":"","overlay-opacity":"","overlay-gradient":""}},"footnotes":""},"categories":[],"tags":[1028,1757],"class_list":["post-386517","page","type-page","status-publish","has-post-thumbnail","hentry","tag-permitting-planning","tag-planning-permit-faqs"],"yoast_head":"<!-- This site is optimized with the Yoast SEO Premium plugin v27.4 (Yoast SEO v27.4) - https:\/\/yoast.com\/product\/yoast-seo-premium-wordpress\/ -->\n<title>Planning Permitting FAQs - City of Miami Beach<\/title>\n<meta name=\"description\" content=\"%\" \/>\n<meta name=\"robots\" content=\"index, follow, max-snippet:-1, max-image-preview:large, max-video-preview:-1\" \/>\n<link rel=\"canonical\" href=\"https:\/\/www.miamibeachfl.gov\/fr\/city-hall\/planning\/planning-permitting-faqs\/\" \/>\n<meta property=\"og:locale\" content=\"fr_FR\" \/>\n<meta property=\"og:type\" content=\"article\" \/>\n<meta property=\"og:title\" content=\"Planning Permitting FAQs\" \/>\n<meta property=\"og:description\" content=\"%\" \/>\n<meta property=\"og:url\" content=\"https:\/\/www.miamibeachfl.gov\/fr\/city-hall\/planning\/planning-permitting-faqs\/\" \/>\n<meta property=\"og:site_name\" content=\"City of Miami Beach\" \/>\n<meta property=\"article:publisher\" content=\"https:\/\/www.facebook.com\/cityofmiamibeach\" \/>\n<meta property=\"article:modified_time\" content=\"2025-09-22T19:03:29+00:00\" \/>\n<meta property=\"og:image\" content=\"https:\/\/www.miamibeachfl.gov\/wp-content\/uploads\/2023\/03\/familyplanning.jpg\" \/>\n\t<meta property=\"og:image:width\" content=\"500\" \/>\n\t<meta property=\"og:image:height\" content=\"500\" \/>\n\t<meta property=\"og:image:type\" content=\"image\/jpeg\" \/>\n<meta name=\"twitter:card\" content=\"summary_large_image\" \/>\n<meta name=\"twitter:site\" content=\"@Miamibeachnews\" \/>\n<script type=\"application\/ld+json\" class=\"yoast-schema-graph\">{\"@context\":\"https:\\\/\\\/schema.org\",\"@graph\":[{\"@type\":\"WebPage\",\"@id\":\"https:\\\/\\\/www.miamibeachfl.gov\\\/city-hall\\\/planning\\\/planning-permitting-faqs\\\/\",\"url\":\"https:\\\/\\\/www.miamibeachfl.gov\\\/city-hall\\\/planning\\\/planning-permitting-faqs\\\/\",\"name\":\"Planning Permitting FAQs - City of Miami Beach\",\"isPartOf\":{\"@id\":\"https:\\\/\\\/www.miamibeachfl.gov\\\/#website\"},\"primaryImageOfPage\":{\"@id\":\"https:\\\/\\\/www.miamibeachfl.gov\\\/city-hall\\\/planning\\\/planning-permitting-faqs\\\/#primaryimage\"},\"image\":{\"@id\":\"https:\\\/\\\/www.miamibeachfl.gov\\\/city-hall\\\/planning\\\/planning-permitting-faqs\\\/#primaryimage\"},\"thumbnailUrl\":\"https:\\\/\\\/www.miamibeachfl.gov\\\/wp-content\\\/uploads\\\/2023\\\/03\\\/familyplanning.jpg\",\"datePublished\":\"2025-07-11T19:34:12+00:00\",\"dateModified\":\"2025-09-22T19:03:29+00:00\",\"description\":\"%\",\"breadcrumb\":{\"@id\":\"https:\\\/\\\/www.miamibeachfl.gov\\\/city-hall\\\/planning\\\/planning-permitting-faqs\\\/#breadcrumb\"},\"inLanguage\":\"fr-FR\",\"potentialAction\":[{\"@type\":\"ReadAction\",\"target\":[\"https:\\\/\\\/www.miamibeachfl.gov\\\/city-hall\\\/planning\\\/planning-permitting-faqs\\\/\"]}]},{\"@type\":\"ImageObject\",\"inLanguage\":\"fr-FR\",\"@id\":\"https:\\\/\\\/www.miamibeachfl.gov\\\/city-hall\\\/planning\\\/planning-permitting-faqs\\\/#primaryimage\",\"url\":\"https:\\\/\\\/www.miamibeachfl.gov\\\/wp-content\\\/uploads\\\/2023\\\/03\\\/familyplanning.jpg\",\"contentUrl\":\"https:\\\/\\\/www.miamibeachfl.gov\\\/wp-content\\\/uploads\\\/2023\\\/03\\\/familyplanning.jpg\",\"width\":500,\"height\":500,\"caption\":\"Couple with documents in front of their computer\"},{\"@type\":\"BreadcrumbList\",\"@id\":\"https:\\\/\\\/www.miamibeachfl.gov\\\/city-hall\\\/planning\\\/planning-permitting-faqs\\\/#breadcrumb\",\"itemListElement\":[{\"@type\":\"ListItem\",\"position\":1,\"name\":\"Home\",\"item\":\"https:\\\/\\\/www.miamibeachfl.gov\\\/\"},{\"@type\":\"ListItem\",\"position\":2,\"name\":\"City Hall\",\"item\":\"https:\\\/\\\/www.miamibeachfl.gov\\\/city-hall\\\/\"},{\"@type\":\"ListItem\",\"position\":3,\"name\":\"Planning &#038; Zoning\",\"item\":\"https:\\\/\\\/www.miamibeachfl.gov\\\/city-hall\\\/planning\\\/\"},{\"@type\":\"ListItem\",\"position\":4,\"name\":\"Planning Permitting FAQs\"}]},{\"@type\":\"WebSite\",\"@id\":\"https:\\\/\\\/www.miamibeachfl.gov\\\/#website\",\"url\":\"https:\\\/\\\/www.miamibeachfl.gov\\\/\",\"name\":\"City of Miami Beach\",\"description\":\"The official website of the City of Miami Beach. Stay informed, find important information on city services, news, alerts, events, trolley routes, government employment and more.\",\"publisher\":{\"@id\":\"https:\\\/\\\/www.miamibeachfl.gov\\\/#organization\"},\"potentialAction\":[{\"@type\":\"SearchAction\",\"target\":{\"@type\":\"EntryPoint\",\"urlTemplate\":\"https:\\\/\\\/www.miamibeachfl.gov\\\/?s={search_term_string}\"},\"query-input\":{\"@type\":\"PropertyValueSpecification\",\"valueRequired\":true,\"valueName\":\"search_term_string\"}}],\"inLanguage\":\"fr-FR\"},{\"@type\":\"Organization\",\"@id\":\"https:\\\/\\\/www.miamibeachfl.gov\\\/#organization\",\"name\":\"City of Miami Beach\",\"url\":\"https:\\\/\\\/www.miamibeachfl.gov\\\/\",\"logo\":{\"@type\":\"ImageObject\",\"inLanguage\":\"fr-FR\",\"@id\":\"https:\\\/\\\/www.miamibeachfl.gov\\\/#\\\/schema\\\/logo\\\/image\\\/\",\"url\":\"https:\\\/\\\/www.miamibeachfl.gov\\\/wp-content\\\/uploads\\\/2022\\\/06\\\/miamibeach-logoblue.png\",\"contentUrl\":\"https:\\\/\\\/www.miamibeachfl.gov\\\/wp-content\\\/uploads\\\/2022\\\/06\\\/miamibeach-logoblue.png\",\"width\":1962,\"height\":381,\"caption\":\"City of Miami Beach\"},\"image\":{\"@id\":\"https:\\\/\\\/www.miamibeachfl.gov\\\/#\\\/schema\\\/logo\\\/image\\\/\"},\"sameAs\":[\"https:\\\/\\\/www.facebook.com\\\/cityofmiamibeach\",\"https:\\\/\\\/x.com\\\/Miamibeachnews\",\"https:\\\/\\\/www.instagram.com\\\/miamibeachnews\\\/\"],\"description\":\"The official website of the City of Miami Beach. Stay informed, find important information on city services, news, alerts, events, trolley routes, government employment and more.\",\"telephone\":\"305.604.CITY(2489)\",\"legalName\":\"City of Miami Beach\"}]}<\/script>\n<!-- \/ Yoast SEO Premium plugin. -->","yoast_head_json":{"title":"FAQ sur les permis d&#039;urbanisme - Ville de Miami Beach","description":"%","robots":{"index":"index","follow":"follow","max-snippet":"max-snippet:-1","max-image-preview":"max-image-preview:large","max-video-preview":"max-video-preview:-1"},"canonical":"https:\/\/www.miamibeachfl.gov\/fr\/city-hall\/planning\/planning-permitting-faqs\/","og_locale":"fr_FR","og_type":"article","og_title":"Planning Permitting FAQs","og_description":"%","og_url":"https:\/\/www.miamibeachfl.gov\/fr\/city-hall\/planning\/planning-permitting-faqs\/","og_site_name":"City of Miami Beach","article_publisher":"https:\/\/www.facebook.com\/cityofmiamibeach","article_modified_time":"2025-09-22T19:03:29+00:00","og_image":[{"width":500,"height":500,"url":"https:\/\/www.miamibeachfl.gov\/wp-content\/uploads\/2023\/03\/familyplanning.jpg","type":"image\/jpeg"}],"twitter_card":"summary_large_image","twitter_site":"@Miamibeachnews","schema":{"@context":"https:\/\/schema.org","@graph":[{"@type":"WebPage","@id":"https:\/\/www.miamibeachfl.gov\/city-hall\/planning\/planning-permitting-faqs\/","url":"https:\/\/www.miamibeachfl.gov\/city-hall\/planning\/planning-permitting-faqs\/","name":"FAQ sur les permis d&#039;urbanisme - Ville de Miami Beach","isPartOf":{"@id":"https:\/\/www.miamibeachfl.gov\/#website"},"primaryImageOfPage":{"@id":"https:\/\/www.miamibeachfl.gov\/city-hall\/planning\/planning-permitting-faqs\/#primaryimage"},"image":{"@id":"https:\/\/www.miamibeachfl.gov\/city-hall\/planning\/planning-permitting-faqs\/#primaryimage"},"thumbnailUrl":"https:\/\/www.miamibeachfl.gov\/wp-content\/uploads\/2023\/03\/familyplanning.jpg","datePublished":"2025-07-11T19:34:12+00:00","dateModified":"2025-09-22T19:03:29+00:00","description":"%","breadcrumb":{"@id":"https:\/\/www.miamibeachfl.gov\/city-hall\/planning\/planning-permitting-faqs\/#breadcrumb"},"inLanguage":"fr-FR","potentialAction":[{"@type":"ReadAction","target":["https:\/\/www.miamibeachfl.gov\/city-hall\/planning\/planning-permitting-faqs\/"]}]},{"@type":"ImageObject","inLanguage":"fr-FR","@id":"https:\/\/www.miamibeachfl.gov\/city-hall\/planning\/planning-permitting-faqs\/#primaryimage","url":"https:\/\/www.miamibeachfl.gov\/wp-content\/uploads\/2023\/03\/familyplanning.jpg","contentUrl":"https:\/\/www.miamibeachfl.gov\/wp-content\/uploads\/2023\/03\/familyplanning.jpg","width":500,"height":500,"caption":"Couple with documents in front of their computer"},{"@type":"BreadcrumbList","@id":"https:\/\/www.miamibeachfl.gov\/city-hall\/planning\/planning-permitting-faqs\/#breadcrumb","itemListElement":[{"@type":"ListItem","position":1,"name":"Home","item":"https:\/\/www.miamibeachfl.gov\/"},{"@type":"ListItem","position":2,"name":"City Hall","item":"https:\/\/www.miamibeachfl.gov\/city-hall\/"},{"@type":"ListItem","position":3,"name":"Planning &#038; Zoning","item":"https:\/\/www.miamibeachfl.gov\/city-hall\/planning\/"},{"@type":"ListItem","position":4,"name":"Planning Permitting FAQs"}]},{"@type":"WebSite","@id":"https:\/\/www.miamibeachfl.gov\/#website","url":"https:\/\/www.miamibeachfl.gov\/","name":"Ville de Miami Beach","description":"Site officiel de la ville de Miami Beach. Restez inform\u00e9 et trouvez des informations importantes sur les services municipaux, les actualit\u00e9s, les alertes, les \u00e9v\u00e9nements, les itin\u00e9raires de tramway, les emplois gouvernementaux et bien plus encore.","publisher":{"@id":"https:\/\/www.miamibeachfl.gov\/#organization"},"potentialAction":[{"@type":"SearchAction","target":{"@type":"EntryPoint","urlTemplate":"https:\/\/www.miamibeachfl.gov\/?s={search_term_string}"},"query-input":{"@type":"PropertyValueSpecification","valueRequired":true,"valueName":"search_term_string"}}],"inLanguage":"fr-FR"},{"@type":"Organization","@id":"https:\/\/www.miamibeachfl.gov\/#organization","name":"Ville de Miami Beach","url":"https:\/\/www.miamibeachfl.gov\/","logo":{"@type":"ImageObject","inLanguage":"fr-FR","@id":"https:\/\/www.miamibeachfl.gov\/#\/schema\/logo\/image\/","url":"https:\/\/www.miamibeachfl.gov\/wp-content\/uploads\/2022\/06\/miamibeach-logoblue.png","contentUrl":"https:\/\/www.miamibeachfl.gov\/wp-content\/uploads\/2022\/06\/miamibeach-logoblue.png","width":1962,"height":381,"caption":"City of Miami Beach"},"image":{"@id":"https:\/\/www.miamibeachfl.gov\/#\/schema\/logo\/image\/"},"sameAs":["https:\/\/www.facebook.com\/cityofmiamibeach","https:\/\/x.com\/Miamibeachnews","https:\/\/www.instagram.com\/miamibeachnews\/"],"description":"Site officiel de la ville de Miami Beach. Restez inform\u00e9 et trouvez des informations importantes sur les services municipaux, les actualit\u00e9s, les alertes, les \u00e9v\u00e9nements, les itin\u00e9raires de tramway, les emplois gouvernementaux et bien plus encore.","telephone":"305.604.CITY(2489)","legalName":"City of Miami Beach"}]}},"_links":{"self":[{"href":"https:\/\/www.miamibeachfl.gov\/fr\/wp-json\/wp\/v2\/pages\/386517","targetHints":{"allow":["GET"]}}],"collection":[{"href":"https:\/\/www.miamibeachfl.gov\/fr\/wp-json\/wp\/v2\/pages"}],"about":[{"href":"https:\/\/www.miamibeachfl.gov\/fr\/wp-json\/wp\/v2\/types\/page"}],"author":[{"embeddable":true,"href":"https:\/\/www.miamibeachfl.gov\/fr\/wp-json\/wp\/v2\/users\/222"}],"replies":[{"embeddable":true,"href":"https:\/\/www.miamibeachfl.gov\/fr\/wp-json\/wp\/v2\/comments?post=386517"}],"version-history":[{"count":6,"href":"https:\/\/www.miamibeachfl.gov\/fr\/wp-json\/wp\/v2\/pages\/386517\/revisions"}],"predecessor-version":[{"id":389269,"href":"https:\/\/www.miamibeachfl.gov\/fr\/wp-json\/wp\/v2\/pages\/386517\/revisions\/389269"}],"up":[{"embeddable":true,"href":"https:\/\/www.miamibeachfl.gov\/fr\/wp-json\/wp\/v2\/pages\/28864"}],"wp:featuredmedia":[{"embeddable":true,"href":"https:\/\/www.miamibeachfl.gov\/fr\/wp-json\/wp\/v2\/media\/250078"}],"wp:attachment":[{"href":"https:\/\/www.miamibeachfl.gov\/fr\/wp-json\/wp\/v2\/media?parent=386517"}],"wp:term":[{"taxonomy":"category","embeddable":true,"href":"https:\/\/www.miamibeachfl.gov\/fr\/wp-json\/wp\/v2\/categories?post=386517"},{"taxonomy":"post_tag","embeddable":true,"href":"https:\/\/www.miamibeachfl.gov\/fr\/wp-json\/wp\/v2\/tags?post=386517"}],"curies":[{"name":"wp","href":"https:\/\/api.w.org\/{rel}","templated":true}]}}