{"id":386587,"date":"2025-07-14T13:49:28","date_gmt":"2025-07-14T17:49:28","guid":{"rendered":"https:\/\/www.miamibeachfl.gov\/?page_id=386587"},"modified":"2025-07-14T14:04:02","modified_gmt":"2025-07-14T18:04:02","slug":"permitting-faqs","status":"publish","type":"page","link":"https:\/\/www.miamibeachfl.gov\/fr\/city-hall\/environmental-sustainability\/permitting-faqs\/","title":{"rendered":"FAQ sur les permis environnementaux et de d\u00e9veloppement durable"},"content":{"rendered":"<nav id=\"breadcrumbs\" aria-label=\"Fil d&#039;Ariane\"><a href=\"https:\/\/www.miamibeachfl.gov\/fr\/\">Maison<\/a> &gt; <a href=\"https:\/\/www.miamibeachfl.gov\/fr\/city-hall\/\">l&#039;h\u00f4tel de ville<\/a> &gt; <a href=\"https:\/\/www.miamibeachfl.gov\/fr\/city-hall\/environmental-sustainability\/\">Environnement et durabilit\u00e9<\/a> &gt; <strong>FAQ sur les permis environnementaux et de d\u00e9veloppement durable<\/strong><\/nav><h1>\n\t\t\tFAQ sur les permis\t<\/h1>\n\t\t\t\t\t\t<h4>Combien de temps faut-il pour obtenir un permis de travail d&#039;arbre en foresterie urbaine ?<\/h4>\n\t\t\t<p>La foresterie urbaine doit fournir ses commentaires initiaux dans les 10 jours ouvrables suivant le d\u00e9p\u00f4t de la demande. Le d\u00e9lai total entre le d\u00e9p\u00f4t de la demande et la d\u00e9livrance du permis d\u00e9pend de la date \u00e0 laquelle tous les renseignements requis sont fournis et de la conformit\u00e9 de leur contenu aux normes de demande de permis. Le demandeur pourrait exiger un suivi et\/ou des corrections ult\u00e9rieures.\u00a0<\/p>\n\t\t\t\t\t\t<h4>Est-ce que tous les arbres et palmiers n\u00e9cessitent un permis pour \u00eatre enlev\u00e9s ?<\/h4>\n\t\t\t<p>G\u00e9n\u00e9ralement oui. Un permis de travail approuv\u00e9 est requis pour d\u00e9placer ou abattre des arbres ou des palmiers dans les limites de la ville de Miami Beach, \u00e0 quelques exceptions pr\u00e8s.<\/p>\n<p>La liste des exceptions se trouve dans l&#039;ordonnance sur les arbres 2016-4055 de la ville de Miami Beach, art. 46-58. https:\/\/www.miamibeachfl.gov\/city-hall\/environmental-sustainability\/urban-forestry\/tree-work-permit-information\/<\/p>\n\t\t\t\t\t\t<h4>Quels sont les documents les plus couramment requis lors d&#039;une demande de permis de travail sur les arbres\u00a0?<\/h4>\n\t\t\t<p>Le demandeur de permis de travail sur les arbres devra tr\u00e8s probablement fournir une \u00e9tude des arbres, la disposition des arbres, un rapport d&#039;arboriste enregistrant les raisons de l&#039;enl\u00e8vement et des plans d&#039;am\u00e9nagement paysager si une att\u00e9nuation de la canop\u00e9e des arbres est n\u00e9cessaire.<\/p>\n\t\t\t\t\t\t<h4>Qui doit remplir le rapport d\u2019arboriste?<\/h4>\n\t\t\t<p>Le rapport de l&#039;arboriste doit \u00eatre rempli par un arboriste certifi\u00e9 ISA (International Society of Arboriculture) ou ASCA (American Society of Consulting Arborists) \u00e0 jour.<\/p>\n\t\t\t\t\t\t<h4>Qu&#039;est-ce qu&#039;une disposition d&#039;arbre ?<\/h4>\n\t\t\t<p>Une disposition des arbres est un inventaire de tous les arbres\/palmiers existants indiqu\u00e9s dans l&#039;\u00e9tude des arbres et\/ou les plans d&#039;am\u00e9nagement paysager.\u00a0<\/p>\n<p>Le plan de disposition de l&#039;arbre ou du palmier doit contenir les informations de base suivantes\u00a0: son nom commun, son nom scientifique, sa hauteur, sa largeur, le diam\u00e8tre de son tronc \u00e0 hauteur de poitrine (en pouces), un bilan de sant\u00e9 de niveau\u00a01 r\u00e9alis\u00e9 par un arboriste agr\u00e9\u00e9 et une indication de l&#039;abattage, du d\u00e9placement ou de la conservation de l&#039;arbre ou du palmier. L&#039;arbre ou le palmier doit \u00eatre num\u00e9rot\u00e9 et son emplacement sur la propri\u00e9t\u00e9 doit \u00eatre indiqu\u00e9 avec pr\u00e9cision dans le relev\u00e9 d&#039;arbres fourni ou dans un plan de disposition distinct.\u00a0<\/p>\n\t\t\t\t\t\t<h4>Que faut-il pour que les arbres restent pr\u00e9sents pendant la construction ?<\/h4>\n\t\t\t<p>La protection des arbres est n\u00e9cessaire pour que tous les arbres et palmiers \u00ab restent \u00bb pendant la construction.\u00a0<\/p>\n<p>Les d\u00e9tails du plan de protection des arbres approuv\u00e9 par la ville doivent \u00eatre inclus dans la disposition des arbres ou ailleurs dans l&#039;ensemble complet du plan d&#039;am\u00e9nagement paysager.<\/p>\n<p>La protection des arbres doit \u00eatre int\u00e9gr\u00e9e \u00e0 l&#039;\u00e9tude des arbres ou \u00e0 la disposition des arbres \u00e0 l&#039;\u00e9chelle du plan dans la mesure requise par le Code de la ville. \u00a0<\/p>\n\t\t\t\t\t\t<h4>Comment puis-je demander un permis ?<\/h4>\n\t\t\t<p>La division des for\u00eats urbaines de la ville de Miami Beach est pass\u00e9e \u00e0 un processus de demande sans papier.<\/p>\n<p><strong><a href=\"https:\/\/energovcss.miamibeachfl.gov\/EnerGovProd\/SelfService\/#\/home\">Cr\u00e9ez une demande de permis en ligne, t\u00e9l\u00e9chargez des documents et g\u00e9rez votre permis \u00e0 l&#039;aide de notre syst\u00e8me de permis en ligne via le portail Citizen Self Service (CSS).<\/a><\/strong><\/p>\n<p><a href=\"https:\/\/www.miamibeachfl.gov\/fr\/city-hall\/environmental-sustainability\/urban-forestry\/plant-a-tree\/\"><strong>Pour \u00e9viter les retards dans le traitement de votre permis, il est imp\u00e9ratif que vous suiviez les directives d\u00e9crites dans les INFORMATIONS SUR LE PERMIS DE TRAVAIL SUR LES ARBRES.<\/strong><\/a><\/p>\n\t\t\t\t\t\t<h4>Une lettre de protection des arbres est-elle requise par le code ?<\/h4>\n\t\t\t<p>La protection des arbres est exig\u00e9e par le Code municipal dans les articles 46 \u00e0 62 du Code.<\/p>\n<p>La Division de la foresterie urbaine exige une lettre de protection des arbres sign\u00e9e par le propri\u00e9taire pour tous les travaux de construction non li\u00e9s aux arbres o\u00f9 les activit\u00e9s li\u00e9es \u00e0 la construction pourraient avoir un impact sur les arbres, les palmiers et leurs syst\u00e8mes racinaires. Le fait qu&#039;une \u00e9quipe de construction ne prot\u00e8ge pas les arbres et les palmiers peut \u00eatre \u00e0 l&#039;origine d&#039;une violation de la loi sur les abus envers les arbres et\/ou d&#039;une d\u00e9claration d&#039;un arbre auparavant sain comme \u00e9tant d\u00e9sormais d\u00e9clar\u00e9 effectivement d\u00e9truit. <\/p>\n\t\t\t\t\t\t<h4>Quelles sont les sp\u00e9cifications pour le d\u00e9tail de protection des arbres approuv\u00e9 ?<\/h4>\n\t\t\t<p>Les protections d&#039;arbres approuv\u00e9es par la Ville de Miami Beach doivent \u00eatre construites conform\u00e9ment aux sp\u00e9cifications du code municipal. Cela comprend un cadre de 2 x 4 avec traverse lat\u00e9rale de 2 x 2 prot\u00e9geant la zone racinaire critique, ou une cl\u00f4ture grillag\u00e9e.<\/p>\n\t\t\t\t\t\t<h4>Pourquoi ne puis-je pas t\u00e9l\u00e9charger les documents demand\u00e9s sur le portail ?<\/h4>\n\t\t\t<p>Vos plans\/permis sont actuellement examin\u00e9s par le Service du b\u00e2timent. Vous devrez attendre l&#039;examen de tous les services avant de pouvoir soumettre les documents demand\u00e9s.<\/p>\n<p>Les permis de travail des arbres en foresterie urbaine sont toujours ouverts et les documents peuvent \u00eatre soumis \u00e0 tout moment.<\/p>\n\t\t\t\t\t\t<h4>Combien co\u00fbtent les frais de permis ?<\/h4>\n\t\t\t<p><a href=\"https:\/\/www.miamibeachfl.gov\/fr\/city-hall\/environmental-sustainability\/urban-forestry\/\"><strong>Visitez le site Web de la division de foresterie urbaine de la ville de Miami Beach pour plus d&#039;informations.<\/strong><\/a><\/p>\n\t\t\t\t\t\t<h4>Pouvez-vous examiner mon permis avant le (date fix\u00e9e) ?<\/h4>\n\t\t\t<p>Les demandes de permis sont examin\u00e9es dans l&#039;ordre dans lequel elles ont \u00e9t\u00e9 soumises afin d&#039;\u00eatre \u00e9quitables pour tous les demandeurs. Toutefois, les divisions de foresterie urbaine et de l&#039;environnement s&#039;efforcent de terminer les examens le plus rapidement possible.<\/p>\n\t\t\t\t\t\t<h4>Dois-je sur\u00e9lever ma digue m\u00eame si je ne fais qu\u2019une r\u00e9paration mineure sur la digue ?<\/h4>\n\t\t\t<p>Oui, \u00e0 condition que la digue existante n\u00e9cessite des r\u00e9parations importantes (c&#039;est-\u00e0-dire toute am\u00e9lioration et\/ou r\u00e9paration de la digue existante avec un co\u00fbt de $300 ou plus par pied lin\u00e9aire).<\/p>\n\t\t\t\t\t\t<h4>Pourquoi dois-je soumettre un co\u00fbt d\u00e9taill\u00e9 de construction pour la r\u00e9paration de ma digue ?<\/h4>\n\t\t\t<p>Pour d\u00e9terminer si les travaux de digue sont conformes aux exigences d&#039;\u00e9l\u00e9vation de l&#039;ordonnance sur les digues 2021-4393.<\/p>\n\t\t\t\t\t\t<h4>Quelles sont les \u00ab notes \u00bb dans les commentaires environnementaux demandant que l&#039;affidavit sur les s\u00e9diments et l&#039;\u00e9rosion et les notes soient inclus dans les plans ?<\/h4>\n\t\t\t<p>Les \u00ab\u00a0notes\u00a0\u00bb sont incluses dans le formulaire de d\u00e9claration sous serment, apr\u00e8s la page de signature. Elles peuvent \u00eatre jointes au formulaire de d\u00e9claration sous serment ou ajout\u00e9es aux plans (g\u00e9n\u00e9ralement des feuilles civiles).<\/p>\n\t\t\t\t\t\t<h4>Pourquoi dois-je soumettre l&#039;affidavit de contr\u00f4le des s\u00e9diments et de l&#039;\u00e9rosion sur le chantier de construction si je n&#039;effectue qu&#039;une r\u00e9paration\/un travail mineur ?<\/h4>\n\t\t\t<p>L&#039;affidavit de contr\u00f4le des s\u00e9diments et de l&#039;\u00e9rosion sur le chantier de construction est requis pour toute activit\u00e9 perturbant le sol conform\u00e9ment \u00e0 l&#039;ordonnance sur la qualit\u00e9 de l&#039;eau n\u00b0 2021-4435.<\/p>\n\t<div class=\"page-navigation\"><a class=\"prev-page\" href=\"https:\/\/www.miamibeachfl.gov\/fr\/city-hall\/finance\/financial-documents\/2024-financial-reports\/\">\u2190 Rapports financiers pour l&#039;exercice clos le 30 septembre 2024<\/a> <a class=\"next-page\" href=\"https:\/\/www.miamibeachfl.gov\/fr\/art-week-miami-beach\/artweek-free-transportation\/\">Semaine de l&#039;art : Transport gratuit \u2192<\/a><\/div>","protected":false},"excerpt":{"rendered":"<p>Home &gt; City Hall &gt; Environment &#038; Sustainability &gt; Environmental &amp; Sustainability Permitting FAQs Permitting FAQs How long does it [&hellip;]<\/p>\n","protected":false},"author":222,"featured_media":383955,"parent":28598,"menu_order":3,"comment_status":"closed","ping_status":"closed","template":"","meta":{"_searchwp_excluded":"","site-sidebar-layout":"default","site-content-layout":"","ast-site-content-layout":"default","site-content-style":"default","site-sidebar-style":"default","ast-global-header-display":"","ast-banner-title-visibility":"","ast-main-header-display":"","ast-hfb-above-header-display":"","ast-hfb-below-header-display":"","ast-hfb-mobile-header-display":"","site-post-title":"","ast-breadcrumbs-content":"","ast-featured-img":"","footer-sml-layout":"","theme-transparent-header-meta":"","adv-header-id-meta":"","stick-header-meta":"","header-above-stick-meta":"","header-main-stick-meta":"","header-below-stick-meta":"","astra-migrate-meta-layouts":"default","ast-page-background-enabled":"default","ast-page-background-meta":{"desktop":{"background-color":"var(--ast-global-color-5)","background-image":"","background-repeat":"repeat","background-position":"center center","background-size":"auto","background-attachment":"scroll","background-type":"","background-media":"","overlay-type":"","overlay-color":"","overlay-opacity":"","overlay-gradient":""},"tablet":{"background-color":"","background-image":"","background-repeat":"repeat","background-position":"center center","background-size":"auto","background-attachment":"scroll","background-type":"","background-media":"","overlay-type":"","overlay-color":"","overlay-opacity":"","overlay-gradient":""},"mobile":{"background-color":"","background-image":"","background-repeat":"repeat","background-position":"center center","background-size":"auto","background-attachment":"scroll","background-type":"","background-media":"","overlay-type":"","overlay-color":"","overlay-opacity":"","overlay-gradient":""}},"ast-content-background-meta":{"desktop":{"background-color":"var(--ast-global-color-4)","background-image":"","background-repeat":"repeat","background-position":"center center","background-size":"auto","background-attachment":"scroll","background-type":"","background-media":"","overlay-type":"","overlay-color":"","overlay-opacity":"","overlay-gradient":""},"tablet":{"background-color":"var(--ast-global-color-4)","background-image":"","background-repeat":"repeat","background-position":"center center","background-size":"auto","background-attachment":"scroll","background-type":"","background-media":"","overlay-type":"","overlay-color":"","overlay-opacity":"","overlay-gradient":""},"mobile":{"background-color":"var(--ast-global-color-4)","background-image":"","background-repeat":"repeat","background-position":"center center","background-size":"auto","background-attachment":"scroll","background-type":"","background-media":"","overlay-type":"","overlay-color":"","overlay-opacity":"","overlay-gradient":""}},"footnotes":""},"categories":[],"tags":[1818],"class_list":["post-386587","page","type-page","status-publish","has-post-thumbnail","hentry","tag-environmental-and-sustainability-permits-faqs"],"yoast_head":"<!-- This site is optimized with the Yoast SEO Premium plugin v27.4 (Yoast SEO v27.4) - https:\/\/yoast.com\/product\/yoast-seo-premium-wordpress\/ -->\n<title>Environmental &amp; Sustainability Permitting FAQs - City of Miami Beach<\/title>\n<meta name=\"description\" content=\"%\" \/>\n<meta name=\"robots\" content=\"index, follow, max-snippet:-1, max-image-preview:large, max-video-preview:-1\" \/>\n<link rel=\"canonical\" href=\"https:\/\/www.miamibeachfl.gov\/fr\/city-hall\/environmental-sustainability\/permitting-faqs\/\" \/>\n<meta property=\"og:locale\" content=\"fr_FR\" \/>\n<meta property=\"og:type\" content=\"article\" \/>\n<meta property=\"og:title\" content=\"Environmental &amp; Sustainability Permitting FAQs\" \/>\n<meta property=\"og:description\" content=\"%\" \/>\n<meta property=\"og:url\" content=\"https:\/\/www.miamibeachfl.gov\/fr\/city-hall\/environmental-sustainability\/permitting-faqs\/\" \/>\n<meta property=\"og:site_name\" content=\"City of Miami Beach\" \/>\n<meta property=\"article:publisher\" content=\"https:\/\/www.facebook.com\/cityofmiamibeach\" \/>\n<meta property=\"article:modified_time\" content=\"2025-07-14T18:04:02+00:00\" \/>\n<meta property=\"og:image\" content=\"https:\/\/www.miamibeachfl.gov\/wp-content\/uploads\/2025\/06\/Parks-Gallery-2-SouthPointePark-optimized.jpg\" \/>\n\t<meta property=\"og:image:width\" content=\"400\" \/>\n\t<meta property=\"og:image:height\" content=\"400\" \/>\n\t<meta property=\"og:image:type\" content=\"image\/jpeg\" \/>\n<meta name=\"twitter:card\" content=\"summary_large_image\" \/>\n<meta name=\"twitter:site\" content=\"@Miamibeachnews\" \/>\n<script type=\"application\/ld+json\" class=\"yoast-schema-graph\">{\"@context\":\"https:\\\/\\\/schema.org\",\"@graph\":[{\"@type\":\"WebPage\",\"@id\":\"https:\\\/\\\/www.miamibeachfl.gov\\\/city-hall\\\/environmental-sustainability\\\/permitting-faqs\\\/\",\"url\":\"https:\\\/\\\/www.miamibeachfl.gov\\\/city-hall\\\/environmental-sustainability\\\/permitting-faqs\\\/\",\"name\":\"Environmental &amp; Sustainability Permitting FAQs - City of Miami Beach\",\"isPartOf\":{\"@id\":\"https:\\\/\\\/www.miamibeachfl.gov\\\/#website\"},\"primaryImageOfPage\":{\"@id\":\"https:\\\/\\\/www.miamibeachfl.gov\\\/city-hall\\\/environmental-sustainability\\\/permitting-faqs\\\/#primaryimage\"},\"image\":{\"@id\":\"https:\\\/\\\/www.miamibeachfl.gov\\\/city-hall\\\/environmental-sustainability\\\/permitting-faqs\\\/#primaryimage\"},\"thumbnailUrl\":\"https:\\\/\\\/www.miamibeachfl.gov\\\/wp-content\\\/uploads\\\/2025\\\/06\\\/Parks-Gallery-2-SouthPointePark-optimized.jpg\",\"datePublished\":\"2025-07-14T17:49:28+00:00\",\"dateModified\":\"2025-07-14T18:04:02+00:00\",\"description\":\"%\",\"breadcrumb\":{\"@id\":\"https:\\\/\\\/www.miamibeachfl.gov\\\/city-hall\\\/environmental-sustainability\\\/permitting-faqs\\\/#breadcrumb\"},\"inLanguage\":\"fr-FR\",\"potentialAction\":[{\"@type\":\"ReadAction\",\"target\":[\"https:\\\/\\\/www.miamibeachfl.gov\\\/city-hall\\\/environmental-sustainability\\\/permitting-faqs\\\/\"]}]},{\"@type\":\"ImageObject\",\"inLanguage\":\"fr-FR\",\"@id\":\"https:\\\/\\\/www.miamibeachfl.gov\\\/city-hall\\\/environmental-sustainability\\\/permitting-faqs\\\/#primaryimage\",\"url\":\"https:\\\/\\\/www.miamibeachfl.gov\\\/wp-content\\\/uploads\\\/2025\\\/06\\\/Parks-Gallery-2-SouthPointePark-optimized.jpg\",\"contentUrl\":\"https:\\\/\\\/www.miamibeachfl.gov\\\/wp-content\\\/uploads\\\/2025\\\/06\\\/Parks-Gallery-2-SouthPointePark-optimized.jpg\",\"width\":400,\"height\":400,\"caption\":\"aerial view of southpoint park beachwalk\"},{\"@type\":\"BreadcrumbList\",\"@id\":\"https:\\\/\\\/www.miamibeachfl.gov\\\/city-hall\\\/environmental-sustainability\\\/permitting-faqs\\\/#breadcrumb\",\"itemListElement\":[{\"@type\":\"ListItem\",\"position\":1,\"name\":\"Home\",\"item\":\"https:\\\/\\\/www.miamibeachfl.gov\\\/\"},{\"@type\":\"ListItem\",\"position\":2,\"name\":\"City Hall\",\"item\":\"https:\\\/\\\/www.miamibeachfl.gov\\\/city-hall\\\/\"},{\"@type\":\"ListItem\",\"position\":3,\"name\":\"Environment &#038; Sustainability\",\"item\":\"https:\\\/\\\/www.miamibeachfl.gov\\\/city-hall\\\/environmental-sustainability\\\/\"},{\"@type\":\"ListItem\",\"position\":4,\"name\":\"Environmental &amp; Sustainability Permitting FAQs\"}]},{\"@type\":\"WebSite\",\"@id\":\"https:\\\/\\\/www.miamibeachfl.gov\\\/#website\",\"url\":\"https:\\\/\\\/www.miamibeachfl.gov\\\/\",\"name\":\"City of Miami Beach\",\"description\":\"The official website of the City of Miami Beach. Stay informed, find important information on city services, news, alerts, events, trolley routes, government employment and more.\",\"publisher\":{\"@id\":\"https:\\\/\\\/www.miamibeachfl.gov\\\/#organization\"},\"potentialAction\":[{\"@type\":\"SearchAction\",\"target\":{\"@type\":\"EntryPoint\",\"urlTemplate\":\"https:\\\/\\\/www.miamibeachfl.gov\\\/?s={search_term_string}\"},\"query-input\":{\"@type\":\"PropertyValueSpecification\",\"valueRequired\":true,\"valueName\":\"search_term_string\"}}],\"inLanguage\":\"fr-FR\"},{\"@type\":\"Organization\",\"@id\":\"https:\\\/\\\/www.miamibeachfl.gov\\\/#organization\",\"name\":\"City of Miami Beach\",\"url\":\"https:\\\/\\\/www.miamibeachfl.gov\\\/\",\"logo\":{\"@type\":\"ImageObject\",\"inLanguage\":\"fr-FR\",\"@id\":\"https:\\\/\\\/www.miamibeachfl.gov\\\/#\\\/schema\\\/logo\\\/image\\\/\",\"url\":\"https:\\\/\\\/www.miamibeachfl.gov\\\/wp-content\\\/uploads\\\/2022\\\/06\\\/miamibeach-logoblue.png\",\"contentUrl\":\"https:\\\/\\\/www.miamibeachfl.gov\\\/wp-content\\\/uploads\\\/2022\\\/06\\\/miamibeach-logoblue.png\",\"width\":1962,\"height\":381,\"caption\":\"City of Miami Beach\"},\"image\":{\"@id\":\"https:\\\/\\\/www.miamibeachfl.gov\\\/#\\\/schema\\\/logo\\\/image\\\/\"},\"sameAs\":[\"https:\\\/\\\/www.facebook.com\\\/cityofmiamibeach\",\"https:\\\/\\\/x.com\\\/Miamibeachnews\",\"https:\\\/\\\/www.instagram.com\\\/miamibeachnews\\\/\"],\"description\":\"The official website of the City of Miami Beach. Stay informed, find important information on city services, news, alerts, events, trolley routes, government employment and more.\",\"telephone\":\"305.604.CITY(2489)\",\"legalName\":\"City of Miami Beach\"}]}<\/script>\n<!-- \/ Yoast SEO Premium plugin. -->","yoast_head_json":{"title":"FAQ sur les permis environnementaux et de d\u00e9veloppement durable - Ville de Miami Beach","description":"%","robots":{"index":"index","follow":"follow","max-snippet":"max-snippet:-1","max-image-preview":"max-image-preview:large","max-video-preview":"max-video-preview:-1"},"canonical":"https:\/\/www.miamibeachfl.gov\/fr\/city-hall\/environmental-sustainability\/permitting-faqs\/","og_locale":"fr_FR","og_type":"article","og_title":"Environmental &amp; Sustainability Permitting FAQs","og_description":"%","og_url":"https:\/\/www.miamibeachfl.gov\/fr\/city-hall\/environmental-sustainability\/permitting-faqs\/","og_site_name":"City of Miami Beach","article_publisher":"https:\/\/www.facebook.com\/cityofmiamibeach","article_modified_time":"2025-07-14T18:04:02+00:00","og_image":[{"width":400,"height":400,"url":"https:\/\/www.miamibeachfl.gov\/wp-content\/uploads\/2025\/06\/Parks-Gallery-2-SouthPointePark-optimized.jpg","type":"image\/jpeg"}],"twitter_card":"summary_large_image","twitter_site":"@Miamibeachnews","schema":{"@context":"https:\/\/schema.org","@graph":[{"@type":"WebPage","@id":"https:\/\/www.miamibeachfl.gov\/city-hall\/environmental-sustainability\/permitting-faqs\/","url":"https:\/\/www.miamibeachfl.gov\/city-hall\/environmental-sustainability\/permitting-faqs\/","name":"FAQ sur les permis environnementaux et de d\u00e9veloppement durable - Ville de Miami Beach","isPartOf":{"@id":"https:\/\/www.miamibeachfl.gov\/#website"},"primaryImageOfPage":{"@id":"https:\/\/www.miamibeachfl.gov\/city-hall\/environmental-sustainability\/permitting-faqs\/#primaryimage"},"image":{"@id":"https:\/\/www.miamibeachfl.gov\/city-hall\/environmental-sustainability\/permitting-faqs\/#primaryimage"},"thumbnailUrl":"https:\/\/www.miamibeachfl.gov\/wp-content\/uploads\/2025\/06\/Parks-Gallery-2-SouthPointePark-optimized.jpg","datePublished":"2025-07-14T17:49:28+00:00","dateModified":"2025-07-14T18:04:02+00:00","description":"%","breadcrumb":{"@id":"https:\/\/www.miamibeachfl.gov\/city-hall\/environmental-sustainability\/permitting-faqs\/#breadcrumb"},"inLanguage":"fr-FR","potentialAction":[{"@type":"ReadAction","target":["https:\/\/www.miamibeachfl.gov\/city-hall\/environmental-sustainability\/permitting-faqs\/"]}]},{"@type":"ImageObject","inLanguage":"fr-FR","@id":"https:\/\/www.miamibeachfl.gov\/city-hall\/environmental-sustainability\/permitting-faqs\/#primaryimage","url":"https:\/\/www.miamibeachfl.gov\/wp-content\/uploads\/2025\/06\/Parks-Gallery-2-SouthPointePark-optimized.jpg","contentUrl":"https:\/\/www.miamibeachfl.gov\/wp-content\/uploads\/2025\/06\/Parks-Gallery-2-SouthPointePark-optimized.jpg","width":400,"height":400,"caption":"aerial view of southpoint park beachwalk"},{"@type":"BreadcrumbList","@id":"https:\/\/www.miamibeachfl.gov\/city-hall\/environmental-sustainability\/permitting-faqs\/#breadcrumb","itemListElement":[{"@type":"ListItem","position":1,"name":"Home","item":"https:\/\/www.miamibeachfl.gov\/"},{"@type":"ListItem","position":2,"name":"City Hall","item":"https:\/\/www.miamibeachfl.gov\/city-hall\/"},{"@type":"ListItem","position":3,"name":"Environment &#038; Sustainability","item":"https:\/\/www.miamibeachfl.gov\/city-hall\/environmental-sustainability\/"},{"@type":"ListItem","position":4,"name":"Environmental &amp; Sustainability Permitting FAQs"}]},{"@type":"WebSite","@id":"https:\/\/www.miamibeachfl.gov\/#website","url":"https:\/\/www.miamibeachfl.gov\/","name":"Ville de Miami Beach","description":"Site officiel de la ville de Miami Beach. Restez inform\u00e9 et trouvez des informations importantes sur les services municipaux, les actualit\u00e9s, les alertes, les \u00e9v\u00e9nements, les itin\u00e9raires de tramway, les emplois gouvernementaux et bien plus encore.","publisher":{"@id":"https:\/\/www.miamibeachfl.gov\/#organization"},"potentialAction":[{"@type":"SearchAction","target":{"@type":"EntryPoint","urlTemplate":"https:\/\/www.miamibeachfl.gov\/?s={search_term_string}"},"query-input":{"@type":"PropertyValueSpecification","valueRequired":true,"valueName":"search_term_string"}}],"inLanguage":"fr-FR"},{"@type":"Organization","@id":"https:\/\/www.miamibeachfl.gov\/#organization","name":"Ville de Miami Beach","url":"https:\/\/www.miamibeachfl.gov\/","logo":{"@type":"ImageObject","inLanguage":"fr-FR","@id":"https:\/\/www.miamibeachfl.gov\/#\/schema\/logo\/image\/","url":"https:\/\/www.miamibeachfl.gov\/wp-content\/uploads\/2022\/06\/miamibeach-logoblue.png","contentUrl":"https:\/\/www.miamibeachfl.gov\/wp-content\/uploads\/2022\/06\/miamibeach-logoblue.png","width":1962,"height":381,"caption":"City of Miami Beach"},"image":{"@id":"https:\/\/www.miamibeachfl.gov\/#\/schema\/logo\/image\/"},"sameAs":["https:\/\/www.facebook.com\/cityofmiamibeach","https:\/\/x.com\/Miamibeachnews","https:\/\/www.instagram.com\/miamibeachnews\/"],"description":"Site officiel de la ville de Miami Beach. Restez inform\u00e9 et trouvez des informations importantes sur les services municipaux, les actualit\u00e9s, les alertes, les \u00e9v\u00e9nements, les itin\u00e9raires de tramway, les emplois gouvernementaux et bien plus encore.","telephone":"305.604.CITY(2489)","legalName":"City of Miami Beach"}]}},"_links":{"self":[{"href":"https:\/\/www.miamibeachfl.gov\/fr\/wp-json\/wp\/v2\/pages\/386587","targetHints":{"allow":["GET"]}}],"collection":[{"href":"https:\/\/www.miamibeachfl.gov\/fr\/wp-json\/wp\/v2\/pages"}],"about":[{"href":"https:\/\/www.miamibeachfl.gov\/fr\/wp-json\/wp\/v2\/types\/page"}],"author":[{"embeddable":true,"href":"https:\/\/www.miamibeachfl.gov\/fr\/wp-json\/wp\/v2\/users\/222"}],"replies":[{"embeddable":true,"href":"https:\/\/www.miamibeachfl.gov\/fr\/wp-json\/wp\/v2\/comments?post=386587"}],"version-history":[{"count":3,"href":"https:\/\/www.miamibeachfl.gov\/fr\/wp-json\/wp\/v2\/pages\/386587\/revisions"}],"predecessor-version":[{"id":386599,"href":"https:\/\/www.miamibeachfl.gov\/fr\/wp-json\/wp\/v2\/pages\/386587\/revisions\/386599"}],"up":[{"embeddable":true,"href":"https:\/\/www.miamibeachfl.gov\/fr\/wp-json\/wp\/v2\/pages\/28598"}],"wp:featuredmedia":[{"embeddable":true,"href":"https:\/\/www.miamibeachfl.gov\/fr\/wp-json\/wp\/v2\/media\/383955"}],"wp:attachment":[{"href":"https:\/\/www.miamibeachfl.gov\/fr\/wp-json\/wp\/v2\/media?parent=386587"}],"wp:term":[{"taxonomy":"category","embeddable":true,"href":"https:\/\/www.miamibeachfl.gov\/fr\/wp-json\/wp\/v2\/categories?post=386587"},{"taxonomy":"post_tag","embeddable":true,"href":"https:\/\/www.miamibeachfl.gov\/fr\/wp-json\/wp\/v2\/tags?post=386587"}],"curies":[{"name":"wp","href":"https:\/\/api.w.org\/{rel}","templated":true}]}}