{"id":38696,"date":"2017-10-20T11:10:53","date_gmt":"2017-10-20T15:10:53","guid":{"rendered":"http:\/\/www.miamibeachfl.gov\/city-hall\/human-resources\/risk-management\/insurance\/"},"modified":"2026-03-02T16:31:22","modified_gmt":"2026-03-02T21:31:22","slug":"insurance","status":"publish","type":"page","link":"https:\/\/www.miamibeachfl.gov\/fr\/city-hall\/human-resources\/risk-management\/insurance\/","title":{"rendered":"Assurance"},"content":{"rendered":"<h1>\n\t\t\tAssurance\t<\/h1>\n\t<nav id=\"breadcrumbs\" aria-label=\"Fil d&#039;Ariane\"><a href=\"https:\/\/www.miamibeachfl.gov\/fr\/\">Maison<\/a> &gt; <a href=\"https:\/\/www.miamibeachfl.gov\/fr\/city-hall\/\">l&#039;h\u00f4tel de ville<\/a> &gt; <a href=\"https:\/\/www.miamibeachfl.gov\/fr\/city-hall\/human-resources\/\">Ressources humaines<\/a> &gt; <a href=\"https:\/\/www.miamibeachfl.gov\/fr\/city-hall\/human-resources\/risk-management\/\">Gestion des risques<\/a> &gt; <strong>Assurance<\/strong><\/nav>\n\t<p>Afin de prot\u00e9ger les int\u00e9r\u00eats de la Ville de Miami Beach, certaines exigences en mati\u00e8re d&#039;assurance ont \u00e9t\u00e9 mises en place et doivent \u00eatre souscrites par tous les bailleurs, entrepreneurs, fournisseurs et autres personnes ou organisations qui utilisent ou fournissent des services \u00e0 la Ville. L&#039;objectif est d&#039;obtenir l&#039;assurance que le fournisseur, le vendeur ou toute autre partie disposera de la capacit\u00e9 financi\u00e8re (fonds d&#039;assurance) n\u00e9cessaire pour honorer ses promesses ou engagements en cas de sinistre.<\/p>\n<p>Tous les vendeurs, entrepreneurs et autres parties utilisant les installations de la ville doivent, \u00e0 leurs propres frais, souscrire et maintenir des polices d&#039;assurance \u00e0 jour qui prot\u00e8gent leurs propres int\u00e9r\u00eats et ceux de la ville contre les actions d\u00e9coulant ou r\u00e9sultant de leurs actions.<\/p>\n<p><strong><u>Exigences contractuelles en mati\u00e8re d&#039;assurance<\/u><\/strong><\/p>\n<p>Compte tenu de la vaste gamme de biens et services acquis par la Ville de Miami Beach dans le cadre de sa mission, les fournisseurs ont d&#039;excellentes opportunit\u00e9s de faire affaire avec elle. Les niveaux d&#039;assurance minimum qu&#039;un fournisseur est tenu de maintenir pendant toute la dur\u00e9e du contrat sont indiqu\u00e9s dans les exigences d&#039;assurance ci-jointes\u00a0:<\/p>\n<p>Les exigences en mati\u00e8re d&#039;assurance sont class\u00e9es par valeur du contrat et par type de service fourni. En fonction des crit\u00e8res du projet, veuillez utiliser le type de contrat appropri\u00e9 dans la liste fournie.<\/p>\n<p><em>Avis de non-responsabilit\u00e9 : La division de gestion des risques se r\u00e9serve le droit d&#039;adapter ses exigences en fonction des sp\u00e9cifications et des expositions potentielles.<\/em><\/p>\n<p><strong><a href=\"http:\/\/www.miamibeachfl.gov\/wp-content\/uploads\/2021\/06\/Contractual-Insurance-Guide.pdf\">Guide de l&#039;assurance contractuelle<\/a><\/strong><\/p>\n<p><strong><u>Guide des certificats d&#039;assurance<\/u><\/strong><\/p>\n<p>Veuillez consulter le guide des certificats d&#039;assurance ci-dessous. Ce guide vous permettra de conna\u00eetre toutes les exigences requises par la ville de Miami Beach pour approuver les certificats d&#039;assurance.<\/p>\n<p><em>Avertissement\u00a0: Ceci n&#039;est qu&#039;un guide. La division de gestion des risques se r\u00e9serve le droit d&#039;adapter ses exigences en fonction des sp\u00e9cifications et des expositions potentielles.<\/em><\/p>\n<p><strong><a href=\"http:\/\/www.miamibeachfl.gov\/wp-content\/uploads\/2021\/06\/Certificate-of-Insurance-Guide-15K-to-100K.pdf\">Guide du certificat d&#039;assurance ($15K \u00e0 $100K)<\/a><\/strong><\/p>\n<p><strong><u>Exigences relatives \u00e0 la licence BTR<\/u><\/strong><\/p>\n<p>Les exigences en mati\u00e8re d&#039;assurance pour les permis et licences sont list\u00e9es ci-dessous. Chaque type de permis ou de licence a des exigences diff\u00e9rentes selon le service ou l&#039;activit\u00e9 fourni par l&#039;entit\u00e9. Tous les permis et licences n\u00e9cessitent une assurance accidents du travail, sauf si une exemption est pr\u00e9vue. De plus, la Ville de Miami Beach exige une note AM Best de \u00ab\u00a0A\u00a0\u00bb ou sup\u00e9rieure. \u00c0 d\u00e9faut de cette note, nous ne pourrons pas approuver la d\u00e9claration d&#039;assurance responsabilit\u00e9 civile des entreprises. Veuillez noter que la Ville de Miami Beach doit \u00eatre mentionn\u00e9e comme assur\u00e9 suppl\u00e9mentaire en mati\u00e8re de responsabilit\u00e9 civile des entreprises.<\/p>\n<p><em>Avis de non-responsabilit\u00e9 : La division de gestion des risques se r\u00e9serve le droit d&#039;adapter ses exigences en fonction des sp\u00e9cifications et des expositions potentielles.<\/em><\/p>\n<p><strong><a href=\"http:\/\/www.miamibeachfl.gov\/wp-content\/uploads\/2021\/06\/BTR-Insurance-Requirements.pdf\">Exigences en mati\u00e8re d&#039;assurance BTR<\/a><\/strong><\/p>\n<p><strong><u>Re\u00e7us fiscaux pour les entreprises<\/u><\/strong><\/p>\n<p>Toutes les entreprises situ\u00e9es dans les limites de la ville de Miami Beach doivent obtenir un re\u00e7u d&#039;imp\u00f4t sur les soci\u00e9t\u00e9s avant le d\u00e9but de leur activit\u00e9, l&#039;ann\u00e9e d&#039;imposition des soci\u00e9t\u00e9s commen\u00e7ant le 1er octobre de chaque ann\u00e9e.<sup>St<\/sup>\u00a0jusqu&#039;au 30 septembre<sup>\u00e8me<\/sup>Avant qu&#039;un fournisseur puisse \u00eatre approuv\u00e9 pour un re\u00e7u fiscal professionnel, il doit d&#039;abord soumettre son assurance commerciale conform\u00e9ment aux exigences d&#039;assurance de la ville de Miami Beach.<\/p>\n<p><strong><a href=\"https:\/\/www.miamibeachfl.gov\/fr\/city-hall\/finance\/business-tax-receipts-btr\/\">https:\/\/www.miamibeachfl.gov\/city-hall\/finance\/business-tax-receipts-btr\/<\/a><\/strong><\/p>\n<p><strong><u>Permis d&#039;\u00e9v\u00e9nement sp\u00e9cial<\/u><\/strong><\/p>\n<p>Un \u00e9v\u00e9nement sp\u00e9cial est d\u00e9fini comme tout \u00e9v\u00e9nement commercial ou priv\u00e9 temporaire, int\u00e9rieur ou ext\u00e9rieur, et le promoteur de l&#039;\u00e9v\u00e9nement doit fournir \u00e0 la Ville un certificat d&#039;assurance avec les exigences suivantes jointes ci-dessous :<\/p>\n<p><strong><a href=\"http:\/\/www.miamibeachfl.gov\/wp-content\/uploads\/2021\/06\/Special-Events-Insurance-Requirements.pdf\">Exigences en mati\u00e8re d&#039;assurance pour les \u00e9v\u00e9nements sp\u00e9ciaux<\/a><\/strong><\/p>\n<p>La Ville propose une assurance via son programme d&#039;assurance responsabilit\u00e9 civile locataire (TULIP), couvrant les \u00e9v\u00e9nements tels que les s\u00e9minaires, r\u00e9ceptions, mariages, \u00e9v\u00e9nements sportifs et concerts. Pour acc\u00e9der au programme, veuillez utiliser ce lien\u00a0:\u00a0<strong><a href=\"http:\/\/www.onebeaconentertainment.com\/\">http:\/\/www.onebeaconentertainment.com\/<\/a><\/strong><\/p>\n<ul>\n<li>Sous\u00a0<u>TULIP \u2013 Assurance \u00e9v\u00e9nementielle\u00a0<\/u>cliquez sur\u00a0<u>Achat ou Devis<\/u><\/li>\n<li>Recherchez votre lieu sous \u00ab Miami Beach \u00bb et r\u00e9pondez \u00e0 quelques questions de base en trois \u00e9tapes.<\/li>\n<li>Compl\u00e9tez les trois premi\u00e8res \u00e9tapes du formulaire pour obtenir un devis<\/li>\n<li>En cas de probl\u00e8me, appelez le 800-507-8414 (de 8 h 30 \u00e0 17 h 00, heure du Pacifique)<\/li>\n<\/ul>\n<p><strong><u>Parcs et loisirs<\/u><\/strong><\/p>\n<p>La ville de Miami Beach a \u00e9tabli des politiques et des proc\u00e9dures concernant la location des installations appartenant \u00e0 la ville, veuillez consulter les documents ci-joints ci-dessous\u00a0:<\/p>\n<p><strong><a href=\"http:\/\/www.miamibeachfl.gov\/wp-content\/uploads\/2021\/06\/Indemnification-and-Insurance-Parks-Rec-Insurance-Requirements-.pdf\">Exigences en mati\u00e8re d&#039;assurance pour les parcs et les loisirs<\/a><\/strong><\/p>\n<p><em>Remarque : si le vendeur sert de l&#039;alcool, il devra fournir une assurance responsabilit\u00e9 civile en mati\u00e8re d&#039;alcool.<\/em><em>.<\/em><\/p>\n<p>De plus, la division de gestion des risques a mis en place les exigences suivantes jointes ci-dessous pour toutes les demandes de location d&#039;installations de la ville :<\/p>\n<p><strong><a href=\"http:\/\/www.miamibeachfl.gov\/wp-content\/uploads\/2021\/06\/Parks-Facility-Rental-Contract.pdf\">Contrat de location des installations du parc<\/a><\/strong><\/p>\n<p><u>Exigences relatives aux \u00e9v\u00e9nements sp\u00e9ciaux<\/u><\/p>\n<p>La Ville propose une assurance via son programme d&#039;assurance responsabilit\u00e9 civile locataire (TULIP), couvrant les \u00e9v\u00e9nements tels que les s\u00e9minaires, r\u00e9ceptions, mariages, \u00e9v\u00e9nements sportifs et concerts. Pour acc\u00e9der au programme, veuillez utiliser ce lien\u00a0:\u00a0<strong><a href=\"http:\/\/www.onebeaconentertainment.com\/\">http:\/\/www.onebeaconentertainment.com\/<\/a><\/strong><\/p>\n<ul>\n<li>Sous\u00a0<u>TULIP \u2013 Assurance \u00e9v\u00e9nementielle\u00a0<\/u>cliquez sur\u00a0<u>Achat ou Devis<\/u><\/li>\n<li>Recherchez votre lieu sous \u00ab Miami Beach \u00bb et r\u00e9pondez \u00e0 quelques questions de base en trois \u00e9tapes.<\/li>\n<li>Compl\u00e9tez les trois premi\u00e8res \u00e9tapes du formulaire pour obtenir un devis<\/li>\n<li>En cas de probl\u00e8me, appelez le 800-507-8414 (de 8 h 30 \u00e0 17 h 00, heure du Pacifique)<\/li>\n<\/ul>\n\t\tAcc\u00e9der \u00e0\u2026\t\t\t\n\t\t\t\t\t<ul id=\"menu-hr-risk-management\"><li id=\"menu-item-362860\"><a href=\"https:\/\/live.origamirisk.com\/Origami\/IncidentEntry\/Direct?token=1m7WARXGbeVTcu0kSmjRZIvg%2BA7bM5c8cecCLfcBgCmrP1jweHqJDH7SwyT2A%2FyfPZ53YZ2GPFmpD%2B9%2FglKWmYrTHwN8B50XcpScmfAkXJkvbwe7XfTP3fZKWocX%2BB5Y\">Portail des r\u00e9clamations<\/a><\/li>\n<li id=\"menu-item-362855\"><a href=\"\/fr\/city-hall\/human-resources\/risk-management\/claims\/\">R\u00e9clamations<\/a><\/li>\n<li id=\"menu-item-362857\"><a href=\"\/fr\/city-hall\/human-resources\/risk-management\/safety\/\">S\u00e9curit\u00e9<\/a><\/li>\n<li id=\"menu-item-362859\"><a href=\"\/fr\/city-hall\/human-resources\/risk-management\/insurance\/\">Assurance<\/a><\/li>\n<\/ul>\t\n\t<div class=\"page-navigation\"><a class=\"prev-page\" href=\"https:\/\/www.miamibeachfl.gov\/fr\/city-hall\/office-of-organizational-development\/\">\u2190 Initiatives en mati\u00e8re d&#039;\u00e9ducation et de performance<\/a> <a class=\"next-page\" href=\"https:\/\/www.miamibeachfl.gov\/fr\/city-hall\/finance\/payview-utility-bill\/\">Payer\/consulter la facture de services publics \u2192<\/a><\/div>","protected":false},"excerpt":{"rendered":"<p>Insurance Home &gt; City Hall &gt; Human Resources &gt; Risk Management &gt; Insurance In order to protect the interest of [&hellip;]<\/p>\n","protected":false},"author":222,"featured_media":0,"parent":38693,"menu_order":257,"comment_status":"closed","ping_status":"closed","template":"","meta":{"_searchwp_excluded":"","site-sidebar-layout":"default","site-content-layout":"","ast-site-content-layout":"default","site-content-style":"default","site-sidebar-style":"default","ast-global-header-display":"","ast-banner-title-visibility":"","ast-main-header-display":"","ast-hfb-above-header-display":"","ast-hfb-below-header-display":"","ast-hfb-mobile-header-display":"","site-post-title":"","ast-breadcrumbs-content":"","ast-featured-img":"","footer-sml-layout":"","theme-transparent-header-meta":"","adv-header-id-meta":"","stick-header-meta":"","header-above-stick-meta":"","header-main-stick-meta":"","header-below-stick-meta":"","astra-migrate-meta-layouts":"default","ast-page-background-enabled":"default","ast-page-background-meta":{"desktop":{"background-color":"var(--ast-global-color-5)","background-image":"","background-repeat":"repeat","background-position":"center center","background-size":"auto","background-attachment":"scroll","background-type":"","background-media":"","overlay-type":"","overlay-color":"","overlay-opacity":"","overlay-gradient":""},"tablet":{"background-color":"","background-image":"","background-repeat":"repeat","background-position":"center center","background-size":"auto","background-attachment":"scroll","background-type":"","background-media":"","overlay-type":"","overlay-color":"","overlay-opacity":"","overlay-gradient":""},"mobile":{"background-color":"","background-image":"","background-repeat":"repeat","background-position":"center center","background-size":"auto","background-attachment":"scroll","background-type":"","background-media":"","overlay-type":"","overlay-color":"","overlay-opacity":"","overlay-gradient":""}},"ast-content-background-meta":{"desktop":{"background-color":"var(--ast-global-color-4)","background-image":"","background-repeat":"repeat","background-position":"center center","background-size":"auto","background-attachment":"scroll","background-type":"","background-media":"","overlay-type":"","overlay-color":"","overlay-opacity":"","overlay-gradient":""},"tablet":{"background-color":"var(--ast-global-color-4)","background-image":"","background-repeat":"repeat","background-position":"center center","background-size":"auto","background-attachment":"scroll","background-type":"","background-media":"","overlay-type":"","overlay-color":"","overlay-opacity":"","overlay-gradient":""},"mobile":{"background-color":"var(--ast-global-color-4)","background-image":"","background-repeat":"repeat","background-position":"center center","background-size":"auto","background-attachment":"scroll","background-type":"","background-media":"","overlay-type":"","overlay-color":"","overlay-opacity":"","overlay-gradient":""}},"footnotes":""},"categories":[],"tags":[],"class_list":["post-38696","page","type-page","status-publish","hentry"],"yoast_head":"<!-- This site is optimized with the Yoast SEO Premium plugin v27.4 (Yoast SEO v27.4) - https:\/\/yoast.com\/product\/yoast-seo-premium-wordpress\/ -->\n<title>Insurance - City of Miami Beach<\/title>\n<meta name=\"description\" content=\"%\" \/>\n<meta name=\"robots\" content=\"index, follow, max-snippet:-1, max-image-preview:large, max-video-preview:-1\" \/>\n<link rel=\"canonical\" href=\"https:\/\/www.miamibeachfl.gov\/fr\/city-hall\/human-resources\/risk-management\/insurance\/\" \/>\n<meta property=\"og:locale\" content=\"fr_FR\" \/>\n<meta property=\"og:type\" content=\"article\" \/>\n<meta property=\"og:title\" content=\"Insurance\" \/>\n<meta property=\"og:description\" content=\"%\" \/>\n<meta property=\"og:url\" content=\"https:\/\/www.miamibeachfl.gov\/fr\/city-hall\/human-resources\/risk-management\/insurance\/\" \/>\n<meta property=\"og:site_name\" content=\"City of Miami Beach\" \/>\n<meta property=\"article:publisher\" content=\"https:\/\/www.facebook.com\/cityofmiamibeach\" \/>\n<meta property=\"article:modified_time\" content=\"2026-03-02T21:31:22+00:00\" \/>\n<meta property=\"og:image\" content=\"https:\/\/www.miamibeachfl.gov\/wp-content\/uploads\/2024\/01\/1000pxSquare-miamibeach-aerial-southpointview.jpeg\" \/>\n\t<meta property=\"og:image:width\" content=\"1000\" \/>\n\t<meta property=\"og:image:height\" content=\"1000\" \/>\n\t<meta property=\"og:image:type\" content=\"image\/jpeg\" \/>\n<meta name=\"twitter:card\" content=\"summary_large_image\" \/>\n<meta name=\"twitter:site\" content=\"@Miamibeachnews\" \/>\n<script type=\"application\/ld+json\" class=\"yoast-schema-graph\">{\"@context\":\"https:\\\/\\\/schema.org\",\"@graph\":[{\"@type\":\"WebPage\",\"@id\":\"https:\\\/\\\/www.miamibeachfl.gov\\\/city-hall\\\/human-resources\\\/risk-management\\\/insurance\\\/\",\"url\":\"https:\\\/\\\/www.miamibeachfl.gov\\\/city-hall\\\/human-resources\\\/risk-management\\\/insurance\\\/\",\"name\":\"Insurance - City of Miami Beach\",\"isPartOf\":{\"@id\":\"https:\\\/\\\/www.miamibeachfl.gov\\\/#website\"},\"datePublished\":\"2017-10-20T15:10:53+00:00\",\"dateModified\":\"2026-03-02T21:31:22+00:00\",\"description\":\"%\",\"breadcrumb\":{\"@id\":\"https:\\\/\\\/www.miamibeachfl.gov\\\/city-hall\\\/human-resources\\\/risk-management\\\/insurance\\\/#breadcrumb\"},\"inLanguage\":\"fr-FR\",\"potentialAction\":[{\"@type\":\"ReadAction\",\"target\":[\"https:\\\/\\\/www.miamibeachfl.gov\\\/city-hall\\\/human-resources\\\/risk-management\\\/insurance\\\/\"]}]},{\"@type\":\"BreadcrumbList\",\"@id\":\"https:\\\/\\\/www.miamibeachfl.gov\\\/city-hall\\\/human-resources\\\/risk-management\\\/insurance\\\/#breadcrumb\",\"itemListElement\":[{\"@type\":\"ListItem\",\"position\":1,\"name\":\"Home\",\"item\":\"https:\\\/\\\/www.miamibeachfl.gov\\\/\"},{\"@type\":\"ListItem\",\"position\":2,\"name\":\"City Hall\",\"item\":\"https:\\\/\\\/www.miamibeachfl.gov\\\/city-hall\\\/\"},{\"@type\":\"ListItem\",\"position\":3,\"name\":\"Human Resources\",\"item\":\"https:\\\/\\\/www.miamibeachfl.gov\\\/city-hall\\\/human-resources\\\/\"},{\"@type\":\"ListItem\",\"position\":4,\"name\":\"Risk Management\",\"item\":\"https:\\\/\\\/www.miamibeachfl.gov\\\/city-hall\\\/human-resources\\\/risk-management\\\/\"},{\"@type\":\"ListItem\",\"position\":5,\"name\":\"Insurance\"}]},{\"@type\":\"WebSite\",\"@id\":\"https:\\\/\\\/www.miamibeachfl.gov\\\/#website\",\"url\":\"https:\\\/\\\/www.miamibeachfl.gov\\\/\",\"name\":\"City of Miami Beach\",\"description\":\"The official website of the City of Miami Beach. Stay informed, find important information on city services, news, alerts, events, trolley routes, government employment and more.\",\"publisher\":{\"@id\":\"https:\\\/\\\/www.miamibeachfl.gov\\\/#organization\"},\"potentialAction\":[{\"@type\":\"SearchAction\",\"target\":{\"@type\":\"EntryPoint\",\"urlTemplate\":\"https:\\\/\\\/www.miamibeachfl.gov\\\/?s={search_term_string}\"},\"query-input\":{\"@type\":\"PropertyValueSpecification\",\"valueRequired\":true,\"valueName\":\"search_term_string\"}}],\"inLanguage\":\"fr-FR\"},{\"@type\":\"Organization\",\"@id\":\"https:\\\/\\\/www.miamibeachfl.gov\\\/#organization\",\"name\":\"City of Miami Beach\",\"url\":\"https:\\\/\\\/www.miamibeachfl.gov\\\/\",\"logo\":{\"@type\":\"ImageObject\",\"inLanguage\":\"fr-FR\",\"@id\":\"https:\\\/\\\/www.miamibeachfl.gov\\\/#\\\/schema\\\/logo\\\/image\\\/\",\"url\":\"https:\\\/\\\/www.miamibeachfl.gov\\\/wp-content\\\/uploads\\\/2022\\\/06\\\/miamibeach-logoblue.png\",\"contentUrl\":\"https:\\\/\\\/www.miamibeachfl.gov\\\/wp-content\\\/uploads\\\/2022\\\/06\\\/miamibeach-logoblue.png\",\"width\":1962,\"height\":381,\"caption\":\"City of Miami Beach\"},\"image\":{\"@id\":\"https:\\\/\\\/www.miamibeachfl.gov\\\/#\\\/schema\\\/logo\\\/image\\\/\"},\"sameAs\":[\"https:\\\/\\\/www.facebook.com\\\/cityofmiamibeach\",\"https:\\\/\\\/x.com\\\/Miamibeachnews\",\"https:\\\/\\\/www.instagram.com\\\/miamibeachnews\\\/\"],\"description\":\"The official website of the City of Miami Beach. Stay informed, find important information on city services, news, alerts, events, trolley routes, government employment and more.\",\"telephone\":\"305.604.CITY(2489)\",\"legalName\":\"City of Miami Beach\"}]}<\/script>\n<!-- \/ Yoast SEO Premium plugin. -->","yoast_head_json":{"title":"Assurance - Ville de Miami Beach","description":"%","robots":{"index":"index","follow":"follow","max-snippet":"max-snippet:-1","max-image-preview":"max-image-preview:large","max-video-preview":"max-video-preview:-1"},"canonical":"https:\/\/www.miamibeachfl.gov\/fr\/city-hall\/human-resources\/risk-management\/insurance\/","og_locale":"fr_FR","og_type":"article","og_title":"Insurance","og_description":"%","og_url":"https:\/\/www.miamibeachfl.gov\/fr\/city-hall\/human-resources\/risk-management\/insurance\/","og_site_name":"City of Miami Beach","article_publisher":"https:\/\/www.facebook.com\/cityofmiamibeach","article_modified_time":"2026-03-02T21:31:22+00:00","og_image":[{"width":1000,"height":1000,"url":"https:\/\/www.miamibeachfl.gov\/wp-content\/uploads\/2024\/01\/1000pxSquare-miamibeach-aerial-southpointview.jpeg","type":"image\/jpeg"}],"twitter_card":"summary_large_image","twitter_site":"@Miamibeachnews","schema":{"@context":"https:\/\/schema.org","@graph":[{"@type":"WebPage","@id":"https:\/\/www.miamibeachfl.gov\/city-hall\/human-resources\/risk-management\/insurance\/","url":"https:\/\/www.miamibeachfl.gov\/city-hall\/human-resources\/risk-management\/insurance\/","name":"Assurance - Ville de Miami Beach","isPartOf":{"@id":"https:\/\/www.miamibeachfl.gov\/#website"},"datePublished":"2017-10-20T15:10:53+00:00","dateModified":"2026-03-02T21:31:22+00:00","description":"%","breadcrumb":{"@id":"https:\/\/www.miamibeachfl.gov\/city-hall\/human-resources\/risk-management\/insurance\/#breadcrumb"},"inLanguage":"fr-FR","potentialAction":[{"@type":"ReadAction","target":["https:\/\/www.miamibeachfl.gov\/city-hall\/human-resources\/risk-management\/insurance\/"]}]},{"@type":"BreadcrumbList","@id":"https:\/\/www.miamibeachfl.gov\/city-hall\/human-resources\/risk-management\/insurance\/#breadcrumb","itemListElement":[{"@type":"ListItem","position":1,"name":"Home","item":"https:\/\/www.miamibeachfl.gov\/"},{"@type":"ListItem","position":2,"name":"City Hall","item":"https:\/\/www.miamibeachfl.gov\/city-hall\/"},{"@type":"ListItem","position":3,"name":"Human Resources","item":"https:\/\/www.miamibeachfl.gov\/city-hall\/human-resources\/"},{"@type":"ListItem","position":4,"name":"Risk Management","item":"https:\/\/www.miamibeachfl.gov\/city-hall\/human-resources\/risk-management\/"},{"@type":"ListItem","position":5,"name":"Insurance"}]},{"@type":"WebSite","@id":"https:\/\/www.miamibeachfl.gov\/#website","url":"https:\/\/www.miamibeachfl.gov\/","name":"Ville de Miami Beach","description":"Site officiel de la ville de Miami Beach. Restez inform\u00e9 et trouvez des informations importantes sur les services municipaux, les actualit\u00e9s, les alertes, les \u00e9v\u00e9nements, les itin\u00e9raires de tramway, les emplois gouvernementaux et bien plus encore.","publisher":{"@id":"https:\/\/www.miamibeachfl.gov\/#organization"},"potentialAction":[{"@type":"SearchAction","target":{"@type":"EntryPoint","urlTemplate":"https:\/\/www.miamibeachfl.gov\/?s={search_term_string}"},"query-input":{"@type":"PropertyValueSpecification","valueRequired":true,"valueName":"search_term_string"}}],"inLanguage":"fr-FR"},{"@type":"Organization","@id":"https:\/\/www.miamibeachfl.gov\/#organization","name":"Ville de Miami Beach","url":"https:\/\/www.miamibeachfl.gov\/","logo":{"@type":"ImageObject","inLanguage":"fr-FR","@id":"https:\/\/www.miamibeachfl.gov\/#\/schema\/logo\/image\/","url":"https:\/\/www.miamibeachfl.gov\/wp-content\/uploads\/2022\/06\/miamibeach-logoblue.png","contentUrl":"https:\/\/www.miamibeachfl.gov\/wp-content\/uploads\/2022\/06\/miamibeach-logoblue.png","width":1962,"height":381,"caption":"City of Miami Beach"},"image":{"@id":"https:\/\/www.miamibeachfl.gov\/#\/schema\/logo\/image\/"},"sameAs":["https:\/\/www.facebook.com\/cityofmiamibeach","https:\/\/x.com\/Miamibeachnews","https:\/\/www.instagram.com\/miamibeachnews\/"],"description":"Site officiel de la ville de Miami Beach. Restez inform\u00e9 et trouvez des informations importantes sur les services municipaux, les actualit\u00e9s, les alertes, les \u00e9v\u00e9nements, les itin\u00e9raires de tramway, les emplois gouvernementaux et bien plus encore.","telephone":"305.604.CITY(2489)","legalName":"City of Miami Beach"}]}},"_links":{"self":[{"href":"https:\/\/www.miamibeachfl.gov\/fr\/wp-json\/wp\/v2\/pages\/38696","targetHints":{"allow":["GET"]}}],"collection":[{"href":"https:\/\/www.miamibeachfl.gov\/fr\/wp-json\/wp\/v2\/pages"}],"about":[{"href":"https:\/\/www.miamibeachfl.gov\/fr\/wp-json\/wp\/v2\/types\/page"}],"author":[{"embeddable":true,"href":"https:\/\/www.miamibeachfl.gov\/fr\/wp-json\/wp\/v2\/users\/222"}],"replies":[{"embeddable":true,"href":"https:\/\/www.miamibeachfl.gov\/fr\/wp-json\/wp\/v2\/comments?post=38696"}],"version-history":[{"count":1,"href":"https:\/\/www.miamibeachfl.gov\/fr\/wp-json\/wp\/v2\/pages\/38696\/revisions"}],"predecessor-version":[{"id":396945,"href":"https:\/\/www.miamibeachfl.gov\/fr\/wp-json\/wp\/v2\/pages\/38696\/revisions\/396945"}],"up":[{"embeddable":true,"href":"https:\/\/www.miamibeachfl.gov\/fr\/wp-json\/wp\/v2\/pages\/38693"}],"wp:attachment":[{"href":"https:\/\/www.miamibeachfl.gov\/fr\/wp-json\/wp\/v2\/media?parent=38696"}],"wp:term":[{"taxonomy":"category","embeddable":true,"href":"https:\/\/www.miamibeachfl.gov\/fr\/wp-json\/wp\/v2\/categories?post=38696"},{"taxonomy":"post_tag","embeddable":true,"href":"https:\/\/www.miamibeachfl.gov\/fr\/wp-json\/wp\/v2\/tags?post=38696"}],"curies":[{"name":"wp","href":"https:\/\/api.w.org\/{rel}","templated":true}]}}