{"id":38736,"date":"2017-10-20T15:07:14","date_gmt":"2017-10-20T19:07:14","guid":{"rendered":"http:\/\/www.miamibeachfl.gov\/city-hall\/public-works\/elevator-division\/elevator-faqs\/"},"modified":"2026-03-03T10:24:39","modified_gmt":"2026-03-03T15:24:39","slug":"elevator-faqs","status":"publish","type":"page","link":"https:\/\/www.miamibeachfl.gov\/fr\/city-hall\/public-works\/elevator-division\/elevator-faqs\/","title":{"rendered":"FAQ sur les ascenseurs"},"content":{"rendered":"<img decoding=\"async\" src=\"https:\/\/www.miamibeachfl.gov\/wp-content\/uploads\/2022\/07\/hero-small.jpg\" alt=\"ocean drive art deco buildings\" itemprop=\"image\" height=\"211\" width=\"2395\" title=\"petit h\u00e9ros\" onerror=\"this.style.display='none'\" loading=\"lazy\" \/>\n<h1>\n\t\t\tFAQ sur les ascenseurs\t<\/h1>\n\t<nav id=\"breadcrumbs\" aria-label=\"Fil d&#039;Ariane\"><a href=\"https:\/\/www.miamibeachfl.gov\/fr\/\">Maison<\/a> &gt; <a href=\"https:\/\/www.miamibeachfl.gov\/fr\/city-hall\/\">l&#039;h\u00f4tel de ville<\/a> &gt; <a href=\"https:\/\/www.miamibeachfl.gov\/fr\/city-hall\/public-works\/\">Travaux publics<\/a> &gt; <a href=\"https:\/\/www.miamibeachfl.gov\/fr\/city-hall\/public-works\/elevator-division\/\">Division des ascenseurs<\/a> &gt; <strong>FAQ sur les ascenseurs<\/strong><\/nav>\n\t<strong>Pourquoi y a-t-il un certificat d&#039;exploitation dans l&#039;ascenseur ?<br \/>\n<\/strong>Le certificat d&#039;exploitation est une licence qui autorise l&#039;exploitation de votre appareil \u00e9l\u00e9vateur. Il est d\u00e9livr\u00e9 apr\u00e8s que votre appareil a pass\u00e9 avec succ\u00e8s une inspection de s\u00e9curit\u00e9.<strong>Quelle est la diff\u00e9rence entre un certificat d\u2019exploitation d\u2019ascenseur et un permis d\u2019ascenseur ?<br \/>\n<\/strong>Un permis est requis pour l&#039;installation d&#039;un nouvel appareil \u00e9l\u00e9vateur ou pour la r\u00e9paration ou la modification d&#039;un appareil existant. Un certificat d&#039;exploitation est une licence d&#039;exploitation de l&#039;appareil. Seul un entrepreneur en ascenseurs agr\u00e9\u00e9 peut demander un permis.<strong>Quand expire le certificat d\u2019exploitation ?<br \/>\n<\/strong>La date d&#039;expiration du certificat sera g\u00e9n\u00e9r\u00e9e \u00e0 partir de la derni\u00e8re inspection et du dernier test effectu\u00e9s et restera la m\u00eame chaque ann\u00e9e. Voir le <a href=\"http:\/\/www.miamibeachfl.gov\/wp-content\/uploads\/2018\/06\/MIAMI-BEACH-ELEVATOR-CERTIFICATE-OF-OPERATION-NEW-POLICY-AND-PROCEDURE.pdf\">Certificat d&#039;exploitation des ascenseurs de Miami Beach\u00a0: nouvelle politique et proc\u00e9dure\u00a0<\/a>\u00a0formulaire pour plus d&#039;informations.\n<p><strong>Un paiement est-il requis pour recevoir le certificat d&#039;exploitation ?<\/strong><\/p>\n<p>Oui, un paiement est requis chaque ann\u00e9e pour chaque unit\u00e9. Nous vous enverrons une facture avec un formulaire de renouvellement chaque ann\u00e9e. Veuillez joindre ce formulaire (indiquant tout changement de propri\u00e9taire, de direction ou de soci\u00e9t\u00e9 de maintenance) \u00e0 votre paiement et nous le retourner par courrier.<\/p>\n\u200b\u200b\u200b<strong>\u200b<\/strong><strong>Que faire si le certificat d\u2019exploitation a expir\u00e9 ?<br \/>\n<\/strong>Ceci est une violation. Imm\u00e9diatement <strong>Contactez-nous<\/strong> Pour savoir comment obtenir un certificat \u00e0 jour, veuillez vous adresser \u00e0 l&#039;adresse indiqu\u00e9e ci-dessous. Tout manquement \u00e0 cette obligation entra\u00eenera des frais de retard et d&#039;\u00e9ventuelles amendes.<strong>\u200b<\/strong><strong>Quels appareils \u00e9l\u00e9vateurs n\u00e9cessitent un certificat d\u2019exploitation ?<br \/>\n<\/strong>Tous les ascenseurs commerciaux, monte-escaliers\/fauteuils roulants, escaliers m\u00e9caniques, trottoirs roulants, monte-plats et dispositifs \u00e0 usage limit\u00e9 et \u00e0 acc\u00e8s limit\u00e9 (LULA) de la ville de Miami Beach n\u00e9cessitent un certificat d&#039;exploitation. \u200b<strong>\u200b<\/strong><strong>Les appareils \u00e9l\u00e9vateurs n\u00e9cessitent-ils une inspection annuelle ?<br \/>\n<\/strong>Oui, les appareils \u00e9l\u00e9vateurs doivent \u00eatre test\u00e9s chaque ann\u00e9e pour garantir leur conformit\u00e9 en mati\u00e8re de s\u00e9curit\u00e9. Il est de votre responsabilit\u00e9 de faire appel \u00e0 une entreprise de maintenance d&#039;ascenseurs agr\u00e9\u00e9e pour effectuer ces tests dans l&#039;ann\u00e9e suivant votre derni\u00e8re inspection. Tous les appareils \u00e9l\u00e9vateurs doivent r\u00e9ussir une inspection annuelle, avec correction des \u00e9ventuelles infractions, avant la d\u00e9livrance d&#039;un certificat d&#039;exploitation.<strong>\u200b<\/strong><strong>Que se passe-t-il si l\u2019inspection annuelle n\u2019est pas effectu\u00e9e ?<br \/>\n<\/strong>Le fait de ne pas faire inspecter votre appareil peut vous exposer \u00e0 des p\u00e9nalit\u00e9s et des amendes et, si n\u00e9cessaire, il peut \u00eatre arr\u00eat\u00e9. \u200b<strong>\u200b<\/strong><strong>Que se passe-t-il si des infractions sont constat\u00e9es lors d\u2019une inspection annuelle ?<br \/>\n<\/strong>Toutes les infractions sont consign\u00e9es dans le rapport d&#039;inspection. Vous devez corriger toutes les infractions et \u00eatre r\u00e9inspect\u00e9 dans les d\u00e9lais. <strong>90 jours<\/strong> de l&#039;inspection. Vous devez corriger toutes les infractions avant qu&#039;un certificat d&#039;exploitation valide ne soit d\u00e9livr\u00e9. \u200b<strong>\u200b<\/strong><strong>Que se passe-t-il si les violations ne sont pas corrig\u00e9es dans les 90 jours ou pas du tout ?<br \/>\n<\/strong>Le non-respect de cette obligation dans un d\u00e9lai de 90 jours peut vous exposer \u00e0 des p\u00e9nalit\u00e9s et des amendes et, si n\u00e9cessaire, votre appareil peut \u00eatre arr\u00eat\u00e9. \u200b<strong>Qui est responsable de corriger les violations ?<br \/>\n<\/strong>Vous \u00eates responsable de la correction de toutes les infractions\u00a0; cependant, votre contrat d&#039;entretien d&#039;ascenseur peut couvrir tout ou partie des infractions. Contactez votre fournisseur d&#039;ascenseurs pour d\u00e9terminer qui est responsable\u00a0: vous, le fournisseur d&#039;ascenseurs ou les deux.<strong>\u200b<\/strong><strong>Que se passe-t-il une fois toutes les violations corrig\u00e9es ?<br \/>\n<\/strong>Une fois toutes les infractions corrig\u00e9es, vous ou le gestionnaire de votre immeuble devez signer et dater le bas de l&#039;exemplaire jaune du rapport d&#039;inspection, garantissant ainsi la correction de toutes les infractions. Vous devez ensuite nous retourner le rapport dans les 90 jours suivant l&#039;inspection. Si le certificat d&#039;exploitation de votre appareil est expir\u00e9, nous vous en d\u00e9livrerons un nouveau une fois les frais de renouvellement r\u00e9gl\u00e9s et tous les autres probl\u00e8mes r\u00e9solus.<strong>\u200b<\/strong><strong>Que se passe-t-il si la correction de certaines violations n\u00e9cessite plus de 90 jours ?<br \/>\n<\/strong>Nous pouvons vous aider \u00e0 rechercher un <strong>Variation temporaire<\/strong>, ce qui peut prolonger votre d\u00e9lai de conformit\u00e9 au-del\u00e0 de 90 jours. \u200b<strong>\u200b<\/strong><strong>Qu&#039;est-ce qu&#039;une variance ?<br \/>\n<\/strong>Il s&#039;agit d&#039;une autorisation officielle de notre part prolongeant la p\u00e9riode de 90 jours impos\u00e9e par la loi de Floride, au cours de laquelle vous pouvez effectuer toutes les r\u00e9parations et corrections n\u00e9cessaires \u00e0 votre appareil \u00e9l\u00e9vateur. \u200b<strong>\u200b<\/strong><strong>Est-il n\u00e9cessaire de tenir \u00e0 jour toutes les coordonn\u00e9es du propri\u00e9taire aupr\u00e8s de la section Ascenseur ?<br \/>\n<\/strong>Oui. Nous devrions pouvoir vous contacter pour d\u00e9terminer et garantir le bon fonctionnement de votre appareil. Le non-respect de vos informations et des coordonn\u00e9es de votre entreprise de maintenance d&#039;ascenseurs peut vous exposer \u00e0 des amendes administratives et \u00e0 toute autre sanction pr\u00e9vue par la loi. Pour toute question concernant les ascenseurs, n&#039;h\u00e9sitez pas \u00e0 nous contacter par courriel \u00e0\u00a0:<br \/>\nJoey Gan, inspecteur en chef des ascenseurs<br \/>\n<a href=\"mailto:Joeygan@miamibeachfl.gov\">Joeygan@miamibeachfl.gov<\/a>\n\t\tAcc\u00e9der \u00e0\u2026\t\t\t\n\t\t\t\t\t<ul id=\"menu-public-works-elevator\"><li id=\"menu-item-364284\"><a href=\"\/fr\/city-hall\/public-works\/elevator-division\/elevator-faqs\/\">FAQ sur les ascenseurs<\/a><\/li>\n<li id=\"menu-item-364285\"><a href=\"\/fr\/city-hall\/public-works\/elevator-division\/elevator-forms\/\">Formulaires d&#039;ascenseur<\/a><\/li>\n<li id=\"menu-item-364286\"><a href=\"\/fr\/city-hall\/public-works\/elevator-division\/elevator-permit\/\">Permis d&#039;ascenseur<\/a><\/li>\n<li id=\"menu-item-364288\"><a href=\"\/fr\/city-hall\/public-works\/elevator-division\/elevator-status-fees\/\">Frais d&#039;\u00e9tat des ascenseurs<\/a><\/li>\n<li id=\"menu-item-364289\"><a href=\"\/fr\/city-hall\/public-works\/elevator-division\/regulations-requirements\/\">R\u00e8glements et exigences<\/a><\/li>\n<li id=\"menu-item-364290\"><a href=\"\/fr\/city-hall\/public-works\/elevator-division\/prescriptive-based-process\/\">D\u00e9claration des accidents d&#039;ascenseur<\/a><\/li>\n<li id=\"menu-item-364291\"><a href=\"\/fr\/city-hall\/public-works\/elevator-division\/requesting-an-inspection\/\">Demande d&#039;inspection<\/a><\/li>\n<\/ul>\t\n\t<div class=\"page-navigation\"><a class=\"prev-page\" href=\"https:\/\/www.miamibeachfl.gov\/fr\/city-hall\/public-works\/elevator-division\/elevator-status-fees\/\">\u2190 Frais d&#039;\u00e9tat des ascenseurs<\/a> <a class=\"next-page\" href=\"https:\/\/www.miamibeachfl.gov\/fr\/city-hall\/public-works\/elevator-division\/prescriptive-based-process\/\">D\u00e9claration des accidents d&#039;ascenseur \u2192<\/a><\/div>","protected":false},"excerpt":{"rendered":"<p>Elevator FAQs Home &gt; City Hall &gt; Public Works &gt; Elevator Division &gt; Elevator FAQs Why is there a Certificate [&hellip;]<\/p>\n","protected":false},"author":222,"featured_media":0,"parent":28943,"menu_order":0,"comment_status":"closed","ping_status":"closed","template":"","meta":{"_searchwp_excluded":"","site-sidebar-layout":"default","site-content-layout":"","ast-site-content-layout":"default","site-content-style":"default","site-sidebar-style":"default","ast-global-header-display":"","ast-banner-title-visibility":"","ast-main-header-display":"","ast-hfb-above-header-display":"","ast-hfb-below-header-display":"","ast-hfb-mobile-header-display":"","site-post-title":"","ast-breadcrumbs-content":"","ast-featured-img":"","footer-sml-layout":"","theme-transparent-header-meta":"","adv-header-id-meta":"","stick-header-meta":"","header-above-stick-meta":"","header-main-stick-meta":"","header-below-stick-meta":"","astra-migrate-meta-layouts":"default","ast-page-background-enabled":"default","ast-page-background-meta":{"desktop":{"background-color":"var(--ast-global-color-5)","background-image":"","background-repeat":"repeat","background-position":"center center","background-size":"auto","background-attachment":"scroll","background-type":"","background-media":"","overlay-type":"","overlay-color":"","overlay-opacity":"","overlay-gradient":""},"tablet":{"background-color":"","background-image":"","background-repeat":"repeat","background-position":"center center","background-size":"auto","background-attachment":"scroll","background-type":"","background-media":"","overlay-type":"","overlay-color":"","overlay-opacity":"","overlay-gradient":""},"mobile":{"background-color":"","background-image":"","background-repeat":"repeat","background-position":"center center","background-size":"auto","background-attachment":"scroll","background-type":"","background-media":"","overlay-type":"","overlay-color":"","overlay-opacity":"","overlay-gradient":""}},"ast-content-background-meta":{"desktop":{"background-color":"var(--ast-global-color-4)","background-image":"","background-repeat":"repeat","background-position":"center center","background-size":"auto","background-attachment":"scroll","background-type":"","background-media":"","overlay-type":"","overlay-color":"","overlay-opacity":"","overlay-gradient":""},"tablet":{"background-color":"var(--ast-global-color-4)","background-image":"","background-repeat":"repeat","background-position":"center center","background-size":"auto","background-attachment":"scroll","background-type":"","background-media":"","overlay-type":"","overlay-color":"","overlay-opacity":"","overlay-gradient":""},"mobile":{"background-color":"var(--ast-global-color-4)","background-image":"","background-repeat":"repeat","background-position":"center center","background-size":"auto","background-attachment":"scroll","background-type":"","background-media":"","overlay-type":"","overlay-color":"","overlay-opacity":"","overlay-gradient":""}},"footnotes":""},"categories":[],"tags":[],"class_list":["post-38736","page","type-page","status-publish","hentry"],"yoast_head":"<!-- This site is optimized with the Yoast SEO Premium plugin v27.4 (Yoast SEO v27.4) - https:\/\/yoast.com\/product\/yoast-seo-premium-wordpress\/ -->\n<title>Elevator FAQs - City of Miami Beach<\/title>\n<meta name=\"description\" content=\"%\" \/>\n<meta name=\"robots\" content=\"index, follow, max-snippet:-1, max-image-preview:large, max-video-preview:-1\" \/>\n<link rel=\"canonical\" href=\"https:\/\/www.miamibeachfl.gov\/fr\/city-hall\/public-works\/elevator-division\/elevator-faqs\/\" \/>\n<meta property=\"og:locale\" content=\"fr_FR\" \/>\n<meta property=\"og:type\" content=\"article\" \/>\n<meta property=\"og:title\" content=\"Elevator FAQs\" \/>\n<meta property=\"og:description\" content=\"%\" \/>\n<meta property=\"og:url\" content=\"https:\/\/www.miamibeachfl.gov\/fr\/city-hall\/public-works\/elevator-division\/elevator-faqs\/\" \/>\n<meta property=\"og:site_name\" content=\"City of Miami Beach\" \/>\n<meta property=\"article:publisher\" content=\"https:\/\/www.facebook.com\/cityofmiamibeach\" \/>\n<meta property=\"article:modified_time\" content=\"2026-03-03T15:24:39+00:00\" \/>\n<meta property=\"og:image\" content=\"https:\/\/www.miamibeachfl.gov\/wp-content\/uploads\/2022\/07\/hero-small.jpg\" \/>\n<meta name=\"twitter:card\" content=\"summary_large_image\" \/>\n<meta name=\"twitter:site\" content=\"@Miamibeachnews\" \/>\n<script type=\"application\/ld+json\" class=\"yoast-schema-graph\">{\"@context\":\"https:\\\/\\\/schema.org\",\"@graph\":[{\"@type\":\"WebPage\",\"@id\":\"https:\\\/\\\/www.miamibeachfl.gov\\\/city-hall\\\/public-works\\\/elevator-division\\\/elevator-faqs\\\/\",\"url\":\"https:\\\/\\\/www.miamibeachfl.gov\\\/city-hall\\\/public-works\\\/elevator-division\\\/elevator-faqs\\\/\",\"name\":\"Elevator FAQs - City of Miami Beach\",\"isPartOf\":{\"@id\":\"https:\\\/\\\/www.miamibeachfl.gov\\\/#website\"},\"primaryImageOfPage\":{\"@id\":\"https:\\\/\\\/www.miamibeachfl.gov\\\/city-hall\\\/public-works\\\/elevator-division\\\/elevator-faqs\\\/#primaryimage\"},\"image\":{\"@id\":\"https:\\\/\\\/www.miamibeachfl.gov\\\/city-hall\\\/public-works\\\/elevator-division\\\/elevator-faqs\\\/#primaryimage\"},\"thumbnailUrl\":\"https:\\\/\\\/www.miamibeachfl.gov\\\/wp-content\\\/uploads\\\/2022\\\/07\\\/hero-small.jpg\",\"datePublished\":\"2017-10-20T19:07:14+00:00\",\"dateModified\":\"2026-03-03T15:24:39+00:00\",\"description\":\"%\",\"breadcrumb\":{\"@id\":\"https:\\\/\\\/www.miamibeachfl.gov\\\/city-hall\\\/public-works\\\/elevator-division\\\/elevator-faqs\\\/#breadcrumb\"},\"inLanguage\":\"fr-FR\",\"potentialAction\":[{\"@type\":\"ReadAction\",\"target\":[\"https:\\\/\\\/www.miamibeachfl.gov\\\/city-hall\\\/public-works\\\/elevator-division\\\/elevator-faqs\\\/\"]}]},{\"@type\":\"ImageObject\",\"inLanguage\":\"fr-FR\",\"@id\":\"https:\\\/\\\/www.miamibeachfl.gov\\\/city-hall\\\/public-works\\\/elevator-division\\\/elevator-faqs\\\/#primaryimage\",\"url\":\"https:\\\/\\\/www.miamibeachfl.gov\\\/wp-content\\\/uploads\\\/2022\\\/07\\\/hero-small.jpg\",\"contentUrl\":\"https:\\\/\\\/www.miamibeachfl.gov\\\/wp-content\\\/uploads\\\/2022\\\/07\\\/hero-small.jpg\"},{\"@type\":\"BreadcrumbList\",\"@id\":\"https:\\\/\\\/www.miamibeachfl.gov\\\/city-hall\\\/public-works\\\/elevator-division\\\/elevator-faqs\\\/#breadcrumb\",\"itemListElement\":[{\"@type\":\"ListItem\",\"position\":1,\"name\":\"Home\",\"item\":\"https:\\\/\\\/www.miamibeachfl.gov\\\/\"},{\"@type\":\"ListItem\",\"position\":2,\"name\":\"City Hall\",\"item\":\"https:\\\/\\\/www.miamibeachfl.gov\\\/city-hall\\\/\"},{\"@type\":\"ListItem\",\"position\":3,\"name\":\"Public Works\",\"item\":\"https:\\\/\\\/www.miamibeachfl.gov\\\/city-hall\\\/public-works\\\/\"},{\"@type\":\"ListItem\",\"position\":4,\"name\":\"Elevator Division\",\"item\":\"https:\\\/\\\/www.miamibeachfl.gov\\\/city-hall\\\/public-works\\\/elevator-division\\\/\"},{\"@type\":\"ListItem\",\"position\":5,\"name\":\"Elevator FAQs\"}]},{\"@type\":\"WebSite\",\"@id\":\"https:\\\/\\\/www.miamibeachfl.gov\\\/#website\",\"url\":\"https:\\\/\\\/www.miamibeachfl.gov\\\/\",\"name\":\"City of Miami Beach\",\"description\":\"The official website of the City of Miami Beach. Stay informed, find important information on city services, news, alerts, events, trolley routes, government employment and more.\",\"publisher\":{\"@id\":\"https:\\\/\\\/www.miamibeachfl.gov\\\/#organization\"},\"potentialAction\":[{\"@type\":\"SearchAction\",\"target\":{\"@type\":\"EntryPoint\",\"urlTemplate\":\"https:\\\/\\\/www.miamibeachfl.gov\\\/?s={search_term_string}\"},\"query-input\":{\"@type\":\"PropertyValueSpecification\",\"valueRequired\":true,\"valueName\":\"search_term_string\"}}],\"inLanguage\":\"fr-FR\"},{\"@type\":\"Organization\",\"@id\":\"https:\\\/\\\/www.miamibeachfl.gov\\\/#organization\",\"name\":\"City of Miami Beach\",\"url\":\"https:\\\/\\\/www.miamibeachfl.gov\\\/\",\"logo\":{\"@type\":\"ImageObject\",\"inLanguage\":\"fr-FR\",\"@id\":\"https:\\\/\\\/www.miamibeachfl.gov\\\/#\\\/schema\\\/logo\\\/image\\\/\",\"url\":\"https:\\\/\\\/www.miamibeachfl.gov\\\/wp-content\\\/uploads\\\/2022\\\/06\\\/miamibeach-logoblue.png\",\"contentUrl\":\"https:\\\/\\\/www.miamibeachfl.gov\\\/wp-content\\\/uploads\\\/2022\\\/06\\\/miamibeach-logoblue.png\",\"width\":1962,\"height\":381,\"caption\":\"City of Miami Beach\"},\"image\":{\"@id\":\"https:\\\/\\\/www.miamibeachfl.gov\\\/#\\\/schema\\\/logo\\\/image\\\/\"},\"sameAs\":[\"https:\\\/\\\/www.facebook.com\\\/cityofmiamibeach\",\"https:\\\/\\\/x.com\\\/Miamibeachnews\",\"https:\\\/\\\/www.instagram.com\\\/miamibeachnews\\\/\"],\"description\":\"The official website of the City of Miami Beach. Stay informed, find important information on city services, news, alerts, events, trolley routes, government employment and more.\",\"telephone\":\"305.604.CITY(2489)\",\"legalName\":\"City of Miami Beach\"}]}<\/script>\n<!-- \/ Yoast SEO Premium plugin. -->","yoast_head_json":{"title":"FAQ sur les ascenseurs \u2013 Ville de Miami Beach","description":"%","robots":{"index":"index","follow":"follow","max-snippet":"max-snippet:-1","max-image-preview":"max-image-preview:large","max-video-preview":"max-video-preview:-1"},"canonical":"https:\/\/www.miamibeachfl.gov\/fr\/city-hall\/public-works\/elevator-division\/elevator-faqs\/","og_locale":"fr_FR","og_type":"article","og_title":"Elevator FAQs","og_description":"%","og_url":"https:\/\/www.miamibeachfl.gov\/fr\/city-hall\/public-works\/elevator-division\/elevator-faqs\/","og_site_name":"City of Miami Beach","article_publisher":"https:\/\/www.facebook.com\/cityofmiamibeach","article_modified_time":"2026-03-03T15:24:39+00:00","og_image":[{"url":"https:\/\/www.miamibeachfl.gov\/wp-content\/uploads\/2022\/07\/hero-small.jpg","type":"","width":"","height":""}],"twitter_card":"summary_large_image","twitter_site":"@Miamibeachnews","schema":{"@context":"https:\/\/schema.org","@graph":[{"@type":"WebPage","@id":"https:\/\/www.miamibeachfl.gov\/city-hall\/public-works\/elevator-division\/elevator-faqs\/","url":"https:\/\/www.miamibeachfl.gov\/city-hall\/public-works\/elevator-division\/elevator-faqs\/","name":"FAQ sur les ascenseurs \u2013 Ville de Miami Beach","isPartOf":{"@id":"https:\/\/www.miamibeachfl.gov\/#website"},"primaryImageOfPage":{"@id":"https:\/\/www.miamibeachfl.gov\/city-hall\/public-works\/elevator-division\/elevator-faqs\/#primaryimage"},"image":{"@id":"https:\/\/www.miamibeachfl.gov\/city-hall\/public-works\/elevator-division\/elevator-faqs\/#primaryimage"},"thumbnailUrl":"https:\/\/www.miamibeachfl.gov\/wp-content\/uploads\/2022\/07\/hero-small.jpg","datePublished":"2017-10-20T19:07:14+00:00","dateModified":"2026-03-03T15:24:39+00:00","description":"%","breadcrumb":{"@id":"https:\/\/www.miamibeachfl.gov\/city-hall\/public-works\/elevator-division\/elevator-faqs\/#breadcrumb"},"inLanguage":"fr-FR","potentialAction":[{"@type":"ReadAction","target":["https:\/\/www.miamibeachfl.gov\/city-hall\/public-works\/elevator-division\/elevator-faqs\/"]}]},{"@type":"ImageObject","inLanguage":"fr-FR","@id":"https:\/\/www.miamibeachfl.gov\/city-hall\/public-works\/elevator-division\/elevator-faqs\/#primaryimage","url":"https:\/\/www.miamibeachfl.gov\/wp-content\/uploads\/2022\/07\/hero-small.jpg","contentUrl":"https:\/\/www.miamibeachfl.gov\/wp-content\/uploads\/2022\/07\/hero-small.jpg"},{"@type":"BreadcrumbList","@id":"https:\/\/www.miamibeachfl.gov\/city-hall\/public-works\/elevator-division\/elevator-faqs\/#breadcrumb","itemListElement":[{"@type":"ListItem","position":1,"name":"Home","item":"https:\/\/www.miamibeachfl.gov\/"},{"@type":"ListItem","position":2,"name":"City Hall","item":"https:\/\/www.miamibeachfl.gov\/city-hall\/"},{"@type":"ListItem","position":3,"name":"Public Works","item":"https:\/\/www.miamibeachfl.gov\/city-hall\/public-works\/"},{"@type":"ListItem","position":4,"name":"Elevator Division","item":"https:\/\/www.miamibeachfl.gov\/city-hall\/public-works\/elevator-division\/"},{"@type":"ListItem","position":5,"name":"Elevator FAQs"}]},{"@type":"WebSite","@id":"https:\/\/www.miamibeachfl.gov\/#website","url":"https:\/\/www.miamibeachfl.gov\/","name":"Ville de Miami Beach","description":"Site officiel de la ville de Miami Beach. Restez inform\u00e9 et trouvez des informations importantes sur les services municipaux, les actualit\u00e9s, les alertes, les \u00e9v\u00e9nements, les itin\u00e9raires de tramway, les emplois gouvernementaux et bien plus encore.","publisher":{"@id":"https:\/\/www.miamibeachfl.gov\/#organization"},"potentialAction":[{"@type":"SearchAction","target":{"@type":"EntryPoint","urlTemplate":"https:\/\/www.miamibeachfl.gov\/?s={search_term_string}"},"query-input":{"@type":"PropertyValueSpecification","valueRequired":true,"valueName":"search_term_string"}}],"inLanguage":"fr-FR"},{"@type":"Organization","@id":"https:\/\/www.miamibeachfl.gov\/#organization","name":"Ville de Miami Beach","url":"https:\/\/www.miamibeachfl.gov\/","logo":{"@type":"ImageObject","inLanguage":"fr-FR","@id":"https:\/\/www.miamibeachfl.gov\/#\/schema\/logo\/image\/","url":"https:\/\/www.miamibeachfl.gov\/wp-content\/uploads\/2022\/06\/miamibeach-logoblue.png","contentUrl":"https:\/\/www.miamibeachfl.gov\/wp-content\/uploads\/2022\/06\/miamibeach-logoblue.png","width":1962,"height":381,"caption":"City of Miami Beach"},"image":{"@id":"https:\/\/www.miamibeachfl.gov\/#\/schema\/logo\/image\/"},"sameAs":["https:\/\/www.facebook.com\/cityofmiamibeach","https:\/\/x.com\/Miamibeachnews","https:\/\/www.instagram.com\/miamibeachnews\/"],"description":"Site officiel de la ville de Miami Beach. Restez inform\u00e9 et trouvez des informations importantes sur les services municipaux, les actualit\u00e9s, les alertes, les \u00e9v\u00e9nements, les itin\u00e9raires de tramway, les emplois gouvernementaux et bien plus encore.","telephone":"305.604.CITY(2489)","legalName":"City of Miami Beach"}]}},"_links":{"self":[{"href":"https:\/\/www.miamibeachfl.gov\/fr\/wp-json\/wp\/v2\/pages\/38736","targetHints":{"allow":["GET"]}}],"collection":[{"href":"https:\/\/www.miamibeachfl.gov\/fr\/wp-json\/wp\/v2\/pages"}],"about":[{"href":"https:\/\/www.miamibeachfl.gov\/fr\/wp-json\/wp\/v2\/types\/page"}],"author":[{"embeddable":true,"href":"https:\/\/www.miamibeachfl.gov\/fr\/wp-json\/wp\/v2\/users\/222"}],"replies":[{"embeddable":true,"href":"https:\/\/www.miamibeachfl.gov\/fr\/wp-json\/wp\/v2\/comments?post=38736"}],"version-history":[{"count":2,"href":"https:\/\/www.miamibeachfl.gov\/fr\/wp-json\/wp\/v2\/pages\/38736\/revisions"}],"predecessor-version":[{"id":397025,"href":"https:\/\/www.miamibeachfl.gov\/fr\/wp-json\/wp\/v2\/pages\/38736\/revisions\/397025"}],"up":[{"embeddable":true,"href":"https:\/\/www.miamibeachfl.gov\/fr\/wp-json\/wp\/v2\/pages\/28943"}],"wp:attachment":[{"href":"https:\/\/www.miamibeachfl.gov\/fr\/wp-json\/wp\/v2\/media?parent=38736"}],"wp:term":[{"taxonomy":"category","embeddable":true,"href":"https:\/\/www.miamibeachfl.gov\/fr\/wp-json\/wp\/v2\/categories?post=38736"},{"taxonomy":"post_tag","embeddable":true,"href":"https:\/\/www.miamibeachfl.gov\/fr\/wp-json\/wp\/v2\/tags?post=38736"}],"curies":[{"name":"wp","href":"https:\/\/api.w.org\/{rel}","templated":true}]}}