{"id":38739,"date":"2017-10-20T15:13:39","date_gmt":"2017-10-20T19:13:39","guid":{"rendered":"http:\/\/www.miamibeachfl.gov\/city-hall\/public-works\/elevator-division\/prescriptive-based-process\/"},"modified":"2026-03-03T10:26:47","modified_gmt":"2026-03-03T15:26:47","slug":"prescriptive-based-process","status":"publish","type":"page","link":"https:\/\/www.miamibeachfl.gov\/fr\/city-hall\/public-works\/elevator-division\/prescriptive-based-process\/","title":{"rendered":"D\u00e9claration des accidents d&#039;ascenseur"},"content":{"rendered":"<img decoding=\"async\" src=\"https:\/\/www.miamibeachfl.gov\/wp-content\/uploads\/2022\/07\/hero-small.jpg\" alt=\"ocean drive art deco buildings\" itemprop=\"image\" height=\"211\" width=\"2395\" title=\"petit h\u00e9ros\" onerror=\"this.style.display='none'\" loading=\"lazy\" \/>\n<h1>\n\t\t\tD\u00e9claration des accidents d&#039;ascenseur\t<\/h1>\n\t<nav id=\"breadcrumbs\" aria-label=\"Fil d&#039;Ariane\"><a href=\"https:\/\/www.miamibeachfl.gov\/fr\/\">Maison<\/a> &gt; <a href=\"https:\/\/www.miamibeachfl.gov\/fr\/city-hall\/\">l&#039;h\u00f4tel de ville<\/a> &gt; <a href=\"https:\/\/www.miamibeachfl.gov\/fr\/city-hall\/public-works\/\">Travaux publics<\/a> &gt; <a href=\"https:\/\/www.miamibeachfl.gov\/fr\/city-hall\/public-works\/elevator-division\/\">Division des ascenseurs<\/a> &gt; <strong>D\u00e9claration des accidents d&#039;ascenseur<\/strong><\/nav>\n\t<h3>D\u00e9claration des accidents d&#039;ascenseur<\/h3>\n<p>En cas d&#039;accident impliquant une blessure n\u00e9cessitant des soins m\u00e9dicaux, vous devez appeler <strong>911 imm\u00e9diatement<\/strong>Vous devez alors contacter le propri\u00e9taire ou la soci\u00e9t\u00e9 de gestion du propri\u00e9taire, quelle que soit la blessure.<\/p>\n<p>Tout accident doit \u00eatre signal\u00e9 au propri\u00e9taire ou \u00e0 sa soci\u00e9t\u00e9 de gestion, car il est de leur responsabilit\u00e9 de contacter l&#039;entreprise de maintenance de l&#039;ascenseur. L&#039;appareil restera \u00e0 l&#039;arr\u00eat jusqu&#039;\u00e0 son examen par l&#039;entreprise. Il est de la responsabilit\u00e9 du propri\u00e9taire ou de sa soci\u00e9t\u00e9 de gestion de s&#039;assurer que l&#039;appareil est correctement arr\u00eat\u00e9 et qu&#039;il le reste jusqu&#039;\u00e0 ce que l&#039;entreprise de maintenance et un repr\u00e9sentant de la Division de la s\u00e9curit\u00e9 des ascenseurs des Travaux publics de la Ville de Miami Beach aient examin\u00e9 et, si n\u00e9cessaire, r\u00e9par\u00e9 l&#039;ascenseur.<\/p>\n<p>Le propri\u00e9taire ou la soci\u00e9t\u00e9 de gestion du propri\u00e9taire doit d\u00e9poser un rapport d&#039;accident <strong>dans les 5 jours<\/strong> avec nous et l&#039;\u00c9tat de Floride. Le d\u00e9faut de d\u00e9poser ce rapport dans les d\u00e9lais impartis constitue une violation de cette <strong><a href=\"https:\/\/www.flsenate.gov\/Laws\/Statutes\/2018\/Chapter399\/All\">Chapitre 399<\/a><\/strong> Le titulaire du certificat d&#039;exploitation sera passible d&#039;une amende administrative, impos\u00e9e par la division, d&#039;un montant maximal de 1\u00a0TP4T1\u00a0000. Le rapport doit \u00eatre adress\u00e9 \u00e0\u00a0:<\/p>\n<ul>\n<li><strong>Travaux publics de la ville de Miami Beach \u2013 Division de la s\u00e9curit\u00e9 des ascenseurs <\/strong><br \/>\n1700 Convention Center Drive 1<sup>St<\/sup> Sol<br \/>\nMiami Beach, FL 33139<br \/>\nInspecteur en chef des ascenseurs <a href=\"mailto:joeygan@miamibeachfl.gov\">joeygan@miamibeachfl.gov<\/a><\/li>\n<\/ul>\n<p>Pour t\u00e9l\u00e9charger le formulaire <a href=\"http:\/\/www.miamibeachfl.gov\/wp-content\/uploads\/2018\/12\/ELEVATOR-OWNERS-ACCIDENT-REPORT.pdf\">RAPPORT D&#039;ACCIDENT DU PROPRI\u00c9TAIRE D&#039;ASCENSEUR<\/a><\/p>\n<h3>Plaintes\/Probl\u00e8mes<\/h3>\n<p>Si vous avez une r\u00e9clamation concernant un appareil \u00e9l\u00e9vateur ou un service, ou si l&#039;appareil ne fonctionne pas correctement, contactez le propri\u00e9taire de votre immeuble ou la soci\u00e9t\u00e9 de gestion immobili\u00e8re. L&#039;entreprise de maintenance devra documenter votre r\u00e9clamation, l&#039;examiner et proposer une solution adapt\u00e9e \u00e0 la soci\u00e9t\u00e9 de gestion du propri\u00e9taire. Si vous pensez que le probl\u00e8me concerne la s\u00e9curit\u00e9 des personnes, veuillez nous appeler au <strong>305.673.7225<\/strong> ou <a href=\"mailto:joeygan@miamibeachfl.gov\">joeygan@miamibeachfl.gov<\/a><\/p>\n\t\tAcc\u00e9der \u00e0\u2026\t\t\t\n\t\t\t\t\t<ul id=\"menu-public-works-elevator\"><li id=\"menu-item-364284\"><a href=\"\/fr\/city-hall\/public-works\/elevator-division\/elevator-faqs\/\">FAQ sur les ascenseurs<\/a><\/li>\n<li id=\"menu-item-364285\"><a href=\"\/fr\/city-hall\/public-works\/elevator-division\/elevator-forms\/\">Formulaires d&#039;ascenseur<\/a><\/li>\n<li id=\"menu-item-364286\"><a href=\"\/fr\/city-hall\/public-works\/elevator-division\/elevator-permit\/\">Permis d&#039;ascenseur<\/a><\/li>\n<li id=\"menu-item-364288\"><a href=\"\/fr\/city-hall\/public-works\/elevator-division\/elevator-status-fees\/\">Frais d&#039;\u00e9tat des ascenseurs<\/a><\/li>\n<li id=\"menu-item-364289\"><a href=\"\/fr\/city-hall\/public-works\/elevator-division\/regulations-requirements\/\">R\u00e8glements et exigences<\/a><\/li>\n<li id=\"menu-item-364290\"><a href=\"\/fr\/city-hall\/public-works\/elevator-division\/prescriptive-based-process\/\">D\u00e9claration des accidents d&#039;ascenseur<\/a><\/li>\n<li id=\"menu-item-364291\"><a href=\"\/fr\/city-hall\/public-works\/elevator-division\/requesting-an-inspection\/\">Demande d&#039;inspection<\/a><\/li>\n<\/ul>\t\n\t<div class=\"page-navigation\"><a class=\"prev-page\" href=\"https:\/\/www.miamibeachfl.gov\/fr\/city-hall\/public-works\/elevator-division\/elevator-faqs\/\">\u2190 FAQ sur les ascenseurs<\/a> <a class=\"next-page\" href=\"https:\/\/www.miamibeachfl.gov\/fr\/city-hall\/fire\/emergency-management\/hotel-condo-re-entry-registration\/\">R\u00e9int\u00e9gration apr\u00e8s \u00e9vacuation \u2192<\/a><\/div>","protected":false},"excerpt":{"rendered":"<p>Reporting of Elevator Accidents Home &gt; City Hall &gt; Public Works &gt; Elevator Division &gt; Reporting of Elevator Accidents Reporting [&hellip;]<\/p>\n","protected":false},"author":222,"featured_media":0,"parent":28943,"menu_order":0,"comment_status":"closed","ping_status":"closed","template":"","meta":{"_searchwp_excluded":"","site-sidebar-layout":"default","site-content-layout":"","ast-site-content-layout":"default","site-content-style":"default","site-sidebar-style":"default","ast-global-header-display":"","ast-banner-title-visibility":"","ast-main-header-display":"","ast-hfb-above-header-display":"","ast-hfb-below-header-display":"","ast-hfb-mobile-header-display":"","site-post-title":"","ast-breadcrumbs-content":"","ast-featured-img":"","footer-sml-layout":"","theme-transparent-header-meta":"","adv-header-id-meta":"","stick-header-meta":"","header-above-stick-meta":"","header-main-stick-meta":"","header-below-stick-meta":"","astra-migrate-meta-layouts":"default","ast-page-background-enabled":"default","ast-page-background-meta":{"desktop":{"background-color":"var(--ast-global-color-5)","background-image":"","background-repeat":"repeat","background-position":"center center","background-size":"auto","background-attachment":"scroll","background-type":"","background-media":"","overlay-type":"","overlay-color":"","overlay-opacity":"","overlay-gradient":""},"tablet":{"background-color":"","background-image":"","background-repeat":"repeat","background-position":"center center","background-size":"auto","background-attachment":"scroll","background-type":"","background-media":"","overlay-type":"","overlay-color":"","overlay-opacity":"","overlay-gradient":""},"mobile":{"background-color":"","background-image":"","background-repeat":"repeat","background-position":"center center","background-size":"auto","background-attachment":"scroll","background-type":"","background-media":"","overlay-type":"","overlay-color":"","overlay-opacity":"","overlay-gradient":""}},"ast-content-background-meta":{"desktop":{"background-color":"var(--ast-global-color-4)","background-image":"","background-repeat":"repeat","background-position":"center center","background-size":"auto","background-attachment":"scroll","background-type":"","background-media":"","overlay-type":"","overlay-color":"","overlay-opacity":"","overlay-gradient":""},"tablet":{"background-color":"var(--ast-global-color-4)","background-image":"","background-repeat":"repeat","background-position":"center center","background-size":"auto","background-attachment":"scroll","background-type":"","background-media":"","overlay-type":"","overlay-color":"","overlay-opacity":"","overlay-gradient":""},"mobile":{"background-color":"var(--ast-global-color-4)","background-image":"","background-repeat":"repeat","background-position":"center center","background-size":"auto","background-attachment":"scroll","background-type":"","background-media":"","overlay-type":"","overlay-color":"","overlay-opacity":"","overlay-gradient":""}},"footnotes":""},"categories":[],"tags":[],"class_list":["post-38739","page","type-page","status-publish","hentry"],"yoast_head":"<!-- This site is optimized with the Yoast SEO Premium plugin v27.4 (Yoast SEO v27.4) - https:\/\/yoast.com\/product\/yoast-seo-premium-wordpress\/ -->\n<title>Reporting of Elevator Accidents - City of Miami Beach<\/title>\n<meta name=\"description\" content=\"%\" \/>\n<meta name=\"robots\" content=\"index, follow, max-snippet:-1, max-image-preview:large, max-video-preview:-1\" \/>\n<link rel=\"canonical\" href=\"https:\/\/www.miamibeachfl.gov\/fr\/city-hall\/public-works\/elevator-division\/prescriptive-based-process\/\" \/>\n<meta property=\"og:locale\" content=\"fr_FR\" \/>\n<meta property=\"og:type\" content=\"article\" \/>\n<meta property=\"og:title\" content=\"Reporting of Elevator Accidents\" \/>\n<meta property=\"og:description\" content=\"%\" \/>\n<meta property=\"og:url\" content=\"https:\/\/www.miamibeachfl.gov\/fr\/city-hall\/public-works\/elevator-division\/prescriptive-based-process\/\" \/>\n<meta property=\"og:site_name\" content=\"City of Miami Beach\" \/>\n<meta property=\"article:publisher\" content=\"https:\/\/www.facebook.com\/cityofmiamibeach\" \/>\n<meta property=\"article:modified_time\" content=\"2026-03-03T15:26:47+00:00\" \/>\n<meta property=\"og:image\" content=\"https:\/\/www.miamibeachfl.gov\/wp-content\/uploads\/2022\/07\/hero-small.jpg\" \/>\n<meta name=\"twitter:card\" content=\"summary_large_image\" \/>\n<meta name=\"twitter:site\" content=\"@Miamibeachnews\" \/>\n<script type=\"application\/ld+json\" class=\"yoast-schema-graph\">{\"@context\":\"https:\\\/\\\/schema.org\",\"@graph\":[{\"@type\":\"WebPage\",\"@id\":\"https:\\\/\\\/www.miamibeachfl.gov\\\/city-hall\\\/public-works\\\/elevator-division\\\/prescriptive-based-process\\\/\",\"url\":\"https:\\\/\\\/www.miamibeachfl.gov\\\/city-hall\\\/public-works\\\/elevator-division\\\/prescriptive-based-process\\\/\",\"name\":\"Reporting of Elevator Accidents - City of Miami Beach\",\"isPartOf\":{\"@id\":\"https:\\\/\\\/www.miamibeachfl.gov\\\/#website\"},\"primaryImageOfPage\":{\"@id\":\"https:\\\/\\\/www.miamibeachfl.gov\\\/city-hall\\\/public-works\\\/elevator-division\\\/prescriptive-based-process\\\/#primaryimage\"},\"image\":{\"@id\":\"https:\\\/\\\/www.miamibeachfl.gov\\\/city-hall\\\/public-works\\\/elevator-division\\\/prescriptive-based-process\\\/#primaryimage\"},\"thumbnailUrl\":\"https:\\\/\\\/www.miamibeachfl.gov\\\/wp-content\\\/uploads\\\/2022\\\/07\\\/hero-small.jpg\",\"datePublished\":\"2017-10-20T19:13:39+00:00\",\"dateModified\":\"2026-03-03T15:26:47+00:00\",\"description\":\"%\",\"breadcrumb\":{\"@id\":\"https:\\\/\\\/www.miamibeachfl.gov\\\/city-hall\\\/public-works\\\/elevator-division\\\/prescriptive-based-process\\\/#breadcrumb\"},\"inLanguage\":\"fr-FR\",\"potentialAction\":[{\"@type\":\"ReadAction\",\"target\":[\"https:\\\/\\\/www.miamibeachfl.gov\\\/city-hall\\\/public-works\\\/elevator-division\\\/prescriptive-based-process\\\/\"]}]},{\"@type\":\"ImageObject\",\"inLanguage\":\"fr-FR\",\"@id\":\"https:\\\/\\\/www.miamibeachfl.gov\\\/city-hall\\\/public-works\\\/elevator-division\\\/prescriptive-based-process\\\/#primaryimage\",\"url\":\"https:\\\/\\\/www.miamibeachfl.gov\\\/wp-content\\\/uploads\\\/2022\\\/07\\\/hero-small.jpg\",\"contentUrl\":\"https:\\\/\\\/www.miamibeachfl.gov\\\/wp-content\\\/uploads\\\/2022\\\/07\\\/hero-small.jpg\"},{\"@type\":\"BreadcrumbList\",\"@id\":\"https:\\\/\\\/www.miamibeachfl.gov\\\/city-hall\\\/public-works\\\/elevator-division\\\/prescriptive-based-process\\\/#breadcrumb\",\"itemListElement\":[{\"@type\":\"ListItem\",\"position\":1,\"name\":\"Home\",\"item\":\"https:\\\/\\\/www.miamibeachfl.gov\\\/\"},{\"@type\":\"ListItem\",\"position\":2,\"name\":\"City Hall\",\"item\":\"https:\\\/\\\/www.miamibeachfl.gov\\\/city-hall\\\/\"},{\"@type\":\"ListItem\",\"position\":3,\"name\":\"Public Works\",\"item\":\"https:\\\/\\\/www.miamibeachfl.gov\\\/city-hall\\\/public-works\\\/\"},{\"@type\":\"ListItem\",\"position\":4,\"name\":\"Elevator Division\",\"item\":\"https:\\\/\\\/www.miamibeachfl.gov\\\/city-hall\\\/public-works\\\/elevator-division\\\/\"},{\"@type\":\"ListItem\",\"position\":5,\"name\":\"Reporting of Elevator Accidents\"}]},{\"@type\":\"WebSite\",\"@id\":\"https:\\\/\\\/www.miamibeachfl.gov\\\/#website\",\"url\":\"https:\\\/\\\/www.miamibeachfl.gov\\\/\",\"name\":\"City of Miami Beach\",\"description\":\"The official website of the City of Miami Beach. Stay informed, find important information on city services, news, alerts, events, trolley routes, government employment and more.\",\"publisher\":{\"@id\":\"https:\\\/\\\/www.miamibeachfl.gov\\\/#organization\"},\"potentialAction\":[{\"@type\":\"SearchAction\",\"target\":{\"@type\":\"EntryPoint\",\"urlTemplate\":\"https:\\\/\\\/www.miamibeachfl.gov\\\/?s={search_term_string}\"},\"query-input\":{\"@type\":\"PropertyValueSpecification\",\"valueRequired\":true,\"valueName\":\"search_term_string\"}}],\"inLanguage\":\"fr-FR\"},{\"@type\":\"Organization\",\"@id\":\"https:\\\/\\\/www.miamibeachfl.gov\\\/#organization\",\"name\":\"City of Miami Beach\",\"url\":\"https:\\\/\\\/www.miamibeachfl.gov\\\/\",\"logo\":{\"@type\":\"ImageObject\",\"inLanguage\":\"fr-FR\",\"@id\":\"https:\\\/\\\/www.miamibeachfl.gov\\\/#\\\/schema\\\/logo\\\/image\\\/\",\"url\":\"https:\\\/\\\/www.miamibeachfl.gov\\\/wp-content\\\/uploads\\\/2022\\\/06\\\/miamibeach-logoblue.png\",\"contentUrl\":\"https:\\\/\\\/www.miamibeachfl.gov\\\/wp-content\\\/uploads\\\/2022\\\/06\\\/miamibeach-logoblue.png\",\"width\":1962,\"height\":381,\"caption\":\"City of Miami Beach\"},\"image\":{\"@id\":\"https:\\\/\\\/www.miamibeachfl.gov\\\/#\\\/schema\\\/logo\\\/image\\\/\"},\"sameAs\":[\"https:\\\/\\\/www.facebook.com\\\/cityofmiamibeach\",\"https:\\\/\\\/x.com\\\/Miamibeachnews\",\"https:\\\/\\\/www.instagram.com\\\/miamibeachnews\\\/\"],\"description\":\"The official website of the City of Miami Beach. Stay informed, find important information on city services, news, alerts, events, trolley routes, government employment and more.\",\"telephone\":\"305.604.CITY(2489)\",\"legalName\":\"City of Miami Beach\"}]}<\/script>\n<!-- \/ Yoast SEO Premium plugin. -->","yoast_head_json":{"title":"Signalement des accidents d&#039;ascenseur - Ville de Miami Beach","description":"%","robots":{"index":"index","follow":"follow","max-snippet":"max-snippet:-1","max-image-preview":"max-image-preview:large","max-video-preview":"max-video-preview:-1"},"canonical":"https:\/\/www.miamibeachfl.gov\/fr\/city-hall\/public-works\/elevator-division\/prescriptive-based-process\/","og_locale":"fr_FR","og_type":"article","og_title":"Reporting of Elevator Accidents","og_description":"%","og_url":"https:\/\/www.miamibeachfl.gov\/fr\/city-hall\/public-works\/elevator-division\/prescriptive-based-process\/","og_site_name":"City of Miami Beach","article_publisher":"https:\/\/www.facebook.com\/cityofmiamibeach","article_modified_time":"2026-03-03T15:26:47+00:00","og_image":[{"url":"https:\/\/www.miamibeachfl.gov\/wp-content\/uploads\/2022\/07\/hero-small.jpg","type":"","width":"","height":""}],"twitter_card":"summary_large_image","twitter_site":"@Miamibeachnews","schema":{"@context":"https:\/\/schema.org","@graph":[{"@type":"WebPage","@id":"https:\/\/www.miamibeachfl.gov\/city-hall\/public-works\/elevator-division\/prescriptive-based-process\/","url":"https:\/\/www.miamibeachfl.gov\/city-hall\/public-works\/elevator-division\/prescriptive-based-process\/","name":"Signalement des accidents d&#039;ascenseur - Ville de Miami Beach","isPartOf":{"@id":"https:\/\/www.miamibeachfl.gov\/#website"},"primaryImageOfPage":{"@id":"https:\/\/www.miamibeachfl.gov\/city-hall\/public-works\/elevator-division\/prescriptive-based-process\/#primaryimage"},"image":{"@id":"https:\/\/www.miamibeachfl.gov\/city-hall\/public-works\/elevator-division\/prescriptive-based-process\/#primaryimage"},"thumbnailUrl":"https:\/\/www.miamibeachfl.gov\/wp-content\/uploads\/2022\/07\/hero-small.jpg","datePublished":"2017-10-20T19:13:39+00:00","dateModified":"2026-03-03T15:26:47+00:00","description":"%","breadcrumb":{"@id":"https:\/\/www.miamibeachfl.gov\/city-hall\/public-works\/elevator-division\/prescriptive-based-process\/#breadcrumb"},"inLanguage":"fr-FR","potentialAction":[{"@type":"ReadAction","target":["https:\/\/www.miamibeachfl.gov\/city-hall\/public-works\/elevator-division\/prescriptive-based-process\/"]}]},{"@type":"ImageObject","inLanguage":"fr-FR","@id":"https:\/\/www.miamibeachfl.gov\/city-hall\/public-works\/elevator-division\/prescriptive-based-process\/#primaryimage","url":"https:\/\/www.miamibeachfl.gov\/wp-content\/uploads\/2022\/07\/hero-small.jpg","contentUrl":"https:\/\/www.miamibeachfl.gov\/wp-content\/uploads\/2022\/07\/hero-small.jpg"},{"@type":"BreadcrumbList","@id":"https:\/\/www.miamibeachfl.gov\/city-hall\/public-works\/elevator-division\/prescriptive-based-process\/#breadcrumb","itemListElement":[{"@type":"ListItem","position":1,"name":"Home","item":"https:\/\/www.miamibeachfl.gov\/"},{"@type":"ListItem","position":2,"name":"City Hall","item":"https:\/\/www.miamibeachfl.gov\/city-hall\/"},{"@type":"ListItem","position":3,"name":"Public Works","item":"https:\/\/www.miamibeachfl.gov\/city-hall\/public-works\/"},{"@type":"ListItem","position":4,"name":"Elevator Division","item":"https:\/\/www.miamibeachfl.gov\/city-hall\/public-works\/elevator-division\/"},{"@type":"ListItem","position":5,"name":"Reporting of Elevator Accidents"}]},{"@type":"WebSite","@id":"https:\/\/www.miamibeachfl.gov\/#website","url":"https:\/\/www.miamibeachfl.gov\/","name":"Ville de Miami Beach","description":"Site officiel de la ville de Miami Beach. Restez inform\u00e9 et trouvez des informations importantes sur les services municipaux, les actualit\u00e9s, les alertes, les \u00e9v\u00e9nements, les itin\u00e9raires de tramway, les emplois gouvernementaux et bien plus encore.","publisher":{"@id":"https:\/\/www.miamibeachfl.gov\/#organization"},"potentialAction":[{"@type":"SearchAction","target":{"@type":"EntryPoint","urlTemplate":"https:\/\/www.miamibeachfl.gov\/?s={search_term_string}"},"query-input":{"@type":"PropertyValueSpecification","valueRequired":true,"valueName":"search_term_string"}}],"inLanguage":"fr-FR"},{"@type":"Organization","@id":"https:\/\/www.miamibeachfl.gov\/#organization","name":"Ville de Miami Beach","url":"https:\/\/www.miamibeachfl.gov\/","logo":{"@type":"ImageObject","inLanguage":"fr-FR","@id":"https:\/\/www.miamibeachfl.gov\/#\/schema\/logo\/image\/","url":"https:\/\/www.miamibeachfl.gov\/wp-content\/uploads\/2022\/06\/miamibeach-logoblue.png","contentUrl":"https:\/\/www.miamibeachfl.gov\/wp-content\/uploads\/2022\/06\/miamibeach-logoblue.png","width":1962,"height":381,"caption":"City of Miami Beach"},"image":{"@id":"https:\/\/www.miamibeachfl.gov\/#\/schema\/logo\/image\/"},"sameAs":["https:\/\/www.facebook.com\/cityofmiamibeach","https:\/\/x.com\/Miamibeachnews","https:\/\/www.instagram.com\/miamibeachnews\/"],"description":"Site officiel de la ville de Miami Beach. Restez inform\u00e9 et trouvez des informations importantes sur les services municipaux, les actualit\u00e9s, les alertes, les \u00e9v\u00e9nements, les itin\u00e9raires de tramway, les emplois gouvernementaux et bien plus encore.","telephone":"305.604.CITY(2489)","legalName":"City of Miami Beach"}]}},"_links":{"self":[{"href":"https:\/\/www.miamibeachfl.gov\/fr\/wp-json\/wp\/v2\/pages\/38739","targetHints":{"allow":["GET"]}}],"collection":[{"href":"https:\/\/www.miamibeachfl.gov\/fr\/wp-json\/wp\/v2\/pages"}],"about":[{"href":"https:\/\/www.miamibeachfl.gov\/fr\/wp-json\/wp\/v2\/types\/page"}],"author":[{"embeddable":true,"href":"https:\/\/www.miamibeachfl.gov\/fr\/wp-json\/wp\/v2\/users\/222"}],"replies":[{"embeddable":true,"href":"https:\/\/www.miamibeachfl.gov\/fr\/wp-json\/wp\/v2\/comments?post=38739"}],"version-history":[{"count":2,"href":"https:\/\/www.miamibeachfl.gov\/fr\/wp-json\/wp\/v2\/pages\/38739\/revisions"}],"predecessor-version":[{"id":397026,"href":"https:\/\/www.miamibeachfl.gov\/fr\/wp-json\/wp\/v2\/pages\/38739\/revisions\/397026"}],"up":[{"embeddable":true,"href":"https:\/\/www.miamibeachfl.gov\/fr\/wp-json\/wp\/v2\/pages\/28943"}],"wp:attachment":[{"href":"https:\/\/www.miamibeachfl.gov\/fr\/wp-json\/wp\/v2\/media?parent=38739"}],"wp:term":[{"taxonomy":"category","embeddable":true,"href":"https:\/\/www.miamibeachfl.gov\/fr\/wp-json\/wp\/v2\/categories?post=38739"},{"taxonomy":"post_tag","embeddable":true,"href":"https:\/\/www.miamibeachfl.gov\/fr\/wp-json\/wp\/v2\/tags?post=38739"}],"curies":[{"name":"wp","href":"https:\/\/api.w.org\/{rel}","templated":true}]}}