{"id":391252,"date":"2025-11-06T15:49:24","date_gmt":"2025-11-06T20:49:24","guid":{"rendered":"https:\/\/www.miamibeachfl.gov\/?page_id=391252"},"modified":"2026-04-01T09:44:51","modified_gmt":"2026-04-01T13:44:51","slug":"water-quality-miami-beach","status":"publish","type":"page","link":"https:\/\/www.miamibeachfl.gov\/fr\/water-quality\/water-quality-miami-beach\/","title":{"rendered":"Qualit\u00e9 de l&#039;eau \u2013 Miami Beach"},"content":{"rendered":"<button tabindex=\"0\" aria-label=\"Menu\" aria-expanded=\"false\">\n\t\t\t\tMenu\t\t\t<\/button>\n\t<nav aria-label=\"Menu\" itemscope=\"itemscope\" itemtype=\"https:\/\/schema.org\/SiteNavigationElement\">\n\t\t<a href=\"javascript:void(0)\" aria-label=\"Fermer le menu\" role=\"button\">\u00d7<\/a>\n\t\t<ul id=\"menu-water-quality\"><li id=\"menu-item-391246\"><a href=\"https:\/\/www.miamibeachfl.gov\/fr\/water-quality\/\">Maison<\/a><\/li><li id=\"menu-item-391270\"><a href=\"https:\/\/www.miamibeachfl.gov\/fr\/water-quality\/water-quality-miami-beach\/\" aria-current=\"page\">Natation<\/a><\/li><li id=\"menu-item-391303\"><a href=\"https:\/\/www.miamibeachfl.gov\/fr\/water-quality\/biscayne-bay\/\">Baie de Biscayne<\/a><\/li><li id=\"menu-item-391302\"><a href=\"https:\/\/www.miamibeachfl.gov\/fr\/water-quality\/pollution-prevention\/\">Pr\u00e9vention de la pollution<\/a><\/li><li id=\"menu-item-391300\"><a href=\"https:\/\/www.miamibeachfl.gov\/fr\/water-quality\/drinking-water\/\">Eau potable<\/a><\/li><\/ul>\t<\/nav>\n\t\t\t\t<img decoding=\"async\" src=\"https:\/\/www.miamibeachfl.gov\/wp-content\/uploads\/2024\/02\/ParksSquare-swimming.jpeg\" alt=\"Little girl in the pool\" itemprop=\"image\" height=\"500\" width=\"500\" title=\"ParcsSquare-piscine\" onerror=\"this.style.display='none'\" loading=\"lazy\" \/>\n<h1>\n\t\t\tNatation\t<\/h1>\n\t<p>Miami Beach est mondialement connue pour ses magnifiques plages et son littoral anim\u00e9. D\u00e9couvrez o\u00f9 vous baigner, les conditions actuelles des plages et les recommandations.<\/p>\n\t<nav id=\"breadcrumbs\" aria-label=\"Fil d&#039;Ariane\"><a href=\"https:\/\/www.miamibeachfl.gov\/fr\/\">Maison<\/a> &gt; <a href=\"https:\/\/www.miamibeachfl.gov\/fr\/water-quality\/\">Qualit\u00e9 de l&#039;eau<\/a> &gt; <strong>Qualit\u00e9 de l&#039;eau \u2013 Miami Beach<\/strong><\/nav><h2>\n\t\t\tO\u00f9 nager\t<\/h2>\n\t\t\t\t<img decoding=\"async\" src=\"https:\/\/www.miamibeachfl.gov\/wp-content\/uploads\/2022\/01\/ViewBeachCameras.jpg\" alt=\"ViewBeachCameras\" itemprop=\"image\" height=\"1076\" width=\"1617\" title=\"Cam\u00e9ras de plage\" onerror=\"this.style.display='none'\" loading=\"lazy\" \/>\n\t<h3>Plage<\/h3>\nThe City of Miami Beach invites everyone to enjoy swimming and recreation along our 7-mile stretch of beaches. Lifeguard stands are positioned throughout and are staffed by trained professionals who monitor beachgoers and post flag warnings to indicate ocean conditions &#8211; such as strong currents, riptides, marine life presence and water quality. To ensure swimmer safety, boating traffic is restricted by swim buoys.<br \/>\n<strong><a href=\"https:\/\/www.miamibeachfl.gov\/fr\/city-hall\/fire\/ocean-rescue\/lifeguard-towers\/\">Location of Lifeguard Towers &#8211; City of Miami Beach<\/a>\u00a0<\/strong>\n\t\t\t\t<img decoding=\"async\" src=\"https:\/\/www.miamibeachfl.gov\/wp-content\/uploads\/2024\/03\/ParksSquare-PeopleSwimmingFlamingoPool.jpeg\" alt=\"Flamingo Pool with people swimming\" itemprop=\"image\" height=\"500\" width=\"500\" title=\"Parcs Square - Personnes nageant Flamingo Pool\" onerror=\"this.style.display='none'\" loading=\"lazy\" \/>\n\t<h3>Piscines<\/h3>\nMiami Beach propose deux piscines publiques\u00a0: Flamingo Park et Normandy Isles. Les deux \u00e9tablissements disposent de couloirs de nage, d\u2019aires de jeux pour enfants, d\u2019activit\u00e9s de loisirs et de vestiaires. Consultez les horaires d\u2019ouverture ci-dessous pour organiser votre visite.<br \/>\n<strong><a href=\"https:\/\/www.miamibeachfl.gov\/fr\/city-hall\/parks-and-recreation\/sports-centers-fields-and-courts\/aquatics\/flamingo-and-normandy-pools\/\">Flamingo and Normandy Pools &#8211; City of Miami Beach<\/a>\u00a0<\/strong>\n<h2>\n\t\t\tConditions de la plage\t<\/h2>\n\t\t\t\t<img decoding=\"async\" src=\"https:\/\/www.miamibeachfl.gov\/wp-content\/uploads\/2023\/07\/LifeguardStand_46street-1.jpeg\" alt=\"LifeguardStand_46street\" itemprop=\"image\" height=\"667\" width=\"1000\" title=\"Poste de surveillance des sauveteurs_46e rue\" onerror=\"this.style.display='none'\" loading=\"lazy\" \/>\n\tAvant de vous rendre sur la plage, consultez les conditions actuelles\u00a0: horaires des mar\u00e9es, avis de baignade, temp\u00e9rature de l\u2019eau, heures de surveillance des sauveteurs, etc. Vous pouvez m\u00eame visionner nos deux webcams en direct\u00a0! Cliquez ci-dessous pour plus d\u2019informations.<br \/>\n<strong><a href=\"https:\/\/www.miamibeachfl.gov\/fr\/city-hall\/fire\/ocean-rescue\/currentbeachconditions\/\">Current Beach Conditions &#8211; City of Miami Beach\u00a0<\/a>\u00a0<\/strong>\n<h2>\n\t\t\t\u00c9chantillonnage de la qualit\u00e9 de l&#039;eau, avis et \u00e9v\u00e9nements post-pluie\t<\/h2>\n\t\t\t\t<img decoding=\"async\" src=\"https:\/\/www.miamibeachfl.gov\/wp-content\/uploads\/2025\/12\/Water-Sample-scaled.png\" alt=\"Water Sample\" itemprop=\"image\" height=\"2257\" width=\"2560\" title=\"\u00c9chantillon d&#039;eau\" onerror=\"this.style.display='none'\" loading=\"lazy\" \/>\n\t<p>The Florida Healthy Beaches Program publishes water quality test results and advisories for beaches across the state. It is recommended to check the program&#8217;s website for the latest advisories, especially following rainfall. South Florida experiences heavy rainfall during the rainy season (May through October). During this time, stormwater runoff often flows into the bay and ocean, carrying pollutants that can affect water quality. Because of this, both residents and visitors are advised to consult current water conditions and health advisories after significant rain events to ensure safe beach use.<\/p>\nLe lien ci-dessous indique l&#039;\u00e9tat des plages de Miami Beach et du comt\u00e9 de Miami-Dade.<br \/>\n<strong><a href=\"https:\/\/www.floridahealth.gov\/environmental-health\/beach-water-quality\/county-detail.html?County=Dade&amp;Zip=33126\">Programme \u00ab\u00a0Plages saines\u00a0\u00bb de Floride | D\u00e9partement de la sant\u00e9 de Floride<\/a>\u00a0<\/strong>\nDes avis concernant la qualit\u00e9 de l&#039;eau sont \u00e9galement publi\u00e9s sur la page web Miami Beach Rising Above.<br \/>\n<strong><a href=\"https:\/\/www.mbrisingabove.com\/climate-adaptation\/biscayne-bay\/water-quality\/\">Water Quality | Miami Beach &#8211; Rising Above<\/a>\u00a0<\/strong>","protected":false},"excerpt":{"rendered":"<p>Menu \u00d7 Home Swimming Biscayne Bay Pollution Prevention Drinking Water Swimming Miami Beach is world-renowned for its beautiful beaches and [&hellip;]<\/p>\n","protected":false},"author":329,"featured_media":0,"parent":391155,"menu_order":29,"comment_status":"closed","ping_status":"closed","template":"","meta":{"_searchwp_excluded":"","site-sidebar-layout":"default","site-content-layout":"","ast-site-content-layout":"default","site-content-style":"default","site-sidebar-style":"default","ast-global-header-display":"","ast-banner-title-visibility":"","ast-main-header-display":"","ast-hfb-above-header-display":"","ast-hfb-below-header-display":"","ast-hfb-mobile-header-display":"","site-post-title":"","ast-breadcrumbs-content":"","ast-featured-img":"","footer-sml-layout":"","theme-transparent-header-meta":"","adv-header-id-meta":"","stick-header-meta":"","header-above-stick-meta":"","header-main-stick-meta":"","header-below-stick-meta":"","astra-migrate-meta-layouts":"default","ast-page-background-enabled":"default","ast-page-background-meta":{"desktop":{"background-color":"var(--ast-global-color-5)","background-image":"","background-repeat":"repeat","background-position":"center center","background-size":"auto","background-attachment":"scroll","background-type":"","background-media":"","overlay-type":"","overlay-color":"","overlay-opacity":"","overlay-gradient":""},"tablet":{"background-color":"","background-image":"","background-repeat":"repeat","background-position":"center center","background-size":"auto","background-attachment":"scroll","background-type":"","background-media":"","overlay-type":"","overlay-color":"","overlay-opacity":"","overlay-gradient":""},"mobile":{"background-color":"","background-image":"","background-repeat":"repeat","background-position":"center center","background-size":"auto","background-attachment":"scroll","background-type":"","background-media":"","overlay-type":"","overlay-color":"","overlay-opacity":"","overlay-gradient":""}},"ast-content-background-meta":{"desktop":{"background-color":"var(--ast-global-color-4)","background-image":"","background-repeat":"repeat","background-position":"center center","background-size":"auto","background-attachment":"scroll","background-type":"","background-media":"","overlay-type":"","overlay-color":"","overlay-opacity":"","overlay-gradient":""},"tablet":{"background-color":"var(--ast-global-color-4)","background-image":"","background-repeat":"repeat","background-position":"center center","background-size":"auto","background-attachment":"scroll","background-type":"","background-media":"","overlay-type":"","overlay-color":"","overlay-opacity":"","overlay-gradient":""},"mobile":{"background-color":"var(--ast-global-color-4)","background-image":"","background-repeat":"repeat","background-position":"center center","background-size":"auto","background-attachment":"scroll","background-type":"","background-media":"","overlay-type":"","overlay-color":"","overlay-opacity":"","overlay-gradient":""}},"footnotes":""},"categories":[],"tags":[],"class_list":["post-391252","page","type-page","status-publish","hentry"],"yoast_head":"<!-- This site is optimized with the Yoast SEO Premium plugin v26.6 (Yoast SEO v26.6) - https:\/\/yoast.com\/wordpress\/plugins\/seo\/ -->\n<title>Water Quality - Miami Beach - City of Miami Beach<\/title>\n<meta name=\"description\" content=\"Miami Beach is world-renowned for its beautiful beaches and vibrant coastline. Learn more about where to swim, current beach conditions and advisories.\" \/>\n<meta name=\"robots\" content=\"index, follow, max-snippet:-1, max-image-preview:large, max-video-preview:-1\" \/>\n<link rel=\"canonical\" href=\"https:\/\/www.miamibeachfl.gov\/fr\/water-quality\/water-quality-miami-beach\/\" \/>\n<meta property=\"og:locale\" content=\"fr_FR\" \/>\n<meta property=\"og:type\" content=\"article\" \/>\n<meta property=\"og:title\" content=\"Water Quality - Miami Beach\" \/>\n<meta property=\"og:description\" content=\"Miami Beach is world-renowned for its beautiful beaches and vibrant coastline. Learn more about where to swim, current beach conditions and advisories.\" \/>\n<meta property=\"og:url\" content=\"https:\/\/www.miamibeachfl.gov\/fr\/water-quality\/water-quality-miami-beach\/\" \/>\n<meta property=\"og:site_name\" content=\"City of Miami Beach\" \/>\n<meta property=\"article:publisher\" content=\"https:\/\/www.facebook.com\/cityofmiamibeach\" \/>\n<meta property=\"article:modified_time\" content=\"2026-04-01T13:44:51+00:00\" \/>\n<meta property=\"og:image\" content=\"https:\/\/www.miamibeachfl.gov\/wp-content\/uploads\/2023\/08\/Masterpermitcircle.jpeg\" \/>\n\t<meta property=\"og:image:width\" content=\"1200\" \/>\n\t<meta property=\"og:image:height\" content=\"1200\" \/>\n\t<meta property=\"og:image:type\" content=\"image\/jpeg\" \/>\n<meta name=\"twitter:card\" content=\"summary_large_image\" \/>\n<meta name=\"twitter:site\" content=\"@Miamibeachnews\" \/>\n<script type=\"application\/ld+json\" class=\"yoast-schema-graph\">{\"@context\":\"https:\/\/schema.org\",\"@graph\":[{\"@type\":\"WebPage\",\"@id\":\"https:\/\/www.miamibeachfl.gov\/water-quality\/water-quality-miami-beach\/\",\"url\":\"https:\/\/www.miamibeachfl.gov\/water-quality\/water-quality-miami-beach\/\",\"name\":\"Water Quality - Miami Beach - City of Miami Beach\",\"isPartOf\":{\"@id\":\"https:\/\/www.miamibeachfl.gov\/#website\"},\"primaryImageOfPage\":{\"@id\":\"https:\/\/www.miamibeachfl.gov\/water-quality\/water-quality-miami-beach\/#primaryimage\"},\"image\":{\"@id\":\"https:\/\/www.miamibeachfl.gov\/water-quality\/water-quality-miami-beach\/#primaryimage\"},\"thumbnailUrl\":\"https:\/\/www.miamibeachfl.gov\/wp-content\/uploads\/2024\/02\/ParksSquare-swimming.jpeg\",\"datePublished\":\"2025-11-06T20:49:24+00:00\",\"dateModified\":\"2026-04-01T13:44:51+00:00\",\"description\":\"Miami Beach is world-renowned for its beautiful beaches and vibrant coastline. Learn more about where to swim, current beach conditions and advisories.\",\"breadcrumb\":{\"@id\":\"https:\/\/www.miamibeachfl.gov\/water-quality\/water-quality-miami-beach\/#breadcrumb\"},\"inLanguage\":\"fr-FR\",\"potentialAction\":[{\"@type\":\"ReadAction\",\"target\":[\"https:\/\/www.miamibeachfl.gov\/water-quality\/water-quality-miami-beach\/\"]}]},{\"@type\":\"ImageObject\",\"inLanguage\":\"fr-FR\",\"@id\":\"https:\/\/www.miamibeachfl.gov\/water-quality\/water-quality-miami-beach\/#primaryimage\",\"url\":\"https:\/\/www.miamibeachfl.gov\/wp-content\/uploads\/2024\/02\/ParksSquare-swimming.jpeg\",\"contentUrl\":\"https:\/\/www.miamibeachfl.gov\/wp-content\/uploads\/2024\/02\/ParksSquare-swimming.jpeg\"},{\"@type\":\"BreadcrumbList\",\"@id\":\"https:\/\/www.miamibeachfl.gov\/water-quality\/water-quality-miami-beach\/#breadcrumb\",\"itemListElement\":[{\"@type\":\"ListItem\",\"position\":1,\"name\":\"Home\",\"item\":\"https:\/\/www.miamibeachfl.gov\/\"},{\"@type\":\"ListItem\",\"position\":2,\"name\":\"Water Quality\",\"item\":\"https:\/\/www.miamibeachfl.gov\/water-quality\/\"},{\"@type\":\"ListItem\",\"position\":3,\"name\":\"Water Quality &#8211; Miami Beach\"}]},{\"@type\":\"WebSite\",\"@id\":\"https:\/\/www.miamibeachfl.gov\/#website\",\"url\":\"https:\/\/www.miamibeachfl.gov\/\",\"name\":\"City of Miami Beach\",\"description\":\"The official website of the City of Miami Beach. Stay informed, find important information on city services, news, alerts, events, trolley routes, government employment and more.\",\"publisher\":{\"@id\":\"https:\/\/www.miamibeachfl.gov\/#organization\"},\"potentialAction\":[{\"@type\":\"SearchAction\",\"target\":{\"@type\":\"EntryPoint\",\"urlTemplate\":\"https:\/\/www.miamibeachfl.gov\/?s={search_term_string}\"},\"query-input\":{\"@type\":\"PropertyValueSpecification\",\"valueRequired\":true,\"valueName\":\"search_term_string\"}}],\"inLanguage\":\"fr-FR\"},{\"@type\":\"Organization\",\"@id\":\"https:\/\/www.miamibeachfl.gov\/#organization\",\"name\":\"City of Miami Beach\",\"url\":\"https:\/\/www.miamibeachfl.gov\/\",\"logo\":{\"@type\":\"ImageObject\",\"inLanguage\":\"fr-FR\",\"@id\":\"https:\/\/www.miamibeachfl.gov\/#\/schema\/logo\/image\/\",\"url\":\"https:\/\/www.miamibeachfl.gov\/wp-content\/uploads\/2022\/06\/miamibeach-logoblue.png\",\"contentUrl\":\"https:\/\/www.miamibeachfl.gov\/wp-content\/uploads\/2022\/06\/miamibeach-logoblue.png\",\"width\":1962,\"height\":381,\"caption\":\"City of Miami Beach\"},\"image\":{\"@id\":\"https:\/\/www.miamibeachfl.gov\/#\/schema\/logo\/image\/\"},\"sameAs\":[\"https:\/\/www.facebook.com\/cityofmiamibeach\",\"https:\/\/x.com\/Miamibeachnews\",\"https:\/\/www.instagram.com\/miamibeachnews\/\"],\"description\":\"The official website of the City of Miami Beach. Stay informed, find important information on city services, news, alerts, events, trolley routes, government employment and more.\",\"telephone\":\"305.604.CITY(2489)\",\"legalName\":\"City of Miami Beach\"}]}<\/script>\n<!-- \/ Yoast SEO Premium plugin. -->","yoast_head_json":{"title":"Water Quality - Miami Beach - City of Miami Beach","description":"Miami Beach est mondialement connue pour ses magnifiques plages et son littoral anim\u00e9. D\u00e9couvrez o\u00f9 vous baigner, les conditions actuelles des plages et les recommandations.","robots":{"index":"index","follow":"follow","max-snippet":"max-snippet:-1","max-image-preview":"max-image-preview:large","max-video-preview":"max-video-preview:-1"},"canonical":"https:\/\/www.miamibeachfl.gov\/fr\/water-quality\/water-quality-miami-beach\/","og_locale":"fr_FR","og_type":"article","og_title":"Water Quality - Miami Beach","og_description":"Miami Beach is world-renowned for its beautiful beaches and vibrant coastline. Learn more about where to swim, current beach conditions and advisories.","og_url":"https:\/\/www.miamibeachfl.gov\/fr\/water-quality\/water-quality-miami-beach\/","og_site_name":"City of Miami Beach","article_publisher":"https:\/\/www.facebook.com\/cityofmiamibeach","article_modified_time":"2026-04-01T13:44:51+00:00","og_image":[{"width":1200,"height":1200,"url":"https:\/\/www.miamibeachfl.gov\/wp-content\/uploads\/2023\/08\/Masterpermitcircle.jpeg","type":"image\/jpeg"}],"twitter_card":"summary_large_image","twitter_site":"@Miamibeachnews","schema":{"@context":"https:\/\/schema.org","@graph":[{"@type":"WebPage","@id":"https:\/\/www.miamibeachfl.gov\/water-quality\/water-quality-miami-beach\/","url":"https:\/\/www.miamibeachfl.gov\/water-quality\/water-quality-miami-beach\/","name":"Water Quality - Miami Beach - City of Miami Beach","isPartOf":{"@id":"https:\/\/www.miamibeachfl.gov\/#website"},"primaryImageOfPage":{"@id":"https:\/\/www.miamibeachfl.gov\/water-quality\/water-quality-miami-beach\/#primaryimage"},"image":{"@id":"https:\/\/www.miamibeachfl.gov\/water-quality\/water-quality-miami-beach\/#primaryimage"},"thumbnailUrl":"https:\/\/www.miamibeachfl.gov\/wp-content\/uploads\/2024\/02\/ParksSquare-swimming.jpeg","datePublished":"2025-11-06T20:49:24+00:00","dateModified":"2026-04-01T13:44:51+00:00","description":"Miami Beach est mondialement connue pour ses magnifiques plages et son littoral anim\u00e9. D\u00e9couvrez o\u00f9 vous baigner, les conditions actuelles des plages et les recommandations.","breadcrumb":{"@id":"https:\/\/www.miamibeachfl.gov\/water-quality\/water-quality-miami-beach\/#breadcrumb"},"inLanguage":"fr-FR","potentialAction":[{"@type":"ReadAction","target":["https:\/\/www.miamibeachfl.gov\/water-quality\/water-quality-miami-beach\/"]}]},{"@type":"ImageObject","inLanguage":"fr-FR","@id":"https:\/\/www.miamibeachfl.gov\/water-quality\/water-quality-miami-beach\/#primaryimage","url":"https:\/\/www.miamibeachfl.gov\/wp-content\/uploads\/2024\/02\/ParksSquare-swimming.jpeg","contentUrl":"https:\/\/www.miamibeachfl.gov\/wp-content\/uploads\/2024\/02\/ParksSquare-swimming.jpeg"},{"@type":"BreadcrumbList","@id":"https:\/\/www.miamibeachfl.gov\/water-quality\/water-quality-miami-beach\/#breadcrumb","itemListElement":[{"@type":"ListItem","position":1,"name":"Home","item":"https:\/\/www.miamibeachfl.gov\/"},{"@type":"ListItem","position":2,"name":"Water Quality","item":"https:\/\/www.miamibeachfl.gov\/water-quality\/"},{"@type":"ListItem","position":3,"name":"Water Quality &#8211; Miami Beach"}]},{"@type":"WebSite","@id":"https:\/\/www.miamibeachfl.gov\/#website","url":"https:\/\/www.miamibeachfl.gov\/","name":"Ville de Miami Beach","description":"Site officiel de la ville de Miami Beach. Restez inform\u00e9 et trouvez des informations importantes sur les services municipaux, les actualit\u00e9s, les alertes, les \u00e9v\u00e9nements, les itin\u00e9raires de tramway, les emplois gouvernementaux et bien plus encore.","publisher":{"@id":"https:\/\/www.miamibeachfl.gov\/#organization"},"potentialAction":[{"@type":"SearchAction","target":{"@type":"EntryPoint","urlTemplate":"https:\/\/www.miamibeachfl.gov\/?s={search_term_string}"},"query-input":{"@type":"PropertyValueSpecification","valueRequired":true,"valueName":"search_term_string"}}],"inLanguage":"fr-FR"},{"@type":"Organization","@id":"https:\/\/www.miamibeachfl.gov\/#organization","name":"Ville de Miami Beach","url":"https:\/\/www.miamibeachfl.gov\/","logo":{"@type":"ImageObject","inLanguage":"fr-FR","@id":"https:\/\/www.miamibeachfl.gov\/#\/schema\/logo\/image\/","url":"https:\/\/www.miamibeachfl.gov\/wp-content\/uploads\/2022\/06\/miamibeach-logoblue.png","contentUrl":"https:\/\/www.miamibeachfl.gov\/wp-content\/uploads\/2022\/06\/miamibeach-logoblue.png","width":1962,"height":381,"caption":"City of Miami Beach"},"image":{"@id":"https:\/\/www.miamibeachfl.gov\/#\/schema\/logo\/image\/"},"sameAs":["https:\/\/www.facebook.com\/cityofmiamibeach","https:\/\/x.com\/Miamibeachnews","https:\/\/www.instagram.com\/miamibeachnews\/"],"description":"Site officiel de la ville de Miami Beach. Restez inform\u00e9 et trouvez des informations importantes sur les services municipaux, les actualit\u00e9s, les alertes, les \u00e9v\u00e9nements, les itin\u00e9raires de tramway, les emplois gouvernementaux et bien plus encore.","telephone":"305.604.CITY(2489)","legalName":"City of Miami Beach"}]}},"_links":{"self":[{"href":"https:\/\/www.miamibeachfl.gov\/fr\/wp-json\/wp\/v2\/pages\/391252","targetHints":{"allow":["GET"]}}],"collection":[{"href":"https:\/\/www.miamibeachfl.gov\/fr\/wp-json\/wp\/v2\/pages"}],"about":[{"href":"https:\/\/www.miamibeachfl.gov\/fr\/wp-json\/wp\/v2\/types\/page"}],"author":[{"embeddable":true,"href":"https:\/\/www.miamibeachfl.gov\/fr\/wp-json\/wp\/v2\/users\/329"}],"replies":[{"embeddable":true,"href":"https:\/\/www.miamibeachfl.gov\/fr\/wp-json\/wp\/v2\/comments?post=391252"}],"version-history":[{"count":11,"href":"https:\/\/www.miamibeachfl.gov\/fr\/wp-json\/wp\/v2\/pages\/391252\/revisions"}],"predecessor-version":[{"id":398191,"href":"https:\/\/www.miamibeachfl.gov\/fr\/wp-json\/wp\/v2\/pages\/391252\/revisions\/398191"}],"up":[{"embeddable":true,"href":"https:\/\/www.miamibeachfl.gov\/fr\/wp-json\/wp\/v2\/pages\/391155"}],"wp:attachment":[{"href":"https:\/\/www.miamibeachfl.gov\/fr\/wp-json\/wp\/v2\/media?parent=391252"}],"wp:term":[{"taxonomy":"category","embeddable":true,"href":"https:\/\/www.miamibeachfl.gov\/fr\/wp-json\/wp\/v2\/categories?post=391252"},{"taxonomy":"post_tag","embeddable":true,"href":"https:\/\/www.miamibeachfl.gov\/fr\/wp-json\/wp\/v2\/tags?post=391252"}],"curies":[{"name":"wp","href":"https:\/\/api.w.org\/{rel}","templated":true}]}}