{"id":391558,"date":"2025-11-10T15:53:17","date_gmt":"2025-11-10T20:53:17","guid":{"rendered":"https:\/\/www.miamibeachfl.gov\/?page_id=391558"},"modified":"2025-11-14T13:15:42","modified_gmt":"2025-11-14T18:15:42","slug":"the-wolfsonianfiu","status":"publish","type":"page","link":"https:\/\/www.miamibeachfl.gov\/fr\/art-week-miami-beach\/artweek-events\/the-wolfsonianfiu\/","title":{"rendered":"Le Wolfsonian\u2013FIU"},"content":{"rendered":"\n\n\t\t\t\t<a href=\"\/art-week-miami-beach\/\"  target=\"_self\" itemprop=\"url\">\n\t\t\t\t<img decoding=\"async\" src=\"https:\/\/www.miamibeachfl.gov\/wp-content\/uploads\/2025\/11\/ArtWeek_LOGO_DeepOcean.png\" alt=\"artweek 2025 logo\" itemprop=\"image\" height=\"153\" width=\"500\" title=\"ArtWeek_LOGO_DeepOcean\" onerror=\"this.style.display='none'\" loading=\"lazy\" \/>\n\t\t\t\t<\/a>\n<h1>\n\t\t\tDEC. 1 &#8211; 7, 2025\t<\/h1>\n\t\t\t<style>\n\t\t\t\n\t\t\t\n\t\t\t\t\t\t\t#searchwp-form-4 .swp-input,\n\t\t\t\t#searchwp-form-4 .swp-select {\n                    border: 0;\n                    border-bottom: 1px solid #b3eee5;\n                    border-radius: 0;\n                }\n\t\t\t\n\t\t\t                #searchwp-form-4 .swp-toggle-checkbox:checked + .swp-toggle-switch,\n                #searchwp-form-4 .swp-toggle-switch--checked  {\n                    background: #b3eee5;\n                }\n\t\t\t\n\t\t\t\n\t\t\t\t\t\t\t#searchwp-form-4 input[type=submit] {\n                    background-color: #f06a6a;\n                }\n\t\t\t\n\t\t\t\n\t\t\t\t\t\t\t#searchwp-form-4 input[type=submit] {\n                    color: #1e4166;\n                }\n\t\t\t\n\t\t\t\t\t<\/style>\n\t\t\t\t<form id=\"searchwp-form-4\"\n\t\t\trole=\"search\"\n\t\t\tmethod=\"get\"\n\t\t\tclass=\"searchwp-form\"\n\t\t\taction=\"https:\/\/www.miamibeachfl.gov\/fr\/\"\n\t\t\taria-label=\"Search\"\n\t\t\t\t\t\t>\n\t\t\t<input type=\"hidden\" name=\"swp_form[form_id]\" value=\"4\">\n\t\t\t<div class=\"swp-flex--col swp-flex--wrap swp-flex--gap-md\">\n\t\t\t\t<div class=\"swp-flex--row swp-items-stretch swp-flex--gap-md\">\n\t\t\t\t\t<div class=\"searchwp-form-input-container swp-items-stretch\">\n\t\t\t\t\t\t\t\t\t\t\t\t\t\t<input type=\"search\"\n\t\t\tclass=\"swp-input--search swp-input\"\n\t\t\tplaceholder=\"Search Art Week\"\n\t\t\tvalue=\"\"\n\t\t\tname=\"s\"\n\t\t\ttitle=\"Search Art Week\"\n\t\t\taria-label=\"Search\"\n\t\t\taria-required=\"false\"\n\t\t\t data-swplive=\"true\" data-swpengine=\"art_week\"\t\t\/>\n\t\t\t\t\t\t\t\t\t\t\t\t\t<\/div>\n\t\t\t\t\t\t\t<input type=\"submit\"\n\t\t\tclass=\"search-submit swp-button\"\n\t\t\tvalue=\"Search\"\n\t\t\taria-label=\"Search\"\n\t\t\/>\n\t\t\t\t\t\t<\/div>\n\t\t\t\t\t\t\t\t\t\t\t<\/div>\n\t\t\t\t\t<\/form>\n\t\t\n\t\t\t<button tabindex=\"0\" aria-label=\"MENU\" aria-expanded=\"false\">\n\t\t\t\tMENU\t\t\t<\/button>\n\t<nav aria-label=\"ART WEEK MENU\" itemscope=\"itemscope\" itemtype=\"https:\/\/schema.org\/SiteNavigationElement\">\n\t\t<a href=\"javascript:void(0)\" aria-label=\"Close the menu\" role=\"button\">\u00d7<\/a>\n\t\t<ul id=\"menu-artweek-2025\"><li id=\"menu-item-391186\"><a href=\"\/art-week-miami-beach\/artweek-free-transportation\/\">Free Transportation<\/a><\/li><li id=\"menu-item-391187\"><a href=\"\/art-week-miami-beach\/artweek-events\/\">Cultural Activations<\/a><\/li><li id=\"menu-item-391188\"><a href=\"\/art-week-miami-beach\/fairs-and-partners\/\">Fairs &#038; Partners<\/a><\/li><li id=\"menu-item-392041\"><a href=\"\/art-week-miami-beach\/artweek-events\/no-vacancy-miami-beach\/\">No Vacancy<\/a><\/li><li id=\"menu-item-391190\"><a href=\"\/art-week-miami-beach\/public-safety\/\">Public Safety<\/a><\/li><\/ul>\t<\/nav>\n<h1>\n\t\t\tCultural Activations\t<\/h1>\n\t\t\t\t<img decoding=\"async\" src=\"https:\/\/www.miamibeachfl.gov\/wp-content\/uploads\/2024\/11\/200sqThumbnails-14-wolfsonian.jpeg\" alt=\"The Wolfsonian - FIU\" itemprop=\"image\" height=\"200\" width=\"200\" title=\"200sqThumbnails-14-wolfsonian\" onerror=\"this.style.display='none'\" loading=\"lazy\" \/>\n<h1>\n\t\t\tThe Wolfsonian-FIU\t<\/h1>\n\t<nav id=\"breadcrumbs\" aria-label=\"Breadcrumbs\"><a href=\"https:\/\/www.miamibeachfl.gov\/\">Home<\/a> &gt; <a href=\"https:\/\/www.miamibeachfl.gov\/art-week-miami-beach\/\">Art week Miami Beach<\/a> &gt; <a href=\"https:\/\/www.miamibeachfl.gov\/art-week-miami-beach\/artweek-events\/\">Cultural Activations<\/a> &gt; <strong>The Wolfsonian-FIU<\/strong><\/nav>\n\t\t<ul>\n\t\t\t\t\t<li>\n\t\t\t\t\t\t\t\t\t\t\t<img loading=\"lazy\" decoding=\"async\" src=\"https:\/\/www.miamibeachfl.gov\/wp-content\/uploads\/2025\/11\/aquawave.png\" alt=\"aquawave\" width=\"100\" height=\"100\" \/>\n\t\t\t\t<h3>WHEN<\/h3>\n\t\t<ul><li>Daily<\/li><li>Free Art Week Miami Beach Admission<\/li><li>10 AM &#8211; 6 PM<\/li><\/ul>\t\t\t\n\t\t\t<\/li>\n\t\t\t\t\t<li>\n\t\t\t\t\t\t\t\t\t\t\t<img loading=\"lazy\" decoding=\"async\" src=\"https:\/\/www.miamibeachfl.gov\/wp-content\/uploads\/2025\/11\/aquawave.png\" alt=\"aquawave\" width=\"100\" height=\"100\" \/>\n\t\t\t\t<h3>WHERE<\/h3>\n\t\t<p>1001 Washington Avenue<\/p>\t\t\t\n\t\t\t<\/li>\n\t\t\t\t\t<li>\n\t\t\t\t\t\t\t\t\t\t\t<img loading=\"lazy\" decoding=\"async\" src=\"https:\/\/www.miamibeachfl.gov\/wp-content\/uploads\/2025\/11\/aquawave.png\" alt=\"aquawave\" width=\"100\" height=\"100\" \/>\n\t\t\t\t<h3>DETAILS<\/h3>\n\t\t<p>The Wolfsonian-FIU will be exhibiting &#8220;Marco Brambilla: After Utopia,&#8221; &#8220;World&#8217;s Fairs: Visions of Tomorrow&#8221;, &#8220;Modern Design Across Borders,&#8221; &#8220;La Superba: Genoa and The Wolfsoniana,&#8221; and ongoing exhibit &#8220;Harry Clarke and the Geneva Window.&#8221;<\/p>\t\t\t\n\t\t\t<\/li>\n\t\t\t\t<\/ul>\n\t\t\t<a href=\"https:\/\/wolfsonian.org\/\" target=\"_blank\" rel=\"noopener\">\n\t\t\t\t\t\t\twolfsonian.org\n\t\t\t<\/a>\n\t\t\t\t<a href=\"https:\/\/transitapp.com\/en\/region\/miami\/miami-beach-trolley\"  target=\"_blank\" rel=\"noopener\"  itemprop=\"url\">\n\t\t\t\t<img decoding=\"async\" src=\"https:\/\/www.miamibeachfl.gov\/wp-content\/uploads\/2025\/11\/transitappicon.png\" alt=\"Transit App\" itemprop=\"image\" height=\"157\" width=\"160\" title=\"transitappicon\" onerror=\"this.style.display='none'\" loading=\"lazy\" \/>\n\t\t\t\t<\/a>\n\t<p>Hop on the free <strong>Miami Beach Trolley<\/strong>. <strong><a href=\"https:\/\/transitapp.com\/en\/region\/miami\/miami-beach-trolley\">Track it live on the Transit App<\/a><\/strong>.<\/p>\n\t\t\t\t<a href=\"https:\/\/citibikemiami.com\/\"  target=\"_blank\" rel=\"noopener\"  itemprop=\"url\">\n\t\t\t\t<img decoding=\"async\" src=\"https:\/\/www.miamibeachfl.gov\/wp-content\/uploads\/2025\/11\/citibikeicon.png\" alt=\"citibike\" itemprop=\"image\" height=\"157\" width=\"160\" title=\"citibikeicon\" onerror=\"this.style.display='none'\" loading=\"lazy\" \/>\n\t\t\t\t<\/a>\n\t<p><a href=\"https:\/\/citibikemiami.com\/\"><strong>Grab a CitiBike and cruise around.<\/strong><\/a><\/p>\n\t\t\t\t<a href=\"https:\/\/www.miamibeachfl.gov\/freebee\/\"  target=\"_blank\" rel=\"noopener\"  itemprop=\"url\">\n\t\t\t\t<img decoding=\"async\" src=\"https:\/\/www.miamibeachfl.gov\/wp-content\/uploads\/2025\/11\/FreebeeIcon.png\" alt=\"Freebee\" itemprop=\"image\" height=\"157\" width=\"160\" title=\"FreebeeIcon\" onerror=\"this.style.display='none'\" loading=\"lazy\" \/>\n\t\t\t\t<\/a>\n\t<p><a href=\"https:\/\/www.miamibeachfl.gov\/freebee\/\"><b>Catch a ride with Freebee &#8211; it&#8217;s electric and free.<\/b><\/a><\/p>\n\t\t\t\t<a href=\"https:\/\/www.apple.com\/store\"  target=\"_self\" itemprop=\"url\">\n\t\t\t\t<img decoding=\"async\" src=\"https:\/\/www.miamibeachfl.gov\/wp-content\/uploads\/2025\/11\/AppleStoreIcon.png\" alt=\"apple store\" itemprop=\"image\" height=\"68\" width=\"198\" title=\"AppleStoreIcon\" onerror=\"this.style.display='none'\" loading=\"lazy\" \/>\n\t\t\t\t<\/a>\n\t\t\t\t<a href=\"https:\/\/play.google.com\/store\/games?hl=en_US&#038;pli=1\"  target=\"_self\" itemprop=\"url\">\n\t\t\t\t<img decoding=\"async\" src=\"https:\/\/www.miamibeachfl.gov\/wp-content\/uploads\/2025\/11\/GooglePlayIcon.png\" alt=\"Google play\" itemprop=\"image\" height=\"70\" width=\"221\" title=\"GooglePlayIcon\" onerror=\"this.style.display='none'\" loading=\"lazy\" \/>\n\t\t\t\t<\/a>\n\n","protected":false},"excerpt":{"rendered":"<p>DEC. 1 &#8211; 7, 2025 MENU \u00d7 Free Transportation Cultural Activations Fairs &#038; Partners No Vacancy Public Safety Cultural Activations [&hellip;]<\/p>\n","protected":false},"author":222,"featured_media":0,"parent":391060,"menu_order":1,"comment_status":"closed","ping_status":"closed","template":"","meta":{"_searchwp_excluded":"","site-sidebar-layout":"no-sidebar","site-content-layout":"page-builder","ast-site-content-layout":"default","site-content-style":"default","site-sidebar-style":"default","ast-global-header-display":"disabled","ast-banner-title-visibility":"disabled","ast-main-header-display":"","ast-hfb-above-header-display":"","ast-hfb-below-header-display":"","ast-hfb-mobile-header-display":"","site-post-title":"disabled","ast-breadcrumbs-content":"","ast-featured-img":"","footer-sml-layout":"","theme-transparent-header-meta":"","adv-header-id-meta":"","stick-header-meta":"","header-above-stick-meta":"","header-main-stick-meta":"","header-below-stick-meta":"","astra-migrate-meta-layouts":"default","ast-page-background-enabled":"default","ast-page-background-meta":{"desktop":{"background-color":"var(--ast-global-color-5)","background-image":"","background-repeat":"repeat","background-position":"center center","background-size":"auto","background-attachment":"scroll","background-type":"","background-media":"","overlay-type":"","overlay-color":"","overlay-opacity":"","overlay-gradient":""},"tablet":{"background-color":"","background-image":"","background-repeat":"repeat","background-position":"center center","background-size":"auto","background-attachment":"scroll","background-type":"","background-media":"","overlay-type":"","overlay-color":"","overlay-opacity":"","overlay-gradient":""},"mobile":{"background-color":"","background-image":"","background-repeat":"repeat","background-position":"center center","background-size":"auto","background-attachment":"scroll","background-type":"","background-media":"","overlay-type":"","overlay-color":"","overlay-opacity":"","overlay-gradient":""}},"ast-content-background-meta":{"desktop":{"background-color":"var(--ast-global-color-4)","background-image":"","background-repeat":"repeat","background-position":"center center","background-size":"auto","background-attachment":"scroll","background-type":"","background-media":"","overlay-type":"","overlay-color":"","overlay-opacity":"","overlay-gradient":""},"tablet":{"background-color":"var(--ast-global-color-4)","background-image":"","background-repeat":"repeat","background-position":"center center","background-size":"auto","background-attachment":"scroll","background-type":"","background-media":"","overlay-type":"","overlay-color":"","overlay-opacity":"","overlay-gradient":""},"mobile":{"background-color":"var(--ast-global-color-4)","background-image":"","background-repeat":"repeat","background-position":"center center","background-size":"auto","background-attachment":"scroll","background-type":"","background-media":"","overlay-type":"","overlay-color":"","overlay-opacity":"","overlay-gradient":""}},"footnotes":""},"categories":[1844],"tags":[],"class_list":["post-391558","page","type-page","status-publish","hentry","category-artweek-2025-category"],"yoast_head":"<!-- This site is optimized with the Yoast SEO Premium plugin v27.4 (Yoast SEO v27.4) - https:\/\/yoast.com\/product\/yoast-seo-premium-wordpress\/ -->\n<title>The Wolfsonian\u2013FIU - City of Miami Beach<\/title>\n<meta name=\"description\" content=\"Daily, Free Art Week Miami Beach Admission | 10 AM \u2013 6 PMThe Wolfsonian\u2013FIU will be exhibiting \u201cMarco Brambilla: After Utopia,\u201d \u201cWorld&#039;s Fairs: Visions of Tomorrow\u201d, \u201cModern Design Across Borders,\u201d \u201cLa Superba: Genoa and The Wolfsoniana,\u201d and ongoing exhibit \u201cHarry Clarke and the Geneva Window.\u201d\" \/>\n<meta name=\"robots\" content=\"index, follow, max-snippet:-1, max-image-preview:large, max-video-preview:-1\" \/>\n<link rel=\"canonical\" href=\"https:\/\/www.miamibeachfl.gov\/fr\/art-week-miami-beach\/artweek-events\/the-wolfsonianfiu\/\" \/>\n<meta property=\"og:locale\" content=\"fr_FR\" \/>\n<meta property=\"og:type\" content=\"article\" \/>\n<meta property=\"og:title\" content=\"The Wolfsonian\u2013FIU\" \/>\n<meta property=\"og:description\" content=\"Daily, Free Art Week Miami Beach Admission | 10 AM \u2013 6 PMThe Wolfsonian\u2013FIU will be exhibiting \u201cMarco Brambilla: After Utopia,\u201d \u201cWorld&#039;s Fairs: Visions of Tomorrow\u201d, \u201cModern Design Across Borders,\u201d \u201cLa Superba: Genoa and The Wolfsoniana,\u201d and ongoing exhibit \u201cHarry Clarke and the Geneva Window.\u201d\" \/>\n<meta property=\"og:url\" content=\"https:\/\/www.miamibeachfl.gov\/fr\/art-week-miami-beach\/artweek-events\/the-wolfsonianfiu\/\" \/>\n<meta property=\"og:site_name\" content=\"City of Miami Beach\" \/>\n<meta property=\"article:publisher\" content=\"https:\/\/www.facebook.com\/cityofmiamibeach\" \/>\n<meta property=\"article:modified_time\" content=\"2025-11-14T18:15:42+00:00\" \/>\n<meta property=\"og:image\" content=\"https:\/\/www.miamibeachfl.gov\/wp-content\/uploads\/2024\/11\/200sqThumbnails-12-oolite.jpeg\" \/>\n\t<meta property=\"og:image:width\" content=\"200\" \/>\n\t<meta property=\"og:image:height\" content=\"200\" \/>\n\t<meta property=\"og:image:type\" content=\"image\/jpeg\" \/>\n<meta name=\"twitter:card\" content=\"summary_large_image\" \/>\n<meta name=\"twitter:site\" content=\"@Miamibeachnews\" \/>\n<script type=\"application\/ld+json\" class=\"yoast-schema-graph\">{\"@context\":\"https:\\\/\\\/schema.org\",\"@graph\":[{\"@type\":\"WebPage\",\"@id\":\"https:\\\/\\\/www.miamibeachfl.gov\\\/art-week-miami-beach\\\/artweek-events\\\/the-wolfsonianfiu\\\/\",\"url\":\"https:\\\/\\\/www.miamibeachfl.gov\\\/art-week-miami-beach\\\/artweek-events\\\/the-wolfsonianfiu\\\/\",\"name\":\"The Wolfsonian\u2013FIU - City of Miami Beach\",\"isPartOf\":{\"@id\":\"https:\\\/\\\/www.miamibeachfl.gov\\\/#website\"},\"primaryImageOfPage\":{\"@id\":\"https:\\\/\\\/www.miamibeachfl.gov\\\/art-week-miami-beach\\\/artweek-events\\\/the-wolfsonianfiu\\\/#primaryimage\"},\"image\":{\"@id\":\"https:\\\/\\\/www.miamibeachfl.gov\\\/art-week-miami-beach\\\/artweek-events\\\/the-wolfsonianfiu\\\/#primaryimage\"},\"thumbnailUrl\":\"https:\\\/\\\/www.miamibeachfl.gov\\\/wp-content\\\/uploads\\\/2025\\\/11\\\/ArtWeek_LOGO_DeepOcean.png\",\"datePublished\":\"2025-11-10T20:53:17+00:00\",\"dateModified\":\"2025-11-14T18:15:42+00:00\",\"description\":\"Daily, Free Art Week Miami Beach Admission | 10 AM \u2013 6 PMThe Wolfsonian\u2013FIU will be exhibiting \u201cMarco Brambilla: After Utopia,\u201d \u201cWorld's Fairs: Visions of Tomorrow\u201d, \u201cModern Design Across Borders,\u201d \u201cLa Superba: Genoa and The Wolfsoniana,\u201d and ongoing exhibit \u201cHarry Clarke and the Geneva Window.\u201d\",\"breadcrumb\":{\"@id\":\"https:\\\/\\\/www.miamibeachfl.gov\\\/art-week-miami-beach\\\/artweek-events\\\/the-wolfsonianfiu\\\/#breadcrumb\"},\"inLanguage\":\"fr-FR\",\"potentialAction\":[{\"@type\":\"ReadAction\",\"target\":[\"https:\\\/\\\/www.miamibeachfl.gov\\\/art-week-miami-beach\\\/artweek-events\\\/the-wolfsonianfiu\\\/\"]}]},{\"@type\":\"ImageObject\",\"inLanguage\":\"fr-FR\",\"@id\":\"https:\\\/\\\/www.miamibeachfl.gov\\\/art-week-miami-beach\\\/artweek-events\\\/the-wolfsonianfiu\\\/#primaryimage\",\"url\":\"https:\\\/\\\/www.miamibeachfl.gov\\\/wp-content\\\/uploads\\\/2025\\\/11\\\/ArtWeek_LOGO_DeepOcean.png\",\"contentUrl\":\"https:\\\/\\\/www.miamibeachfl.gov\\\/wp-content\\\/uploads\\\/2025\\\/11\\\/ArtWeek_LOGO_DeepOcean.png\"},{\"@type\":\"BreadcrumbList\",\"@id\":\"https:\\\/\\\/www.miamibeachfl.gov\\\/art-week-miami-beach\\\/artweek-events\\\/the-wolfsonianfiu\\\/#breadcrumb\",\"itemListElement\":[{\"@type\":\"ListItem\",\"position\":1,\"name\":\"Home\",\"item\":\"https:\\\/\\\/www.miamibeachfl.gov\\\/\"},{\"@type\":\"ListItem\",\"position\":2,\"name\":\"Art week Miami Beach\",\"item\":\"https:\\\/\\\/www.miamibeachfl.gov\\\/art-week-miami-beach\\\/\"},{\"@type\":\"ListItem\",\"position\":3,\"name\":\"Cultural Activations\",\"item\":\"https:\\\/\\\/www.miamibeachfl.gov\\\/art-week-miami-beach\\\/artweek-events\\\/\"},{\"@type\":\"ListItem\",\"position\":4,\"name\":\"The Wolfsonian\u2013FIU\"}]},{\"@type\":\"WebSite\",\"@id\":\"https:\\\/\\\/www.miamibeachfl.gov\\\/#website\",\"url\":\"https:\\\/\\\/www.miamibeachfl.gov\\\/\",\"name\":\"City of Miami Beach\",\"description\":\"The official website of the City of Miami Beach. Stay informed, find important information on city services, news, alerts, events, trolley routes, government employment and more.\",\"publisher\":{\"@id\":\"https:\\\/\\\/www.miamibeachfl.gov\\\/#organization\"},\"potentialAction\":[{\"@type\":\"SearchAction\",\"target\":{\"@type\":\"EntryPoint\",\"urlTemplate\":\"https:\\\/\\\/www.miamibeachfl.gov\\\/?s={search_term_string}\"},\"query-input\":{\"@type\":\"PropertyValueSpecification\",\"valueRequired\":true,\"valueName\":\"search_term_string\"}}],\"inLanguage\":\"fr-FR\"},{\"@type\":\"Organization\",\"@id\":\"https:\\\/\\\/www.miamibeachfl.gov\\\/#organization\",\"name\":\"City of Miami Beach\",\"url\":\"https:\\\/\\\/www.miamibeachfl.gov\\\/\",\"logo\":{\"@type\":\"ImageObject\",\"inLanguage\":\"fr-FR\",\"@id\":\"https:\\\/\\\/www.miamibeachfl.gov\\\/#\\\/schema\\\/logo\\\/image\\\/\",\"url\":\"https:\\\/\\\/www.miamibeachfl.gov\\\/wp-content\\\/uploads\\\/2022\\\/06\\\/miamibeach-logoblue.png\",\"contentUrl\":\"https:\\\/\\\/www.miamibeachfl.gov\\\/wp-content\\\/uploads\\\/2022\\\/06\\\/miamibeach-logoblue.png\",\"width\":1962,\"height\":381,\"caption\":\"City of Miami Beach\"},\"image\":{\"@id\":\"https:\\\/\\\/www.miamibeachfl.gov\\\/#\\\/schema\\\/logo\\\/image\\\/\"},\"sameAs\":[\"https:\\\/\\\/www.facebook.com\\\/cityofmiamibeach\",\"https:\\\/\\\/x.com\\\/Miamibeachnews\",\"https:\\\/\\\/www.instagram.com\\\/miamibeachnews\\\/\"],\"description\":\"The official website of the City of Miami Beach. Stay informed, find important information on city services, news, alerts, events, trolley routes, government employment and more.\",\"telephone\":\"305.604.CITY(2489)\",\"legalName\":\"City of Miami Beach\"}]}<\/script>\n<!-- \/ Yoast SEO Premium plugin. -->","yoast_head_json":{"title":"Le Wolfsonian\u2013FIU - Ville de Miami Beach","description":"Entr\u00e9e gratuite tous les jours \u00e0 l&#039;occasion de la Semaine de l&#039;art de Miami Beach | 10h00 \u2013 18h00. Le Wolfsonian\u2013FIU pr\u00e9sentera les expositions suivantes\u00a0: \u00ab\u00a0Marco Brambilla\u00a0: Apr\u00e8s l&#039;utopie\u00a0\u00bb, \u00ab\u00a0Expositions universelles\u00a0: Visions de demain\u00a0\u00bb, \u00ab\u00a0Design moderne sans fronti\u00e8res\u00a0\u00bb, \u00ab\u00a0La Superba\u00a0: G\u00eanes et le Wolfsoniana\u00a0\u00bb, ainsi que l&#039;exposition permanente \u00ab\u00a0Harry Clarke et la fen\u00eatre de Gen\u00e8ve\u00a0\u00bb.","robots":{"index":"index","follow":"follow","max-snippet":"max-snippet:-1","max-image-preview":"max-image-preview:large","max-video-preview":"max-video-preview:-1"},"canonical":"https:\/\/www.miamibeachfl.gov\/fr\/art-week-miami-beach\/artweek-events\/the-wolfsonianfiu\/","og_locale":"fr_FR","og_type":"article","og_title":"The Wolfsonian\u2013FIU","og_description":"Daily, Free Art Week Miami Beach Admission | 10 AM \u2013 6 PMThe Wolfsonian\u2013FIU will be exhibiting \u201cMarco Brambilla: After Utopia,\u201d \u201cWorld's Fairs: Visions of Tomorrow\u201d, \u201cModern Design Across Borders,\u201d \u201cLa Superba: Genoa and The Wolfsoniana,\u201d and ongoing exhibit \u201cHarry Clarke and the Geneva Window.\u201d","og_url":"https:\/\/www.miamibeachfl.gov\/fr\/art-week-miami-beach\/artweek-events\/the-wolfsonianfiu\/","og_site_name":"City of Miami Beach","article_publisher":"https:\/\/www.facebook.com\/cityofmiamibeach","article_modified_time":"2025-11-14T18:15:42+00:00","og_image":[{"width":200,"height":200,"url":"https:\/\/www.miamibeachfl.gov\/wp-content\/uploads\/2024\/11\/200sqThumbnails-12-oolite.jpeg","type":"image\/jpeg"}],"twitter_card":"summary_large_image","twitter_site":"@Miamibeachnews","schema":{"@context":"https:\/\/schema.org","@graph":[{"@type":"WebPage","@id":"https:\/\/www.miamibeachfl.gov\/art-week-miami-beach\/artweek-events\/the-wolfsonianfiu\/","url":"https:\/\/www.miamibeachfl.gov\/art-week-miami-beach\/artweek-events\/the-wolfsonianfiu\/","name":"Le Wolfsonian\u2013FIU - Ville de Miami Beach","isPartOf":{"@id":"https:\/\/www.miamibeachfl.gov\/#website"},"primaryImageOfPage":{"@id":"https:\/\/www.miamibeachfl.gov\/art-week-miami-beach\/artweek-events\/the-wolfsonianfiu\/#primaryimage"},"image":{"@id":"https:\/\/www.miamibeachfl.gov\/art-week-miami-beach\/artweek-events\/the-wolfsonianfiu\/#primaryimage"},"thumbnailUrl":"https:\/\/www.miamibeachfl.gov\/wp-content\/uploads\/2025\/11\/ArtWeek_LOGO_DeepOcean.png","datePublished":"2025-11-10T20:53:17+00:00","dateModified":"2025-11-14T18:15:42+00:00","description":"Entr\u00e9e gratuite tous les jours \u00e0 l&#039;occasion de la Semaine de l&#039;art de Miami Beach | 10h00 \u2013 18h00. Le Wolfsonian\u2013FIU pr\u00e9sentera les expositions suivantes\u00a0: \u00ab\u00a0Marco Brambilla\u00a0: Apr\u00e8s l&#039;utopie\u00a0\u00bb, \u00ab\u00a0Expositions universelles\u00a0: Visions de demain\u00a0\u00bb, \u00ab\u00a0Design moderne sans fronti\u00e8res\u00a0\u00bb, \u00ab\u00a0La Superba\u00a0: G\u00eanes et le Wolfsoniana\u00a0\u00bb, ainsi que l&#039;exposition permanente \u00ab\u00a0Harry Clarke et la fen\u00eatre de Gen\u00e8ve\u00a0\u00bb.","breadcrumb":{"@id":"https:\/\/www.miamibeachfl.gov\/art-week-miami-beach\/artweek-events\/the-wolfsonianfiu\/#breadcrumb"},"inLanguage":"fr-FR","potentialAction":[{"@type":"ReadAction","target":["https:\/\/www.miamibeachfl.gov\/art-week-miami-beach\/artweek-events\/the-wolfsonianfiu\/"]}]},{"@type":"ImageObject","inLanguage":"fr-FR","@id":"https:\/\/www.miamibeachfl.gov\/art-week-miami-beach\/artweek-events\/the-wolfsonianfiu\/#primaryimage","url":"https:\/\/www.miamibeachfl.gov\/wp-content\/uploads\/2025\/11\/ArtWeek_LOGO_DeepOcean.png","contentUrl":"https:\/\/www.miamibeachfl.gov\/wp-content\/uploads\/2025\/11\/ArtWeek_LOGO_DeepOcean.png"},{"@type":"BreadcrumbList","@id":"https:\/\/www.miamibeachfl.gov\/art-week-miami-beach\/artweek-events\/the-wolfsonianfiu\/#breadcrumb","itemListElement":[{"@type":"ListItem","position":1,"name":"Home","item":"https:\/\/www.miamibeachfl.gov\/"},{"@type":"ListItem","position":2,"name":"Art week Miami Beach","item":"https:\/\/www.miamibeachfl.gov\/art-week-miami-beach\/"},{"@type":"ListItem","position":3,"name":"Cultural Activations","item":"https:\/\/www.miamibeachfl.gov\/art-week-miami-beach\/artweek-events\/"},{"@type":"ListItem","position":4,"name":"The Wolfsonian\u2013FIU"}]},{"@type":"WebSite","@id":"https:\/\/www.miamibeachfl.gov\/#website","url":"https:\/\/www.miamibeachfl.gov\/","name":"Ville de Miami Beach","description":"Site officiel de la ville de Miami Beach. Restez inform\u00e9 et trouvez des informations importantes sur les services municipaux, les actualit\u00e9s, les alertes, les \u00e9v\u00e9nements, les itin\u00e9raires de tramway, les emplois gouvernementaux et bien plus encore.","publisher":{"@id":"https:\/\/www.miamibeachfl.gov\/#organization"},"potentialAction":[{"@type":"SearchAction","target":{"@type":"EntryPoint","urlTemplate":"https:\/\/www.miamibeachfl.gov\/?s={search_term_string}"},"query-input":{"@type":"PropertyValueSpecification","valueRequired":true,"valueName":"search_term_string"}}],"inLanguage":"fr-FR"},{"@type":"Organization","@id":"https:\/\/www.miamibeachfl.gov\/#organization","name":"Ville de Miami Beach","url":"https:\/\/www.miamibeachfl.gov\/","logo":{"@type":"ImageObject","inLanguage":"fr-FR","@id":"https:\/\/www.miamibeachfl.gov\/#\/schema\/logo\/image\/","url":"https:\/\/www.miamibeachfl.gov\/wp-content\/uploads\/2022\/06\/miamibeach-logoblue.png","contentUrl":"https:\/\/www.miamibeachfl.gov\/wp-content\/uploads\/2022\/06\/miamibeach-logoblue.png","width":1962,"height":381,"caption":"City of Miami Beach"},"image":{"@id":"https:\/\/www.miamibeachfl.gov\/#\/schema\/logo\/image\/"},"sameAs":["https:\/\/www.facebook.com\/cityofmiamibeach","https:\/\/x.com\/Miamibeachnews","https:\/\/www.instagram.com\/miamibeachnews\/"],"description":"Site officiel de la ville de Miami Beach. Restez inform\u00e9 et trouvez des informations importantes sur les services municipaux, les actualit\u00e9s, les alertes, les \u00e9v\u00e9nements, les itin\u00e9raires de tramway, les emplois gouvernementaux et bien plus encore.","telephone":"305.604.CITY(2489)","legalName":"City of Miami Beach"}]}},"_links":{"self":[{"href":"https:\/\/www.miamibeachfl.gov\/fr\/wp-json\/wp\/v2\/pages\/391558","targetHints":{"allow":["GET"]}}],"collection":[{"href":"https:\/\/www.miamibeachfl.gov\/fr\/wp-json\/wp\/v2\/pages"}],"about":[{"href":"https:\/\/www.miamibeachfl.gov\/fr\/wp-json\/wp\/v2\/types\/page"}],"author":[{"embeddable":true,"href":"https:\/\/www.miamibeachfl.gov\/fr\/wp-json\/wp\/v2\/users\/222"}],"replies":[{"embeddable":true,"href":"https:\/\/www.miamibeachfl.gov\/fr\/wp-json\/wp\/v2\/comments?post=391558"}],"version-history":[{"count":9,"href":"https:\/\/www.miamibeachfl.gov\/fr\/wp-json\/wp\/v2\/pages\/391558\/revisions"}],"predecessor-version":[{"id":392056,"href":"https:\/\/www.miamibeachfl.gov\/fr\/wp-json\/wp\/v2\/pages\/391558\/revisions\/392056"}],"up":[{"embeddable":true,"href":"https:\/\/www.miamibeachfl.gov\/fr\/wp-json\/wp\/v2\/pages\/391060"}],"wp:attachment":[{"href":"https:\/\/www.miamibeachfl.gov\/fr\/wp-json\/wp\/v2\/media?parent=391558"}],"wp:term":[{"taxonomy":"category","embeddable":true,"href":"https:\/\/www.miamibeachfl.gov\/fr\/wp-json\/wp\/v2\/categories?post=391558"},{"taxonomy":"post_tag","embeddable":true,"href":"https:\/\/www.miamibeachfl.gov\/fr\/wp-json\/wp\/v2\/tags?post=391558"}],"curies":[{"name":"wp","href":"https:\/\/api.w.org\/{rel}","templated":true}]}}