{"id":391691,"date":"2025-11-11T16:05:06","date_gmt":"2025-11-11T21:05:06","guid":{"rendered":"https:\/\/www.miamibeachfl.gov\/?page_id=391691"},"modified":"2025-11-14T13:15:57","modified_gmt":"2025-11-14T18:15:57","slug":"lincoln-road-business-improvement-district","status":"publish","type":"page","link":"https:\/\/www.miamibeachfl.gov\/fr\/art-week-miami-beach\/fairs-and-partners\/lincoln-road-business-improvement-district\/","title":{"rendered":"Quartier d&#039;am\u00e9lioration commerciale de Lincoln Road"},"content":{"rendered":"<a href=\"\/fr\/art-week-miami-beach\/\"  target=\"_self\" itemprop=\"url\">\n\t\t\t\t<img decoding=\"async\" src=\"https:\/\/www.miamibeachfl.gov\/wp-content\/uploads\/2025\/11\/ArtWeek_LOGO_DeepOcean.png\" alt=\"artweek 2025 logo\" itemprop=\"image\" height=\"153\" width=\"500\" title=\"ArtWeek_LOGO_Oc\u00e9an Profond\" onerror=\"this.style.display='none'\" loading=\"lazy\" \/>\n\t\t\t\t<\/a>\n<h1>\n\t\t\t1er \u2013 7 d\u00e9cembre 2025\t<\/h1>\n\t\t\t<style>\n\t\t\t\n\t\t\t\n\t\t\t\t\t\t\t#searchwp-form-4 .swp-input,\n\t\t\t\t#searchwp-form-4 .swp-select {\n                    border: 0;\n                    border-bottom: 1px solid #b3eee5;\n                    border-radius: 0;\n                }\n\t\t\t\n\t\t\t                #searchwp-form-4 .swp-toggle-checkbox:checked + .swp-toggle-switch,\n                #searchwp-form-4 .swp-toggle-switch--checked  {\n                    background: #b3eee5;\n                }\n\t\t\t\n\t\t\t\n\t\t\t\t\t\t\t#searchwp-form-4 input[type=submit] {\n                    background-color: #f06a6a;\n                }\n\t\t\t\n\t\t\t\n\t\t\t\t\t\t\t#searchwp-form-4 input[type=submit] {\n                    color: #1e4166;\n                }\n\t\t\t\n\t\t\t\t\t<\/style>\n\t\t\t\t<form id=\"searchwp-form-4\"\n\t\t\trole=\"search\"\n\t\t\tmethod=\"get\"\n\t\t\tclass=\"searchwp-form\"\n\t\t\taction=\"https:\/\/www.miamibeachfl.gov\/fr\/\"\n\t\t\taria-label=\"Recherche\" data-trp-original-action=\"https:\/\/www.miamibeachfl.gov\/fr\/\">\n\t\t\t<input type=\"hidden\" name=\"swp_form[form_id]\" value=\"4\">\n\t\t\t<div class=\"swp-flex--col swp-flex--wrap swp-flex--gap-md\">\n\t\t\t\t<div class=\"swp-flex--row swp-items-stretch swp-flex--gap-md\">\n\t\t\t\t\t<div class=\"searchwp-form-input-container swp-items-stretch\">\n\t\t\t\t\t\t\n\t\t\t\t\t\t\t\t\t\t\t\t\t\t\t\t\t\t<input type=\"search\"\n\t\t\t\t\t\t\tclass=\"swp-input--search swp-input\"\n\t\t\t\t\t\t\tplaceholder=\"Semaine de l&#039;art \u00e0 la recherche\"\n\t\t\t\t\t\t\tvalue=\"\"\n\t\t\t\t\t\t\tname=\"s\"\n\t\t\t\t\t\t\ttitle=\"Semaine de l&#039;art \u00e0 la recherche\"\n\t\t\t\t\t\t   \taria-label=\"Recherche\"\n\t\t\t\t\t\t\taria-required=\"false\"\n\t\t\t\t\t\t\t data-swplive=\"true\" data-swpengine=\"art_week\"                        \/>\n\t\t\t\t\t<\/div>\n\n\t\t\t\t\t\t\t\t\t\t\t<input type=\"submit\"\n\t\t\t\t\t\t\tclass=\"search-submit swp-button\"\n\t\t\t\t\t\t\tvalue=\"Recherche\"\n\t\t\t\t\t\t\taria-label=\"Recherche\"\n\t\t\t\t\t\t\/>\n\t\t\t\t\t\n\t\t\t\t<\/div>\n\n\t\t\t\t\n\t\t\t\t\t\t\t<\/div>\n\t\t\t\t\t<input type=\"hidden\" name=\"trp-form-language\" value=\"fr\"\/><\/form>\n\t\t\n\t\t\t<button tabindex=\"0\" aria-label=\"MENU\" aria-expanded=\"false\">\n\t\t\t\tMENU\t\t\t<\/button>\n\t<nav aria-label=\"MENU DE LA SEMAINE DE L&#039;ART\" itemscope=\"itemscope\" itemtype=\"https:\/\/schema.org\/SiteNavigationElement\">\n\t\t<a href=\"javascript:void(0)\" aria-label=\"Fermer le menu\" role=\"button\">\u00d7<\/a>\n\t\t<ul id=\"menu-artweek-2025\"><li id=\"menu-item-391186\"><a href=\"\/fr\/art-week-miami-beach\/artweek-free-transportation\/\">Transport gratuit<\/a><\/li><li id=\"menu-item-391187\"><a href=\"\/fr\/art-week-miami-beach\/artweek-events\/\">Activations culturelles<\/a><\/li><li id=\"menu-item-391188\"><a href=\"\/fr\/art-week-miami-beach\/fairs-and-partners\/\">Foires et partenaires<\/a><\/li><li id=\"menu-item-392041\"><a href=\"\/fr\/art-week-miami-beach\/artweek-events\/no-vacancy-miami-beach\/\">Complet<\/a><\/li><li id=\"menu-item-391190\"><a href=\"\/fr\/art-week-miami-beach\/public-safety\/\">S\u00e9curit\u00e9 publique<\/a><\/li><\/ul>\t<\/nav>\n<h1>\n\t\t\tFoires et partenaires\t<\/h1>\n\t\t\t\t<img decoding=\"async\" src=\"https:\/\/www.miamibeachfl.gov\/wp-content\/uploads\/2025\/11\/faena-palms-200.jpg\" alt=\"palm trees and sky\" itemprop=\"image\" height=\"200\" width=\"200\" title=\"faena-palms-200\" onerror=\"this.style.display='none'\" loading=\"lazy\" \/>\n<h1>\n\t\t\tQuartier d&#039;am\u00e9lioration commerciale de Lincoln Road\t<\/h1>\n\t<nav id=\"breadcrumbs\" aria-label=\"Fil d&#039;Ariane\"><a href=\"https:\/\/www.miamibeachfl.gov\/fr\/\">Maison<\/a> &gt; <a href=\"https:\/\/www.miamibeachfl.gov\/fr\/art-week-miami-beach\/\">Semaine de l&#039;art \u00e0 Miami Beach<\/a> &gt; <a href=\"https:\/\/www.miamibeachfl.gov\/fr\/art-week-miami-beach\/fairs-and-partners\/\">Semaine de l&#039;art : foires et partenaires<\/a> &gt; <strong>Quartier d&#039;am\u00e9lioration commerciale de Lincoln Road<\/strong><\/nav>\n\t\t<ul>\n\t\t\t\t\t<li>\n\t\t\t\t\t\t\t\t\t\t\t<img loading=\"lazy\" decoding=\"async\" src=\"https:\/\/www.miamibeachfl.gov\/wp-content\/uploads\/2025\/11\/aquawave.png\" alt=\"aquawave\" width=\"100\" height=\"100\" \/>\n\t\t\t\t<h3>QUAND<\/h3>\n\t\t<p>Aujourd&#039;hui \u2013 avril 2026<\/p>\t\t\t\n\t\t\t<\/li>\n\t\t\t\t\t<li>\n\t\t\t\t\t\t\t\t\t\t\t<img loading=\"lazy\" decoding=\"async\" src=\"https:\/\/www.miamibeachfl.gov\/wp-content\/uploads\/2025\/11\/aquawave.png\" alt=\"aquawave\" width=\"100\" height=\"100\" \/>\n\t\t\t\t<h3>O\u00d9<\/h3>\n\t\t<p>Lincoln Road<\/p>\t\t\t\n\t\t\t<\/li>\n\t\t\t\t\t<li>\n\t\t\t\t\t\t\t\t\t\t\t<img loading=\"lazy\" decoding=\"async\" src=\"https:\/\/www.miamibeachfl.gov\/wp-content\/uploads\/2025\/11\/aquawave.png\" alt=\"aquawave\" width=\"100\" height=\"100\" \/>\n\t\t\t\t<h3>D\u00c9TAILS<\/h3>\n\t\t<p><strong>Lincoln Road, la promenade embl\u00e9matique \u00e0 ciel ouvert et centre culturel de Miami Beach, s&#039;animera \u00e0 nouveau pour l&#039;Art Week Miami Beach 2025 avec 14 installations d&#039;art public gratuites.<\/strong><strong>Parmi les points saillants\u00a0:<\/strong><\/p><ul><li><strong> Philippe Katerine<\/strong> gonflables fantaisistes \u00ab\u00a0Monsieur Rose prend son envol\u00a0\u00bb<\/li><li><strong>Rubem Robierb<\/strong> \u00ab Dream Machine \u00bb et \u00ab Empower Flower \u00bb,<\/li><li><strong>Oscar Esteban Martinez<\/strong> \u00ab La Herencia Viva \u00bb (laur\u00e9ate du premier appel \u00e0 candidatures de Lincoln Road),<\/li><li>\u0152uvres enrichies du duo de renomm\u00e9e internationale <strong>Gillie et Marc<\/strong>Les six sculptures rose bonbon de Katerine \u2013 cinq gonflables et une \u0153uvre au niveau de la rue \u2013 incarnent sa philosophie ludique du \u00ab\u00a0mignonisme\u00a0\u00bb et seront expos\u00e9es. <strong>\u00c0 voir de novembre 2025 \u00e0 avril 2026.<\/strong><\/li><\/ul>\t\t\t\n\t\t\t<\/li>\n\t\t\t\t<\/ul>\n\t\t\t<a href=\"https:\/\/lincolnroad.com\/\" target=\"_blank\" rel=\"noopener\">\n\t\t\t\t\t\t\tlincolnroad.com\n\t\t\t<\/a>\n\t\t\t\t<a href=\"https:\/\/transitapp.com\/en\/region\/miami\/miami-beach-trolley\"  target=\"_blank\" rel=\"noopener\"  itemprop=\"url\">\n\t\t\t\t<img decoding=\"async\" src=\"https:\/\/www.miamibeachfl.gov\/wp-content\/uploads\/2025\/11\/transitappicon.png\" alt=\"Transit App\" itemprop=\"image\" height=\"157\" width=\"160\" title=\"application de transit\" onerror=\"this.style.display='none'\" loading=\"lazy\" \/>\n\t\t\t\t<\/a>\n\t<p>Montez \u00e0 bord gratuitement <strong>Tramway de Miami Beach<\/strong>. <strong><a href=\"https:\/\/transitapp.com\/en\/region\/miami\/miami-beach-trolley\">Suivez-le en direct sur l&#039;application Transit<\/a><\/strong>.<\/p>\n\t\t\t\t<a href=\"https:\/\/citibikemiami.com\/\"  target=\"_blank\" rel=\"noopener\"  itemprop=\"url\">\n\t\t\t\t<img decoding=\"async\" src=\"https:\/\/www.miamibeachfl.gov\/wp-content\/uploads\/2025\/11\/citibikeicon.png\" alt=\"citibike\" itemprop=\"image\" height=\"157\" width=\"160\" title=\"citibikeicon\" onerror=\"this.style.display='none'\" loading=\"lazy\" \/>\n\t\t\t\t<\/a>\n\t<p><a href=\"https:\/\/citibikemiami.com\/\"><strong>Prenez un CitiBike et baladez-vous.<\/strong><\/a><\/p>\n\t\t\t\t<a href=\"https:\/\/www.miamibeachfl.gov\/fr\/freebee\/\"  target=\"_blank\" rel=\"noopener\"  itemprop=\"url\">\n\t\t\t\t<img decoding=\"async\" src=\"https:\/\/www.miamibeachfl.gov\/wp-content\/uploads\/2025\/11\/FreebeeIcon.png\" alt=\"Freebee\" itemprop=\"image\" height=\"157\" width=\"160\" title=\"Ic\u00f4ne Freebee\" onerror=\"this.style.display='none'\" loading=\"lazy\" \/>\n\t\t\t\t<\/a>\n\t<p><a href=\"https:\/\/www.miamibeachfl.gov\/fr\/freebee\/\"><b>Montez \u00e0 bord d&#039;un Freebee \u2013 c&#039;est \u00e9lectrique et gratuit.<\/b><\/a><\/p>\n\t\t\t\t<a href=\"https:\/\/www.apple.com\/store\"  target=\"_self\" itemprop=\"url\">\n\t\t\t\t<img decoding=\"async\" src=\"https:\/\/www.miamibeachfl.gov\/wp-content\/uploads\/2025\/11\/AppleStoreIcon.png\" alt=\"apple store\" itemprop=\"image\" height=\"68\" width=\"198\" title=\"Ic\u00f4ne de l&#039;Apple Store\" onerror=\"this.style.display='none'\" loading=\"lazy\" \/>\n\t\t\t\t<\/a>\n\t\t\t\t<a href=\"https:\/\/play.google.com\/store\/games?hl=en_US&#038;pli=1\"  target=\"_self\" itemprop=\"url\">\n\t\t\t\t<img decoding=\"async\" src=\"https:\/\/www.miamibeachfl.gov\/wp-content\/uploads\/2025\/11\/GooglePlayIcon.png\" alt=\"Google play\" itemprop=\"image\" height=\"70\" width=\"221\" title=\"Ic\u00f4ne Google Play\" onerror=\"this.style.display='none'\" loading=\"lazy\" \/>\n\t\t\t\t<\/a>","protected":false},"excerpt":{"rendered":"<p>1er \u2013 7 D\u00c9C. 2025 MENU \u00d7 Transport gratuit Activit\u00e9s culturelles Foires et partenaires Complet Foires sur la s\u00e9curit\u00e9 publique et [\u2026]<\/p>","protected":false},"author":222,"featured_media":0,"parent":391234,"menu_order":0,"comment_status":"closed","ping_status":"closed","template":"","meta":{"_searchwp_excluded":"","site-sidebar-layout":"no-sidebar","site-content-layout":"page-builder","ast-site-content-layout":"default","site-content-style":"default","site-sidebar-style":"default","ast-global-header-display":"disabled","ast-banner-title-visibility":"disabled","ast-main-header-display":"","ast-hfb-above-header-display":"","ast-hfb-below-header-display":"","ast-hfb-mobile-header-display":"","site-post-title":"disabled","ast-breadcrumbs-content":"","ast-featured-img":"","footer-sml-layout":"","theme-transparent-header-meta":"","adv-header-id-meta":"","stick-header-meta":"","header-above-stick-meta":"","header-main-stick-meta":"","header-below-stick-meta":"","astra-migrate-meta-layouts":"default","ast-page-background-enabled":"default","ast-page-background-meta":{"desktop":{"background-color":"var(--ast-global-color-5)","background-image":"","background-repeat":"repeat","background-position":"center center","background-size":"auto","background-attachment":"scroll","background-type":"","background-media":"","overlay-type":"","overlay-color":"","overlay-opacity":"","overlay-gradient":""},"tablet":{"background-color":"","background-image":"","background-repeat":"repeat","background-position":"center center","background-size":"auto","background-attachment":"scroll","background-type":"","background-media":"","overlay-type":"","overlay-color":"","overlay-opacity":"","overlay-gradient":""},"mobile":{"background-color":"","background-image":"","background-repeat":"repeat","background-position":"center center","background-size":"auto","background-attachment":"scroll","background-type":"","background-media":"","overlay-type":"","overlay-color":"","overlay-opacity":"","overlay-gradient":""}},"ast-content-background-meta":{"desktop":{"background-color":"var(--ast-global-color-4)","background-image":"","background-repeat":"repeat","background-position":"center center","background-size":"auto","background-attachment":"scroll","background-type":"","background-media":"","overlay-type":"","overlay-color":"","overlay-opacity":"","overlay-gradient":""},"tablet":{"background-color":"var(--ast-global-color-4)","background-image":"","background-repeat":"repeat","background-position":"center center","background-size":"auto","background-attachment":"scroll","background-type":"","background-media":"","overlay-type":"","overlay-color":"","overlay-opacity":"","overlay-gradient":""},"mobile":{"background-color":"var(--ast-global-color-4)","background-image":"","background-repeat":"repeat","background-position":"center center","background-size":"auto","background-attachment":"scroll","background-type":"","background-media":"","overlay-type":"","overlay-color":"","overlay-opacity":"","overlay-gradient":""}},"footnotes":""},"categories":[1844],"tags":[],"class_list":["post-391691","page","type-page","status-publish","hentry","category-artweek-2025-category"],"yoast_head":"<!-- This site is optimized with the Yoast SEO Premium plugin v26.6 (Yoast SEO v26.6) - https:\/\/yoast.com\/wordpress\/plugins\/seo\/ -->\n<title>Lincoln Road Business Improvement District - City of Miami Beach<\/title>\n<meta name=\"description\" content=\"Lincoln Road, Miami Beach\u2019s iconic open-air promenade and cultural hub, will once again come alive for Art Week Miami Beach 2025 with 14 free public art installations.\" \/>\n<meta name=\"robots\" content=\"index, follow, max-snippet:-1, max-image-preview:large, max-video-preview:-1\" \/>\n<link rel=\"canonical\" href=\"https:\/\/www.miamibeachfl.gov\/fr\/art-week-miami-beach\/fairs-and-partners\/lincoln-road-business-improvement-district\/\" \/>\n<meta property=\"og:locale\" content=\"fr_FR\" \/>\n<meta property=\"og:type\" content=\"article\" \/>\n<meta property=\"og:title\" content=\"Lincoln Road Business Improvement District\" \/>\n<meta property=\"og:description\" content=\"Lincoln Road, Miami Beach\u2019s iconic open-air promenade and cultural hub, will once again come alive for Art Week Miami Beach 2025 with 14 free public art installations.\" \/>\n<meta property=\"og:url\" content=\"https:\/\/www.miamibeachfl.gov\/fr\/art-week-miami-beach\/fairs-and-partners\/lincoln-road-business-improvement-district\/\" \/>\n<meta property=\"og:site_name\" content=\"City of Miami Beach\" \/>\n<meta property=\"article:publisher\" content=\"https:\/\/www.facebook.com\/cityofmiamibeach\" \/>\n<meta property=\"article:modified_time\" content=\"2025-11-14T18:15:57+00:00\" \/>\n<meta property=\"og:image\" content=\"https:\/\/www.miamibeachfl.gov\/wp-content\/uploads\/2025\/04\/the-lincolntheater.jpg\" \/>\n\t<meta property=\"og:image:width\" content=\"500\" \/>\n\t<meta property=\"og:image:height\" content=\"375\" \/>\n\t<meta property=\"og:image:type\" content=\"image\/jpeg\" \/>\n<meta name=\"twitter:card\" content=\"summary_large_image\" \/>\n<meta name=\"twitter:site\" content=\"@Miamibeachnews\" \/>\n<script type=\"application\/ld+json\" class=\"yoast-schema-graph\">{\"@context\":\"https:\/\/schema.org\",\"@graph\":[{\"@type\":\"WebPage\",\"@id\":\"https:\/\/www.miamibeachfl.gov\/art-week-miami-beach\/fairs-and-partners\/lincoln-road-business-improvement-district\/\",\"url\":\"https:\/\/www.miamibeachfl.gov\/art-week-miami-beach\/fairs-and-partners\/lincoln-road-business-improvement-district\/\",\"name\":\"Lincoln Road Business Improvement District - City of Miami Beach\",\"isPartOf\":{\"@id\":\"https:\/\/www.miamibeachfl.gov\/#website\"},\"primaryImageOfPage\":{\"@id\":\"https:\/\/www.miamibeachfl.gov\/art-week-miami-beach\/fairs-and-partners\/lincoln-road-business-improvement-district\/#primaryimage\"},\"image\":{\"@id\":\"https:\/\/www.miamibeachfl.gov\/art-week-miami-beach\/fairs-and-partners\/lincoln-road-business-improvement-district\/#primaryimage\"},\"thumbnailUrl\":\"https:\/\/www.miamibeachfl.gov\/wp-content\/uploads\/2025\/11\/ArtWeek_LOGO_DeepOcean.png\",\"datePublished\":\"2025-11-11T21:05:06+00:00\",\"dateModified\":\"2025-11-14T18:15:57+00:00\",\"description\":\"Lincoln Road, Miami Beach\u2019s iconic open-air promenade and cultural hub, will once again come alive for Art Week Miami Beach 2025 with 14 free public art installations.\",\"breadcrumb\":{\"@id\":\"https:\/\/www.miamibeachfl.gov\/art-week-miami-beach\/fairs-and-partners\/lincoln-road-business-improvement-district\/#breadcrumb\"},\"inLanguage\":\"fr-FR\",\"potentialAction\":[{\"@type\":\"ReadAction\",\"target\":[\"https:\/\/www.miamibeachfl.gov\/art-week-miami-beach\/fairs-and-partners\/lincoln-road-business-improvement-district\/\"]}]},{\"@type\":\"ImageObject\",\"inLanguage\":\"fr-FR\",\"@id\":\"https:\/\/www.miamibeachfl.gov\/art-week-miami-beach\/fairs-and-partners\/lincoln-road-business-improvement-district\/#primaryimage\",\"url\":\"https:\/\/www.miamibeachfl.gov\/wp-content\/uploads\/2025\/11\/ArtWeek_LOGO_DeepOcean.png\",\"contentUrl\":\"https:\/\/www.miamibeachfl.gov\/wp-content\/uploads\/2025\/11\/ArtWeek_LOGO_DeepOcean.png\"},{\"@type\":\"BreadcrumbList\",\"@id\":\"https:\/\/www.miamibeachfl.gov\/art-week-miami-beach\/fairs-and-partners\/lincoln-road-business-improvement-district\/#breadcrumb\",\"itemListElement\":[{\"@type\":\"ListItem\",\"position\":1,\"name\":\"Home\",\"item\":\"https:\/\/www.miamibeachfl.gov\/\"},{\"@type\":\"ListItem\",\"position\":2,\"name\":\"Art week Miami Beach\",\"item\":\"https:\/\/www.miamibeachfl.gov\/art-week-miami-beach\/\"},{\"@type\":\"ListItem\",\"position\":3,\"name\":\"Art week Fairs and Partners\",\"item\":\"https:\/\/www.miamibeachfl.gov\/art-week-miami-beach\/fairs-and-partners\/\"},{\"@type\":\"ListItem\",\"position\":4,\"name\":\"Lincoln Road Business Improvement District\"}]},{\"@type\":\"WebSite\",\"@id\":\"https:\/\/www.miamibeachfl.gov\/#website\",\"url\":\"https:\/\/www.miamibeachfl.gov\/\",\"name\":\"City of Miami Beach\",\"description\":\"The official website of the City of Miami Beach. Stay informed, find important information on city services, news, alerts, events, trolley routes, government employment and more.\",\"publisher\":{\"@id\":\"https:\/\/www.miamibeachfl.gov\/#organization\"},\"potentialAction\":[{\"@type\":\"SearchAction\",\"target\":{\"@type\":\"EntryPoint\",\"urlTemplate\":\"https:\/\/www.miamibeachfl.gov\/?s={search_term_string}\"},\"query-input\":{\"@type\":\"PropertyValueSpecification\",\"valueRequired\":true,\"valueName\":\"search_term_string\"}}],\"inLanguage\":\"fr-FR\"},{\"@type\":\"Organization\",\"@id\":\"https:\/\/www.miamibeachfl.gov\/#organization\",\"name\":\"City of Miami Beach\",\"url\":\"https:\/\/www.miamibeachfl.gov\/\",\"logo\":{\"@type\":\"ImageObject\",\"inLanguage\":\"fr-FR\",\"@id\":\"https:\/\/www.miamibeachfl.gov\/#\/schema\/logo\/image\/\",\"url\":\"https:\/\/www.miamibeachfl.gov\/wp-content\/uploads\/2022\/06\/miamibeach-logoblue.png\",\"contentUrl\":\"https:\/\/www.miamibeachfl.gov\/wp-content\/uploads\/2022\/06\/miamibeach-logoblue.png\",\"width\":1962,\"height\":381,\"caption\":\"City of Miami Beach\"},\"image\":{\"@id\":\"https:\/\/www.miamibeachfl.gov\/#\/schema\/logo\/image\/\"},\"sameAs\":[\"https:\/\/www.facebook.com\/cityofmiamibeach\",\"https:\/\/x.com\/Miamibeachnews\",\"https:\/\/www.instagram.com\/miamibeachnews\/\"],\"description\":\"The official website of the City of Miami Beach. Stay informed, find important information on city services, news, alerts, events, trolley routes, government employment and more.\",\"telephone\":\"305.604.CITY(2489)\",\"legalName\":\"City of Miami Beach\"}]}<\/script>\n<!-- \/ Yoast SEO Premium plugin. -->","yoast_head_json":{"title":"Quartier d&#039;am\u00e9lioration commerciale de Lincoln Road - Ville de Miami Beach","description":"Lincoln Road, la promenade embl\u00e9matique \u00e0 ciel ouvert et centre culturel de Miami Beach, s&#039;animera \u00e0 nouveau pour l&#039;Art Week Miami Beach 2025 avec 14 installations d&#039;art public gratuites.","robots":{"index":"index","follow":"follow","max-snippet":"max-snippet:-1","max-image-preview":"max-image-preview:large","max-video-preview":"max-video-preview:-1"},"canonical":"https:\/\/www.miamibeachfl.gov\/fr\/art-week-miami-beach\/fairs-and-partners\/lincoln-road-business-improvement-district\/","og_locale":"fr_FR","og_type":"article","og_title":"Lincoln Road Business Improvement District","og_description":"Lincoln Road, Miami Beach\u2019s iconic open-air promenade and cultural hub, will once again come alive for Art Week Miami Beach 2025 with 14 free public art installations.","og_url":"https:\/\/www.miamibeachfl.gov\/fr\/art-week-miami-beach\/fairs-and-partners\/lincoln-road-business-improvement-district\/","og_site_name":"City of Miami Beach","article_publisher":"https:\/\/www.facebook.com\/cityofmiamibeach","article_modified_time":"2025-11-14T18:15:57+00:00","og_image":[{"width":500,"height":375,"url":"https:\/\/www.miamibeachfl.gov\/wp-content\/uploads\/2025\/04\/the-lincolntheater.jpg","type":"image\/jpeg"}],"twitter_card":"summary_large_image","twitter_site":"@Miamibeachnews","schema":{"@context":"https:\/\/schema.org","@graph":[{"@type":"WebPage","@id":"https:\/\/www.miamibeachfl.gov\/art-week-miami-beach\/fairs-and-partners\/lincoln-road-business-improvement-district\/","url":"https:\/\/www.miamibeachfl.gov\/art-week-miami-beach\/fairs-and-partners\/lincoln-road-business-improvement-district\/","name":"Quartier d&#039;am\u00e9lioration commerciale de Lincoln Road - Ville de Miami Beach","isPartOf":{"@id":"https:\/\/www.miamibeachfl.gov\/#website"},"primaryImageOfPage":{"@id":"https:\/\/www.miamibeachfl.gov\/art-week-miami-beach\/fairs-and-partners\/lincoln-road-business-improvement-district\/#primaryimage"},"image":{"@id":"https:\/\/www.miamibeachfl.gov\/art-week-miami-beach\/fairs-and-partners\/lincoln-road-business-improvement-district\/#primaryimage"},"thumbnailUrl":"https:\/\/www.miamibeachfl.gov\/wp-content\/uploads\/2025\/11\/ArtWeek_LOGO_DeepOcean.png","datePublished":"2025-11-11T21:05:06+00:00","dateModified":"2025-11-14T18:15:57+00:00","description":"Lincoln Road, la promenade embl\u00e9matique \u00e0 ciel ouvert et centre culturel de Miami Beach, s&#039;animera \u00e0 nouveau pour l&#039;Art Week Miami Beach 2025 avec 14 installations d&#039;art public gratuites.","breadcrumb":{"@id":"https:\/\/www.miamibeachfl.gov\/art-week-miami-beach\/fairs-and-partners\/lincoln-road-business-improvement-district\/#breadcrumb"},"inLanguage":"fr-FR","potentialAction":[{"@type":"ReadAction","target":["https:\/\/www.miamibeachfl.gov\/art-week-miami-beach\/fairs-and-partners\/lincoln-road-business-improvement-district\/"]}]},{"@type":"ImageObject","inLanguage":"fr-FR","@id":"https:\/\/www.miamibeachfl.gov\/art-week-miami-beach\/fairs-and-partners\/lincoln-road-business-improvement-district\/#primaryimage","url":"https:\/\/www.miamibeachfl.gov\/wp-content\/uploads\/2025\/11\/ArtWeek_LOGO_DeepOcean.png","contentUrl":"https:\/\/www.miamibeachfl.gov\/wp-content\/uploads\/2025\/11\/ArtWeek_LOGO_DeepOcean.png"},{"@type":"BreadcrumbList","@id":"https:\/\/www.miamibeachfl.gov\/art-week-miami-beach\/fairs-and-partners\/lincoln-road-business-improvement-district\/#breadcrumb","itemListElement":[{"@type":"ListItem","position":1,"name":"Home","item":"https:\/\/www.miamibeachfl.gov\/"},{"@type":"ListItem","position":2,"name":"Art week Miami Beach","item":"https:\/\/www.miamibeachfl.gov\/art-week-miami-beach\/"},{"@type":"ListItem","position":3,"name":"Art week Fairs and Partners","item":"https:\/\/www.miamibeachfl.gov\/art-week-miami-beach\/fairs-and-partners\/"},{"@type":"ListItem","position":4,"name":"Lincoln Road Business Improvement District"}]},{"@type":"WebSite","@id":"https:\/\/www.miamibeachfl.gov\/#website","url":"https:\/\/www.miamibeachfl.gov\/","name":"Ville de Miami Beach","description":"Site officiel de la ville de Miami Beach. Restez inform\u00e9 et trouvez des informations importantes sur les services municipaux, les actualit\u00e9s, les alertes, les \u00e9v\u00e9nements, les itin\u00e9raires de tramway, les emplois gouvernementaux et bien plus encore.","publisher":{"@id":"https:\/\/www.miamibeachfl.gov\/#organization"},"potentialAction":[{"@type":"SearchAction","target":{"@type":"EntryPoint","urlTemplate":"https:\/\/www.miamibeachfl.gov\/?s={search_term_string}"},"query-input":{"@type":"PropertyValueSpecification","valueRequired":true,"valueName":"search_term_string"}}],"inLanguage":"fr-FR"},{"@type":"Organization","@id":"https:\/\/www.miamibeachfl.gov\/#organization","name":"Ville de Miami Beach","url":"https:\/\/www.miamibeachfl.gov\/","logo":{"@type":"ImageObject","inLanguage":"fr-FR","@id":"https:\/\/www.miamibeachfl.gov\/#\/schema\/logo\/image\/","url":"https:\/\/www.miamibeachfl.gov\/wp-content\/uploads\/2022\/06\/miamibeach-logoblue.png","contentUrl":"https:\/\/www.miamibeachfl.gov\/wp-content\/uploads\/2022\/06\/miamibeach-logoblue.png","width":1962,"height":381,"caption":"City of Miami Beach"},"image":{"@id":"https:\/\/www.miamibeachfl.gov\/#\/schema\/logo\/image\/"},"sameAs":["https:\/\/www.facebook.com\/cityofmiamibeach","https:\/\/x.com\/Miamibeachnews","https:\/\/www.instagram.com\/miamibeachnews\/"],"description":"Site officiel de la ville de Miami Beach. Restez inform\u00e9 et trouvez des informations importantes sur les services municipaux, les actualit\u00e9s, les alertes, les \u00e9v\u00e9nements, les itin\u00e9raires de tramway, les emplois gouvernementaux et bien plus encore.","telephone":"305.604.CITY(2489)","legalName":"City of Miami Beach"}]}},"_links":{"self":[{"href":"https:\/\/www.miamibeachfl.gov\/fr\/wp-json\/wp\/v2\/pages\/391691","targetHints":{"allow":["GET"]}}],"collection":[{"href":"https:\/\/www.miamibeachfl.gov\/fr\/wp-json\/wp\/v2\/pages"}],"about":[{"href":"https:\/\/www.miamibeachfl.gov\/fr\/wp-json\/wp\/v2\/types\/page"}],"author":[{"embeddable":true,"href":"https:\/\/www.miamibeachfl.gov\/fr\/wp-json\/wp\/v2\/users\/222"}],"replies":[{"embeddable":true,"href":"https:\/\/www.miamibeachfl.gov\/fr\/wp-json\/wp\/v2\/comments?post=391691"}],"version-history":[{"count":0,"href":"https:\/\/www.miamibeachfl.gov\/fr\/wp-json\/wp\/v2\/pages\/391691\/revisions"}],"up":[{"embeddable":true,"href":"https:\/\/www.miamibeachfl.gov\/fr\/wp-json\/wp\/v2\/pages\/391234"}],"wp:attachment":[{"href":"https:\/\/www.miamibeachfl.gov\/fr\/wp-json\/wp\/v2\/media?parent=391691"}],"wp:term":[{"taxonomy":"category","embeddable":true,"href":"https:\/\/www.miamibeachfl.gov\/fr\/wp-json\/wp\/v2\/categories?post=391691"},{"taxonomy":"post_tag","embeddable":true,"href":"https:\/\/www.miamibeachfl.gov\/fr\/wp-json\/wp\/v2\/tags?post=391691"}],"curies":[{"name":"wp","href":"https:\/\/api.w.org\/{rel}","templated":true}]}}