{"id":392308,"date":"2025-11-19T15:59:05","date_gmt":"2025-11-19T20:59:05","guid":{"rendered":"https:\/\/www.miamibeachfl.gov\/?page_id=392308"},"modified":"2025-11-19T16:20:56","modified_gmt":"2025-11-19T21:20:56","slug":"reefline","status":"publish","type":"page","link":"https:\/\/www.miamibeachfl.gov\/fr\/art-week-miami-beach\/artweek-events\/reefline\/","title":{"rendered":"Ligne de r\u00e9cif"},"content":{"rendered":"\n\n\t\t\t\t<a href=\"\/art-week-miami-beach\/\"  target=\"_self\" itemprop=\"url\">\n\t\t\t\t<img decoding=\"async\" src=\"https:\/\/www.miamibeachfl.gov\/wp-content\/uploads\/2025\/11\/ArtWeek_LOGO_DeepOcean.png\" alt=\"artweek 2025 logo\" itemprop=\"image\" height=\"153\" width=\"500\" title=\"ArtWeek_LOGO_DeepOcean\" onerror=\"this.style.display='none'\" loading=\"lazy\" \/>\n\t\t\t\t<\/a>\n<h1>\n\t\t\tDEC. 1 &#8211; 7, 2025\t<\/h1>\n\t\t\t<style>\n\t\t\t\n\t\t\t\n\t\t\t\t\t\t\t#searchwp-form-4 .swp-input,\n\t\t\t\t#searchwp-form-4 .swp-select {\n                    border: 0;\n                    border-bottom: 1px solid #b3eee5;\n                    border-radius: 0;\n                }\n\t\t\t\n\t\t\t                #searchwp-form-4 .swp-toggle-checkbox:checked + .swp-toggle-switch,\n                #searchwp-form-4 .swp-toggle-switch--checked  {\n                    background: #b3eee5;\n                }\n\t\t\t\n\t\t\t\n\t\t\t\t\t\t\t#searchwp-form-4 input[type=submit] {\n                    background-color: #f06a6a;\n                }\n\t\t\t\n\t\t\t\n\t\t\t\t\t\t\t#searchwp-form-4 input[type=submit] {\n                    color: #1e4166;\n                }\n\t\t\t\n\t\t\t\t\t<\/style>\n\t\t\t\t<form id=\"searchwp-form-4\"\n\t\t\trole=\"search\"\n\t\t\tmethod=\"get\"\n\t\t\tclass=\"searchwp-form\"\n\t\t\taction=\"https:\/\/www.miamibeachfl.gov\/fr\/\"\n\t\t\taria-label=\"Search\"\n\t\t\t\t\t\t>\n\t\t\t<input type=\"hidden\" name=\"swp_form[form_id]\" value=\"4\">\n\t\t\t<div class=\"swp-flex--col swp-flex--wrap swp-flex--gap-md\">\n\t\t\t\t<div class=\"swp-flex--row swp-items-stretch swp-flex--gap-md\">\n\t\t\t\t\t<div class=\"searchwp-form-input-container swp-items-stretch\">\n\t\t\t\t\t\t\t\t\t\t\t\t\t\t<input type=\"search\"\n\t\t\tclass=\"swp-input--search swp-input\"\n\t\t\tplaceholder=\"Search Art Week\"\n\t\t\tvalue=\"\"\n\t\t\tname=\"s\"\n\t\t\ttitle=\"Search Art Week\"\n\t\t\taria-label=\"Search\"\n\t\t\taria-required=\"false\"\n\t\t\t data-swplive=\"true\" data-swpengine=\"art_week\"\t\t\/>\n\t\t\t\t\t\t\t\t\t\t\t\t\t<\/div>\n\t\t\t\t\t\t\t<input type=\"submit\"\n\t\t\tclass=\"search-submit swp-button\"\n\t\t\tvalue=\"Search\"\n\t\t\taria-label=\"Search\"\n\t\t\/>\n\t\t\t\t\t\t<\/div>\n\t\t\t\t\t\t\t\t\t\t\t<\/div>\n\t\t\t\t\t<\/form>\n\t\t\n\t\t\t<button tabindex=\"0\" aria-label=\"MENU\" aria-expanded=\"false\">\n\t\t\t\tMENU\t\t\t<\/button>\n\t<nav aria-label=\"ART WEEK MENU\" itemscope=\"itemscope\" itemtype=\"https:\/\/schema.org\/SiteNavigationElement\">\n\t\t<a href=\"javascript:void(0)\" aria-label=\"Close the menu\" role=\"button\">\u00d7<\/a>\n\t\t<ul id=\"menu-artweek-2025\"><li id=\"menu-item-391186\"><a aria-expanded=\"false\" href=\"\/art-week-miami-beach\/artweek-free-transportation\/\">Free Transportation<\/a><ul>\t<li id=\"menu-item-392131\"><a href=\"https:\/\/www.miamibeachfl.gov\/art-week-miami-beach\/artweek-free-transportation\/artweek-free-shuttle-and-water-taxis\/\">View Map of Free Taxis and Shuttles<\/a><\/li><\/ul><\/li><li id=\"menu-item-391187\"><a href=\"\/art-week-miami-beach\/artweek-events\/\">Cultural Activations<\/a><\/li><li id=\"menu-item-391188\"><a href=\"\/art-week-miami-beach\/fairs-and-partners\/\">Fairs &#038; Partners<\/a><\/li><li id=\"menu-item-392041\"><a href=\"\/art-week-miami-beach\/artweek-events\/no-vacancy-miami-beach\/\">No Vacancy<\/a><\/li><li id=\"menu-item-391190\"><a href=\"\/art-week-miami-beach\/public-safety\/\">Public Safety<\/a><\/li><\/ul>\t<\/nav>\n<h1>\n\t\t\tCultural Activations\t<\/h1>\n\t\t\t\t<img decoding=\"async\" src=\"https:\/\/www.miamibeachfl.gov\/wp-content\/uploads\/2024\/11\/reefline.jpeg\" alt=\"reefline\" itemprop=\"image\" height=\"400\" width=\"400\" title=\"reefline\" onerror=\"this.style.display='none'\" loading=\"lazy\" \/>\n<h1>\n\t\t\tREEFLINE\t<\/h1>\n\t<nav id=\"breadcrumbs\" aria-label=\"Breadcrumbs\"><a href=\"https:\/\/www.miamibeachfl.gov\/\">Home<\/a> &gt; <a href=\"https:\/\/www.miamibeachfl.gov\/art-week-miami-beach\/\">Art week Miami Beach<\/a> &gt; <a href=\"https:\/\/www.miamibeachfl.gov\/art-week-miami-beach\/artweek-events\/\">Cultural Activations<\/a> &gt; <strong>Reefline<\/strong><\/nav>\n\t\t<ul>\n\t\t\t\t\t<li>\n\t\t\t\t\t\t\t\t\t\t\t<img loading=\"lazy\" decoding=\"async\" src=\"https:\/\/www.miamibeachfl.gov\/wp-content\/uploads\/2025\/11\/aquawave.png\" alt=\"aquawave\" width=\"100\" height=\"100\" \/>\n\t\t\t\t<h3>WHEN<\/h3>\n\t\t<p>Monday, Dec. 1 &#8211; Friday, Dec. 5 | Daily<\/p>\t\t\t\n\t\t\t<\/li>\n\t\t\t\t\t<li>\n\t\t\t\t\t\t\t\t\t\t\t<img loading=\"lazy\" decoding=\"async\" src=\"https:\/\/www.miamibeachfl.gov\/wp-content\/uploads\/2025\/11\/aquawave.png\" alt=\"aquawave\" width=\"100\" height=\"100\" \/>\n\t\t\t\t<h3>DETAILS<\/h3>\n\t\t<p><strong>Join the Reefline for a series of free activations celebrating\u00a0<em>Concrete Coral<\/em>\u00a0by Leandro Erlich and the international debut of Miami Beach&#8217;s groundbreaking offshore cultural and ecological corridor: a testament to creative resilience and interdisciplinary collaboration.<\/strong><ul><li>In partnership with Divers Paradise, multiple two-hour immersive voyages to REEFLINE are led by artists, scientists, and divers to explore marine innovations and experience coral gardening. Departing from the Miami Beach Marina, 300 Alton Road. <a href=\"https:\/\/luma.com\/reefline\"><strong>Click here to reserve your spot.<\/strong><\/a><br \/><br \/><\/li><li>Swim out or glide to the REEFLINE aboard custom electric paddleboards by BMW x SipaBoards: a silent, zero-emission ride into the reef. A monumental meditation buoy by Andr\u00e9s Reisinger marks the exact location of Concrete Coral, visible from shore. Leaving from the REEFLINE Beach Headquarters at 9 Street &amp; Beachfront. <a href=\"https:\/\/luma.com\/reefline\"><strong>Click here to reserve your spot.<\/strong><\/a><\/li><\/ul><strong>\u00a0<\/strong><\/p>\t\t\t\n\t\t\t<\/li>\n\t\t\t\t<\/ul>\n\t\t\t<a href=\"https:\/\/www.thereefline.org\/\" target=\"_blank\" rel=\"noopener\">\n\t\t\t\t\t\t\twww.thereefline.org\n\t\t\t<\/a>\n\t\t\t\t<a href=\"https:\/\/transitapp.com\/en\/region\/miami\/miami-beach-trolley\"  target=\"_blank\" rel=\"noopener\"  itemprop=\"url\">\n\t\t\t\t<img decoding=\"async\" src=\"https:\/\/www.miamibeachfl.gov\/wp-content\/uploads\/2025\/11\/transitappicon.png\" alt=\"Transit App\" itemprop=\"image\" height=\"157\" width=\"160\" title=\"transitappicon\" onerror=\"this.style.display='none'\" loading=\"lazy\" \/>\n\t\t\t\t<\/a>\n\t<p>Hop on the free <strong>Miami Beach Trolley<\/strong>. <strong><a href=\"https:\/\/transitapp.com\/en\/region\/miami\/miami-beach-trolley\">Track it live on the Transit App<\/a><\/strong>.<\/p>\n\t\t\t\t<a href=\"https:\/\/citibikemiami.com\/\"  target=\"_blank\" rel=\"noopener\"  itemprop=\"url\">\n\t\t\t\t<img decoding=\"async\" src=\"https:\/\/www.miamibeachfl.gov\/wp-content\/uploads\/2025\/11\/citibikeicon.png\" alt=\"citibike\" itemprop=\"image\" height=\"157\" width=\"160\" title=\"citibikeicon\" onerror=\"this.style.display='none'\" loading=\"lazy\" \/>\n\t\t\t\t<\/a>\n\t<p><a href=\"https:\/\/citibikemiami.com\/\"><strong>Grab a CitiBike and cruise around.<\/strong><\/a><\/p>\n\t\t\t\t<a href=\"https:\/\/www.miamibeachfl.gov\/freebee\/\"  target=\"_blank\" rel=\"noopener\"  itemprop=\"url\">\n\t\t\t\t<img decoding=\"async\" src=\"https:\/\/www.miamibeachfl.gov\/wp-content\/uploads\/2025\/11\/FreebeeIcon.png\" alt=\"Freebee\" itemprop=\"image\" height=\"157\" width=\"160\" title=\"FreebeeIcon\" onerror=\"this.style.display='none'\" loading=\"lazy\" \/>\n\t\t\t\t<\/a>\n\t<p><a href=\"https:\/\/www.miamibeachfl.gov\/freebee\/\"><b>Catch a ride with Freebee &#8211; it&#8217;s electric and free.<\/b><\/a><\/p>\n\t\t\t\t<a href=\"https:\/\/www.apple.com\/store\"  target=\"_self\" itemprop=\"url\">\n\t\t\t\t<img decoding=\"async\" src=\"https:\/\/www.miamibeachfl.gov\/wp-content\/uploads\/2025\/11\/AppleStoreIcon.png\" alt=\"apple store\" itemprop=\"image\" height=\"68\" width=\"198\" title=\"AppleStoreIcon\" onerror=\"this.style.display='none'\" loading=\"lazy\" \/>\n\t\t\t\t<\/a>\n\t\t\t\t<a href=\"https:\/\/play.google.com\/store\/games?hl=en_US&#038;pli=1\"  target=\"_self\" itemprop=\"url\">\n\t\t\t\t<img decoding=\"async\" src=\"https:\/\/www.miamibeachfl.gov\/wp-content\/uploads\/2025\/11\/GooglePlayIcon.png\" alt=\"Google play\" itemprop=\"image\" height=\"70\" width=\"221\" title=\"GooglePlayIcon\" onerror=\"this.style.display='none'\" loading=\"lazy\" \/>\n\t\t\t\t<\/a>\n\n","protected":false},"excerpt":{"rendered":"<p>DEC. 1 &#8211; 7, 2025 MENU \u00d7 Free Transportation View Map of Free Taxis and Shuttles Cultural Activations Fairs &#038; [&hellip;]<\/p>\n","protected":false},"author":222,"featured_media":0,"parent":391060,"menu_order":1,"comment_status":"closed","ping_status":"closed","template":"","meta":{"_searchwp_excluded":"","site-sidebar-layout":"no-sidebar","site-content-layout":"page-builder","ast-site-content-layout":"default","site-content-style":"default","site-sidebar-style":"default","ast-global-header-display":"disabled","ast-banner-title-visibility":"disabled","ast-main-header-display":"","ast-hfb-above-header-display":"","ast-hfb-below-header-display":"","ast-hfb-mobile-header-display":"","site-post-title":"disabled","ast-breadcrumbs-content":"","ast-featured-img":"","footer-sml-layout":"","ast-disable-related-posts":"","theme-transparent-header-meta":"","adv-header-id-meta":"","stick-header-meta":"","header-above-stick-meta":"","header-main-stick-meta":"","header-below-stick-meta":"","astra-migrate-meta-layouts":"default","ast-page-background-enabled":"default","ast-page-background-meta":{"desktop":{"background-color":"var(--ast-global-color-5)","background-image":"","background-repeat":"repeat","background-position":"center center","background-size":"auto","background-attachment":"scroll","background-type":"","background-media":"","overlay-type":"","overlay-color":"","overlay-opacity":"","overlay-gradient":""},"tablet":{"background-color":"","background-image":"","background-repeat":"repeat","background-position":"center center","background-size":"auto","background-attachment":"scroll","background-type":"","background-media":"","overlay-type":"","overlay-color":"","overlay-opacity":"","overlay-gradient":""},"mobile":{"background-color":"","background-image":"","background-repeat":"repeat","background-position":"center center","background-size":"auto","background-attachment":"scroll","background-type":"","background-media":"","overlay-type":"","overlay-color":"","overlay-opacity":"","overlay-gradient":""}},"ast-content-background-meta":{"desktop":{"background-color":"var(--ast-global-color-4)","background-image":"","background-repeat":"repeat","background-position":"center center","background-size":"auto","background-attachment":"scroll","background-type":"","background-media":"","overlay-type":"","overlay-color":"","overlay-opacity":"","overlay-gradient":""},"tablet":{"background-color":"var(--ast-global-color-4)","background-image":"","background-repeat":"repeat","background-position":"center center","background-size":"auto","background-attachment":"scroll","background-type":"","background-media":"","overlay-type":"","overlay-color":"","overlay-opacity":"","overlay-gradient":""},"mobile":{"background-color":"var(--ast-global-color-4)","background-image":"","background-repeat":"repeat","background-position":"center center","background-size":"auto","background-attachment":"scroll","background-type":"","background-media":"","overlay-type":"","overlay-color":"","overlay-opacity":"","overlay-gradient":""}},"footnotes":""},"categories":[1844],"tags":[],"class_list":["post-392308","page","type-page","status-publish","hentry","category-artweek-2025-category"],"yoast_head":"<!-- This site is optimized with the Yoast SEO Premium plugin v27.4 (Yoast SEO v27.4) - https:\/\/yoast.com\/product\/yoast-seo-premium-wordpress\/ -->\n<title>Reefline - City of Miami Beach<\/title>\n<meta name=\"description\" content=\"Join the Reefline for a series of free activations celebrating Concrete Coral by Leandro Erlich and the international debut of Miami Beach\u2019s groundbreaking offshore cultural and ecological corridor: a testament to creative resilience and interdisciplinary collaboration.\" \/>\n<meta name=\"robots\" content=\"index, follow, max-snippet:-1, max-image-preview:large, max-video-preview:-1\" \/>\n<link rel=\"canonical\" href=\"https:\/\/www.miamibeachfl.gov\/fr\/art-week-miami-beach\/artweek-events\/reefline\/\" \/>\n<meta property=\"og:locale\" content=\"fr_FR\" \/>\n<meta property=\"og:type\" content=\"article\" \/>\n<meta property=\"og:title\" content=\"Reefline\" \/>\n<meta property=\"og:description\" content=\"Join the Reefline for a series of free activations celebrating Concrete Coral by Leandro Erlich and the international debut of Miami Beach\u2019s groundbreaking offshore cultural and ecological corridor: a testament to creative resilience and interdisciplinary collaboration.\" \/>\n<meta property=\"og:url\" content=\"https:\/\/www.miamibeachfl.gov\/fr\/art-week-miami-beach\/artweek-events\/reefline\/\" \/>\n<meta property=\"og:site_name\" content=\"City of Miami Beach\" \/>\n<meta property=\"article:publisher\" content=\"https:\/\/www.facebook.com\/cityofmiamibeach\" \/>\n<meta property=\"article:modified_time\" content=\"2025-11-19T21:20:56+00:00\" \/>\n<meta property=\"og:image\" content=\"https:\/\/www.miamibeachfl.gov\/wp-content\/uploads\/2022\/08\/HolocaustMemorial.jpg\" \/>\n\t<meta property=\"og:image:width\" content=\"600\" \/>\n\t<meta property=\"og:image:height\" content=\"479\" \/>\n\t<meta property=\"og:image:type\" content=\"image\/jpeg\" \/>\n<meta name=\"twitter:card\" content=\"summary_large_image\" \/>\n<meta name=\"twitter:site\" content=\"@Miamibeachnews\" \/>\n<script type=\"application\/ld+json\" class=\"yoast-schema-graph\">{\"@context\":\"https:\\\/\\\/schema.org\",\"@graph\":[{\"@type\":\"WebPage\",\"@id\":\"https:\\\/\\\/www.miamibeachfl.gov\\\/art-week-miami-beach\\\/artweek-events\\\/reefline\\\/\",\"url\":\"https:\\\/\\\/www.miamibeachfl.gov\\\/art-week-miami-beach\\\/artweek-events\\\/reefline\\\/\",\"name\":\"Reefline - City of Miami Beach\",\"isPartOf\":{\"@id\":\"https:\\\/\\\/www.miamibeachfl.gov\\\/#website\"},\"primaryImageOfPage\":{\"@id\":\"https:\\\/\\\/www.miamibeachfl.gov\\\/art-week-miami-beach\\\/artweek-events\\\/reefline\\\/#primaryimage\"},\"image\":{\"@id\":\"https:\\\/\\\/www.miamibeachfl.gov\\\/art-week-miami-beach\\\/artweek-events\\\/reefline\\\/#primaryimage\"},\"thumbnailUrl\":\"https:\\\/\\\/www.miamibeachfl.gov\\\/wp-content\\\/uploads\\\/2025\\\/11\\\/ArtWeek_LOGO_DeepOcean.png\",\"datePublished\":\"2025-11-19T20:59:05+00:00\",\"dateModified\":\"2025-11-19T21:20:56+00:00\",\"description\":\"Join the Reefline for a series of free activations celebrating Concrete Coral by Leandro Erlich and the international debut of Miami Beach\u2019s groundbreaking offshore cultural and ecological corridor: a testament to creative resilience and interdisciplinary collaboration.\",\"breadcrumb\":{\"@id\":\"https:\\\/\\\/www.miamibeachfl.gov\\\/art-week-miami-beach\\\/artweek-events\\\/reefline\\\/#breadcrumb\"},\"inLanguage\":\"fr-FR\",\"potentialAction\":[{\"@type\":\"ReadAction\",\"target\":[\"https:\\\/\\\/www.miamibeachfl.gov\\\/art-week-miami-beach\\\/artweek-events\\\/reefline\\\/\"]}]},{\"@type\":\"ImageObject\",\"inLanguage\":\"fr-FR\",\"@id\":\"https:\\\/\\\/www.miamibeachfl.gov\\\/art-week-miami-beach\\\/artweek-events\\\/reefline\\\/#primaryimage\",\"url\":\"https:\\\/\\\/www.miamibeachfl.gov\\\/wp-content\\\/uploads\\\/2025\\\/11\\\/ArtWeek_LOGO_DeepOcean.png\",\"contentUrl\":\"https:\\\/\\\/www.miamibeachfl.gov\\\/wp-content\\\/uploads\\\/2025\\\/11\\\/ArtWeek_LOGO_DeepOcean.png\"},{\"@type\":\"BreadcrumbList\",\"@id\":\"https:\\\/\\\/www.miamibeachfl.gov\\\/art-week-miami-beach\\\/artweek-events\\\/reefline\\\/#breadcrumb\",\"itemListElement\":[{\"@type\":\"ListItem\",\"position\":1,\"name\":\"Home\",\"item\":\"https:\\\/\\\/www.miamibeachfl.gov\\\/\"},{\"@type\":\"ListItem\",\"position\":2,\"name\":\"Art week Miami Beach\",\"item\":\"https:\\\/\\\/www.miamibeachfl.gov\\\/art-week-miami-beach\\\/\"},{\"@type\":\"ListItem\",\"position\":3,\"name\":\"Cultural Activations\",\"item\":\"https:\\\/\\\/www.miamibeachfl.gov\\\/art-week-miami-beach\\\/artweek-events\\\/\"},{\"@type\":\"ListItem\",\"position\":4,\"name\":\"Reefline\"}]},{\"@type\":\"WebSite\",\"@id\":\"https:\\\/\\\/www.miamibeachfl.gov\\\/#website\",\"url\":\"https:\\\/\\\/www.miamibeachfl.gov\\\/\",\"name\":\"City of Miami Beach\",\"description\":\"The official website of the City of Miami Beach. Stay informed, find important information on city services, news, alerts, events, trolley routes, government employment and more.\",\"publisher\":{\"@id\":\"https:\\\/\\\/www.miamibeachfl.gov\\\/#organization\"},\"potentialAction\":[{\"@type\":\"SearchAction\",\"target\":{\"@type\":\"EntryPoint\",\"urlTemplate\":\"https:\\\/\\\/www.miamibeachfl.gov\\\/?s={search_term_string}\"},\"query-input\":{\"@type\":\"PropertyValueSpecification\",\"valueRequired\":true,\"valueName\":\"search_term_string\"}}],\"inLanguage\":\"fr-FR\"},{\"@type\":\"Organization\",\"@id\":\"https:\\\/\\\/www.miamibeachfl.gov\\\/#organization\",\"name\":\"City of Miami Beach\",\"url\":\"https:\\\/\\\/www.miamibeachfl.gov\\\/\",\"logo\":{\"@type\":\"ImageObject\",\"inLanguage\":\"fr-FR\",\"@id\":\"https:\\\/\\\/www.miamibeachfl.gov\\\/#\\\/schema\\\/logo\\\/image\\\/\",\"url\":\"https:\\\/\\\/www.miamibeachfl.gov\\\/wp-content\\\/uploads\\\/2022\\\/06\\\/miamibeach-logoblue.png\",\"contentUrl\":\"https:\\\/\\\/www.miamibeachfl.gov\\\/wp-content\\\/uploads\\\/2022\\\/06\\\/miamibeach-logoblue.png\",\"width\":1962,\"height\":381,\"caption\":\"City of Miami Beach\"},\"image\":{\"@id\":\"https:\\\/\\\/www.miamibeachfl.gov\\\/#\\\/schema\\\/logo\\\/image\\\/\"},\"sameAs\":[\"https:\\\/\\\/www.facebook.com\\\/cityofmiamibeach\",\"https:\\\/\\\/x.com\\\/Miamibeachnews\",\"https:\\\/\\\/www.instagram.com\\\/miamibeachnews\\\/\"],\"description\":\"The official website of the City of Miami Beach. Stay informed, find important information on city services, news, alerts, events, trolley routes, government employment and more.\",\"telephone\":\"305.604.CITY(2489)\",\"legalName\":\"City of Miami Beach\"}]}<\/script>\n<!-- \/ Yoast SEO Premium plugin. -->","yoast_head_json":{"title":"Reefline - Ville de Miami Beach","description":"Rejoignez Reefline pour une s\u00e9rie d&#039;activit\u00e9s gratuites c\u00e9l\u00e9brant Concrete Coral de Leandro Erlich et le lancement international du corridor culturel et \u00e9cologique offshore r\u00e9volutionnaire de Miami Beach : un t\u00e9moignage de r\u00e9silience cr\u00e9ative et de collaboration interdisciplinaire.","robots":{"index":"index","follow":"follow","max-snippet":"max-snippet:-1","max-image-preview":"max-image-preview:large","max-video-preview":"max-video-preview:-1"},"canonical":"https:\/\/www.miamibeachfl.gov\/fr\/art-week-miami-beach\/artweek-events\/reefline\/","og_locale":"fr_FR","og_type":"article","og_title":"Reefline","og_description":"Join the Reefline for a series of free activations celebrating Concrete Coral by Leandro Erlich and the international debut of Miami Beach\u2019s groundbreaking offshore cultural and ecological corridor: a testament to creative resilience and interdisciplinary collaboration.","og_url":"https:\/\/www.miamibeachfl.gov\/fr\/art-week-miami-beach\/artweek-events\/reefline\/","og_site_name":"City of Miami Beach","article_publisher":"https:\/\/www.facebook.com\/cityofmiamibeach","article_modified_time":"2025-11-19T21:20:56+00:00","og_image":[{"width":600,"height":479,"url":"https:\/\/www.miamibeachfl.gov\/wp-content\/uploads\/2022\/08\/HolocaustMemorial.jpg","type":"image\/jpeg"}],"twitter_card":"summary_large_image","twitter_site":"@Miamibeachnews","schema":{"@context":"https:\/\/schema.org","@graph":[{"@type":"WebPage","@id":"https:\/\/www.miamibeachfl.gov\/art-week-miami-beach\/artweek-events\/reefline\/","url":"https:\/\/www.miamibeachfl.gov\/art-week-miami-beach\/artweek-events\/reefline\/","name":"Reefline - Ville de Miami Beach","isPartOf":{"@id":"https:\/\/www.miamibeachfl.gov\/#website"},"primaryImageOfPage":{"@id":"https:\/\/www.miamibeachfl.gov\/art-week-miami-beach\/artweek-events\/reefline\/#primaryimage"},"image":{"@id":"https:\/\/www.miamibeachfl.gov\/art-week-miami-beach\/artweek-events\/reefline\/#primaryimage"},"thumbnailUrl":"https:\/\/www.miamibeachfl.gov\/wp-content\/uploads\/2025\/11\/ArtWeek_LOGO_DeepOcean.png","datePublished":"2025-11-19T20:59:05+00:00","dateModified":"2025-11-19T21:20:56+00:00","description":"Rejoignez Reefline pour une s\u00e9rie d&#039;activit\u00e9s gratuites c\u00e9l\u00e9brant Concrete Coral de Leandro Erlich et le lancement international du corridor culturel et \u00e9cologique offshore r\u00e9volutionnaire de Miami Beach : un t\u00e9moignage de r\u00e9silience cr\u00e9ative et de collaboration interdisciplinaire.","breadcrumb":{"@id":"https:\/\/www.miamibeachfl.gov\/art-week-miami-beach\/artweek-events\/reefline\/#breadcrumb"},"inLanguage":"fr-FR","potentialAction":[{"@type":"ReadAction","target":["https:\/\/www.miamibeachfl.gov\/art-week-miami-beach\/artweek-events\/reefline\/"]}]},{"@type":"ImageObject","inLanguage":"fr-FR","@id":"https:\/\/www.miamibeachfl.gov\/art-week-miami-beach\/artweek-events\/reefline\/#primaryimage","url":"https:\/\/www.miamibeachfl.gov\/wp-content\/uploads\/2025\/11\/ArtWeek_LOGO_DeepOcean.png","contentUrl":"https:\/\/www.miamibeachfl.gov\/wp-content\/uploads\/2025\/11\/ArtWeek_LOGO_DeepOcean.png"},{"@type":"BreadcrumbList","@id":"https:\/\/www.miamibeachfl.gov\/art-week-miami-beach\/artweek-events\/reefline\/#breadcrumb","itemListElement":[{"@type":"ListItem","position":1,"name":"Home","item":"https:\/\/www.miamibeachfl.gov\/"},{"@type":"ListItem","position":2,"name":"Art week Miami Beach","item":"https:\/\/www.miamibeachfl.gov\/art-week-miami-beach\/"},{"@type":"ListItem","position":3,"name":"Cultural Activations","item":"https:\/\/www.miamibeachfl.gov\/art-week-miami-beach\/artweek-events\/"},{"@type":"ListItem","position":4,"name":"Reefline"}]},{"@type":"WebSite","@id":"https:\/\/www.miamibeachfl.gov\/#website","url":"https:\/\/www.miamibeachfl.gov\/","name":"Ville de Miami Beach","description":"Site officiel de la ville de Miami Beach. Restez inform\u00e9 et trouvez des informations importantes sur les services municipaux, les actualit\u00e9s, les alertes, les \u00e9v\u00e9nements, les itin\u00e9raires de tramway, les emplois gouvernementaux et bien plus encore.","publisher":{"@id":"https:\/\/www.miamibeachfl.gov\/#organization"},"potentialAction":[{"@type":"SearchAction","target":{"@type":"EntryPoint","urlTemplate":"https:\/\/www.miamibeachfl.gov\/?s={search_term_string}"},"query-input":{"@type":"PropertyValueSpecification","valueRequired":true,"valueName":"search_term_string"}}],"inLanguage":"fr-FR"},{"@type":"Organization","@id":"https:\/\/www.miamibeachfl.gov\/#organization","name":"Ville de Miami Beach","url":"https:\/\/www.miamibeachfl.gov\/","logo":{"@type":"ImageObject","inLanguage":"fr-FR","@id":"https:\/\/www.miamibeachfl.gov\/#\/schema\/logo\/image\/","url":"https:\/\/www.miamibeachfl.gov\/wp-content\/uploads\/2022\/06\/miamibeach-logoblue.png","contentUrl":"https:\/\/www.miamibeachfl.gov\/wp-content\/uploads\/2022\/06\/miamibeach-logoblue.png","width":1962,"height":381,"caption":"City of Miami Beach"},"image":{"@id":"https:\/\/www.miamibeachfl.gov\/#\/schema\/logo\/image\/"},"sameAs":["https:\/\/www.facebook.com\/cityofmiamibeach","https:\/\/x.com\/Miamibeachnews","https:\/\/www.instagram.com\/miamibeachnews\/"],"description":"Site officiel de la ville de Miami Beach. Restez inform\u00e9 et trouvez des informations importantes sur les services municipaux, les actualit\u00e9s, les alertes, les \u00e9v\u00e9nements, les itin\u00e9raires de tramway, les emplois gouvernementaux et bien plus encore.","telephone":"305.604.CITY(2489)","legalName":"City of Miami Beach"}]}},"_links":{"self":[{"href":"https:\/\/www.miamibeachfl.gov\/fr\/wp-json\/wp\/v2\/pages\/392308","targetHints":{"allow":["GET"]}}],"collection":[{"href":"https:\/\/www.miamibeachfl.gov\/fr\/wp-json\/wp\/v2\/pages"}],"about":[{"href":"https:\/\/www.miamibeachfl.gov\/fr\/wp-json\/wp\/v2\/types\/page"}],"author":[{"embeddable":true,"href":"https:\/\/www.miamibeachfl.gov\/fr\/wp-json\/wp\/v2\/users\/222"}],"replies":[{"embeddable":true,"href":"https:\/\/www.miamibeachfl.gov\/fr\/wp-json\/wp\/v2\/comments?post=392308"}],"version-history":[{"count":2,"href":"https:\/\/www.miamibeachfl.gov\/fr\/wp-json\/wp\/v2\/pages\/392308\/revisions"}],"predecessor-version":[{"id":392313,"href":"https:\/\/www.miamibeachfl.gov\/fr\/wp-json\/wp\/v2\/pages\/392308\/revisions\/392313"}],"up":[{"embeddable":true,"href":"https:\/\/www.miamibeachfl.gov\/fr\/wp-json\/wp\/v2\/pages\/391060"}],"wp:attachment":[{"href":"https:\/\/www.miamibeachfl.gov\/fr\/wp-json\/wp\/v2\/media?parent=392308"}],"wp:term":[{"taxonomy":"category","embeddable":true,"href":"https:\/\/www.miamibeachfl.gov\/fr\/wp-json\/wp\/v2\/categories?post=392308"},{"taxonomy":"post_tag","embeddable":true,"href":"https:\/\/www.miamibeachfl.gov\/fr\/wp-json\/wp\/v2\/tags?post=392308"}],"curies":[{"name":"wp","href":"https:\/\/api.w.org\/{rel}","templated":true}]}}