{"id":393127,"date":"2025-12-09T10:22:52","date_gmt":"2025-12-09T15:22:52","guid":{"rendered":"https:\/\/www.miamibeachfl.gov\/?page_id=393127"},"modified":"2025-12-09T10:37:47","modified_gmt":"2025-12-09T15:37:47","slug":"holiday-trash-collection-schedule","status":"publish","type":"page","link":"https:\/\/www.miamibeachfl.gov\/fr\/city-hall\/public-works\/sanitation-division\/holiday-trash-collection-schedule\/","title":{"rendered":"Calendrier de collecte des ordures pendant les f\u00eates"},"content":{"rendered":"<nav id=\"breadcrumbs\" aria-label=\"Fil d&#039;Ariane\"><a href=\"https:\/\/www.miamibeachfl.gov\/fr\/\">Maison<\/a> &gt; <a href=\"https:\/\/www.miamibeachfl.gov\/fr\/city-hall\/\">l&#039;h\u00f4tel de ville<\/a> &gt; <a href=\"https:\/\/www.miamibeachfl.gov\/fr\/city-hall\/public-works\/\">Travaux publics<\/a> &gt; <a href=\"https:\/\/www.miamibeachfl.gov\/fr\/city-hall\/public-works\/sanitation-division\/\">Division de l&#039;assainissement<\/a> &gt; <strong>Calendrier de collecte des ordures pendant les f\u00eates<\/strong><\/nav><h1>\n\t\t\tCalendrier de collecte des ordures pendant les f\u00eates\t<\/h1>\n<h2>\n\t\t\t Collection d&#039;arbres de No\u00ebl\t<\/h2>\n\t<ul>\n<li><strong>Collecte en bordure de rue (maisons unifamiliales)\u00a0:<\/strong><br \/>\nLes r\u00e9sidents des maisons unifamiliales peuvent d\u00e9poser leurs sapins de No\u00ebl en bordure de trottoir pour qu&#039;ils soient ramass\u00e9s \u00e0 tout moment durant le mois de janvier.<\/li>\n<li><strong>Lieux de d\u00e9p\u00f4t temporaires (3 et 4 janvier 2026)\u00a0:<\/strong><br \/>\n\u2022 140 MacArthur Causeway (Terminal Island)<br \/>\n\u2022 75e Rue et Avenue Dickens<\/li>\n<li><strong>Installation de traitement des d\u00e9chets verts :<\/strong><br \/>\nLes r\u00e9sidents peuvent d\u00e9poser gratuitement leurs sapins de No\u00ebl au 2800, avenue Meridian.<br \/>\nOuvert du lundi au samedi, de 8h \u00e0 17h<\/li>\n<\/ul>\n<h2>\n\t\t\t Collecte des ordures\t<\/h2>\n\t<ul>\n<li><strong>Jour de No\u00ebl (jeudi 25 d\u00e9cembre) :<\/strong><br \/>\nIl y aura <em>Non<\/em> Collecte des ordures m\u00e9nag\u00e8res par Waste Connections.<br \/>\nIl n&#039;y a pas de journ\u00e9e de rattrapage. La collecte reprendra le prochain jour pr\u00e9vu. <strong>Lundi 29 d\u00e9cembre<\/strong>, pour la zone concern\u00e9e (de la 1re rue \u00e0 la 41e rue, propri\u00e9t\u00e9s r\u00e9sidentielles sous service municipal).<\/li>\n<li><strong>Collecte des mati\u00e8res recyclables :<\/strong><br \/>\nLe service de recyclage <em>pas<\/em> seront affect\u00e9s le mercredi 24 d\u00e9cembre.<\/li>\n<li><strong>Jour de l&#039;An (jeudi 1er janvier) :<\/strong><br \/>\nCe sera un jour normal de collecte des ordures.<\/li>\n<\/ul>\n\t\tAcc\u00e9der \u00e0\u2026\t\t\t\n\t\t\t\t\t<ul id=\"menu-public-works-sanitation\"><li id=\"menu-item-364244\"><a href=\"\/fr\/city-hall\/public-works\/sanitation-division\/chemical-waste-disposal\/\">\u00c9limination des d\u00e9chets chimiques<\/a><\/li>\n<li id=\"menu-item-364245\"><a href=\"\/fr\/city-hall\/public-works\/sanitation-division\/commercial-waste-haulers\/\">Transporteurs de d\u00e9chets commerciaux<\/a><\/li>\n<li id=\"menu-item-364246\"><a href=\"\/fr\/city-hall\/public-works\/sanitation-division\/bulk-disposal\/\">Collecte et d\u00e9p\u00f4t de d\u00e9chets en vrac \u00e0 Miami Beach<\/a><\/li>\n<li id=\"menu-item-364247\"><a href=\"\/fr\/city-hall\/public-works\/sanitation-division\/recycling-info\/\">Informations sur le recyclage<\/a><\/li>\n<li id=\"menu-item-364248\"><a href=\"\/fr\/city-hall\/public-works\/sanitation-division\/residential-garbage\/\">D\u00e9chets r\u00e9sidentiels<\/a><\/li>\n<li id=\"menu-item-364249\"><a href=\"\/fr\/city-hall\/public-works\/sanitation-division\/street-cleaning\/\">Programmes de nettoyage des rues \u00e0 Flamingo Park et North Beach<\/a><\/li>\n<\/ul>","protected":false},"excerpt":{"rendered":"<p>Home &gt; City Hall &gt; Public Works &gt; Sanitation Division &gt; Holiday Trash Collection Schedule Holiday Trash Collection Schedule Christmas [&hellip;]<\/p>\n","protected":false},"author":222,"featured_media":0,"parent":28932,"menu_order":0,"comment_status":"closed","ping_status":"closed","template":"","meta":{"_searchwp_excluded":"","site-sidebar-layout":"default","site-content-layout":"","ast-site-content-layout":"default","site-content-style":"default","site-sidebar-style":"default","ast-global-header-display":"","ast-banner-title-visibility":"","ast-main-header-display":"","ast-hfb-above-header-display":"","ast-hfb-below-header-display":"","ast-hfb-mobile-header-display":"","site-post-title":"","ast-breadcrumbs-content":"","ast-featured-img":"","footer-sml-layout":"","theme-transparent-header-meta":"","adv-header-id-meta":"","stick-header-meta":"","header-above-stick-meta":"","header-main-stick-meta":"","header-below-stick-meta":"","astra-migrate-meta-layouts":"default","ast-page-background-enabled":"default","ast-page-background-meta":{"desktop":{"background-color":"var(--ast-global-color-5)","background-image":"","background-repeat":"repeat","background-position":"center center","background-size":"auto","background-attachment":"scroll","background-type":"","background-media":"","overlay-type":"","overlay-color":"","overlay-opacity":"","overlay-gradient":""},"tablet":{"background-color":"","background-image":"","background-repeat":"repeat","background-position":"center center","background-size":"auto","background-attachment":"scroll","background-type":"","background-media":"","overlay-type":"","overlay-color":"","overlay-opacity":"","overlay-gradient":""},"mobile":{"background-color":"","background-image":"","background-repeat":"repeat","background-position":"center center","background-size":"auto","background-attachment":"scroll","background-type":"","background-media":"","overlay-type":"","overlay-color":"","overlay-opacity":"","overlay-gradient":""}},"ast-content-background-meta":{"desktop":{"background-color":"var(--ast-global-color-4)","background-image":"","background-repeat":"repeat","background-position":"center center","background-size":"auto","background-attachment":"scroll","background-type":"","background-media":"","overlay-type":"","overlay-color":"","overlay-opacity":"","overlay-gradient":""},"tablet":{"background-color":"var(--ast-global-color-4)","background-image":"","background-repeat":"repeat","background-position":"center center","background-size":"auto","background-attachment":"scroll","background-type":"","background-media":"","overlay-type":"","overlay-color":"","overlay-opacity":"","overlay-gradient":""},"mobile":{"background-color":"var(--ast-global-color-4)","background-image":"","background-repeat":"repeat","background-position":"center center","background-size":"auto","background-attachment":"scroll","background-type":"","background-media":"","overlay-type":"","overlay-color":"","overlay-opacity":"","overlay-gradient":""}},"footnotes":""},"categories":[],"tags":[],"class_list":["post-393127","page","type-page","status-publish","hentry"],"yoast_head":"<!-- This site is optimized with the Yoast SEO Premium plugin v27.4 (Yoast SEO v27.4) - https:\/\/yoast.com\/product\/yoast-seo-premium-wordpress\/ -->\n<title>Holiday Trash Collection Schedule - City of Miami Beach<\/title>\n<meta name=\"description\" content=\"City of Miami Beach Sanitation Department Holiday Trash Collection Schedule\" \/>\n<meta name=\"robots\" content=\"index, follow, max-snippet:-1, max-image-preview:large, max-video-preview:-1\" \/>\n<link rel=\"canonical\" href=\"https:\/\/www.miamibeachfl.gov\/fr\/city-hall\/public-works\/sanitation-division\/holiday-trash-collection-schedule\/\" \/>\n<meta property=\"og:locale\" content=\"fr_FR\" \/>\n<meta property=\"og:type\" content=\"article\" \/>\n<meta property=\"og:title\" content=\"Holiday Trash Collection Schedule\" \/>\n<meta property=\"og:description\" content=\"City of Miami Beach Sanitation Department Holiday Trash Collection Schedule\" \/>\n<meta property=\"og:url\" content=\"https:\/\/www.miamibeachfl.gov\/fr\/city-hall\/public-works\/sanitation-division\/holiday-trash-collection-schedule\/\" \/>\n<meta property=\"og:site_name\" content=\"City of Miami Beach\" \/>\n<meta property=\"article:publisher\" content=\"https:\/\/www.facebook.com\/cityofmiamibeach\" \/>\n<meta property=\"article:modified_time\" content=\"2025-12-09T15:37:47+00:00\" \/>\n<meta property=\"og:image\" content=\"https:\/\/www.miamibeachfl.gov\/wp-content\/uploads\/2024\/01\/1000pxSquare-miamibeach-aerial-southpointview.jpeg\" \/>\n\t<meta property=\"og:image:width\" content=\"1000\" \/>\n\t<meta property=\"og:image:height\" content=\"1000\" \/>\n\t<meta property=\"og:image:type\" content=\"image\/jpeg\" \/>\n<meta name=\"twitter:card\" content=\"summary_large_image\" \/>\n<meta name=\"twitter:site\" content=\"@Miamibeachnews\" \/>\n<script type=\"application\/ld+json\" class=\"yoast-schema-graph\">{\"@context\":\"https:\\\/\\\/schema.org\",\"@graph\":[{\"@type\":\"WebPage\",\"@id\":\"https:\\\/\\\/www.miamibeachfl.gov\\\/city-hall\\\/public-works\\\/sanitation-division\\\/holiday-trash-collection-schedule\\\/\",\"url\":\"https:\\\/\\\/www.miamibeachfl.gov\\\/city-hall\\\/public-works\\\/sanitation-division\\\/holiday-trash-collection-schedule\\\/\",\"name\":\"Holiday Trash Collection Schedule - City of Miami Beach\",\"isPartOf\":{\"@id\":\"https:\\\/\\\/www.miamibeachfl.gov\\\/#website\"},\"datePublished\":\"2025-12-09T15:22:52+00:00\",\"dateModified\":\"2025-12-09T15:37:47+00:00\",\"description\":\"City of Miami Beach Sanitation Department Holiday Trash Collection Schedule\",\"breadcrumb\":{\"@id\":\"https:\\\/\\\/www.miamibeachfl.gov\\\/city-hall\\\/public-works\\\/sanitation-division\\\/holiday-trash-collection-schedule\\\/#breadcrumb\"},\"inLanguage\":\"fr-FR\",\"potentialAction\":[{\"@type\":\"ReadAction\",\"target\":[\"https:\\\/\\\/www.miamibeachfl.gov\\\/city-hall\\\/public-works\\\/sanitation-division\\\/holiday-trash-collection-schedule\\\/\"]}]},{\"@type\":\"BreadcrumbList\",\"@id\":\"https:\\\/\\\/www.miamibeachfl.gov\\\/city-hall\\\/public-works\\\/sanitation-division\\\/holiday-trash-collection-schedule\\\/#breadcrumb\",\"itemListElement\":[{\"@type\":\"ListItem\",\"position\":1,\"name\":\"Home\",\"item\":\"https:\\\/\\\/www.miamibeachfl.gov\\\/\"},{\"@type\":\"ListItem\",\"position\":2,\"name\":\"City Hall\",\"item\":\"https:\\\/\\\/www.miamibeachfl.gov\\\/city-hall\\\/\"},{\"@type\":\"ListItem\",\"position\":3,\"name\":\"Public Works\",\"item\":\"https:\\\/\\\/www.miamibeachfl.gov\\\/city-hall\\\/public-works\\\/\"},{\"@type\":\"ListItem\",\"position\":4,\"name\":\"Sanitation Division\",\"item\":\"https:\\\/\\\/www.miamibeachfl.gov\\\/city-hall\\\/public-works\\\/sanitation-division\\\/\"},{\"@type\":\"ListItem\",\"position\":5,\"name\":\"Holiday Trash Collection Schedule\"}]},{\"@type\":\"WebSite\",\"@id\":\"https:\\\/\\\/www.miamibeachfl.gov\\\/#website\",\"url\":\"https:\\\/\\\/www.miamibeachfl.gov\\\/\",\"name\":\"City of Miami Beach\",\"description\":\"The official website of the City of Miami Beach. Stay informed, find important information on city services, news, alerts, events, trolley routes, government employment and more.\",\"publisher\":{\"@id\":\"https:\\\/\\\/www.miamibeachfl.gov\\\/#organization\"},\"potentialAction\":[{\"@type\":\"SearchAction\",\"target\":{\"@type\":\"EntryPoint\",\"urlTemplate\":\"https:\\\/\\\/www.miamibeachfl.gov\\\/?s={search_term_string}\"},\"query-input\":{\"@type\":\"PropertyValueSpecification\",\"valueRequired\":true,\"valueName\":\"search_term_string\"}}],\"inLanguage\":\"fr-FR\"},{\"@type\":\"Organization\",\"@id\":\"https:\\\/\\\/www.miamibeachfl.gov\\\/#organization\",\"name\":\"City of Miami Beach\",\"url\":\"https:\\\/\\\/www.miamibeachfl.gov\\\/\",\"logo\":{\"@type\":\"ImageObject\",\"inLanguage\":\"fr-FR\",\"@id\":\"https:\\\/\\\/www.miamibeachfl.gov\\\/#\\\/schema\\\/logo\\\/image\\\/\",\"url\":\"https:\\\/\\\/www.miamibeachfl.gov\\\/wp-content\\\/uploads\\\/2022\\\/06\\\/miamibeach-logoblue.png\",\"contentUrl\":\"https:\\\/\\\/www.miamibeachfl.gov\\\/wp-content\\\/uploads\\\/2022\\\/06\\\/miamibeach-logoblue.png\",\"width\":1962,\"height\":381,\"caption\":\"City of Miami Beach\"},\"image\":{\"@id\":\"https:\\\/\\\/www.miamibeachfl.gov\\\/#\\\/schema\\\/logo\\\/image\\\/\"},\"sameAs\":[\"https:\\\/\\\/www.facebook.com\\\/cityofmiamibeach\",\"https:\\\/\\\/x.com\\\/Miamibeachnews\",\"https:\\\/\\\/www.instagram.com\\\/miamibeachnews\\\/\"],\"description\":\"The official website of the City of Miami Beach. Stay informed, find important information on city services, news, alerts, events, trolley routes, government employment and more.\",\"telephone\":\"305.604.CITY(2489)\",\"legalName\":\"City of Miami Beach\"}]}<\/script>\n<!-- \/ Yoast SEO Premium plugin. -->","yoast_head_json":{"title":"Calendrier de collecte des ordures m\u00e9nag\u00e8res pendant les f\u00eates - Ville de Miami Beach","description":"Service de la voirie de la ville de Miami Beach - Calendrier de collecte des ordures m\u00e9nag\u00e8res pendant les f\u00eates","robots":{"index":"index","follow":"follow","max-snippet":"max-snippet:-1","max-image-preview":"max-image-preview:large","max-video-preview":"max-video-preview:-1"},"canonical":"https:\/\/www.miamibeachfl.gov\/fr\/city-hall\/public-works\/sanitation-division\/holiday-trash-collection-schedule\/","og_locale":"fr_FR","og_type":"article","og_title":"Holiday Trash Collection Schedule","og_description":"City of Miami Beach Sanitation Department Holiday Trash Collection Schedule","og_url":"https:\/\/www.miamibeachfl.gov\/fr\/city-hall\/public-works\/sanitation-division\/holiday-trash-collection-schedule\/","og_site_name":"City of Miami Beach","article_publisher":"https:\/\/www.facebook.com\/cityofmiamibeach","article_modified_time":"2025-12-09T15:37:47+00:00","og_image":[{"width":1000,"height":1000,"url":"https:\/\/www.miamibeachfl.gov\/wp-content\/uploads\/2024\/01\/1000pxSquare-miamibeach-aerial-southpointview.jpeg","type":"image\/jpeg"}],"twitter_card":"summary_large_image","twitter_site":"@Miamibeachnews","schema":{"@context":"https:\/\/schema.org","@graph":[{"@type":"WebPage","@id":"https:\/\/www.miamibeachfl.gov\/city-hall\/public-works\/sanitation-division\/holiday-trash-collection-schedule\/","url":"https:\/\/www.miamibeachfl.gov\/city-hall\/public-works\/sanitation-division\/holiday-trash-collection-schedule\/","name":"Calendrier de collecte des ordures m\u00e9nag\u00e8res pendant les f\u00eates - Ville de Miami Beach","isPartOf":{"@id":"https:\/\/www.miamibeachfl.gov\/#website"},"datePublished":"2025-12-09T15:22:52+00:00","dateModified":"2025-12-09T15:37:47+00:00","description":"Service de la voirie de la ville de Miami Beach - Calendrier de collecte des ordures m\u00e9nag\u00e8res pendant les f\u00eates","breadcrumb":{"@id":"https:\/\/www.miamibeachfl.gov\/city-hall\/public-works\/sanitation-division\/holiday-trash-collection-schedule\/#breadcrumb"},"inLanguage":"fr-FR","potentialAction":[{"@type":"ReadAction","target":["https:\/\/www.miamibeachfl.gov\/city-hall\/public-works\/sanitation-division\/holiday-trash-collection-schedule\/"]}]},{"@type":"BreadcrumbList","@id":"https:\/\/www.miamibeachfl.gov\/city-hall\/public-works\/sanitation-division\/holiday-trash-collection-schedule\/#breadcrumb","itemListElement":[{"@type":"ListItem","position":1,"name":"Home","item":"https:\/\/www.miamibeachfl.gov\/"},{"@type":"ListItem","position":2,"name":"City Hall","item":"https:\/\/www.miamibeachfl.gov\/city-hall\/"},{"@type":"ListItem","position":3,"name":"Public Works","item":"https:\/\/www.miamibeachfl.gov\/city-hall\/public-works\/"},{"@type":"ListItem","position":4,"name":"Sanitation Division","item":"https:\/\/www.miamibeachfl.gov\/city-hall\/public-works\/sanitation-division\/"},{"@type":"ListItem","position":5,"name":"Holiday Trash Collection Schedule"}]},{"@type":"WebSite","@id":"https:\/\/www.miamibeachfl.gov\/#website","url":"https:\/\/www.miamibeachfl.gov\/","name":"Ville de Miami Beach","description":"Site officiel de la ville de Miami Beach. Restez inform\u00e9 et trouvez des informations importantes sur les services municipaux, les actualit\u00e9s, les alertes, les \u00e9v\u00e9nements, les itin\u00e9raires de tramway, les emplois gouvernementaux et bien plus encore.","publisher":{"@id":"https:\/\/www.miamibeachfl.gov\/#organization"},"potentialAction":[{"@type":"SearchAction","target":{"@type":"EntryPoint","urlTemplate":"https:\/\/www.miamibeachfl.gov\/?s={search_term_string}"},"query-input":{"@type":"PropertyValueSpecification","valueRequired":true,"valueName":"search_term_string"}}],"inLanguage":"fr-FR"},{"@type":"Organization","@id":"https:\/\/www.miamibeachfl.gov\/#organization","name":"Ville de Miami Beach","url":"https:\/\/www.miamibeachfl.gov\/","logo":{"@type":"ImageObject","inLanguage":"fr-FR","@id":"https:\/\/www.miamibeachfl.gov\/#\/schema\/logo\/image\/","url":"https:\/\/www.miamibeachfl.gov\/wp-content\/uploads\/2022\/06\/miamibeach-logoblue.png","contentUrl":"https:\/\/www.miamibeachfl.gov\/wp-content\/uploads\/2022\/06\/miamibeach-logoblue.png","width":1962,"height":381,"caption":"City of Miami Beach"},"image":{"@id":"https:\/\/www.miamibeachfl.gov\/#\/schema\/logo\/image\/"},"sameAs":["https:\/\/www.facebook.com\/cityofmiamibeach","https:\/\/x.com\/Miamibeachnews","https:\/\/www.instagram.com\/miamibeachnews\/"],"description":"Site officiel de la ville de Miami Beach. Restez inform\u00e9 et trouvez des informations importantes sur les services municipaux, les actualit\u00e9s, les alertes, les \u00e9v\u00e9nements, les itin\u00e9raires de tramway, les emplois gouvernementaux et bien plus encore.","telephone":"305.604.CITY(2489)","legalName":"City of Miami Beach"}]}},"_links":{"self":[{"href":"https:\/\/www.miamibeachfl.gov\/fr\/wp-json\/wp\/v2\/pages\/393127","targetHints":{"allow":["GET"]}}],"collection":[{"href":"https:\/\/www.miamibeachfl.gov\/fr\/wp-json\/wp\/v2\/pages"}],"about":[{"href":"https:\/\/www.miamibeachfl.gov\/fr\/wp-json\/wp\/v2\/types\/page"}],"author":[{"embeddable":true,"href":"https:\/\/www.miamibeachfl.gov\/fr\/wp-json\/wp\/v2\/users\/222"}],"replies":[{"embeddable":true,"href":"https:\/\/www.miamibeachfl.gov\/fr\/wp-json\/wp\/v2\/comments?post=393127"}],"version-history":[{"count":2,"href":"https:\/\/www.miamibeachfl.gov\/fr\/wp-json\/wp\/v2\/pages\/393127\/revisions"}],"predecessor-version":[{"id":393134,"href":"https:\/\/www.miamibeachfl.gov\/fr\/wp-json\/wp\/v2\/pages\/393127\/revisions\/393134"}],"up":[{"embeddable":true,"href":"https:\/\/www.miamibeachfl.gov\/fr\/wp-json\/wp\/v2\/pages\/28932"}],"wp:attachment":[{"href":"https:\/\/www.miamibeachfl.gov\/fr\/wp-json\/wp\/v2\/media?parent=393127"}],"wp:term":[{"taxonomy":"category","embeddable":true,"href":"https:\/\/www.miamibeachfl.gov\/fr\/wp-json\/wp\/v2\/categories?post=393127"},{"taxonomy":"post_tag","embeddable":true,"href":"https:\/\/www.miamibeachfl.gov\/fr\/wp-json\/wp\/v2\/tags?post=393127"}],"curies":[{"name":"wp","href":"https:\/\/api.w.org\/{rel}","templated":true}]}}