{"id":39485,"date":"2017-11-01T12:28:52","date_gmt":"2017-11-01T16:28:52","guid":{"rendered":"http:\/\/www.miamibeachfl.gov\/?page_id=39485"},"modified":"2026-01-02T15:20:34","modified_gmt":"2026-01-02T20:20:34","slug":"elected-officials","status":"publish","type":"page","link":"https:\/\/www.miamibeachfl.gov\/fr\/city-hall\/elected-officials\/","title":{"rendered":"Maire et commissaires"},"content":{"rendered":"<h1>\n\t\t\tMaire et commissaires\t<\/h1>\n\t<p>La ville de Miami Beach est r\u00e9gie par un syst\u00e8me de type Commission municipale\/Gestionnaire municipal. La Commission municipale se compose de six commissaires \u00e9lus et d&#039;un maire \u00e9lu. Les commissaires sont \u00e9lus pour un mandat de quatre ans, avec une limite de deux mandats. Les mandats sont \u00e9chelonn\u00e9s, de sorte que la moiti\u00e9 des membres de la Commission sont \u00e9lus tous les deux ans. Le maire est \u00e9lu pour un mandat de deux ans, avec une limite de trois mandats. La Commission municipale nomme le <strong><a href=\"\/fr\/city-hall\/city-manager\/\"><u>directeur municipal<\/u><\/a><\/strong> qui supervise l&#039;administration municipale. L&#039;organisme nomme \u00e9galement les <strong><a href=\"\/fr\/city-hall\/city-attorney\/\"><u>procureur de la ville<\/u><\/a>, <a href=\"https:\/\/www.miamibeachfl.gov\/fr\/city-hall\/city-clerk\/\"><u>greffier de la ville<\/u><\/a> <\/strong>et <strong><a href=\"\/fr\/inspectorgeneral\/\"><u>Inspecteur g\u00e9n\u00e9ral<\/u><\/a>.<\/strong><\/p>\n\t<a href=\"\/fr\/city-hall\/city-clerk\/meeting-notices\/\" target=\"_self\"  aria-label=\"Acc\u00e9dez \u00e0 \/city-hall\/city-clerk\/meeting-notices\/\"><\/a>\n\t\t<h2>R\u00e9unions de la Commission<\/h2>\t\t\t\n\t<a href=\"\/fr\/city-hall\/city-clerk\/boards-and-committees\/\" target=\"_self\"  aria-label=\"Acc\u00e9dez \u00e0 \/city-hall\/city-clerk\/boards-and-committees\/\"><\/a>\n\t\t<h2>Conseils et comit\u00e9s<\/h2>\t\t\t\n\t<a href=\"\/fr\/city-hall\/city-clerk\/election-information\/\" target=\"_self\"  aria-label=\"Acc\u00e9dez \u00e0 \/city-hall\/city-clerk\/election-information\/\"><\/a>\n\t\t<h2>Informations \u00e9lectorales<\/h2>\t\t\t\n\t<a href=\"\/fr\/city-hall\/elected-officials\/mayor-and-commission-press-releases\/\" target=\"_self\"  aria-label=\"Acc\u00e9dez \u00e0 \/mairie\/\u00e9lus\/communiqu\u00e9s-de-presse-du-maire-et-de-la-commission\/\"><\/a>\n\t\t<h2>Communiqu\u00e9s de presse<\/h2>\t\t\t\n\t\t\t\t<a href=\"\/fr\/staff\/mayor-steven-meiner\/\"  target=\"_self\" itemprop=\"url\">\n\t\t\t\t<img decoding=\"async\" src=\"https:\/\/www.miamibeachfl.gov\/wp-content\/uploads\/2023\/12\/MayorMeiner2024-Circle.png\" alt=\"Steve Meiner\" itemprop=\"image\" height=\"250\" width=\"249\" title=\"MayorMeiner2024-Cercle\" onerror=\"this.style.display='none'\" loading=\"lazy\" \/>\n\t\t\t\t<\/a>\n\t\t<h2>Le maire Steven Meiner<\/h2>\n\t\t\t\t<p>Steven Meiner est le 39e maire de Miami Beach et est connu comme le \u00ab maire de la loi et de l&#039;ordre \u00bb pour sa d\u00e9termination \u00e0 renforcer la s\u00e9curit\u00e9 publique, \u00e0 am\u00e9liorer la qualit\u00e9 de vie des r\u00e9sidents et \u00e0 promouvoir la transparence gouvernementale.<\/p>\n\t\t\t<a href=\"\/fr\/staff\/mayor-steven-meiner\/\" title=\"Cliquez ici\" target=\"_self\"   role=\"button\" aria-label=\"Apprendre encore plus\">\n\t\t\t\t\t\t\tApprendre encore plus\n\t\t<\/a>\n\t<p>Pour les demandes de renseignements du maire et de la commission, veuillez envoyer un courriel \u00e0 <strong><a title=\"mailto:vp@miamibeachfl.gov\" href=\"mailto:daphnesaba@miamibeachfl.gov\">DaphneSaba@miamibeachfl.gov<\/a><\/strong><\/p>\n\t\t\t<a href=\"\/fr\/city-hall\/city-manager\/\" target=\"_self\">\n\t\t\t\t\t\tBureau du directeur municipal\n\t\t\t\t\t<\/a>\n\t\t\t<a href=\"\/fr\/city-hall\/city-attorney\/\" target=\"_self\">\n\t\t\t\t\t\tBureau du procureur de la ville\n\t\t\t\t\t<\/a>\n\t\t\t<a href=\"https:\/\/www.miamibeachfl.gov\/fr\/city-hall\/city-clerk\/agenda-archive-main-page-2\/agenda-archive-main-page\/\" target=\"_self\">\n\t\t\t\t\t\tRapports apr\u00e8s action\n\t\t\t\t\t<\/a>\n<h3>\n\t\t\tBureau principal\t<\/h3>\n\t1700 Convention Center Drive,<br \/>\nMiami Beach, FL 33139\n<h3>\n\t\t\tNum\u00e9ro de bureau\t<\/h3>\n\t<p><strong><a href=\"tel:3056737035\">305.673.7035<\/a><\/strong><\/p>\n<h3>\n\t\t\tHeures d&#039;ouverture\t<\/h3>\n\t<p>9h \u2013 17h | Lundi \u2013 Vendredi<\/p>","protected":false},"excerpt":{"rendered":"<p><a href=\"tel:3056737035\" style=\"text-decoration:none; color:#004896;\"><br \/>\n    <i class=\"fa-solid fa-phone\"><\/i> 305.673.7035<\/a><\/p>","protected":false},"author":222,"featured_media":238770,"parent":28206,"menu_order":247,"comment_status":"closed","ping_status":"closed","template":"","meta":{"_searchwp_excluded":"","site-sidebar-layout":"default","site-content-layout":"","ast-site-content-layout":"default","site-content-style":"default","site-sidebar-style":"default","ast-global-header-display":"","ast-banner-title-visibility":"","ast-main-header-display":"","ast-hfb-above-header-display":"","ast-hfb-below-header-display":"","ast-hfb-mobile-header-display":"","site-post-title":"","ast-breadcrumbs-content":"","ast-featured-img":"","footer-sml-layout":"","ast-disable-related-posts":"","theme-transparent-header-meta":"","adv-header-id-meta":"","stick-header-meta":"","header-above-stick-meta":"","header-main-stick-meta":"","header-below-stick-meta":"","astra-migrate-meta-layouts":"default","ast-page-background-enabled":"default","ast-page-background-meta":{"desktop":{"background-color":"var(--ast-global-color-5)","background-image":"","background-repeat":"repeat","background-position":"center center","background-size":"auto","background-attachment":"scroll","background-type":"","background-media":"","overlay-type":"","overlay-color":"","overlay-opacity":"","overlay-gradient":""},"tablet":{"background-color":"","background-image":"","background-repeat":"repeat","background-position":"center center","background-size":"auto","background-attachment":"scroll","background-type":"","background-media":"","overlay-type":"","overlay-color":"","overlay-opacity":"","overlay-gradient":""},"mobile":{"background-color":"","background-image":"","background-repeat":"repeat","background-position":"center center","background-size":"auto","background-attachment":"scroll","background-type":"","background-media":"","overlay-type":"","overlay-color":"","overlay-opacity":"","overlay-gradient":""}},"ast-content-background-meta":{"desktop":{"background-color":"var(--ast-global-color-4)","background-image":"","background-repeat":"repeat","background-position":"center center","background-size":"auto","background-attachment":"scroll","background-type":"","background-media":"","overlay-type":"","overlay-color":"","overlay-opacity":"","overlay-gradient":""},"tablet":{"background-color":"var(--ast-global-color-4)","background-image":"","background-repeat":"repeat","background-position":"center center","background-size":"auto","background-attachment":"scroll","background-type":"","background-media":"","overlay-type":"","overlay-color":"","overlay-opacity":"","overlay-gradient":""},"mobile":{"background-color":"var(--ast-global-color-4)","background-image":"","background-repeat":"repeat","background-position":"center center","background-size":"auto","background-attachment":"scroll","background-type":"","background-media":"","overlay-type":"","overlay-color":"","overlay-opacity":"","overlay-gradient":""}},"footnotes":""},"categories":[1761],"tags":[1732],"class_list":["post-39485","page","type-page","status-publish","has-post-thumbnail","hentry","category-government","tag-government"],"yoast_head":"<!-- This site is optimized with the Yoast SEO Premium plugin v27.4 (Yoast SEO v27.4) - https:\/\/yoast.com\/product\/yoast-seo-premium-wordpress\/ -->\n<title>Mayor &amp; Commissioners - City of Miami Beach<\/title>\n<meta name=\"description\" content=\"The City of Miami Beach holds a commission\/manager government. The City Commission consists of six elected Commissioners and an elected Mayor.\" \/>\n<meta name=\"robots\" content=\"index, follow, max-snippet:-1, max-image-preview:large, max-video-preview:-1\" \/>\n<link rel=\"canonical\" href=\"https:\/\/www.miamibeachfl.gov\/fr\/city-hall\/elected-officials\/\" \/>\n<meta property=\"og:locale\" content=\"fr_FR\" \/>\n<meta property=\"og:type\" content=\"article\" \/>\n<meta property=\"og:title\" content=\"Mayor &amp; Commissioners\" \/>\n<meta property=\"og:description\" content=\"The City of Miami Beach holds a commission\/manager government. The City Commission consists of six elected Commissioners and an elected Mayor.\" \/>\n<meta property=\"og:url\" content=\"https:\/\/www.miamibeachfl.gov\/fr\/city-hall\/elected-officials\/\" \/>\n<meta property=\"og:site_name\" content=\"City of Miami Beach\" \/>\n<meta property=\"article:publisher\" content=\"https:\/\/www.facebook.com\/cityofmiamibeach\" \/>\n<meta property=\"article:modified_time\" content=\"2026-01-02T20:20:34+00:00\" \/>\n<meta property=\"og:image\" content=\"https:\/\/www.miamibeachfl.gov\/wp-content\/uploads\/2019\/11\/Steven-Meiner.jpg\" \/>\n\t<meta property=\"og:image:width\" content=\"600\" \/>\n\t<meta property=\"og:image:height\" content=\"600\" \/>\n\t<meta property=\"og:image:type\" content=\"image\/jpeg\" \/>\n<meta name=\"twitter:card\" content=\"summary_large_image\" \/>\n<meta name=\"twitter:description\" content=\"The City of Miami Beach holds a commission\/manager government. The City Commission consists of six elected Commissioners and an elected Mayor.\" \/>\n<meta name=\"twitter:site\" content=\"@Miamibeachnews\" \/>\n<script type=\"application\/ld+json\" class=\"yoast-schema-graph\">{\"@context\":\"https:\\\/\\\/schema.org\",\"@graph\":[{\"@type\":\"WebPage\",\"@id\":\"https:\\\/\\\/www.miamibeachfl.gov\\\/city-hall\\\/elected-officials\\\/\",\"url\":\"https:\\\/\\\/www.miamibeachfl.gov\\\/city-hall\\\/elected-officials\\\/\",\"name\":\"Mayor & Commissioners - City of Miami Beach\",\"isPartOf\":{\"@id\":\"https:\\\/\\\/www.miamibeachfl.gov\\\/#website\"},\"primaryImageOfPage\":{\"@id\":\"https:\\\/\\\/www.miamibeachfl.gov\\\/city-hall\\\/elected-officials\\\/#primaryimage\"},\"image\":{\"@id\":\"https:\\\/\\\/www.miamibeachfl.gov\\\/city-hall\\\/elected-officials\\\/#primaryimage\"},\"thumbnailUrl\":\"https:\\\/\\\/www.miamibeachfl.gov\\\/wp-content\\\/uploads\\\/2023\\\/01\\\/MiamiBeach-cityhall.jpg\",\"datePublished\":\"2017-11-01T16:28:52+00:00\",\"dateModified\":\"2026-01-02T20:20:34+00:00\",\"description\":\"The City of Miami Beach holds a commission\\\/manager government. The City Commission consists of six elected Commissioners and an elected Mayor.\",\"breadcrumb\":{\"@id\":\"https:\\\/\\\/www.miamibeachfl.gov\\\/city-hall\\\/elected-officials\\\/#breadcrumb\"},\"inLanguage\":\"fr-FR\",\"potentialAction\":[{\"@type\":\"ReadAction\",\"target\":[\"https:\\\/\\\/www.miamibeachfl.gov\\\/city-hall\\\/elected-officials\\\/\"]}]},{\"@type\":\"ImageObject\",\"inLanguage\":\"fr-FR\",\"@id\":\"https:\\\/\\\/www.miamibeachfl.gov\\\/city-hall\\\/elected-officials\\\/#primaryimage\",\"url\":\"https:\\\/\\\/www.miamibeachfl.gov\\\/wp-content\\\/uploads\\\/2023\\\/01\\\/MiamiBeach-cityhall.jpg\",\"contentUrl\":\"https:\\\/\\\/www.miamibeachfl.gov\\\/wp-content\\\/uploads\\\/2023\\\/01\\\/MiamiBeach-cityhall.jpg\",\"width\":1000,\"height\":1000,\"caption\":\"City Hall\"},{\"@type\":\"BreadcrumbList\",\"@id\":\"https:\\\/\\\/www.miamibeachfl.gov\\\/city-hall\\\/elected-officials\\\/#breadcrumb\",\"itemListElement\":[{\"@type\":\"ListItem\",\"position\":1,\"name\":\"Home\",\"item\":\"https:\\\/\\\/www.miamibeachfl.gov\\\/\"},{\"@type\":\"ListItem\",\"position\":2,\"name\":\"City Hall\",\"item\":\"https:\\\/\\\/www.miamibeachfl.gov\\\/city-hall\\\/\"},{\"@type\":\"ListItem\",\"position\":3,\"name\":\"Mayor &#038; Commissioners\"}]},{\"@type\":\"WebSite\",\"@id\":\"https:\\\/\\\/www.miamibeachfl.gov\\\/#website\",\"url\":\"https:\\\/\\\/www.miamibeachfl.gov\\\/\",\"name\":\"City of Miami Beach\",\"description\":\"The official website of the City of Miami Beach. Stay informed, find important information on city services, news, alerts, events, trolley routes, government employment and more.\",\"publisher\":{\"@id\":\"https:\\\/\\\/www.miamibeachfl.gov\\\/#organization\"},\"potentialAction\":[{\"@type\":\"SearchAction\",\"target\":{\"@type\":\"EntryPoint\",\"urlTemplate\":\"https:\\\/\\\/www.miamibeachfl.gov\\\/?s={search_term_string}\"},\"query-input\":{\"@type\":\"PropertyValueSpecification\",\"valueRequired\":true,\"valueName\":\"search_term_string\"}}],\"inLanguage\":\"fr-FR\"},{\"@type\":\"Organization\",\"@id\":\"https:\\\/\\\/www.miamibeachfl.gov\\\/#organization\",\"name\":\"City of Miami Beach\",\"url\":\"https:\\\/\\\/www.miamibeachfl.gov\\\/\",\"logo\":{\"@type\":\"ImageObject\",\"inLanguage\":\"fr-FR\",\"@id\":\"https:\\\/\\\/www.miamibeachfl.gov\\\/#\\\/schema\\\/logo\\\/image\\\/\",\"url\":\"https:\\\/\\\/www.miamibeachfl.gov\\\/wp-content\\\/uploads\\\/2022\\\/06\\\/miamibeach-logoblue.png\",\"contentUrl\":\"https:\\\/\\\/www.miamibeachfl.gov\\\/wp-content\\\/uploads\\\/2022\\\/06\\\/miamibeach-logoblue.png\",\"width\":1962,\"height\":381,\"caption\":\"City of Miami Beach\"},\"image\":{\"@id\":\"https:\\\/\\\/www.miamibeachfl.gov\\\/#\\\/schema\\\/logo\\\/image\\\/\"},\"sameAs\":[\"https:\\\/\\\/www.facebook.com\\\/cityofmiamibeach\",\"https:\\\/\\\/x.com\\\/Miamibeachnews\",\"https:\\\/\\\/www.instagram.com\\\/miamibeachnews\\\/\"],\"description\":\"The official website of the City of Miami Beach. Stay informed, find important information on city services, news, alerts, events, trolley routes, government employment and more.\",\"telephone\":\"305.604.CITY(2489)\",\"legalName\":\"City of Miami Beach\"}]}<\/script>\n<!-- \/ Yoast SEO Premium plugin. -->","yoast_head_json":{"title":"Maire et commissaires - Ville de Miami Beach","description":"La ville de Miami Beach est dot\u00e9e d&#039;un gouvernement de type \u00ab\u00a0commission\/gestion\u00a0\u00bb. La commission municipale est compos\u00e9e de six commissaires \u00e9lus et d&#039;un maire \u00e9lu.","robots":{"index":"index","follow":"follow","max-snippet":"max-snippet:-1","max-image-preview":"max-image-preview:large","max-video-preview":"max-video-preview:-1"},"canonical":"https:\/\/www.miamibeachfl.gov\/fr\/city-hall\/elected-officials\/","og_locale":"fr_FR","og_type":"article","og_title":"Mayor & Commissioners","og_description":"The City of Miami Beach holds a commission\/manager government. The City Commission consists of six elected Commissioners and an elected Mayor.","og_url":"https:\/\/www.miamibeachfl.gov\/fr\/city-hall\/elected-officials\/","og_site_name":"City of Miami Beach","article_publisher":"https:\/\/www.facebook.com\/cityofmiamibeach","article_modified_time":"2026-01-02T20:20:34+00:00","og_image":[{"width":600,"height":600,"url":"https:\/\/www.miamibeachfl.gov\/wp-content\/uploads\/2019\/11\/Steven-Meiner.jpg","type":"image\/jpeg"}],"twitter_card":"summary_large_image","twitter_description":"The City of Miami Beach holds a commission\/manager government. The City Commission consists of six elected Commissioners and an elected Mayor.","twitter_site":"@Miamibeachnews","schema":{"@context":"https:\/\/schema.org","@graph":[{"@type":"WebPage","@id":"https:\/\/www.miamibeachfl.gov\/city-hall\/elected-officials\/","url":"https:\/\/www.miamibeachfl.gov\/city-hall\/elected-officials\/","name":"Maire et commissaires - Ville de Miami Beach","isPartOf":{"@id":"https:\/\/www.miamibeachfl.gov\/#website"},"primaryImageOfPage":{"@id":"https:\/\/www.miamibeachfl.gov\/city-hall\/elected-officials\/#primaryimage"},"image":{"@id":"https:\/\/www.miamibeachfl.gov\/city-hall\/elected-officials\/#primaryimage"},"thumbnailUrl":"https:\/\/www.miamibeachfl.gov\/wp-content\/uploads\/2023\/01\/MiamiBeach-cityhall.jpg","datePublished":"2017-11-01T16:28:52+00:00","dateModified":"2026-01-02T20:20:34+00:00","description":"La ville de Miami Beach est dot\u00e9e d&#039;un gouvernement de type \u00ab\u00a0commission\/gestion\u00a0\u00bb. La commission municipale est compos\u00e9e de six commissaires \u00e9lus et d&#039;un maire \u00e9lu.","breadcrumb":{"@id":"https:\/\/www.miamibeachfl.gov\/city-hall\/elected-officials\/#breadcrumb"},"inLanguage":"fr-FR","potentialAction":[{"@type":"ReadAction","target":["https:\/\/www.miamibeachfl.gov\/city-hall\/elected-officials\/"]}]},{"@type":"ImageObject","inLanguage":"fr-FR","@id":"https:\/\/www.miamibeachfl.gov\/city-hall\/elected-officials\/#primaryimage","url":"https:\/\/www.miamibeachfl.gov\/wp-content\/uploads\/2023\/01\/MiamiBeach-cityhall.jpg","contentUrl":"https:\/\/www.miamibeachfl.gov\/wp-content\/uploads\/2023\/01\/MiamiBeach-cityhall.jpg","width":1000,"height":1000,"caption":"City Hall"},{"@type":"BreadcrumbList","@id":"https:\/\/www.miamibeachfl.gov\/city-hall\/elected-officials\/#breadcrumb","itemListElement":[{"@type":"ListItem","position":1,"name":"Home","item":"https:\/\/www.miamibeachfl.gov\/"},{"@type":"ListItem","position":2,"name":"City Hall","item":"https:\/\/www.miamibeachfl.gov\/city-hall\/"},{"@type":"ListItem","position":3,"name":"Mayor &#038; Commissioners"}]},{"@type":"WebSite","@id":"https:\/\/www.miamibeachfl.gov\/#website","url":"https:\/\/www.miamibeachfl.gov\/","name":"Ville de Miami Beach","description":"Site officiel de la ville de Miami Beach. Restez inform\u00e9 et trouvez des informations importantes sur les services municipaux, les actualit\u00e9s, les alertes, les \u00e9v\u00e9nements, les itin\u00e9raires de tramway, les emplois gouvernementaux et bien plus encore.","publisher":{"@id":"https:\/\/www.miamibeachfl.gov\/#organization"},"potentialAction":[{"@type":"SearchAction","target":{"@type":"EntryPoint","urlTemplate":"https:\/\/www.miamibeachfl.gov\/?s={search_term_string}"},"query-input":{"@type":"PropertyValueSpecification","valueRequired":true,"valueName":"search_term_string"}}],"inLanguage":"fr-FR"},{"@type":"Organization","@id":"https:\/\/www.miamibeachfl.gov\/#organization","name":"Ville de Miami Beach","url":"https:\/\/www.miamibeachfl.gov\/","logo":{"@type":"ImageObject","inLanguage":"fr-FR","@id":"https:\/\/www.miamibeachfl.gov\/#\/schema\/logo\/image\/","url":"https:\/\/www.miamibeachfl.gov\/wp-content\/uploads\/2022\/06\/miamibeach-logoblue.png","contentUrl":"https:\/\/www.miamibeachfl.gov\/wp-content\/uploads\/2022\/06\/miamibeach-logoblue.png","width":1962,"height":381,"caption":"City of Miami Beach"},"image":{"@id":"https:\/\/www.miamibeachfl.gov\/#\/schema\/logo\/image\/"},"sameAs":["https:\/\/www.facebook.com\/cityofmiamibeach","https:\/\/x.com\/Miamibeachnews","https:\/\/www.instagram.com\/miamibeachnews\/"],"description":"Site officiel de la ville de Miami Beach. Restez inform\u00e9 et trouvez des informations importantes sur les services municipaux, les actualit\u00e9s, les alertes, les \u00e9v\u00e9nements, les itin\u00e9raires de tramway, les emplois gouvernementaux et bien plus encore.","telephone":"305.604.CITY(2489)","legalName":"City of Miami Beach"}]}},"_links":{"self":[{"href":"https:\/\/www.miamibeachfl.gov\/fr\/wp-json\/wp\/v2\/pages\/39485","targetHints":{"allow":["GET"]}}],"collection":[{"href":"https:\/\/www.miamibeachfl.gov\/fr\/wp-json\/wp\/v2\/pages"}],"about":[{"href":"https:\/\/www.miamibeachfl.gov\/fr\/wp-json\/wp\/v2\/types\/page"}],"author":[{"embeddable":true,"href":"https:\/\/www.miamibeachfl.gov\/fr\/wp-json\/wp\/v2\/users\/222"}],"replies":[{"embeddable":true,"href":"https:\/\/www.miamibeachfl.gov\/fr\/wp-json\/wp\/v2\/comments?post=39485"}],"version-history":[{"count":4,"href":"https:\/\/www.miamibeachfl.gov\/fr\/wp-json\/wp\/v2\/pages\/39485\/revisions"}],"predecessor-version":[{"id":394434,"href":"https:\/\/www.miamibeachfl.gov\/fr\/wp-json\/wp\/v2\/pages\/39485\/revisions\/394434"}],"up":[{"embeddable":true,"href":"https:\/\/www.miamibeachfl.gov\/fr\/wp-json\/wp\/v2\/pages\/28206"}],"wp:featuredmedia":[{"embeddable":true,"href":"https:\/\/www.miamibeachfl.gov\/fr\/wp-json\/wp\/v2\/media\/238770"}],"wp:attachment":[{"href":"https:\/\/www.miamibeachfl.gov\/fr\/wp-json\/wp\/v2\/media?parent=39485"}],"wp:term":[{"taxonomy":"category","embeddable":true,"href":"https:\/\/www.miamibeachfl.gov\/fr\/wp-json\/wp\/v2\/categories?post=39485"},{"taxonomy":"post_tag","embeddable":true,"href":"https:\/\/www.miamibeachfl.gov\/fr\/wp-json\/wp\/v2\/tags?post=39485"}],"curies":[{"name":"wp","href":"https:\/\/api.w.org\/{rel}","templated":true}]}}