{"id":398045,"date":"2026-03-30T15:36:24","date_gmt":"2026-03-30T19:36:24","guid":{"rendered":"https:\/\/www.miamibeachfl.gov\/?page_id=398045"},"modified":"2026-03-30T15:37:18","modified_gmt":"2026-03-30T19:37:18","slug":"providing-notification-of-traffic-or-parking-citations","status":"publish","type":"page","link":"https:\/\/www.miamibeachfl.gov\/fr\/city-hall\/human-resources\/employee-labor-relations\/policy-directory\/providing-notification-of-traffic-or-parking-citations\/","title":{"rendered":"Notification des contraventions pour infraction au code de la route ou au stationnement"},"content":{"rendered":"<img decoding=\"async\" src=\"https:\/\/www.miamibeachfl.gov\/wp-content\/uploads\/2022\/07\/hero-small.jpg\" alt=\"ocean drive art deco buildings\" itemprop=\"image\" height=\"211\" width=\"2395\" title=\"petit h\u00e9ros\" onerror=\"this.style.display='none'\" loading=\"lazy\" \/>\n<h1>\n\t\t\tNotification des contraventions pour infraction au code de la route ou au stationnement\t<\/h1>\n\t<nav id=\"breadcrumbs\" aria-label=\"Fil d&#039;Ariane\"><a href=\"https:\/\/www.miamibeachfl.gov\/fr\/\">Maison<\/a> &gt; <a href=\"https:\/\/www.miamibeachfl.gov\/fr\/city-hall\/\">l&#039;h\u00f4tel de ville<\/a> &gt; <a href=\"https:\/\/www.miamibeachfl.gov\/fr\/city-hall\/human-resources\/\">Ressources humaines<\/a> &gt; <a href=\"https:\/\/www.miamibeachfl.gov\/fr\/city-hall\/human-resources\/employee-labor-relations\/\">Relations avec les employ\u00e9s et le travail<\/a> &gt; <a href=\"https:\/\/www.miamibeachfl.gov\/fr\/city-hall\/human-resources\/employee-labor-relations\/policy-directory\/\">R\u00e9pertoire des politiques<\/a> &gt; <strong>Notification des contraventions pour infraction au code de la route ou au stationnement<\/strong><\/nav>\n\t<h2>POLITIQUE:<\/h2>\n<p>Conform\u00e9ment \u00e0 la directive du directeur municipal, les employ\u00e9s municipaux qui re\u00e7oivent une contravention pour infraction au code de la route et\/ou une contravention de stationnement, en service ou hors service, \u00e9mise par un agent de l&#039;unit\u00e9 de contr\u00f4le du stationnement de la ville ou par le service de police, doivent en informer par \u00e9crit leur directeur de d\u00e9partement ou la division des relations avec les employ\u00e9s et les syndicats des RH, au plus tard 72 heures apr\u00e8s l&#039;\u00e9mission.<\/p>\n<p>Les employ\u00e9s peuvent se signaler en remettant les documents en main propre ou par courriel \u00e0 <a href=\"mailto:ELR@miamibeachfl.gov\">ELR@miamibeachfl.gov<\/a>, avec les informations suivantes\u00a0:<\/p>\n<ul>\n<li>Nom de l&#039;employ\u00e9<\/li>\n<li>Classification<\/li>\n<li>D\u00e9partement\/Division o\u00f9 vous travaillez<\/li>\n<li>Num\u00e9ro de t\u00e9l\u00e9phone et\/ou adresse \u00e9lectronique o\u00f9 vous pouvez \u00eatre contact\u00e9<\/li>\n<li>Num\u00e9ro de citation<\/li>\n<li>Date de citation<\/li>\n<li>Nom de la personne qui a d\u00e9livr\u00e9 la contravention; et<\/li>\n<li>Motif de la citation<\/li>\n<\/ul>\n<p>Les employ\u00e9s municipaux qui enfreignent cette politique seront soumis \u00e0 des mesures disciplinaires progressives, pouvant aller jusqu&#039;au licenciement.<\/p>\n\t\tAcc\u00e9der \u00e0\u2026\t\t\t\n\t\t\t\t\t<ul id=\"menu-hr-policy-directory\"><li id=\"menu-item-363145\"><a href=\"\/fr\/city-hall\/human-resources\/employee-labor-relations\/policy-directory\/americans-with-disabilities-act-compliance\/\">Conformit\u00e9 ADA<\/a><\/li>\n<li id=\"menu-item-363146\"><a href=\"\/fr\/city-hall\/human-resources\/employee-labor-relations\/policy-directory\/ada-grievance-procedure\/\">Proc\u00e9dure de r\u00e9clamation ADA<\/a><\/li>\n<li id=\"menu-item-363147\"><a href=\"\/fr\/city-hall\/human-resources\/employee-labor-relations\/policy-directory\/attendance\/\">Politiques de pr\u00e9sence<\/a><\/li>\n<li id=\"menu-item-363148\"><a href=\"\/fr\/city-hall\/human-resources\/employee-labor-relations\/policy-directory\/city-vehicles-and-equipment\/\">V\u00e9hicules et \u00e9quipements urbains<\/a><\/li>\n<li id=\"menu-item-363149\"><a href=\"\/fr\/city-hall\/human-resources\/employee-labor-relations\/policy-directory\/discrimination-complaint-procedure\/\">Proc\u00e9dure de plainte pour discrimination<\/a><\/li>\n<li id=\"menu-item-363150\"><a href=\"\/fr\/city-hall\/human-resources\/employee-labor-relations\/policy-directory\/diversity-management-sexual-harassment-awareness\/\">Gestion de la diversit\u00e9 Sensibilisation au harc\u00e8lement sexuel<\/a><\/li>\n<li id=\"menu-item-363151\"><a href=\"\/fr\/city-hall\/human-resources\/employee-labor-relations\/policy-directory\/drug-and-alcohol-misuse-prevention\/\">Pr\u00e9vention de l&#039;abus de drogues et d&#039;alcool<\/a><\/li>\n<li id=\"menu-item-363152\"><a href=\"\/fr\/city-hall\/human-resources\/employee-labor-relations\/policy-directory\/drug-free-awareness-program\/\">Programme de sensibilisation \u00e0 la lutte contre la drogue<\/a><\/li>\n<li id=\"menu-item-363153\"><a href=\"\/fr\/city-hall\/human-resources\/employee-labor-relations\/policy-directory\/family-and-medical-leave\/\">Cong\u00e9 familial et m\u00e9dical<\/a><\/li>\n<li id=\"menu-item-363154\"><a href=\"\/fr\/city-hall\/human-resources\/employee-labor-relations\/policy-directory\/smoke-free-workplace\/\">Lieu de travail sans fum\u00e9e<\/a><\/li>\n<li id=\"menu-item-363155\"><a href=\"\/fr\/city-hall\/human-resources\/employee-labor-relations\/policy-directory\/work-rules\/\">R\u00e8gles de travail<\/a><\/li>\n<li id=\"menu-item-363156\"><a href=\"\/fr\/city-hall\/human-resources\/employee-labor-relations\/policy-directory\/workers-compensation-guidelines\/\">Lignes directrices sur l&#039;indemnisation des accidents du travail<\/a><\/li>\n<\/ul>\t\n\t<div class=\"page-navigation\"><a class=\"prev-page\" href=\"https:\/\/www.miamibeachfl.gov\/fr\/city-hall\/human-resources\/employee-labor-relations\/policy-directory\/prevention-of-workplace-violence\/\">\u2190 Pr\u00e9vention de la violence au travail<\/a> <a class=\"next-page\" href=\"https:\/\/www.miamibeachfl.gov\/fr\/city-hall\/city-clerk\/rrtklinksdecember112024-february52026\/\">Liens RRTK du 11 d\u00e9cembre 2024 au 5 f\u00e9vrier 2026 \u2192<\/a><\/div>","protected":false},"excerpt":{"rendered":"<p>Providing Notification of Traffic or Parking Citations Home &gt; City Hall &gt; Human Resources &gt; Employee &amp; Labor Relations &gt; [&hellip;]<\/p>\n","protected":false},"author":222,"featured_media":0,"parent":28713,"menu_order":0,"comment_status":"closed","ping_status":"closed","template":"","meta":{"_searchwp_excluded":"","site-sidebar-layout":"default","site-content-layout":"","ast-site-content-layout":"default","site-content-style":"default","site-sidebar-style":"default","ast-global-header-display":"","ast-banner-title-visibility":"","ast-main-header-display":"","ast-hfb-above-header-display":"","ast-hfb-below-header-display":"","ast-hfb-mobile-header-display":"","site-post-title":"","ast-breadcrumbs-content":"","ast-featured-img":"","footer-sml-layout":"","theme-transparent-header-meta":"","adv-header-id-meta":"","stick-header-meta":"","header-above-stick-meta":"","header-main-stick-meta":"","header-below-stick-meta":"","astra-migrate-meta-layouts":"default","ast-page-background-enabled":"default","ast-page-background-meta":{"desktop":{"background-color":"var(--ast-global-color-5)","background-image":"","background-repeat":"repeat","background-position":"center center","background-size":"auto","background-attachment":"scroll","background-type":"","background-media":"","overlay-type":"","overlay-color":"","overlay-opacity":"","overlay-gradient":""},"tablet":{"background-color":"","background-image":"","background-repeat":"repeat","background-position":"center center","background-size":"auto","background-attachment":"scroll","background-type":"","background-media":"","overlay-type":"","overlay-color":"","overlay-opacity":"","overlay-gradient":""},"mobile":{"background-color":"","background-image":"","background-repeat":"repeat","background-position":"center center","background-size":"auto","background-attachment":"scroll","background-type":"","background-media":"","overlay-type":"","overlay-color":"","overlay-opacity":"","overlay-gradient":""}},"ast-content-background-meta":{"desktop":{"background-color":"var(--ast-global-color-4)","background-image":"","background-repeat":"repeat","background-position":"center center","background-size":"auto","background-attachment":"scroll","background-type":"","background-media":"","overlay-type":"","overlay-color":"","overlay-opacity":"","overlay-gradient":""},"tablet":{"background-color":"var(--ast-global-color-4)","background-image":"","background-repeat":"repeat","background-position":"center center","background-size":"auto","background-attachment":"scroll","background-type":"","background-media":"","overlay-type":"","overlay-color":"","overlay-opacity":"","overlay-gradient":""},"mobile":{"background-color":"var(--ast-global-color-4)","background-image":"","background-repeat":"repeat","background-position":"center center","background-size":"auto","background-attachment":"scroll","background-type":"","background-media":"","overlay-type":"","overlay-color":"","overlay-opacity":"","overlay-gradient":""}},"footnotes":""},"categories":[],"tags":[],"class_list":["post-398045","page","type-page","status-publish","hentry"],"yoast_head":"<!-- This site is optimized with the Yoast SEO Premium plugin v27.4 (Yoast SEO v27.4) - https:\/\/yoast.com\/product\/yoast-seo-premium-wordpress\/ -->\n<title>Providing Notification of Traffic or Parking Citations - City of Miami Beach<\/title>\n<meta name=\"description\" content=\"In accordance with the City Manager\u2019s directive, City employees who receive a uniform traffic citation and\/or parking citation, on or off-duty, by either an officer of the City\u2019s parking enforcement unit or police department must provide written notification to their Department Director or to the Employee and Labor Relations division of HR, no later than 72 hours after issuance.\" \/>\n<meta name=\"robots\" content=\"index, follow, max-snippet:-1, max-image-preview:large, max-video-preview:-1\" \/>\n<link rel=\"canonical\" href=\"https:\/\/www.miamibeachfl.gov\/fr\/city-hall\/human-resources\/employee-labor-relations\/policy-directory\/providing-notification-of-traffic-or-parking-citations\/\" \/>\n<meta property=\"og:locale\" content=\"fr_FR\" \/>\n<meta property=\"og:type\" content=\"article\" \/>\n<meta property=\"og:title\" content=\"Providing Notification of Traffic or Parking Citations\" \/>\n<meta property=\"og:description\" content=\"In accordance with the City Manager\u2019s directive, City employees who receive a uniform traffic citation and\/or parking citation, on or off-duty, by either an officer of the City\u2019s parking enforcement unit or police department must provide written notification to their Department Director or to the Employee and Labor Relations division of HR, no later than 72 hours after issuance.\" \/>\n<meta property=\"og:url\" content=\"https:\/\/www.miamibeachfl.gov\/fr\/city-hall\/human-resources\/employee-labor-relations\/policy-directory\/providing-notification-of-traffic-or-parking-citations\/\" \/>\n<meta property=\"og:site_name\" content=\"City of Miami Beach\" \/>\n<meta property=\"article:publisher\" content=\"https:\/\/www.facebook.com\/cityofmiamibeach\" \/>\n<meta property=\"article:modified_time\" content=\"2026-03-30T19:37:18+00:00\" \/>\n<meta property=\"og:image\" content=\"https:\/\/www.miamibeachfl.gov\/wp-content\/uploads\/2022\/07\/hero-small.jpg\" \/>\n<meta name=\"twitter:card\" content=\"summary_large_image\" \/>\n<meta name=\"twitter:site\" content=\"@Miamibeachnews\" \/>\n<script type=\"application\/ld+json\" class=\"yoast-schema-graph\">{\"@context\":\"https:\\\/\\\/schema.org\",\"@graph\":[{\"@type\":\"WebPage\",\"@id\":\"https:\\\/\\\/www.miamibeachfl.gov\\\/city-hall\\\/human-resources\\\/employee-labor-relations\\\/policy-directory\\\/providing-notification-of-traffic-or-parking-citations\\\/\",\"url\":\"https:\\\/\\\/www.miamibeachfl.gov\\\/city-hall\\\/human-resources\\\/employee-labor-relations\\\/policy-directory\\\/providing-notification-of-traffic-or-parking-citations\\\/\",\"name\":\"Providing Notification of Traffic or Parking Citations - City of Miami Beach\",\"isPartOf\":{\"@id\":\"https:\\\/\\\/www.miamibeachfl.gov\\\/#website\"},\"primaryImageOfPage\":{\"@id\":\"https:\\\/\\\/www.miamibeachfl.gov\\\/city-hall\\\/human-resources\\\/employee-labor-relations\\\/policy-directory\\\/providing-notification-of-traffic-or-parking-citations\\\/#primaryimage\"},\"image\":{\"@id\":\"https:\\\/\\\/www.miamibeachfl.gov\\\/city-hall\\\/human-resources\\\/employee-labor-relations\\\/policy-directory\\\/providing-notification-of-traffic-or-parking-citations\\\/#primaryimage\"},\"thumbnailUrl\":\"https:\\\/\\\/www.miamibeachfl.gov\\\/wp-content\\\/uploads\\\/2022\\\/07\\\/hero-small.jpg\",\"datePublished\":\"2026-03-30T19:36:24+00:00\",\"dateModified\":\"2026-03-30T19:37:18+00:00\",\"description\":\"In accordance with the City Manager\u2019s directive, City employees who receive a uniform traffic citation and\\\/or parking citation, on or off-duty, by either an officer of the City\u2019s parking enforcement unit or police department must provide written notification to their Department Director or to the Employee and Labor Relations division of HR, no later than 72 hours after issuance.\",\"breadcrumb\":{\"@id\":\"https:\\\/\\\/www.miamibeachfl.gov\\\/city-hall\\\/human-resources\\\/employee-labor-relations\\\/policy-directory\\\/providing-notification-of-traffic-or-parking-citations\\\/#breadcrumb\"},\"inLanguage\":\"fr-FR\",\"potentialAction\":[{\"@type\":\"ReadAction\",\"target\":[\"https:\\\/\\\/www.miamibeachfl.gov\\\/city-hall\\\/human-resources\\\/employee-labor-relations\\\/policy-directory\\\/providing-notification-of-traffic-or-parking-citations\\\/\"]}]},{\"@type\":\"ImageObject\",\"inLanguage\":\"fr-FR\",\"@id\":\"https:\\\/\\\/www.miamibeachfl.gov\\\/city-hall\\\/human-resources\\\/employee-labor-relations\\\/policy-directory\\\/providing-notification-of-traffic-or-parking-citations\\\/#primaryimage\",\"url\":\"https:\\\/\\\/www.miamibeachfl.gov\\\/wp-content\\\/uploads\\\/2022\\\/07\\\/hero-small.jpg\",\"contentUrl\":\"https:\\\/\\\/www.miamibeachfl.gov\\\/wp-content\\\/uploads\\\/2022\\\/07\\\/hero-small.jpg\"},{\"@type\":\"BreadcrumbList\",\"@id\":\"https:\\\/\\\/www.miamibeachfl.gov\\\/city-hall\\\/human-resources\\\/employee-labor-relations\\\/policy-directory\\\/providing-notification-of-traffic-or-parking-citations\\\/#breadcrumb\",\"itemListElement\":[{\"@type\":\"ListItem\",\"position\":1,\"name\":\"Home\",\"item\":\"https:\\\/\\\/www.miamibeachfl.gov\\\/\"},{\"@type\":\"ListItem\",\"position\":2,\"name\":\"City Hall\",\"item\":\"https:\\\/\\\/www.miamibeachfl.gov\\\/city-hall\\\/\"},{\"@type\":\"ListItem\",\"position\":3,\"name\":\"Human Resources\",\"item\":\"https:\\\/\\\/www.miamibeachfl.gov\\\/city-hall\\\/human-resources\\\/\"},{\"@type\":\"ListItem\",\"position\":4,\"name\":\"Employee &amp; Labor Relations\",\"item\":\"https:\\\/\\\/www.miamibeachfl.gov\\\/city-hall\\\/human-resources\\\/employee-labor-relations\\\/\"},{\"@type\":\"ListItem\",\"position\":5,\"name\":\"Policy Directory\",\"item\":\"https:\\\/\\\/www.miamibeachfl.gov\\\/city-hall\\\/human-resources\\\/employee-labor-relations\\\/policy-directory\\\/\"},{\"@type\":\"ListItem\",\"position\":6,\"name\":\"Providing Notification of Traffic or Parking Citations\"}]},{\"@type\":\"WebSite\",\"@id\":\"https:\\\/\\\/www.miamibeachfl.gov\\\/#website\",\"url\":\"https:\\\/\\\/www.miamibeachfl.gov\\\/\",\"name\":\"City of Miami Beach\",\"description\":\"The official website of the City of Miami Beach. Stay informed, find important information on city services, news, alerts, events, trolley routes, government employment and more.\",\"publisher\":{\"@id\":\"https:\\\/\\\/www.miamibeachfl.gov\\\/#organization\"},\"potentialAction\":[{\"@type\":\"SearchAction\",\"target\":{\"@type\":\"EntryPoint\",\"urlTemplate\":\"https:\\\/\\\/www.miamibeachfl.gov\\\/?s={search_term_string}\"},\"query-input\":{\"@type\":\"PropertyValueSpecification\",\"valueRequired\":true,\"valueName\":\"search_term_string\"}}],\"inLanguage\":\"fr-FR\"},{\"@type\":\"Organization\",\"@id\":\"https:\\\/\\\/www.miamibeachfl.gov\\\/#organization\",\"name\":\"City of Miami Beach\",\"url\":\"https:\\\/\\\/www.miamibeachfl.gov\\\/\",\"logo\":{\"@type\":\"ImageObject\",\"inLanguage\":\"fr-FR\",\"@id\":\"https:\\\/\\\/www.miamibeachfl.gov\\\/#\\\/schema\\\/logo\\\/image\\\/\",\"url\":\"https:\\\/\\\/www.miamibeachfl.gov\\\/wp-content\\\/uploads\\\/2022\\\/06\\\/miamibeach-logoblue.png\",\"contentUrl\":\"https:\\\/\\\/www.miamibeachfl.gov\\\/wp-content\\\/uploads\\\/2022\\\/06\\\/miamibeach-logoblue.png\",\"width\":1962,\"height\":381,\"caption\":\"City of Miami Beach\"},\"image\":{\"@id\":\"https:\\\/\\\/www.miamibeachfl.gov\\\/#\\\/schema\\\/logo\\\/image\\\/\"},\"sameAs\":[\"https:\\\/\\\/www.facebook.com\\\/cityofmiamibeach\",\"https:\\\/\\\/x.com\\\/Miamibeachnews\",\"https:\\\/\\\/www.instagram.com\\\/miamibeachnews\\\/\"],\"description\":\"The official website of the City of Miami Beach. Stay informed, find important information on city services, news, alerts, events, trolley routes, government employment and more.\",\"telephone\":\"305.604.CITY(2489)\",\"legalName\":\"City of Miami Beach\"}]}<\/script>\n<!-- \/ Yoast SEO Premium plugin. -->","yoast_head_json":{"title":"Notification des contraventions pour infraction au code de la route ou au stationnement - Ville de Miami Beach","description":"Conform\u00e9ment \u00e0 la directive du directeur municipal, les employ\u00e9s municipaux qui re\u00e7oivent une contravention pour infraction au code de la route et\/ou une contravention de stationnement, en service ou hors service, \u00e9mise par un agent de l&#039;unit\u00e9 de contr\u00f4le du stationnement de la ville ou par le service de police, doivent en informer par \u00e9crit leur directeur de d\u00e9partement ou la division des relations avec les employ\u00e9s et les syndicats des RH, au plus tard 72 heures apr\u00e8s l&#039;\u00e9mission.","robots":{"index":"index","follow":"follow","max-snippet":"max-snippet:-1","max-image-preview":"max-image-preview:large","max-video-preview":"max-video-preview:-1"},"canonical":"https:\/\/www.miamibeachfl.gov\/fr\/city-hall\/human-resources\/employee-labor-relations\/policy-directory\/providing-notification-of-traffic-or-parking-citations\/","og_locale":"fr_FR","og_type":"article","og_title":"Providing Notification of Traffic or Parking Citations","og_description":"In accordance with the City Manager\u2019s directive, City employees who receive a uniform traffic citation and\/or parking citation, on or off-duty, by either an officer of the City\u2019s parking enforcement unit or police department must provide written notification to their Department Director or to the Employee and Labor Relations division of HR, no later than 72 hours after issuance.","og_url":"https:\/\/www.miamibeachfl.gov\/fr\/city-hall\/human-resources\/employee-labor-relations\/policy-directory\/providing-notification-of-traffic-or-parking-citations\/","og_site_name":"City of Miami Beach","article_publisher":"https:\/\/www.facebook.com\/cityofmiamibeach","article_modified_time":"2026-03-30T19:37:18+00:00","og_image":[{"url":"https:\/\/www.miamibeachfl.gov\/wp-content\/uploads\/2022\/07\/hero-small.jpg","type":"","width":"","height":""}],"twitter_card":"summary_large_image","twitter_site":"@Miamibeachnews","schema":{"@context":"https:\/\/schema.org","@graph":[{"@type":"WebPage","@id":"https:\/\/www.miamibeachfl.gov\/city-hall\/human-resources\/employee-labor-relations\/policy-directory\/providing-notification-of-traffic-or-parking-citations\/","url":"https:\/\/www.miamibeachfl.gov\/city-hall\/human-resources\/employee-labor-relations\/policy-directory\/providing-notification-of-traffic-or-parking-citations\/","name":"Notification des contraventions pour infraction au code de la route ou au stationnement - Ville de Miami Beach","isPartOf":{"@id":"https:\/\/www.miamibeachfl.gov\/#website"},"primaryImageOfPage":{"@id":"https:\/\/www.miamibeachfl.gov\/city-hall\/human-resources\/employee-labor-relations\/policy-directory\/providing-notification-of-traffic-or-parking-citations\/#primaryimage"},"image":{"@id":"https:\/\/www.miamibeachfl.gov\/city-hall\/human-resources\/employee-labor-relations\/policy-directory\/providing-notification-of-traffic-or-parking-citations\/#primaryimage"},"thumbnailUrl":"https:\/\/www.miamibeachfl.gov\/wp-content\/uploads\/2022\/07\/hero-small.jpg","datePublished":"2026-03-30T19:36:24+00:00","dateModified":"2026-03-30T19:37:18+00:00","description":"Conform\u00e9ment \u00e0 la directive du directeur municipal, les employ\u00e9s municipaux qui re\u00e7oivent une contravention pour infraction au code de la route et\/ou une contravention de stationnement, en service ou hors service, \u00e9mise par un agent de l&#039;unit\u00e9 de contr\u00f4le du stationnement de la ville ou par le service de police, doivent en informer par \u00e9crit leur directeur de d\u00e9partement ou la division des relations avec les employ\u00e9s et les syndicats des RH, au plus tard 72 heures apr\u00e8s l&#039;\u00e9mission.","breadcrumb":{"@id":"https:\/\/www.miamibeachfl.gov\/city-hall\/human-resources\/employee-labor-relations\/policy-directory\/providing-notification-of-traffic-or-parking-citations\/#breadcrumb"},"inLanguage":"fr-FR","potentialAction":[{"@type":"ReadAction","target":["https:\/\/www.miamibeachfl.gov\/city-hall\/human-resources\/employee-labor-relations\/policy-directory\/providing-notification-of-traffic-or-parking-citations\/"]}]},{"@type":"ImageObject","inLanguage":"fr-FR","@id":"https:\/\/www.miamibeachfl.gov\/city-hall\/human-resources\/employee-labor-relations\/policy-directory\/providing-notification-of-traffic-or-parking-citations\/#primaryimage","url":"https:\/\/www.miamibeachfl.gov\/wp-content\/uploads\/2022\/07\/hero-small.jpg","contentUrl":"https:\/\/www.miamibeachfl.gov\/wp-content\/uploads\/2022\/07\/hero-small.jpg"},{"@type":"BreadcrumbList","@id":"https:\/\/www.miamibeachfl.gov\/city-hall\/human-resources\/employee-labor-relations\/policy-directory\/providing-notification-of-traffic-or-parking-citations\/#breadcrumb","itemListElement":[{"@type":"ListItem","position":1,"name":"Home","item":"https:\/\/www.miamibeachfl.gov\/"},{"@type":"ListItem","position":2,"name":"City Hall","item":"https:\/\/www.miamibeachfl.gov\/city-hall\/"},{"@type":"ListItem","position":3,"name":"Human Resources","item":"https:\/\/www.miamibeachfl.gov\/city-hall\/human-resources\/"},{"@type":"ListItem","position":4,"name":"Employee &amp; Labor Relations","item":"https:\/\/www.miamibeachfl.gov\/city-hall\/human-resources\/employee-labor-relations\/"},{"@type":"ListItem","position":5,"name":"Policy Directory","item":"https:\/\/www.miamibeachfl.gov\/city-hall\/human-resources\/employee-labor-relations\/policy-directory\/"},{"@type":"ListItem","position":6,"name":"Providing Notification of Traffic or Parking Citations"}]},{"@type":"WebSite","@id":"https:\/\/www.miamibeachfl.gov\/#website","url":"https:\/\/www.miamibeachfl.gov\/","name":"Ville de Miami Beach","description":"Site officiel de la ville de Miami Beach. Restez inform\u00e9 et trouvez des informations importantes sur les services municipaux, les actualit\u00e9s, les alertes, les \u00e9v\u00e9nements, les itin\u00e9raires de tramway, les emplois gouvernementaux et bien plus encore.","publisher":{"@id":"https:\/\/www.miamibeachfl.gov\/#organization"},"potentialAction":[{"@type":"SearchAction","target":{"@type":"EntryPoint","urlTemplate":"https:\/\/www.miamibeachfl.gov\/?s={search_term_string}"},"query-input":{"@type":"PropertyValueSpecification","valueRequired":true,"valueName":"search_term_string"}}],"inLanguage":"fr-FR"},{"@type":"Organization","@id":"https:\/\/www.miamibeachfl.gov\/#organization","name":"Ville de Miami Beach","url":"https:\/\/www.miamibeachfl.gov\/","logo":{"@type":"ImageObject","inLanguage":"fr-FR","@id":"https:\/\/www.miamibeachfl.gov\/#\/schema\/logo\/image\/","url":"https:\/\/www.miamibeachfl.gov\/wp-content\/uploads\/2022\/06\/miamibeach-logoblue.png","contentUrl":"https:\/\/www.miamibeachfl.gov\/wp-content\/uploads\/2022\/06\/miamibeach-logoblue.png","width":1962,"height":381,"caption":"City of Miami Beach"},"image":{"@id":"https:\/\/www.miamibeachfl.gov\/#\/schema\/logo\/image\/"},"sameAs":["https:\/\/www.facebook.com\/cityofmiamibeach","https:\/\/x.com\/Miamibeachnews","https:\/\/www.instagram.com\/miamibeachnews\/"],"description":"Site officiel de la ville de Miami Beach. Restez inform\u00e9 et trouvez des informations importantes sur les services municipaux, les actualit\u00e9s, les alertes, les \u00e9v\u00e9nements, les itin\u00e9raires de tramway, les emplois gouvernementaux et bien plus encore.","telephone":"305.604.CITY(2489)","legalName":"City of Miami Beach"}]}},"_links":{"self":[{"href":"https:\/\/www.miamibeachfl.gov\/fr\/wp-json\/wp\/v2\/pages\/398045","targetHints":{"allow":["GET"]}}],"collection":[{"href":"https:\/\/www.miamibeachfl.gov\/fr\/wp-json\/wp\/v2\/pages"}],"about":[{"href":"https:\/\/www.miamibeachfl.gov\/fr\/wp-json\/wp\/v2\/types\/page"}],"author":[{"embeddable":true,"href":"https:\/\/www.miamibeachfl.gov\/fr\/wp-json\/wp\/v2\/users\/222"}],"replies":[{"embeddable":true,"href":"https:\/\/www.miamibeachfl.gov\/fr\/wp-json\/wp\/v2\/comments?post=398045"}],"version-history":[{"count":2,"href":"https:\/\/www.miamibeachfl.gov\/fr\/wp-json\/wp\/v2\/pages\/398045\/revisions"}],"predecessor-version":[{"id":398048,"href":"https:\/\/www.miamibeachfl.gov\/fr\/wp-json\/wp\/v2\/pages\/398045\/revisions\/398048"}],"up":[{"embeddable":true,"href":"https:\/\/www.miamibeachfl.gov\/fr\/wp-json\/wp\/v2\/pages\/28713"}],"wp:attachment":[{"href":"https:\/\/www.miamibeachfl.gov\/fr\/wp-json\/wp\/v2\/media?parent=398045"}],"wp:term":[{"taxonomy":"category","embeddable":true,"href":"https:\/\/www.miamibeachfl.gov\/fr\/wp-json\/wp\/v2\/categories?post=398045"},{"taxonomy":"post_tag","embeddable":true,"href":"https:\/\/www.miamibeachfl.gov\/fr\/wp-json\/wp\/v2\/tags?post=398045"}],"curies":[{"name":"wp","href":"https:\/\/api.w.org\/{rel}","templated":true}]}}