{"id":399459,"date":"2026-04-24T10:02:39","date_gmt":"2026-04-24T14:02:39","guid":{"rendered":"https:\/\/www.miamibeachfl.gov\/?page_id=399459"},"modified":"2026-04-28T09:57:39","modified_gmt":"2026-04-28T13:57:39","slug":"november-2-2027-general-and-special-elections","status":"publish","type":"page","link":"https:\/\/www.miamibeachfl.gov\/fr\/city-hall\/city-clerk\/election-information\/november-2-2027-general-and-special-elections\/","title":{"rendered":"2 novembre 2027 : \u00c9lections g\u00e9n\u00e9rales"},"content":{"rendered":"<figure itemscope itemtype=\"https:\/\/schema.org\/ImageObject\">\n\t\t\t\t<img decoding=\"async\" src=\"https:\/\/www.miamibeachfl.gov\/wp-content\/uploads\/2022\/07\/hero-small.jpg\" alt=\"ocean drive art deco buildings\" height=\"211\" width=\"2395\" title=\"petit h\u00e9ros\" onerror=\"this.style.display='none'\" loading=\"lazy\" \/>\n\t<\/figure>\n<h1>\n\t\t\t2 novembre 2027 : \u00c9lections g\u00e9n\u00e9rales\t<\/h1>\n\t<nav id=\"breadcrumbs\" aria-label=\"Fil d&#039;Ariane\"><a href=\"https:\/\/www.miamibeachfl.gov\/fr\/\">Maison<\/a> &gt; <a href=\"https:\/\/www.miamibeachfl.gov\/fr\/city-hall\/\">l&#039;h\u00f4tel de ville<\/a> &gt; <a href=\"https:\/\/www.miamibeachfl.gov\/fr\/city-hall\/city-clerk\/\">greffier de la ville<\/a> &gt; <a href=\"https:\/\/www.miamibeachfl.gov\/fr\/city-hall\/city-clerk\/election-information\/\">Informations \u00e9lectorales<\/a> &gt; <strong>2 novembre 2027 : \u00c9lections g\u00e9n\u00e9rales<\/strong><\/nav>\n\t\t\t\t\t<a role=\"heading\" aria-level=\"2\" tabindex=\"-1\"  id=\"fl-accordion--label-0\">LISTE DES CANDIDATS ET DES COMIT\u00c9S<\/a>\n\t\t\t\t\t\t\t\t\t\t\t<button type=\"button\" id=\"fl-accordion--icon-0\" aria-expanded=\"false\" aria-controls=\"fl-accordion--panel-0\"><i>D\u00e9velopper<\/i><\/button>\n\t\t\t\t\t<ul>\n<li><a href=\"https:\/\/www.voterfocus.com\/CampaignFinance\/candidate_pr.php?el=12&amp;c=munmiamibeach\">Liste des candidats<\/a><\/li>\n<li><a href=\"https:\/\/www.voterfocus.com\/CampaignFinance\/candidate_pr.php?el=6&amp;c=munmiamibeach\">Liste des comit\u00e9s politiques (PC) et des organisations de communication \u00e9lectorale (ECO) enregistr\u00e9s aupr\u00e8s de la ville de Miami Beach<\/a><\/li>\n<\/ul>\n\t\t\t\t\t<a role=\"heading\" aria-level=\"2\" tabindex=\"-1\"  id=\"fl-accordion--label-1\">INFORMATIONS SUR LES \u00c9LECTIONS G\u00c9N\u00c9RALES<\/a>\n\t\t\t\t\t\t\t\t\t\t\t<button type=\"button\" id=\"fl-accordion--icon-1\" aria-expanded=\"false\" aria-controls=\"fl-accordion--panel-1\"><i>D\u00e9velopper<\/i><\/button>\n\t\t\t\t\t<p>\u00c0 d\u00e9terminer<\/p>\n\t\t\t\t\t<a role=\"heading\" aria-level=\"2\" tabindex=\"-1\"  id=\"fl-accordion--label-2\">INFORMATIONS AUX \u00c9LECTEURS<\/a>\n\t\t\t\t\t\t\t\t\t\t\t<button type=\"button\" id=\"fl-accordion--icon-2\" aria-expanded=\"false\" aria-controls=\"fl-accordion--panel-2\"><i>D\u00e9velopper<\/i><\/button>\n\t\t\t\t\t<p>\u00c0 d\u00e9terminer<\/p>\n\t\t\t\t\t<a role=\"heading\" aria-level=\"2\" tabindex=\"-1\"  id=\"fl-accordion--label-3\">INFORMATIONS SUR LES CANDIDATS ET LE COMIT\u00c9<\/a>\n\t\t\t\t\t\t\t\t\t\t\t<button type=\"button\" id=\"fl-accordion--icon-3\" aria-expanded=\"false\" aria-controls=\"fl-accordion--panel-3\"><i>D\u00e9velopper<\/i><\/button>\n\t\t\t\t\t<ul>\n<li>\n<ul>\n<li><a href=\"http:\/\/www.voterfocus.com\/CampaignFinance\/candidate_login.php?county=munmiamibeach\">Page de connexion pour les candidats et les comit\u00e9s<\/a><\/li>\n<li><a href=\"https:\/\/www.miamibeachfl.gov\/wp-content\/uploads\/2026\/04\/2026-DUE-DATES-for-Candidates-PCs-and-ECOs.pdf\">Calendrier de d\u00e9claration des financements de campagne pour les candidats, les commissaires de campagne et les commissaires \u00e9lectoraux lors des \u00e9lections g\u00e9n\u00e9rales du 2 novembre 2027<\/a><\/li>\n<li><a href=\"http:\/\/www.miamibeachfl.gov\/fr\/city-hall\/city-clerk\/election-information\/campaign-finance\/\">Contributeurs de campagne interdits<\/a><\/li>\n<\/ul>\n<\/li>\n<\/ul>\n<p>&nbsp;<\/p>\n\t\t\t\t\t<a role=\"heading\" aria-level=\"2\" tabindex=\"-1\"  id=\"fl-accordion--label-4\">LOIS \u00c9LECTORALES, CHARTE ET ARTICLES DU CODE PERTINENTS<\/a>\n\t\t\t\t\t\t\t\t\t\t\t<button type=\"button\" id=\"fl-accordion--icon-4\" aria-expanded=\"false\" aria-controls=\"fl-accordion--panel-4\"><i>D\u00e9velopper<\/i><\/button>\n\t\t\t\t\t<p>\u00c0 d\u00e9terminer<\/p>\n\t<div class=\"page-navigation\"><a class=\"prev-page\" href=\"https:\/\/www.miamibeachfl.gov\/fr\/city-hall\/office-of-organizational-development\/resident-resources\/steam\/for-artists-and-partners\/\">\u2190 Pour les artistes et les partenaires<\/a> <a class=\"next-page\" href=\"https:\/\/www.miamibeachfl.gov\/fr\/city-hall\/communications\/subscriptions\/\">Abonnements \u2192<\/a><\/div>","protected":false},"excerpt":{"rendered":"<p>November 2, 2027: General Election Home &gt; City Hall &gt; City Clerk &gt; Election Information &gt; November 2, 2027: General [&hellip;]<\/p>\n","protected":false},"author":222,"featured_media":382247,"parent":28358,"menu_order":78,"comment_status":"closed","ping_status":"closed","template":"","meta":{"_searchwp_excluded":"","site-sidebar-layout":"default","site-content-layout":"","ast-site-content-layout":"default","site-content-style":"default","site-sidebar-style":"default","ast-global-header-display":"","ast-banner-title-visibility":"","ast-main-header-display":"","ast-hfb-above-header-display":"","ast-hfb-below-header-display":"","ast-hfb-mobile-header-display":"","site-post-title":"","ast-breadcrumbs-content":"","ast-featured-img":"","footer-sml-layout":"","theme-transparent-header-meta":"","adv-header-id-meta":"","stick-header-meta":"","header-above-stick-meta":"","header-main-stick-meta":"","header-below-stick-meta":"","astra-migrate-meta-layouts":"default","ast-page-background-enabled":"default","ast-page-background-meta":{"desktop":{"background-color":"var(--ast-global-color-5)","background-image":"","background-repeat":"repeat","background-position":"center center","background-size":"auto","background-attachment":"scroll","background-type":"","background-media":"","overlay-type":"","overlay-color":"","overlay-opacity":"","overlay-gradient":""},"tablet":{"background-color":"","background-image":"","background-repeat":"repeat","background-position":"center center","background-size":"auto","background-attachment":"scroll","background-type":"","background-media":"","overlay-type":"","overlay-color":"","overlay-opacity":"","overlay-gradient":""},"mobile":{"background-color":"","background-image":"","background-repeat":"repeat","background-position":"center center","background-size":"auto","background-attachment":"scroll","background-type":"","background-media":"","overlay-type":"","overlay-color":"","overlay-opacity":"","overlay-gradient":""}},"ast-content-background-meta":{"desktop":{"background-color":"var(--ast-global-color-4)","background-image":"","background-repeat":"repeat","background-position":"center center","background-size":"auto","background-attachment":"scroll","background-type":"","background-media":"","overlay-type":"","overlay-color":"","overlay-opacity":"","overlay-gradient":""},"tablet":{"background-color":"var(--ast-global-color-4)","background-image":"","background-repeat":"repeat","background-position":"center center","background-size":"auto","background-attachment":"scroll","background-type":"","background-media":"","overlay-type":"","overlay-color":"","overlay-opacity":"","overlay-gradient":""},"mobile":{"background-color":"var(--ast-global-color-4)","background-image":"","background-repeat":"repeat","background-position":"center center","background-size":"auto","background-attachment":"scroll","background-type":"","background-media":"","overlay-type":"","overlay-color":"","overlay-opacity":"","overlay-gradient":""}},"footnotes":""},"categories":[1],"tags":[],"class_list":["post-399459","page","type-page","status-publish","has-post-thumbnail","hentry","category-uncategorized"],"yoast_head":"<!-- This site is optimized with the Yoast SEO Premium plugin v27.4 (Yoast SEO v27.4) - https:\/\/yoast.com\/product\/yoast-seo-premium-wordpress\/ -->\n<title>November 2 2027 General Election for City of Miami Beach Overview<\/title>\n<meta name=\"description\" content=\"Stay informed about the November 2 2027 general election for city of Miami Beach and learn about key candidates and issues.\" \/>\n<meta name=\"robots\" content=\"index, follow, max-snippet:-1, max-image-preview:large, max-video-preview:-1\" \/>\n<link rel=\"canonical\" href=\"https:\/\/www.miamibeachfl.gov\/fr\/city-hall\/city-clerk\/election-information\/november-2-2027-general-and-special-elections\/\" \/>\n<meta property=\"og:locale\" content=\"fr_FR\" \/>\n<meta property=\"og:type\" content=\"article\" \/>\n<meta property=\"og:title\" content=\"November 2, 2027: General Election\" \/>\n<meta property=\"og:description\" content=\"Stay informed about the November 2 2027 general election for city of Miami Beach and learn about key candidates and issues.\" \/>\n<meta property=\"og:url\" content=\"https:\/\/www.miamibeachfl.gov\/fr\/city-hall\/city-clerk\/election-information\/november-2-2027-general-and-special-elections\/\" \/>\n<meta property=\"og:site_name\" content=\"City of Miami Beach\" \/>\n<meta property=\"article:publisher\" content=\"https:\/\/www.facebook.com\/cityofmiamibeach\" \/>\n<meta property=\"article:modified_time\" content=\"2026-04-28T13:57:39+00:00\" \/>\n<meta property=\"og:image\" content=\"https:\/\/www.miamibeachfl.gov\/wp-content\/uploads\/2025\/06\/Heroes-ElectionInformation.jpeg\" \/>\n\t<meta property=\"og:image:width\" content=\"2000\" \/>\n\t<meta property=\"og:image:height\" content=\"500\" \/>\n\t<meta property=\"og:image:type\" content=\"image\/jpeg\" \/>\n<meta name=\"twitter:card\" content=\"summary_large_image\" \/>\n<meta name=\"twitter:site\" content=\"@Miamibeachnews\" \/>\n<script type=\"application\/ld+json\" class=\"yoast-schema-graph\">{\"@context\":\"https:\\\/\\\/schema.org\",\"@graph\":[{\"@type\":\"WebPage\",\"@id\":\"https:\\\/\\\/www.miamibeachfl.gov\\\/city-hall\\\/city-clerk\\\/election-information\\\/november-2-2027-general-and-special-elections\\\/\",\"url\":\"https:\\\/\\\/www.miamibeachfl.gov\\\/city-hall\\\/city-clerk\\\/election-information\\\/november-2-2027-general-and-special-elections\\\/\",\"name\":\"November 2 2027 General Election for City of Miami Beach Overview\",\"isPartOf\":{\"@id\":\"https:\\\/\\\/www.miamibeachfl.gov\\\/#website\"},\"primaryImageOfPage\":{\"@id\":\"https:\\\/\\\/www.miamibeachfl.gov\\\/city-hall\\\/city-clerk\\\/election-information\\\/november-2-2027-general-and-special-elections\\\/#primaryimage\"},\"image\":{\"@id\":\"https:\\\/\\\/www.miamibeachfl.gov\\\/city-hall\\\/city-clerk\\\/election-information\\\/november-2-2027-general-and-special-elections\\\/#primaryimage\"},\"thumbnailUrl\":\"https:\\\/\\\/www.miamibeachfl.gov\\\/wp-content\\\/uploads\\\/2025\\\/06\\\/Heroes-ElectionInformation.jpeg\",\"datePublished\":\"2026-04-24T14:02:39+00:00\",\"dateModified\":\"2026-04-28T13:57:39+00:00\",\"description\":\"Stay informed about the November 2 2027 general election for city of Miami Beach and learn about key candidates and issues.\",\"breadcrumb\":{\"@id\":\"https:\\\/\\\/www.miamibeachfl.gov\\\/city-hall\\\/city-clerk\\\/election-information\\\/november-2-2027-general-and-special-elections\\\/#breadcrumb\"},\"inLanguage\":\"fr-FR\",\"potentialAction\":[{\"@type\":\"ReadAction\",\"target\":[\"https:\\\/\\\/www.miamibeachfl.gov\\\/city-hall\\\/city-clerk\\\/election-information\\\/november-2-2027-general-and-special-elections\\\/\"]}]},{\"@type\":\"ImageObject\",\"inLanguage\":\"fr-FR\",\"@id\":\"https:\\\/\\\/www.miamibeachfl.gov\\\/city-hall\\\/city-clerk\\\/election-information\\\/november-2-2027-general-and-special-elections\\\/#primaryimage\",\"url\":\"https:\\\/\\\/www.miamibeachfl.gov\\\/wp-content\\\/uploads\\\/2025\\\/06\\\/Heroes-ElectionInformation.jpeg\",\"contentUrl\":\"https:\\\/\\\/www.miamibeachfl.gov\\\/wp-content\\\/uploads\\\/2025\\\/06\\\/Heroes-ElectionInformation.jpeg\",\"width\":2000,\"height\":500,\"caption\":\"Election box\"},{\"@type\":\"BreadcrumbList\",\"@id\":\"https:\\\/\\\/www.miamibeachfl.gov\\\/city-hall\\\/city-clerk\\\/election-information\\\/november-2-2027-general-and-special-elections\\\/#breadcrumb\",\"itemListElement\":[{\"@type\":\"ListItem\",\"position\":1,\"name\":\"Home\",\"item\":\"https:\\\/\\\/www.miamibeachfl.gov\\\/\"},{\"@type\":\"ListItem\",\"position\":2,\"name\":\"City Hall\",\"item\":\"https:\\\/\\\/www.miamibeachfl.gov\\\/city-hall\\\/\"},{\"@type\":\"ListItem\",\"position\":3,\"name\":\"City Clerk\",\"item\":\"https:\\\/\\\/www.miamibeachfl.gov\\\/city-hall\\\/city-clerk\\\/\"},{\"@type\":\"ListItem\",\"position\":4,\"name\":\"Election Information\",\"item\":\"https:\\\/\\\/www.miamibeachfl.gov\\\/city-hall\\\/city-clerk\\\/election-information\\\/\"},{\"@type\":\"ListItem\",\"position\":5,\"name\":\"November 2, 2027: General Election\"}]},{\"@type\":\"WebSite\",\"@id\":\"https:\\\/\\\/www.miamibeachfl.gov\\\/#website\",\"url\":\"https:\\\/\\\/www.miamibeachfl.gov\\\/\",\"name\":\"City of Miami Beach\",\"description\":\"The official website of the City of Miami Beach. Stay informed, find important information on city services, news, alerts, events, trolley routes, government employment and more.\",\"publisher\":{\"@id\":\"https:\\\/\\\/www.miamibeachfl.gov\\\/#organization\"},\"potentialAction\":[{\"@type\":\"SearchAction\",\"target\":{\"@type\":\"EntryPoint\",\"urlTemplate\":\"https:\\\/\\\/www.miamibeachfl.gov\\\/?s={search_term_string}\"},\"query-input\":{\"@type\":\"PropertyValueSpecification\",\"valueRequired\":true,\"valueName\":\"search_term_string\"}}],\"inLanguage\":\"fr-FR\"},{\"@type\":\"Organization\",\"@id\":\"https:\\\/\\\/www.miamibeachfl.gov\\\/#organization\",\"name\":\"City of Miami Beach\",\"url\":\"https:\\\/\\\/www.miamibeachfl.gov\\\/\",\"logo\":{\"@type\":\"ImageObject\",\"inLanguage\":\"fr-FR\",\"@id\":\"https:\\\/\\\/www.miamibeachfl.gov\\\/#\\\/schema\\\/logo\\\/image\\\/\",\"url\":\"https:\\\/\\\/www.miamibeachfl.gov\\\/wp-content\\\/uploads\\\/2022\\\/06\\\/miamibeach-logoblue.png\",\"contentUrl\":\"https:\\\/\\\/www.miamibeachfl.gov\\\/wp-content\\\/uploads\\\/2022\\\/06\\\/miamibeach-logoblue.png\",\"width\":1962,\"height\":381,\"caption\":\"City of Miami Beach\"},\"image\":{\"@id\":\"https:\\\/\\\/www.miamibeachfl.gov\\\/#\\\/schema\\\/logo\\\/image\\\/\"},\"sameAs\":[\"https:\\\/\\\/www.facebook.com\\\/cityofmiamibeach\",\"https:\\\/\\\/x.com\\\/Miamibeachnews\",\"https:\\\/\\\/www.instagram.com\\\/miamibeachnews\\\/\"],\"description\":\"The official website of the City of Miami Beach. Stay informed, find important information on city services, news, alerts, events, trolley routes, government employment and more.\",\"telephone\":\"305.604.CITY(2489)\",\"legalName\":\"City of Miami Beach\"}]}<\/script>\n<!-- \/ Yoast SEO Premium plugin. -->","yoast_head_json":{"title":"November 2 2027 General Election for City of Miami Beach Overview","description":"Stay informed about the November 2 2027 general election for city of Miami Beach and learn about key candidates and issues.","robots":{"index":"index","follow":"follow","max-snippet":"max-snippet:-1","max-image-preview":"max-image-preview:large","max-video-preview":"max-video-preview:-1"},"canonical":"https:\/\/www.miamibeachfl.gov\/fr\/city-hall\/city-clerk\/election-information\/november-2-2027-general-and-special-elections\/","og_locale":"fr_FR","og_type":"article","og_title":"November 2, 2027: General Election","og_description":"Stay informed about the November 2 2027 general election for city of Miami Beach and learn about key candidates and issues.","og_url":"https:\/\/www.miamibeachfl.gov\/fr\/city-hall\/city-clerk\/election-information\/november-2-2027-general-and-special-elections\/","og_site_name":"City of Miami Beach","article_publisher":"https:\/\/www.facebook.com\/cityofmiamibeach","article_modified_time":"2026-04-28T13:57:39+00:00","og_image":[{"width":2000,"height":500,"url":"https:\/\/www.miamibeachfl.gov\/wp-content\/uploads\/2025\/06\/Heroes-ElectionInformation.jpeg","type":"image\/jpeg"}],"twitter_card":"summary_large_image","twitter_site":"@Miamibeachnews","schema":{"@context":"https:\/\/schema.org","@graph":[{"@type":"WebPage","@id":"https:\/\/www.miamibeachfl.gov\/city-hall\/city-clerk\/election-information\/november-2-2027-general-and-special-elections\/","url":"https:\/\/www.miamibeachfl.gov\/city-hall\/city-clerk\/election-information\/november-2-2027-general-and-special-elections\/","name":"November 2 2027 General Election for City of Miami Beach Overview","isPartOf":{"@id":"https:\/\/www.miamibeachfl.gov\/#website"},"primaryImageOfPage":{"@id":"https:\/\/www.miamibeachfl.gov\/city-hall\/city-clerk\/election-information\/november-2-2027-general-and-special-elections\/#primaryimage"},"image":{"@id":"https:\/\/www.miamibeachfl.gov\/city-hall\/city-clerk\/election-information\/november-2-2027-general-and-special-elections\/#primaryimage"},"thumbnailUrl":"https:\/\/www.miamibeachfl.gov\/wp-content\/uploads\/2025\/06\/Heroes-ElectionInformation.jpeg","datePublished":"2026-04-24T14:02:39+00:00","dateModified":"2026-04-28T13:57:39+00:00","description":"Stay informed about the November 2 2027 general election for city of Miami Beach and learn about key candidates and issues.","breadcrumb":{"@id":"https:\/\/www.miamibeachfl.gov\/city-hall\/city-clerk\/election-information\/november-2-2027-general-and-special-elections\/#breadcrumb"},"inLanguage":"fr-FR","potentialAction":[{"@type":"ReadAction","target":["https:\/\/www.miamibeachfl.gov\/city-hall\/city-clerk\/election-information\/november-2-2027-general-and-special-elections\/"]}]},{"@type":"ImageObject","inLanguage":"fr-FR","@id":"https:\/\/www.miamibeachfl.gov\/city-hall\/city-clerk\/election-information\/november-2-2027-general-and-special-elections\/#primaryimage","url":"https:\/\/www.miamibeachfl.gov\/wp-content\/uploads\/2025\/06\/Heroes-ElectionInformation.jpeg","contentUrl":"https:\/\/www.miamibeachfl.gov\/wp-content\/uploads\/2025\/06\/Heroes-ElectionInformation.jpeg","width":2000,"height":500,"caption":"Election box"},{"@type":"BreadcrumbList","@id":"https:\/\/www.miamibeachfl.gov\/city-hall\/city-clerk\/election-information\/november-2-2027-general-and-special-elections\/#breadcrumb","itemListElement":[{"@type":"ListItem","position":1,"name":"Home","item":"https:\/\/www.miamibeachfl.gov\/"},{"@type":"ListItem","position":2,"name":"City Hall","item":"https:\/\/www.miamibeachfl.gov\/city-hall\/"},{"@type":"ListItem","position":3,"name":"City Clerk","item":"https:\/\/www.miamibeachfl.gov\/city-hall\/city-clerk\/"},{"@type":"ListItem","position":4,"name":"Election Information","item":"https:\/\/www.miamibeachfl.gov\/city-hall\/city-clerk\/election-information\/"},{"@type":"ListItem","position":5,"name":"November 2, 2027: General Election"}]},{"@type":"WebSite","@id":"https:\/\/www.miamibeachfl.gov\/#website","url":"https:\/\/www.miamibeachfl.gov\/","name":"Ville de Miami Beach","description":"Site officiel de la ville de Miami Beach. Restez inform\u00e9 et trouvez des informations importantes sur les services municipaux, les actualit\u00e9s, les alertes, les \u00e9v\u00e9nements, les itin\u00e9raires de tramway, les emplois gouvernementaux et bien plus encore.","publisher":{"@id":"https:\/\/www.miamibeachfl.gov\/#organization"},"potentialAction":[{"@type":"SearchAction","target":{"@type":"EntryPoint","urlTemplate":"https:\/\/www.miamibeachfl.gov\/?s={search_term_string}"},"query-input":{"@type":"PropertyValueSpecification","valueRequired":true,"valueName":"search_term_string"}}],"inLanguage":"fr-FR"},{"@type":"Organization","@id":"https:\/\/www.miamibeachfl.gov\/#organization","name":"Ville de Miami Beach","url":"https:\/\/www.miamibeachfl.gov\/","logo":{"@type":"ImageObject","inLanguage":"fr-FR","@id":"https:\/\/www.miamibeachfl.gov\/#\/schema\/logo\/image\/","url":"https:\/\/www.miamibeachfl.gov\/wp-content\/uploads\/2022\/06\/miamibeach-logoblue.png","contentUrl":"https:\/\/www.miamibeachfl.gov\/wp-content\/uploads\/2022\/06\/miamibeach-logoblue.png","width":1962,"height":381,"caption":"City of Miami Beach"},"image":{"@id":"https:\/\/www.miamibeachfl.gov\/#\/schema\/logo\/image\/"},"sameAs":["https:\/\/www.facebook.com\/cityofmiamibeach","https:\/\/x.com\/Miamibeachnews","https:\/\/www.instagram.com\/miamibeachnews\/"],"description":"Site officiel de la ville de Miami Beach. Restez inform\u00e9 et trouvez des informations importantes sur les services municipaux, les actualit\u00e9s, les alertes, les \u00e9v\u00e9nements, les itin\u00e9raires de tramway, les emplois gouvernementaux et bien plus encore.","telephone":"305.604.CITY(2489)","legalName":"City of Miami Beach"}]}},"_links":{"self":[{"href":"https:\/\/www.miamibeachfl.gov\/fr\/wp-json\/wp\/v2\/pages\/399459","targetHints":{"allow":["GET"]}}],"collection":[{"href":"https:\/\/www.miamibeachfl.gov\/fr\/wp-json\/wp\/v2\/pages"}],"about":[{"href":"https:\/\/www.miamibeachfl.gov\/fr\/wp-json\/wp\/v2\/types\/page"}],"author":[{"embeddable":true,"href":"https:\/\/www.miamibeachfl.gov\/fr\/wp-json\/wp\/v2\/users\/222"}],"replies":[{"embeddable":true,"href":"https:\/\/www.miamibeachfl.gov\/fr\/wp-json\/wp\/v2\/comments?post=399459"}],"version-history":[{"count":6,"href":"https:\/\/www.miamibeachfl.gov\/fr\/wp-json\/wp\/v2\/pages\/399459\/revisions"}],"predecessor-version":[{"id":399680,"href":"https:\/\/www.miamibeachfl.gov\/fr\/wp-json\/wp\/v2\/pages\/399459\/revisions\/399680"}],"up":[{"embeddable":true,"href":"https:\/\/www.miamibeachfl.gov\/fr\/wp-json\/wp\/v2\/pages\/28358"}],"wp:featuredmedia":[{"embeddable":true,"href":"https:\/\/www.miamibeachfl.gov\/fr\/wp-json\/wp\/v2\/media\/382247"}],"wp:attachment":[{"href":"https:\/\/www.miamibeachfl.gov\/fr\/wp-json\/wp\/v2\/media?parent=399459"}],"wp:term":[{"taxonomy":"category","embeddable":true,"href":"https:\/\/www.miamibeachfl.gov\/fr\/wp-json\/wp\/v2\/categories?post=399459"},{"taxonomy":"post_tag","embeddable":true,"href":"https:\/\/www.miamibeachfl.gov\/fr\/wp-json\/wp\/v2\/tags?post=399459"}],"curies":[{"name":"wp","href":"https:\/\/api.w.org\/{rel}","templated":true}]}}