{"id":41153,"date":"2017-11-17T13:59:14","date_gmt":"2017-11-17T18:59:14","guid":{"rendered":"http:\/\/www.miamibeachfl.gov\/city-hall\/cip\/active-projects\/parking\/lot-p2-at-ocean-drive-and-1-street-nikki-beach\/"},"modified":"2026-04-07T12:53:41","modified_gmt":"2026-04-07T16:53:41","slug":"lot-p2-at-ocean-drive-and-1-street-nikki-beach","status":"publish","type":"page","link":"https:\/\/www.miamibeachfl.gov\/fr\/projects\/lot-p2-at-ocean-drive-and-1-street-nikki-beach\/","title":{"rendered":"Lot P2 \u00e0 Ocean Drive et 1 Street (Nikki Beach)"},"content":{"rendered":"\n<h1>\n\t\t\tLot P2 at Ocean Drive &#038; 1 Street<br \/>(Nikki Beach)\t<\/h1>\n<h2>\n\t\t\tProject Overview:\t<\/h2>\n\t<p>Upgrades to the existing parking lot to comply with city code. Lighting upgrades. Modify layout of 1st St., east of Ocean Drive to include on-street parking.<\/p>\n\t\t\t\tNew Updates\n\t\t\t\tPast Updates\n\t\t\t\tPublic Meetings\n\t\t\t\t\t\t\tNew Updates\n\t\t\t\t<p>Project updates will be posted soon.<\/p>\n\t\t\t\t\t\t\tPast Updates\n\t\t\t\t\t\t\tPublic Meetings\n\t\t\t\t<h3>\u00a0<\/h3>\n<h3  id=\"photogallery\">\n\t\t\tFrequently asked questions (FAQs)\t<\/h3>\n\t\t\t\t\t<a href=\"#\"  id=\"fl-accordion--label-0\" tabindex=\"0\" aria-controls=\"fl-accordion--panel-0\">Where will this project take place?<\/a>\n\t\t\t\t\t\t\t\t\t\t\t<a href=\"#\" id=\"fl-accordion--icon-0\"  tabindex=\"0\"><i title=\"Expand\">Expand<\/i><\/a>\n\t\t\t\t\t<p>Answer<\/p>\n\t\t\t\t\t<a href=\"#\"  id=\"fl-accordion--label-1\" tabindex=\"0\" aria-controls=\"fl-accordion--panel-1\">  What is the purpose of this project?<\/a>\n\t\t\t\t\t\t\t\t\t\t\t<a href=\"#\" id=\"fl-accordion--icon-1\"  tabindex=\"0\"><i title=\"Expand\">Expand<\/i><\/a>\n\t\t\t\t\t<ul>\n<li>Answer<\/li>\n<\/ul>\n\t\t\t\t\t<a href=\"#\"  id=\"fl-accordion--label-2\" tabindex=\"0\" aria-controls=\"fl-accordion--panel-2\">Where will this project take place?<\/a>\n\t\t\t\t\t\t\t\t\t\t\t<a href=\"#\" id=\"fl-accordion--icon-2\"  tabindex=\"0\"><i title=\"Expand\">Expand<\/i><\/a>\n\t\t\t\t\t<p>Answer<\/p>\n\t\t\t\t\t<a href=\"#\"  id=\"fl-accordion--label-3\" tabindex=\"0\" aria-controls=\"fl-accordion--panel-3\">Project Specific FAQs<\/a>\n\t\t\t\t\t\t\t\t\t\t\t<a href=\"#\" id=\"fl-accordion--icon-3\"  tabindex=\"0\"><i title=\"Expand\">Expand<\/i><\/a>\n<h3  id=\"photogallery\">\n\t\t\tPhoto Gallery\t<\/h3>\n\t\t\t\t<a\n\t\t\thref=\"https:\/\/www.miamibeachfl.gov\/wp-content\/uploads\/2024\/06\/Venetian-Causeway-Project-Phase-II-Map-1024x453.png\"\n\t\t\t\t\t\tdata-fancybox=\"images\" \n\t\t\ttitle=\"Venetian Causeway Project Phase II - Map\" \n\t\t\t\t\t\tdata-caption=\"Project Map - Overview\"\n\t\t\t\t\t\tdata-description=\"\" \n\t\t\titemprop=\"contentUrl\">\n\t\t\t<img loading=\"lazy\" decoding=\"async\" src=\"https:\/\/www.miamibeachfl.gov\/wp-content\/uploads\/2024\/06\/Venetian-Causeway-Project-Phase-II-Map.png\" alt=\"Venetian Causeway\" data-no-lazy=\"1\" itemprop=\"thumbnail\" width=\"1531\" height=\"678\" \/>\n\t\t\t<!-- Overlay Wrapper -->\n\t\t\t <!-- Overlay Wrapper Closed -->\n\t\t\t\t<\/a>\n\t\t\t\t\t\t\t<meta itemprop=\"width\" content=\"1531\" \/>\n\t\t\t<meta itemprop=\"height\" content=\"678\" \/>\n\t<h3  id=\"photogallery\">\n\t\t\tVideos\t<\/h3>\n\t<iframe allowfullscreen allow=\"autoplay\" data-src=\"https:\/\/www.youtube.com\/embed\/egB9ivzbqf4?feature=oembed&amp;start&amp;end&amp;wmode=opaque&amp;loop=0&amp;controls=1&amp;mute=0&amp;rel=0&amp;modestbranding=0\" title=\"West Avenue Phase II - Harmonization Process Overview Video\"><\/iframe>\t\t\n\t\t\t\t\tPlay Video\n\t\t\tWest Avenue Phase II &#8211; Harmonization Process Overview Video\n\t<iframe allowfullscreen allow=\"autoplay\" data-src=\"https:\/\/www.youtube.com\/embed\/ZDSz9XhY2fI?feature=oembed&amp;start&amp;end&amp;wmode=opaque&amp;loop=0&amp;controls=1&amp;mute=0&amp;rel=0&amp;modestbranding=0\" title=\"West Avenue Phase II - Neighborhood Improvement Project Update - July 2025\"><\/iframe>\t\t\n\t\t\t\t\tPlay Video\n\t\t\tWest Avenue Phase II &#8211; Neighborhood Improvement Project Update &#8211; July 2025\n<h3  id=\"photogallery\">\n\t\t\tLocation\t<\/h3>\n\t<iframe src=\"https:\/\/www.google.com\/maps\/embed\/v1\/place?q=Nikki+Beach+Miami+Beach%2C+FL&#038;key=AIzaSyD09zQ9PNDNNy9TadMuzRV_UsPUoWKntt8\" aria-hidden=\"true\" title=\"West Avenue, Miami Beach Map\"><\/iframe>\n<h3>\n\t\t\tQuestions?\t<\/h3>\n\t<p>Reach out for more information.<\/p>\n\t<div class=\"wpforms-container wpforms-container-full\" id=\"wpforms-258000\"><form id=\"wpforms-form-258000\" class=\"wpforms-validate wpforms-form wpforms-ajax-form\" data-formid=\"258000\" method=\"post\" enctype=\"multipart\/form-data\" action=\"\/fr\/wp-json\/wp\/v2\/pages\/41153\" data-token=\"228293e104cf3f1d661c087544f2a7fd\" data-token-time=\"1776760244\"><noscript class=\"wpforms-error-noscript\">Veuillez activer JavaScript dans votre navigateur pour remplir ce formulaire.<\/noscript><div class=\"wpforms-field-container\"><div id=\"wpforms-258000-field_0-container\" class=\"wpforms-field wpforms-field-name\" data-field-id=\"0\"><label class=\"wpforms-field-label\">Name <span class=\"wpforms-required-label\">*<\/span><\/label><div class=\"wpforms-field-row wpforms-field-medium\"><div class=\"wpforms-field-row-block wpforms-first wpforms-one-half\"><input type=\"text\" id=\"wpforms-258000-field_0\" class=\"wpforms-field-name-first wpforms-field-required\" name=\"wpforms[fields][0][first]\" required><label for=\"wpforms-258000-field_0\" class=\"wpforms-field-sublabel after\">Pr\u00e9nom<\/label><\/div><div class=\"wpforms-field-row-block wpforms-one-half\"><input type=\"text\" id=\"wpforms-258000-field_0-last\" class=\"wpforms-field-name-last wpforms-field-required\" name=\"wpforms[fields][0][last]\" required><label for=\"wpforms-258000-field_0-last\" class=\"wpforms-field-sublabel after\">Nom<\/label><\/div><\/div><\/div><div id=\"wpforms-258000-field_4-container\" class=\"wpforms-field wpforms-field-layout\" data-field-id=\"4\"><div class=\"wpforms-field-layout-columns wpforms-field-layout-preset-50-50\"><div class=\"wpforms-layout-column wpforms-layout-column-50\" ><div id=\"wpforms-258000-field_1-container\" class=\"wpforms-field wpforms-field-email\" data-field-id=\"1\"><label class=\"wpforms-field-label\" for=\"wpforms-258000-field_1\">Email <span class=\"wpforms-required-label\">*<\/span><\/label><input type=\"email\" id=\"wpforms-258000-field_1\" class=\"wpforms-field-medium wpforms-field-required\" name=\"wpforms[fields][1]\" spellcheck=\"false\" required><\/div><div id=\"wpforms-258000-field_7-container\" class=\"wpforms-field wpforms-field-phone\" data-field-id=\"7\"><label class=\"wpforms-field-label\" for=\"wpforms-258000-field_7\">Phone<\/label><input type=\"tel\" id=\"wpforms-258000-field_7\" class=\"wpforms-field-medium wpforms-smart-phone-field\" data-rule-smart-phone-field=\"true\" name=\"wpforms[fields][7]\" aria-label=\"Phone\" ><\/div><\/div><div class=\"wpforms-layout-column wpforms-layout-column-50\" ><div id=\"wpforms-258000-field_3-container\" class=\"wpforms-field wpforms-field-select wpforms-field-select-style-classic\" data-field-id=\"3\"><label class=\"wpforms-field-label\" for=\"wpforms-258000-field_3\">Select Area: <span class=\"wpforms-required-label\">*<\/span><\/label><select id=\"wpforms-258000-field_3\" class=\"wpforms-field-medium wpforms-field-required\" name=\"wpforms[fields][3]\" required=\"required\"><option value=\"Citywide\"  class=\"choice-1 depth-1\"  >Citywide<\/option><option value=\"South Beach\"  class=\"choice-2 depth-1\"  >South Beach<\/option><option value=\"Mid Beach\"  class=\"choice-3 depth-1\"  >Mid Beach<\/option><option value=\"North Beach\"  class=\"choice-4 depth-1\"  >North Beach<\/option><\/select><\/div><\/div><\/div><\/div><div id=\"wpforms-258000-field_2-container\" class=\"wpforms-field wpforms-field-textarea\" data-field-id=\"2\"><label class=\"wpforms-field-label\" for=\"wpforms-258000-field_2\">Comment or Message<\/label><textarea id=\"wpforms-258000-field_2\" class=\"wpforms-field-medium\" name=\"wpforms[fields][2]\" ><\/textarea><\/div><div id=\"wpforms-258000-field_6-container\" class=\"wpforms-field wpforms-field-hidden\" data-field-id=\"6\"><input type=\"hidden\" id=\"wpforms-258000-field_6\" name=\"wpforms[fields][6]\" value=\": https:\/\/www.miamibeachfl.gov\/fr\/wp-json\/wp\/v2\/pages\/41153\"><\/div><\/div><!-- .wpforms-field-container --><div class=\"wpforms-recaptcha-container wpforms-is-recaptcha wpforms-is-recaptcha-type-v2\" ><div class=\"g-recaptcha\" data-sitekey=\"6Lcwxc4pAAAAAKPjNaeWluTmul42T6sdKruYO3BQ\"><\/div><input type=\"text\" name=\"g-recaptcha-hidden\" class=\"wpforms-recaptcha-hidden\" style=\"position:absolute!important;clip:rect(0,0,0,0)!important;height:1px!important;width:1px!important;border:0!important;overflow:hidden!important;padding:0!important;margin:0!important;\" data-rule-recaptcha=\"1\"><\/div><div class=\"wpforms-submit-container\" ><input type=\"hidden\" name=\"wpforms[id]\" value=\"258000\"><input type=\"hidden\" name=\"page_title\" value=\"\"><input type=\"hidden\" name=\"page_url\" value=\"https:\/\/www.miamibeachfl.gov\/fr\/wp-json\/wp\/v2\/pages\/41153\"><input type=\"hidden\" name=\"url_referer\" value=\"\"><button type=\"submit\" name=\"wpforms[submit]\" id=\"wpforms-submit-258000\" class=\"wpforms-submit\" data-alt-text=\"Sending...\" data-submit-text=\"Submit\" aria-live=\"assertive\" value=\"wpforms-submit\">Submit<\/button><img loading=\"lazy\" decoding=\"async\" src=\"https:\/\/www.miamibeachfl.gov\/wp-content\/plugins\/wpforms\/assets\/images\/submit-spin.svg\" class=\"wpforms-submit-spinner\" style=\"display: none;\" width=\"26\" height=\"26\" alt=\"Chargement en cours\"><\/div><\/form><\/div>  <!-- .wpforms-container -->\n<h3  id=\"photogallery\">\n\t\t\tProject Staff\t<\/h3>\n\t<strong>Department Lead<\/strong><br \/>\nCapital Improvement Projects (CIP)\n<strong>Department Director<\/strong><br \/>\nDavid Martinez, P.E.\n<strong>Senior Capital Project Coordinator<\/strong><br \/>\nColette Satchel\n<strong>Capital Project Coordinator<\/strong><br \/>\nPilar Caurin Tortajada\n<strong>South Beach Neighborhood Affairs Manager<\/strong><br \/>\nLauren Firtel<br \/>\n305.673.7071<br \/>\n<a href=\"mailto:LaurenFirtel@miamibeachfl.gov\">LaurenFirtel@miamibeachfl.gov<\/a>\n<strong>Engineer<\/strong><br \/>\nMilan, Swain &amp; Associates, Inc.\n<strong>Contractor<\/strong><br \/>\nWest Construction, Inc.\n<strong>Landscape Architect<\/strong><br \/>\nRosenberg Gardner Design\n<h3  id=\"photogallery\">\n\t\t\tFunding\t<\/h3>\n\t\t\t\t<img decoding=\"async\" src=\"https:\/\/www.miamibeachfl.gov\/wp-content\/uploads\/2026\/03\/funding.png\" alt=\"Funding\" itemprop=\"image\" height=\"200\" width=\"200\" title=\"funding\" onerror=\"this.style.display='none'\" loading=\"lazy\" \/>\n\t<p><strong>Total Budget:<\/strong> $18,132,386.40<\/p>\n<h3  id=\"photogallery\">\n\t\t\tProject Status\t<\/h3>\n\t\tConstruction<h2>0%<\/h2>Completed\n<h3  id=\"photogallery\">\n\t\t\tLast updated:\t<\/h3>\n\t<p>March 2026<\/p>\n\n","protected":false},"excerpt":{"rendered":"<p>Lot P2 at Ocean Drive &#038; 1 Street(Nikki Beach) Project Overview: Upgrades to the existing parking lot to comply with [&hellip;]<\/p>\n","protected":false},"author":222,"featured_media":398494,"parent":397831,"menu_order":193,"comment_status":"closed","ping_status":"closed","template":"","meta":{"_searchwp_excluded":"","site-sidebar-layout":"default","site-content-layout":"","ast-site-content-layout":"default","site-content-style":"default","site-sidebar-style":"default","ast-global-header-display":"","ast-banner-title-visibility":"","ast-main-header-display":"","ast-hfb-above-header-display":"","ast-hfb-below-header-display":"","ast-hfb-mobile-header-display":"","site-post-title":"","ast-breadcrumbs-content":"","ast-featured-img":"","footer-sml-layout":"","theme-transparent-header-meta":"","adv-header-id-meta":"","stick-header-meta":"","header-above-stick-meta":"","header-main-stick-meta":"","header-below-stick-meta":"","astra-migrate-meta-layouts":"default","ast-page-background-enabled":"default","ast-page-background-meta":{"desktop":{"background-color":"var(--ast-global-color-5)","background-image":"","background-repeat":"repeat","background-position":"center center","background-size":"auto","background-attachment":"scroll","background-type":"","background-media":"","overlay-type":"","overlay-color":"","overlay-opacity":"","overlay-gradient":""},"tablet":{"background-color":"","background-image":"","background-repeat":"repeat","background-position":"center center","background-size":"auto","background-attachment":"scroll","background-type":"","background-media":"","overlay-type":"","overlay-color":"","overlay-opacity":"","overlay-gradient":""},"mobile":{"background-color":"","background-image":"","background-repeat":"repeat","background-position":"center center","background-size":"auto","background-attachment":"scroll","background-type":"","background-media":"","overlay-type":"","overlay-color":"","overlay-opacity":"","overlay-gradient":""}},"ast-content-background-meta":{"desktop":{"background-color":"var(--ast-global-color-4)","background-image":"","background-repeat":"repeat","background-position":"center center","background-size":"auto","background-attachment":"scroll","background-type":"","background-media":"","overlay-type":"","overlay-color":"","overlay-opacity":"","overlay-gradient":""},"tablet":{"background-color":"var(--ast-global-color-4)","background-image":"","background-repeat":"repeat","background-position":"center center","background-size":"auto","background-attachment":"scroll","background-type":"","background-media":"","overlay-type":"","overlay-color":"","overlay-opacity":"","overlay-gradient":""},"mobile":{"background-color":"var(--ast-global-color-4)","background-image":"","background-repeat":"repeat","background-position":"center center","background-size":"auto","background-attachment":"scroll","background-type":"","background-media":"","overlay-type":"","overlay-color":"","overlay-opacity":"","overlay-gradient":""}},"footnotes":""},"categories":[1878,1881,1885],"tags":[],"class_list":["post-41153","page","type-page","status-publish","has-post-thumbnail","hentry","category-city-projects","category-parking-projects","category-south-beach-projects"],"yoast_head":"<!-- This site is optimized with the Yoast SEO Premium plugin v26.6 (Yoast SEO v26.6) - https:\/\/yoast.com\/wordpress\/plugins\/seo\/ -->\n<title>Lot P2 at Ocean Drive and 1 Street (Nikki Beach) - City of Miami Beach<\/title>\n<meta name=\"description\" content=\"Learn about the upgrades planned for Lot P2 at Ocean Drive and 1 Street (Nikki Beach) to enhance parking and lighting.\" \/>\n<meta name=\"robots\" content=\"index, follow, max-snippet:-1, max-image-preview:large, max-video-preview:-1\" \/>\n<link rel=\"canonical\" href=\"https:\/\/www.miamibeachfl.gov\/fr\/projects\/lot-p2-at-ocean-drive-and-1-street-nikki-beach\/\" \/>\n<meta property=\"og:locale\" content=\"fr_FR\" \/>\n<meta property=\"og:type\" content=\"article\" \/>\n<meta property=\"og:title\" content=\"Lot P2 at Ocean Drive and 1 Street (Nikki Beach)\" \/>\n<meta property=\"og:description\" content=\"Learn about the upgrades planned for Lot P2 at Ocean Drive and 1 Street (Nikki Beach) to enhance parking and lighting.\" \/>\n<meta property=\"og:url\" content=\"https:\/\/www.miamibeachfl.gov\/fr\/projects\/lot-p2-at-ocean-drive-and-1-street-nikki-beach\/\" \/>\n<meta property=\"og:site_name\" content=\"City of Miami Beach\" \/>\n<meta property=\"article:publisher\" content=\"https:\/\/www.facebook.com\/cityofmiamibeach\" \/>\n<meta property=\"article:modified_time\" content=\"2026-04-07T16:53:41+00:00\" \/>\n<meta property=\"og:image\" content=\"https:\/\/www.miamibeachfl.gov\/wp-content\/uploads\/2026\/04\/MiamiBeah-NikkiBeach-square.jpg\" \/>\n\t<meta property=\"og:image:width\" content=\"400\" \/>\n\t<meta property=\"og:image:height\" content=\"400\" \/>\n\t<meta property=\"og:image:type\" content=\"image\/jpeg\" \/>\n<meta name=\"twitter:card\" content=\"summary_large_image\" \/>\n<meta name=\"twitter:site\" content=\"@Miamibeachnews\" \/>\n<script type=\"application\/ld+json\" class=\"yoast-schema-graph\">{\"@context\":\"https:\/\/schema.org\",\"@graph\":[{\"@type\":\"WebPage\",\"@id\":\"https:\/\/www.miamibeachfl.gov\/projects\/lot-p2-at-ocean-drive-and-1-street-nikki-beach\/\",\"url\":\"https:\/\/www.miamibeachfl.gov\/projects\/lot-p2-at-ocean-drive-and-1-street-nikki-beach\/\",\"name\":\"Lot P2 at Ocean Drive and 1 Street (Nikki Beach) - City of Miami Beach\",\"isPartOf\":{\"@id\":\"https:\/\/www.miamibeachfl.gov\/#website\"},\"primaryImageOfPage\":{\"@id\":\"https:\/\/www.miamibeachfl.gov\/projects\/lot-p2-at-ocean-drive-and-1-street-nikki-beach\/#primaryimage\"},\"image\":{\"@id\":\"https:\/\/www.miamibeachfl.gov\/projects\/lot-p2-at-ocean-drive-and-1-street-nikki-beach\/#primaryimage\"},\"thumbnailUrl\":\"https:\/\/www.miamibeachfl.gov\/wp-content\/uploads\/2026\/04\/MiamiBeah-NikkiBeach-square.jpg\",\"datePublished\":\"2017-11-17T18:59:14+00:00\",\"dateModified\":\"2026-04-07T16:53:41+00:00\",\"description\":\"Learn about the upgrades planned for Lot P2 at Ocean Drive and 1 Street (Nikki Beach) to enhance parking and lighting.\",\"breadcrumb\":{\"@id\":\"https:\/\/www.miamibeachfl.gov\/projects\/lot-p2-at-ocean-drive-and-1-street-nikki-beach\/#breadcrumb\"},\"inLanguage\":\"fr-FR\",\"potentialAction\":[{\"@type\":\"ReadAction\",\"target\":[\"https:\/\/www.miamibeachfl.gov\/projects\/lot-p2-at-ocean-drive-and-1-street-nikki-beach\/\"]}]},{\"@type\":\"ImageObject\",\"inLanguage\":\"fr-FR\",\"@id\":\"https:\/\/www.miamibeachfl.gov\/projects\/lot-p2-at-ocean-drive-and-1-street-nikki-beach\/#primaryimage\",\"url\":\"https:\/\/www.miamibeachfl.gov\/wp-content\/uploads\/2026\/04\/MiamiBeah-NikkiBeach-square.jpg\",\"contentUrl\":\"https:\/\/www.miamibeachfl.gov\/wp-content\/uploads\/2026\/04\/MiamiBeah-NikkiBeach-square.jpg\",\"width\":400,\"height\":400,\"caption\":\"Nikki Beach\"},{\"@type\":\"BreadcrumbList\",\"@id\":\"https:\/\/www.miamibeachfl.gov\/projects\/lot-p2-at-ocean-drive-and-1-street-nikki-beach\/#breadcrumb\",\"itemListElement\":[{\"@type\":\"ListItem\",\"position\":1,\"name\":\"Home\",\"item\":\"https:\/\/www.miamibeachfl.gov\/\"},{\"@type\":\"ListItem\",\"position\":2,\"name\":\"Projects\",\"item\":\"https:\/\/www.miamibeachfl.gov\/projects\/\"},{\"@type\":\"ListItem\",\"position\":3,\"name\":\"Lot P2 at Ocean Drive and 1 Street (Nikki Beach)\"}]},{\"@type\":\"WebSite\",\"@id\":\"https:\/\/www.miamibeachfl.gov\/#website\",\"url\":\"https:\/\/www.miamibeachfl.gov\/\",\"name\":\"City of Miami Beach\",\"description\":\"The official website of the City of Miami Beach. Stay informed, find important information on city services, news, alerts, events, trolley routes, government employment and more.\",\"publisher\":{\"@id\":\"https:\/\/www.miamibeachfl.gov\/#organization\"},\"potentialAction\":[{\"@type\":\"SearchAction\",\"target\":{\"@type\":\"EntryPoint\",\"urlTemplate\":\"https:\/\/www.miamibeachfl.gov\/?s={search_term_string}\"},\"query-input\":{\"@type\":\"PropertyValueSpecification\",\"valueRequired\":true,\"valueName\":\"search_term_string\"}}],\"inLanguage\":\"fr-FR\"},{\"@type\":\"Organization\",\"@id\":\"https:\/\/www.miamibeachfl.gov\/#organization\",\"name\":\"City of Miami Beach\",\"url\":\"https:\/\/www.miamibeachfl.gov\/\",\"logo\":{\"@type\":\"ImageObject\",\"inLanguage\":\"fr-FR\",\"@id\":\"https:\/\/www.miamibeachfl.gov\/#\/schema\/logo\/image\/\",\"url\":\"https:\/\/www.miamibeachfl.gov\/wp-content\/uploads\/2022\/06\/miamibeach-logoblue.png\",\"contentUrl\":\"https:\/\/www.miamibeachfl.gov\/wp-content\/uploads\/2022\/06\/miamibeach-logoblue.png\",\"width\":1962,\"height\":381,\"caption\":\"City of Miami Beach\"},\"image\":{\"@id\":\"https:\/\/www.miamibeachfl.gov\/#\/schema\/logo\/image\/\"},\"sameAs\":[\"https:\/\/www.facebook.com\/cityofmiamibeach\",\"https:\/\/x.com\/Miamibeachnews\",\"https:\/\/www.instagram.com\/miamibeachnews\/\"],\"description\":\"The official website of the City of Miami Beach. Stay informed, find important information on city services, news, alerts, events, trolley routes, government employment and more.\",\"telephone\":\"305.604.CITY(2489)\",\"legalName\":\"City of Miami Beach\"}]}<\/script>\n<!-- \/ Yoast SEO Premium plugin. -->","yoast_head_json":{"title":"Lot P2 \u00e0 l&#039;intersection d&#039;Ocean Drive et de la 1re Rue (Nikki Beach) - Ville de Miami Beach","description":"Learn about the upgrades planned for Lot P2 at Ocean Drive and 1 Street (Nikki Beach) to enhance parking and lighting.","robots":{"index":"index","follow":"follow","max-snippet":"max-snippet:-1","max-image-preview":"max-image-preview:large","max-video-preview":"max-video-preview:-1"},"canonical":"https:\/\/www.miamibeachfl.gov\/fr\/projects\/lot-p2-at-ocean-drive-and-1-street-nikki-beach\/","og_locale":"fr_FR","og_type":"article","og_title":"Lot P2 at Ocean Drive and 1 Street (Nikki Beach)","og_description":"Learn about the upgrades planned for Lot P2 at Ocean Drive and 1 Street (Nikki Beach) to enhance parking and lighting.","og_url":"https:\/\/www.miamibeachfl.gov\/fr\/projects\/lot-p2-at-ocean-drive-and-1-street-nikki-beach\/","og_site_name":"City of Miami Beach","article_publisher":"https:\/\/www.facebook.com\/cityofmiamibeach","article_modified_time":"2026-04-07T16:53:41+00:00","og_image":[{"width":400,"height":400,"url":"https:\/\/www.miamibeachfl.gov\/wp-content\/uploads\/2026\/04\/MiamiBeah-NikkiBeach-square.jpg","type":"image\/jpeg"}],"twitter_card":"summary_large_image","twitter_site":"@Miamibeachnews","schema":{"@context":"https:\/\/schema.org","@graph":[{"@type":"WebPage","@id":"https:\/\/www.miamibeachfl.gov\/projects\/lot-p2-at-ocean-drive-and-1-street-nikki-beach\/","url":"https:\/\/www.miamibeachfl.gov\/projects\/lot-p2-at-ocean-drive-and-1-street-nikki-beach\/","name":"Lot P2 \u00e0 l&#039;intersection d&#039;Ocean Drive et de la 1re Rue (Nikki Beach) - Ville de Miami Beach","isPartOf":{"@id":"https:\/\/www.miamibeachfl.gov\/#website"},"primaryImageOfPage":{"@id":"https:\/\/www.miamibeachfl.gov\/projects\/lot-p2-at-ocean-drive-and-1-street-nikki-beach\/#primaryimage"},"image":{"@id":"https:\/\/www.miamibeachfl.gov\/projects\/lot-p2-at-ocean-drive-and-1-street-nikki-beach\/#primaryimage"},"thumbnailUrl":"https:\/\/www.miamibeachfl.gov\/wp-content\/uploads\/2026\/04\/MiamiBeah-NikkiBeach-square.jpg","datePublished":"2017-11-17T18:59:14+00:00","dateModified":"2026-04-07T16:53:41+00:00","description":"Learn about the upgrades planned for Lot P2 at Ocean Drive and 1 Street (Nikki Beach) to enhance parking and lighting.","breadcrumb":{"@id":"https:\/\/www.miamibeachfl.gov\/projects\/lot-p2-at-ocean-drive-and-1-street-nikki-beach\/#breadcrumb"},"inLanguage":"fr-FR","potentialAction":[{"@type":"ReadAction","target":["https:\/\/www.miamibeachfl.gov\/projects\/lot-p2-at-ocean-drive-and-1-street-nikki-beach\/"]}]},{"@type":"ImageObject","inLanguage":"fr-FR","@id":"https:\/\/www.miamibeachfl.gov\/projects\/lot-p2-at-ocean-drive-and-1-street-nikki-beach\/#primaryimage","url":"https:\/\/www.miamibeachfl.gov\/wp-content\/uploads\/2026\/04\/MiamiBeah-NikkiBeach-square.jpg","contentUrl":"https:\/\/www.miamibeachfl.gov\/wp-content\/uploads\/2026\/04\/MiamiBeah-NikkiBeach-square.jpg","width":400,"height":400,"caption":"Nikki Beach"},{"@type":"BreadcrumbList","@id":"https:\/\/www.miamibeachfl.gov\/projects\/lot-p2-at-ocean-drive-and-1-street-nikki-beach\/#breadcrumb","itemListElement":[{"@type":"ListItem","position":1,"name":"Home","item":"https:\/\/www.miamibeachfl.gov\/"},{"@type":"ListItem","position":2,"name":"Projects","item":"https:\/\/www.miamibeachfl.gov\/projects\/"},{"@type":"ListItem","position":3,"name":"Lot P2 at Ocean Drive and 1 Street (Nikki Beach)"}]},{"@type":"WebSite","@id":"https:\/\/www.miamibeachfl.gov\/#website","url":"https:\/\/www.miamibeachfl.gov\/","name":"Ville de Miami Beach","description":"Site officiel de la ville de Miami Beach. Restez inform\u00e9 et trouvez des informations importantes sur les services municipaux, les actualit\u00e9s, les alertes, les \u00e9v\u00e9nements, les itin\u00e9raires de tramway, les emplois gouvernementaux et bien plus encore.","publisher":{"@id":"https:\/\/www.miamibeachfl.gov\/#organization"},"potentialAction":[{"@type":"SearchAction","target":{"@type":"EntryPoint","urlTemplate":"https:\/\/www.miamibeachfl.gov\/?s={search_term_string}"},"query-input":{"@type":"PropertyValueSpecification","valueRequired":true,"valueName":"search_term_string"}}],"inLanguage":"fr-FR"},{"@type":"Organization","@id":"https:\/\/www.miamibeachfl.gov\/#organization","name":"Ville de Miami Beach","url":"https:\/\/www.miamibeachfl.gov\/","logo":{"@type":"ImageObject","inLanguage":"fr-FR","@id":"https:\/\/www.miamibeachfl.gov\/#\/schema\/logo\/image\/","url":"https:\/\/www.miamibeachfl.gov\/wp-content\/uploads\/2022\/06\/miamibeach-logoblue.png","contentUrl":"https:\/\/www.miamibeachfl.gov\/wp-content\/uploads\/2022\/06\/miamibeach-logoblue.png","width":1962,"height":381,"caption":"City of Miami Beach"},"image":{"@id":"https:\/\/www.miamibeachfl.gov\/#\/schema\/logo\/image\/"},"sameAs":["https:\/\/www.facebook.com\/cityofmiamibeach","https:\/\/x.com\/Miamibeachnews","https:\/\/www.instagram.com\/miamibeachnews\/"],"description":"Site officiel de la ville de Miami Beach. Restez inform\u00e9 et trouvez des informations importantes sur les services municipaux, les actualit\u00e9s, les alertes, les \u00e9v\u00e9nements, les itin\u00e9raires de tramway, les emplois gouvernementaux et bien plus encore.","telephone":"305.604.CITY(2489)","legalName":"City of Miami Beach"}]}},"_links":{"self":[{"href":"https:\/\/www.miamibeachfl.gov\/fr\/wp-json\/wp\/v2\/pages\/41153","targetHints":{"allow":["GET"]}}],"collection":[{"href":"https:\/\/www.miamibeachfl.gov\/fr\/wp-json\/wp\/v2\/pages"}],"about":[{"href":"https:\/\/www.miamibeachfl.gov\/fr\/wp-json\/wp\/v2\/types\/page"}],"author":[{"embeddable":true,"href":"https:\/\/www.miamibeachfl.gov\/fr\/wp-json\/wp\/v2\/users\/222"}],"replies":[{"embeddable":true,"href":"https:\/\/www.miamibeachfl.gov\/fr\/wp-json\/wp\/v2\/comments?post=41153"}],"version-history":[{"count":3,"href":"https:\/\/www.miamibeachfl.gov\/fr\/wp-json\/wp\/v2\/pages\/41153\/revisions"}],"predecessor-version":[{"id":398488,"href":"https:\/\/www.miamibeachfl.gov\/fr\/wp-json\/wp\/v2\/pages\/41153\/revisions\/398488"}],"up":[{"embeddable":true,"href":"https:\/\/www.miamibeachfl.gov\/fr\/wp-json\/wp\/v2\/pages\/397831"}],"wp:featuredmedia":[{"embeddable":true,"href":"https:\/\/www.miamibeachfl.gov\/fr\/wp-json\/wp\/v2\/media\/398494"}],"wp:attachment":[{"href":"https:\/\/www.miamibeachfl.gov\/fr\/wp-json\/wp\/v2\/media?parent=41153"}],"wp:term":[{"taxonomy":"category","embeddable":true,"href":"https:\/\/www.miamibeachfl.gov\/fr\/wp-json\/wp\/v2\/categories?post=41153"},{"taxonomy":"post_tag","embeddable":true,"href":"https:\/\/www.miamibeachfl.gov\/fr\/wp-json\/wp\/v2\/tags?post=41153"}],"curies":[{"name":"wp","href":"https:\/\/api.w.org\/{rel}","templated":true}]}}