{"id":41157,"date":"2017-11-17T14:04:07","date_gmt":"2017-11-17T19:04:07","guid":{"rendered":"http:\/\/www.miamibeachfl.gov\/city-hall\/cip\/active-projects\/other\/lifeguard-towers\/"},"modified":"2026-04-29T10:04:11","modified_gmt":"2026-04-29T14:04:11","slug":"lifeguard-towers","status":"publish","type":"page","link":"https:\/\/www.miamibeachfl.gov\/fr\/residents\/neighborhood-affairs-division\/active-projects\/other\/lifeguard-towers\/","title":{"rendered":"Tours de sauvetage"},"content":{"rendered":"<p> Projet termin\u00e9<\/p>\n<h2>\n\t\t\tTours de sauvetage\t<\/h2>\n\t<h3>\u00c9tat du projet \u2013 En construction<\/h3>\n<p>La Ville construit 35 nouvelles tours de sauvetage embl\u00e9matiques et color\u00e9es pour prot\u00e9ger nos plages. Ce projet a d\u00e9but\u00e9 en 2015\u00a0; les tours sont construites par lots et install\u00e9es sur la plage d\u00e8s leur installation.<\/p>\n<h3>Localisation du projet<\/h3>\n<p>Des zones de pr\u00e9paration sont am\u00e9nag\u00e9es o\u00f9 l&#039;entrepreneur travaille \u00e0 l&#039;assemblage des tours de sauvetage avant leur transfert sur la plage et leur mise en service. L&#039;emplacement des nouvelles tours est choisi en collaboration avec Ocean Rescue afin de d\u00e9terminer les endroits o\u00f9 elles seront le plus n\u00e9cessaires, les anciennes \u00e9tant mises hors service.<\/p>\n<p>Les zones de rassemblement actuelles sont situ\u00e9es \u00e0 l&#039;est du parc Lummus, pr\u00e8s de la 14e rue, et \u00e0 l&#039;est du parc North Beach Oceanside, au nord de la 79e rue.<\/p>\n<h3>\u00c9tendue des travaux<\/h3>\n<p>Les cinq derni\u00e8res tours (sur les 35) sont actuellement en construction\u00a0! Leur fonction principale est d&#039;abriter les sauveteurs et de prot\u00e9ger les baigneurs de Miami Beach. Leur design original est \u00e9galement devenu un symbole Art d\u00e9co embl\u00e9matique des plages de Miami Beach.<\/p>\n<h3>\u00c9quipe de projet<\/h3>\nCoordonnateur principal des projets d&#039;investissement de la ville de Miami Beach<br \/>\nAriel Guitian Architect<br \/>\nEntrepreneur William Lane<br \/>\nPost &amp; Beam LLC Sp\u00e9cialiste de l&#039;information publique<br \/>\nLauren Firtel<br \/>\n305.673.7071<br \/>\n<a href=\"mailto:laurenfirtel@miamibeachfl.gov\">laurenfirtel@miamibeachfl.gov<\/a>","protected":false},"excerpt":{"rendered":"<p>Project Completed Lifeguard Towers Project Status &#8211; In Construction The City is constructing 35 new, iconic, colorful\u00a0lifeguard towers to safeguard [&hellip;]<\/p>\n","protected":false},"author":222,"featured_media":399799,"parent":28467,"menu_order":194,"comment_status":"closed","ping_status":"closed","template":"","meta":{"_searchwp_excluded":"","site-sidebar-layout":"default","site-content-layout":"","ast-site-content-layout":"default","site-content-style":"default","site-sidebar-style":"default","ast-global-header-display":"","ast-banner-title-visibility":"","ast-main-header-display":"","ast-hfb-above-header-display":"","ast-hfb-below-header-display":"","ast-hfb-mobile-header-display":"","site-post-title":"","ast-breadcrumbs-content":"","ast-featured-img":"","footer-sml-layout":"","theme-transparent-header-meta":"","adv-header-id-meta":"","stick-header-meta":"","header-above-stick-meta":"","header-main-stick-meta":"","header-below-stick-meta":"","astra-migrate-meta-layouts":"default","ast-page-background-enabled":"default","ast-page-background-meta":{"desktop":{"background-color":"var(--ast-global-color-5)","background-image":"","background-repeat":"repeat","background-position":"center center","background-size":"auto","background-attachment":"scroll","background-type":"","background-media":"","overlay-type":"","overlay-color":"","overlay-opacity":"","overlay-gradient":""},"tablet":{"background-color":"","background-image":"","background-repeat":"repeat","background-position":"center center","background-size":"auto","background-attachment":"scroll","background-type":"","background-media":"","overlay-type":"","overlay-color":"","overlay-opacity":"","overlay-gradient":""},"mobile":{"background-color":"","background-image":"","background-repeat":"repeat","background-position":"center center","background-size":"auto","background-attachment":"scroll","background-type":"","background-media":"","overlay-type":"","overlay-color":"","overlay-opacity":"","overlay-gradient":""}},"ast-content-background-meta":{"desktop":{"background-color":"var(--ast-global-color-4)","background-image":"","background-repeat":"repeat","background-position":"center center","background-size":"auto","background-attachment":"scroll","background-type":"","background-media":"","overlay-type":"","overlay-color":"","overlay-opacity":"","overlay-gradient":""},"tablet":{"background-color":"var(--ast-global-color-4)","background-image":"","background-repeat":"repeat","background-position":"center center","background-size":"auto","background-attachment":"scroll","background-type":"","background-media":"","overlay-type":"","overlay-color":"","overlay-opacity":"","overlay-gradient":""},"mobile":{"background-color":"var(--ast-global-color-4)","background-image":"","background-repeat":"repeat","background-position":"center center","background-size":"auto","background-attachment":"scroll","background-type":"","background-media":"","overlay-type":"","overlay-color":"","overlay-opacity":"","overlay-gradient":""}},"footnotes":""},"categories":[1888],"tags":[],"class_list":["post-41157","page","type-page","status-publish","has-post-thumbnail","hentry","category-completed-projects"],"yoast_head":"<!-- This site is optimized with the Yoast SEO Premium plugin v27.4 (Yoast SEO v27.4) - https:\/\/yoast.com\/product\/yoast-seo-premium-wordpress\/ -->\n<title>Lifeguard Towers - City of Miami Beach<\/title>\n<meta name=\"description\" content=\"Learn about the iconic lifeguard towers project and the efforts to protect our beaches with new vibrant structures.\" \/>\n<meta name=\"robots\" content=\"index, follow, max-snippet:-1, max-image-preview:large, max-video-preview:-1\" \/>\n<link rel=\"canonical\" href=\"https:\/\/www.miamibeachfl.gov\/fr\/residents\/neighborhood-affairs-division\/active-projects\/other\/lifeguard-towers\/\" \/>\n<meta property=\"og:locale\" content=\"fr_FR\" \/>\n<meta property=\"og:type\" content=\"article\" \/>\n<meta property=\"og:title\" content=\"Lifeguard Towers\" \/>\n<meta property=\"og:description\" content=\"Learn about the iconic lifeguard towers project and the efforts to protect our beaches with new vibrant structures.\" \/>\n<meta property=\"og:url\" content=\"https:\/\/www.miamibeachfl.gov\/fr\/residents\/neighborhood-affairs-division\/active-projects\/other\/lifeguard-towers\/\" \/>\n<meta property=\"og:site_name\" content=\"City of Miami Beach\" \/>\n<meta property=\"article:publisher\" content=\"https:\/\/www.facebook.com\/cityofmiamibeach\" \/>\n<meta property=\"article:modified_time\" content=\"2026-04-29T14:04:11+00:00\" \/>\n<meta property=\"og:image\" content=\"https:\/\/www.miamibeachfl.gov\/wp-content\/uploads\/2026\/04\/New-tower_pink.jpeg\" \/>\n\t<meta property=\"og:image:width\" content=\"640\" \/>\n\t<meta property=\"og:image:height\" content=\"800\" \/>\n\t<meta property=\"og:image:type\" content=\"image\/jpeg\" \/>\n<meta name=\"twitter:card\" content=\"summary_large_image\" \/>\n<meta name=\"twitter:site\" content=\"@Miamibeachnews\" \/>\n<script type=\"application\/ld+json\" class=\"yoast-schema-graph\">{\"@context\":\"https:\\\/\\\/schema.org\",\"@graph\":[{\"@type\":\"WebPage\",\"@id\":\"https:\\\/\\\/www.miamibeachfl.gov\\\/residents\\\/neighborhood-affairs-division\\\/active-projects\\\/other\\\/lifeguard-towers\\\/\",\"url\":\"https:\\\/\\\/www.miamibeachfl.gov\\\/residents\\\/neighborhood-affairs-division\\\/active-projects\\\/other\\\/lifeguard-towers\\\/\",\"name\":\"Lifeguard Towers - City of Miami Beach\",\"isPartOf\":{\"@id\":\"https:\\\/\\\/www.miamibeachfl.gov\\\/#website\"},\"primaryImageOfPage\":{\"@id\":\"https:\\\/\\\/www.miamibeachfl.gov\\\/residents\\\/neighborhood-affairs-division\\\/active-projects\\\/other\\\/lifeguard-towers\\\/#primaryimage\"},\"image\":{\"@id\":\"https:\\\/\\\/www.miamibeachfl.gov\\\/residents\\\/neighborhood-affairs-division\\\/active-projects\\\/other\\\/lifeguard-towers\\\/#primaryimage\"},\"thumbnailUrl\":\"https:\\\/\\\/www.miamibeachfl.gov\\\/wp-content\\\/uploads\\\/2026\\\/04\\\/New-tower_pink.jpeg\",\"datePublished\":\"2017-11-17T19:04:07+00:00\",\"dateModified\":\"2026-04-29T14:04:11+00:00\",\"description\":\"Learn about the iconic lifeguard towers project and the efforts to protect our beaches with new vibrant structures.\",\"breadcrumb\":{\"@id\":\"https:\\\/\\\/www.miamibeachfl.gov\\\/residents\\\/neighborhood-affairs-division\\\/active-projects\\\/other\\\/lifeguard-towers\\\/#breadcrumb\"},\"inLanguage\":\"fr-FR\",\"potentialAction\":[{\"@type\":\"ReadAction\",\"target\":[\"https:\\\/\\\/www.miamibeachfl.gov\\\/residents\\\/neighborhood-affairs-division\\\/active-projects\\\/other\\\/lifeguard-towers\\\/\"]}]},{\"@type\":\"ImageObject\",\"inLanguage\":\"fr-FR\",\"@id\":\"https:\\\/\\\/www.miamibeachfl.gov\\\/residents\\\/neighborhood-affairs-division\\\/active-projects\\\/other\\\/lifeguard-towers\\\/#primaryimage\",\"url\":\"https:\\\/\\\/www.miamibeachfl.gov\\\/wp-content\\\/uploads\\\/2026\\\/04\\\/New-tower_pink.jpeg\",\"contentUrl\":\"https:\\\/\\\/www.miamibeachfl.gov\\\/wp-content\\\/uploads\\\/2026\\\/04\\\/New-tower_pink.jpeg\",\"width\":640,\"height\":800,\"caption\":\"Lifeguard Station\"},{\"@type\":\"BreadcrumbList\",\"@id\":\"https:\\\/\\\/www.miamibeachfl.gov\\\/residents\\\/neighborhood-affairs-division\\\/active-projects\\\/other\\\/lifeguard-towers\\\/#breadcrumb\",\"itemListElement\":[{\"@type\":\"ListItem\",\"position\":1,\"name\":\"Home\",\"item\":\"https:\\\/\\\/www.miamibeachfl.gov\\\/\"},{\"@type\":\"ListItem\",\"position\":2,\"name\":\"Residents\",\"item\":\"https:\\\/\\\/www.miamibeachfl.gov\\\/residents\\\/\"},{\"@type\":\"ListItem\",\"position\":3,\"name\":\"Neighborhood Affairs Division\",\"item\":\"https:\\\/\\\/www.miamibeachfl.gov\\\/residents\\\/neighborhood-affairs-division\\\/\"},{\"@type\":\"ListItem\",\"position\":4,\"name\":\"Active Projects\",\"item\":\"https:\\\/\\\/www.miamibeachfl.gov\\\/residents\\\/neighborhood-affairs-division\\\/active-projects\\\/\"},{\"@type\":\"ListItem\",\"position\":5,\"name\":\"Other\",\"item\":\"https:\\\/\\\/www.miamibeachfl.gov\\\/residents\\\/neighborhood-affairs-division\\\/active-projects\\\/other\\\/\"},{\"@type\":\"ListItem\",\"position\":6,\"name\":\"Lifeguard Towers\"}]},{\"@type\":\"WebSite\",\"@id\":\"https:\\\/\\\/www.miamibeachfl.gov\\\/#website\",\"url\":\"https:\\\/\\\/www.miamibeachfl.gov\\\/\",\"name\":\"City of Miami Beach\",\"description\":\"The official website of the City of Miami Beach. Stay informed, find important information on city services, news, alerts, events, trolley routes, government employment and more.\",\"publisher\":{\"@id\":\"https:\\\/\\\/www.miamibeachfl.gov\\\/#organization\"},\"potentialAction\":[{\"@type\":\"SearchAction\",\"target\":{\"@type\":\"EntryPoint\",\"urlTemplate\":\"https:\\\/\\\/www.miamibeachfl.gov\\\/?s={search_term_string}\"},\"query-input\":{\"@type\":\"PropertyValueSpecification\",\"valueRequired\":true,\"valueName\":\"search_term_string\"}}],\"inLanguage\":\"fr-FR\"},{\"@type\":\"Organization\",\"@id\":\"https:\\\/\\\/www.miamibeachfl.gov\\\/#organization\",\"name\":\"City of Miami Beach\",\"url\":\"https:\\\/\\\/www.miamibeachfl.gov\\\/\",\"logo\":{\"@type\":\"ImageObject\",\"inLanguage\":\"fr-FR\",\"@id\":\"https:\\\/\\\/www.miamibeachfl.gov\\\/#\\\/schema\\\/logo\\\/image\\\/\",\"url\":\"https:\\\/\\\/www.miamibeachfl.gov\\\/wp-content\\\/uploads\\\/2022\\\/06\\\/miamibeach-logoblue.png\",\"contentUrl\":\"https:\\\/\\\/www.miamibeachfl.gov\\\/wp-content\\\/uploads\\\/2022\\\/06\\\/miamibeach-logoblue.png\",\"width\":1962,\"height\":381,\"caption\":\"City of Miami Beach\"},\"image\":{\"@id\":\"https:\\\/\\\/www.miamibeachfl.gov\\\/#\\\/schema\\\/logo\\\/image\\\/\"},\"sameAs\":[\"https:\\\/\\\/www.facebook.com\\\/cityofmiamibeach\",\"https:\\\/\\\/x.com\\\/Miamibeachnews\",\"https:\\\/\\\/www.instagram.com\\\/miamibeachnews\\\/\"],\"description\":\"The official website of the City of Miami Beach. Stay informed, find important information on city services, news, alerts, events, trolley routes, government employment and more.\",\"telephone\":\"305.604.CITY(2489)\",\"legalName\":\"City of Miami Beach\"}]}<\/script>\n<!-- \/ Yoast SEO Premium plugin. -->","yoast_head_json":{"title":"Tours de surveillance - Ville de Miami Beach","description":"Learn about the iconic lifeguard towers project and the efforts to protect our beaches with new vibrant structures.","robots":{"index":"index","follow":"follow","max-snippet":"max-snippet:-1","max-image-preview":"max-image-preview:large","max-video-preview":"max-video-preview:-1"},"canonical":"https:\/\/www.miamibeachfl.gov\/fr\/residents\/neighborhood-affairs-division\/active-projects\/other\/lifeguard-towers\/","og_locale":"fr_FR","og_type":"article","og_title":"Lifeguard Towers","og_description":"Learn about the iconic lifeguard towers project and the efforts to protect our beaches with new vibrant structures.","og_url":"https:\/\/www.miamibeachfl.gov\/fr\/residents\/neighborhood-affairs-division\/active-projects\/other\/lifeguard-towers\/","og_site_name":"City of Miami Beach","article_publisher":"https:\/\/www.facebook.com\/cityofmiamibeach","article_modified_time":"2026-04-29T14:04:11+00:00","og_image":[{"width":640,"height":800,"url":"https:\/\/www.miamibeachfl.gov\/wp-content\/uploads\/2026\/04\/New-tower_pink.jpeg","type":"image\/jpeg"}],"twitter_card":"summary_large_image","twitter_site":"@Miamibeachnews","schema":{"@context":"https:\/\/schema.org","@graph":[{"@type":"WebPage","@id":"https:\/\/www.miamibeachfl.gov\/residents\/neighborhood-affairs-division\/active-projects\/other\/lifeguard-towers\/","url":"https:\/\/www.miamibeachfl.gov\/residents\/neighborhood-affairs-division\/active-projects\/other\/lifeguard-towers\/","name":"Tours de surveillance - Ville de Miami Beach","isPartOf":{"@id":"https:\/\/www.miamibeachfl.gov\/#website"},"primaryImageOfPage":{"@id":"https:\/\/www.miamibeachfl.gov\/residents\/neighborhood-affairs-division\/active-projects\/other\/lifeguard-towers\/#primaryimage"},"image":{"@id":"https:\/\/www.miamibeachfl.gov\/residents\/neighborhood-affairs-division\/active-projects\/other\/lifeguard-towers\/#primaryimage"},"thumbnailUrl":"https:\/\/www.miamibeachfl.gov\/wp-content\/uploads\/2026\/04\/New-tower_pink.jpeg","datePublished":"2017-11-17T19:04:07+00:00","dateModified":"2026-04-29T14:04:11+00:00","description":"Learn about the iconic lifeguard towers project and the efforts to protect our beaches with new vibrant structures.","breadcrumb":{"@id":"https:\/\/www.miamibeachfl.gov\/residents\/neighborhood-affairs-division\/active-projects\/other\/lifeguard-towers\/#breadcrumb"},"inLanguage":"fr-FR","potentialAction":[{"@type":"ReadAction","target":["https:\/\/www.miamibeachfl.gov\/residents\/neighborhood-affairs-division\/active-projects\/other\/lifeguard-towers\/"]}]},{"@type":"ImageObject","inLanguage":"fr-FR","@id":"https:\/\/www.miamibeachfl.gov\/residents\/neighborhood-affairs-division\/active-projects\/other\/lifeguard-towers\/#primaryimage","url":"https:\/\/www.miamibeachfl.gov\/wp-content\/uploads\/2026\/04\/New-tower_pink.jpeg","contentUrl":"https:\/\/www.miamibeachfl.gov\/wp-content\/uploads\/2026\/04\/New-tower_pink.jpeg","width":640,"height":800,"caption":"Lifeguard Station"},{"@type":"BreadcrumbList","@id":"https:\/\/www.miamibeachfl.gov\/residents\/neighborhood-affairs-division\/active-projects\/other\/lifeguard-towers\/#breadcrumb","itemListElement":[{"@type":"ListItem","position":1,"name":"Home","item":"https:\/\/www.miamibeachfl.gov\/"},{"@type":"ListItem","position":2,"name":"Residents","item":"https:\/\/www.miamibeachfl.gov\/residents\/"},{"@type":"ListItem","position":3,"name":"Neighborhood Affairs Division","item":"https:\/\/www.miamibeachfl.gov\/residents\/neighborhood-affairs-division\/"},{"@type":"ListItem","position":4,"name":"Active Projects","item":"https:\/\/www.miamibeachfl.gov\/residents\/neighborhood-affairs-division\/active-projects\/"},{"@type":"ListItem","position":5,"name":"Other","item":"https:\/\/www.miamibeachfl.gov\/residents\/neighborhood-affairs-division\/active-projects\/other\/"},{"@type":"ListItem","position":6,"name":"Lifeguard Towers"}]},{"@type":"WebSite","@id":"https:\/\/www.miamibeachfl.gov\/#website","url":"https:\/\/www.miamibeachfl.gov\/","name":"Ville de Miami Beach","description":"Site officiel de la ville de Miami Beach. Restez inform\u00e9 et trouvez des informations importantes sur les services municipaux, les actualit\u00e9s, les alertes, les \u00e9v\u00e9nements, les itin\u00e9raires de tramway, les emplois gouvernementaux et bien plus encore.","publisher":{"@id":"https:\/\/www.miamibeachfl.gov\/#organization"},"potentialAction":[{"@type":"SearchAction","target":{"@type":"EntryPoint","urlTemplate":"https:\/\/www.miamibeachfl.gov\/?s={search_term_string}"},"query-input":{"@type":"PropertyValueSpecification","valueRequired":true,"valueName":"search_term_string"}}],"inLanguage":"fr-FR"},{"@type":"Organization","@id":"https:\/\/www.miamibeachfl.gov\/#organization","name":"Ville de Miami Beach","url":"https:\/\/www.miamibeachfl.gov\/","logo":{"@type":"ImageObject","inLanguage":"fr-FR","@id":"https:\/\/www.miamibeachfl.gov\/#\/schema\/logo\/image\/","url":"https:\/\/www.miamibeachfl.gov\/wp-content\/uploads\/2022\/06\/miamibeach-logoblue.png","contentUrl":"https:\/\/www.miamibeachfl.gov\/wp-content\/uploads\/2022\/06\/miamibeach-logoblue.png","width":1962,"height":381,"caption":"City of Miami Beach"},"image":{"@id":"https:\/\/www.miamibeachfl.gov\/#\/schema\/logo\/image\/"},"sameAs":["https:\/\/www.facebook.com\/cityofmiamibeach","https:\/\/x.com\/Miamibeachnews","https:\/\/www.instagram.com\/miamibeachnews\/"],"description":"Site officiel de la ville de Miami Beach. Restez inform\u00e9 et trouvez des informations importantes sur les services municipaux, les actualit\u00e9s, les alertes, les \u00e9v\u00e9nements, les itin\u00e9raires de tramway, les emplois gouvernementaux et bien plus encore.","telephone":"305.604.CITY(2489)","legalName":"City of Miami Beach"}]}},"_links":{"self":[{"href":"https:\/\/www.miamibeachfl.gov\/fr\/wp-json\/wp\/v2\/pages\/41157","targetHints":{"allow":["GET"]}}],"collection":[{"href":"https:\/\/www.miamibeachfl.gov\/fr\/wp-json\/wp\/v2\/pages"}],"about":[{"href":"https:\/\/www.miamibeachfl.gov\/fr\/wp-json\/wp\/v2\/types\/page"}],"author":[{"embeddable":true,"href":"https:\/\/www.miamibeachfl.gov\/fr\/wp-json\/wp\/v2\/users\/222"}],"replies":[{"embeddable":true,"href":"https:\/\/www.miamibeachfl.gov\/fr\/wp-json\/wp\/v2\/comments?post=41157"}],"version-history":[{"count":3,"href":"https:\/\/www.miamibeachfl.gov\/fr\/wp-json\/wp\/v2\/pages\/41157\/revisions"}],"predecessor-version":[{"id":399802,"href":"https:\/\/www.miamibeachfl.gov\/fr\/wp-json\/wp\/v2\/pages\/41157\/revisions\/399802"}],"up":[{"embeddable":true,"href":"https:\/\/www.miamibeachfl.gov\/fr\/wp-json\/wp\/v2\/pages\/28467"}],"wp:featuredmedia":[{"embeddable":true,"href":"https:\/\/www.miamibeachfl.gov\/fr\/wp-json\/wp\/v2\/media\/399799"}],"wp:attachment":[{"href":"https:\/\/www.miamibeachfl.gov\/fr\/wp-json\/wp\/v2\/media?parent=41157"}],"wp:term":[{"taxonomy":"category","embeddable":true,"href":"https:\/\/www.miamibeachfl.gov\/fr\/wp-json\/wp\/v2\/categories?post=41157"},{"taxonomy":"post_tag","embeddable":true,"href":"https:\/\/www.miamibeachfl.gov\/fr\/wp-json\/wp\/v2\/tags?post=41157"}],"curies":[{"name":"wp","href":"https:\/\/api.w.org\/{rel}","templated":true}]}}