{"id":41165,"date":"2017-11-17T14:08:29","date_gmt":"2017-11-17T19:08:29","guid":{"rendered":"http:\/\/www.miamibeachfl.gov\/city-hall\/cip\/active-projects\/other\/lincoln-road-redevelopment-project\/"},"modified":"2026-04-03T13:57:48","modified_gmt":"2026-04-03T17:57:48","slug":"lincoln-road-redevelopment-project","status":"publish","type":"page","link":"https:\/\/www.miamibeachfl.gov\/fr\/residents\/neighborhood-affairs-division\/active-projects\/other\/lincoln-road-redevelopment-project\/","title":{"rendered":"Projet de r\u00e9am\u00e9nagement de Lincoln Road"},"content":{"rendered":"<h2>\n\t\t\tProjet de r\u00e9am\u00e9nagement de Lincoln Road\t<\/h2>\n<header id=\"widget_202_1623_1555\">\n<h3>Phase du projet \u2013 Conception<\/h3>\n<\/header>\n<h3>Limites du projet \/ Localisation<\/h3>\n<ul>\n<li>Lincoln Road entre Washington Avenue et Lenox Avenue<\/li>\n<li>Avenues Meridian, Drexel et Pennsylvania entre Lincoln Road et la 17e Rue<\/li>\n<\/ul>\n<h3>\u00c9tendue des travaux<\/h3>\n<p>Le mandat du consultant en conception comprend l&#039;\u00e9laboration des plans de construction de tous les \u00e9l\u00e9ments paysagers, architecturaux et techniques qui feront partie des am\u00e9nagements du quartier d&#039;affaires de Lincoln Road. Ces travaux de conception constituent la phase initiale de la mise en \u0153uvre du plan directeur approuv\u00e9 pour ce secteur.<\/p>\n<h3>Chronologie du projet<\/h3>\nDate de d\u00e9but de la phase de conception\u00a0: ao\u00fbt\u00a02016<br \/>\nAch\u00e8vement pr\u00e9vu de la phase de conception\u00a0: \u00e0 d\u00e9terminer\n<h3>\u00c9quipe de projet<\/h3>\nCoordonnateur principal des projets d&#039;investissement de la ville de Miami Beach<br \/>\nDavid Gomez, coordinateur du projet d&#039;investissement de la ville de Miami Beach<br \/>\nPaola Vega\n<p>Concepteur : James Corner Field Operations<\/p>\nResponsable des affaires de quartier de South Beach<br \/>\nLauren Firtel<br \/>\n305.673.7071<br \/>\n<a href=\"mailto:laurenfirtel@miamibeachfl.gov\">laurenfirtel@miamibeachfl.gov<\/a>","protected":false},"excerpt":{"rendered":"<p>Projet de r\u00e9am\u00e9nagement de Lincoln Road Phase du projet \u2013 Conception Limites du projet \/ Emplacement Lincoln Road entre Washington Avenue et Lenox Avenue [\u2026]<\/p>","protected":false},"author":222,"featured_media":0,"parent":28467,"menu_order":194,"comment_status":"closed","ping_status":"closed","template":"","meta":{"_searchwp_excluded":"","site-sidebar-layout":"default","site-content-layout":"","ast-site-content-layout":"default","site-content-style":"default","site-sidebar-style":"default","ast-global-header-display":"","ast-banner-title-visibility":"","ast-main-header-display":"","ast-hfb-above-header-display":"","ast-hfb-below-header-display":"","ast-hfb-mobile-header-display":"","site-post-title":"","ast-breadcrumbs-content":"","ast-featured-img":"","footer-sml-layout":"","theme-transparent-header-meta":"","adv-header-id-meta":"","stick-header-meta":"","header-above-stick-meta":"","header-main-stick-meta":"","header-below-stick-meta":"","astra-migrate-meta-layouts":"default","ast-page-background-enabled":"default","ast-page-background-meta":{"desktop":{"background-color":"var(--ast-global-color-5)","background-image":"","background-repeat":"repeat","background-position":"center center","background-size":"auto","background-attachment":"scroll","background-type":"","background-media":"","overlay-type":"","overlay-color":"","overlay-opacity":"","overlay-gradient":""},"tablet":{"background-color":"","background-image":"","background-repeat":"repeat","background-position":"center center","background-size":"auto","background-attachment":"scroll","background-type":"","background-media":"","overlay-type":"","overlay-color":"","overlay-opacity":"","overlay-gradient":""},"mobile":{"background-color":"","background-image":"","background-repeat":"repeat","background-position":"center center","background-size":"auto","background-attachment":"scroll","background-type":"","background-media":"","overlay-type":"","overlay-color":"","overlay-opacity":"","overlay-gradient":""}},"ast-content-background-meta":{"desktop":{"background-color":"var(--ast-global-color-4)","background-image":"","background-repeat":"repeat","background-position":"center center","background-size":"auto","background-attachment":"scroll","background-type":"","background-media":"","overlay-type":"","overlay-color":"","overlay-opacity":"","overlay-gradient":""},"tablet":{"background-color":"var(--ast-global-color-4)","background-image":"","background-repeat":"repeat","background-position":"center center","background-size":"auto","background-attachment":"scroll","background-type":"","background-media":"","overlay-type":"","overlay-color":"","overlay-opacity":"","overlay-gradient":""},"mobile":{"background-color":"var(--ast-global-color-4)","background-image":"","background-repeat":"repeat","background-position":"center center","background-size":"auto","background-attachment":"scroll","background-type":"","background-media":"","overlay-type":"","overlay-color":"","overlay-opacity":"","overlay-gradient":""}},"footnotes":""},"categories":[1892],"tags":[],"class_list":["post-41165","page","type-page","status-publish","hentry","category-city-project-for-review"],"yoast_head":"<!-- This site is optimized with the Yoast SEO Premium plugin v26.6 (Yoast SEO v26.6) - https:\/\/yoast.com\/wordpress\/plugins\/seo\/ -->\n<title>Lincoln Road Redevelopment Project - City of Miami Beach<\/title>\n<meta name=\"description\" content=\"%\" \/>\n<meta name=\"robots\" content=\"index, follow, max-snippet:-1, max-image-preview:large, max-video-preview:-1\" \/>\n<link rel=\"canonical\" href=\"https:\/\/www.miamibeachfl.gov\/fr\/residents\/neighborhood-affairs-division\/active-projects\/other\/lincoln-road-redevelopment-project\/\" \/>\n<meta property=\"og:locale\" content=\"fr_FR\" \/>\n<meta property=\"og:type\" content=\"article\" \/>\n<meta property=\"og:title\" content=\"Lincoln Road Redevelopment Project\" \/>\n<meta property=\"og:description\" content=\"%\" \/>\n<meta property=\"og:url\" content=\"https:\/\/www.miamibeachfl.gov\/fr\/residents\/neighborhood-affairs-division\/active-projects\/other\/lincoln-road-redevelopment-project\/\" \/>\n<meta property=\"og:site_name\" content=\"City of Miami Beach\" \/>\n<meta property=\"article:publisher\" content=\"https:\/\/www.facebook.com\/cityofmiamibeach\" \/>\n<meta property=\"article:modified_time\" content=\"2026-04-03T17:57:48+00:00\" \/>\n<meta property=\"og:image\" content=\"https:\/\/www.miamibeachfl.gov\/wp-content\/uploads\/2024\/01\/1000pxSquare-miamibeach-aerial-southpointview.jpeg\" \/>\n\t<meta property=\"og:image:width\" content=\"1000\" \/>\n\t<meta property=\"og:image:height\" content=\"1000\" \/>\n\t<meta property=\"og:image:type\" content=\"image\/jpeg\" \/>\n<meta name=\"twitter:card\" content=\"summary_large_image\" \/>\n<meta name=\"twitter:site\" content=\"@Miamibeachnews\" \/>\n<script type=\"application\/ld+json\" class=\"yoast-schema-graph\">{\"@context\":\"https:\/\/schema.org\",\"@graph\":[{\"@type\":\"WebPage\",\"@id\":\"https:\/\/www.miamibeachfl.gov\/residents\/neighborhood-affairs-division\/active-projects\/other\/lincoln-road-redevelopment-project\/\",\"url\":\"https:\/\/www.miamibeachfl.gov\/residents\/neighborhood-affairs-division\/active-projects\/other\/lincoln-road-redevelopment-project\/\",\"name\":\"Lincoln Road Redevelopment Project - City of Miami Beach\",\"isPartOf\":{\"@id\":\"https:\/\/www.miamibeachfl.gov\/#website\"},\"datePublished\":\"2017-11-17T19:08:29+00:00\",\"dateModified\":\"2026-04-03T17:57:48+00:00\",\"description\":\"%\",\"breadcrumb\":{\"@id\":\"https:\/\/www.miamibeachfl.gov\/residents\/neighborhood-affairs-division\/active-projects\/other\/lincoln-road-redevelopment-project\/#breadcrumb\"},\"inLanguage\":\"fr-FR\",\"potentialAction\":[{\"@type\":\"ReadAction\",\"target\":[\"https:\/\/www.miamibeachfl.gov\/residents\/neighborhood-affairs-division\/active-projects\/other\/lincoln-road-redevelopment-project\/\"]}]},{\"@type\":\"BreadcrumbList\",\"@id\":\"https:\/\/www.miamibeachfl.gov\/residents\/neighborhood-affairs-division\/active-projects\/other\/lincoln-road-redevelopment-project\/#breadcrumb\",\"itemListElement\":[{\"@type\":\"ListItem\",\"position\":1,\"name\":\"Home\",\"item\":\"https:\/\/www.miamibeachfl.gov\/\"},{\"@type\":\"ListItem\",\"position\":2,\"name\":\"Residents\",\"item\":\"https:\/\/www.miamibeachfl.gov\/residents\/\"},{\"@type\":\"ListItem\",\"position\":3,\"name\":\"Neighborhood Affairs Division\",\"item\":\"https:\/\/www.miamibeachfl.gov\/residents\/neighborhood-affairs-division\/\"},{\"@type\":\"ListItem\",\"position\":4,\"name\":\"Active Projects\",\"item\":\"https:\/\/www.miamibeachfl.gov\/residents\/neighborhood-affairs-division\/active-projects\/\"},{\"@type\":\"ListItem\",\"position\":5,\"name\":\"Other\",\"item\":\"https:\/\/www.miamibeachfl.gov\/residents\/neighborhood-affairs-division\/active-projects\/other\/\"},{\"@type\":\"ListItem\",\"position\":6,\"name\":\"Lincoln Road Redevelopment Project\"}]},{\"@type\":\"WebSite\",\"@id\":\"https:\/\/www.miamibeachfl.gov\/#website\",\"url\":\"https:\/\/www.miamibeachfl.gov\/\",\"name\":\"City of Miami Beach\",\"description\":\"The official website of the City of Miami Beach. Stay informed, find important information on city services, news, alerts, events, trolley routes, government employment and more.\",\"publisher\":{\"@id\":\"https:\/\/www.miamibeachfl.gov\/#organization\"},\"potentialAction\":[{\"@type\":\"SearchAction\",\"target\":{\"@type\":\"EntryPoint\",\"urlTemplate\":\"https:\/\/www.miamibeachfl.gov\/?s={search_term_string}\"},\"query-input\":{\"@type\":\"PropertyValueSpecification\",\"valueRequired\":true,\"valueName\":\"search_term_string\"}}],\"inLanguage\":\"fr-FR\"},{\"@type\":\"Organization\",\"@id\":\"https:\/\/www.miamibeachfl.gov\/#organization\",\"name\":\"City of Miami Beach\",\"url\":\"https:\/\/www.miamibeachfl.gov\/\",\"logo\":{\"@type\":\"ImageObject\",\"inLanguage\":\"fr-FR\",\"@id\":\"https:\/\/www.miamibeachfl.gov\/#\/schema\/logo\/image\/\",\"url\":\"https:\/\/www.miamibeachfl.gov\/wp-content\/uploads\/2022\/06\/miamibeach-logoblue.png\",\"contentUrl\":\"https:\/\/www.miamibeachfl.gov\/wp-content\/uploads\/2022\/06\/miamibeach-logoblue.png\",\"width\":1962,\"height\":381,\"caption\":\"City of Miami Beach\"},\"image\":{\"@id\":\"https:\/\/www.miamibeachfl.gov\/#\/schema\/logo\/image\/\"},\"sameAs\":[\"https:\/\/www.facebook.com\/cityofmiamibeach\",\"https:\/\/x.com\/Miamibeachnews\",\"https:\/\/www.instagram.com\/miamibeachnews\/\"],\"description\":\"The official website of the City of Miami Beach. Stay informed, find important information on city services, news, alerts, events, trolley routes, government employment and more.\",\"telephone\":\"305.604.CITY(2489)\",\"legalName\":\"City of Miami Beach\"}]}<\/script>\n<!-- \/ Yoast SEO Premium plugin. -->","yoast_head_json":{"title":"Projet de r\u00e9am\u00e9nagement de Lincoln Road \u2013 Ville de Miami Beach","description":"%","robots":{"index":"index","follow":"follow","max-snippet":"max-snippet:-1","max-image-preview":"max-image-preview:large","max-video-preview":"max-video-preview:-1"},"canonical":"https:\/\/www.miamibeachfl.gov\/fr\/residents\/neighborhood-affairs-division\/active-projects\/other\/lincoln-road-redevelopment-project\/","og_locale":"fr_FR","og_type":"article","og_title":"Lincoln Road Redevelopment Project","og_description":"%","og_url":"https:\/\/www.miamibeachfl.gov\/fr\/residents\/neighborhood-affairs-division\/active-projects\/other\/lincoln-road-redevelopment-project\/","og_site_name":"City of Miami Beach","article_publisher":"https:\/\/www.facebook.com\/cityofmiamibeach","article_modified_time":"2026-04-03T17:57:48+00:00","og_image":[{"width":1000,"height":1000,"url":"https:\/\/www.miamibeachfl.gov\/wp-content\/uploads\/2024\/01\/1000pxSquare-miamibeach-aerial-southpointview.jpeg","type":"image\/jpeg"}],"twitter_card":"summary_large_image","twitter_site":"@Miamibeachnews","schema":{"@context":"https:\/\/schema.org","@graph":[{"@type":"WebPage","@id":"https:\/\/www.miamibeachfl.gov\/residents\/neighborhood-affairs-division\/active-projects\/other\/lincoln-road-redevelopment-project\/","url":"https:\/\/www.miamibeachfl.gov\/residents\/neighborhood-affairs-division\/active-projects\/other\/lincoln-road-redevelopment-project\/","name":"Projet de r\u00e9am\u00e9nagement de Lincoln Road \u2013 Ville de Miami Beach","isPartOf":{"@id":"https:\/\/www.miamibeachfl.gov\/#website"},"datePublished":"2017-11-17T19:08:29+00:00","dateModified":"2026-04-03T17:57:48+00:00","description":"%","breadcrumb":{"@id":"https:\/\/www.miamibeachfl.gov\/residents\/neighborhood-affairs-division\/active-projects\/other\/lincoln-road-redevelopment-project\/#breadcrumb"},"inLanguage":"fr-FR","potentialAction":[{"@type":"ReadAction","target":["https:\/\/www.miamibeachfl.gov\/residents\/neighborhood-affairs-division\/active-projects\/other\/lincoln-road-redevelopment-project\/"]}]},{"@type":"BreadcrumbList","@id":"https:\/\/www.miamibeachfl.gov\/residents\/neighborhood-affairs-division\/active-projects\/other\/lincoln-road-redevelopment-project\/#breadcrumb","itemListElement":[{"@type":"ListItem","position":1,"name":"Home","item":"https:\/\/www.miamibeachfl.gov\/"},{"@type":"ListItem","position":2,"name":"Residents","item":"https:\/\/www.miamibeachfl.gov\/residents\/"},{"@type":"ListItem","position":3,"name":"Neighborhood Affairs Division","item":"https:\/\/www.miamibeachfl.gov\/residents\/neighborhood-affairs-division\/"},{"@type":"ListItem","position":4,"name":"Active Projects","item":"https:\/\/www.miamibeachfl.gov\/residents\/neighborhood-affairs-division\/active-projects\/"},{"@type":"ListItem","position":5,"name":"Other","item":"https:\/\/www.miamibeachfl.gov\/residents\/neighborhood-affairs-division\/active-projects\/other\/"},{"@type":"ListItem","position":6,"name":"Lincoln Road Redevelopment Project"}]},{"@type":"WebSite","@id":"https:\/\/www.miamibeachfl.gov\/#website","url":"https:\/\/www.miamibeachfl.gov\/","name":"Ville de Miami Beach","description":"Site officiel de la ville de Miami Beach. Restez inform\u00e9 et trouvez des informations importantes sur les services municipaux, les actualit\u00e9s, les alertes, les \u00e9v\u00e9nements, les itin\u00e9raires de tramway, les emplois gouvernementaux et bien plus encore.","publisher":{"@id":"https:\/\/www.miamibeachfl.gov\/#organization"},"potentialAction":[{"@type":"SearchAction","target":{"@type":"EntryPoint","urlTemplate":"https:\/\/www.miamibeachfl.gov\/?s={search_term_string}"},"query-input":{"@type":"PropertyValueSpecification","valueRequired":true,"valueName":"search_term_string"}}],"inLanguage":"fr-FR"},{"@type":"Organization","@id":"https:\/\/www.miamibeachfl.gov\/#organization","name":"Ville de Miami Beach","url":"https:\/\/www.miamibeachfl.gov\/","logo":{"@type":"ImageObject","inLanguage":"fr-FR","@id":"https:\/\/www.miamibeachfl.gov\/#\/schema\/logo\/image\/","url":"https:\/\/www.miamibeachfl.gov\/wp-content\/uploads\/2022\/06\/miamibeach-logoblue.png","contentUrl":"https:\/\/www.miamibeachfl.gov\/wp-content\/uploads\/2022\/06\/miamibeach-logoblue.png","width":1962,"height":381,"caption":"City of Miami Beach"},"image":{"@id":"https:\/\/www.miamibeachfl.gov\/#\/schema\/logo\/image\/"},"sameAs":["https:\/\/www.facebook.com\/cityofmiamibeach","https:\/\/x.com\/Miamibeachnews","https:\/\/www.instagram.com\/miamibeachnews\/"],"description":"Site officiel de la ville de Miami Beach. Restez inform\u00e9 et trouvez des informations importantes sur les services municipaux, les actualit\u00e9s, les alertes, les \u00e9v\u00e9nements, les itin\u00e9raires de tramway, les emplois gouvernementaux et bien plus encore.","telephone":"305.604.CITY(2489)","legalName":"City of Miami Beach"}]}},"_links":{"self":[{"href":"https:\/\/www.miamibeachfl.gov\/fr\/wp-json\/wp\/v2\/pages\/41165","targetHints":{"allow":["GET"]}}],"collection":[{"href":"https:\/\/www.miamibeachfl.gov\/fr\/wp-json\/wp\/v2\/pages"}],"about":[{"href":"https:\/\/www.miamibeachfl.gov\/fr\/wp-json\/wp\/v2\/types\/page"}],"author":[{"embeddable":true,"href":"https:\/\/www.miamibeachfl.gov\/fr\/wp-json\/wp\/v2\/users\/222"}],"replies":[{"embeddable":true,"href":"https:\/\/www.miamibeachfl.gov\/fr\/wp-json\/wp\/v2\/comments?post=41165"}],"version-history":[{"count":0,"href":"https:\/\/www.miamibeachfl.gov\/fr\/wp-json\/wp\/v2\/pages\/41165\/revisions"}],"up":[{"embeddable":true,"href":"https:\/\/www.miamibeachfl.gov\/fr\/wp-json\/wp\/v2\/pages\/28467"}],"wp:attachment":[{"href":"https:\/\/www.miamibeachfl.gov\/fr\/wp-json\/wp\/v2\/media?parent=41165"}],"wp:term":[{"taxonomy":"category","embeddable":true,"href":"https:\/\/www.miamibeachfl.gov\/fr\/wp-json\/wp\/v2\/categories?post=41165"},{"taxonomy":"post_tag","embeddable":true,"href":"https:\/\/www.miamibeachfl.gov\/fr\/wp-json\/wp\/v2\/tags?post=41165"}],"curies":[{"name":"wp","href":"https:\/\/api.w.org\/{rel}","templated":true}]}}