{"id":44093,"date":"2017-11-30T10:28:53","date_gmt":"2017-11-30T15:28:53","guid":{"rendered":"http:\/\/www.miamibeachfl.gov\/city-hall\/public-works\/streets-and-streetlighting\/"},"modified":"2026-03-03T09:57:17","modified_gmt":"2026-03-03T14:57:17","slug":"utility-rates","status":"publish","type":"page","link":"https:\/\/www.miamibeachfl.gov\/fr\/city-hall\/public-works\/utility-rates\/","title":{"rendered":"Structures tarifaires des services publics"},"content":{"rendered":"<img decoding=\"async\" src=\"https:\/\/www.miamibeachfl.gov\/wp-content\/uploads\/2022\/07\/hero-small.jpg\" alt=\"ocean drive art deco buildings\" itemprop=\"image\" height=\"211\" width=\"2395\" title=\"petit h\u00e9ros\" onerror=\"this.style.display='none'\" loading=\"lazy\" \/>\n<h1>\n\t\t\tStructures tarifaires des services publics\t<\/h1>\n\t<nav id=\"breadcrumbs\" aria-label=\"Fil d&#039;Ariane\"><a href=\"https:\/\/www.miamibeachfl.gov\/fr\/\">Maison<\/a> &gt; <a href=\"https:\/\/www.miamibeachfl.gov\/fr\/city-hall\/\">l&#039;h\u00f4tel de ville<\/a> &gt; <a href=\"https:\/\/www.miamibeachfl.gov\/fr\/city-hall\/public-works\/\">Travaux publics<\/a> &gt; <strong>Structures tarifaires des services publics<\/strong><\/nav>\n\t<p>\u00c0 compter du 1er octobre 2025, le Service des eaux et des \u00e9gouts de Miami-Dade (WASD) augmentera les tarifs de gros des services d&#039;\u00e9gout de $0,7257, soit 19,05%, et ceux de gros de l&#039;eau de $0,0675, soit 2,81%. Ces frais r\u00e9percut\u00e9s ajust\u00e9s seront refl\u00e9t\u00e9s sur les factures des r\u00e9sidents de la ville de Miami Beach au cours de l&#039;exercice 2025\/2026.<\/p>\n<p>Les tarifs d&#039;utilisation de l&#039;eau et des \u00e9gouts comprennent une redevance de base, une redevance de consommation et des frais de gros factur\u00e9s par WASD. La redevance de base constitue le tarif mensuel minimum pour chaque service et varie selon la taille du compteur install\u00e9. Les frais de consommation sont calcul\u00e9s sur la consommation d&#039;eau mesur\u00e9e. Les frais de gros factur\u00e9s par WASD servent \u00e0 recouvrer le co\u00fbt de l&#039;eau potable achet\u00e9e par la Ville et des services de traitement et d&#039;\u00e9vacuation des eaux us\u00e9es fournis par WASD.<\/p>\n<p>La structure tarifaire actuelle encourage les \u00e9conomies d&#039;eau. Le prix augmente en fonction de la consommation d&#039;eau. Autrement dit, plus vous consommez, plus le co\u00fbt de votre service d&#039;eau et\/ou d&#039;assainissement par gallon sera \u00e9lev\u00e9.<\/p>\n<p><strong>Exemple de facture d\u2019eau r\u00e9sidentielle avec un compteur de 3\/4\u2033 consommant 5\u00a0000 gallons par mois\u00a0:<\/strong><\/p>\n<table>\n<tbody>\n<tr>\n<td width=\"218\"><\/td>\n<td width=\"75\"><strong>Exercice 25<\/strong><\/td>\n<td width=\"72\"><strong>Exercice 2026<\/strong><\/td>\n<\/tr>\n<tr>\n<td width=\"218\">Frais d&#039;installation de base<\/td>\n<td width=\"75\">$ 10.08<\/td>\n<td width=\"72\">$ 10.24<\/td>\n<\/tr>\n<tr>\n<td width=\"218\">Frais de consommation<\/td>\n<td width=\"75\">$\u00a0\u00a0 5.80<\/td>\n<td width=\"72\">$\u00a0\u00a0 5.90<\/td>\n<\/tr>\n<tr>\n<td width=\"218\">Passage WASD<\/td>\n<td width=\"75\">$ 13.60<\/td>\n<td width=\"72\">$ 14.00<\/td>\n<\/tr>\n<tr>\n<td width=\"218\"><strong>Frais mensuels pour la consommation d&#039;eau<\/strong><\/td>\n<td width=\"75\">$ 29.48<\/td>\n<td width=\"72\">$ 30.14<\/td>\n<\/tr>\n<\/tbody>\n<\/table>\n<p><strong>Exemple de facture d\u2019\u00e9gout sanitaire r\u00e9sidentiel avec un compteur de 3\/4\u2033 \u00e0 5\u00a0000 gallons par mois\u00a0:<\/strong><\/p>\n<table>\n<tbody>\n<tr>\n<td width=\"218\"><\/td>\n<td width=\"75\"><strong>Exercice 25<\/strong><\/td>\n<td width=\"72\"><strong>Exercice 2026<\/strong><\/td>\n<\/tr>\n<tr>\n<td width=\"218\">Frais d&#039;installation de base<\/td>\n<td width=\"75\">$\u00a0\u00a0 9.95<\/td>\n<td width=\"72\">$ 10.11<\/td>\n<\/tr>\n<tr>\n<td width=\"218\">Frais de consommation<\/td>\n<td width=\"75\">$ 25.10<\/td>\n<td width=\"72\">$ 25.50<\/td>\n<\/tr>\n<tr>\n<td width=\"218\">Passage WASD<\/td>\n<td width=\"75\">$ 33.20<\/td>\n<td width=\"72\">$ 39.90<\/td>\n<\/tr>\n<tr>\n<td width=\"218\"><strong>Frais d&#039;utilisation mensuels pour les \u00e9gouts sanitaires<\/strong><\/td>\n<td width=\"75\">$ 68.25<\/td>\n<td width=\"72\">$ 75.51<\/td>\n<\/tr>\n<\/tbody>\n<\/table>\n<p>L&#039;\u00e9chantillon de facture de l&#039;exercice 2026 de $105,65 a augment\u00e9 par rapport \u00e0 l&#039;exercice 2025 qui s&#039;\u00e9l\u00e8ve \u00e0 $97,73.<\/p>\n<p><strong>Pour plus d&#039;informations sur chaque type de service, veuillez t\u00e9l\u00e9charger le guide tarifaire appropri\u00e9 ci-dessous\u00a0:<\/strong><\/p>\n<p><strong><a href=\"https:\/\/www.miamibeachfl.gov\/wp-content\/uploads\/2025\/09\/Rates-for-Web-FY2026-Sewer.pdf\" target=\"_blank\" rel=\"noopener\">Tarifs d&#039;\u00e9gout 2026<\/a><\/strong><\/p>\n<p><strong><a href=\"https:\/\/www.miamibeachfl.gov\/wp-content\/uploads\/2025\/09\/Rates-for-Web-FY2026-Water.pdf\" target=\"_blank\" rel=\"noopener\">Tarifs de l&#039;eau 2026<\/a><\/strong><\/p>\n\t\tAcc\u00e9der \u00e0\u2026\t\t\t\n\t\t\t\t\t<ul id=\"menu-public-works-menu\"><li id=\"menu-item-364156\"><a href=\"\/fr\/ada\/\">Informations sur l&#039;ADA<\/a><\/li>\n<li id=\"menu-item-364157\"><a href=\"\/fr\/city-hall\/public-works\/elevator-division\/\">Division des ascenseurs<\/a><\/li>\n<li id=\"menu-item-364158\"><a href=\"\/fr\/city-hall\/public-works\/engineering-division\/\">Division d&#039;ing\u00e9nierie<\/a><\/li>\n<li id=\"menu-item-364159\"><a href=\"\/fr\/city-hall\/public-works\/geographical-information-systems\/\">Syst\u00e8mes d&#039;information g\u00e9ographique<\/a><\/li>\n<li id=\"menu-item-364160\"><a href=\"\/fr\/city-hall\/public-works\/green-space-management-division\/\">Gestion des espaces verts<\/a><\/li>\n<li id=\"menu-item-364161\"><a href=\"\/fr\/city-hall\/public-works\/manual-standards\/\">Normes du manuel<\/a><\/li>\n<li id=\"menu-item-364162\"><a href=\"\/fr\/city-hall\/public-works\/operations-division\/\">Division des op\u00e9rations<\/a><\/li>\n<li id=\"menu-item-364163\"><a href=\"\/fr\/city-hall\/public-works\/process-workflows-and-checklists\/\">Flux de travail et listes de contr\u00f4le du processus d&#039;autorisation<\/a><\/li>\n<li id=\"menu-item-364164\"><a href=\"\/fr\/city-hall\/public-works\/permitting-faq-4\/\">FAQ sur les permis<\/a><\/li>\n<li id=\"menu-item-364165\"><a href=\"\/fr\/city-hall\/public-works\/sanitation-division\/\">Division de l&#039;assainissement<\/a><\/li>\n<li id=\"menu-item-364166\"><a href=\"\/fr\/city-hall\/public-works\/utility-rates\/\">Structures tarifaires des services publics<\/a><\/li>\n<\/ul>\t\n\t<div class=\"page-navigation\"><a class=\"prev-page\" href=\"https:\/\/www.miamibeachfl.gov\/fr\/city-hall\/public-works\/more-introduction\/\">\u2190 Plus d&#039;introduction<\/a> <a class=\"next-page\" href=\"https:\/\/www.miamibeachfl.gov\/fr\/city-hall\/public-works\/green-space-management-division\/other-landscape-related-links\/\">Autres liens relatifs au paysage \u2192<\/a><\/div>","protected":false},"excerpt":{"rendered":"<p>Utility Rate Structures Home &gt; City Hall &gt; Public Works &gt; Utility Rate Structures Beginning October 1, 2025, the Miami-Dade [&hellip;]<\/p>\n","protected":false},"author":222,"featured_media":0,"parent":28931,"menu_order":153,"comment_status":"closed","ping_status":"closed","template":"","meta":{"_searchwp_excluded":"","site-sidebar-layout":"default","site-content-layout":"","ast-site-content-layout":"default","site-content-style":"default","site-sidebar-style":"default","ast-global-header-display":"","ast-banner-title-visibility":"","ast-main-header-display":"","ast-hfb-above-header-display":"","ast-hfb-below-header-display":"","ast-hfb-mobile-header-display":"","site-post-title":"","ast-breadcrumbs-content":"","ast-featured-img":"","footer-sml-layout":"","theme-transparent-header-meta":"","adv-header-id-meta":"","stick-header-meta":"","header-above-stick-meta":"","header-main-stick-meta":"","header-below-stick-meta":"","astra-migrate-meta-layouts":"default","ast-page-background-enabled":"default","ast-page-background-meta":{"desktop":{"background-color":"var(--ast-global-color-5)","background-image":"","background-repeat":"repeat","background-position":"center center","background-size":"auto","background-attachment":"scroll","background-type":"","background-media":"","overlay-type":"","overlay-color":"","overlay-opacity":"","overlay-gradient":""},"tablet":{"background-color":"","background-image":"","background-repeat":"repeat","background-position":"center center","background-size":"auto","background-attachment":"scroll","background-type":"","background-media":"","overlay-type":"","overlay-color":"","overlay-opacity":"","overlay-gradient":""},"mobile":{"background-color":"","background-image":"","background-repeat":"repeat","background-position":"center center","background-size":"auto","background-attachment":"scroll","background-type":"","background-media":"","overlay-type":"","overlay-color":"","overlay-opacity":"","overlay-gradient":""}},"ast-content-background-meta":{"desktop":{"background-color":"var(--ast-global-color-4)","background-image":"","background-repeat":"repeat","background-position":"center center","background-size":"auto","background-attachment":"scroll","background-type":"","background-media":"","overlay-type":"","overlay-color":"","overlay-opacity":"","overlay-gradient":""},"tablet":{"background-color":"var(--ast-global-color-4)","background-image":"","background-repeat":"repeat","background-position":"center center","background-size":"auto","background-attachment":"scroll","background-type":"","background-media":"","overlay-type":"","overlay-color":"","overlay-opacity":"","overlay-gradient":""},"mobile":{"background-color":"var(--ast-global-color-4)","background-image":"","background-repeat":"repeat","background-position":"center center","background-size":"auto","background-attachment":"scroll","background-type":"","background-media":"","overlay-type":"","overlay-color":"","overlay-opacity":"","overlay-gradient":""}},"footnotes":""},"categories":[],"tags":[309,301,306,308,300,303,304,310,302,307,305],"class_list":["post-44093","page","type-page","status-publish","hentry","tag-rate-structure","tag-rates","tag-sewer-rates","tag-stormwater-rates","tag-utilities","tag-utility-prices","tag-utility-pricing","tag-utility-rate-structures","tag-utility-rates","tag-wastewater-rates","tag-water-rates"],"yoast_head":"<!-- This site is optimized with the Yoast SEO Premium plugin v27.4 (Yoast SEO v27.4) - https:\/\/yoast.com\/product\/yoast-seo-premium-wordpress\/ -->\n<title>Utility Rate Structures - City of Miami Beach<\/title>\n<meta name=\"description\" content=\"%\" \/>\n<meta name=\"robots\" content=\"index, follow, max-snippet:-1, max-image-preview:large, max-video-preview:-1\" \/>\n<link rel=\"canonical\" href=\"https:\/\/www.miamibeachfl.gov\/fr\/city-hall\/public-works\/utility-rates\/\" \/>\n<meta property=\"og:locale\" content=\"fr_FR\" \/>\n<meta property=\"og:type\" content=\"article\" \/>\n<meta property=\"og:title\" content=\"Utility Rate Structures\" \/>\n<meta property=\"og:description\" content=\"%\" \/>\n<meta property=\"og:url\" content=\"https:\/\/www.miamibeachfl.gov\/fr\/city-hall\/public-works\/utility-rates\/\" \/>\n<meta property=\"og:site_name\" content=\"City of Miami Beach\" \/>\n<meta property=\"article:publisher\" content=\"https:\/\/www.facebook.com\/cityofmiamibeach\" \/>\n<meta property=\"article:modified_time\" content=\"2026-03-03T14:57:17+00:00\" \/>\n<meta property=\"og:image\" content=\"https:\/\/www.miamibeachfl.gov\/wp-content\/uploads\/2022\/07\/hero-small.jpg\" \/>\n<meta name=\"twitter:card\" content=\"summary_large_image\" \/>\n<meta name=\"twitter:site\" content=\"@Miamibeachnews\" \/>\n<script type=\"application\/ld+json\" class=\"yoast-schema-graph\">{\"@context\":\"https:\\\/\\\/schema.org\",\"@graph\":[{\"@type\":\"WebPage\",\"@id\":\"https:\\\/\\\/www.miamibeachfl.gov\\\/city-hall\\\/public-works\\\/utility-rates\\\/\",\"url\":\"https:\\\/\\\/www.miamibeachfl.gov\\\/city-hall\\\/public-works\\\/utility-rates\\\/\",\"name\":\"Utility Rate Structures - City of Miami Beach\",\"isPartOf\":{\"@id\":\"https:\\\/\\\/www.miamibeachfl.gov\\\/#website\"},\"primaryImageOfPage\":{\"@id\":\"https:\\\/\\\/www.miamibeachfl.gov\\\/city-hall\\\/public-works\\\/utility-rates\\\/#primaryimage\"},\"image\":{\"@id\":\"https:\\\/\\\/www.miamibeachfl.gov\\\/city-hall\\\/public-works\\\/utility-rates\\\/#primaryimage\"},\"thumbnailUrl\":\"https:\\\/\\\/www.miamibeachfl.gov\\\/wp-content\\\/uploads\\\/2022\\\/07\\\/hero-small.jpg\",\"datePublished\":\"2017-11-30T15:28:53+00:00\",\"dateModified\":\"2026-03-03T14:57:17+00:00\",\"description\":\"%\",\"breadcrumb\":{\"@id\":\"https:\\\/\\\/www.miamibeachfl.gov\\\/city-hall\\\/public-works\\\/utility-rates\\\/#breadcrumb\"},\"inLanguage\":\"fr-FR\",\"potentialAction\":[{\"@type\":\"ReadAction\",\"target\":[\"https:\\\/\\\/www.miamibeachfl.gov\\\/city-hall\\\/public-works\\\/utility-rates\\\/\"]}]},{\"@type\":\"ImageObject\",\"inLanguage\":\"fr-FR\",\"@id\":\"https:\\\/\\\/www.miamibeachfl.gov\\\/city-hall\\\/public-works\\\/utility-rates\\\/#primaryimage\",\"url\":\"https:\\\/\\\/www.miamibeachfl.gov\\\/wp-content\\\/uploads\\\/2022\\\/07\\\/hero-small.jpg\",\"contentUrl\":\"https:\\\/\\\/www.miamibeachfl.gov\\\/wp-content\\\/uploads\\\/2022\\\/07\\\/hero-small.jpg\"},{\"@type\":\"BreadcrumbList\",\"@id\":\"https:\\\/\\\/www.miamibeachfl.gov\\\/city-hall\\\/public-works\\\/utility-rates\\\/#breadcrumb\",\"itemListElement\":[{\"@type\":\"ListItem\",\"position\":1,\"name\":\"Home\",\"item\":\"https:\\\/\\\/www.miamibeachfl.gov\\\/\"},{\"@type\":\"ListItem\",\"position\":2,\"name\":\"City Hall\",\"item\":\"https:\\\/\\\/www.miamibeachfl.gov\\\/city-hall\\\/\"},{\"@type\":\"ListItem\",\"position\":3,\"name\":\"Public Works\",\"item\":\"https:\\\/\\\/www.miamibeachfl.gov\\\/city-hall\\\/public-works\\\/\"},{\"@type\":\"ListItem\",\"position\":4,\"name\":\"Utility Rate Structures\"}]},{\"@type\":\"WebSite\",\"@id\":\"https:\\\/\\\/www.miamibeachfl.gov\\\/#website\",\"url\":\"https:\\\/\\\/www.miamibeachfl.gov\\\/\",\"name\":\"City of Miami Beach\",\"description\":\"The official website of the City of Miami Beach. Stay informed, find important information on city services, news, alerts, events, trolley routes, government employment and more.\",\"publisher\":{\"@id\":\"https:\\\/\\\/www.miamibeachfl.gov\\\/#organization\"},\"potentialAction\":[{\"@type\":\"SearchAction\",\"target\":{\"@type\":\"EntryPoint\",\"urlTemplate\":\"https:\\\/\\\/www.miamibeachfl.gov\\\/?s={search_term_string}\"},\"query-input\":{\"@type\":\"PropertyValueSpecification\",\"valueRequired\":true,\"valueName\":\"search_term_string\"}}],\"inLanguage\":\"fr-FR\"},{\"@type\":\"Organization\",\"@id\":\"https:\\\/\\\/www.miamibeachfl.gov\\\/#organization\",\"name\":\"City of Miami Beach\",\"url\":\"https:\\\/\\\/www.miamibeachfl.gov\\\/\",\"logo\":{\"@type\":\"ImageObject\",\"inLanguage\":\"fr-FR\",\"@id\":\"https:\\\/\\\/www.miamibeachfl.gov\\\/#\\\/schema\\\/logo\\\/image\\\/\",\"url\":\"https:\\\/\\\/www.miamibeachfl.gov\\\/wp-content\\\/uploads\\\/2022\\\/06\\\/miamibeach-logoblue.png\",\"contentUrl\":\"https:\\\/\\\/www.miamibeachfl.gov\\\/wp-content\\\/uploads\\\/2022\\\/06\\\/miamibeach-logoblue.png\",\"width\":1962,\"height\":381,\"caption\":\"City of Miami Beach\"},\"image\":{\"@id\":\"https:\\\/\\\/www.miamibeachfl.gov\\\/#\\\/schema\\\/logo\\\/image\\\/\"},\"sameAs\":[\"https:\\\/\\\/www.facebook.com\\\/cityofmiamibeach\",\"https:\\\/\\\/x.com\\\/Miamibeachnews\",\"https:\\\/\\\/www.instagram.com\\\/miamibeachnews\\\/\"],\"description\":\"The official website of the City of Miami Beach. Stay informed, find important information on city services, news, alerts, events, trolley routes, government employment and more.\",\"telephone\":\"305.604.CITY(2489)\",\"legalName\":\"City of Miami Beach\"}]}<\/script>\n<!-- \/ Yoast SEO Premium plugin. -->","yoast_head_json":{"title":"Structures tarifaires des services publics \u2013 Ville de Miami Beach","description":"%","robots":{"index":"index","follow":"follow","max-snippet":"max-snippet:-1","max-image-preview":"max-image-preview:large","max-video-preview":"max-video-preview:-1"},"canonical":"https:\/\/www.miamibeachfl.gov\/fr\/city-hall\/public-works\/utility-rates\/","og_locale":"fr_FR","og_type":"article","og_title":"Utility Rate Structures","og_description":"%","og_url":"https:\/\/www.miamibeachfl.gov\/fr\/city-hall\/public-works\/utility-rates\/","og_site_name":"City of Miami Beach","article_publisher":"https:\/\/www.facebook.com\/cityofmiamibeach","article_modified_time":"2026-03-03T14:57:17+00:00","og_image":[{"url":"https:\/\/www.miamibeachfl.gov\/wp-content\/uploads\/2022\/07\/hero-small.jpg","type":"","width":"","height":""}],"twitter_card":"summary_large_image","twitter_site":"@Miamibeachnews","schema":{"@context":"https:\/\/schema.org","@graph":[{"@type":"WebPage","@id":"https:\/\/www.miamibeachfl.gov\/city-hall\/public-works\/utility-rates\/","url":"https:\/\/www.miamibeachfl.gov\/city-hall\/public-works\/utility-rates\/","name":"Structures tarifaires des services publics \u2013 Ville de Miami Beach","isPartOf":{"@id":"https:\/\/www.miamibeachfl.gov\/#website"},"primaryImageOfPage":{"@id":"https:\/\/www.miamibeachfl.gov\/city-hall\/public-works\/utility-rates\/#primaryimage"},"image":{"@id":"https:\/\/www.miamibeachfl.gov\/city-hall\/public-works\/utility-rates\/#primaryimage"},"thumbnailUrl":"https:\/\/www.miamibeachfl.gov\/wp-content\/uploads\/2022\/07\/hero-small.jpg","datePublished":"2017-11-30T15:28:53+00:00","dateModified":"2026-03-03T14:57:17+00:00","description":"%","breadcrumb":{"@id":"https:\/\/www.miamibeachfl.gov\/city-hall\/public-works\/utility-rates\/#breadcrumb"},"inLanguage":"fr-FR","potentialAction":[{"@type":"ReadAction","target":["https:\/\/www.miamibeachfl.gov\/city-hall\/public-works\/utility-rates\/"]}]},{"@type":"ImageObject","inLanguage":"fr-FR","@id":"https:\/\/www.miamibeachfl.gov\/city-hall\/public-works\/utility-rates\/#primaryimage","url":"https:\/\/www.miamibeachfl.gov\/wp-content\/uploads\/2022\/07\/hero-small.jpg","contentUrl":"https:\/\/www.miamibeachfl.gov\/wp-content\/uploads\/2022\/07\/hero-small.jpg"},{"@type":"BreadcrumbList","@id":"https:\/\/www.miamibeachfl.gov\/city-hall\/public-works\/utility-rates\/#breadcrumb","itemListElement":[{"@type":"ListItem","position":1,"name":"Home","item":"https:\/\/www.miamibeachfl.gov\/"},{"@type":"ListItem","position":2,"name":"City Hall","item":"https:\/\/www.miamibeachfl.gov\/city-hall\/"},{"@type":"ListItem","position":3,"name":"Public Works","item":"https:\/\/www.miamibeachfl.gov\/city-hall\/public-works\/"},{"@type":"ListItem","position":4,"name":"Utility Rate Structures"}]},{"@type":"WebSite","@id":"https:\/\/www.miamibeachfl.gov\/#website","url":"https:\/\/www.miamibeachfl.gov\/","name":"Ville de Miami Beach","description":"Site officiel de la ville de Miami Beach. Restez inform\u00e9 et trouvez des informations importantes sur les services municipaux, les actualit\u00e9s, les alertes, les \u00e9v\u00e9nements, les itin\u00e9raires de tramway, les emplois gouvernementaux et bien plus encore.","publisher":{"@id":"https:\/\/www.miamibeachfl.gov\/#organization"},"potentialAction":[{"@type":"SearchAction","target":{"@type":"EntryPoint","urlTemplate":"https:\/\/www.miamibeachfl.gov\/?s={search_term_string}"},"query-input":{"@type":"PropertyValueSpecification","valueRequired":true,"valueName":"search_term_string"}}],"inLanguage":"fr-FR"},{"@type":"Organization","@id":"https:\/\/www.miamibeachfl.gov\/#organization","name":"Ville de Miami Beach","url":"https:\/\/www.miamibeachfl.gov\/","logo":{"@type":"ImageObject","inLanguage":"fr-FR","@id":"https:\/\/www.miamibeachfl.gov\/#\/schema\/logo\/image\/","url":"https:\/\/www.miamibeachfl.gov\/wp-content\/uploads\/2022\/06\/miamibeach-logoblue.png","contentUrl":"https:\/\/www.miamibeachfl.gov\/wp-content\/uploads\/2022\/06\/miamibeach-logoblue.png","width":1962,"height":381,"caption":"City of Miami Beach"},"image":{"@id":"https:\/\/www.miamibeachfl.gov\/#\/schema\/logo\/image\/"},"sameAs":["https:\/\/www.facebook.com\/cityofmiamibeach","https:\/\/x.com\/Miamibeachnews","https:\/\/www.instagram.com\/miamibeachnews\/"],"description":"Site officiel de la ville de Miami Beach. Restez inform\u00e9 et trouvez des informations importantes sur les services municipaux, les actualit\u00e9s, les alertes, les \u00e9v\u00e9nements, les itin\u00e9raires de tramway, les emplois gouvernementaux et bien plus encore.","telephone":"305.604.CITY(2489)","legalName":"City of Miami Beach"}]}},"_links":{"self":[{"href":"https:\/\/www.miamibeachfl.gov\/fr\/wp-json\/wp\/v2\/pages\/44093","targetHints":{"allow":["GET"]}}],"collection":[{"href":"https:\/\/www.miamibeachfl.gov\/fr\/wp-json\/wp\/v2\/pages"}],"about":[{"href":"https:\/\/www.miamibeachfl.gov\/fr\/wp-json\/wp\/v2\/types\/page"}],"author":[{"embeddable":true,"href":"https:\/\/www.miamibeachfl.gov\/fr\/wp-json\/wp\/v2\/users\/222"}],"replies":[{"embeddable":true,"href":"https:\/\/www.miamibeachfl.gov\/fr\/wp-json\/wp\/v2\/comments?post=44093"}],"version-history":[{"count":3,"href":"https:\/\/www.miamibeachfl.gov\/fr\/wp-json\/wp\/v2\/pages\/44093\/revisions"}],"predecessor-version":[{"id":397020,"href":"https:\/\/www.miamibeachfl.gov\/fr\/wp-json\/wp\/v2\/pages\/44093\/revisions\/397020"}],"up":[{"embeddable":true,"href":"https:\/\/www.miamibeachfl.gov\/fr\/wp-json\/wp\/v2\/pages\/28931"}],"wp:attachment":[{"href":"https:\/\/www.miamibeachfl.gov\/fr\/wp-json\/wp\/v2\/media?parent=44093"}],"wp:term":[{"taxonomy":"category","embeddable":true,"href":"https:\/\/www.miamibeachfl.gov\/fr\/wp-json\/wp\/v2\/categories?post=44093"},{"taxonomy":"post_tag","embeddable":true,"href":"https:\/\/www.miamibeachfl.gov\/fr\/wp-json\/wp\/v2\/tags?post=44093"}],"curies":[{"name":"wp","href":"https:\/\/api.w.org\/{rel}","templated":true}]}}