{"id":68177,"date":"2018-05-08T11:50:22","date_gmt":"2018-05-08T15:50:22","guid":{"rendered":"http:\/\/www.miamibeachfl.gov\/?page_id=68177"},"modified":"2026-04-23T09:18:03","modified_gmt":"2026-04-23T13:18:03","slug":"normandy-isle-park-turf-replacement","status":"publish","type":"page","link":"https:\/\/www.miamibeachfl.gov\/fr\/residents\/neighborhood-affairs-division\/active-projects\/parks\/normandy-isle-park-turf-replacement\/","title":{"rendered":"Remplacement du gazon du Normandy Isle Park"},"content":{"rendered":"<p> Projet termin\u00e9<\/p>\n<h2>\n\t\t\tRemplacement du gazon du Normandy Isle Park\t<\/h2>\n\t<p><strong>Phase du projet \u2013 Conception<\/strong><\/p>\n<p><strong>Limites du projet<\/strong><\/p>\n<p>Le Parc de l&#039;Ile de Normandie est situ\u00e9 au 7030 Esplanade de Trouville.<\/p>\n<p><strong>\u00c9tendue des travaux\u00a0<\/strong><\/p>\n<p>Le projet comprend l&#039;installation d&#039;un gazon synth\u00e9tique de qualit\u00e9, conforme aux normes de l&#039;industrie, et toute autre am\u00e9lioration n\u00e9cessaire pour accro\u00eetre la satisfaction des clients quant \u00e0 la programmation et \u00e0 l&#039;utilisation g\u00e9n\u00e9rale. Le terrain accueille des centaines d&#039;utilisateurs quotidiens, ce qui entra\u00eene une usure importante. Un nouveau gazon synth\u00e9tique permettrait une utilisation accrue du terrain par le public et l&#039;expansion des programmes.<\/p>\n<p><strong>Chronologie du projet<\/strong><\/p>\n<p>\u00c9tat du projet\u00a0: Les plans 60% sont termin\u00e9s et la progression vers les documents de construction 90% a \u00e9t\u00e9 report\u00e9e, et le service des parcs et loisirs a demand\u00e9 une port\u00e9e suppl\u00e9mentaire. La progression vers les documents de construction 90% est en attente de l&#039;approbation des services suppl\u00e9mentaires \u00e0 Kimley Horn.<\/p>\n<p><strong>\u00c9quipe de projet<\/strong><\/p>\nCoordonnateur principal des projets d&#039;investissement de la ville de Miami Beach<br \/>\nMina Samadi, \u00e9ducation physique<br \/>\nCoordonnateur du projet d&#039;investissement de la ville de Miami Beach<br \/>\nCarla Dixon Responsable des affaires de quartier de South Beach<br \/>\nLauren Firtel<br \/>\nT\u00e9l\u00e9phone : 305.673.7071<br \/>\nCourriel : LaurenFirtel<u>@miamibeachfl.gov<\/u>","protected":false},"excerpt":{"rendered":"<p>Project Completed Normandy Isle Park Turf Replacement Project Phase &#8211; Design Project Limits Normandy Isle Park is located at 7030 [&hellip;]<\/p>\n","protected":false},"author":222,"featured_media":291475,"parent":28465,"menu_order":190,"comment_status":"closed","ping_status":"closed","template":"","meta":{"_searchwp_excluded":"","site-sidebar-layout":"default","site-content-layout":"","ast-site-content-layout":"default","site-content-style":"default","site-sidebar-style":"default","ast-global-header-display":"","ast-banner-title-visibility":"","ast-main-header-display":"","ast-hfb-above-header-display":"","ast-hfb-below-header-display":"","ast-hfb-mobile-header-display":"","site-post-title":"","ast-breadcrumbs-content":"","ast-featured-img":"","footer-sml-layout":"","theme-transparent-header-meta":"","adv-header-id-meta":"","stick-header-meta":"","header-above-stick-meta":"","header-main-stick-meta":"","header-below-stick-meta":"","astra-migrate-meta-layouts":"default","ast-page-background-enabled":"default","ast-page-background-meta":{"desktop":{"background-color":"var(--ast-global-color-5)","background-image":"","background-repeat":"repeat","background-position":"center center","background-size":"auto","background-attachment":"scroll","background-type":"","background-media":"","overlay-type":"","overlay-color":"","overlay-opacity":"","overlay-gradient":""},"tablet":{"background-color":"","background-image":"","background-repeat":"repeat","background-position":"center center","background-size":"auto","background-attachment":"scroll","background-type":"","background-media":"","overlay-type":"","overlay-color":"","overlay-opacity":"","overlay-gradient":""},"mobile":{"background-color":"","background-image":"","background-repeat":"repeat","background-position":"center center","background-size":"auto","background-attachment":"scroll","background-type":"","background-media":"","overlay-type":"","overlay-color":"","overlay-opacity":"","overlay-gradient":""}},"ast-content-background-meta":{"desktop":{"background-color":"var(--ast-global-color-4)","background-image":"","background-repeat":"repeat","background-position":"center center","background-size":"auto","background-attachment":"scroll","background-type":"","background-media":"","overlay-type":"","overlay-color":"","overlay-opacity":"","overlay-gradient":""},"tablet":{"background-color":"var(--ast-global-color-4)","background-image":"","background-repeat":"repeat","background-position":"center center","background-size":"auto","background-attachment":"scroll","background-type":"","background-media":"","overlay-type":"","overlay-color":"","overlay-opacity":"","overlay-gradient":""},"mobile":{"background-color":"var(--ast-global-color-4)","background-image":"","background-repeat":"repeat","background-position":"center center","background-size":"auto","background-attachment":"scroll","background-type":"","background-media":"","overlay-type":"","overlay-color":"","overlay-opacity":"","overlay-gradient":""}},"footnotes":""},"categories":[1888],"tags":[],"class_list":["post-68177","page","type-page","status-publish","has-post-thumbnail","hentry","category-completed-projects"],"yoast_head":"<!-- This site is optimized with the Yoast SEO Premium plugin v27.4 (Yoast SEO v27.4) - https:\/\/yoast.com\/product\/yoast-seo-premium-wordpress\/ -->\n<title>Normandy Isle Park Turf Replacement - City of Miami Beach<\/title>\n<meta name=\"description\" content=\"Learn about the Normandy Isle Park turf replacement, a project aimed at improving facilities and increasing usage for park visitors.\" \/>\n<meta name=\"robots\" content=\"index, follow, max-snippet:-1, max-image-preview:large, max-video-preview:-1\" \/>\n<link rel=\"canonical\" href=\"https:\/\/www.miamibeachfl.gov\/fr\/residents\/neighborhood-affairs-division\/active-projects\/parks\/normandy-isle-park-turf-replacement\/\" \/>\n<meta property=\"og:locale\" content=\"fr_FR\" \/>\n<meta property=\"og:type\" content=\"article\" \/>\n<meta property=\"og:title\" content=\"Normandy Isle Park Turf Replacement\" \/>\n<meta property=\"og:description\" content=\"Learn about the Normandy Isle Park turf replacement, a project aimed at improving facilities and increasing usage for park visitors.\" \/>\n<meta property=\"og:url\" content=\"https:\/\/www.miamibeachfl.gov\/fr\/residents\/neighborhood-affairs-division\/active-projects\/parks\/normandy-isle-park-turf-replacement\/\" \/>\n<meta property=\"og:site_name\" content=\"City of Miami Beach\" \/>\n<meta property=\"article:publisher\" content=\"https:\/\/www.facebook.com\/cityofmiamibeach\" \/>\n<meta property=\"article:modified_time\" content=\"2026-04-23T13:18:03+00:00\" \/>\n<meta property=\"og:image\" content=\"https:\/\/www.miamibeachfl.gov\/wp-content\/uploads\/2024\/03\/Parks-Gallery-4-NormandyPark.jpeg\" \/>\n\t<meta property=\"og:image:width\" content=\"1080\" \/>\n\t<meta property=\"og:image:height\" content=\"1080\" \/>\n\t<meta property=\"og:image:type\" content=\"image\/jpeg\" \/>\n<meta name=\"twitter:card\" content=\"summary_large_image\" \/>\n<meta name=\"twitter:site\" content=\"@Miamibeachnews\" \/>\n<script type=\"application\/ld+json\" class=\"yoast-schema-graph\">{\"@context\":\"https:\\\/\\\/schema.org\",\"@graph\":[{\"@type\":\"WebPage\",\"@id\":\"https:\\\/\\\/www.miamibeachfl.gov\\\/residents\\\/neighborhood-affairs-division\\\/active-projects\\\/parks\\\/normandy-isle-park-turf-replacement\\\/\",\"url\":\"https:\\\/\\\/www.miamibeachfl.gov\\\/residents\\\/neighborhood-affairs-division\\\/active-projects\\\/parks\\\/normandy-isle-park-turf-replacement\\\/\",\"name\":\"Normandy Isle Park Turf Replacement - City of Miami Beach\",\"isPartOf\":{\"@id\":\"https:\\\/\\\/www.miamibeachfl.gov\\\/#website\"},\"primaryImageOfPage\":{\"@id\":\"https:\\\/\\\/www.miamibeachfl.gov\\\/residents\\\/neighborhood-affairs-division\\\/active-projects\\\/parks\\\/normandy-isle-park-turf-replacement\\\/#primaryimage\"},\"image\":{\"@id\":\"https:\\\/\\\/www.miamibeachfl.gov\\\/residents\\\/neighborhood-affairs-division\\\/active-projects\\\/parks\\\/normandy-isle-park-turf-replacement\\\/#primaryimage\"},\"thumbnailUrl\":\"https:\\\/\\\/www.miamibeachfl.gov\\\/wp-content\\\/uploads\\\/2024\\\/03\\\/Parks-Gallery-4-NormandyPark.jpeg\",\"datePublished\":\"2018-05-08T15:50:22+00:00\",\"dateModified\":\"2026-04-23T13:18:03+00:00\",\"description\":\"Learn about the Normandy Isle Park turf replacement, a project aimed at improving facilities and increasing usage for park visitors.\",\"breadcrumb\":{\"@id\":\"https:\\\/\\\/www.miamibeachfl.gov\\\/residents\\\/neighborhood-affairs-division\\\/active-projects\\\/parks\\\/normandy-isle-park-turf-replacement\\\/#breadcrumb\"},\"inLanguage\":\"fr-FR\",\"potentialAction\":[{\"@type\":\"ReadAction\",\"target\":[\"https:\\\/\\\/www.miamibeachfl.gov\\\/residents\\\/neighborhood-affairs-division\\\/active-projects\\\/parks\\\/normandy-isle-park-turf-replacement\\\/\"]}]},{\"@type\":\"ImageObject\",\"inLanguage\":\"fr-FR\",\"@id\":\"https:\\\/\\\/www.miamibeachfl.gov\\\/residents\\\/neighborhood-affairs-division\\\/active-projects\\\/parks\\\/normandy-isle-park-turf-replacement\\\/#primaryimage\",\"url\":\"https:\\\/\\\/www.miamibeachfl.gov\\\/wp-content\\\/uploads\\\/2024\\\/03\\\/Parks-Gallery-4-NormandyPark.jpeg\",\"contentUrl\":\"https:\\\/\\\/www.miamibeachfl.gov\\\/wp-content\\\/uploads\\\/2024\\\/03\\\/Parks-Gallery-4-NormandyPark.jpeg\",\"width\":1080,\"height\":1080,\"caption\":\"Normandy Park\"},{\"@type\":\"BreadcrumbList\",\"@id\":\"https:\\\/\\\/www.miamibeachfl.gov\\\/residents\\\/neighborhood-affairs-division\\\/active-projects\\\/parks\\\/normandy-isle-park-turf-replacement\\\/#breadcrumb\",\"itemListElement\":[{\"@type\":\"ListItem\",\"position\":1,\"name\":\"Home\",\"item\":\"https:\\\/\\\/www.miamibeachfl.gov\\\/\"},{\"@type\":\"ListItem\",\"position\":2,\"name\":\"Residents\",\"item\":\"https:\\\/\\\/www.miamibeachfl.gov\\\/residents\\\/\"},{\"@type\":\"ListItem\",\"position\":3,\"name\":\"Neighborhood Affairs Division\",\"item\":\"https:\\\/\\\/www.miamibeachfl.gov\\\/residents\\\/neighborhood-affairs-division\\\/\"},{\"@type\":\"ListItem\",\"position\":4,\"name\":\"Active Projects\",\"item\":\"https:\\\/\\\/www.miamibeachfl.gov\\\/residents\\\/neighborhood-affairs-division\\\/active-projects\\\/\"},{\"@type\":\"ListItem\",\"position\":5,\"name\":\"Parks\",\"item\":\"https:\\\/\\\/www.miamibeachfl.gov\\\/residents\\\/neighborhood-affairs-division\\\/active-projects\\\/parks\\\/\"},{\"@type\":\"ListItem\",\"position\":6,\"name\":\"Normandy Isle Park Turf Replacement\"}]},{\"@type\":\"WebSite\",\"@id\":\"https:\\\/\\\/www.miamibeachfl.gov\\\/#website\",\"url\":\"https:\\\/\\\/www.miamibeachfl.gov\\\/\",\"name\":\"City of Miami Beach\",\"description\":\"The official website of the City of Miami Beach. Stay informed, find important information on city services, news, alerts, events, trolley routes, government employment and more.\",\"publisher\":{\"@id\":\"https:\\\/\\\/www.miamibeachfl.gov\\\/#organization\"},\"potentialAction\":[{\"@type\":\"SearchAction\",\"target\":{\"@type\":\"EntryPoint\",\"urlTemplate\":\"https:\\\/\\\/www.miamibeachfl.gov\\\/?s={search_term_string}\"},\"query-input\":{\"@type\":\"PropertyValueSpecification\",\"valueRequired\":true,\"valueName\":\"search_term_string\"}}],\"inLanguage\":\"fr-FR\"},{\"@type\":\"Organization\",\"@id\":\"https:\\\/\\\/www.miamibeachfl.gov\\\/#organization\",\"name\":\"City of Miami Beach\",\"url\":\"https:\\\/\\\/www.miamibeachfl.gov\\\/\",\"logo\":{\"@type\":\"ImageObject\",\"inLanguage\":\"fr-FR\",\"@id\":\"https:\\\/\\\/www.miamibeachfl.gov\\\/#\\\/schema\\\/logo\\\/image\\\/\",\"url\":\"https:\\\/\\\/www.miamibeachfl.gov\\\/wp-content\\\/uploads\\\/2022\\\/06\\\/miamibeach-logoblue.png\",\"contentUrl\":\"https:\\\/\\\/www.miamibeachfl.gov\\\/wp-content\\\/uploads\\\/2022\\\/06\\\/miamibeach-logoblue.png\",\"width\":1962,\"height\":381,\"caption\":\"City of Miami Beach\"},\"image\":{\"@id\":\"https:\\\/\\\/www.miamibeachfl.gov\\\/#\\\/schema\\\/logo\\\/image\\\/\"},\"sameAs\":[\"https:\\\/\\\/www.facebook.com\\\/cityofmiamibeach\",\"https:\\\/\\\/x.com\\\/Miamibeachnews\",\"https:\\\/\\\/www.instagram.com\\\/miamibeachnews\\\/\"],\"description\":\"The official website of the City of Miami Beach. Stay informed, find important information on city services, news, alerts, events, trolley routes, government employment and more.\",\"telephone\":\"305.604.CITY(2489)\",\"legalName\":\"City of Miami Beach\"}]}<\/script>\n<!-- \/ Yoast SEO Premium plugin. -->","yoast_head_json":{"title":"Remplacement du gazon du Normandy Isle Park \u2013 Ville de Miami Beach","description":"Learn about the Normandy Isle Park turf replacement, a project aimed at improving facilities and increasing usage for park visitors.","robots":{"index":"index","follow":"follow","max-snippet":"max-snippet:-1","max-image-preview":"max-image-preview:large","max-video-preview":"max-video-preview:-1"},"canonical":"https:\/\/www.miamibeachfl.gov\/fr\/residents\/neighborhood-affairs-division\/active-projects\/parks\/normandy-isle-park-turf-replacement\/","og_locale":"fr_FR","og_type":"article","og_title":"Normandy Isle Park Turf Replacement","og_description":"Learn about the Normandy Isle Park turf replacement, a project aimed at improving facilities and increasing usage for park visitors.","og_url":"https:\/\/www.miamibeachfl.gov\/fr\/residents\/neighborhood-affairs-division\/active-projects\/parks\/normandy-isle-park-turf-replacement\/","og_site_name":"City of Miami Beach","article_publisher":"https:\/\/www.facebook.com\/cityofmiamibeach","article_modified_time":"2026-04-23T13:18:03+00:00","og_image":[{"width":1080,"height":1080,"url":"https:\/\/www.miamibeachfl.gov\/wp-content\/uploads\/2024\/03\/Parks-Gallery-4-NormandyPark.jpeg","type":"image\/jpeg"}],"twitter_card":"summary_large_image","twitter_site":"@Miamibeachnews","schema":{"@context":"https:\/\/schema.org","@graph":[{"@type":"WebPage","@id":"https:\/\/www.miamibeachfl.gov\/residents\/neighborhood-affairs-division\/active-projects\/parks\/normandy-isle-park-turf-replacement\/","url":"https:\/\/www.miamibeachfl.gov\/residents\/neighborhood-affairs-division\/active-projects\/parks\/normandy-isle-park-turf-replacement\/","name":"Remplacement du gazon du Normandy Isle Park \u2013 Ville de Miami Beach","isPartOf":{"@id":"https:\/\/www.miamibeachfl.gov\/#website"},"primaryImageOfPage":{"@id":"https:\/\/www.miamibeachfl.gov\/residents\/neighborhood-affairs-division\/active-projects\/parks\/normandy-isle-park-turf-replacement\/#primaryimage"},"image":{"@id":"https:\/\/www.miamibeachfl.gov\/residents\/neighborhood-affairs-division\/active-projects\/parks\/normandy-isle-park-turf-replacement\/#primaryimage"},"thumbnailUrl":"https:\/\/www.miamibeachfl.gov\/wp-content\/uploads\/2024\/03\/Parks-Gallery-4-NormandyPark.jpeg","datePublished":"2018-05-08T15:50:22+00:00","dateModified":"2026-04-23T13:18:03+00:00","description":"Learn about the Normandy Isle Park turf replacement, a project aimed at improving facilities and increasing usage for park visitors.","breadcrumb":{"@id":"https:\/\/www.miamibeachfl.gov\/residents\/neighborhood-affairs-division\/active-projects\/parks\/normandy-isle-park-turf-replacement\/#breadcrumb"},"inLanguage":"fr-FR","potentialAction":[{"@type":"ReadAction","target":["https:\/\/www.miamibeachfl.gov\/residents\/neighborhood-affairs-division\/active-projects\/parks\/normandy-isle-park-turf-replacement\/"]}]},{"@type":"ImageObject","inLanguage":"fr-FR","@id":"https:\/\/www.miamibeachfl.gov\/residents\/neighborhood-affairs-division\/active-projects\/parks\/normandy-isle-park-turf-replacement\/#primaryimage","url":"https:\/\/www.miamibeachfl.gov\/wp-content\/uploads\/2024\/03\/Parks-Gallery-4-NormandyPark.jpeg","contentUrl":"https:\/\/www.miamibeachfl.gov\/wp-content\/uploads\/2024\/03\/Parks-Gallery-4-NormandyPark.jpeg","width":1080,"height":1080,"caption":"Normandy Park"},{"@type":"BreadcrumbList","@id":"https:\/\/www.miamibeachfl.gov\/residents\/neighborhood-affairs-division\/active-projects\/parks\/normandy-isle-park-turf-replacement\/#breadcrumb","itemListElement":[{"@type":"ListItem","position":1,"name":"Home","item":"https:\/\/www.miamibeachfl.gov\/"},{"@type":"ListItem","position":2,"name":"Residents","item":"https:\/\/www.miamibeachfl.gov\/residents\/"},{"@type":"ListItem","position":3,"name":"Neighborhood Affairs Division","item":"https:\/\/www.miamibeachfl.gov\/residents\/neighborhood-affairs-division\/"},{"@type":"ListItem","position":4,"name":"Active Projects","item":"https:\/\/www.miamibeachfl.gov\/residents\/neighborhood-affairs-division\/active-projects\/"},{"@type":"ListItem","position":5,"name":"Parks","item":"https:\/\/www.miamibeachfl.gov\/residents\/neighborhood-affairs-division\/active-projects\/parks\/"},{"@type":"ListItem","position":6,"name":"Normandy Isle Park Turf Replacement"}]},{"@type":"WebSite","@id":"https:\/\/www.miamibeachfl.gov\/#website","url":"https:\/\/www.miamibeachfl.gov\/","name":"Ville de Miami Beach","description":"Site officiel de la ville de Miami Beach. Restez inform\u00e9 et trouvez des informations importantes sur les services municipaux, les actualit\u00e9s, les alertes, les \u00e9v\u00e9nements, les itin\u00e9raires de tramway, les emplois gouvernementaux et bien plus encore.","publisher":{"@id":"https:\/\/www.miamibeachfl.gov\/#organization"},"potentialAction":[{"@type":"SearchAction","target":{"@type":"EntryPoint","urlTemplate":"https:\/\/www.miamibeachfl.gov\/?s={search_term_string}"},"query-input":{"@type":"PropertyValueSpecification","valueRequired":true,"valueName":"search_term_string"}}],"inLanguage":"fr-FR"},{"@type":"Organization","@id":"https:\/\/www.miamibeachfl.gov\/#organization","name":"Ville de Miami Beach","url":"https:\/\/www.miamibeachfl.gov\/","logo":{"@type":"ImageObject","inLanguage":"fr-FR","@id":"https:\/\/www.miamibeachfl.gov\/#\/schema\/logo\/image\/","url":"https:\/\/www.miamibeachfl.gov\/wp-content\/uploads\/2022\/06\/miamibeach-logoblue.png","contentUrl":"https:\/\/www.miamibeachfl.gov\/wp-content\/uploads\/2022\/06\/miamibeach-logoblue.png","width":1962,"height":381,"caption":"City of Miami Beach"},"image":{"@id":"https:\/\/www.miamibeachfl.gov\/#\/schema\/logo\/image\/"},"sameAs":["https:\/\/www.facebook.com\/cityofmiamibeach","https:\/\/x.com\/Miamibeachnews","https:\/\/www.instagram.com\/miamibeachnews\/"],"description":"Site officiel de la ville de Miami Beach. Restez inform\u00e9 et trouvez des informations importantes sur les services municipaux, les actualit\u00e9s, les alertes, les \u00e9v\u00e9nements, les itin\u00e9raires de tramway, les emplois gouvernementaux et bien plus encore.","telephone":"305.604.CITY(2489)","legalName":"City of Miami Beach"}]}},"_links":{"self":[{"href":"https:\/\/www.miamibeachfl.gov\/fr\/wp-json\/wp\/v2\/pages\/68177","targetHints":{"allow":["GET"]}}],"collection":[{"href":"https:\/\/www.miamibeachfl.gov\/fr\/wp-json\/wp\/v2\/pages"}],"about":[{"href":"https:\/\/www.miamibeachfl.gov\/fr\/wp-json\/wp\/v2\/types\/page"}],"author":[{"embeddable":true,"href":"https:\/\/www.miamibeachfl.gov\/fr\/wp-json\/wp\/v2\/users\/222"}],"replies":[{"embeddable":true,"href":"https:\/\/www.miamibeachfl.gov\/fr\/wp-json\/wp\/v2\/comments?post=68177"}],"version-history":[{"count":2,"href":"https:\/\/www.miamibeachfl.gov\/fr\/wp-json\/wp\/v2\/pages\/68177\/revisions"}],"predecessor-version":[{"id":399400,"href":"https:\/\/www.miamibeachfl.gov\/fr\/wp-json\/wp\/v2\/pages\/68177\/revisions\/399400"}],"up":[{"embeddable":true,"href":"https:\/\/www.miamibeachfl.gov\/fr\/wp-json\/wp\/v2\/pages\/28465"}],"wp:featuredmedia":[{"embeddable":true,"href":"https:\/\/www.miamibeachfl.gov\/fr\/wp-json\/wp\/v2\/media\/291475"}],"wp:attachment":[{"href":"https:\/\/www.miamibeachfl.gov\/fr\/wp-json\/wp\/v2\/media?parent=68177"}],"wp:term":[{"taxonomy":"category","embeddable":true,"href":"https:\/\/www.miamibeachfl.gov\/fr\/wp-json\/wp\/v2\/categories?post=68177"},{"taxonomy":"post_tag","embeddable":true,"href":"https:\/\/www.miamibeachfl.gov\/fr\/wp-json\/wp\/v2\/tags?post=68177"}],"curies":[{"name":"wp","href":"https:\/\/api.w.org\/{rel}","templated":true}]}}