{"id":70901,"date":"2018-06-07T10:44:30","date_gmt":"2018-06-07T14:44:30","guid":{"rendered":"http:\/\/www.miamibeachfl.gov\/?page_id=70901"},"modified":"2026-04-03T13:03:29","modified_gmt":"2026-04-03T17:03:29","slug":"surface-lot-at-biscayne-beach","status":"publish","type":"page","link":"https:\/\/www.miamibeachfl.gov\/fr\/projects\/surface-lot-at-biscayne-beach\/","title":{"rendered":"Terrain de surface \u00e0 Biscayne Beach"},"content":{"rendered":"<h3>\n\t\t\tTerrain de surface \u00e0 Biscayne Beach\t<\/h3>\n\t<p>Le projet comprend la construction d&#039;un nouveau parking de surface d&#039;environ 25 \u00e0 30 places. La conception pr\u00e9voit des am\u00e9liorations pour le drainage des eaux pluviales, ainsi que des am\u00e9nagements paysagers et l&#039;ajout d&#039;\u00e9clairage. Ce projet est actuellement en cours de conception (100%) et la proc\u00e9dure d&#039;autorisation est en cours. Le d\u00e9but des travaux est pr\u00e9vu pour fin 2020.<\/p>\n\t\t<h3>\t\n\tMises \u00e0 jour du projet<\/h3>\t\n\t\t\t\t\t\t\t\t<a href=\"#\" id=\"fl-tabs--label-0\" data-index=\"0\" aria-selected=\"true\" aria-controls=\"fl-tabs--panel-0\" aria-expanded=\"true\" role=\"tab\" tabindex=\"0\">\t\t\t\tMISE \u00c0 JOUR LA PLUS R\u00c9CENTE\t\t\t\t<\/a>\n\t\t\t\t\t\tMISE \u00c0 JOUR LA PLUS R\u00c9CENTE\n\t\t\t\t\t\t\t\t\t\t\t<a href=\"https:\/\/conta.cc\/3lG4xbr\" target=\"_blank\" rel=\"noopener\">Mise \u00e0 jour du lotissement de surface de Biscane Beach (d\u00e9cembre 2021)<\/a><br \/>\n<a href=\"https:\/\/conta.cc\/2Wsdewn\">Mise \u00e0 jour du lotissement de surface de Biscayne Beach (ao\u00fbt 2021)<\/a><br \/>\n<a href=\"https:\/\/conta.cc\/3jAhtQ4\" target=\"_blank\" rel=\"noopener\">Mise \u00e0 jour du lotissement de surface de Biscayne Beach (juin 2021)<\/a>\n<h3>\n\t\t\tEmplacement\t<\/h3>\n\t<iframe src=\"https:\/\/www.google.com\/maps\/embed\/v1\/place?q=81+Hawthorne+Avenue%2C+Miami+Beach+&#038;key=AIzaSyD09zQ9PNDNNy9TadMuzRV_UsPUoWKntt8\" aria-hidden=\"true\" title=\"Carte de West Avenue, Miami Beach\"><\/iframe>\n<h3>\n\t\t\tPersonnel du projet\t<\/h3>\n\t<hr \/>\n<strong>Chef de d\u00e9partement<br \/>\nProjets d&#039;am\u00e9lioration des immobilisations (PAC)<\/strong>\n<strong>Directeur du d\u00e9partement<br \/>\nDavid Martinez, ing\u00e9nieur \u00e9lectrique<\/strong>\n<strong>Coordonnateur principal de projets d&#039;investissement<br \/>\n<\/strong><strong>Mina Samadi, \u00e9ducation physique<\/strong>.\n<strong>Coordonnateur de projets d&#039;investissement<br \/>\nDaniel Cevallos<\/strong>\n<hr \/>\nCoordonnateur des affaires de quartier<br \/>\n<strong>Dexter Peralta<\/strong><br \/>\n<a href=\"mailto:DexterPeralta@miamibeachfl.gov\">DexterPeralta@miamibeachfl.gov<\/a>\n<hr \/>\nIng\u00e9nieur<br \/>\n<strong>Schwebke-Shiskin &amp; Associ\u00e9s<\/strong>\n<h3>\n\t\t\tStatut du projet\t<\/h3>\n\t\t<h3>\t\n\tProjet termin\u00e9 en mars 2022<\/h3>\t\n\t\t<h3>Derni\u00e8re mise \u00e0 jour<\/h3><p>Avril 2022<\/p>","protected":false},"excerpt":{"rendered":"<p>Terrain de surface \u00e0 Biscayne Beach Le projet consiste en la construction d&#039;un nouveau parking de surface d&#039;environ 25 [\u2026]<\/p>","protected":false},"author":222,"featured_media":398126,"parent":397831,"menu_order":193,"comment_status":"closed","ping_status":"closed","template":"","meta":{"_searchwp_excluded":"","site-sidebar-layout":"default","site-content-layout":"","ast-site-content-layout":"default","site-content-style":"default","site-sidebar-style":"default","ast-global-header-display":"","ast-banner-title-visibility":"","ast-main-header-display":"","ast-hfb-above-header-display":"","ast-hfb-below-header-display":"","ast-hfb-mobile-header-display":"","site-post-title":"","ast-breadcrumbs-content":"","ast-featured-img":"","footer-sml-layout":"","theme-transparent-header-meta":"","adv-header-id-meta":"","stick-header-meta":"","header-above-stick-meta":"","header-main-stick-meta":"","header-below-stick-meta":"","astra-migrate-meta-layouts":"default","ast-page-background-enabled":"default","ast-page-background-meta":{"desktop":{"background-color":"var(--ast-global-color-5)","background-image":"","background-repeat":"repeat","background-position":"center center","background-size":"auto","background-attachment":"scroll","background-type":"","background-media":"","overlay-type":"","overlay-color":"","overlay-opacity":"","overlay-gradient":""},"tablet":{"background-color":"","background-image":"","background-repeat":"repeat","background-position":"center center","background-size":"auto","background-attachment":"scroll","background-type":"","background-media":"","overlay-type":"","overlay-color":"","overlay-opacity":"","overlay-gradient":""},"mobile":{"background-color":"","background-image":"","background-repeat":"repeat","background-position":"center center","background-size":"auto","background-attachment":"scroll","background-type":"","background-media":"","overlay-type":"","overlay-color":"","overlay-opacity":"","overlay-gradient":""}},"ast-content-background-meta":{"desktop":{"background-color":"var(--ast-global-color-4)","background-image":"","background-repeat":"repeat","background-position":"center center","background-size":"auto","background-attachment":"scroll","background-type":"","background-media":"","overlay-type":"","overlay-color":"","overlay-opacity":"","overlay-gradient":""},"tablet":{"background-color":"var(--ast-global-color-4)","background-image":"","background-repeat":"repeat","background-position":"center center","background-size":"auto","background-attachment":"scroll","background-type":"","background-media":"","overlay-type":"","overlay-color":"","overlay-opacity":"","overlay-gradient":""},"mobile":{"background-color":"var(--ast-global-color-4)","background-image":"","background-repeat":"repeat","background-position":"center center","background-size":"auto","background-attachment":"scroll","background-type":"","background-media":"","overlay-type":"","overlay-color":"","overlay-opacity":"","overlay-gradient":""}},"footnotes":""},"categories":[1888],"tags":[],"class_list":["post-70901","page","type-page","status-publish","has-post-thumbnail","hentry","category-completed-projects"],"yoast_head":"<!-- This site is optimized with the Yoast SEO Premium plugin v26.6 (Yoast SEO v26.6) - https:\/\/yoast.com\/wordpress\/plugins\/seo\/ -->\n<title>Surface Lot at Biscayne Beach - City of Miami Beach<\/title>\n<meta name=\"description\" content=\"Explore the new Surface Lot at Biscayne Beach featuring 25 to 30 parking spaces, enhanced drainage, and upgraded landscaping.\" \/>\n<meta name=\"robots\" content=\"index, follow, max-snippet:-1, max-image-preview:large, max-video-preview:-1\" \/>\n<link rel=\"canonical\" href=\"https:\/\/www.miamibeachfl.gov\/fr\/projects\/surface-lot-at-biscayne-beach\/\" \/>\n<meta property=\"og:locale\" content=\"fr_FR\" \/>\n<meta property=\"og:type\" content=\"article\" \/>\n<meta property=\"og:title\" content=\"Surface Lot at Biscayne Beach\" \/>\n<meta property=\"og:description\" content=\"Explore the new Surface Lot at Biscayne Beach featuring 25 to 30 parking spaces, enhanced drainage, and upgraded landscaping.\" \/>\n<meta property=\"og:url\" content=\"https:\/\/www.miamibeachfl.gov\/fr\/projects\/surface-lot-at-biscayne-beach\/\" \/>\n<meta property=\"og:site_name\" content=\"City of Miami Beach\" \/>\n<meta property=\"article:publisher\" content=\"https:\/\/www.facebook.com\/cityofmiamibeach\" \/>\n<meta property=\"article:modified_time\" content=\"2026-04-03T17:03:29+00:00\" \/>\n<meta property=\"og:image\" content=\"https:\/\/www.miamibeachfl.gov\/wp-content\/uploads\/2026\/03\/MiamiBeach-FisheyeView-square.jpg\" \/>\n\t<meta property=\"og:image:width\" content=\"500\" \/>\n\t<meta property=\"og:image:height\" content=\"500\" \/>\n\t<meta property=\"og:image:type\" content=\"image\/jpeg\" \/>\n<meta name=\"twitter:card\" content=\"summary_large_image\" \/>\n<meta name=\"twitter:site\" content=\"@Miamibeachnews\" \/>\n<script type=\"application\/ld+json\" class=\"yoast-schema-graph\">{\"@context\":\"https:\/\/schema.org\",\"@graph\":[{\"@type\":\"WebPage\",\"@id\":\"https:\/\/www.miamibeachfl.gov\/projects\/surface-lot-at-biscayne-beach\/\",\"url\":\"https:\/\/www.miamibeachfl.gov\/projects\/surface-lot-at-biscayne-beach\/\",\"name\":\"Surface Lot at Biscayne Beach - City of Miami Beach\",\"isPartOf\":{\"@id\":\"https:\/\/www.miamibeachfl.gov\/#website\"},\"primaryImageOfPage\":{\"@id\":\"https:\/\/www.miamibeachfl.gov\/projects\/surface-lot-at-biscayne-beach\/#primaryimage\"},\"image\":{\"@id\":\"https:\/\/www.miamibeachfl.gov\/projects\/surface-lot-at-biscayne-beach\/#primaryimage\"},\"thumbnailUrl\":\"https:\/\/www.miamibeachfl.gov\/wp-content\/uploads\/2026\/03\/MiamiBeach-FisheyeView-square.jpg\",\"datePublished\":\"2018-06-07T14:44:30+00:00\",\"dateModified\":\"2026-04-03T17:03:29+00:00\",\"description\":\"Explore the new Surface Lot at Biscayne Beach featuring 25 to 30 parking spaces, enhanced drainage, and upgraded landscaping.\",\"breadcrumb\":{\"@id\":\"https:\/\/www.miamibeachfl.gov\/projects\/surface-lot-at-biscayne-beach\/#breadcrumb\"},\"inLanguage\":\"fr-FR\",\"potentialAction\":[{\"@type\":\"ReadAction\",\"target\":[\"https:\/\/www.miamibeachfl.gov\/projects\/surface-lot-at-biscayne-beach\/\"]}]},{\"@type\":\"ImageObject\",\"inLanguage\":\"fr-FR\",\"@id\":\"https:\/\/www.miamibeachfl.gov\/projects\/surface-lot-at-biscayne-beach\/#primaryimage\",\"url\":\"https:\/\/www.miamibeachfl.gov\/wp-content\/uploads\/2026\/03\/MiamiBeach-FisheyeView-square.jpg\",\"contentUrl\":\"https:\/\/www.miamibeachfl.gov\/wp-content\/uploads\/2026\/03\/MiamiBeach-FisheyeView-square.jpg\",\"width\":500,\"height\":500,\"caption\":\"Miami Beach aerial view\"},{\"@type\":\"BreadcrumbList\",\"@id\":\"https:\/\/www.miamibeachfl.gov\/projects\/surface-lot-at-biscayne-beach\/#breadcrumb\",\"itemListElement\":[{\"@type\":\"ListItem\",\"position\":1,\"name\":\"Home\",\"item\":\"https:\/\/www.miamibeachfl.gov\/\"},{\"@type\":\"ListItem\",\"position\":2,\"name\":\"Projects\",\"item\":\"https:\/\/www.miamibeachfl.gov\/projects\/\"},{\"@type\":\"ListItem\",\"position\":3,\"name\":\"Surface Lot at Biscayne Beach\"}]},{\"@type\":\"WebSite\",\"@id\":\"https:\/\/www.miamibeachfl.gov\/#website\",\"url\":\"https:\/\/www.miamibeachfl.gov\/\",\"name\":\"City of Miami Beach\",\"description\":\"The official website of the City of Miami Beach. Stay informed, find important information on city services, news, alerts, events, trolley routes, government employment and more.\",\"publisher\":{\"@id\":\"https:\/\/www.miamibeachfl.gov\/#organization\"},\"potentialAction\":[{\"@type\":\"SearchAction\",\"target\":{\"@type\":\"EntryPoint\",\"urlTemplate\":\"https:\/\/www.miamibeachfl.gov\/?s={search_term_string}\"},\"query-input\":{\"@type\":\"PropertyValueSpecification\",\"valueRequired\":true,\"valueName\":\"search_term_string\"}}],\"inLanguage\":\"fr-FR\"},{\"@type\":\"Organization\",\"@id\":\"https:\/\/www.miamibeachfl.gov\/#organization\",\"name\":\"City of Miami Beach\",\"url\":\"https:\/\/www.miamibeachfl.gov\/\",\"logo\":{\"@type\":\"ImageObject\",\"inLanguage\":\"fr-FR\",\"@id\":\"https:\/\/www.miamibeachfl.gov\/#\/schema\/logo\/image\/\",\"url\":\"https:\/\/www.miamibeachfl.gov\/wp-content\/uploads\/2022\/06\/miamibeach-logoblue.png\",\"contentUrl\":\"https:\/\/www.miamibeachfl.gov\/wp-content\/uploads\/2022\/06\/miamibeach-logoblue.png\",\"width\":1962,\"height\":381,\"caption\":\"City of Miami Beach\"},\"image\":{\"@id\":\"https:\/\/www.miamibeachfl.gov\/#\/schema\/logo\/image\/\"},\"sameAs\":[\"https:\/\/www.facebook.com\/cityofmiamibeach\",\"https:\/\/x.com\/Miamibeachnews\",\"https:\/\/www.instagram.com\/miamibeachnews\/\"],\"description\":\"The official website of the City of Miami Beach. Stay informed, find important information on city services, news, alerts, events, trolley routes, government employment and more.\",\"telephone\":\"305.604.CITY(2489)\",\"legalName\":\"City of Miami Beach\"}]}<\/script>\n<!-- \/ Yoast SEO Premium plugin. -->","yoast_head_json":{"title":"Terrain de surface \u00e0 Biscayne Beach \u2013 Ville de Miami Beach","description":"Explore the new Surface Lot at Biscayne Beach featuring 25 to 30 parking spaces, enhanced drainage, and upgraded landscaping.","robots":{"index":"index","follow":"follow","max-snippet":"max-snippet:-1","max-image-preview":"max-image-preview:large","max-video-preview":"max-video-preview:-1"},"canonical":"https:\/\/www.miamibeachfl.gov\/fr\/projects\/surface-lot-at-biscayne-beach\/","og_locale":"fr_FR","og_type":"article","og_title":"Surface Lot at Biscayne Beach","og_description":"Explore the new Surface Lot at Biscayne Beach featuring 25 to 30 parking spaces, enhanced drainage, and upgraded landscaping.","og_url":"https:\/\/www.miamibeachfl.gov\/fr\/projects\/surface-lot-at-biscayne-beach\/","og_site_name":"City of Miami Beach","article_publisher":"https:\/\/www.facebook.com\/cityofmiamibeach","article_modified_time":"2026-04-03T17:03:29+00:00","og_image":[{"width":500,"height":500,"url":"https:\/\/www.miamibeachfl.gov\/wp-content\/uploads\/2026\/03\/MiamiBeach-FisheyeView-square.jpg","type":"image\/jpeg"}],"twitter_card":"summary_large_image","twitter_site":"@Miamibeachnews","schema":{"@context":"https:\/\/schema.org","@graph":[{"@type":"WebPage","@id":"https:\/\/www.miamibeachfl.gov\/projects\/surface-lot-at-biscayne-beach\/","url":"https:\/\/www.miamibeachfl.gov\/projects\/surface-lot-at-biscayne-beach\/","name":"Terrain de surface \u00e0 Biscayne Beach \u2013 Ville de Miami Beach","isPartOf":{"@id":"https:\/\/www.miamibeachfl.gov\/#website"},"primaryImageOfPage":{"@id":"https:\/\/www.miamibeachfl.gov\/projects\/surface-lot-at-biscayne-beach\/#primaryimage"},"image":{"@id":"https:\/\/www.miamibeachfl.gov\/projects\/surface-lot-at-biscayne-beach\/#primaryimage"},"thumbnailUrl":"https:\/\/www.miamibeachfl.gov\/wp-content\/uploads\/2026\/03\/MiamiBeach-FisheyeView-square.jpg","datePublished":"2018-06-07T14:44:30+00:00","dateModified":"2026-04-03T17:03:29+00:00","description":"Explore the new Surface Lot at Biscayne Beach featuring 25 to 30 parking spaces, enhanced drainage, and upgraded landscaping.","breadcrumb":{"@id":"https:\/\/www.miamibeachfl.gov\/projects\/surface-lot-at-biscayne-beach\/#breadcrumb"},"inLanguage":"fr-FR","potentialAction":[{"@type":"ReadAction","target":["https:\/\/www.miamibeachfl.gov\/projects\/surface-lot-at-biscayne-beach\/"]}]},{"@type":"ImageObject","inLanguage":"fr-FR","@id":"https:\/\/www.miamibeachfl.gov\/projects\/surface-lot-at-biscayne-beach\/#primaryimage","url":"https:\/\/www.miamibeachfl.gov\/wp-content\/uploads\/2026\/03\/MiamiBeach-FisheyeView-square.jpg","contentUrl":"https:\/\/www.miamibeachfl.gov\/wp-content\/uploads\/2026\/03\/MiamiBeach-FisheyeView-square.jpg","width":500,"height":500,"caption":"Miami Beach aerial view"},{"@type":"BreadcrumbList","@id":"https:\/\/www.miamibeachfl.gov\/projects\/surface-lot-at-biscayne-beach\/#breadcrumb","itemListElement":[{"@type":"ListItem","position":1,"name":"Home","item":"https:\/\/www.miamibeachfl.gov\/"},{"@type":"ListItem","position":2,"name":"Projects","item":"https:\/\/www.miamibeachfl.gov\/projects\/"},{"@type":"ListItem","position":3,"name":"Surface Lot at Biscayne Beach"}]},{"@type":"WebSite","@id":"https:\/\/www.miamibeachfl.gov\/#website","url":"https:\/\/www.miamibeachfl.gov\/","name":"Ville de Miami Beach","description":"Site officiel de la ville de Miami Beach. Restez inform\u00e9 et trouvez des informations importantes sur les services municipaux, les actualit\u00e9s, les alertes, les \u00e9v\u00e9nements, les itin\u00e9raires de tramway, les emplois gouvernementaux et bien plus encore.","publisher":{"@id":"https:\/\/www.miamibeachfl.gov\/#organization"},"potentialAction":[{"@type":"SearchAction","target":{"@type":"EntryPoint","urlTemplate":"https:\/\/www.miamibeachfl.gov\/?s={search_term_string}"},"query-input":{"@type":"PropertyValueSpecification","valueRequired":true,"valueName":"search_term_string"}}],"inLanguage":"fr-FR"},{"@type":"Organization","@id":"https:\/\/www.miamibeachfl.gov\/#organization","name":"Ville de Miami Beach","url":"https:\/\/www.miamibeachfl.gov\/","logo":{"@type":"ImageObject","inLanguage":"fr-FR","@id":"https:\/\/www.miamibeachfl.gov\/#\/schema\/logo\/image\/","url":"https:\/\/www.miamibeachfl.gov\/wp-content\/uploads\/2022\/06\/miamibeach-logoblue.png","contentUrl":"https:\/\/www.miamibeachfl.gov\/wp-content\/uploads\/2022\/06\/miamibeach-logoblue.png","width":1962,"height":381,"caption":"City of Miami Beach"},"image":{"@id":"https:\/\/www.miamibeachfl.gov\/#\/schema\/logo\/image\/"},"sameAs":["https:\/\/www.facebook.com\/cityofmiamibeach","https:\/\/x.com\/Miamibeachnews","https:\/\/www.instagram.com\/miamibeachnews\/"],"description":"Site officiel de la ville de Miami Beach. Restez inform\u00e9 et trouvez des informations importantes sur les services municipaux, les actualit\u00e9s, les alertes, les \u00e9v\u00e9nements, les itin\u00e9raires de tramway, les emplois gouvernementaux et bien plus encore.","telephone":"305.604.CITY(2489)","legalName":"City of Miami Beach"}]}},"_links":{"self":[{"href":"https:\/\/www.miamibeachfl.gov\/fr\/wp-json\/wp\/v2\/pages\/70901","targetHints":{"allow":["GET"]}}],"collection":[{"href":"https:\/\/www.miamibeachfl.gov\/fr\/wp-json\/wp\/v2\/pages"}],"about":[{"href":"https:\/\/www.miamibeachfl.gov\/fr\/wp-json\/wp\/v2\/types\/page"}],"author":[{"embeddable":true,"href":"https:\/\/www.miamibeachfl.gov\/fr\/wp-json\/wp\/v2\/users\/222"}],"replies":[{"embeddable":true,"href":"https:\/\/www.miamibeachfl.gov\/fr\/wp-json\/wp\/v2\/comments?post=70901"}],"version-history":[{"count":0,"href":"https:\/\/www.miamibeachfl.gov\/fr\/wp-json\/wp\/v2\/pages\/70901\/revisions"}],"up":[{"embeddable":true,"href":"https:\/\/www.miamibeachfl.gov\/fr\/wp-json\/wp\/v2\/pages\/397831"}],"wp:featuredmedia":[{"embeddable":true,"href":"https:\/\/www.miamibeachfl.gov\/fr\/wp-json\/wp\/v2\/media\/398126"}],"wp:attachment":[{"href":"https:\/\/www.miamibeachfl.gov\/fr\/wp-json\/wp\/v2\/media?parent=70901"}],"wp:term":[{"taxonomy":"category","embeddable":true,"href":"https:\/\/www.miamibeachfl.gov\/fr\/wp-json\/wp\/v2\/categories?post=70901"},{"taxonomy":"post_tag","embeddable":true,"href":"https:\/\/www.miamibeachfl.gov\/fr\/wp-json\/wp\/v2\/tags?post=70901"}],"curies":[{"name":"wp","href":"https:\/\/api.w.org\/{rel}","templated":true}]}}