{"id":72977,"date":"2018-06-26T14:52:52","date_gmt":"2018-06-26T18:52:52","guid":{"rendered":"http:\/\/www.miamibeachfl.gov\/city-hall\/city-clerk\/election-information\/related-resolutions\/"},"modified":"2025-02-23T14:52:33","modified_gmt":"2025-02-23T19:52:33","slug":"related-resolutions","status":"publish","type":"page","link":"https:\/\/www.miamibeachfl.gov\/fr\/city-hall\/city-clerk\/election-information\/related-resolutions\/","title":{"rendered":"R\u00e9solutions connexes"},"content":{"rendered":"<img loading=\"lazy\" decoding=\"async\" src=\"https:\/\/www.miamibeachfl.gov\/wp-content\/uploads\/2022\/07\/hero-small.jpg\" alt=\"ocean drive art deco buildings\" itemprop=\"image\" height=\"211\" width=\"2395\" title=\"petit h\u00e9ros\" onerror=\"this.style.display='none'\"  \/>\n<h1>\n\t\tR\u00e9solutions connexes\n\t<\/h1>\n\t<nav id=\"breadcrumbs\" aria-label=\"Fil d&#039;Ariane\"><a href=\"https:\/\/www.miamibeachfl.gov\/fr\/\">Maison<\/a> &gt; <a href=\"https:\/\/www.miamibeachfl.gov\/fr\/city-hall\/\">l&#039;h\u00f4tel de ville<\/a> &gt; <a href=\"https:\/\/www.miamibeachfl.gov\/fr\/city-hall\/city-clerk\/\">greffier de la ville<\/a> &gt; <a href=\"https:\/\/www.miamibeachfl.gov\/fr\/city-hall\/city-clerk\/election-information\/\">Informations \u00e9lectorales<\/a> &gt; <strong>R\u00e9solutions connexes<\/strong><\/nav>\n\t<ul>\n<li><a href=\"http:\/\/www.miamibeachfl.gov\/wp-content\/uploads\/2018\/10\/Resolution-2018-30455.pdf\">R\u00e9solution n\u00b0 2018-30455<\/a><br \/>\nUne r\u00e9solution du maire et de la commission municipale de la ville de Miami Beach, en Floride, adoptant la certification du conseil de d\u00e9pouillement du comt\u00e9 de Miami-Dade pour l&#039;\u00e9lection sp\u00e9ciale du 28 ao\u00fbt 2018 pour la ville de Miami Beach, et en d\u00e9clarant les r\u00e9sultats.<\/li>\n<li><a href=\"http:\/\/docmgmt.miamibeachfl.gov\/weblink\/DocView.aspx?dbid=0&amp;id=235053&amp;page=1&amp;cr=1\">R\u00e9solution n\u00b0 2018-30353<\/a><br \/>\nUne r\u00e9solution du maire et de la commission municipale de la ville de Miami Beach, en Floride, appelant \u00e0 une \u00e9lection sp\u00e9ciale le 28 ao\u00fbt 2018, dans le but de soumettre \u00e0 l&#039;\u00e9lectorat de la ville de Miami Beach, en Floride, une question de vote demandant si la section 2.02 de la charte de la ville devrait \u00eatre modifi\u00e9e pour pr\u00e9voir que la r\u00e9mun\u00e9ration annuelle \u00e9tablie en 1966 pour le maire et les commissaires soit modifi\u00e9e de $10 000 \u00e0 $75 636 pour le maire et de $6 000 \u00e0 $45 381 pour les commissaires, respectivement, et qui peut \u00eatre index\u00e9e annuellement par la commission municipale en fonction de l&#039;inflation, lors d&#039;une audience publique annonc\u00e9e, en utilisant l&#039;indice des prix \u00e0 la consommation, publi\u00e9 par le minist\u00e8re du Travail des \u00c9tats-Unis, d&#039;un montant ne d\u00e9passant pas trois (3) pour cent par an.<\/li>\n<li><a href=\"http:\/\/docmgmt.miamibeachfl.gov\/weblink\/0\/doc\/235054\/Page1.aspx\">R\u00e9solution n\u00b0 2018-30352<\/a><br \/>\nUne r\u00e9solution du maire et de la commission municipale de la ville de Miami Beach, en Floride, appelant \u00e0 une \u00e9lection sp\u00e9ciale le 28 ao\u00fbt 2018, dans le but de soumettre \u00e0 l&#039;\u00e9lectorat de la ville de Miami Beach, en Floride, une question de vote demandant si l&#039;article 2 des lois sp\u00e9ciales connexes, intitul\u00e9 \u00ab Nomination, composition et fonctions du conseil d&#039;ajustement \u00bb, devrait \u00eatre modifi\u00e9 pour pr\u00e9voir que deux des membres du conseil d&#039;ajustement seront des citoyens en g\u00e9n\u00e9ral, et que les cinq membres restants repr\u00e9senteront chacun l&#039;une des professions \u00e9nonc\u00e9es \u00e0 l&#039;article 2 des lois sp\u00e9ciales connexes.<\/li>\n<li><a href=\"http:\/\/docmgmt.miamibeachfl.gov\/weblink\/0\/doc\/235983\/Page1.aspx\">R\u00e9solution n\u00b0 2018-30361<\/a><br \/>\nUne r\u00e9solution du maire et de la commission municipale de la ville de Miami Beach, en Floride, reconnaissant et approuvant le vote anticip\u00e9 pour l&#039;\u00e9lection sp\u00e9ciale de la ville de Miami Beach du 28 ao\u00fbt 2018.<\/li>\n<li><a href=\"http:\/\/docmgmt.miamibeachfl.gov\/weblink\/0\/doc\/235981\/Page1.aspx\">R\u00e9solution n\u00b0 2018-30362<\/a><br \/>\nUne r\u00e9solution du maire et de la commission municipale de la ville de Miami Beach, en Floride, autorisant le conseil de d\u00e9pouillement du comt\u00e9 de Miami-Dade pour l&#039;\u00e9lection primaire du 28 ao\u00fbt 2018 \u00e0 servir de conseil de d\u00e9pouillement pour l&#039;\u00e9lection sp\u00e9ciale de la ville de Miami Beach qui se tiendra le 28 ao\u00fbt 2018.<\/li>\n<li><a href=\"http:\/\/docmgmt.miamibeachfl.gov\/weblink\/0\/doc\/235982\/Page1.aspx\">R\u00e9solution n\u00b0 2018-30363<\/a><br \/>\nUne r\u00e9solution du maire et de la commission municipale de la ville de Miami Beach, en Floride, approuvant un financement et une d\u00e9pense d&#039;un montant ne d\u00e9passant pas $22 000,00 dans le but public d&#039;informer et d&#039;\u00e9duquer les \u00e9lecteurs de la ville de Miami Beach concernant les questions de vote lors de l&#039;\u00e9lection sp\u00e9ciale de la ville du 28 ao\u00fbt 2018, qui se tiendra en conjonction avec l&#039;\u00e9lection primaire, afin de parvenir \u00e0 un vote \u00e9lectoral plus \u00e9clair\u00e9.<\/li>\n<\/ul>\n\t\tAcc\u00e9der \u00e0\u2026\t\t\t\n\t\t\t\t\t<ul id=\"menu-city-clerk-election-menu\"><li id=\"menu-item-363778\"><a href=\"https:\/\/www.miamibeachfl.gov\/fr\/city-hall\/city-clerk\/election-information\/election-information-archive-2018-to-present\/\">Archives 2018 \u00e0 aujourd&#039;hui<\/a><\/li>\n<li id=\"menu-item-363779\"><a href=\"https:\/\/www.miamibeachfl.gov\/fr\/city-hall\/city-clerk\/election-information\/august-18-2020-primary-election\/\">18 ao\u00fbt 2020\u00a0: \u00c9lection primaire<\/a><\/li>\n<li id=\"menu-item-363780\"><a href=\"https:\/\/www.miamibeachfl.gov\/fr\/city-hall\/city-clerk\/election-information\/august-2024-primary-election\/\">\u00c9lection primaire d&#039;ao\u00fbt 2024<\/a><\/li>\n<li id=\"menu-item-363781\"><a href=\"https:\/\/www.miamibeachfl.gov\/fr\/city-hall\/city-clerk\/election-information\/general-election-2-2\/\">23 ao\u00fbt 2022\u00a0: \u00c9lection sp\u00e9ciale<\/a><\/li>\n<li id=\"menu-item-363782\"><a href=\"https:\/\/www.miamibeachfl.gov\/fr\/city-hall\/city-clerk\/election-information\/campaign-finance\/\">Lois sur le financement des campagnes \u00e9lectorales<\/a><\/li>\n<li id=\"menu-item-363783\"><a href=\"https:\/\/www.miamibeachfl.gov\/fr\/city-hall\/city-clerk\/election-information\/december-17-2019-special-election-allison-island-and-biscayne-beach-only\/\">\u00c9lection sp\u00e9ciale du 17 d\u00e9cembre 2019<\/a><\/li>\n<li id=\"menu-item-363784\"><a href=\"https:\/\/www.miamibeachfl.gov\/fr\/city-hall\/city-clerk\/election-information\/ecos-registered-with-the-department-of-state\/\">ECO enregistr\u00e9s aupr\u00e8s du D\u00e9partement d&#039;\u00c9tat<\/a><\/li>\n<li id=\"menu-item-363785\"><a href=\"https:\/\/www.miamibeachfl.gov\/fr\/city-hall\/city-clerk\/election-information\/election-related-resolutions\/\">R\u00e9solutions relatives aux \u00e9lections<\/a><\/li>\n<li id=\"menu-item-363786\"><a href=\"https:\/\/www.miamibeachfl.gov\/fr\/city-hall\/city-clerk\/election-information\/general-election\/\">\u00c9lections g\u00e9n\u00e9rales et sp\u00e9ciales\/Second tour<\/a><\/li>\n<li id=\"menu-item-363787\"><a href=\"https:\/\/www.miamibeachfl.gov\/fr\/city-hall\/city-clerk\/election-information\/general-election-2\/\">\u00c9lection g\u00e9n\u00e9rale<\/a><\/li>\n<li id=\"menu-item-363813\"><a href=\"https:\/\/www.miamibeachfl.gov\/fr\/city-hall\/city-clerk\/election-information\/lrbid-renewalelection\/\">\u00c9lection pour le renouvellement du district d&#039;am\u00e9lioration commerciale de Lincoln Road<\/a><\/li>\n<li id=\"menu-item-363814\"><a href=\"https:\/\/www.miamibeachfl.gov\/fr\/city-hall\/city-clerk\/election-information\/mail-ballot-election-for-the-creation-of-a-special-assessment-district-to-be-known-as-the-south-beach-business-improvement-district\/\">\u00c9lection par correspondance<\/a><\/li>\n<li id=\"menu-item-363788\"><a href=\"https:\/\/www.miamibeachfl.gov\/fr\/city-hall\/city-clerk\/election-information\/march-17-2020-presidential-preference-primary-election\/\">17 mars 2020\u00a0: Primaires pr\u00e9sidentielles<\/a><\/li>\n<li id=\"menu-item-363789\"><a href=\"https:\/\/www.miamibeachfl.gov\/fr\/city-hall\/city-clerk\/election-information\/most-commonly-used-election-forms\/\">Formulaires \u00e9lectoraux les plus couramment utilis\u00e9s<\/a><\/li>\n<li id=\"menu-item-363790\"><a href=\"https:\/\/www.miamibeachfl.gov\/fr\/city-hall\/city-clerk\/election-information\/november-3-2020-general-election\/\">3 novembre 2020\u00a0: \u00c9lections g\u00e9n\u00e9rales<\/a><\/li>\n<li id=\"menu-item-363791\"><a href=\"https:\/\/www.miamibeachfl.gov\/fr\/city-hall\/city-clerk\/election-information\/november-4-2025-general-and-special-elections\/\">4 novembre 2025\u00a0: \u00c9lections g\u00e9n\u00e9rales<\/a><\/li>\n<li id=\"menu-item-363792\"><a href=\"https:\/\/www.miamibeachfl.gov\/fr\/city-hall\/city-clerk\/election-information\/november-5-2024-general-and-special-elections\/\">5 novembre 2024\u00a0: \u00c9lection sp\u00e9ciale<\/a><\/li>\n<li id=\"menu-item-363793\"><a href=\"https:\/\/www.miamibeachfl.gov\/fr\/city-hall\/city-clerk\/election-information\/november-8-2022-special-election-to-fill-vacancy-special-election-for-referendum\/\">8 novembre 2022\u00a0: \u00c9lection sp\u00e9ciale pour combler un poste vacant et \u00e9lection sp\u00e9ciale pour les r\u00e9f\u00e9rendums<\/a><\/li>\n<li id=\"menu-item-363794\"><a href=\"https:\/\/www.miamibeachfl.gov\/fr\/city-hall\/city-clerk\/election-information\/related-resolution\/\">R\u00e9solutions connexes<\/a><\/li>\n<li id=\"menu-item-363795\"><a href=\"https:\/\/www.miamibeachfl.gov\/fr\/city-hall\/city-clerk\/election-information\/related-resolutions-november-5-2024\/\">R\u00e9solutions connexes \u2013 5 NOVEMBRE 2024<\/a><\/li>\n<li id=\"menu-item-363796\"><a href=\"https:\/\/www.miamibeachfl.gov\/fr\/city-hall\/city-clerk\/election-information\/related-resolutions-november-7-2023\/\">R\u00e9solutions connexes \u2013 7 novembre 2023<\/a><\/li>\n<li id=\"menu-item-363797\"><a href=\"https:\/\/www.miamibeachfl.gov\/fr\/city-hall\/city-clerk\/election-information\/resolutions\/\">R\u00e9solutions<\/a><\/li>\n<li id=\"menu-item-363798\"><a href=\"https:\/\/www.miamibeachfl.gov\/fr\/city-hall\/city-clerk\/election-information\/south-beach-bid-election\/\">\u00c9lection de la candidature de South Beach<\/a><\/li>\n<li id=\"menu-item-363799\"><a href=\"https:\/\/www.miamibeachfl.gov\/fr\/city-hall\/city-clerk\/election-information\/special-election-to-fill-vancancy-runoff\/\">\u00c9lection sp\u00e9ciale pour combler un poste vacant au second tour<\/a><\/li>\n<\/ul>\t\n\t<div class=\"page-navigation\"><a class=\"prev-page\" href=\"https:\/\/www.miamibeachfl.gov\/fr\/city-hall\/city-clerk\/election-information\/election-information-archive-2018-to-present\/\">\u2190 Archives 2018 \u00e0 aujourd&#039;hui<\/a> <a class=\"next-page\" href=\"https:\/\/www.miamibeachfl.gov\/fr\/city-hall\/city-clerk\/election-information\/november-6-2018-special-election\/\">6 novembre 2018 - \u00c9lection sp\u00e9ciale \u2192<\/a><\/div>","protected":false},"excerpt":{"rendered":"<p>Related Resolutions Home &gt; City Hall &gt; City Clerk &gt; Election Information &gt; Related Resolutions Resolution No. 2018-30455 A Resolution [&hellip;]<\/p>\n","protected":false},"author":222,"featured_media":0,"parent":28358,"menu_order":123,"comment_status":"closed","ping_status":"closed","template":"page-blank.php","meta":{"_searchwp_excluded":"","site-sidebar-layout":"default","site-content-layout":"","ast-site-content-layout":"default","site-content-style":"default","site-sidebar-style":"default","ast-global-header-display":"","ast-banner-title-visibility":"","ast-main-header-display":"","ast-hfb-above-header-display":"","ast-hfb-below-header-display":"","ast-hfb-mobile-header-display":"","site-post-title":"","ast-breadcrumbs-content":"","ast-featured-img":"","footer-sml-layout":"","theme-transparent-header-meta":"","adv-header-id-meta":"","stick-header-meta":"","header-above-stick-meta":"","header-main-stick-meta":"","header-below-stick-meta":"","astra-migrate-meta-layouts":"default","ast-page-background-enabled":"default","ast-page-background-meta":{"desktop":{"background-color":"var(--ast-global-color-5)","background-image":"","background-repeat":"repeat","background-position":"center center","background-size":"auto","background-attachment":"scroll","background-type":"","background-media":"","overlay-type":"","overlay-color":"","overlay-opacity":"","overlay-gradient":""},"tablet":{"background-color":"","background-image":"","background-repeat":"repeat","background-position":"center center","background-size":"auto","background-attachment":"scroll","background-type":"","background-media":"","overlay-type":"","overlay-color":"","overlay-opacity":"","overlay-gradient":""},"mobile":{"background-color":"","background-image":"","background-repeat":"repeat","background-position":"center center","background-size":"auto","background-attachment":"scroll","background-type":"","background-media":"","overlay-type":"","overlay-color":"","overlay-opacity":"","overlay-gradient":""}},"ast-content-background-meta":{"desktop":{"background-color":"var(--ast-global-color-4)","background-image":"","background-repeat":"repeat","background-position":"center center","background-size":"auto","background-attachment":"scroll","background-type":"","background-media":"","overlay-type":"","overlay-color":"","overlay-opacity":"","overlay-gradient":""},"tablet":{"background-color":"var(--ast-global-color-4)","background-image":"","background-repeat":"repeat","background-position":"center center","background-size":"auto","background-attachment":"scroll","background-type":"","background-media":"","overlay-type":"","overlay-color":"","overlay-opacity":"","overlay-gradient":""},"mobile":{"background-color":"var(--ast-global-color-4)","background-image":"","background-repeat":"repeat","background-position":"center center","background-size":"auto","background-attachment":"scroll","background-type":"","background-media":"","overlay-type":"","overlay-color":"","overlay-opacity":"","overlay-gradient":""}},"footnotes":""},"categories":[],"tags":[],"class_list":["post-72977","page","type-page","status-publish","hentry"],"yoast_head":"<!-- This site is optimized with the Yoast SEO Premium plugin v26.6 (Yoast SEO v26.6) - https:\/\/yoast.com\/wordpress\/plugins\/seo\/ -->\n<title>Related Resolutions - City of Miami Beach<\/title>\n<meta name=\"description\" content=\"%\" \/>\n<meta name=\"robots\" content=\"index, follow, max-snippet:-1, max-image-preview:large, max-video-preview:-1\" \/>\n<link rel=\"canonical\" href=\"https:\/\/www.miamibeachfl.gov\/fr\/city-hall\/city-clerk\/election-information\/related-resolutions\/\" \/>\n<meta property=\"og:locale\" content=\"fr_FR\" \/>\n<meta property=\"og:type\" content=\"article\" \/>\n<meta property=\"og:title\" content=\"Related Resolutions\" \/>\n<meta property=\"og:description\" content=\"%\" \/>\n<meta property=\"og:url\" content=\"https:\/\/www.miamibeachfl.gov\/fr\/city-hall\/city-clerk\/election-information\/related-resolutions\/\" \/>\n<meta property=\"og:site_name\" content=\"City of Miami Beach\" \/>\n<meta property=\"article:publisher\" content=\"https:\/\/www.facebook.com\/cityofmiamibeach\" \/>\n<meta property=\"article:modified_time\" content=\"2025-02-23T19:52:33+00:00\" \/>\n<meta property=\"og:image\" content=\"https:\/\/www.miamibeachfl.gov\/wp-content\/uploads\/2022\/07\/hero-small.jpg\" \/>\n<meta name=\"twitter:card\" content=\"summary_large_image\" \/>\n<meta name=\"twitter:site\" content=\"@Miamibeachnews\" \/>\n<script type=\"application\/ld+json\" class=\"yoast-schema-graph\">{\"@context\":\"https:\/\/schema.org\",\"@graph\":[{\"@type\":\"WebPage\",\"@id\":\"https:\/\/www.miamibeachfl.gov\/city-hall\/city-clerk\/election-information\/related-resolutions\/\",\"url\":\"https:\/\/www.miamibeachfl.gov\/city-hall\/city-clerk\/election-information\/related-resolutions\/\",\"name\":\"Related Resolutions - City of Miami Beach\",\"isPartOf\":{\"@id\":\"https:\/\/www.miamibeachfl.gov\/#website\"},\"primaryImageOfPage\":{\"@id\":\"https:\/\/www.miamibeachfl.gov\/city-hall\/city-clerk\/election-information\/related-resolutions\/#primaryimage\"},\"image\":{\"@id\":\"https:\/\/www.miamibeachfl.gov\/city-hall\/city-clerk\/election-information\/related-resolutions\/#primaryimage\"},\"thumbnailUrl\":\"https:\/\/www.miamibeachfl.gov\/wp-content\/uploads\/2022\/07\/hero-small.jpg\",\"datePublished\":\"2018-06-26T18:52:52+00:00\",\"dateModified\":\"2025-02-23T19:52:33+00:00\",\"description\":\"%\",\"breadcrumb\":{\"@id\":\"https:\/\/www.miamibeachfl.gov\/city-hall\/city-clerk\/election-information\/related-resolutions\/#breadcrumb\"},\"inLanguage\":\"fr-FR\",\"potentialAction\":[{\"@type\":\"ReadAction\",\"target\":[\"https:\/\/www.miamibeachfl.gov\/city-hall\/city-clerk\/election-information\/related-resolutions\/\"]}]},{\"@type\":\"ImageObject\",\"inLanguage\":\"fr-FR\",\"@id\":\"https:\/\/www.miamibeachfl.gov\/city-hall\/city-clerk\/election-information\/related-resolutions\/#primaryimage\",\"url\":\"https:\/\/www.miamibeachfl.gov\/wp-content\/uploads\/2022\/07\/hero-small.jpg\",\"contentUrl\":\"https:\/\/www.miamibeachfl.gov\/wp-content\/uploads\/2022\/07\/hero-small.jpg\"},{\"@type\":\"BreadcrumbList\",\"@id\":\"https:\/\/www.miamibeachfl.gov\/city-hall\/city-clerk\/election-information\/related-resolutions\/#breadcrumb\",\"itemListElement\":[{\"@type\":\"ListItem\",\"position\":1,\"name\":\"Home\",\"item\":\"https:\/\/www.miamibeachfl.gov\/\"},{\"@type\":\"ListItem\",\"position\":2,\"name\":\"City Hall\",\"item\":\"https:\/\/www.miamibeachfl.gov\/city-hall\/\"},{\"@type\":\"ListItem\",\"position\":3,\"name\":\"City Clerk\",\"item\":\"https:\/\/www.miamibeachfl.gov\/city-hall\/city-clerk\/\"},{\"@type\":\"ListItem\",\"position\":4,\"name\":\"Election Information\",\"item\":\"https:\/\/www.miamibeachfl.gov\/city-hall\/city-clerk\/election-information\/\"},{\"@type\":\"ListItem\",\"position\":5,\"name\":\"Related Resolutions\"}]},{\"@type\":\"WebSite\",\"@id\":\"https:\/\/www.miamibeachfl.gov\/#website\",\"url\":\"https:\/\/www.miamibeachfl.gov\/\",\"name\":\"City of Miami Beach\",\"description\":\"The official website of the City of Miami Beach. Stay informed, find important information on city services, news, alerts, events, trolley routes, government employment and more.\",\"publisher\":{\"@id\":\"https:\/\/www.miamibeachfl.gov\/#organization\"},\"potentialAction\":[{\"@type\":\"SearchAction\",\"target\":{\"@type\":\"EntryPoint\",\"urlTemplate\":\"https:\/\/www.miamibeachfl.gov\/?s={search_term_string}\"},\"query-input\":{\"@type\":\"PropertyValueSpecification\",\"valueRequired\":true,\"valueName\":\"search_term_string\"}}],\"inLanguage\":\"fr-FR\"},{\"@type\":\"Organization\",\"@id\":\"https:\/\/www.miamibeachfl.gov\/#organization\",\"name\":\"City of Miami Beach\",\"url\":\"https:\/\/www.miamibeachfl.gov\/\",\"logo\":{\"@type\":\"ImageObject\",\"inLanguage\":\"fr-FR\",\"@id\":\"https:\/\/www.miamibeachfl.gov\/#\/schema\/logo\/image\/\",\"url\":\"https:\/\/www.miamibeachfl.gov\/wp-content\/uploads\/2022\/06\/miamibeach-logoblue.png\",\"contentUrl\":\"https:\/\/www.miamibeachfl.gov\/wp-content\/uploads\/2022\/06\/miamibeach-logoblue.png\",\"width\":1962,\"height\":381,\"caption\":\"City of Miami Beach\"},\"image\":{\"@id\":\"https:\/\/www.miamibeachfl.gov\/#\/schema\/logo\/image\/\"},\"sameAs\":[\"https:\/\/www.facebook.com\/cityofmiamibeach\",\"https:\/\/x.com\/Miamibeachnews\",\"https:\/\/www.instagram.com\/miamibeachnews\/\"],\"description\":\"The official website of the City of Miami Beach. Stay informed, find important information on city services, news, alerts, events, trolley routes, government employment and more.\",\"telephone\":\"305.604.CITY(2489)\",\"legalName\":\"City of Miami Beach\"}]}<\/script>\n<!-- \/ Yoast SEO Premium plugin. -->","yoast_head_json":{"title":"R\u00e9solutions connexes \u2013 Ville de Miami Beach","description":"%","robots":{"index":"index","follow":"follow","max-snippet":"max-snippet:-1","max-image-preview":"max-image-preview:large","max-video-preview":"max-video-preview:-1"},"canonical":"https:\/\/www.miamibeachfl.gov\/fr\/city-hall\/city-clerk\/election-information\/related-resolutions\/","og_locale":"fr_FR","og_type":"article","og_title":"Related Resolutions","og_description":"%","og_url":"https:\/\/www.miamibeachfl.gov\/fr\/city-hall\/city-clerk\/election-information\/related-resolutions\/","og_site_name":"City of Miami Beach","article_publisher":"https:\/\/www.facebook.com\/cityofmiamibeach","article_modified_time":"2025-02-23T19:52:33+00:00","og_image":[{"url":"https:\/\/www.miamibeachfl.gov\/wp-content\/uploads\/2022\/07\/hero-small.jpg","type":"","width":"","height":""}],"twitter_card":"summary_large_image","twitter_site":"@Miamibeachnews","schema":{"@context":"https:\/\/schema.org","@graph":[{"@type":"WebPage","@id":"https:\/\/www.miamibeachfl.gov\/city-hall\/city-clerk\/election-information\/related-resolutions\/","url":"https:\/\/www.miamibeachfl.gov\/city-hall\/city-clerk\/election-information\/related-resolutions\/","name":"R\u00e9solutions connexes \u2013 Ville de Miami Beach","isPartOf":{"@id":"https:\/\/www.miamibeachfl.gov\/#website"},"primaryImageOfPage":{"@id":"https:\/\/www.miamibeachfl.gov\/city-hall\/city-clerk\/election-information\/related-resolutions\/#primaryimage"},"image":{"@id":"https:\/\/www.miamibeachfl.gov\/city-hall\/city-clerk\/election-information\/related-resolutions\/#primaryimage"},"thumbnailUrl":"https:\/\/www.miamibeachfl.gov\/wp-content\/uploads\/2022\/07\/hero-small.jpg","datePublished":"2018-06-26T18:52:52+00:00","dateModified":"2025-02-23T19:52:33+00:00","description":"%","breadcrumb":{"@id":"https:\/\/www.miamibeachfl.gov\/city-hall\/city-clerk\/election-information\/related-resolutions\/#breadcrumb"},"inLanguage":"fr-FR","potentialAction":[{"@type":"ReadAction","target":["https:\/\/www.miamibeachfl.gov\/city-hall\/city-clerk\/election-information\/related-resolutions\/"]}]},{"@type":"ImageObject","inLanguage":"fr-FR","@id":"https:\/\/www.miamibeachfl.gov\/city-hall\/city-clerk\/election-information\/related-resolutions\/#primaryimage","url":"https:\/\/www.miamibeachfl.gov\/wp-content\/uploads\/2022\/07\/hero-small.jpg","contentUrl":"https:\/\/www.miamibeachfl.gov\/wp-content\/uploads\/2022\/07\/hero-small.jpg"},{"@type":"BreadcrumbList","@id":"https:\/\/www.miamibeachfl.gov\/city-hall\/city-clerk\/election-information\/related-resolutions\/#breadcrumb","itemListElement":[{"@type":"ListItem","position":1,"name":"Home","item":"https:\/\/www.miamibeachfl.gov\/"},{"@type":"ListItem","position":2,"name":"City Hall","item":"https:\/\/www.miamibeachfl.gov\/city-hall\/"},{"@type":"ListItem","position":3,"name":"City Clerk","item":"https:\/\/www.miamibeachfl.gov\/city-hall\/city-clerk\/"},{"@type":"ListItem","position":4,"name":"Election Information","item":"https:\/\/www.miamibeachfl.gov\/city-hall\/city-clerk\/election-information\/"},{"@type":"ListItem","position":5,"name":"Related Resolutions"}]},{"@type":"WebSite","@id":"https:\/\/www.miamibeachfl.gov\/#website","url":"https:\/\/www.miamibeachfl.gov\/","name":"Ville de Miami Beach","description":"Site officiel de la ville de Miami Beach. Restez inform\u00e9 et trouvez des informations importantes sur les services municipaux, les actualit\u00e9s, les alertes, les \u00e9v\u00e9nements, les itin\u00e9raires de tramway, les emplois gouvernementaux et bien plus encore.","publisher":{"@id":"https:\/\/www.miamibeachfl.gov\/#organization"},"potentialAction":[{"@type":"SearchAction","target":{"@type":"EntryPoint","urlTemplate":"https:\/\/www.miamibeachfl.gov\/?s={search_term_string}"},"query-input":{"@type":"PropertyValueSpecification","valueRequired":true,"valueName":"search_term_string"}}],"inLanguage":"fr-FR"},{"@type":"Organization","@id":"https:\/\/www.miamibeachfl.gov\/#organization","name":"Ville de Miami Beach","url":"https:\/\/www.miamibeachfl.gov\/","logo":{"@type":"ImageObject","inLanguage":"fr-FR","@id":"https:\/\/www.miamibeachfl.gov\/#\/schema\/logo\/image\/","url":"https:\/\/www.miamibeachfl.gov\/wp-content\/uploads\/2022\/06\/miamibeach-logoblue.png","contentUrl":"https:\/\/www.miamibeachfl.gov\/wp-content\/uploads\/2022\/06\/miamibeach-logoblue.png","width":1962,"height":381,"caption":"City of Miami Beach"},"image":{"@id":"https:\/\/www.miamibeachfl.gov\/#\/schema\/logo\/image\/"},"sameAs":["https:\/\/www.facebook.com\/cityofmiamibeach","https:\/\/x.com\/Miamibeachnews","https:\/\/www.instagram.com\/miamibeachnews\/"],"description":"Site officiel de la ville de Miami Beach. Restez inform\u00e9 et trouvez des informations importantes sur les services municipaux, les actualit\u00e9s, les alertes, les \u00e9v\u00e9nements, les itin\u00e9raires de tramway, les emplois gouvernementaux et bien plus encore.","telephone":"305.604.CITY(2489)","legalName":"City of Miami Beach"}]}},"_links":{"self":[{"href":"https:\/\/www.miamibeachfl.gov\/fr\/wp-json\/wp\/v2\/pages\/72977","targetHints":{"allow":["GET"]}}],"collection":[{"href":"https:\/\/www.miamibeachfl.gov\/fr\/wp-json\/wp\/v2\/pages"}],"about":[{"href":"https:\/\/www.miamibeachfl.gov\/fr\/wp-json\/wp\/v2\/types\/page"}],"author":[{"embeddable":true,"href":"https:\/\/www.miamibeachfl.gov\/fr\/wp-json\/wp\/v2\/users\/222"}],"replies":[{"embeddable":true,"href":"https:\/\/www.miamibeachfl.gov\/fr\/wp-json\/wp\/v2\/comments?post=72977"}],"version-history":[{"count":0,"href":"https:\/\/www.miamibeachfl.gov\/fr\/wp-json\/wp\/v2\/pages\/72977\/revisions"}],"up":[{"embeddable":true,"href":"https:\/\/www.miamibeachfl.gov\/fr\/wp-json\/wp\/v2\/pages\/28358"}],"wp:attachment":[{"href":"https:\/\/www.miamibeachfl.gov\/fr\/wp-json\/wp\/v2\/media?parent=72977"}],"wp:term":[{"taxonomy":"category","embeddable":true,"href":"https:\/\/www.miamibeachfl.gov\/fr\/wp-json\/wp\/v2\/categories?post=72977"},{"taxonomy":"post_tag","embeddable":true,"href":"https:\/\/www.miamibeachfl.gov\/fr\/wp-json\/wp\/v2\/tags?post=72977"}],"curies":[{"name":"wp","href":"https:\/\/api.w.org\/{rel}","templated":true}]}}