{"id":110075,"date":"2019-07-16T09:13:04","date_gmt":"2019-07-16T13:13:04","guid":{"rendered":"http:\/\/www.miamibeachfl.gov\/?page_id=110075"},"modified":"2026-01-07T11:24:12","modified_gmt":"2026-01-07T16:24:12","slug":"sobecats","status":"publish","type":"page","link":"https:\/\/www.miamibeachfl.gov\/ht\/city-hall\/public-works\/sobecats\/","title":{"rendered":"Pwogram Chat Kominot\u00e8 Miami Beach la"},"content":{"rendered":"<img decoding=\"async\" src=\"https:\/\/www.miamibeachfl.gov\/wp-content\/uploads\/2022\/07\/hero-small.jpg\" alt=\"ocean drive art deco buildings\" itemprop=\"image\" height=\"211\" width=\"2395\" title=\"ewo-piti\" onerror=\"this.style.display='none'\" loading=\"lazy\" \/>\n<h1>\n\t\t\tPwogram Chat Kominot\u00e8 Miami Beach la\t<\/h1>\n\t<nav id=\"breadcrumbs\" aria-label=\"Pen griye\"><a href=\"https:\/\/www.miamibeachfl.gov\/ht\/\">Lakay<\/a> &gt; <a href=\"https:\/\/www.miamibeachfl.gov\/ht\/city-hall\/\">Lakou Vil la<\/a> &gt; <a href=\"https:\/\/www.miamibeachfl.gov\/ht\/city-hall\/public-works\/\">Travay Piblik<\/a> &gt; <strong>Pwogram Chat Kominot\u00e8 Miami Beach la<\/strong><\/nav>\n\t<p>Vil Miami Beach la asosye av\u00e8k SoBe Cats Spay &amp; Neuter, Inc. pou jere popilasyon chat kominot\u00e8 nan vil nou an yon fason imen atrav\u00e8 yon apw\u00f2ch twa asp\u00e8:<\/p>\n<ol>\n<li><u><strong>Retounen Vaksinasyon ak Kastrasyon nan Py\u00e8j (TNVR)<\/strong>:<\/u> Nou ede fasilite ev\u00e8nman TNVR yo av\u00e8k volont\u00e8 nan z\u00f2n nan pou chas\u00e8 chat kominot\u00e8 yo ke moun pa ka adopte. Kitty Campus, Saving Sage Animal Rescue, Sobe Cats, Operation Paw ak Miami-Dade Animal Services Mobile clinic se tout patn\u00e8 ki ede vil la nan ef\u00f2 sa yo.<strong><br \/>\n<a href=\"https:\/\/form.jotform.com\/SoBeCats\/TNVRRequest\">Demann TNVR (klike la a)<\/a><\/strong><\/li>\n<li><strong>Adopsyon:<\/strong> Nou esterilize\/kastre epi nou mete ti chat ki janti epi ki ka adopte nan pwogram adopsyon nou an nan Kitty Campus pou nou ka jwenn yon kay pou yo epi retire yo nan lari a. Ti chat yo te pase nan yon ti pwosesis karant\u00e8n kote yo dev\u00e8mi yo, pran vaksen yo, ba yo medikaman kont pis, eksetera.<br \/>\n<strong><a href=\"https:\/\/linktr.ee\/kittycampusadoption\">ADOPSYON CHAT, DEMANN AK KONTRA (klike la a)<\/a><\/strong><\/li>\n<li><u><strong>Pwogram Manje Anrejistre<\/strong>:<\/u> Nou ede chat kominot\u00e8 nou yo viv dey\u00f2 yon fason imen atrav\u00e8 Pwogram Moun k ap Bay Manje Anrejistre nou an. Moun k ap bay manje nou yo se yon pati entegral nan pwogram TNVR a paske yo pa s\u00e8lman bay chat yo manje epi dlo fre, men yo ede tou kontwole koloni chat yo. Moun k ap bay manje yo swiv pi bon pratik yo pou edike sou opsyon ak teknik TNVR yo pou nou ka asire chat la geri epi pran vaksen an.<\/li>\n<\/ol>\n<h2><strong>Ede nou kontwole popilasyon chat nan katye w la l\u00e8 w suiv r\u00e8g sa yo:<\/strong><\/h2>\n<ul>\n<li>Enskri pou vin yon moun ki bay manje oswa ki pran py\u00e8j. Nou ede f\u00f2me epi edike volont\u00e8 yo sou pi bon pratik pou travay av\u00e8k chat nan kominote a.<\/li>\n<li>Pa antre san otorizasyon sou pwopriyete prive l\u00e8 w ap bay chat manje.<\/li>\n<li>Kenbe z\u00f2n kote yo bay manje yo pw\u00f2p epi lwen je yo pa kite manje a pou plis pase in\u00e8dtan.<\/li>\n<li>Rap\u00f2te nouvo chat pou Pry-Neuter-Vaccinate-Return (TNVR). Ou ka idantifye chat ki te esterilize\/netire grasa yon &quot;koupe&quot; nan z\u00f2r\u00e8y g\u00f2ch chat la.<\/li>\n<li>Pou anpeche chat vin sou pwopriyete w la, k\u00e8k pwodui natir\u00e8l pou dekouraje yo gen ladan yo kale zoranj ak sitwon fre, pafen ki gen sant sitwon, mare kafe, vin\u00e8g, tabak pip ansanm ak lwil lavand, sitwon\u00e8l, sitwon\u00e8l ak ekaliptus.<\/li>\n<\/ul>\n<h3><strong>Yo toujou bezwen volont\u00e8 ki anrejistre!<\/strong><\/h3>\n<ul>\n<li>Ou ka f\u00e8 volontarya nan Kitty Campus la, k\u00f2m yon moun ki anrejistre pou bay manje ak\/oswa pou pran b\u00e8t.<\/li>\n<li>Manjwa ki anrejistre yo se kle siks\u00e8 nou paske chat yo rasanble toutotou kote yo bay manje a, sa ki f\u00e8 li pi fasil pou pran nan py\u00e8j, trete epi kontwole popilasyon yo.<\/li>\n<li>Moun ki bay manje yo se premye moun ki idantifye chat ki bezwen reparasyon epi ki lokalize nouvo nich ti chat pandan yo toujou ase j\u00e8n pou yo ka adopte.<\/li>\n<\/ul>\n<p>Pou vin yon volont\u00e8 anrejistre pou bay manje\/chas\u00e8, tanpri voye yon im\u00e8l bay <strong><a href=\"mailto:info@SoBeCats.org\">info@SoBeCats.org<\/a>.<\/strong><\/p>\n<p>Pou f\u00e8 yon don, tanpri vizite <strong><a href=\"http:\/\/www.sobecatsspayandneuter.org\">www.sobecatsspayandneuter.org.<\/a><\/strong><\/p>\n<p><a href=\"https:\/\/www.miamidade.gov\/global\/animals\/home.page\"><strong>Klike la a pou vizite S\u00e8vis pou Animal Konte Miami-Dade la.<\/strong><\/a><\/p>\n<h3><strong>Depatman S\u00e8vis pou Animal Konte Miami-Dade konseye pou &quot;Pa f\u00e8 ti chat yo d\u00f2mi&quot; pandan sezon ti chat sa a.<\/strong><\/h3>\n<p><img loading=\"lazy\" decoding=\"async\" src=\"https:\/\/www.miamibeachfl.gov\/wp-content\/uploads\/2024\/06\/Kitten-Flyer.jpeg\" alt=\"Kitten Flyer\" width=\"500\" height=\"500\" \/><\/p>\n<p>Nan pif\u00f2 ka yo, ti chat ki f\u00e8k f\u00e8t yo pa bezwen ent\u00e8vansyon moun e, anf\u00e8t, l\u00e8 w pran ti chat sa yo san w pa vle, sa kreye ti chat \u00f2felen ki gen ti chans pou yo siviv san manman yo. Li toujou pi bon pou kenbe manman an ak ti chat yo ansanm pou asire ti chat yo ka devlope byen; omwen jiskaske ti chat yo ap manje poukont yo epi yo ka retire yo san danje pou sosyalize ak adopte. Ak\u00f2z swen 24 sou 24 ti chat ki f\u00e8k f\u00e8t yo bezwen, to m\u00f2talite ti chat ki f\u00e8k f\u00e8t sa yo tr\u00e8 wo. Nou konte sou volont\u00e8 pou bay ti chat ki f\u00e8k f\u00e8t \u00f2felen yo swen yo bezwen pou yo siviv. Si ou ta renmen vin yon volont\u00e8 oswa yon moun pou pran swen yo, oswa rap\u00f2te ti chat, tanpri kontakte<strong> <a href=\"mailto:info@sobecats.org\">info@sobecats.org<\/a><\/strong><\/p>\n<p>Si ou jwenn yon nich ti chat, rezidan yo ta dwe sonje:<\/p>\n<ol>\n<li>Kite yo kote yo ye a sof si yo sanble an danje. Pa ent\u00e8fere ak ti chat yo paske sa ka lak\u00f2z manman an strese. Si ou ta renmen ede yo, konsidere bay manman an manje ak dlo, mete yo yon bon distans ak nich la.<\/li>\n<li>Si ti chat yo an danje imedya, tankou anba yon machin oswa nan yon z\u00f2n ki inonde, jwenn yon kote ki an sekirite tou pre pou deplase yo. <u>Si ou oblije deplase yo, asire w ke yo toujou ase pre pou manman yo ka jwenn yo.<\/u><\/li>\n<li>Obs\u00e8ve ti chat yo adistans. <u>Manman an gen plis chans ap ch\u00e8che manje epi l ap retounen pou pran swen tibebe li yo.<\/u><\/li>\n<li>Si ou te obs\u00e8ve ti chat yo pandan 24 \u00e8dtan epi ou s\u00e8ten manman an p ap retounen, ou ka ent\u00e8veni epi pran swen yo. Pou tout resous ki gen rap\u00f2 ak ti chat, tanpri gade <strong><a href=\"https:\/\/www.kittenlady.org\">https:\/\/www.kittenlady.org\/<\/a><\/strong><\/li>\n<li>Si ou jwenn ti chat k ap manje poukont yo, kontakte SoBe Cats, Kow\u00f2donat\u00e8 Pwogram Chat Miami Beach la, oubyen yon abri lokal.<\/li>\n<\/ol>\n<p>SoBe Cats Kitty Campus se yon SEKOU 501C3 KI PA TONBE NITRISYON ki dwe gen yon POLITIK ADMISYON LIMITE pou kapab bay bon jan swen chak chat bezwen pou yon sante optimal. Kitty Campus pap janm touye yon chat pou pwobl\u00e8m espas, pwobl\u00e8m konp\u00f2tman, oswa maladi ki ka trete.<\/p>\n<p>Si ou jwenn ti chat, tanpri voye yon im\u00e8l ba ou. <strong><a href=\"mailto:info@sobecats.org\">info@sobecats.org.<\/a><\/strong> Kitty Campus pa aksepte ti chat\/chat san randevou paske gen yon lis datant k ap travay sou lis datant lan.<\/p>\n<p>&nbsp;<\/p>\n\t<p>T\u00e8ks<\/p>\n\t\tNavige pou ale nan\u2026\t\t\t\n\t\t\t\t\t<ul id=\"menu-public-works-menu\"><li id=\"menu-item-364156\"><a href=\"\/ht\/ada\/\">Enf\u00f2masyon sou ADA<\/a><\/li>\n<li id=\"menu-item-364157\"><a href=\"\/ht\/city-hall\/public-works\/elevator-division\/\">Divizyon Asans\u00e8<\/a><\/li>\n<li id=\"menu-item-364158\"><a href=\"\/ht\/city-hall\/public-works\/engineering-division\/\">Divizyon Enjeny\u00e8<\/a><\/li>\n<li id=\"menu-item-364159\"><a href=\"\/ht\/city-hall\/public-works\/geographical-information-systems\/\">Sist\u00e8m Enf\u00f2masyon Jewografik<\/a><\/li>\n<li id=\"menu-item-364160\"><a href=\"\/ht\/city-hall\/public-works\/green-space-management-division\/\">Jesyon Espas V\u00e8t<\/a><\/li>\n<li id=\"menu-item-364161\"><a href=\"\/ht\/city-hall\/public-works\/manual-standards\/\">N\u00f2m Many\u00e8l yo<\/a><\/li>\n<li id=\"menu-item-364162\"><a href=\"\/ht\/city-hall\/public-works\/operations-division\/\">Divizyon Operasyon yo<\/a><\/li>\n<li id=\"menu-item-364163\"><a href=\"\/ht\/city-hall\/public-works\/process-workflows-and-checklists\/\">Lis verifikasyon ak koule travay pwosesis p\u00e8mi yo<\/a><\/li>\n<li id=\"menu-item-364164\"><a href=\"\/ht\/city-hall\/public-works\/permitting-faq-4\/\">Kesyon yo poze souvan sou p\u00e8mi<\/a><\/li>\n<li id=\"menu-item-364165\"><a href=\"\/ht\/city-hall\/public-works\/sanitation-division\/\">Divizyon Sanitasyon<\/a><\/li>\n<li id=\"menu-item-364166\"><a href=\"\/ht\/city-hall\/public-works\/utility-rates\/\">Estrikti Tarif S\u00e8vis Piblik yo<\/a><\/li>\n<\/ul>\t\n\t<div class=\"page-navigation\"><a class=\"prev-page\" href=\"https:\/\/www.miamibeachfl.gov\/ht\/city-hall\/public-works\/operations-division\/\">\u2190 Divizyon Operasyon yo<\/a> <a class=\"next-page\" href=\"https:\/\/www.miamibeachfl.gov\/ht\/city-hall\/public-works\/process-workflows-and-checklists\/\">Lis verifikasyon ak koule travay pwosesis p\u00e8mi yo \u2192<\/a><\/div>","protected":false},"excerpt":{"rendered":"<p>Miami Beach Community Cat Program Home &gt; City Hall &gt; Public Works &gt; Miami Beach Community Cat Program The City [&hellip;]<\/p>\n","protected":false},"author":222,"featured_media":0,"parent":28931,"menu_order":79,"comment_status":"closed","ping_status":"closed","template":"","meta":{"_searchwp_excluded":"","site-sidebar-layout":"default","site-content-layout":"","ast-site-content-layout":"default","site-content-style":"default","site-sidebar-style":"default","ast-global-header-display":"","ast-banner-title-visibility":"","ast-main-header-display":"","ast-hfb-above-header-display":"","ast-hfb-below-header-display":"","ast-hfb-mobile-header-display":"","site-post-title":"","ast-breadcrumbs-content":"","ast-featured-img":"","footer-sml-layout":"","theme-transparent-header-meta":"","adv-header-id-meta":"","stick-header-meta":"","header-above-stick-meta":"","header-main-stick-meta":"","header-below-stick-meta":"","astra-migrate-meta-layouts":"default","ast-page-background-enabled":"default","ast-page-background-meta":{"desktop":{"background-color":"var(--ast-global-color-5)","background-image":"","background-repeat":"repeat","background-position":"center center","background-size":"auto","background-attachment":"scroll","background-type":"","background-media":"","overlay-type":"","overlay-color":"","overlay-opacity":"","overlay-gradient":""},"tablet":{"background-color":"","background-image":"","background-repeat":"repeat","background-position":"center center","background-size":"auto","background-attachment":"scroll","background-type":"","background-media":"","overlay-type":"","overlay-color":"","overlay-opacity":"","overlay-gradient":""},"mobile":{"background-color":"","background-image":"","background-repeat":"repeat","background-position":"center center","background-size":"auto","background-attachment":"scroll","background-type":"","background-media":"","overlay-type":"","overlay-color":"","overlay-opacity":"","overlay-gradient":""}},"ast-content-background-meta":{"desktop":{"background-color":"var(--ast-global-color-4)","background-image":"","background-repeat":"repeat","background-position":"center center","background-size":"auto","background-attachment":"scroll","background-type":"","background-media":"","overlay-type":"","overlay-color":"","overlay-opacity":"","overlay-gradient":""},"tablet":{"background-color":"var(--ast-global-color-4)","background-image":"","background-repeat":"repeat","background-position":"center center","background-size":"auto","background-attachment":"scroll","background-type":"","background-media":"","overlay-type":"","overlay-color":"","overlay-opacity":"","overlay-gradient":""},"mobile":{"background-color":"var(--ast-global-color-4)","background-image":"","background-repeat":"repeat","background-position":"center center","background-size":"auto","background-attachment":"scroll","background-type":"","background-media":"","overlay-type":"","overlay-color":"","overlay-opacity":"","overlay-gradient":""}},"footnotes":""},"categories":[],"tags":[],"class_list":["post-110075","page","type-page","status-publish","hentry"],"yoast_head":"<!-- This site is optimized with the Yoast SEO Premium plugin v27.4 (Yoast SEO v27.4) - https:\/\/yoast.com\/product\/yoast-seo-premium-wordpress\/ -->\n<title>Miami Beach Community Cat Program - City of Miami Beach<\/title>\n<meta name=\"description\" content=\"%\" \/>\n<meta name=\"robots\" content=\"index, follow, max-snippet:-1, max-image-preview:large, max-video-preview:-1\" \/>\n<link rel=\"canonical\" href=\"https:\/\/www.miamibeachfl.gov\/ht\/city-hall\/public-works\/sobecats\/\" \/>\n<meta property=\"og:locale\" content=\"ht_HT\" \/>\n<meta property=\"og:type\" content=\"article\" \/>\n<meta property=\"og:title\" content=\"Miami Beach Community Cat Program\" \/>\n<meta property=\"og:description\" content=\"%\" \/>\n<meta property=\"og:url\" content=\"https:\/\/www.miamibeachfl.gov\/ht\/city-hall\/public-works\/sobecats\/\" \/>\n<meta property=\"og:site_name\" content=\"City of Miami Beach\" \/>\n<meta property=\"article:publisher\" content=\"https:\/\/www.facebook.com\/cityofmiamibeach\" \/>\n<meta property=\"article:modified_time\" content=\"2026-01-07T16:24:12+00:00\" \/>\n<meta property=\"og:image\" content=\"https:\/\/www.miamibeachfl.gov\/wp-content\/uploads\/2022\/07\/hero-small.jpg\" \/>\n<meta name=\"twitter:card\" content=\"summary_large_image\" \/>\n<meta name=\"twitter:site\" content=\"@Miamibeachnews\" \/>\n<script type=\"application\/ld+json\" class=\"yoast-schema-graph\">{\"@context\":\"https:\\\/\\\/schema.org\",\"@graph\":[{\"@type\":\"WebPage\",\"@id\":\"https:\\\/\\\/www.miamibeachfl.gov\\\/city-hall\\\/public-works\\\/sobecats\\\/\",\"url\":\"https:\\\/\\\/www.miamibeachfl.gov\\\/city-hall\\\/public-works\\\/sobecats\\\/\",\"name\":\"Miami Beach Community Cat Program - City of Miami Beach\",\"isPartOf\":{\"@id\":\"https:\\\/\\\/www.miamibeachfl.gov\\\/#website\"},\"primaryImageOfPage\":{\"@id\":\"https:\\\/\\\/www.miamibeachfl.gov\\\/city-hall\\\/public-works\\\/sobecats\\\/#primaryimage\"},\"image\":{\"@id\":\"https:\\\/\\\/www.miamibeachfl.gov\\\/city-hall\\\/public-works\\\/sobecats\\\/#primaryimage\"},\"thumbnailUrl\":\"https:\\\/\\\/www.miamibeachfl.gov\\\/wp-content\\\/uploads\\\/2022\\\/07\\\/hero-small.jpg\",\"datePublished\":\"2019-07-16T13:13:04+00:00\",\"dateModified\":\"2026-01-07T16:24:12+00:00\",\"description\":\"%\",\"breadcrumb\":{\"@id\":\"https:\\\/\\\/www.miamibeachfl.gov\\\/city-hall\\\/public-works\\\/sobecats\\\/#breadcrumb\"},\"inLanguage\":\"ht\",\"potentialAction\":[{\"@type\":\"ReadAction\",\"target\":[\"https:\\\/\\\/www.miamibeachfl.gov\\\/city-hall\\\/public-works\\\/sobecats\\\/\"]}]},{\"@type\":\"ImageObject\",\"inLanguage\":\"ht\",\"@id\":\"https:\\\/\\\/www.miamibeachfl.gov\\\/city-hall\\\/public-works\\\/sobecats\\\/#primaryimage\",\"url\":\"https:\\\/\\\/www.miamibeachfl.gov\\\/wp-content\\\/uploads\\\/2022\\\/07\\\/hero-small.jpg\",\"contentUrl\":\"https:\\\/\\\/www.miamibeachfl.gov\\\/wp-content\\\/uploads\\\/2022\\\/07\\\/hero-small.jpg\"},{\"@type\":\"BreadcrumbList\",\"@id\":\"https:\\\/\\\/www.miamibeachfl.gov\\\/city-hall\\\/public-works\\\/sobecats\\\/#breadcrumb\",\"itemListElement\":[{\"@type\":\"ListItem\",\"position\":1,\"name\":\"Home\",\"item\":\"https:\\\/\\\/www.miamibeachfl.gov\\\/\"},{\"@type\":\"ListItem\",\"position\":2,\"name\":\"City Hall\",\"item\":\"https:\\\/\\\/www.miamibeachfl.gov\\\/city-hall\\\/\"},{\"@type\":\"ListItem\",\"position\":3,\"name\":\"Public Works\",\"item\":\"https:\\\/\\\/www.miamibeachfl.gov\\\/city-hall\\\/public-works\\\/\"},{\"@type\":\"ListItem\",\"position\":4,\"name\":\"Miami Beach Community Cat Program\"}]},{\"@type\":\"WebSite\",\"@id\":\"https:\\\/\\\/www.miamibeachfl.gov\\\/#website\",\"url\":\"https:\\\/\\\/www.miamibeachfl.gov\\\/\",\"name\":\"City of Miami Beach\",\"description\":\"The official website of the City of Miami Beach. Stay informed, find important information on city services, news, alerts, events, trolley routes, government employment and more.\",\"publisher\":{\"@id\":\"https:\\\/\\\/www.miamibeachfl.gov\\\/#organization\"},\"potentialAction\":[{\"@type\":\"SearchAction\",\"target\":{\"@type\":\"EntryPoint\",\"urlTemplate\":\"https:\\\/\\\/www.miamibeachfl.gov\\\/?s={search_term_string}\"},\"query-input\":{\"@type\":\"PropertyValueSpecification\",\"valueRequired\":true,\"valueName\":\"search_term_string\"}}],\"inLanguage\":\"ht\"},{\"@type\":\"Organization\",\"@id\":\"https:\\\/\\\/www.miamibeachfl.gov\\\/#organization\",\"name\":\"City of Miami Beach\",\"url\":\"https:\\\/\\\/www.miamibeachfl.gov\\\/\",\"logo\":{\"@type\":\"ImageObject\",\"inLanguage\":\"ht\",\"@id\":\"https:\\\/\\\/www.miamibeachfl.gov\\\/#\\\/schema\\\/logo\\\/image\\\/\",\"url\":\"https:\\\/\\\/www.miamibeachfl.gov\\\/wp-content\\\/uploads\\\/2022\\\/06\\\/miamibeach-logoblue.png\",\"contentUrl\":\"https:\\\/\\\/www.miamibeachfl.gov\\\/wp-content\\\/uploads\\\/2022\\\/06\\\/miamibeach-logoblue.png\",\"width\":1962,\"height\":381,\"caption\":\"City of Miami Beach\"},\"image\":{\"@id\":\"https:\\\/\\\/www.miamibeachfl.gov\\\/#\\\/schema\\\/logo\\\/image\\\/\"},\"sameAs\":[\"https:\\\/\\\/www.facebook.com\\\/cityofmiamibeach\",\"https:\\\/\\\/x.com\\\/Miamibeachnews\",\"https:\\\/\\\/www.instagram.com\\\/miamibeachnews\\\/\"],\"description\":\"The official website of the City of Miami Beach. Stay informed, find important information on city services, news, alerts, events, trolley routes, government employment and more.\",\"telephone\":\"305.604.CITY(2489)\",\"legalName\":\"City of Miami Beach\"}]}<\/script>\n<!-- \/ Yoast SEO Premium plugin. -->","yoast_head_json":{"title":"Pwogram Chat Kominot\u00e8 Miami Beach - Vil Miami Beach","description":"%","robots":{"index":"index","follow":"follow","max-snippet":"max-snippet:-1","max-image-preview":"max-image-preview:large","max-video-preview":"max-video-preview:-1"},"canonical":"https:\/\/www.miamibeachfl.gov\/ht\/city-hall\/public-works\/sobecats\/","og_locale":"ht_HT","og_type":"article","og_title":"Miami Beach Community Cat Program","og_description":"%","og_url":"https:\/\/www.miamibeachfl.gov\/ht\/city-hall\/public-works\/sobecats\/","og_site_name":"City of Miami Beach","article_publisher":"https:\/\/www.facebook.com\/cityofmiamibeach","article_modified_time":"2026-01-07T16:24:12+00:00","og_image":[{"url":"https:\/\/www.miamibeachfl.gov\/wp-content\/uploads\/2022\/07\/hero-small.jpg","type":"","width":"","height":""}],"twitter_card":"summary_large_image","twitter_site":"@Miamibeachnews","schema":{"@context":"https:\/\/schema.org","@graph":[{"@type":"WebPage","@id":"https:\/\/www.miamibeachfl.gov\/city-hall\/public-works\/sobecats\/","url":"https:\/\/www.miamibeachfl.gov\/city-hall\/public-works\/sobecats\/","name":"Pwogram Chat Kominot\u00e8 Miami Beach - Vil Miami Beach","isPartOf":{"@id":"https:\/\/www.miamibeachfl.gov\/#website"},"primaryImageOfPage":{"@id":"https:\/\/www.miamibeachfl.gov\/city-hall\/public-works\/sobecats\/#primaryimage"},"image":{"@id":"https:\/\/www.miamibeachfl.gov\/city-hall\/public-works\/sobecats\/#primaryimage"},"thumbnailUrl":"https:\/\/www.miamibeachfl.gov\/wp-content\/uploads\/2022\/07\/hero-small.jpg","datePublished":"2019-07-16T13:13:04+00:00","dateModified":"2026-01-07T16:24:12+00:00","description":"%","breadcrumb":{"@id":"https:\/\/www.miamibeachfl.gov\/city-hall\/public-works\/sobecats\/#breadcrumb"},"inLanguage":"ht","potentialAction":[{"@type":"ReadAction","target":["https:\/\/www.miamibeachfl.gov\/city-hall\/public-works\/sobecats\/"]}]},{"@type":"ImageObject","inLanguage":"ht","@id":"https:\/\/www.miamibeachfl.gov\/city-hall\/public-works\/sobecats\/#primaryimage","url":"https:\/\/www.miamibeachfl.gov\/wp-content\/uploads\/2022\/07\/hero-small.jpg","contentUrl":"https:\/\/www.miamibeachfl.gov\/wp-content\/uploads\/2022\/07\/hero-small.jpg"},{"@type":"BreadcrumbList","@id":"https:\/\/www.miamibeachfl.gov\/city-hall\/public-works\/sobecats\/#breadcrumb","itemListElement":[{"@type":"ListItem","position":1,"name":"Home","item":"https:\/\/www.miamibeachfl.gov\/"},{"@type":"ListItem","position":2,"name":"City Hall","item":"https:\/\/www.miamibeachfl.gov\/city-hall\/"},{"@type":"ListItem","position":3,"name":"Public Works","item":"https:\/\/www.miamibeachfl.gov\/city-hall\/public-works\/"},{"@type":"ListItem","position":4,"name":"Miami Beach Community Cat Program"}]},{"@type":"WebSite","@id":"https:\/\/www.miamibeachfl.gov\/#website","url":"https:\/\/www.miamibeachfl.gov\/","name":"Vil Miami Beach","description":"Sitw\u00e8b ofisy\u00e8l Vil Miami Beach la. Rete enf\u00f2me, jwenn enf\u00f2masyon enp\u00f2tan sou s\u00e8vis vil la, nouv\u00e8l, al\u00e8t, ev\u00e8nman, wout tramway, travay gouv\u00e8nman an ak plis ank\u00f2.","publisher":{"@id":"https:\/\/www.miamibeachfl.gov\/#organization"},"potentialAction":[{"@type":"SearchAction","target":{"@type":"EntryPoint","urlTemplate":"https:\/\/www.miamibeachfl.gov\/?s={search_term_string}"},"query-input":{"@type":"PropertyValueSpecification","valueRequired":true,"valueName":"search_term_string"}}],"inLanguage":"ht"},{"@type":"Organization","@id":"https:\/\/www.miamibeachfl.gov\/#organization","name":"Vil Miami Beach","url":"https:\/\/www.miamibeachfl.gov\/","logo":{"@type":"ImageObject","inLanguage":"ht","@id":"https:\/\/www.miamibeachfl.gov\/#\/schema\/logo\/image\/","url":"https:\/\/www.miamibeachfl.gov\/wp-content\/uploads\/2022\/06\/miamibeach-logoblue.png","contentUrl":"https:\/\/www.miamibeachfl.gov\/wp-content\/uploads\/2022\/06\/miamibeach-logoblue.png","width":1962,"height":381,"caption":"City of Miami Beach"},"image":{"@id":"https:\/\/www.miamibeachfl.gov\/#\/schema\/logo\/image\/"},"sameAs":["https:\/\/www.facebook.com\/cityofmiamibeach","https:\/\/x.com\/Miamibeachnews","https:\/\/www.instagram.com\/miamibeachnews\/"],"description":"Sitw\u00e8b ofisy\u00e8l Vil Miami Beach la. Rete enf\u00f2me, jwenn enf\u00f2masyon enp\u00f2tan sou s\u00e8vis vil la, nouv\u00e8l, al\u00e8t, ev\u00e8nman, wout tramway, travay gouv\u00e8nman an ak plis ank\u00f2.","telephone":"305.604.CITY(2489)","legalName":"City of Miami Beach"}]}},"_links":{"self":[{"href":"https:\/\/www.miamibeachfl.gov\/ht\/wp-json\/wp\/v2\/pages\/110075","targetHints":{"allow":["GET"]}}],"collection":[{"href":"https:\/\/www.miamibeachfl.gov\/ht\/wp-json\/wp\/v2\/pages"}],"about":[{"href":"https:\/\/www.miamibeachfl.gov\/ht\/wp-json\/wp\/v2\/types\/page"}],"author":[{"embeddable":true,"href":"https:\/\/www.miamibeachfl.gov\/ht\/wp-json\/wp\/v2\/users\/222"}],"replies":[{"embeddable":true,"href":"https:\/\/www.miamibeachfl.gov\/ht\/wp-json\/wp\/v2\/comments?post=110075"}],"version-history":[{"count":3,"href":"https:\/\/www.miamibeachfl.gov\/ht\/wp-json\/wp\/v2\/pages\/110075\/revisions"}],"predecessor-version":[{"id":394689,"href":"https:\/\/www.miamibeachfl.gov\/ht\/wp-json\/wp\/v2\/pages\/110075\/revisions\/394689"}],"up":[{"embeddable":true,"href":"https:\/\/www.miamibeachfl.gov\/ht\/wp-json\/wp\/v2\/pages\/28931"}],"wp:attachment":[{"href":"https:\/\/www.miamibeachfl.gov\/ht\/wp-json\/wp\/v2\/media?parent=110075"}],"wp:term":[{"taxonomy":"category","embeddable":true,"href":"https:\/\/www.miamibeachfl.gov\/ht\/wp-json\/wp\/v2\/categories?post=110075"},{"taxonomy":"post_tag","embeddable":true,"href":"https:\/\/www.miamibeachfl.gov\/ht\/wp-json\/wp\/v2\/tags?post=110075"}],"curies":[{"name":"wp","href":"https:\/\/api.w.org\/{rel}","templated":true}]}}