{"id":111227,"date":"2019-07-30T16:37:56","date_gmt":"2019-07-30T20:37:56","guid":{"rendered":"http:\/\/www.miamibeachfl.gov\/city-hall\/city-clerk\/election-information\/cmb_election\/election-related-resolutions\/"},"modified":"2025-02-23T14:29:03","modified_gmt":"2025-02-23T19:29:03","slug":"election-related-resolutions","status":"publish","type":"page","link":"https:\/\/www.miamibeachfl.gov\/ht\/city-hall\/city-clerk\/election-information\/cmb_election\/election-related-resolutions\/","title":{"rendered":"Rezolisyon ki gen rap\u00f2 ak eleksyon yo"},"content":{"rendered":"<img loading=\"lazy\" decoding=\"async\" src=\"https:\/\/www.miamibeachfl.gov\/wp-content\/uploads\/2022\/07\/hero-small.jpg\" alt=\"ocean drive art deco buildings\" itemprop=\"image\" height=\"211\" width=\"2395\" title=\"ewo-piti\" onerror=\"this.style.display='none'\"  \/>\n<h1>\n\t\tRezolisyon ki gen rap\u00f2 ak eleksyon yo\n\t<\/h1>\n\t<nav id=\"breadcrumbs\" aria-label=\"Pen griye\"><a href=\"https:\/\/www.miamibeachfl.gov\/ht\/\">Lakay<\/a> &gt; <a href=\"https:\/\/www.miamibeachfl.gov\/ht\/city-hall\/\">Lakou Vil la<\/a> &gt; <a href=\"https:\/\/www.miamibeachfl.gov\/ht\/city-hall\/city-clerk\/\">Grefye Vil la<\/a> &gt; <a href=\"https:\/\/www.miamibeachfl.gov\/ht\/city-hall\/city-clerk\/election-information\/\">Enf\u00f2masyon sou Eleksyon<\/a> &gt; <a href=\"https:\/\/www.miamibeachfl.gov\/ht\/city-hall\/city-clerk\/election-information\/cmb_election\/\">Enf\u00f2masyon pou 2019<\/a> &gt; <strong>Rezolisyon ki gen rap\u00f2 ak eleksyon yo<\/strong><\/nav>\n\t<ul>\n<li><a href=\"http:\/\/www.miamibeachfl.gov\/wp-content\/uploads\/2019\/07\/Resolution-2019-30895.pdf\">Rezolisyon nimewo 2019-30895<\/a><br \/>\nYON REZOLISYON M\u00c8 A AK KOMISYON VIL MIAMI BEACH, FLORID, KI MANDE YON ELEKSYON JENERAL KI DWE F\u00c8T 5 NOVANM 2019 NAN VIL MIAMI BEACH POU ELEKSYON YON M\u00c8 AK TWA KOMIS\u00c8 VIL LA (GWOUP IV, V, AK VI); KI PREVWA ANPLWA POU YON GWO DEZY\u00c8M ELEKSYON, SI SA NESES\u00c8, KI DWE F\u00c8T 19 NOVANM 2019; KI PREVWA K\u00d2MAN DEPATMAN ELEKSYON KONTE MIAMI-DADE A AP F\u00c8 ELEKSYON YO; KI PREVWA KE SIKOR\u00d2 V\u00d2T YO POU ELEKSYON YO AP SA YO JAN KONTE MIAMI-DADE TE ETABLI YO; KI PREVWA POU AVI ELEKSYON YO; KI PREVWA F\u00d2M BILTEN V\u00d2T AK ENSKRIPSYON VOT\u00c8 YO AN AK\u00d2 AK LALWA ETA A; EPI KI PRAL PRAN PEMAN POU ORGANIZE ELEKSYON NAN KONTE MIAMI-DADE.<\/li>\n<li><a href=\"http:\/\/www.miamibeachfl.gov\/wp-content\/uploads\/2019\/07\/Resolution-2019-30896.pdf\">Rezolisyon nimewo 2019-30896<\/a><br \/>\nYON REZOLISYON M\u00c8 A AK KOMISYON VIL MIAMI BEACH, FLORID, KI OTORIZE V\u00d2T ANVIW\u00d2NMAN POU ELEKSYON JENERAL 5 NOVANM 2019 LA, ELEKSYON ESPESYAL LA, EPI, SI SA NESES\u00c8, YON GWO DEZY\u00c8M ELEKSYON POU 19 NOVANM 2019 LA.<\/li>\n<li><a href=\"http:\/\/www.miamibeachfl.gov\/wp-content\/uploads\/2019\/08\/Resolution-2019-30897.pdf\">Rezolisyon nimewo 2019-30897<\/a><br \/>\nYON REZOLISYON M\u00c8 A AK KOMISYON VIL MIAMI BEACH, FLORID, KI OTORIZE ADMINISTRASYON AN POU ANREJISTRE VIDEYO AK DIF\u00c8 SOU MBTV PREZANTASYON VIDEYO KANDIDA M\u00c8 A AK GWOUP IV, V AK VI KOMISYON AN POU ELEKSYON JENERAL 5 NOVANM 2019 LA.<\/li>\n<li><a href=\"http:\/\/www.miamibeachfl.gov\/wp-content\/uploads\/2019\/08\/Resolution-2019-30898.pdf\">Rezolisyon nimewo 2019-30898<\/a><br \/>\nYON REZOLISYON M\u00c8 A AK KOMISYON VIL MIAMI BEACH, FLORID, KI APROUVE YON DEPANS NAN LAJAN BIDJ\u00c8 A NAN MONTAN REZONAB AK NESES\u00c8 POU OBJEKTIF PIBLIO POU ENF\u00d2ME AK EDIKE VOT\u00c8 YO NAN VIL MIAMI BEACH LA KONS\u00c8NAN KESYON(YO) BILTEN ELEKT\u00d2R ESPESYAL 5 NOVANM 2019 LA POU REYALIZE YON V\u00d2T ELEKTORA KI PI ENF\u00d2ME.<\/li>\n<li><a href=\"http:\/\/www.miamibeachfl.gov\/wp-content\/uploads\/2019\/10\/Resolution-2019-30899.pdf\">Rezolisyon nimewo 2019-30899<\/a><br \/>\nYON REZOLISYON M\u00c8 A AK KOMISYON VIL MIAMI BEACH, FLORID, KI MANDE YON ELEKSYON ESPESYAL POU 5 NOVANM 2019, POU SOUM\u00c8T BAY ELEKTORA VIL MIAMI BEACH, FLORID, YON KESYON POU MANDE SI, ANVIG\u00c8 ELEKSYON JENERAL NOVANM 2021 VIL LA, SEKSYON 2.01 AK 2.02 NAN KONFIDANS VIL LA TA DWE AMANDE POU: OGMANTE MANDAT M\u00c8 A DE DEZAN POU KAT AN; CHANJE LIMIT MANDAT M\u00c8 A DE TWA MANDAT DEZAN POU DE MANDAT KAT AN; KENBE DISPOZISYON MEZI AK KALKIL RETROAKTIF KONFIDANS LAN; EPI ENT\u00c8DI MOUN YO S\u00c8VI K\u00d2M M\u00c8 POU PLIS KE UIT AN (UN\u00c8T KI GEN LADAN ANE YO TE TE S\u00c8VI K\u00d2M M\u00c8 ANVAN), EKSEPTE POU YO FINI YON MANDAT KI FIN FINI MWATYE NAN MANDA A.<\/li>\n<li><a href=\"http:\/\/www.miamibeachfl.gov\/wp-content\/uploads\/2019\/10\/Resolution-2019-30900.pdf\">Rezolisyon nimewo 2019-30900<\/a><br \/>\nYON REZOLISYON M\u00c8 A AK KOMISYON VIL MIAMI BEACH, FLORID, KI MANDE YON ELEKSYON ESPESYAL POU 5 NOVANM 2019, POU SOUM\u00c8T BAY ELEKTORA VIL MIAMI BEACH, FLORID, YON KESYON POU MANDE SI, ANVIG\u00c8 ELEKSYON JENERAL NOVANM 2021 VIL LA, SEKSYON 2.02 KONFIT VIL LA TA DWE AMANDE POU OGMANTE KONPANSASYON ANY\u00c8L M\u00c8 A AK KOMISYON\u00c8 VIL YO,<br \/>\nKONPANSASYON YO DWE OGMANTE CHAK ANE SOU BAZE END\u00c8KS PRI KONSOMAT\u00c8 A, PA DEPASE TWA POUSAN PA ANE.<\/li>\n<li><a href=\"http:\/\/www.miamibeachfl.gov\/wp-content\/uploads\/2019\/10\/Resolution-2019-30901.pdf\">Rezolisyon nimewo 2019-30901<\/a><br \/>\nYON REZOLISYON M\u00c8 A AK KOMISYON VIL MIAMI BEACH, FLORID KI MANDE YON ELEKSYON ESPESYAL POU VIL MIAMI BEACH 5 NOVANM 2019, POU SOUM\u00c8T BAY ELEKTORA VIL MIAMI BEACH YON KESYON POU MANDE SI SEKSYON 2.07 CHAT VIL LA, KI ETABLI PWOSEDI POU RANPLI P\u00d2S VID NAN KOMISYON VIL LA, TA DWE AMANDE POU KREYE PWOSEDI POU RANPLI YON P\u00d2S VID AK\u00d2Z DEMISYON YON MANM KOMISYON VIL LA, KLARIFYE KE NAN KA NENP\u00d2T P\u00d2S VID, KOMISYON AN PA OBLIJE NONMEN YON MOUN POU RANPLI P\u00d2S VID LA, MEN LI DWE DESIDE SI L AP NONMEN OSWA PLANIFYE YON ELEKSYON, EPI ETABLI KALANDRIYE NOMINASYON YO.<br \/>\nAK ELEKSYON, AK L\u00d2T DISPOZISYON KI GEN RAP\u00d2 AK ELEKSYON KI DWE ETABLI NAN REZOLISYON VIL LA KI PLANIFYE ELEKSYON SA A.<\/li>\n<li><a href=\"http:\/\/www.miamibeachfl.gov\/wp-content\/uploads\/2019\/10\/Resolution-2019-30902.pdf\">Rezolisyon nimewo 2019-30902<\/a><br \/>\nYON REZOLISYON M\u00c8 A AK KOMISYON VIL MIAMI BEACH, FLORID, KI KONVOKE YON ELEKSYON ESPESYAL POU 5 NOVANM 2019, POU SOUM\u00c8T BAY ELEKTORA VIL MIAMI BEACH, FLORID, YON KESYON BILTEN V\u00d2T KI MANDE SI SANT KONVANSYON PRENSIPAL LA<br \/>\nPAK \/P -LOT (KI JENERALMAN SITIYE NAN LW\u00c8S CONVENTION CENTER DRIVE, NAN L\u00c8S MERIDIAN AVENUE, AK ANT 18Y\u00c8M AK 19Y\u00c8M RI) AP NONMEN<br \/>\nPAK FY\u00c8TE \u201c?<\/li>\n<li><a href=\"http:\/\/www.miamibeachfl.gov\/wp-content\/uploads\/2019\/10\/Resolution-2019-30903.pdf\">Rezolisyon nimewo 2019-30903<\/a><br \/>\nYON REZOLISYON M\u00c8 A AK KOMISYON VIL MIAMI BEACH, FLORID, KI KONNEN YON ELEKSYON ESPESYAL POU 5 NOVANM 2019, POU SOUM\u00c8T BAY ELEKTORA VIL MIAMI BEACH, FLORID, YON KESYON BILTEN V\u00d2T POU MANDE SI KOMISYON VIL LA DWE ADOPTE YON \u00d2DONANS KI OTORIZE ITILIZASYON NOUVO SIP\u00c8FISI ETAY NAN BATIMAN ISTORIK POU REYITILISASYON BATIMAN SA YO.<\/li>\n<li><a href=\"http:\/\/www.miamibeachfl.gov\/wp-content\/uploads\/2019\/10\/Resolution-2019-30904.pdf\">Rezolisyon nimewo 2019-30904<\/a><br \/>\nYON REZOLISYON M\u00c8 A AK KOMISYON VIL MIAMI BEACH, FLORID, KI KONNEN YON ELEKSYON ESPESYAL POU 5 NOVANM 2019, POU SOUM\u00c8T BAY ELEKTORA VIL MIAMI BEACH, FLORID, YON KESYON BILTEN V\u00d2T POU MANDE SI KOMISYON VIL LA DWE ADOPTE YON \u00d2DONANS KI OGMANTE RAP\u00d2 SIP\u00c8FISI ETAY MAKSIMUM NAN POU RIVE 2.0 POU BATIMAN NAN DISTRI CD-2 A, SOU WASHINGTON AVENUE AK ALTON ROAD, KI GENYEN ITILIZASYON BIWO.<\/li>\n<li><a href=\"http:\/\/www.miamibeachfl.gov\/wp-content\/uploads\/2019\/11\/Resolution-2019-31077.pdf\">Rezolisyon nimewo 2019-31077<\/a><br \/>\nYON REZOLISYON M\u00c8 A AK KOMISYON VIL MIAMI BEACH, FLORID, KI MODIFYE REZOLISYON VIL MIAMI BEACH NO. 2019-30896 POU OBJEKTIF LIMITE POU OTORIZE VANDREDI 15 NOVANM 2019 K\u00d2M YON JOU ADISYON\u00c8L POU VOTE ANVIWON\u00c8 POU ELEKSYON 2Y\u00c8M SWEN VIL MIAMI BEACH 19 NOVANM 2019 LA.<\/li>\n<\/ul>\n\t\t\t<a href=\"https:\/\/www.miamibeachfl.gov\/ht\/city-hall\/city-clerk\/election-information\/cmb_election\/election-related-resolutions\/\" target=\"_self\" rel=\"noopener\">\n\t\t\t\t\t\t\tRezolisyon ki gen rap\u00f2 ak eleksyon yo\n\t\t\t\t\t<\/a>\n\t<div class=\"page-navigation\"><a class=\"prev-page\" href=\"https:\/\/www.miamibeachfl.gov\/ht\/race2trace\/\">\u2190 kous2tras<\/a> <a class=\"next-page\" href=\"https:\/\/www.miamibeachfl.gov\/ht\/city-hall\/customer-service-center\/wait-times\/\">Tan Atant \u2192<\/a><\/div>","protected":false},"excerpt":{"rendered":"<p>Election Related Resolutions Home &gt; City Hall &gt; City Clerk &gt; Election Information &gt; 2019 Information &gt; Election Related Resolutions [&hellip;]<\/p>\n","protected":false},"author":222,"featured_media":0,"parent":88833,"menu_order":111,"comment_status":"closed","ping_status":"closed","template":"page-blank.php","meta":{"_searchwp_excluded":"","site-sidebar-layout":"default","site-content-layout":"","ast-site-content-layout":"default","site-content-style":"default","site-sidebar-style":"default","ast-global-header-display":"","ast-banner-title-visibility":"","ast-main-header-display":"","ast-hfb-above-header-display":"","ast-hfb-below-header-display":"","ast-hfb-mobile-header-display":"","site-post-title":"","ast-breadcrumbs-content":"","ast-featured-img":"","footer-sml-layout":"","theme-transparent-header-meta":"","adv-header-id-meta":"","stick-header-meta":"","header-above-stick-meta":"","header-main-stick-meta":"","header-below-stick-meta":"","astra-migrate-meta-layouts":"default","ast-page-background-enabled":"default","ast-page-background-meta":{"desktop":{"background-color":"var(--ast-global-color-5)","background-image":"","background-repeat":"repeat","background-position":"center center","background-size":"auto","background-attachment":"scroll","background-type":"","background-media":"","overlay-type":"","overlay-color":"","overlay-opacity":"","overlay-gradient":""},"tablet":{"background-color":"","background-image":"","background-repeat":"repeat","background-position":"center center","background-size":"auto","background-attachment":"scroll","background-type":"","background-media":"","overlay-type":"","overlay-color":"","overlay-opacity":"","overlay-gradient":""},"mobile":{"background-color":"","background-image":"","background-repeat":"repeat","background-position":"center center","background-size":"auto","background-attachment":"scroll","background-type":"","background-media":"","overlay-type":"","overlay-color":"","overlay-opacity":"","overlay-gradient":""}},"ast-content-background-meta":{"desktop":{"background-color":"var(--ast-global-color-4)","background-image":"","background-repeat":"repeat","background-position":"center center","background-size":"auto","background-attachment":"scroll","background-type":"","background-media":"","overlay-type":"","overlay-color":"","overlay-opacity":"","overlay-gradient":""},"tablet":{"background-color":"var(--ast-global-color-4)","background-image":"","background-repeat":"repeat","background-position":"center center","background-size":"auto","background-attachment":"scroll","background-type":"","background-media":"","overlay-type":"","overlay-color":"","overlay-opacity":"","overlay-gradient":""},"mobile":{"background-color":"var(--ast-global-color-4)","background-image":"","background-repeat":"repeat","background-position":"center center","background-size":"auto","background-attachment":"scroll","background-type":"","background-media":"","overlay-type":"","overlay-color":"","overlay-opacity":"","overlay-gradient":""}},"footnotes":""},"categories":[],"tags":[],"class_list":["post-111227","page","type-page","status-publish","hentry"],"yoast_head":"<!-- This site is optimized with the Yoast SEO Premium plugin v26.6 (Yoast SEO v26.6) - https:\/\/yoast.com\/wordpress\/plugins\/seo\/ -->\n<title>Election Related Resolutions - City of Miami Beach<\/title>\n<meta name=\"description\" content=\"%\" \/>\n<meta name=\"robots\" content=\"index, follow, max-snippet:-1, max-image-preview:large, max-video-preview:-1\" \/>\n<link rel=\"canonical\" href=\"https:\/\/www.miamibeachfl.gov\/ht\/city-hall\/city-clerk\/election-information\/cmb_election\/election-related-resolutions\/\" \/>\n<meta property=\"og:locale\" content=\"ht_HT\" \/>\n<meta property=\"og:type\" content=\"article\" \/>\n<meta property=\"og:title\" content=\"Election Related Resolutions\" \/>\n<meta property=\"og:description\" content=\"%\" \/>\n<meta property=\"og:url\" content=\"https:\/\/www.miamibeachfl.gov\/ht\/city-hall\/city-clerk\/election-information\/cmb_election\/election-related-resolutions\/\" \/>\n<meta property=\"og:site_name\" content=\"City of Miami Beach\" \/>\n<meta property=\"article:publisher\" content=\"https:\/\/www.facebook.com\/cityofmiamibeach\" \/>\n<meta property=\"article:modified_time\" content=\"2025-02-23T19:29:03+00:00\" \/>\n<meta property=\"og:image\" content=\"https:\/\/www.miamibeachfl.gov\/wp-content\/uploads\/2022\/07\/hero-small.jpg\" \/>\n<meta name=\"twitter:card\" content=\"summary_large_image\" \/>\n<meta name=\"twitter:site\" content=\"@Miamibeachnews\" \/>\n<script type=\"application\/ld+json\" class=\"yoast-schema-graph\">{\"@context\":\"https:\/\/schema.org\",\"@graph\":[{\"@type\":\"WebPage\",\"@id\":\"https:\/\/www.miamibeachfl.gov\/city-hall\/city-clerk\/election-information\/cmb_election\/election-related-resolutions\/\",\"url\":\"https:\/\/www.miamibeachfl.gov\/city-hall\/city-clerk\/election-information\/cmb_election\/election-related-resolutions\/\",\"name\":\"Election Related Resolutions - City of Miami Beach\",\"isPartOf\":{\"@id\":\"https:\/\/www.miamibeachfl.gov\/#website\"},\"primaryImageOfPage\":{\"@id\":\"https:\/\/www.miamibeachfl.gov\/city-hall\/city-clerk\/election-information\/cmb_election\/election-related-resolutions\/#primaryimage\"},\"image\":{\"@id\":\"https:\/\/www.miamibeachfl.gov\/city-hall\/city-clerk\/election-information\/cmb_election\/election-related-resolutions\/#primaryimage\"},\"thumbnailUrl\":\"https:\/\/www.miamibeachfl.gov\/wp-content\/uploads\/2022\/07\/hero-small.jpg\",\"datePublished\":\"2019-07-30T20:37:56+00:00\",\"dateModified\":\"2025-02-23T19:29:03+00:00\",\"description\":\"%\",\"breadcrumb\":{\"@id\":\"https:\/\/www.miamibeachfl.gov\/city-hall\/city-clerk\/election-information\/cmb_election\/election-related-resolutions\/#breadcrumb\"},\"inLanguage\":\"ht\",\"potentialAction\":[{\"@type\":\"ReadAction\",\"target\":[\"https:\/\/www.miamibeachfl.gov\/city-hall\/city-clerk\/election-information\/cmb_election\/election-related-resolutions\/\"]}]},{\"@type\":\"ImageObject\",\"inLanguage\":\"ht\",\"@id\":\"https:\/\/www.miamibeachfl.gov\/city-hall\/city-clerk\/election-information\/cmb_election\/election-related-resolutions\/#primaryimage\",\"url\":\"https:\/\/www.miamibeachfl.gov\/wp-content\/uploads\/2022\/07\/hero-small.jpg\",\"contentUrl\":\"https:\/\/www.miamibeachfl.gov\/wp-content\/uploads\/2022\/07\/hero-small.jpg\"},{\"@type\":\"BreadcrumbList\",\"@id\":\"https:\/\/www.miamibeachfl.gov\/city-hall\/city-clerk\/election-information\/cmb_election\/election-related-resolutions\/#breadcrumb\",\"itemListElement\":[{\"@type\":\"ListItem\",\"position\":1,\"name\":\"Home\",\"item\":\"https:\/\/www.miamibeachfl.gov\/\"},{\"@type\":\"ListItem\",\"position\":2,\"name\":\"City Hall\",\"item\":\"https:\/\/www.miamibeachfl.gov\/city-hall\/\"},{\"@type\":\"ListItem\",\"position\":3,\"name\":\"City Clerk\",\"item\":\"https:\/\/www.miamibeachfl.gov\/city-hall\/city-clerk\/\"},{\"@type\":\"ListItem\",\"position\":4,\"name\":\"Election Information\",\"item\":\"https:\/\/www.miamibeachfl.gov\/city-hall\/city-clerk\/election-information\/\"},{\"@type\":\"ListItem\",\"position\":5,\"name\":\"2019 Information\",\"item\":\"https:\/\/www.miamibeachfl.gov\/city-hall\/city-clerk\/election-information\/cmb_election\/\"},{\"@type\":\"ListItem\",\"position\":6,\"name\":\"Election Related Resolutions\"}]},{\"@type\":\"WebSite\",\"@id\":\"https:\/\/www.miamibeachfl.gov\/#website\",\"url\":\"https:\/\/www.miamibeachfl.gov\/\",\"name\":\"City of Miami Beach\",\"description\":\"The official website of the City of Miami Beach. Stay informed, find important information on city services, news, alerts, events, trolley routes, government employment and more.\",\"publisher\":{\"@id\":\"https:\/\/www.miamibeachfl.gov\/#organization\"},\"potentialAction\":[{\"@type\":\"SearchAction\",\"target\":{\"@type\":\"EntryPoint\",\"urlTemplate\":\"https:\/\/www.miamibeachfl.gov\/?s={search_term_string}\"},\"query-input\":{\"@type\":\"PropertyValueSpecification\",\"valueRequired\":true,\"valueName\":\"search_term_string\"}}],\"inLanguage\":\"ht\"},{\"@type\":\"Organization\",\"@id\":\"https:\/\/www.miamibeachfl.gov\/#organization\",\"name\":\"City of Miami Beach\",\"url\":\"https:\/\/www.miamibeachfl.gov\/\",\"logo\":{\"@type\":\"ImageObject\",\"inLanguage\":\"ht\",\"@id\":\"https:\/\/www.miamibeachfl.gov\/#\/schema\/logo\/image\/\",\"url\":\"https:\/\/www.miamibeachfl.gov\/wp-content\/uploads\/2022\/06\/miamibeach-logoblue.png\",\"contentUrl\":\"https:\/\/www.miamibeachfl.gov\/wp-content\/uploads\/2022\/06\/miamibeach-logoblue.png\",\"width\":1962,\"height\":381,\"caption\":\"City of Miami Beach\"},\"image\":{\"@id\":\"https:\/\/www.miamibeachfl.gov\/#\/schema\/logo\/image\/\"},\"sameAs\":[\"https:\/\/www.facebook.com\/cityofmiamibeach\",\"https:\/\/x.com\/Miamibeachnews\",\"https:\/\/www.instagram.com\/miamibeachnews\/\"],\"description\":\"The official website of the City of Miami Beach. Stay informed, find important information on city services, news, alerts, events, trolley routes, government employment and more.\",\"telephone\":\"305.604.CITY(2489)\",\"legalName\":\"City of Miami Beach\"}]}<\/script>\n<!-- \/ Yoast SEO Premium plugin. -->","yoast_head_json":{"title":"Rezolisyon ki gen rap\u00f2 ak eleksyon yo - Vil Miami Beach","description":"%","robots":{"index":"index","follow":"follow","max-snippet":"max-snippet:-1","max-image-preview":"max-image-preview:large","max-video-preview":"max-video-preview:-1"},"canonical":"https:\/\/www.miamibeachfl.gov\/ht\/city-hall\/city-clerk\/election-information\/cmb_election\/election-related-resolutions\/","og_locale":"ht_HT","og_type":"article","og_title":"Election Related Resolutions","og_description":"%","og_url":"https:\/\/www.miamibeachfl.gov\/ht\/city-hall\/city-clerk\/election-information\/cmb_election\/election-related-resolutions\/","og_site_name":"City of Miami Beach","article_publisher":"https:\/\/www.facebook.com\/cityofmiamibeach","article_modified_time":"2025-02-23T19:29:03+00:00","og_image":[{"url":"https:\/\/www.miamibeachfl.gov\/wp-content\/uploads\/2022\/07\/hero-small.jpg","type":"","width":"","height":""}],"twitter_card":"summary_large_image","twitter_site":"@Miamibeachnews","schema":{"@context":"https:\/\/schema.org","@graph":[{"@type":"WebPage","@id":"https:\/\/www.miamibeachfl.gov\/city-hall\/city-clerk\/election-information\/cmb_election\/election-related-resolutions\/","url":"https:\/\/www.miamibeachfl.gov\/city-hall\/city-clerk\/election-information\/cmb_election\/election-related-resolutions\/","name":"Rezolisyon ki gen rap\u00f2 ak eleksyon yo - Vil Miami Beach","isPartOf":{"@id":"https:\/\/www.miamibeachfl.gov\/#website"},"primaryImageOfPage":{"@id":"https:\/\/www.miamibeachfl.gov\/city-hall\/city-clerk\/election-information\/cmb_election\/election-related-resolutions\/#primaryimage"},"image":{"@id":"https:\/\/www.miamibeachfl.gov\/city-hall\/city-clerk\/election-information\/cmb_election\/election-related-resolutions\/#primaryimage"},"thumbnailUrl":"https:\/\/www.miamibeachfl.gov\/wp-content\/uploads\/2022\/07\/hero-small.jpg","datePublished":"2019-07-30T20:37:56+00:00","dateModified":"2025-02-23T19:29:03+00:00","description":"%","breadcrumb":{"@id":"https:\/\/www.miamibeachfl.gov\/city-hall\/city-clerk\/election-information\/cmb_election\/election-related-resolutions\/#breadcrumb"},"inLanguage":"ht","potentialAction":[{"@type":"ReadAction","target":["https:\/\/www.miamibeachfl.gov\/city-hall\/city-clerk\/election-information\/cmb_election\/election-related-resolutions\/"]}]},{"@type":"ImageObject","inLanguage":"ht","@id":"https:\/\/www.miamibeachfl.gov\/city-hall\/city-clerk\/election-information\/cmb_election\/election-related-resolutions\/#primaryimage","url":"https:\/\/www.miamibeachfl.gov\/wp-content\/uploads\/2022\/07\/hero-small.jpg","contentUrl":"https:\/\/www.miamibeachfl.gov\/wp-content\/uploads\/2022\/07\/hero-small.jpg"},{"@type":"BreadcrumbList","@id":"https:\/\/www.miamibeachfl.gov\/city-hall\/city-clerk\/election-information\/cmb_election\/election-related-resolutions\/#breadcrumb","itemListElement":[{"@type":"ListItem","position":1,"name":"Home","item":"https:\/\/www.miamibeachfl.gov\/"},{"@type":"ListItem","position":2,"name":"City Hall","item":"https:\/\/www.miamibeachfl.gov\/city-hall\/"},{"@type":"ListItem","position":3,"name":"City Clerk","item":"https:\/\/www.miamibeachfl.gov\/city-hall\/city-clerk\/"},{"@type":"ListItem","position":4,"name":"Election Information","item":"https:\/\/www.miamibeachfl.gov\/city-hall\/city-clerk\/election-information\/"},{"@type":"ListItem","position":5,"name":"2019 Information","item":"https:\/\/www.miamibeachfl.gov\/city-hall\/city-clerk\/election-information\/cmb_election\/"},{"@type":"ListItem","position":6,"name":"Election Related Resolutions"}]},{"@type":"WebSite","@id":"https:\/\/www.miamibeachfl.gov\/#website","url":"https:\/\/www.miamibeachfl.gov\/","name":"Vil Miami Beach","description":"Sitw\u00e8b ofisy\u00e8l Vil Miami Beach la. Rete enf\u00f2me, jwenn enf\u00f2masyon enp\u00f2tan sou s\u00e8vis vil la, nouv\u00e8l, al\u00e8t, ev\u00e8nman, wout tramway, travay gouv\u00e8nman an ak plis ank\u00f2.","publisher":{"@id":"https:\/\/www.miamibeachfl.gov\/#organization"},"potentialAction":[{"@type":"SearchAction","target":{"@type":"EntryPoint","urlTemplate":"https:\/\/www.miamibeachfl.gov\/?s={search_term_string}"},"query-input":{"@type":"PropertyValueSpecification","valueRequired":true,"valueName":"search_term_string"}}],"inLanguage":"ht"},{"@type":"Organization","@id":"https:\/\/www.miamibeachfl.gov\/#organization","name":"Vil Miami Beach","url":"https:\/\/www.miamibeachfl.gov\/","logo":{"@type":"ImageObject","inLanguage":"ht","@id":"https:\/\/www.miamibeachfl.gov\/#\/schema\/logo\/image\/","url":"https:\/\/www.miamibeachfl.gov\/wp-content\/uploads\/2022\/06\/miamibeach-logoblue.png","contentUrl":"https:\/\/www.miamibeachfl.gov\/wp-content\/uploads\/2022\/06\/miamibeach-logoblue.png","width":1962,"height":381,"caption":"City of Miami Beach"},"image":{"@id":"https:\/\/www.miamibeachfl.gov\/#\/schema\/logo\/image\/"},"sameAs":["https:\/\/www.facebook.com\/cityofmiamibeach","https:\/\/x.com\/Miamibeachnews","https:\/\/www.instagram.com\/miamibeachnews\/"],"description":"Sitw\u00e8b ofisy\u00e8l Vil Miami Beach la. Rete enf\u00f2me, jwenn enf\u00f2masyon enp\u00f2tan sou s\u00e8vis vil la, nouv\u00e8l, al\u00e8t, ev\u00e8nman, wout tramway, travay gouv\u00e8nman an ak plis ank\u00f2.","telephone":"305.604.CITY(2489)","legalName":"City of Miami Beach"}]}},"_links":{"self":[{"href":"https:\/\/www.miamibeachfl.gov\/ht\/wp-json\/wp\/v2\/pages\/111227","targetHints":{"allow":["GET"]}}],"collection":[{"href":"https:\/\/www.miamibeachfl.gov\/ht\/wp-json\/wp\/v2\/pages"}],"about":[{"href":"https:\/\/www.miamibeachfl.gov\/ht\/wp-json\/wp\/v2\/types\/page"}],"author":[{"embeddable":true,"href":"https:\/\/www.miamibeachfl.gov\/ht\/wp-json\/wp\/v2\/users\/222"}],"replies":[{"embeddable":true,"href":"https:\/\/www.miamibeachfl.gov\/ht\/wp-json\/wp\/v2\/comments?post=111227"}],"version-history":[{"count":0,"href":"https:\/\/www.miamibeachfl.gov\/ht\/wp-json\/wp\/v2\/pages\/111227\/revisions"}],"up":[{"embeddable":true,"href":"https:\/\/www.miamibeachfl.gov\/ht\/wp-json\/wp\/v2\/pages\/88833"}],"wp:attachment":[{"href":"https:\/\/www.miamibeachfl.gov\/ht\/wp-json\/wp\/v2\/media?parent=111227"}],"wp:term":[{"taxonomy":"category","embeddable":true,"href":"https:\/\/www.miamibeachfl.gov\/ht\/wp-json\/wp\/v2\/categories?post=111227"},{"taxonomy":"post_tag","embeddable":true,"href":"https:\/\/www.miamibeachfl.gov\/ht\/wp-json\/wp\/v2\/tags?post=111227"}],"curies":[{"name":"wp","href":"https:\/\/api.w.org\/{rel}","templated":true}]}}