{"id":120936,"date":"2019-12-02T16:36:51","date_gmt":"2019-12-02T21:36:51","guid":{"rendered":"http:\/\/www.miamibeachfl.gov\/?page_id=120936"},"modified":"2025-10-23T11:02:13","modified_gmt":"2025-10-23T15:02:13","slug":"yourmbpd","status":"publish","type":"page","link":"https:\/\/www.miamibeachfl.gov\/ht\/yourmbpd\/","title":{"rendered":"Lapolis"},"content":{"rendered":"<a href=\"https:\/\/www.miamibeachfl.gov\/ht\/yourmbpd\/\"  target=\"_self\" itemprop=\"url\">\n\t\t\t\t<img decoding=\"async\" src=\"https:\/\/www.miamibeachfl.gov\/wp-content\/uploads\/2019\/12\/badge-for-banner.png\" alt=\"badge for banner\" itemprop=\"image\" height=\"556\" width=\"1000\" title=\"badj pou bany\u00e8\" onerror=\"this.style.display='none'\" loading=\"lazy\" \/>\n\t\t\t\t<\/a>\n<h1>\n\t\t<a href=\"\/ht\/yourmbpd\/leadership\/\" title=\"LIDERAY\"  target=\"_self\">\n\t\t\tLIDERAY\t\t<\/a>\n\t<\/h1>\n<h1>\n\t\t<a href=\"\/ht\/yourmbpd\/neighborhoods\/\" title=\"KATYE YO\"  target=\"_self\">\n\t\t\tKATYE YO\t\t<\/a>\n\t<\/h1>\n<h1>\n\t\t<a href=\"\/ht\/yourmbpd\/services\/\" title=\"S\u00c8VIS\"  target=\"_self\">\n\t\t\tS\u00c8VIS\t\t<\/a>\n\t<\/h1>\n<h1>\n\t\t<a href=\"\/ht\/yourmbpd\/monthlycrimesdatareport\/\" title=\"DONE KRIM\"  target=\"_self\">\n\t\t\tDONE KRIM\t\t<\/a>\n\t<\/h1>\n<h1>\n\t\t<a href=\"\/ht\/yourmbpd\/contact\/\" title=\"KONTAKTE\"  target=\"_self\">\n\t\t\tKONTAKTE\t\t<\/a>\n\t<\/h1>\n\t\t\t\t<img decoding=\"async\" src=\"https:\/\/www.miamibeachfl.gov\/wp-content\/uploads\/2019\/12\/MainLogoG2.png\" alt=\"MainLogoG2\" itemprop=\"image\" height=\"1292\" width=\"2722\" title=\"Logo PrensipalG2\" onerror=\"this.style.display='none'\" loading=\"lazy\" \/>\n<img decoding=\"async\" src=\"http:\/\/www.miamibeachfl.gov\/wp-content\/uploads\/2019\/12\/officers-1-1.png\" alt=\"miami beach police officers\" \/>\n<a href=\"https:\/\/twitter.com\/MiamiBeachPD?ref_src=twsrc%5Etfw\">Tweets pa MiamiBeachPD<\/a> \n<img decoding=\"async\" src=\"https:\/\/www.miamibeachfl.gov\/wp-content\/uploads\/2025\/08\/ChiefWayneJones-silhouette.png\" alt=\"police chief wayne jones\"\/>\n<h2>MBPD<\/h2>\nMBPD a se yon ajans ki aplike lalwa ki akredite n\u00e8t, ki dedye a pouswiv tout op\u00f2tinite epi aksepte tout defi k\u00f2m yon pati nan rech\u00e8ch kontiny\u00e8l \u00f2ganizasyon sa a pou ekselans. Av\u00e8k kwasans kontiny\u00e8l nan popilarite Miami Beach k\u00f2m yon destinasyon chwa pou vizit\u00e8 ki soti andey\u00f2 vil la ak vizit\u00e8 lokal yo, Depatman Lapolis la gen responsablite pou balanse bezwen popilasyon rezidansy\u00e8l la ak gwo ogmantasyon nan kantite vizit\u00e8 nan vil la.\n<h2>Misyon<\/h2><p>POU ADRESE KRIM AK PWOBLEM K\u00d2MINOTE A<\/p>\n<h2>Vizyon<\/h2><p>YON ANVIW\u00d2NMAN KI AN SEKIRITE AK AKEYAN POU TOUT MOUN <\/p>\n<h2>Val\u00e8<\/h2><p>ONORAB, PWOFESYON\u00c8L, REZILANS<\/p>\n<h2>Objektif yo<\/h2><p>ITILIZE APW\u00d2CH INOVATIF POU ADRESE KRIM<\/p>\n<p>KENBE AK AMELYORE YON F\u00d2S MENAJ PWOFESYON\u00c8L AK BYEN F\u00d2ME <\/p>\n<p>AMELYORE P\u00c8SEPSYON PIBLIO A SOU DEPATMAN LAPOLIS MIAMI BEACH LA<\/p>\n\t\t\t\t<img decoding=\"async\" src=\"https:\/\/www.miamibeachfl.gov\/wp-content\/plugins\/bb-plugin\/img\/pixel.png\" alt=\"\" itemprop=\"image\" onerror=\"this.style.display='none'\" loading=\"lazy\" \/>\n\t<p>\u00a9 2025 Dwa ot\u00e8 Vil Miami Beach.<\/p>\n\t\t\t<a href=\"\/ht\/\" target=\"_self\">\n\t\t\t\t\t\t\tSitw\u00e8b Vil Miami Beach la\n\t\t\t\t\t<\/a>\n\t\t\t<a href=\"\/ht\/policies-disclaimers\/\" target=\"_self\">\n\t\t\t\t\t\t\tR\u00e8gleman ak Av\u00e8tisman\n\t\t\t\t\t<\/a>\n\t\t\t<a href=\"\/ht\/accessibility\/\" target=\"_self\">\n\t\t\t\t\t\t\tAks\u00e8\n\t\t\t\t\t<\/a>\n\t\t\t<a href=\"\/ht\/policies-disclaimers\/#cookies\" target=\"_self\">\n\t\t\t\t\t\t\tParam\u00e8t Bonbon\n\t\t\t\t\t<\/a>","protected":false},"excerpt":{"rendered":"<p><\/a><a href=\"https:\/\/www.miamibeachfl.gov\/ht\/yourmbpd\/services\/\" style=\"text-decoration:none; color:#004896;\"><br \/>\n    <i class=\"fa-solid fa-circle-info\"><\/i> S\u00e8vis yo<br \/>\n<\/a><\/p>","protected":false},"author":222,"featured_media":260865,"parent":0,"menu_order":330,"comment_status":"closed","ping_status":"closed","template":"","meta":{"_searchwp_excluded":"","site-sidebar-layout":"default","site-content-layout":"","ast-site-content-layout":"","site-content-style":"default","site-sidebar-style":"default","ast-global-header-display":"disabled","ast-banner-title-visibility":"","ast-main-header-display":"","ast-hfb-above-header-display":"","ast-hfb-below-header-display":"","ast-hfb-mobile-header-display":"","site-post-title":"","ast-breadcrumbs-content":"","ast-featured-img":"","footer-sml-layout":"disabled","ast-disable-related-posts":"","theme-transparent-header-meta":"","adv-header-id-meta":"","stick-header-meta":"","header-above-stick-meta":"","header-main-stick-meta":"","header-below-stick-meta":"","astra-migrate-meta-layouts":"default","ast-page-background-enabled":"default","ast-page-background-meta":{"desktop":{"background-color":"var(--ast-global-color-5)","background-image":"","background-repeat":"repeat","background-position":"center center","background-size":"auto","background-attachment":"scroll","background-type":"","background-media":"","overlay-type":"","overlay-color":"","overlay-opacity":"","overlay-gradient":""},"tablet":{"background-color":"","background-image":"","background-repeat":"repeat","background-position":"center center","background-size":"auto","background-attachment":"scroll","background-type":"","background-media":"","overlay-type":"","overlay-color":"","overlay-opacity":"","overlay-gradient":""},"mobile":{"background-color":"","background-image":"","background-repeat":"repeat","background-position":"center center","background-size":"auto","background-attachment":"scroll","background-type":"","background-media":"","overlay-type":"","overlay-color":"","overlay-opacity":"","overlay-gradient":""}},"ast-content-background-meta":{"desktop":{"background-color":"var(--ast-global-color-4)","background-image":"","background-repeat":"repeat","background-position":"center center","background-size":"auto","background-attachment":"scroll","background-type":"","background-media":"","overlay-type":"","overlay-color":"","overlay-opacity":"","overlay-gradient":""},"tablet":{"background-color":"var(--ast-global-color-4)","background-image":"","background-repeat":"repeat","background-position":"center center","background-size":"auto","background-attachment":"scroll","background-type":"","background-media":"","overlay-type":"","overlay-color":"","overlay-opacity":"","overlay-gradient":""},"mobile":{"background-color":"var(--ast-global-color-4)","background-image":"","background-repeat":"repeat","background-position":"center center","background-size":"auto","background-attachment":"scroll","background-type":"","background-media":"","overlay-type":"","overlay-color":"","overlay-opacity":"","overlay-gradient":""}},"footnotes":""},"categories":[1782],"tags":[1733],"class_list":["post-120936","page","type-page","status-publish","has-post-thumbnail","hentry","category-public-safety","tag-safety"],"yoast_head":"<!-- This site is optimized with the Yoast SEO Premium plugin v27.4 (Yoast SEO v27.4) - https:\/\/yoast.com\/product\/yoast-seo-premium-wordpress\/ -->\n<title>Police - City of Miami Beach<\/title>\n<meta name=\"description\" content=\"The Miami Beach Police Department ensures the safety of the residential population by using innovative defense approaches and professionalism.\" \/>\n<meta name=\"robots\" content=\"index, follow, max-snippet:-1, max-image-preview:large, max-video-preview:-1\" \/>\n<link rel=\"canonical\" href=\"https:\/\/www.miamibeachfl.gov\/ht\/yourmbpd\/\" \/>\n<meta property=\"og:locale\" content=\"ht_HT\" \/>\n<meta property=\"og:type\" content=\"article\" \/>\n<meta property=\"og:title\" content=\"Police\" \/>\n<meta property=\"og:description\" content=\"The Miami Beach Police Department ensures the safety of the residential population by using innovative defense approaches and professionalism.\" \/>\n<meta property=\"og:url\" content=\"https:\/\/www.miamibeachfl.gov\/ht\/yourmbpd\/\" \/>\n<meta property=\"og:site_name\" content=\"City of Miami Beach\" \/>\n<meta property=\"article:publisher\" content=\"https:\/\/www.facebook.com\/cityofmiamibeach\" \/>\n<meta property=\"article:modified_time\" content=\"2025-10-23T15:02:13+00:00\" \/>\n<meta property=\"og:image\" content=\"https:\/\/www.miamibeachfl.gov\/wp-content\/uploads\/2023\/05\/ShantellPoliceHeadshot.jpg\" \/>\n\t<meta property=\"og:image:width\" content=\"500\" \/>\n\t<meta property=\"og:image:height\" content=\"500\" \/>\n\t<meta property=\"og:image:type\" content=\"image\/jpeg\" \/>\n<meta name=\"twitter:card\" content=\"summary_large_image\" \/>\n<meta name=\"twitter:site\" content=\"@Miamibeachnews\" \/>\n<script type=\"application\/ld+json\" class=\"yoast-schema-graph\">{\"@context\":\"https:\\\/\\\/schema.org\",\"@graph\":[{\"@type\":\"WebPage\",\"@id\":\"https:\\\/\\\/www.miamibeachfl.gov\\\/yourmbpd\\\/\",\"url\":\"https:\\\/\\\/www.miamibeachfl.gov\\\/yourmbpd\\\/\",\"name\":\"Police - City of Miami Beach\",\"isPartOf\":{\"@id\":\"https:\\\/\\\/www.miamibeachfl.gov\\\/#website\"},\"primaryImageOfPage\":{\"@id\":\"https:\\\/\\\/www.miamibeachfl.gov\\\/yourmbpd\\\/#primaryimage\"},\"image\":{\"@id\":\"https:\\\/\\\/www.miamibeachfl.gov\\\/yourmbpd\\\/#primaryimage\"},\"thumbnailUrl\":\"https:\\\/\\\/www.miamibeachfl.gov\\\/wp-content\\\/uploads\\\/2023\\\/05\\\/ShantellPoliceHeadshot.jpg\",\"datePublished\":\"2019-12-02T21:36:51+00:00\",\"dateModified\":\"2025-10-23T15:02:13+00:00\",\"description\":\"The Miami Beach Police Department ensures the safety of the residential population by using innovative defense approaches and professionalism.\",\"breadcrumb\":{\"@id\":\"https:\\\/\\\/www.miamibeachfl.gov\\\/yourmbpd\\\/#breadcrumb\"},\"inLanguage\":\"ht\",\"potentialAction\":[{\"@type\":\"ReadAction\",\"target\":[\"https:\\\/\\\/www.miamibeachfl.gov\\\/yourmbpd\\\/\"]}]},{\"@type\":\"ImageObject\",\"inLanguage\":\"ht\",\"@id\":\"https:\\\/\\\/www.miamibeachfl.gov\\\/yourmbpd\\\/#primaryimage\",\"url\":\"https:\\\/\\\/www.miamibeachfl.gov\\\/wp-content\\\/uploads\\\/2023\\\/05\\\/ShantellPoliceHeadshot.jpg\",\"contentUrl\":\"https:\\\/\\\/www.miamibeachfl.gov\\\/wp-content\\\/uploads\\\/2023\\\/05\\\/ShantellPoliceHeadshot.jpg\",\"width\":500,\"height\":500,\"caption\":\"Police Officer\"},{\"@type\":\"BreadcrumbList\",\"@id\":\"https:\\\/\\\/www.miamibeachfl.gov\\\/yourmbpd\\\/#breadcrumb\",\"itemListElement\":[{\"@type\":\"ListItem\",\"position\":1,\"name\":\"Home\",\"item\":\"https:\\\/\\\/www.miamibeachfl.gov\\\/\"},{\"@type\":\"ListItem\",\"position\":2,\"name\":\"Police\"}]},{\"@type\":\"WebSite\",\"@id\":\"https:\\\/\\\/www.miamibeachfl.gov\\\/#website\",\"url\":\"https:\\\/\\\/www.miamibeachfl.gov\\\/\",\"name\":\"City of Miami Beach\",\"description\":\"The official website of the City of Miami Beach. Stay informed, find important information on city services, news, alerts, events, trolley routes, government employment and more.\",\"publisher\":{\"@id\":\"https:\\\/\\\/www.miamibeachfl.gov\\\/#organization\"},\"potentialAction\":[{\"@type\":\"SearchAction\",\"target\":{\"@type\":\"EntryPoint\",\"urlTemplate\":\"https:\\\/\\\/www.miamibeachfl.gov\\\/?s={search_term_string}\"},\"query-input\":{\"@type\":\"PropertyValueSpecification\",\"valueRequired\":true,\"valueName\":\"search_term_string\"}}],\"inLanguage\":\"ht\"},{\"@type\":\"Organization\",\"@id\":\"https:\\\/\\\/www.miamibeachfl.gov\\\/#organization\",\"name\":\"City of Miami Beach\",\"url\":\"https:\\\/\\\/www.miamibeachfl.gov\\\/\",\"logo\":{\"@type\":\"ImageObject\",\"inLanguage\":\"ht\",\"@id\":\"https:\\\/\\\/www.miamibeachfl.gov\\\/#\\\/schema\\\/logo\\\/image\\\/\",\"url\":\"https:\\\/\\\/www.miamibeachfl.gov\\\/wp-content\\\/uploads\\\/2022\\\/06\\\/miamibeach-logoblue.png\",\"contentUrl\":\"https:\\\/\\\/www.miamibeachfl.gov\\\/wp-content\\\/uploads\\\/2022\\\/06\\\/miamibeach-logoblue.png\",\"width\":1962,\"height\":381,\"caption\":\"City of Miami Beach\"},\"image\":{\"@id\":\"https:\\\/\\\/www.miamibeachfl.gov\\\/#\\\/schema\\\/logo\\\/image\\\/\"},\"sameAs\":[\"https:\\\/\\\/www.facebook.com\\\/cityofmiamibeach\",\"https:\\\/\\\/x.com\\\/Miamibeachnews\",\"https:\\\/\\\/www.instagram.com\\\/miamibeachnews\\\/\"],\"description\":\"The official website of the City of Miami Beach. Stay informed, find important information on city services, news, alerts, events, trolley routes, government employment and more.\",\"telephone\":\"305.604.CITY(2489)\",\"legalName\":\"City of Miami Beach\"}]}<\/script>\n<!-- \/ Yoast SEO Premium plugin. -->","yoast_head_json":{"title":"Lapolis - Vil Miami Beach","description":"Depatman Lapolis Miami Beach la asire sekirite popilasyon rezidansy\u00e8l la l\u00e8 l s\u00e8vi av\u00e8k apw\u00f2ch defans inovat\u00e8 ak pwofesyonalis.","robots":{"index":"index","follow":"follow","max-snippet":"max-snippet:-1","max-image-preview":"max-image-preview:large","max-video-preview":"max-video-preview:-1"},"canonical":"https:\/\/www.miamibeachfl.gov\/ht\/yourmbpd\/","og_locale":"ht_HT","og_type":"article","og_title":"Police","og_description":"The Miami Beach Police Department ensures the safety of the residential population by using innovative defense approaches and professionalism.","og_url":"https:\/\/www.miamibeachfl.gov\/ht\/yourmbpd\/","og_site_name":"City of Miami Beach","article_publisher":"https:\/\/www.facebook.com\/cityofmiamibeach","article_modified_time":"2025-10-23T15:02:13+00:00","og_image":[{"width":500,"height":500,"url":"https:\/\/www.miamibeachfl.gov\/wp-content\/uploads\/2023\/05\/ShantellPoliceHeadshot.jpg","type":"image\/jpeg"}],"twitter_card":"summary_large_image","twitter_site":"@Miamibeachnews","schema":{"@context":"https:\/\/schema.org","@graph":[{"@type":"WebPage","@id":"https:\/\/www.miamibeachfl.gov\/yourmbpd\/","url":"https:\/\/www.miamibeachfl.gov\/yourmbpd\/","name":"Lapolis - Vil Miami Beach","isPartOf":{"@id":"https:\/\/www.miamibeachfl.gov\/#website"},"primaryImageOfPage":{"@id":"https:\/\/www.miamibeachfl.gov\/yourmbpd\/#primaryimage"},"image":{"@id":"https:\/\/www.miamibeachfl.gov\/yourmbpd\/#primaryimage"},"thumbnailUrl":"https:\/\/www.miamibeachfl.gov\/wp-content\/uploads\/2023\/05\/ShantellPoliceHeadshot.jpg","datePublished":"2019-12-02T21:36:51+00:00","dateModified":"2025-10-23T15:02:13+00:00","description":"Depatman Lapolis Miami Beach la asire sekirite popilasyon rezidansy\u00e8l la l\u00e8 l s\u00e8vi av\u00e8k apw\u00f2ch defans inovat\u00e8 ak pwofesyonalis.","breadcrumb":{"@id":"https:\/\/www.miamibeachfl.gov\/yourmbpd\/#breadcrumb"},"inLanguage":"ht","potentialAction":[{"@type":"ReadAction","target":["https:\/\/www.miamibeachfl.gov\/yourmbpd\/"]}]},{"@type":"ImageObject","inLanguage":"ht","@id":"https:\/\/www.miamibeachfl.gov\/yourmbpd\/#primaryimage","url":"https:\/\/www.miamibeachfl.gov\/wp-content\/uploads\/2023\/05\/ShantellPoliceHeadshot.jpg","contentUrl":"https:\/\/www.miamibeachfl.gov\/wp-content\/uploads\/2023\/05\/ShantellPoliceHeadshot.jpg","width":500,"height":500,"caption":"Police Officer"},{"@type":"BreadcrumbList","@id":"https:\/\/www.miamibeachfl.gov\/yourmbpd\/#breadcrumb","itemListElement":[{"@type":"ListItem","position":1,"name":"Home","item":"https:\/\/www.miamibeachfl.gov\/"},{"@type":"ListItem","position":2,"name":"Police"}]},{"@type":"WebSite","@id":"https:\/\/www.miamibeachfl.gov\/#website","url":"https:\/\/www.miamibeachfl.gov\/","name":"Vil Miami Beach","description":"Sitw\u00e8b ofisy\u00e8l Vil Miami Beach la. Rete enf\u00f2me, jwenn enf\u00f2masyon enp\u00f2tan sou s\u00e8vis vil la, nouv\u00e8l, al\u00e8t, ev\u00e8nman, wout tramway, travay gouv\u00e8nman an ak plis ank\u00f2.","publisher":{"@id":"https:\/\/www.miamibeachfl.gov\/#organization"},"potentialAction":[{"@type":"SearchAction","target":{"@type":"EntryPoint","urlTemplate":"https:\/\/www.miamibeachfl.gov\/?s={search_term_string}"},"query-input":{"@type":"PropertyValueSpecification","valueRequired":true,"valueName":"search_term_string"}}],"inLanguage":"ht"},{"@type":"Organization","@id":"https:\/\/www.miamibeachfl.gov\/#organization","name":"Vil Miami Beach","url":"https:\/\/www.miamibeachfl.gov\/","logo":{"@type":"ImageObject","inLanguage":"ht","@id":"https:\/\/www.miamibeachfl.gov\/#\/schema\/logo\/image\/","url":"https:\/\/www.miamibeachfl.gov\/wp-content\/uploads\/2022\/06\/miamibeach-logoblue.png","contentUrl":"https:\/\/www.miamibeachfl.gov\/wp-content\/uploads\/2022\/06\/miamibeach-logoblue.png","width":1962,"height":381,"caption":"City of Miami Beach"},"image":{"@id":"https:\/\/www.miamibeachfl.gov\/#\/schema\/logo\/image\/"},"sameAs":["https:\/\/www.facebook.com\/cityofmiamibeach","https:\/\/x.com\/Miamibeachnews","https:\/\/www.instagram.com\/miamibeachnews\/"],"description":"Sitw\u00e8b ofisy\u00e8l Vil Miami Beach la. Rete enf\u00f2me, jwenn enf\u00f2masyon enp\u00f2tan sou s\u00e8vis vil la, nouv\u00e8l, al\u00e8t, ev\u00e8nman, wout tramway, travay gouv\u00e8nman an ak plis ank\u00f2.","telephone":"305.604.CITY(2489)","legalName":"City of Miami Beach"}]}},"_links":{"self":[{"href":"https:\/\/www.miamibeachfl.gov\/ht\/wp-json\/wp\/v2\/pages\/120936","targetHints":{"allow":["GET"]}}],"collection":[{"href":"https:\/\/www.miamibeachfl.gov\/ht\/wp-json\/wp\/v2\/pages"}],"about":[{"href":"https:\/\/www.miamibeachfl.gov\/ht\/wp-json\/wp\/v2\/types\/page"}],"author":[{"embeddable":true,"href":"https:\/\/www.miamibeachfl.gov\/ht\/wp-json\/wp\/v2\/users\/222"}],"replies":[{"embeddable":true,"href":"https:\/\/www.miamibeachfl.gov\/ht\/wp-json\/wp\/v2\/comments?post=120936"}],"version-history":[{"count":12,"href":"https:\/\/www.miamibeachfl.gov\/ht\/wp-json\/wp\/v2\/pages\/120936\/revisions"}],"predecessor-version":[{"id":390766,"href":"https:\/\/www.miamibeachfl.gov\/ht\/wp-json\/wp\/v2\/pages\/120936\/revisions\/390766"}],"wp:featuredmedia":[{"embeddable":true,"href":"https:\/\/www.miamibeachfl.gov\/ht\/wp-json\/wp\/v2\/media\/260865"}],"wp:attachment":[{"href":"https:\/\/www.miamibeachfl.gov\/ht\/wp-json\/wp\/v2\/media?parent=120936"}],"wp:term":[{"taxonomy":"category","embeddable":true,"href":"https:\/\/www.miamibeachfl.gov\/ht\/wp-json\/wp\/v2\/categories?post=120936"},{"taxonomy":"post_tag","embeddable":true,"href":"https:\/\/www.miamibeachfl.gov\/ht\/wp-json\/wp\/v2\/tags?post=120936"}],"curies":[{"name":"wp","href":"https:\/\/api.w.org\/{rel}","templated":true}]}}