{"id":124374,"date":"2020-01-29T17:03:29","date_gmt":"2020-01-29T22:03:29","guid":{"rendered":"http:\/\/www.miamibeachfl.gov\/?page_id=124374"},"modified":"2026-01-07T10:13:06","modified_gmt":"2026-01-07T15:13:06","slug":"wayne-a-jones","status":"publish","type":"page","link":"https:\/\/www.miamibeachfl.gov\/ht\/yourmbpd\/wayne-a-jones\/","title":{"rendered":"Wayne A Jones"},"content":{"rendered":"<a href=\"\/ht\/yourmbpd\/\"  target=\"_self\" itemprop=\"url\">\n\t\t\t\t<img decoding=\"async\" src=\"https:\/\/www.miamibeachfl.gov\/wp-content\/uploads\/2019\/12\/badge-for-banner.png\" alt=\"badge for banner\" itemprop=\"image\" height=\"556\" width=\"1000\" title=\"badj pou bany\u00e8\" onerror=\"this.style.display='none'\" loading=\"lazy\" \/>\n\t\t\t\t<\/a>\n<h1>\n\t\t<a href=\"\/ht\/yourmbpd\/leadership\/\" title=\"LIDERAY\"  target=\"_self\">\n\t\t\tLIDERAY\t\t<\/a>\n\t<\/h1>\n<h1>\n\t\t<a href=\"\/ht\/yourmbpd\/neighborhoods\/\" title=\"KATYE YO\"  target=\"_self\">\n\t\t\tKATYE YO\t\t<\/a>\n\t<\/h1>\n<h1>\n\t\t<a href=\"\/ht\/yourmbpd\/services\/\" title=\"S\u00c8VIS\"  target=\"_self\">\n\t\t\tS\u00c8VIS\t\t<\/a>\n\t<\/h1>\n<h1>\n\t\t<a href=\"\/ht\/yourmbpd\/monthlycrimesdatareport\/\" title=\"DONE KRIM\"  target=\"_self\">\n\t\t\tDONE KRIM\t\t<\/a>\n\t<\/h1>\n<h1>\n\t\t<a href=\"\/ht\/yourmbpd\/contact\/\" title=\"KONTAKTE\"  target=\"_self\">\n\t\t\tKONTAKTE\t\t<\/a>\n\t<\/h1>\n\t\t\t\t<img decoding=\"async\" src=\"https:\/\/www.miamibeachfl.gov\/wp-content\/uploads\/2025\/08\/Staff-ChiefWayneJones-Circle.png\" alt=\"Chief Wayne Jones\" itemprop=\"image\" height=\"250\" width=\"250\" title=\"Ch\u00e8f Anplwaye Wayne Jones-Circle\" onerror=\"this.style.display='none'\" loading=\"lazy\" \/>\n<h1>\n\t\t\tWAYNE A. JONES\t<\/h1>\n<h2>\n\t\t\tCh\u00e8f Lapolis\t<\/h2>\n\t<p><strong>Wayne A. Jones<\/strong>\u00a0te pran w\u00f2l 21y\u00e8m Ch\u00e8f Lapolis Depatman Lapolis Miami Beach la nan dat 1ye septanm 2023. Av\u00e8k yon kary\u00e8 distenge 27 ane anty\u00e8man nan Vil Miami Beach, Ch\u00e8f Jones te monte nan div\u00e8s w\u00f2l, tankou ofisye patwouy, detektiv, s\u00e8jan, lyetnan, kapit\u00e8n ak maj\u00f2, pou finalman rive nan pozisyon Ch\u00e8f Adjwen an 2019. Eksperyans vaste li a te benefisye vil nou an anpil. Li enp\u00f2tan pou note, pandan manda li k\u00f2m s\u00e8jan nan zaf\u00e8 kominot\u00e8, li te prepare teren pou Pwogram Ofisye Resous pou Moun ki Sanzabri a, ki kounye a resevwa anpil aklame nasyonalman, ki itilize yon apw\u00f2ch konpl\u00e8 pou sansibilizasyon, angajman ak aplikasyon lalwa.<\/p>\n<p>Nan kapasite li k\u00f2m yon gwo sip\u00e8viz\u00e8 s\u00e8vis sip\u00f2, Ch\u00e8f Jones te \u00f2kestre yon inisyativ estratejik pou ranf\u00f2se rekritman ofisye lapolis fi, sa ki te mennen nan yon ogmantasyon nan anbochaj soti nan 12% pou rive nan 18%. Anplis de sa, pandan l t ap s\u00e8vi k\u00f2m yon gwo sip\u00e8viz\u00e8 nan divizyon ank\u00e8t krimin\u00e8l la, li te etabli inite trafik moun depatman an. Inite a te vin dirije Konte Miami-Dade nan ank\u00e8t sou trafik moun ak arestasyon pou ofans trafik s\u00e8ks.<\/p>\n<p>Ch\u00e8f Jones te resevwa yon lisans nan syans politik ak administrasyon piblik nan Florida Memorial University, ansanm ak yon metriz nan administrasyon piblik nan Florida International University. Parcours edikasyon\u00e8l li a gen ladan tou yon dipl\u00f2m asosye nan Miami Dade College nan pilotaj pwofesyon\u00e8l ak teknoloji. Li se yon ansyen el\u00e8v distenge Miami Fellows (Klas II). Pami reyalizasyon remakab yo genyen patisipasyon Ch\u00e8f Jones nan pwogram Semin\u00e8 Devlopman Egzekitif Aplikasyon Lalwa Federal Bureau of Investigation an ak Enstiti Jesyon Senior pou Lapolis nan Fow\u00f2m Rech\u00e8ch Egzekitif Lapolis la.<\/p>\n<h3>\n\t\t\t1100 Avni Washington,<br \/>Miami Beach, Florid 33139\t<\/h3>\n<h3>\n\t\t\t305.673.7925\t<\/h3>\n<h3>\n\t\t<a href=\"mailto:policechief@miamibeachfl.gov\" title=\"policechief@miamibeachfl.gov\"  target=\"_self\">\n\t\t\tpolicechief@miamibeachfl.gov\t\t<\/a>\n\t<\/h3>\n\t<p>\u00a9 2025 Dwa ot\u00e8 Vil Miami Beach.<\/p>\n\t\t\t<a href=\"\/ht\/\" target=\"_self\">\n\t\t\t\t\t\t\tSitw\u00e8b Vil Miami Beach la\n\t\t\t\t\t<\/a>\n\t\t\t<a href=\"\/ht\/policies-disclaimers\/\" target=\"_self\">\n\t\t\t\t\t\t\tR\u00e8gleman ak Av\u00e8tisman\n\t\t\t\t\t<\/a>\n\t\t\t<a href=\"\/ht\/accessibility\/\" target=\"_self\">\n\t\t\t\t\t\t\tAks\u00e8\n\t\t\t\t\t<\/a>\n\t\t\t<a href=\"\/ht\/policies-disclaimers\/#cookies\" target=\"_self\">\n\t\t\t\t\t\t\tParam\u00e8t Bonbon\n\t\t\t\t\t<\/a>","protected":false},"excerpt":{"rendered":"<p>LEADERSHIP NEIGHBORHOODS SERVICES CRIME DATA CONTACT WAYNE A. JONES Chief of Police Wayne A. Jones\u00a0assumed the role of the 21st [&hellip;]<\/p>\n","protected":false},"author":222,"featured_media":0,"parent":120936,"menu_order":111,"comment_status":"closed","ping_status":"closed","template":"","meta":{"_searchwp_excluded":"","site-sidebar-layout":"default","site-content-layout":"","ast-site-content-layout":"","site-content-style":"default","site-sidebar-style":"default","ast-global-header-display":"disabled","ast-banner-title-visibility":"","ast-main-header-display":"","ast-hfb-above-header-display":"","ast-hfb-below-header-display":"","ast-hfb-mobile-header-display":"","site-post-title":"","ast-breadcrumbs-content":"","ast-featured-img":"","footer-sml-layout":"disabled","theme-transparent-header-meta":"","adv-header-id-meta":"","stick-header-meta":"","header-above-stick-meta":"","header-main-stick-meta":"","header-below-stick-meta":"","astra-migrate-meta-layouts":"default","ast-page-background-enabled":"default","ast-page-background-meta":{"desktop":{"background-color":"var(--ast-global-color-5)","background-image":"","background-repeat":"repeat","background-position":"center center","background-size":"auto","background-attachment":"scroll","background-type":"","background-media":"","overlay-type":"","overlay-color":"","overlay-opacity":"","overlay-gradient":""},"tablet":{"background-color":"","background-image":"","background-repeat":"repeat","background-position":"center center","background-size":"auto","background-attachment":"scroll","background-type":"","background-media":"","overlay-type":"","overlay-color":"","overlay-opacity":"","overlay-gradient":""},"mobile":{"background-color":"","background-image":"","background-repeat":"repeat","background-position":"center center","background-size":"auto","background-attachment":"scroll","background-type":"","background-media":"","overlay-type":"","overlay-color":"","overlay-opacity":"","overlay-gradient":""}},"ast-content-background-meta":{"desktop":{"background-color":"var(--ast-global-color-4)","background-image":"","background-repeat":"repeat","background-position":"center center","background-size":"auto","background-attachment":"scroll","background-type":"","background-media":"","overlay-type":"","overlay-color":"","overlay-opacity":"","overlay-gradient":""},"tablet":{"background-color":"var(--ast-global-color-4)","background-image":"","background-repeat":"repeat","background-position":"center center","background-size":"auto","background-attachment":"scroll","background-type":"","background-media":"","overlay-type":"","overlay-color":"","overlay-opacity":"","overlay-gradient":""},"mobile":{"background-color":"var(--ast-global-color-4)","background-image":"","background-repeat":"repeat","background-position":"center center","background-size":"auto","background-attachment":"scroll","background-type":"","background-media":"","overlay-type":"","overlay-color":"","overlay-opacity":"","overlay-gradient":""}},"footnotes":""},"categories":[],"tags":[],"class_list":["post-124374","page","type-page","status-publish","hentry"],"yoast_head":"<!-- This site is optimized with the Yoast SEO Premium plugin v27.4 (Yoast SEO v27.4) - https:\/\/yoast.com\/product\/yoast-seo-premium-wordpress\/ -->\n<title>Wayne A Jones - City of Miami Beach<\/title>\n<meta name=\"description\" content=\"Deputy Chief Wayne A. Jones was appointed as the deputy police chief of the Miami Beach Police Department on July 1, 2019. Jones has served with the Department since 1996. During his tenure, he has succeeded in various capacities and positions of rank, including patrol and special operations, community affairs, internal affairs, and criminal investigations. Most recently, he was assigned as Major of the Criminal Investigations division, overseeing all investigations.\" \/>\n<meta name=\"robots\" content=\"index, follow, max-snippet:-1, max-image-preview:large, max-video-preview:-1\" \/>\n<link rel=\"canonical\" href=\"https:\/\/www.miamibeachfl.gov\/ht\/yourmbpd\/wayne-a-jones\/\" \/>\n<meta property=\"og:locale\" content=\"ht_HT\" \/>\n<meta property=\"og:type\" content=\"article\" \/>\n<meta property=\"og:title\" content=\"Wayne A Jones\" \/>\n<meta property=\"og:description\" content=\"Deputy Chief Wayne A. Jones was appointed as the deputy police chief of the Miami Beach Police Department on July 1, 2019. Jones has served with the Department since 1996. During his tenure, he has succeeded in various capacities and positions of rank, including patrol and special operations, community affairs, internal affairs, and criminal investigations. Most recently, he was assigned as Major of the Criminal Investigations division, overseeing all investigations.\" \/>\n<meta property=\"og:url\" content=\"https:\/\/www.miamibeachfl.gov\/ht\/yourmbpd\/wayne-a-jones\/\" \/>\n<meta property=\"og:site_name\" content=\"City of Miami Beach\" \/>\n<meta property=\"article:publisher\" content=\"https:\/\/www.facebook.com\/cityofmiamibeach\" \/>\n<meta property=\"article:modified_time\" content=\"2026-01-07T15:13:06+00:00\" \/>\n<meta property=\"og:image\" content=\"https:\/\/www.miamibeachfl.gov\/wp-content\/uploads\/2019\/12\/badge-for-banner.png\" \/>\n<meta name=\"twitter:card\" content=\"summary_large_image\" \/>\n<meta name=\"twitter:site\" content=\"@Miamibeachnews\" \/>\n<script type=\"application\/ld+json\" class=\"yoast-schema-graph\">{\"@context\":\"https:\\\/\\\/schema.org\",\"@graph\":[{\"@type\":\"WebPage\",\"@id\":\"https:\\\/\\\/www.miamibeachfl.gov\\\/yourmbpd\\\/wayne-a-jones\\\/\",\"url\":\"https:\\\/\\\/www.miamibeachfl.gov\\\/yourmbpd\\\/wayne-a-jones\\\/\",\"name\":\"Wayne A Jones - City of Miami Beach\",\"isPartOf\":{\"@id\":\"https:\\\/\\\/www.miamibeachfl.gov\\\/#website\"},\"primaryImageOfPage\":{\"@id\":\"https:\\\/\\\/www.miamibeachfl.gov\\\/yourmbpd\\\/wayne-a-jones\\\/#primaryimage\"},\"image\":{\"@id\":\"https:\\\/\\\/www.miamibeachfl.gov\\\/yourmbpd\\\/wayne-a-jones\\\/#primaryimage\"},\"thumbnailUrl\":\"https:\\\/\\\/www.miamibeachfl.gov\\\/wp-content\\\/uploads\\\/2019\\\/12\\\/badge-for-banner.png\",\"datePublished\":\"2020-01-29T22:03:29+00:00\",\"dateModified\":\"2026-01-07T15:13:06+00:00\",\"description\":\"Deputy Chief Wayne A. Jones was appointed as the deputy police chief of the Miami Beach Police Department on July 1, 2019. Jones has served with the Department since 1996. During his tenure, he has succeeded in various capacities and positions of rank, including patrol and special operations, community affairs, internal affairs, and criminal investigations. Most recently, he was assigned as Major of the Criminal Investigations division, overseeing all investigations.\",\"breadcrumb\":{\"@id\":\"https:\\\/\\\/www.miamibeachfl.gov\\\/yourmbpd\\\/wayne-a-jones\\\/#breadcrumb\"},\"inLanguage\":\"ht\",\"potentialAction\":[{\"@type\":\"ReadAction\",\"target\":[\"https:\\\/\\\/www.miamibeachfl.gov\\\/yourmbpd\\\/wayne-a-jones\\\/\"]}]},{\"@type\":\"ImageObject\",\"inLanguage\":\"ht\",\"@id\":\"https:\\\/\\\/www.miamibeachfl.gov\\\/yourmbpd\\\/wayne-a-jones\\\/#primaryimage\",\"url\":\"https:\\\/\\\/www.miamibeachfl.gov\\\/wp-content\\\/uploads\\\/2019\\\/12\\\/badge-for-banner.png\",\"contentUrl\":\"https:\\\/\\\/www.miamibeachfl.gov\\\/wp-content\\\/uploads\\\/2019\\\/12\\\/badge-for-banner.png\"},{\"@type\":\"BreadcrumbList\",\"@id\":\"https:\\\/\\\/www.miamibeachfl.gov\\\/yourmbpd\\\/wayne-a-jones\\\/#breadcrumb\",\"itemListElement\":[{\"@type\":\"ListItem\",\"position\":1,\"name\":\"Home\",\"item\":\"https:\\\/\\\/www.miamibeachfl.gov\\\/\"},{\"@type\":\"ListItem\",\"position\":2,\"name\":\"Police\",\"item\":\"https:\\\/\\\/www.miamibeachfl.gov\\\/yourmbpd\\\/\"},{\"@type\":\"ListItem\",\"position\":3,\"name\":\"Wayne A Jones\"}]},{\"@type\":\"WebSite\",\"@id\":\"https:\\\/\\\/www.miamibeachfl.gov\\\/#website\",\"url\":\"https:\\\/\\\/www.miamibeachfl.gov\\\/\",\"name\":\"City of Miami Beach\",\"description\":\"The official website of the City of Miami Beach. Stay informed, find important information on city services, news, alerts, events, trolley routes, government employment and more.\",\"publisher\":{\"@id\":\"https:\\\/\\\/www.miamibeachfl.gov\\\/#organization\"},\"potentialAction\":[{\"@type\":\"SearchAction\",\"target\":{\"@type\":\"EntryPoint\",\"urlTemplate\":\"https:\\\/\\\/www.miamibeachfl.gov\\\/?s={search_term_string}\"},\"query-input\":{\"@type\":\"PropertyValueSpecification\",\"valueRequired\":true,\"valueName\":\"search_term_string\"}}],\"inLanguage\":\"ht\"},{\"@type\":\"Organization\",\"@id\":\"https:\\\/\\\/www.miamibeachfl.gov\\\/#organization\",\"name\":\"City of Miami Beach\",\"url\":\"https:\\\/\\\/www.miamibeachfl.gov\\\/\",\"logo\":{\"@type\":\"ImageObject\",\"inLanguage\":\"ht\",\"@id\":\"https:\\\/\\\/www.miamibeachfl.gov\\\/#\\\/schema\\\/logo\\\/image\\\/\",\"url\":\"https:\\\/\\\/www.miamibeachfl.gov\\\/wp-content\\\/uploads\\\/2022\\\/06\\\/miamibeach-logoblue.png\",\"contentUrl\":\"https:\\\/\\\/www.miamibeachfl.gov\\\/wp-content\\\/uploads\\\/2022\\\/06\\\/miamibeach-logoblue.png\",\"width\":1962,\"height\":381,\"caption\":\"City of Miami Beach\"},\"image\":{\"@id\":\"https:\\\/\\\/www.miamibeachfl.gov\\\/#\\\/schema\\\/logo\\\/image\\\/\"},\"sameAs\":[\"https:\\\/\\\/www.facebook.com\\\/cityofmiamibeach\",\"https:\\\/\\\/x.com\\\/Miamibeachnews\",\"https:\\\/\\\/www.instagram.com\\\/miamibeachnews\\\/\"],\"description\":\"The official website of the City of Miami Beach. Stay informed, find important information on city services, news, alerts, events, trolley routes, government employment and more.\",\"telephone\":\"305.604.CITY(2489)\",\"legalName\":\"City of Miami Beach\"}]}<\/script>\n<!-- \/ Yoast SEO Premium plugin. -->","yoast_head_json":{"title":"Wayne A Jones - Vil Miami Beach","description":"Adjwen Ch\u00e8f Wayne A. Jones te nome k\u00f2m adjwen ch\u00e8f lapolis Depatman Lapolis Miami Beach la nan dat 1ye Jiy\u00e8 2019. Jones te s\u00e8vi nan Depatman an depi 1996. Pandan manda li a, li te reyisi nan div\u00e8s kapasite ak pozisyon enp\u00f2tan, tankou patwouy ak operasyon espesyal, zaf\u00e8 kominot\u00e8, zaf\u00e8 ent\u00e8n, ak ank\u00e8t krimin\u00e8l. Tou d\u00e8ny\u00e8man, li te asiyen k\u00f2m Maj\u00f2 nan divizyon Ank\u00e8t Krimin\u00e8l la, kote li t ap sip\u00e8vize tout ank\u00e8t yo.","robots":{"index":"index","follow":"follow","max-snippet":"max-snippet:-1","max-image-preview":"max-image-preview:large","max-video-preview":"max-video-preview:-1"},"canonical":"https:\/\/www.miamibeachfl.gov\/ht\/yourmbpd\/wayne-a-jones\/","og_locale":"ht_HT","og_type":"article","og_title":"Wayne A Jones","og_description":"Deputy Chief Wayne A. Jones was appointed as the deputy police chief of the Miami Beach Police Department on July 1, 2019. Jones has served with the Department since 1996. During his tenure, he has succeeded in various capacities and positions of rank, including patrol and special operations, community affairs, internal affairs, and criminal investigations. Most recently, he was assigned as Major of the Criminal Investigations division, overseeing all investigations.","og_url":"https:\/\/www.miamibeachfl.gov\/ht\/yourmbpd\/wayne-a-jones\/","og_site_name":"City of Miami Beach","article_publisher":"https:\/\/www.facebook.com\/cityofmiamibeach","article_modified_time":"2026-01-07T15:13:06+00:00","og_image":[{"url":"https:\/\/www.miamibeachfl.gov\/wp-content\/uploads\/2019\/12\/badge-for-banner.png","type":"","width":"","height":""}],"twitter_card":"summary_large_image","twitter_site":"@Miamibeachnews","schema":{"@context":"https:\/\/schema.org","@graph":[{"@type":"WebPage","@id":"https:\/\/www.miamibeachfl.gov\/yourmbpd\/wayne-a-jones\/","url":"https:\/\/www.miamibeachfl.gov\/yourmbpd\/wayne-a-jones\/","name":"Wayne A Jones - Vil Miami Beach","isPartOf":{"@id":"https:\/\/www.miamibeachfl.gov\/#website"},"primaryImageOfPage":{"@id":"https:\/\/www.miamibeachfl.gov\/yourmbpd\/wayne-a-jones\/#primaryimage"},"image":{"@id":"https:\/\/www.miamibeachfl.gov\/yourmbpd\/wayne-a-jones\/#primaryimage"},"thumbnailUrl":"https:\/\/www.miamibeachfl.gov\/wp-content\/uploads\/2019\/12\/badge-for-banner.png","datePublished":"2020-01-29T22:03:29+00:00","dateModified":"2026-01-07T15:13:06+00:00","description":"Adjwen Ch\u00e8f Wayne A. Jones te nome k\u00f2m adjwen ch\u00e8f lapolis Depatman Lapolis Miami Beach la nan dat 1ye Jiy\u00e8 2019. Jones te s\u00e8vi nan Depatman an depi 1996. Pandan manda li a, li te reyisi nan div\u00e8s kapasite ak pozisyon enp\u00f2tan, tankou patwouy ak operasyon espesyal, zaf\u00e8 kominot\u00e8, zaf\u00e8 ent\u00e8n, ak ank\u00e8t krimin\u00e8l. Tou d\u00e8ny\u00e8man, li te asiyen k\u00f2m Maj\u00f2 nan divizyon Ank\u00e8t Krimin\u00e8l la, kote li t ap sip\u00e8vize tout ank\u00e8t yo.","breadcrumb":{"@id":"https:\/\/www.miamibeachfl.gov\/yourmbpd\/wayne-a-jones\/#breadcrumb"},"inLanguage":"ht","potentialAction":[{"@type":"ReadAction","target":["https:\/\/www.miamibeachfl.gov\/yourmbpd\/wayne-a-jones\/"]}]},{"@type":"ImageObject","inLanguage":"ht","@id":"https:\/\/www.miamibeachfl.gov\/yourmbpd\/wayne-a-jones\/#primaryimage","url":"https:\/\/www.miamibeachfl.gov\/wp-content\/uploads\/2019\/12\/badge-for-banner.png","contentUrl":"https:\/\/www.miamibeachfl.gov\/wp-content\/uploads\/2019\/12\/badge-for-banner.png"},{"@type":"BreadcrumbList","@id":"https:\/\/www.miamibeachfl.gov\/yourmbpd\/wayne-a-jones\/#breadcrumb","itemListElement":[{"@type":"ListItem","position":1,"name":"Home","item":"https:\/\/www.miamibeachfl.gov\/"},{"@type":"ListItem","position":2,"name":"Police","item":"https:\/\/www.miamibeachfl.gov\/yourmbpd\/"},{"@type":"ListItem","position":3,"name":"Wayne A Jones"}]},{"@type":"WebSite","@id":"https:\/\/www.miamibeachfl.gov\/#website","url":"https:\/\/www.miamibeachfl.gov\/","name":"Vil Miami Beach","description":"Sitw\u00e8b ofisy\u00e8l Vil Miami Beach la. Rete enf\u00f2me, jwenn enf\u00f2masyon enp\u00f2tan sou s\u00e8vis vil la, nouv\u00e8l, al\u00e8t, ev\u00e8nman, wout tramway, travay gouv\u00e8nman an ak plis ank\u00f2.","publisher":{"@id":"https:\/\/www.miamibeachfl.gov\/#organization"},"potentialAction":[{"@type":"SearchAction","target":{"@type":"EntryPoint","urlTemplate":"https:\/\/www.miamibeachfl.gov\/?s={search_term_string}"},"query-input":{"@type":"PropertyValueSpecification","valueRequired":true,"valueName":"search_term_string"}}],"inLanguage":"ht"},{"@type":"Organization","@id":"https:\/\/www.miamibeachfl.gov\/#organization","name":"Vil Miami Beach","url":"https:\/\/www.miamibeachfl.gov\/","logo":{"@type":"ImageObject","inLanguage":"ht","@id":"https:\/\/www.miamibeachfl.gov\/#\/schema\/logo\/image\/","url":"https:\/\/www.miamibeachfl.gov\/wp-content\/uploads\/2022\/06\/miamibeach-logoblue.png","contentUrl":"https:\/\/www.miamibeachfl.gov\/wp-content\/uploads\/2022\/06\/miamibeach-logoblue.png","width":1962,"height":381,"caption":"City of Miami Beach"},"image":{"@id":"https:\/\/www.miamibeachfl.gov\/#\/schema\/logo\/image\/"},"sameAs":["https:\/\/www.facebook.com\/cityofmiamibeach","https:\/\/x.com\/Miamibeachnews","https:\/\/www.instagram.com\/miamibeachnews\/"],"description":"Sitw\u00e8b ofisy\u00e8l Vil Miami Beach la. Rete enf\u00f2me, jwenn enf\u00f2masyon enp\u00f2tan sou s\u00e8vis vil la, nouv\u00e8l, al\u00e8t, ev\u00e8nman, wout tramway, travay gouv\u00e8nman an ak plis ank\u00f2.","telephone":"305.604.CITY(2489)","legalName":"City of Miami Beach"}]}},"_links":{"self":[{"href":"https:\/\/www.miamibeachfl.gov\/ht\/wp-json\/wp\/v2\/pages\/124374","targetHints":{"allow":["GET"]}}],"collection":[{"href":"https:\/\/www.miamibeachfl.gov\/ht\/wp-json\/wp\/v2\/pages"}],"about":[{"href":"https:\/\/www.miamibeachfl.gov\/ht\/wp-json\/wp\/v2\/types\/page"}],"author":[{"embeddable":true,"href":"https:\/\/www.miamibeachfl.gov\/ht\/wp-json\/wp\/v2\/users\/222"}],"replies":[{"embeddable":true,"href":"https:\/\/www.miamibeachfl.gov\/ht\/wp-json\/wp\/v2\/comments?post=124374"}],"version-history":[{"count":7,"href":"https:\/\/www.miamibeachfl.gov\/ht\/wp-json\/wp\/v2\/pages\/124374\/revisions"}],"predecessor-version":[{"id":394648,"href":"https:\/\/www.miamibeachfl.gov\/ht\/wp-json\/wp\/v2\/pages\/124374\/revisions\/394648"}],"up":[{"embeddable":true,"href":"https:\/\/www.miamibeachfl.gov\/ht\/wp-json\/wp\/v2\/pages\/120936"}],"wp:attachment":[{"href":"https:\/\/www.miamibeachfl.gov\/ht\/wp-json\/wp\/v2\/media?parent=124374"}],"wp:term":[{"taxonomy":"category","embeddable":true,"href":"https:\/\/www.miamibeachfl.gov\/ht\/wp-json\/wp\/v2\/categories?post=124374"},{"taxonomy":"post_tag","embeddable":true,"href":"https:\/\/www.miamibeachfl.gov\/ht\/wp-json\/wp\/v2\/tags?post=124374"}],"curies":[{"name":"wp","href":"https:\/\/api.w.org\/{rel}","templated":true}]}}