{"id":140314,"date":"2020-07-30T10:49:55","date_gmt":"2020-07-30T14:49:55","guid":{"rendered":"http:\/\/www.miamibeachfl.gov\/city-hall\/city-clerk\/election-information\/november-3-2020-general-election\/related-resolutions\/"},"modified":"2025-02-23T14:06:02","modified_gmt":"2025-02-23T19:06:02","slug":"related-resolutions","status":"publish","type":"page","link":"https:\/\/www.miamibeachfl.gov\/ht\/city-hall\/city-clerk\/election-information\/november-3-2020-general-election\/related-resolutions\/","title":{"rendered":"Rezolisyon ki gen rap\u00f2"},"content":{"rendered":"<img loading=\"lazy\" decoding=\"async\" src=\"https:\/\/www.miamibeachfl.gov\/wp-content\/uploads\/2022\/07\/hero-small.jpg\" alt=\"ocean drive art deco buildings\" itemprop=\"image\" height=\"211\" width=\"2395\" title=\"ewo-piti\" onerror=\"this.style.display='none'\"  \/>\n<h1>\n\t\tRezolisyon ki gen rap\u00f2\n\t<\/h1>\n\t<nav id=\"breadcrumbs\" aria-label=\"Pen griye\"><a href=\"https:\/\/www.miamibeachfl.gov\/ht\/\">Lakay<\/a> &gt; <a href=\"https:\/\/www.miamibeachfl.gov\/ht\/city-hall\/\">Lakou Vil la<\/a> &gt; <a href=\"https:\/\/www.miamibeachfl.gov\/ht\/city-hall\/city-clerk\/\">Grefye Vil la<\/a> &gt; <a href=\"https:\/\/www.miamibeachfl.gov\/ht\/city-hall\/city-clerk\/election-information\/\">Enf\u00f2masyon sou Eleksyon<\/a> &gt; <a href=\"https:\/\/www.miamibeachfl.gov\/ht\/city-hall\/city-clerk\/election-information\/november-3-2020-general-election\/\">3 novanm 2020: Eleksyon Jeneral<\/a> &gt; <strong>Rezolisyon ki gen rap\u00f2<\/strong><\/nav>\n\t<ul>\n<li><a href=\"http:\/\/www.miamibeachfl.gov\/wp-content\/uploads\/2020\/07\/Resolution-2020-31347.pdf\">Rezolisyon 2020-31347<\/a><br \/>\nYON REZOLISYON M\u00c8 A AK KOMISYON VIL MIAMI BEACH, FLORID, KI MANDE YON ELEKSYON ESPESYAL POU 3 NOVANM 2020, POU SOUM\u00c8T BAY ELEKTORA VIL MIAMI BEACH, FLORID, YON KESYON BILTEN BILTEN KI MANDE SI VIL LA TA DWE VANN 0.3 EKTA PWOPRIYETE, AK DWA AERYEN SOU, 300-390 ALTON ROAD, BAY MARINA PARK RESIDENTIAL, LLC, POU DEVLOPE KONPOZAN REZIDANSY\u00c8L 275,000 PYE KARE NAN PWOJ\u00c8 MARINA PARK LA, KI EGZIJE, DAPRE REZOLISYON 2020-31344, $55,000,000 PEMAN BAY VIL LA, $22,500,000 AN NOUVO AMELYORASYON ENSTALASYON MARINA AK ANPLIS PEYMAN PIBLIO. BENEFIS, KI GEN LADAN PAK PIBLIK 1.0 EKTA AK AMELYORASYON REZILANS, AK RESTRIKSYON PWOJ\u00c8 A KI GEN 385 PYE AN WOT\u00c8 AK YON MAKSIM\u00d2M 60 INITE REZIDANSY\u00c8L.<\/li>\n<li><a href=\"http:\/\/www.miamibeachfl.gov\/wp-content\/uploads\/2020\/07\/Resolution-2020-31348.pdf\">Rezolisyon 2020-31348<\/a><br \/>\nYON REZOLISYON M\u00c8 A AK KOMISYON VIL MIAMI BEACH, FLORID, KI MANDE YON ELEKSYON ESPESYAL POU 3 NOVANM 2020, POU SOUM\u00c8T BAY ELEKTORA VIL MIAMI BEACH, FLORID, YON KESYON BILTEN V\u00d2T POU MANDE SI VIL LA TA DWE LWE YON PWOPRIYETE 3.51 KAWO NAN 300-390 ALTON ROAD, AK 38 KAWO T\u00c8 ANBA KAY NAN BISCAYNE BAY, SID 5Y\u00c8M RI, BAY MB MARINA PARK, LLC, POU 99 AN, KI EGZIJE, DAK\u00d2 REZOLISYON 2020-31345: $40,000,000 NAN NOUVO AMELYORASYON POU OPERASYON MARINA, LIVREZON PAK PIBLIK 1.0 KAWO BAY VIL LA, AK LOKASYON BAY VIL LA, KI PI GWO NAN: LOKASYON GARANTI ($16,400,000 NAN DIS PREMYE ANE YO, AJISTE APR\u00c8 SA) OSWA POUSANTAJ REVNI MARINA A CHAK ANE.<\/li>\n<li><a href=\"http:\/\/www.miamibeachfl.gov\/wp-content\/uploads\/2020\/07\/Resolution-2020-31349.pdf\">Rezolisyon 2020-31349<\/a><br \/>\nYON REZOLISYON M\u00c8 A AK KOMISYON VIL MIAMI BEACH, FLORID, KI MANDE YON ELEKSYON ESPESYAL POU 3 NOVANM 2020, POU SOUM\u00c8T BAY ELEKTORA VIL MIAMI BEACH, FLORID, YON KESYON BILTEN V\u00d2T KI MANDE SI, SI VOT\u00c8 YO APROUVE VANT VIL LA BAY MARINA PARK RESIDENTIAL, LLC 0.3 EK PWOPRIYETE AK DWA L\u00c8 SOU 300-390 ALTON ROAD POU KONPOZAN REZIDANSY\u00c8L PWOJ\u00c8 MARINA PARK LA, \u00c8SKE KOMISYON VIL LA AP ITILIZE $$55,000,000 NAN LAJAN VANT LAN, S\u00c8LMAN POU OBJEKTIF PIBLIO SA YO: INISYATIV REZILANS AK DIRABILITE, LOJMAN AB\u00d2DAB\/POU F\u00d2S TRAVAY\/POU PWOFES\u00c8, PWogram POU BENEFISYE GRANMOUN AJE YO, OSWA OGMANTE VIL LA REZ\u00c8V BIDJ\u00c8 YO, KI TE ANFEKTE AKOZ PANDEMI COVID-19 LA.<\/li>\n<li><a href=\"http:\/\/www.miamibeachfl.gov\/wp-content\/uploads\/2020\/07\/Resolution-2020-31351.pdf\">Rezolisyon 2020-31351<\/a><br \/>\nYON REZOLISYON M\u00c8 A AK KOMISYON VIL MIAMI BEACH, FLORID, KI KONNEN YON ELEKSYON ESPESYAL POU 3 NOVANM 2020, POU SOUM\u00c8T BAY ELEKTORA VIL MIAMI BEACH, FLORID, YON KESYON BILTEN V\u00d2T POU MANDE SI KOMISYON VIL LA DWE ADOPTE YON \u00d2DONANS KI OTORIZE REKONSTRIKSYON PLAK ETAY ORIJINAL YO ANDEDAN YON BATIMAN ISTORIK, K\u00d2M YON PATI NAN RESTORASYON BATIMAN AN.<\/li>\n<li><a href=\"http:\/\/www.miamibeachfl.gov\/wp-content\/uploads\/2020\/07\/Resolution-2020-31352.pdf\">Rezolisyon 2020-31352<\/a><br \/>\nYON REZOLISYON M\u00c8 A AK KOMISYON VIL MIAMI BEACH, FLORID, KI MANDE YON ELEKSYON ESPESYAL 3 NOVANM 2020, POU SOUM\u00c8T BAY ELEKTORA VIL MIAMI BEACH, FLORID, YON KESYON BILTEN V\u00d2T POU MANDE SI KOMISYON VIL LA DWE ADOPTE YON \u00d2DONANS KI OGMANTE RAP\u00d2 SIP\u00c8FISI ETAY LA (FAR) DE 1.5 POU RIVE NAN YON MAKSIM\u00d2M 3.25 POU PWOPRIYETE KI NAN DISTRI ATIS WOLFSONIAN KI PWOPOZE A, KI JENERALMAN SITIYE NAN KOUD N\u00d2D\u00c8S WASHINGTON AVENUE AK 10Y\u00c8M RI, EPI KI SITIYE NAN DISTRI ZONAJ CO-2 A.<\/li>\n<li><a href=\"http:\/\/www.miamibeachfl.gov\/wp-content\/uploads\/2020\/07\/Resolution-2020-31353.pdf\">Rezolisyon 2020-31353<\/a><br \/>\nYON REZOLISYON M\u00c8 A AK KOMISYON VIL MIAMI BEACH, FLORID, KI KONNEN YON ELEKSYON ESPESYAL POU 3 NOVANM 2020, POU SOUM\u00c8T BAY ELEKTORA VIL MIAMI BEACH, FLORID, YON KESYON BILTEN V\u00d2T KI MANDE SI KOMISYON VIL LA DWE ADOPTE YON \u00d2DONANS KI EKSPLIKE S\u00c8TEN Z\u00d2N ESPESIFYE NAN YON BATIMAN NAN KALKIL &quot;SIP\u00c8FISI ETAY&quot; LA.<\/li>\n<li><a href=\"http:\/\/www.miamibeachfl.gov\/wp-content\/uploads\/2020\/09\/Resolution-2020-31382.pdf\">Rezolisyon 2020-31382<\/a><br \/>\nYON REZOLISYON M\u00c8 A AK KOMISYON VIL MIAMI BEACH, FLORID, KI REKON\u00c8T AK APROUVE V\u00d2T ANVIWON\u00c8 POU ELEKSYON ESPESYAL VIL MIAMI BEACH 3 NOVANM 2020 AN<\/li>\n<li><a href=\"http:\/\/www.miamibeachfl.gov\/wp-content\/uploads\/2020\/09\/Resolution-2020-31383.pdf\">Rezolisyon 2020-31383<\/a><br \/>\nYON REZOLISYON M\u00c8 A AK KOMISYON VIL MIAMI BEACH, FLORID, KI OTORIZE KOMITE VOT KONTE MIAMI-DADE POU ELEKSYON JENERAL 3 NOVANM 2020 LA POU S\u00c8VI K\u00d2M KOMITE VOT POU ELEKSYON ESPESYAL VIL MIAMI BEACH LA KI PRAL F\u00c8T 3 NOVANM 2020 LA<\/li>\n<li><a href=\"http:\/\/www.miamibeachfl.gov\/wp-content\/uploads\/2020\/10\/Resolution-2020-31384.pdf\">Rezolisyon 2020-31384<\/a><br \/>\nYON REZOLISYON M\u00c8 A AK KOMISYON VIL MIAMI BEACH, FLORID, KI APROUVE FINANSMAN AK YON DEPANS KI PA DEPASE $33,000 POU OBJEKTIF PIBLIO POU ENF\u00d2ME AK EDIKE VOT\u00c8 VIL MIAMI BEACH LA SOU KESYON BILTEN V\u00d2T YO NAN ELEKSYON ESPESYAL VIL LA 3 NOVANM 2020, KI PRAL F\u00c8T ANSANM AK ELEKSYON JENERAL LA, POU REYALIZE YON V\u00d2T ELEKTORA KI PI ENF\u00d2ME.<\/li>\n<li><a href=\"http:\/\/www.miamibeachfl.gov\/wp-content\/uploads\/2020\/12\/Resolution-2020-31476.pdf\">Rezolisyon 2020-31476<\/a><br \/>\nYON REZOLISYON M\u00c8 A AK KOMISYON VIL MIAMI BEACH, FLORID, KI ADOPTE S\u00c8TIFIKA REZILTA ELEKSYON ESPESYAL 3 NOVANM 2020 POU VIL MIAMI BEACH, EPI KI DEKLARE REZILTA YO<\/li>\n<li><a href=\"https:\/\/www.miamibeachfl.gov\/ht\/city-hall\/city-clerk\/election-information\/november-3-2020-general-election\/related-resolutions\/marina-park-project\/\">Pwoj\u00e8 Pak Marina a<\/a><\/li>\n<\/ul>\n\t<div class=\"page-navigation\"><a class=\"prev-page\" href=\"https:\/\/www.miamibeachfl.gov\/ht\/city-hall\/city-clerk\/election-information\/campaign-finance\/\">\u2190 Lwa sou Finansman Kanpay<\/a> <a class=\"next-page\" href=\"https:\/\/www.miamibeachfl.gov\/ht\/city-hall\/city-clerk\/meetings-and-agendas\/\">Reyinyon ak Ajanda Vil Miami Beach \u2192<\/a><\/div>","protected":false},"excerpt":{"rendered":"<p>Rezolisyon ki gen rap\u00f2 Ak\u00e8y &gt; Lakou Minisipal &gt; Sekret\u00e8 Minisipal la &gt; Enf\u00f2masyon sou Eleksyon &gt; 3 novanm 2020: Eleksyon Jeneral &gt; [\u2026]<\/p>","protected":false},"author":222,"featured_media":0,"parent":140310,"menu_order":92,"comment_status":"closed","ping_status":"closed","template":"page-blank.php","meta":{"_searchwp_excluded":"","site-sidebar-layout":"default","site-content-layout":"","ast-site-content-layout":"default","site-content-style":"default","site-sidebar-style":"default","ast-global-header-display":"","ast-banner-title-visibility":"","ast-main-header-display":"","ast-hfb-above-header-display":"","ast-hfb-below-header-display":"","ast-hfb-mobile-header-display":"","site-post-title":"","ast-breadcrumbs-content":"","ast-featured-img":"","footer-sml-layout":"","theme-transparent-header-meta":"","adv-header-id-meta":"","stick-header-meta":"","header-above-stick-meta":"","header-main-stick-meta":"","header-below-stick-meta":"","astra-migrate-meta-layouts":"default","ast-page-background-enabled":"default","ast-page-background-meta":{"desktop":{"background-color":"var(--ast-global-color-5)","background-image":"","background-repeat":"repeat","background-position":"center center","background-size":"auto","background-attachment":"scroll","background-type":"","background-media":"","overlay-type":"","overlay-color":"","overlay-opacity":"","overlay-gradient":""},"tablet":{"background-color":"","background-image":"","background-repeat":"repeat","background-position":"center center","background-size":"auto","background-attachment":"scroll","background-type":"","background-media":"","overlay-type":"","overlay-color":"","overlay-opacity":"","overlay-gradient":""},"mobile":{"background-color":"","background-image":"","background-repeat":"repeat","background-position":"center center","background-size":"auto","background-attachment":"scroll","background-type":"","background-media":"","overlay-type":"","overlay-color":"","overlay-opacity":"","overlay-gradient":""}},"ast-content-background-meta":{"desktop":{"background-color":"var(--ast-global-color-4)","background-image":"","background-repeat":"repeat","background-position":"center center","background-size":"auto","background-attachment":"scroll","background-type":"","background-media":"","overlay-type":"","overlay-color":"","overlay-opacity":"","overlay-gradient":""},"tablet":{"background-color":"var(--ast-global-color-4)","background-image":"","background-repeat":"repeat","background-position":"center center","background-size":"auto","background-attachment":"scroll","background-type":"","background-media":"","overlay-type":"","overlay-color":"","overlay-opacity":"","overlay-gradient":""},"mobile":{"background-color":"var(--ast-global-color-4)","background-image":"","background-repeat":"repeat","background-position":"center center","background-size":"auto","background-attachment":"scroll","background-type":"","background-media":"","overlay-type":"","overlay-color":"","overlay-opacity":"","overlay-gradient":""}},"footnotes":""},"categories":[],"tags":[],"class_list":["post-140314","page","type-page","status-publish","hentry"],"yoast_head":"<!-- This site is optimized with the Yoast SEO Premium plugin v26.6 (Yoast SEO v26.6) - https:\/\/yoast.com\/wordpress\/plugins\/seo\/ -->\n<title>Related Resolutions - City of Miami Beach<\/title>\n<meta name=\"description\" content=\"%\" \/>\n<meta name=\"robots\" content=\"index, follow, max-snippet:-1, max-image-preview:large, max-video-preview:-1\" \/>\n<link rel=\"canonical\" href=\"https:\/\/www.miamibeachfl.gov\/ht\/city-hall\/city-clerk\/election-information\/november-3-2020-general-election\/related-resolutions\/\" \/>\n<meta property=\"og:locale\" content=\"ht_HT\" \/>\n<meta property=\"og:type\" content=\"article\" \/>\n<meta property=\"og:title\" content=\"Related Resolutions\" \/>\n<meta property=\"og:description\" content=\"%\" \/>\n<meta property=\"og:url\" content=\"https:\/\/www.miamibeachfl.gov\/ht\/city-hall\/city-clerk\/election-information\/november-3-2020-general-election\/related-resolutions\/\" \/>\n<meta property=\"og:site_name\" content=\"City of Miami Beach\" \/>\n<meta property=\"article:publisher\" content=\"https:\/\/www.facebook.com\/cityofmiamibeach\" \/>\n<meta property=\"article:modified_time\" content=\"2025-02-23T19:06:02+00:00\" \/>\n<meta property=\"og:image\" content=\"https:\/\/www.miamibeachfl.gov\/wp-content\/uploads\/2022\/07\/hero-small.jpg\" \/>\n<meta name=\"twitter:card\" content=\"summary_large_image\" \/>\n<meta name=\"twitter:site\" content=\"@Miamibeachnews\" \/>\n<script type=\"application\/ld+json\" class=\"yoast-schema-graph\">{\"@context\":\"https:\/\/schema.org\",\"@graph\":[{\"@type\":\"WebPage\",\"@id\":\"https:\/\/www.miamibeachfl.gov\/city-hall\/city-clerk\/election-information\/november-3-2020-general-election\/related-resolutions\/\",\"url\":\"https:\/\/www.miamibeachfl.gov\/city-hall\/city-clerk\/election-information\/november-3-2020-general-election\/related-resolutions\/\",\"name\":\"Related Resolutions - City of Miami Beach\",\"isPartOf\":{\"@id\":\"https:\/\/www.miamibeachfl.gov\/#website\"},\"primaryImageOfPage\":{\"@id\":\"https:\/\/www.miamibeachfl.gov\/city-hall\/city-clerk\/election-information\/november-3-2020-general-election\/related-resolutions\/#primaryimage\"},\"image\":{\"@id\":\"https:\/\/www.miamibeachfl.gov\/city-hall\/city-clerk\/election-information\/november-3-2020-general-election\/related-resolutions\/#primaryimage\"},\"thumbnailUrl\":\"https:\/\/www.miamibeachfl.gov\/wp-content\/uploads\/2022\/07\/hero-small.jpg\",\"datePublished\":\"2020-07-30T14:49:55+00:00\",\"dateModified\":\"2025-02-23T19:06:02+00:00\",\"description\":\"%\",\"breadcrumb\":{\"@id\":\"https:\/\/www.miamibeachfl.gov\/city-hall\/city-clerk\/election-information\/november-3-2020-general-election\/related-resolutions\/#breadcrumb\"},\"inLanguage\":\"ht\",\"potentialAction\":[{\"@type\":\"ReadAction\",\"target\":[\"https:\/\/www.miamibeachfl.gov\/city-hall\/city-clerk\/election-information\/november-3-2020-general-election\/related-resolutions\/\"]}]},{\"@type\":\"ImageObject\",\"inLanguage\":\"ht\",\"@id\":\"https:\/\/www.miamibeachfl.gov\/city-hall\/city-clerk\/election-information\/november-3-2020-general-election\/related-resolutions\/#primaryimage\",\"url\":\"https:\/\/www.miamibeachfl.gov\/wp-content\/uploads\/2022\/07\/hero-small.jpg\",\"contentUrl\":\"https:\/\/www.miamibeachfl.gov\/wp-content\/uploads\/2022\/07\/hero-small.jpg\"},{\"@type\":\"BreadcrumbList\",\"@id\":\"https:\/\/www.miamibeachfl.gov\/city-hall\/city-clerk\/election-information\/november-3-2020-general-election\/related-resolutions\/#breadcrumb\",\"itemListElement\":[{\"@type\":\"ListItem\",\"position\":1,\"name\":\"Home\",\"item\":\"https:\/\/www.miamibeachfl.gov\/\"},{\"@type\":\"ListItem\",\"position\":2,\"name\":\"City Hall\",\"item\":\"https:\/\/www.miamibeachfl.gov\/city-hall\/\"},{\"@type\":\"ListItem\",\"position\":3,\"name\":\"City Clerk\",\"item\":\"https:\/\/www.miamibeachfl.gov\/city-hall\/city-clerk\/\"},{\"@type\":\"ListItem\",\"position\":4,\"name\":\"Election Information\",\"item\":\"https:\/\/www.miamibeachfl.gov\/city-hall\/city-clerk\/election-information\/\"},{\"@type\":\"ListItem\",\"position\":5,\"name\":\"November 3, 2020: General Election\",\"item\":\"https:\/\/www.miamibeachfl.gov\/city-hall\/city-clerk\/election-information\/november-3-2020-general-election\/\"},{\"@type\":\"ListItem\",\"position\":6,\"name\":\"Related Resolutions\"}]},{\"@type\":\"WebSite\",\"@id\":\"https:\/\/www.miamibeachfl.gov\/#website\",\"url\":\"https:\/\/www.miamibeachfl.gov\/\",\"name\":\"City of Miami Beach\",\"description\":\"The official website of the City of Miami Beach. Stay informed, find important information on city services, news, alerts, events, trolley routes, government employment and more.\",\"publisher\":{\"@id\":\"https:\/\/www.miamibeachfl.gov\/#organization\"},\"potentialAction\":[{\"@type\":\"SearchAction\",\"target\":{\"@type\":\"EntryPoint\",\"urlTemplate\":\"https:\/\/www.miamibeachfl.gov\/?s={search_term_string}\"},\"query-input\":{\"@type\":\"PropertyValueSpecification\",\"valueRequired\":true,\"valueName\":\"search_term_string\"}}],\"inLanguage\":\"ht\"},{\"@type\":\"Organization\",\"@id\":\"https:\/\/www.miamibeachfl.gov\/#organization\",\"name\":\"City of Miami Beach\",\"url\":\"https:\/\/www.miamibeachfl.gov\/\",\"logo\":{\"@type\":\"ImageObject\",\"inLanguage\":\"ht\",\"@id\":\"https:\/\/www.miamibeachfl.gov\/#\/schema\/logo\/image\/\",\"url\":\"https:\/\/www.miamibeachfl.gov\/wp-content\/uploads\/2022\/06\/miamibeach-logoblue.png\",\"contentUrl\":\"https:\/\/www.miamibeachfl.gov\/wp-content\/uploads\/2022\/06\/miamibeach-logoblue.png\",\"width\":1962,\"height\":381,\"caption\":\"City of Miami Beach\"},\"image\":{\"@id\":\"https:\/\/www.miamibeachfl.gov\/#\/schema\/logo\/image\/\"},\"sameAs\":[\"https:\/\/www.facebook.com\/cityofmiamibeach\",\"https:\/\/x.com\/Miamibeachnews\",\"https:\/\/www.instagram.com\/miamibeachnews\/\"],\"description\":\"The official website of the City of Miami Beach. Stay informed, find important information on city services, news, alerts, events, trolley routes, government employment and more.\",\"telephone\":\"305.604.CITY(2489)\",\"legalName\":\"City of Miami Beach\"}]}<\/script>\n<!-- \/ Yoast SEO Premium plugin. -->","yoast_head_json":{"title":"Rezolisyon ki gen rap\u00f2 - Vil Miami Beach","description":"%","robots":{"index":"index","follow":"follow","max-snippet":"max-snippet:-1","max-image-preview":"max-image-preview:large","max-video-preview":"max-video-preview:-1"},"canonical":"https:\/\/www.miamibeachfl.gov\/ht\/city-hall\/city-clerk\/election-information\/november-3-2020-general-election\/related-resolutions\/","og_locale":"ht_HT","og_type":"article","og_title":"Related Resolutions","og_description":"%","og_url":"https:\/\/www.miamibeachfl.gov\/ht\/city-hall\/city-clerk\/election-information\/november-3-2020-general-election\/related-resolutions\/","og_site_name":"City of Miami Beach","article_publisher":"https:\/\/www.facebook.com\/cityofmiamibeach","article_modified_time":"2025-02-23T19:06:02+00:00","og_image":[{"url":"https:\/\/www.miamibeachfl.gov\/wp-content\/uploads\/2022\/07\/hero-small.jpg","type":"","width":"","height":""}],"twitter_card":"summary_large_image","twitter_site":"@Miamibeachnews","schema":{"@context":"https:\/\/schema.org","@graph":[{"@type":"WebPage","@id":"https:\/\/www.miamibeachfl.gov\/city-hall\/city-clerk\/election-information\/november-3-2020-general-election\/related-resolutions\/","url":"https:\/\/www.miamibeachfl.gov\/city-hall\/city-clerk\/election-information\/november-3-2020-general-election\/related-resolutions\/","name":"Rezolisyon ki gen rap\u00f2 - Vil Miami Beach","isPartOf":{"@id":"https:\/\/www.miamibeachfl.gov\/#website"},"primaryImageOfPage":{"@id":"https:\/\/www.miamibeachfl.gov\/city-hall\/city-clerk\/election-information\/november-3-2020-general-election\/related-resolutions\/#primaryimage"},"image":{"@id":"https:\/\/www.miamibeachfl.gov\/city-hall\/city-clerk\/election-information\/november-3-2020-general-election\/related-resolutions\/#primaryimage"},"thumbnailUrl":"https:\/\/www.miamibeachfl.gov\/wp-content\/uploads\/2022\/07\/hero-small.jpg","datePublished":"2020-07-30T14:49:55+00:00","dateModified":"2025-02-23T19:06:02+00:00","description":"%","breadcrumb":{"@id":"https:\/\/www.miamibeachfl.gov\/city-hall\/city-clerk\/election-information\/november-3-2020-general-election\/related-resolutions\/#breadcrumb"},"inLanguage":"ht","potentialAction":[{"@type":"ReadAction","target":["https:\/\/www.miamibeachfl.gov\/city-hall\/city-clerk\/election-information\/november-3-2020-general-election\/related-resolutions\/"]}]},{"@type":"ImageObject","inLanguage":"ht","@id":"https:\/\/www.miamibeachfl.gov\/city-hall\/city-clerk\/election-information\/november-3-2020-general-election\/related-resolutions\/#primaryimage","url":"https:\/\/www.miamibeachfl.gov\/wp-content\/uploads\/2022\/07\/hero-small.jpg","contentUrl":"https:\/\/www.miamibeachfl.gov\/wp-content\/uploads\/2022\/07\/hero-small.jpg"},{"@type":"BreadcrumbList","@id":"https:\/\/www.miamibeachfl.gov\/city-hall\/city-clerk\/election-information\/november-3-2020-general-election\/related-resolutions\/#breadcrumb","itemListElement":[{"@type":"ListItem","position":1,"name":"Home","item":"https:\/\/www.miamibeachfl.gov\/"},{"@type":"ListItem","position":2,"name":"City Hall","item":"https:\/\/www.miamibeachfl.gov\/city-hall\/"},{"@type":"ListItem","position":3,"name":"City Clerk","item":"https:\/\/www.miamibeachfl.gov\/city-hall\/city-clerk\/"},{"@type":"ListItem","position":4,"name":"Election Information","item":"https:\/\/www.miamibeachfl.gov\/city-hall\/city-clerk\/election-information\/"},{"@type":"ListItem","position":5,"name":"November 3, 2020: General Election","item":"https:\/\/www.miamibeachfl.gov\/city-hall\/city-clerk\/election-information\/november-3-2020-general-election\/"},{"@type":"ListItem","position":6,"name":"Related Resolutions"}]},{"@type":"WebSite","@id":"https:\/\/www.miamibeachfl.gov\/#website","url":"https:\/\/www.miamibeachfl.gov\/","name":"Vil Miami Beach","description":"Sitw\u00e8b ofisy\u00e8l Vil Miami Beach la. Rete enf\u00f2me, jwenn enf\u00f2masyon enp\u00f2tan sou s\u00e8vis vil la, nouv\u00e8l, al\u00e8t, ev\u00e8nman, wout tramway, travay gouv\u00e8nman an ak plis ank\u00f2.","publisher":{"@id":"https:\/\/www.miamibeachfl.gov\/#organization"},"potentialAction":[{"@type":"SearchAction","target":{"@type":"EntryPoint","urlTemplate":"https:\/\/www.miamibeachfl.gov\/?s={search_term_string}"},"query-input":{"@type":"PropertyValueSpecification","valueRequired":true,"valueName":"search_term_string"}}],"inLanguage":"ht"},{"@type":"Organization","@id":"https:\/\/www.miamibeachfl.gov\/#organization","name":"Vil Miami Beach","url":"https:\/\/www.miamibeachfl.gov\/","logo":{"@type":"ImageObject","inLanguage":"ht","@id":"https:\/\/www.miamibeachfl.gov\/#\/schema\/logo\/image\/","url":"https:\/\/www.miamibeachfl.gov\/wp-content\/uploads\/2022\/06\/miamibeach-logoblue.png","contentUrl":"https:\/\/www.miamibeachfl.gov\/wp-content\/uploads\/2022\/06\/miamibeach-logoblue.png","width":1962,"height":381,"caption":"City of Miami Beach"},"image":{"@id":"https:\/\/www.miamibeachfl.gov\/#\/schema\/logo\/image\/"},"sameAs":["https:\/\/www.facebook.com\/cityofmiamibeach","https:\/\/x.com\/Miamibeachnews","https:\/\/www.instagram.com\/miamibeachnews\/"],"description":"Sitw\u00e8b ofisy\u00e8l Vil Miami Beach la. Rete enf\u00f2me, jwenn enf\u00f2masyon enp\u00f2tan sou s\u00e8vis vil la, nouv\u00e8l, al\u00e8t, ev\u00e8nman, wout tramway, travay gouv\u00e8nman an ak plis ank\u00f2.","telephone":"305.604.CITY(2489)","legalName":"City of Miami Beach"}]}},"_links":{"self":[{"href":"https:\/\/www.miamibeachfl.gov\/ht\/wp-json\/wp\/v2\/pages\/140314","targetHints":{"allow":["GET"]}}],"collection":[{"href":"https:\/\/www.miamibeachfl.gov\/ht\/wp-json\/wp\/v2\/pages"}],"about":[{"href":"https:\/\/www.miamibeachfl.gov\/ht\/wp-json\/wp\/v2\/types\/page"}],"author":[{"embeddable":true,"href":"https:\/\/www.miamibeachfl.gov\/ht\/wp-json\/wp\/v2\/users\/222"}],"replies":[{"embeddable":true,"href":"https:\/\/www.miamibeachfl.gov\/ht\/wp-json\/wp\/v2\/comments?post=140314"}],"version-history":[{"count":0,"href":"https:\/\/www.miamibeachfl.gov\/ht\/wp-json\/wp\/v2\/pages\/140314\/revisions"}],"up":[{"embeddable":true,"href":"https:\/\/www.miamibeachfl.gov\/ht\/wp-json\/wp\/v2\/pages\/140310"}],"wp:attachment":[{"href":"https:\/\/www.miamibeachfl.gov\/ht\/wp-json\/wp\/v2\/media?parent=140314"}],"wp:term":[{"taxonomy":"category","embeddable":true,"href":"https:\/\/www.miamibeachfl.gov\/ht\/wp-json\/wp\/v2\/categories?post=140314"},{"taxonomy":"post_tag","embeddable":true,"href":"https:\/\/www.miamibeachfl.gov\/ht\/wp-json\/wp\/v2\/tags?post=140314"}],"curies":[{"name":"wp","href":"https:\/\/api.w.org\/{rel}","templated":true}]}}