{"id":145423,"date":"2020-11-12T14:55:43","date_gmt":"2020-11-12T19:55:43","guid":{"rendered":"http:\/\/www.miamibeachfl.gov\/?page_id=145423"},"modified":"2025-07-01T08:40:04","modified_gmt":"2025-07-01T12:40:04","slug":"contact-us","status":"publish","type":"page","link":"https:\/\/www.miamibeachfl.gov\/ht\/city-hall\/environmental-sustainability\/contact-us\/","title":{"rendered":"Kontakte Depatman Anviw\u00f2nman ak Dirablite"},"content":{"rendered":"<img decoding=\"async\" src=\"https:\/\/www.miamibeachfl.gov\/wp-content\/uploads\/2022\/07\/hero-small.jpg\" alt=\"ocean drive art deco buildings\" itemprop=\"image\" title=\"ewo-piti\" onerror=\"this.style.display='none'\" loading='lazy' \/>\n<h1>\n\t\t\tKontakte nou\t<\/h1>\n\t<nav id=\"breadcrumbs\" aria-label=\"Pen griye\"><a href=\"https:\/\/www.miamibeachfl.gov\/ht\/\">Lakay<\/a> &gt; <a href=\"https:\/\/www.miamibeachfl.gov\/ht\/city-hall\/\">Lakou Vil la<\/a> &gt; <a href=\"https:\/\/www.miamibeachfl.gov\/ht\/city-hall\/environmental-sustainability\/\">Anviw\u00f2nman ak Dirablite<\/a> &gt; <strong>Kontakte nou<\/strong><\/nav>\n\t<h3><strong>NIMEWO DEPATMAN YO<\/strong><\/h3>\n<strong>Depatman:<\/strong> 305.673.7084<br \/>\nOr\u00e8 biwo: Lendi jiska Vandredi soti 8:30 am \u2013 5:00 pm\n<strong>Forestri Iben:<\/strong> 305.673.7722<br \/>\nOr\u00e8 biwo: Lendi jiska Vandredi soti 7:30 am \u2013 4:00 pm\n<hr \/>\n<h3><strong>IM\u00c8L ANPLWAYE YO<\/strong><\/h3>\n<strong>Amy Knowles<\/strong><br \/>\nOfisye Rezilyans Anch\u00e8f \/ Direkt\u00e8 Anviw\u00f2nman ak Dirablite<br \/>\nIm\u00e8l: <a href=\"mailto:AmyKnowles@miamibeachfl.gov\">AmyKnowles@miamibeachfl.gov<\/a>\n<strong>Lindsey Precht<\/strong><br \/>\nDirekt\u00e8 Asistan Anviw\u00f2nman ak Dirablite<br \/>\nIm\u00e8l: <a href=\"mailto:LindseyPrecht@miamibeachfl.gov\">LindseyPrecht@miamibeachfl.gov<\/a>\n<strong>Layda Hernandez<\/strong><br \/>\nAnalist Anviw\u00f2nman ak Dirablite<br \/>\nIm\u00e8l: <a href=\"mailto:LaydaHernandez@miamibeachfl.gov\">LaydaHernandez@miamibeachfl.gov<\/a>\n<b>Sabrina Batlle<br \/>\n<\/b>Asosye Biwo Anviw\u00f2nman ak Dirablite V<br \/>\nIm\u00e8l: <a href=\"\/ht\/sabrinabatlle@miamibeachfl.gov\/\">SabrinaBatlle@miamibeachfl.gov<\/a>\n<hr \/>\n<h3><strong>DIVIZYON JESYON RESOUS ANVIRONMANTAL<\/strong><\/h3>\n<strong>Samantha Tiffany<\/strong><br \/>\nManadj\u00e8 Resous Anviw\u00f2nman<br \/>\nIm\u00e8l: <a href=\"mailto:SamanthaTiffany@miamibeachfl.gov\">SamanthaTiffany@miamibeachfl.gov<\/a>\n<strong>Jessica Lorenzo<\/strong><br \/>\nEspesyalis Anviw\u00f2nman<br \/>\nIm\u00e8l: <a href=\"mailto:JessicaLorenzo@miamibeachfl.gov\">JessicaLorenzo@miamibeachfl.gov<\/a>\n<strong>Jordan Heilein\u00a0<\/strong><br \/>\nEspesyalis Anviw\u00f2nman<br \/>\nIm\u00e8l: <a href=\"mailto:JordanHeinlein@miamibeachfl.gov\">JordanHeinlein@miamibeachfl.gov<\/a>\n<hr \/>\n<h3><strong>DIVIZYON DIRABILITE + REZILANS<\/strong><\/h3>\n<strong>Juanita Ballesteros<\/strong><br \/>\nManadj\u00e8 Dirablite ak Rezilyans<br \/>\nIm\u00e8l: <a href=\"mailto:JuanitaBallesteros@miamibeachfl.gov\">JuanitaBallesteros@miamibeachfl.gov<\/a>\n<strong>Alyssia Berthoumieux<\/strong><br \/>\nKow\u00f2dinat\u00e8 Senior pou Dirablite<br \/>\nIm\u00e8l: <a href=\"mailto:AlyssiaBerthoumieux@miamibeachfl.gov\">AlyssiaBerthoumieux@miamibeachfl.gov<\/a>\n<strong>Rolando Martinez<\/strong><br \/>\nEspesyalis nan dirabilite<br \/>\nIm\u00e8l: <a href=\"mailto:RolandoMartinez@miamibeachfl.gov\">RolandoMartinez@miamibeachfl.gov<\/a>\n<strong>Noel Webber<\/strong><br \/>\nKow\u00f2dinat\u00e8 Rezilyans<br \/>\nIm\u00e8l:\u00a0 <a href=\"mailto:NoelWebber@miamibeachfl.gov\">NoelWebber@miamibeachfl.gov<\/a>\n<hr \/>\n<h3><strong>DIVIZYON FORESTI IB\u00c8N<\/strong><\/h3>\n<strong>Kretyen Camacho<\/strong><br \/>\nEspesyalis nan dom\u00e8n for\u00e8<br \/>\nIm\u00e8l:\u00a0<a href=\"mailto:ChristianCamacho@miamibeachfl.gov\">ChristianCamacho@miamibeachfl.gov<\/a>\n<strong>Manw\u00e8l Sanchez<\/strong><br \/>\nEspesyalis nan dom\u00e8n for\u00e8<br \/>\nIm\u00e8l: <a href=\"mailto:ManuelSanchez@miamibeachfl.gov\">ManuelSanchez@miamibeachfl.gov<\/a>\n\t\tNavige pou ale nan\u2026\t\t\t\n\t\t\t\t\t<ul id=\"menu-environmental-sustainability\"><li id=\"menu-item-362523\"><a href=\"\/ht\/city-hall\/environmental-sustainability\/contact-us\/\">Kontakte nou<\/a><\/li>\n<li id=\"menu-item-362524\"><a href=\"\/ht\/city-hall\/environmental-sustainability\/environmental-resources\/\">Resous Anviw\u00f2nman yo<\/a><\/li>\n<li id=\"menu-item-362525\"><a href=\"\/ht\/city-hall\/environmental-sustainability\/events\/\">Ev\u00e8nman yo<\/a><\/li>\n<li id=\"menu-item-362526\"><a href=\"\/ht\/city-hall\/environmental-sustainability\/faqs\/\">Kesyon yo poze souvan<\/a><\/li>\n<li id=\"menu-item-362527\"><a href=\"\/ht\/city-hall\/environmental-sustainability\/sustainability\/\">Dirablite ak Rezilyans<\/a><\/li>\n<li id=\"menu-item-362528\"><a href=\"\/ht\/city-hall\/environmental-sustainability\/urban-forestry\/\">For\u00e8 Iben<\/a><\/li>\n<\/ul>\t\n\t<div class=\"page-navigation\"><a class=\"prev-page\" href=\"https:\/\/www.miamibeachfl.gov\/ht\/city-hall\/environmental-sustainability\/faqs\/\">\u2190 Kesyon yo poze souvan sou anviw\u00f2nman ak dirabilite<\/a> <a class=\"next-page\" href=\"https:\/\/www.miamibeachfl.gov\/ht\/city-hall\/building\/faq\/\">Kreye Kesyon yo poze souvan \u2192<\/a><\/div>","protected":false},"excerpt":{"rendered":"<p>Contact Us Home &gt; City Hall &gt; Environment &#038; Sustainability &gt; Contact Us DEPARTMENT NUMBERS Department: 305.673.7084 Office hours: Monday [&hellip;]<\/p>\n","protected":false},"author":105,"featured_media":0,"parent":28598,"menu_order":3,"comment_status":"closed","ping_status":"closed","template":"","meta":{"_searchwp_excluded":"","site-sidebar-layout":"default","site-content-layout":"","ast-site-content-layout":"default","site-content-style":"default","site-sidebar-style":"default","ast-global-header-display":"","ast-banner-title-visibility":"","ast-main-header-display":"","ast-hfb-above-header-display":"","ast-hfb-below-header-display":"","ast-hfb-mobile-header-display":"","site-post-title":"","ast-breadcrumbs-content":"","ast-featured-img":"","footer-sml-layout":"","theme-transparent-header-meta":"","adv-header-id-meta":"","stick-header-meta":"","header-above-stick-meta":"","header-main-stick-meta":"","header-below-stick-meta":"","astra-migrate-meta-layouts":"default","ast-page-background-enabled":"default","ast-page-background-meta":{"desktop":{"background-color":"var(--ast-global-color-5)","background-image":"","background-repeat":"repeat","background-position":"center center","background-size":"auto","background-attachment":"scroll","background-type":"","background-media":"","overlay-type":"","overlay-color":"","overlay-opacity":"","overlay-gradient":""},"tablet":{"background-color":"","background-image":"","background-repeat":"repeat","background-position":"center center","background-size":"auto","background-attachment":"scroll","background-type":"","background-media":"","overlay-type":"","overlay-color":"","overlay-opacity":"","overlay-gradient":""},"mobile":{"background-color":"","background-image":"","background-repeat":"repeat","background-position":"center center","background-size":"auto","background-attachment":"scroll","background-type":"","background-media":"","overlay-type":"","overlay-color":"","overlay-opacity":"","overlay-gradient":""}},"ast-content-background-meta":{"desktop":{"background-color":"var(--ast-global-color-4)","background-image":"","background-repeat":"repeat","background-position":"center center","background-size":"auto","background-attachment":"scroll","background-type":"","background-media":"","overlay-type":"","overlay-color":"","overlay-opacity":"","overlay-gradient":""},"tablet":{"background-color":"var(--ast-global-color-4)","background-image":"","background-repeat":"repeat","background-position":"center center","background-size":"auto","background-attachment":"scroll","background-type":"","background-media":"","overlay-type":"","overlay-color":"","overlay-opacity":"","overlay-gradient":""},"mobile":{"background-color":"var(--ast-global-color-4)","background-image":"","background-repeat":"repeat","background-position":"center center","background-size":"auto","background-attachment":"scroll","background-type":"","background-media":"","overlay-type":"","overlay-color":"","overlay-opacity":"","overlay-gradient":""}},"footnotes":""},"categories":[],"tags":[],"class_list":["post-145423","page","type-page","status-publish","hentry"],"yoast_head":"<!-- This site is optimized with the Yoast SEO Premium plugin v27.4 (Yoast SEO v27.4) - https:\/\/yoast.com\/product\/yoast-seo-premium-wordpress\/ -->\n<title>Contact Environmental and Sustainability Department - City of Miami Beach<\/title>\n<meta name=\"description\" content=\"Contact The City of Miami Beach Environmental and Sustainability Department\" \/>\n<meta name=\"robots\" content=\"index, follow, max-snippet:-1, max-image-preview:large, max-video-preview:-1\" \/>\n<link rel=\"canonical\" href=\"https:\/\/www.miamibeachfl.gov\/ht\/city-hall\/environmental-sustainability\/contact-us\/\" \/>\n<meta property=\"og:locale\" content=\"ht_HT\" \/>\n<meta property=\"og:type\" content=\"article\" \/>\n<meta property=\"og:title\" content=\"Contact Environmental and Sustainability Department\" \/>\n<meta property=\"og:description\" content=\"Contact The City of Miami Beach Environmental and Sustainability Department\" \/>\n<meta property=\"og:url\" content=\"https:\/\/www.miamibeachfl.gov\/ht\/city-hall\/environmental-sustainability\/contact-us\/\" \/>\n<meta property=\"og:site_name\" content=\"City of Miami Beach\" \/>\n<meta property=\"article:publisher\" content=\"https:\/\/www.facebook.com\/cityofmiamibeach\" \/>\n<meta property=\"article:modified_time\" content=\"2025-07-01T12:40:04+00:00\" \/>\n<meta property=\"og:image\" content=\"https:\/\/www.miamibeachfl.gov\/wp-content\/uploads\/2022\/07\/hero-small.jpg\" \/>\n<meta name=\"twitter:card\" content=\"summary_large_image\" \/>\n<meta name=\"twitter:site\" content=\"@Miamibeachnews\" \/>\n<script type=\"application\/ld+json\" class=\"yoast-schema-graph\">{\"@context\":\"https:\\\/\\\/schema.org\",\"@graph\":[{\"@type\":\"WebPage\",\"@id\":\"https:\\\/\\\/www.miamibeachfl.gov\\\/city-hall\\\/environmental-sustainability\\\/contact-us\\\/\",\"url\":\"https:\\\/\\\/www.miamibeachfl.gov\\\/city-hall\\\/environmental-sustainability\\\/contact-us\\\/\",\"name\":\"Contact Environmental and Sustainability Department - City of Miami Beach\",\"isPartOf\":{\"@id\":\"https:\\\/\\\/www.miamibeachfl.gov\\\/#website\"},\"primaryImageOfPage\":{\"@id\":\"https:\\\/\\\/www.miamibeachfl.gov\\\/city-hall\\\/environmental-sustainability\\\/contact-us\\\/#primaryimage\"},\"image\":{\"@id\":\"https:\\\/\\\/www.miamibeachfl.gov\\\/city-hall\\\/environmental-sustainability\\\/contact-us\\\/#primaryimage\"},\"thumbnailUrl\":\"https:\\\/\\\/www.miamibeachfl.gov\\\/wp-content\\\/uploads\\\/2022\\\/07\\\/hero-small.jpg\",\"datePublished\":\"2020-11-12T19:55:43+00:00\",\"dateModified\":\"2025-07-01T12:40:04+00:00\",\"description\":\"Contact The City of Miami Beach Environmental and Sustainability Department\",\"breadcrumb\":{\"@id\":\"https:\\\/\\\/www.miamibeachfl.gov\\\/city-hall\\\/environmental-sustainability\\\/contact-us\\\/#breadcrumb\"},\"inLanguage\":\"ht\",\"potentialAction\":[{\"@type\":\"ReadAction\",\"target\":[\"https:\\\/\\\/www.miamibeachfl.gov\\\/city-hall\\\/environmental-sustainability\\\/contact-us\\\/\"]}]},{\"@type\":\"ImageObject\",\"inLanguage\":\"ht\",\"@id\":\"https:\\\/\\\/www.miamibeachfl.gov\\\/city-hall\\\/environmental-sustainability\\\/contact-us\\\/#primaryimage\",\"url\":\"https:\\\/\\\/www.miamibeachfl.gov\\\/wp-content\\\/uploads\\\/2022\\\/07\\\/hero-small.jpg\",\"contentUrl\":\"https:\\\/\\\/www.miamibeachfl.gov\\\/wp-content\\\/uploads\\\/2022\\\/07\\\/hero-small.jpg\"},{\"@type\":\"BreadcrumbList\",\"@id\":\"https:\\\/\\\/www.miamibeachfl.gov\\\/city-hall\\\/environmental-sustainability\\\/contact-us\\\/#breadcrumb\",\"itemListElement\":[{\"@type\":\"ListItem\",\"position\":1,\"name\":\"Home\",\"item\":\"https:\\\/\\\/www.miamibeachfl.gov\\\/\"},{\"@type\":\"ListItem\",\"position\":2,\"name\":\"City Hall\",\"item\":\"https:\\\/\\\/www.miamibeachfl.gov\\\/city-hall\\\/\"},{\"@type\":\"ListItem\",\"position\":3,\"name\":\"Environment &#038; Sustainability\",\"item\":\"https:\\\/\\\/www.miamibeachfl.gov\\\/city-hall\\\/environmental-sustainability\\\/\"},{\"@type\":\"ListItem\",\"position\":4,\"name\":\"Contact Environmental and Sustainability Department\"}]},{\"@type\":\"WebSite\",\"@id\":\"https:\\\/\\\/www.miamibeachfl.gov\\\/#website\",\"url\":\"https:\\\/\\\/www.miamibeachfl.gov\\\/\",\"name\":\"City of Miami Beach\",\"description\":\"The official website of the City of Miami Beach. Stay informed, find important information on city services, news, alerts, events, trolley routes, government employment and more.\",\"publisher\":{\"@id\":\"https:\\\/\\\/www.miamibeachfl.gov\\\/#organization\"},\"potentialAction\":[{\"@type\":\"SearchAction\",\"target\":{\"@type\":\"EntryPoint\",\"urlTemplate\":\"https:\\\/\\\/www.miamibeachfl.gov\\\/?s={search_term_string}\"},\"query-input\":{\"@type\":\"PropertyValueSpecification\",\"valueRequired\":true,\"valueName\":\"search_term_string\"}}],\"inLanguage\":\"ht\"},{\"@type\":\"Organization\",\"@id\":\"https:\\\/\\\/www.miamibeachfl.gov\\\/#organization\",\"name\":\"City of Miami Beach\",\"url\":\"https:\\\/\\\/www.miamibeachfl.gov\\\/\",\"logo\":{\"@type\":\"ImageObject\",\"inLanguage\":\"ht\",\"@id\":\"https:\\\/\\\/www.miamibeachfl.gov\\\/#\\\/schema\\\/logo\\\/image\\\/\",\"url\":\"https:\\\/\\\/www.miamibeachfl.gov\\\/wp-content\\\/uploads\\\/2022\\\/06\\\/miamibeach-logoblue.png\",\"contentUrl\":\"https:\\\/\\\/www.miamibeachfl.gov\\\/wp-content\\\/uploads\\\/2022\\\/06\\\/miamibeach-logoblue.png\",\"width\":1962,\"height\":381,\"caption\":\"City of Miami Beach\"},\"image\":{\"@id\":\"https:\\\/\\\/www.miamibeachfl.gov\\\/#\\\/schema\\\/logo\\\/image\\\/\"},\"sameAs\":[\"https:\\\/\\\/www.facebook.com\\\/cityofmiamibeach\",\"https:\\\/\\\/x.com\\\/Miamibeachnews\",\"https:\\\/\\\/www.instagram.com\\\/miamibeachnews\\\/\"],\"description\":\"The official website of the City of Miami Beach. Stay informed, find important information on city services, news, alerts, events, trolley routes, government employment and more.\",\"telephone\":\"305.604.CITY(2489)\",\"legalName\":\"City of Miami Beach\"}]}<\/script>\n<!-- \/ Yoast SEO Premium plugin. -->","yoast_head_json":{"title":"Kontakte Depatman Anviw\u00f2nman ak Dirablite - Vil Miami Beach","description":"Kontakte Depatman Anviw\u00f2nman ak Dirablite Vil Miami Beach la","robots":{"index":"index","follow":"follow","max-snippet":"max-snippet:-1","max-image-preview":"max-image-preview:large","max-video-preview":"max-video-preview:-1"},"canonical":"https:\/\/www.miamibeachfl.gov\/ht\/city-hall\/environmental-sustainability\/contact-us\/","og_locale":"ht_HT","og_type":"article","og_title":"Contact Environmental and Sustainability Department","og_description":"Contact The City of Miami Beach Environmental and Sustainability Department","og_url":"https:\/\/www.miamibeachfl.gov\/ht\/city-hall\/environmental-sustainability\/contact-us\/","og_site_name":"City of Miami Beach","article_publisher":"https:\/\/www.facebook.com\/cityofmiamibeach","article_modified_time":"2025-07-01T12:40:04+00:00","og_image":[{"url":"https:\/\/www.miamibeachfl.gov\/wp-content\/uploads\/2022\/07\/hero-small.jpg","type":"","width":"","height":""}],"twitter_card":"summary_large_image","twitter_site":"@Miamibeachnews","schema":{"@context":"https:\/\/schema.org","@graph":[{"@type":"WebPage","@id":"https:\/\/www.miamibeachfl.gov\/city-hall\/environmental-sustainability\/contact-us\/","url":"https:\/\/www.miamibeachfl.gov\/city-hall\/environmental-sustainability\/contact-us\/","name":"Kontakte Depatman Anviw\u00f2nman ak Dirablite - Vil Miami Beach","isPartOf":{"@id":"https:\/\/www.miamibeachfl.gov\/#website"},"primaryImageOfPage":{"@id":"https:\/\/www.miamibeachfl.gov\/city-hall\/environmental-sustainability\/contact-us\/#primaryimage"},"image":{"@id":"https:\/\/www.miamibeachfl.gov\/city-hall\/environmental-sustainability\/contact-us\/#primaryimage"},"thumbnailUrl":"https:\/\/www.miamibeachfl.gov\/wp-content\/uploads\/2022\/07\/hero-small.jpg","datePublished":"2020-11-12T19:55:43+00:00","dateModified":"2025-07-01T12:40:04+00:00","description":"Kontakte Depatman Anviw\u00f2nman ak Dirablite Vil Miami Beach la","breadcrumb":{"@id":"https:\/\/www.miamibeachfl.gov\/city-hall\/environmental-sustainability\/contact-us\/#breadcrumb"},"inLanguage":"ht","potentialAction":[{"@type":"ReadAction","target":["https:\/\/www.miamibeachfl.gov\/city-hall\/environmental-sustainability\/contact-us\/"]}]},{"@type":"ImageObject","inLanguage":"ht","@id":"https:\/\/www.miamibeachfl.gov\/city-hall\/environmental-sustainability\/contact-us\/#primaryimage","url":"https:\/\/www.miamibeachfl.gov\/wp-content\/uploads\/2022\/07\/hero-small.jpg","contentUrl":"https:\/\/www.miamibeachfl.gov\/wp-content\/uploads\/2022\/07\/hero-small.jpg"},{"@type":"BreadcrumbList","@id":"https:\/\/www.miamibeachfl.gov\/city-hall\/environmental-sustainability\/contact-us\/#breadcrumb","itemListElement":[{"@type":"ListItem","position":1,"name":"Home","item":"https:\/\/www.miamibeachfl.gov\/"},{"@type":"ListItem","position":2,"name":"City Hall","item":"https:\/\/www.miamibeachfl.gov\/city-hall\/"},{"@type":"ListItem","position":3,"name":"Environment &#038; Sustainability","item":"https:\/\/www.miamibeachfl.gov\/city-hall\/environmental-sustainability\/"},{"@type":"ListItem","position":4,"name":"Contact Environmental and Sustainability Department"}]},{"@type":"WebSite","@id":"https:\/\/www.miamibeachfl.gov\/#website","url":"https:\/\/www.miamibeachfl.gov\/","name":"Vil Miami Beach","description":"Sitw\u00e8b ofisy\u00e8l Vil Miami Beach la. Rete enf\u00f2me, jwenn enf\u00f2masyon enp\u00f2tan sou s\u00e8vis vil la, nouv\u00e8l, al\u00e8t, ev\u00e8nman, wout tramway, travay gouv\u00e8nman an ak plis ank\u00f2.","publisher":{"@id":"https:\/\/www.miamibeachfl.gov\/#organization"},"potentialAction":[{"@type":"SearchAction","target":{"@type":"EntryPoint","urlTemplate":"https:\/\/www.miamibeachfl.gov\/?s={search_term_string}"},"query-input":{"@type":"PropertyValueSpecification","valueRequired":true,"valueName":"search_term_string"}}],"inLanguage":"ht"},{"@type":"Organization","@id":"https:\/\/www.miamibeachfl.gov\/#organization","name":"Vil Miami Beach","url":"https:\/\/www.miamibeachfl.gov\/","logo":{"@type":"ImageObject","inLanguage":"ht","@id":"https:\/\/www.miamibeachfl.gov\/#\/schema\/logo\/image\/","url":"https:\/\/www.miamibeachfl.gov\/wp-content\/uploads\/2022\/06\/miamibeach-logoblue.png","contentUrl":"https:\/\/www.miamibeachfl.gov\/wp-content\/uploads\/2022\/06\/miamibeach-logoblue.png","width":1962,"height":381,"caption":"City of Miami Beach"},"image":{"@id":"https:\/\/www.miamibeachfl.gov\/#\/schema\/logo\/image\/"},"sameAs":["https:\/\/www.facebook.com\/cityofmiamibeach","https:\/\/x.com\/Miamibeachnews","https:\/\/www.instagram.com\/miamibeachnews\/"],"description":"Sitw\u00e8b ofisy\u00e8l Vil Miami Beach la. Rete enf\u00f2me, jwenn enf\u00f2masyon enp\u00f2tan sou s\u00e8vis vil la, nouv\u00e8l, al\u00e8t, ev\u00e8nman, wout tramway, travay gouv\u00e8nman an ak plis ank\u00f2.","telephone":"305.604.CITY(2489)","legalName":"City of Miami Beach"}]}},"_links":{"self":[{"href":"https:\/\/www.miamibeachfl.gov\/ht\/wp-json\/wp\/v2\/pages\/145423","targetHints":{"allow":["GET"]}}],"collection":[{"href":"https:\/\/www.miamibeachfl.gov\/ht\/wp-json\/wp\/v2\/pages"}],"about":[{"href":"https:\/\/www.miamibeachfl.gov\/ht\/wp-json\/wp\/v2\/types\/page"}],"author":[{"embeddable":true,"href":"https:\/\/www.miamibeachfl.gov\/ht\/wp-json\/wp\/v2\/users\/105"}],"replies":[{"embeddable":true,"href":"https:\/\/www.miamibeachfl.gov\/ht\/wp-json\/wp\/v2\/comments?post=145423"}],"version-history":[{"count":1,"href":"https:\/\/www.miamibeachfl.gov\/ht\/wp-json\/wp\/v2\/pages\/145423\/revisions"}],"predecessor-version":[{"id":385692,"href":"https:\/\/www.miamibeachfl.gov\/ht\/wp-json\/wp\/v2\/pages\/145423\/revisions\/385692"}],"up":[{"embeddable":true,"href":"https:\/\/www.miamibeachfl.gov\/ht\/wp-json\/wp\/v2\/pages\/28598"}],"wp:attachment":[{"href":"https:\/\/www.miamibeachfl.gov\/ht\/wp-json\/wp\/v2\/media?parent=145423"}],"wp:term":[{"taxonomy":"category","embeddable":true,"href":"https:\/\/www.miamibeachfl.gov\/ht\/wp-json\/wp\/v2\/categories?post=145423"},{"taxonomy":"post_tag","embeddable":true,"href":"https:\/\/www.miamibeachfl.gov\/ht\/wp-json\/wp\/v2\/tags?post=145423"}],"curies":[{"name":"wp","href":"https:\/\/api.w.org\/{rel}","templated":true}]}}