{"id":152050,"date":"2021-02-18T17:37:35","date_gmt":"2021-02-18T22:37:35","guid":{"rendered":"http:\/\/www.miamibeachfl.gov\/?page_id=152050"},"modified":"2025-06-07T10:08:13","modified_gmt":"2025-06-07T14:08:13","slug":"citizen-police-academy","status":"publish","type":"page","link":"https:\/\/www.miamibeachfl.gov\/ht\/yourmbpd\/citizen-police-academy\/","title":{"rendered":"Akademi Lapolis Sitwayen"},"content":{"rendered":"<a href=\"\/ht\/yourmbpd\/\"  target=\"_self\" itemprop=\"url\">\n\t\t\t\t<img decoding=\"async\" src=\"https:\/\/www.miamibeachfl.gov\/wp-content\/uploads\/2019\/12\/badge-for-banner.png\" alt=\"badge for banner\" itemprop=\"image\" title=\"badj pou bany\u00e8\" onerror=\"this.style.display='none'\" loading='lazy' \/>\n\t\t\t\t<\/a>\n<h3>\n\t\t<a href=\"\/ht\/yourmbpd\/leadership\/\" title=\"LIDERAY\"  target=\"_self\">\n\t\t\tLIDERAY\t\t<\/a>\n\t<\/h3>\n<h3>\n\t\t<a href=\"\/ht\/yourmbpd\/neighborhoods\/\" title=\"KATYE YO\"  target=\"_self\">\n\t\t\tKATYE YO\t\t<\/a>\n\t<\/h3>\n<h3>\n\t\t<a href=\"\/ht\/yourmbpd\/services\/\" title=\"S\u00c8VIS\"  target=\"_self\">\n\t\t\tS\u00c8VIS\t\t<\/a>\n\t<\/h3>\n<h1>\n\t\t\tAkademi polis sitwayen\t<\/h1>\n\t<p>Depatman Lapolis Miami Beach la fy\u00e8 pou l ofri yon pwogram tr\u00e8 popil\u00e8 e gratis, Akademi Lapolis Sitwayen an. Si w enterese pou w aprann plis bagay sou f\u00f2s lapolis, sa ka op\u00f2tinite paf\u00e8 a!<\/p>\n<p>Kou a se yon pwogram 12 sem\u00e8n ki kouvri plizy\u00e8 sij\u00e8, tankou:<\/p>\n1. Relasyon Kominot\u00e8 ak Lapolis<br \/>\n2. Inite Kominikasyon Sekirite Piblik<br \/>\n3. Pwosesis Istorik<br \/>\n4. Inite Espesyalize yo \u2013 Inite K-9 ak Patwouy Marin<br \/>\n5. Biwo Resous Katye a<br \/>\n6. Moniman Ofisye a<br \/>\n7. V\u00f2l idantite ak l\u00f2t krim<br \/>\n8. Envestigasyon sou s\u00e8n krim<br \/>\n9. F\u00f2masyon Kiltir\u00e8l ak Div\u00e8site<br \/>\n10. F\u00f2masyon pou diminye tansyon an<br \/>\n11. Itilizasyon Zam\/Zam afe ak F\u00f2masyon Similat\u00e8<br \/>\n12. Siviv Ofisye - Rankont ki gen gwo risk\n<p>Kou yo ap f\u00e8t m\u00e8kredi swa soti 6:00 pm pou rive 9:00 pm nan Depatman Lapolis Miami Beach, 1100 Washington Avenue. Yo s\u00e8vi yon dine lej\u00e8 a 5:45 pm. Matery\u00e8l yo itilize nan kou a, enstalasyon f\u00f2masyon yo ak manje yo gratis. Akademi an gen ladan f\u00f2masyon pratik ki prezante nan yon atmosf\u00e8 ki pa gen anpil str\u00e8s. Malgre ke gradye yo pa resevwa f\u00f2masyon pou travay lapolis, yo soti ak yon p\u00e8spektiv anndan sou sa sa ye pou yon ofisye lapolis nan Miami Beach.<\/p>\n<p>Patisipan yo ap f\u00e8 konesans ak div\u00e8s asp\u00e8 nan travay lapolis, pou kreye konsyantizasyon, konpreyansyon, epi bati bon relasyon ant lapolis ak kominote a.<\/p>\n<p>Si w enterese epi ou vle aplike, tanpri ranpli aplikasyon akademi an sou ent\u00e8n\u00e8t.<\/p>\n<p>Patisipan yo dwe gen omwen 18 an, pa gen okenn kondanasyon pou krim grav oswa yon dosye krimin\u00e8l enp\u00f2tan, epi yo dwe konplete yon verifikasyon kazye jidisy\u00e8.<\/p>\n<p>Nou rez\u00e8ve dwa pou refize nenp\u00f2t kandida.<\/p>\n\t<p>\u00a9 2025 Dwa ot\u00e8 Vil Miami Beach.<\/p>\n\t\t\t<a href=\"\/ht\/\" target=\"_self\">\n\t\t\t\t\t\t\tSitw\u00e8b Vil Miami Beach la\n\t\t\t\t\t<\/a>\n\t\t\t<a href=\"\/ht\/policies-disclaimers\/\" target=\"_self\">\n\t\t\t\t\t\t\tR\u00e8gleman ak Av\u00e8tisman\n\t\t\t\t\t<\/a>\n\t\t\t<a href=\"\/ht\/accessibility\/\" target=\"_self\">\n\t\t\t\t\t\t\tAks\u00e8\n\t\t\t\t\t<\/a>\n\t\t\t<a href=\"\/ht\/policies-disclaimers\/#cookies\" target=\"_self\">\n\t\t\t\t\t\t\tParam\u00e8t Bonbon\n\t\t\t\t\t<\/a>","protected":false},"excerpt":{"rendered":"<p>LEADERSHIP NEIGHBORHOODS SERVICES Citizen police academy The Miami Beach Police Department is proud to offer a very popular and free [&hellip;]<\/p>\n","protected":false},"author":222,"featured_media":0,"parent":120936,"menu_order":0,"comment_status":"closed","ping_status":"closed","template":"","meta":{"_searchwp_excluded":"","site-sidebar-layout":"default","site-content-layout":"","ast-site-content-layout":"","site-content-style":"default","site-sidebar-style":"default","ast-global-header-display":"disabled","ast-banner-title-visibility":"","ast-main-header-display":"","ast-hfb-above-header-display":"","ast-hfb-below-header-display":"","ast-hfb-mobile-header-display":"","site-post-title":"","ast-breadcrumbs-content":"","ast-featured-img":"","footer-sml-layout":"disabled","theme-transparent-header-meta":"","adv-header-id-meta":"","stick-header-meta":"","header-above-stick-meta":"","header-main-stick-meta":"","header-below-stick-meta":"","astra-migrate-meta-layouts":"default","ast-page-background-enabled":"default","ast-page-background-meta":{"desktop":{"background-color":"var(--ast-global-color-5)","background-image":"","background-repeat":"repeat","background-position":"center center","background-size":"auto","background-attachment":"scroll","background-type":"","background-media":"","overlay-type":"","overlay-color":"","overlay-opacity":"","overlay-gradient":""},"tablet":{"background-color":"","background-image":"","background-repeat":"repeat","background-position":"center center","background-size":"auto","background-attachment":"scroll","background-type":"","background-media":"","overlay-type":"","overlay-color":"","overlay-opacity":"","overlay-gradient":""},"mobile":{"background-color":"","background-image":"","background-repeat":"repeat","background-position":"center center","background-size":"auto","background-attachment":"scroll","background-type":"","background-media":"","overlay-type":"","overlay-color":"","overlay-opacity":"","overlay-gradient":""}},"ast-content-background-meta":{"desktop":{"background-color":"var(--ast-global-color-4)","background-image":"","background-repeat":"repeat","background-position":"center center","background-size":"auto","background-attachment":"scroll","background-type":"","background-media":"","overlay-type":"","overlay-color":"","overlay-opacity":"","overlay-gradient":""},"tablet":{"background-color":"var(--ast-global-color-4)","background-image":"","background-repeat":"repeat","background-position":"center center","background-size":"auto","background-attachment":"scroll","background-type":"","background-media":"","overlay-type":"","overlay-color":"","overlay-opacity":"","overlay-gradient":""},"mobile":{"background-color":"var(--ast-global-color-4)","background-image":"","background-repeat":"repeat","background-position":"center center","background-size":"auto","background-attachment":"scroll","background-type":"","background-media":"","overlay-type":"","overlay-color":"","overlay-opacity":"","overlay-gradient":""}},"footnotes":""},"categories":[],"tags":[],"class_list":["post-152050","page","type-page","status-publish","hentry"],"yoast_head":"<!-- This site is optimized with the Yoast SEO Premium plugin v27.4 (Yoast SEO v27.4) - https:\/\/yoast.com\/product\/yoast-seo-premium-wordpress\/ -->\n<title>Citizens Police Academy - City of Miami Beach<\/title>\n<meta name=\"description\" content=\"%\" \/>\n<meta name=\"robots\" content=\"index, follow, max-snippet:-1, max-image-preview:large, max-video-preview:-1\" \/>\n<link rel=\"canonical\" href=\"https:\/\/www.miamibeachfl.gov\/ht\/yourmbpd\/citizen-police-academy\/\" \/>\n<meta property=\"og:locale\" content=\"ht_HT\" \/>\n<meta property=\"og:type\" content=\"article\" \/>\n<meta property=\"og:title\" content=\"Citizens Police Academy\" \/>\n<meta property=\"og:description\" content=\"%\" \/>\n<meta property=\"og:url\" content=\"https:\/\/www.miamibeachfl.gov\/ht\/yourmbpd\/citizen-police-academy\/\" \/>\n<meta property=\"og:site_name\" content=\"City of Miami Beach\" \/>\n<meta property=\"article:publisher\" content=\"https:\/\/www.facebook.com\/cityofmiamibeach\" \/>\n<meta property=\"article:modified_time\" content=\"2025-06-07T14:08:13+00:00\" \/>\n<meta property=\"og:image\" content=\"https:\/\/www.miamibeachfl.gov\/wp-content\/uploads\/2019\/12\/badge-for-banner.png\" \/>\n<meta name=\"twitter:card\" content=\"summary_large_image\" \/>\n<meta name=\"twitter:site\" content=\"@Miamibeachnews\" \/>\n<script type=\"application\/ld+json\" class=\"yoast-schema-graph\">{\"@context\":\"https:\\\/\\\/schema.org\",\"@graph\":[{\"@type\":\"WebPage\",\"@id\":\"https:\\\/\\\/www.miamibeachfl.gov\\\/yourmbpd\\\/citizen-police-academy\\\/\",\"url\":\"https:\\\/\\\/www.miamibeachfl.gov\\\/yourmbpd\\\/citizen-police-academy\\\/\",\"name\":\"Citizens Police Academy - City of Miami Beach\",\"isPartOf\":{\"@id\":\"https:\\\/\\\/www.miamibeachfl.gov\\\/#website\"},\"primaryImageOfPage\":{\"@id\":\"https:\\\/\\\/www.miamibeachfl.gov\\\/yourmbpd\\\/citizen-police-academy\\\/#primaryimage\"},\"image\":{\"@id\":\"https:\\\/\\\/www.miamibeachfl.gov\\\/yourmbpd\\\/citizen-police-academy\\\/#primaryimage\"},\"thumbnailUrl\":\"https:\\\/\\\/www.miamibeachfl.gov\\\/wp-content\\\/uploads\\\/2019\\\/12\\\/badge-for-banner.png\",\"datePublished\":\"2021-02-18T22:37:35+00:00\",\"dateModified\":\"2025-06-07T14:08:13+00:00\",\"description\":\"%\",\"breadcrumb\":{\"@id\":\"https:\\\/\\\/www.miamibeachfl.gov\\\/yourmbpd\\\/citizen-police-academy\\\/#breadcrumb\"},\"inLanguage\":\"ht\",\"potentialAction\":[{\"@type\":\"ReadAction\",\"target\":[\"https:\\\/\\\/www.miamibeachfl.gov\\\/yourmbpd\\\/citizen-police-academy\\\/\"]}]},{\"@type\":\"ImageObject\",\"inLanguage\":\"ht\",\"@id\":\"https:\\\/\\\/www.miamibeachfl.gov\\\/yourmbpd\\\/citizen-police-academy\\\/#primaryimage\",\"url\":\"https:\\\/\\\/www.miamibeachfl.gov\\\/wp-content\\\/uploads\\\/2019\\\/12\\\/badge-for-banner.png\",\"contentUrl\":\"https:\\\/\\\/www.miamibeachfl.gov\\\/wp-content\\\/uploads\\\/2019\\\/12\\\/badge-for-banner.png\"},{\"@type\":\"BreadcrumbList\",\"@id\":\"https:\\\/\\\/www.miamibeachfl.gov\\\/yourmbpd\\\/citizen-police-academy\\\/#breadcrumb\",\"itemListElement\":[{\"@type\":\"ListItem\",\"position\":1,\"name\":\"Home\",\"item\":\"https:\\\/\\\/www.miamibeachfl.gov\\\/\"},{\"@type\":\"ListItem\",\"position\":2,\"name\":\"Police\",\"item\":\"https:\\\/\\\/www.miamibeachfl.gov\\\/yourmbpd\\\/\"},{\"@type\":\"ListItem\",\"position\":3,\"name\":\"Citizens Police Academy\"}]},{\"@type\":\"WebSite\",\"@id\":\"https:\\\/\\\/www.miamibeachfl.gov\\\/#website\",\"url\":\"https:\\\/\\\/www.miamibeachfl.gov\\\/\",\"name\":\"City of Miami Beach\",\"description\":\"The official website of the City of Miami Beach. Stay informed, find important information on city services, news, alerts, events, trolley routes, government employment and more.\",\"publisher\":{\"@id\":\"https:\\\/\\\/www.miamibeachfl.gov\\\/#organization\"},\"potentialAction\":[{\"@type\":\"SearchAction\",\"target\":{\"@type\":\"EntryPoint\",\"urlTemplate\":\"https:\\\/\\\/www.miamibeachfl.gov\\\/?s={search_term_string}\"},\"query-input\":{\"@type\":\"PropertyValueSpecification\",\"valueRequired\":true,\"valueName\":\"search_term_string\"}}],\"inLanguage\":\"ht\"},{\"@type\":\"Organization\",\"@id\":\"https:\\\/\\\/www.miamibeachfl.gov\\\/#organization\",\"name\":\"City of Miami Beach\",\"url\":\"https:\\\/\\\/www.miamibeachfl.gov\\\/\",\"logo\":{\"@type\":\"ImageObject\",\"inLanguage\":\"ht\",\"@id\":\"https:\\\/\\\/www.miamibeachfl.gov\\\/#\\\/schema\\\/logo\\\/image\\\/\",\"url\":\"https:\\\/\\\/www.miamibeachfl.gov\\\/wp-content\\\/uploads\\\/2022\\\/06\\\/miamibeach-logoblue.png\",\"contentUrl\":\"https:\\\/\\\/www.miamibeachfl.gov\\\/wp-content\\\/uploads\\\/2022\\\/06\\\/miamibeach-logoblue.png\",\"width\":1962,\"height\":381,\"caption\":\"City of Miami Beach\"},\"image\":{\"@id\":\"https:\\\/\\\/www.miamibeachfl.gov\\\/#\\\/schema\\\/logo\\\/image\\\/\"},\"sameAs\":[\"https:\\\/\\\/www.facebook.com\\\/cityofmiamibeach\",\"https:\\\/\\\/x.com\\\/Miamibeachnews\",\"https:\\\/\\\/www.instagram.com\\\/miamibeachnews\\\/\"],\"description\":\"The official website of the City of Miami Beach. Stay informed, find important information on city services, news, alerts, events, trolley routes, government employment and more.\",\"telephone\":\"305.604.CITY(2489)\",\"legalName\":\"City of Miami Beach\"}]}<\/script>\n<!-- \/ Yoast SEO Premium plugin. -->","yoast_head_json":{"title":"Akademi Lapolis Sitwayen - Vil Miami Beach","description":"%","robots":{"index":"index","follow":"follow","max-snippet":"max-snippet:-1","max-image-preview":"max-image-preview:large","max-video-preview":"max-video-preview:-1"},"canonical":"https:\/\/www.miamibeachfl.gov\/ht\/yourmbpd\/citizen-police-academy\/","og_locale":"ht_HT","og_type":"article","og_title":"Citizens Police Academy","og_description":"%","og_url":"https:\/\/www.miamibeachfl.gov\/ht\/yourmbpd\/citizen-police-academy\/","og_site_name":"City of Miami Beach","article_publisher":"https:\/\/www.facebook.com\/cityofmiamibeach","article_modified_time":"2025-06-07T14:08:13+00:00","og_image":[{"url":"https:\/\/www.miamibeachfl.gov\/wp-content\/uploads\/2019\/12\/badge-for-banner.png","type":"","width":"","height":""}],"twitter_card":"summary_large_image","twitter_site":"@Miamibeachnews","schema":{"@context":"https:\/\/schema.org","@graph":[{"@type":"WebPage","@id":"https:\/\/www.miamibeachfl.gov\/yourmbpd\/citizen-police-academy\/","url":"https:\/\/www.miamibeachfl.gov\/yourmbpd\/citizen-police-academy\/","name":"Akademi Lapolis Sitwayen - Vil Miami Beach","isPartOf":{"@id":"https:\/\/www.miamibeachfl.gov\/#website"},"primaryImageOfPage":{"@id":"https:\/\/www.miamibeachfl.gov\/yourmbpd\/citizen-police-academy\/#primaryimage"},"image":{"@id":"https:\/\/www.miamibeachfl.gov\/yourmbpd\/citizen-police-academy\/#primaryimage"},"thumbnailUrl":"https:\/\/www.miamibeachfl.gov\/wp-content\/uploads\/2019\/12\/badge-for-banner.png","datePublished":"2021-02-18T22:37:35+00:00","dateModified":"2025-06-07T14:08:13+00:00","description":"%","breadcrumb":{"@id":"https:\/\/www.miamibeachfl.gov\/yourmbpd\/citizen-police-academy\/#breadcrumb"},"inLanguage":"ht","potentialAction":[{"@type":"ReadAction","target":["https:\/\/www.miamibeachfl.gov\/yourmbpd\/citizen-police-academy\/"]}]},{"@type":"ImageObject","inLanguage":"ht","@id":"https:\/\/www.miamibeachfl.gov\/yourmbpd\/citizen-police-academy\/#primaryimage","url":"https:\/\/www.miamibeachfl.gov\/wp-content\/uploads\/2019\/12\/badge-for-banner.png","contentUrl":"https:\/\/www.miamibeachfl.gov\/wp-content\/uploads\/2019\/12\/badge-for-banner.png"},{"@type":"BreadcrumbList","@id":"https:\/\/www.miamibeachfl.gov\/yourmbpd\/citizen-police-academy\/#breadcrumb","itemListElement":[{"@type":"ListItem","position":1,"name":"Home","item":"https:\/\/www.miamibeachfl.gov\/"},{"@type":"ListItem","position":2,"name":"Police","item":"https:\/\/www.miamibeachfl.gov\/yourmbpd\/"},{"@type":"ListItem","position":3,"name":"Citizens Police Academy"}]},{"@type":"WebSite","@id":"https:\/\/www.miamibeachfl.gov\/#website","url":"https:\/\/www.miamibeachfl.gov\/","name":"Vil Miami Beach","description":"Sitw\u00e8b ofisy\u00e8l Vil Miami Beach la. Rete enf\u00f2me, jwenn enf\u00f2masyon enp\u00f2tan sou s\u00e8vis vil la, nouv\u00e8l, al\u00e8t, ev\u00e8nman, wout tramway, travay gouv\u00e8nman an ak plis ank\u00f2.","publisher":{"@id":"https:\/\/www.miamibeachfl.gov\/#organization"},"potentialAction":[{"@type":"SearchAction","target":{"@type":"EntryPoint","urlTemplate":"https:\/\/www.miamibeachfl.gov\/?s={search_term_string}"},"query-input":{"@type":"PropertyValueSpecification","valueRequired":true,"valueName":"search_term_string"}}],"inLanguage":"ht"},{"@type":"Organization","@id":"https:\/\/www.miamibeachfl.gov\/#organization","name":"Vil Miami Beach","url":"https:\/\/www.miamibeachfl.gov\/","logo":{"@type":"ImageObject","inLanguage":"ht","@id":"https:\/\/www.miamibeachfl.gov\/#\/schema\/logo\/image\/","url":"https:\/\/www.miamibeachfl.gov\/wp-content\/uploads\/2022\/06\/miamibeach-logoblue.png","contentUrl":"https:\/\/www.miamibeachfl.gov\/wp-content\/uploads\/2022\/06\/miamibeach-logoblue.png","width":1962,"height":381,"caption":"City of Miami Beach"},"image":{"@id":"https:\/\/www.miamibeachfl.gov\/#\/schema\/logo\/image\/"},"sameAs":["https:\/\/www.facebook.com\/cityofmiamibeach","https:\/\/x.com\/Miamibeachnews","https:\/\/www.instagram.com\/miamibeachnews\/"],"description":"Sitw\u00e8b ofisy\u00e8l Vil Miami Beach la. Rete enf\u00f2me, jwenn enf\u00f2masyon enp\u00f2tan sou s\u00e8vis vil la, nouv\u00e8l, al\u00e8t, ev\u00e8nman, wout tramway, travay gouv\u00e8nman an ak plis ank\u00f2.","telephone":"305.604.CITY(2489)","legalName":"City of Miami Beach"}]}},"_links":{"self":[{"href":"https:\/\/www.miamibeachfl.gov\/ht\/wp-json\/wp\/v2\/pages\/152050","targetHints":{"allow":["GET"]}}],"collection":[{"href":"https:\/\/www.miamibeachfl.gov\/ht\/wp-json\/wp\/v2\/pages"}],"about":[{"href":"https:\/\/www.miamibeachfl.gov\/ht\/wp-json\/wp\/v2\/types\/page"}],"author":[{"embeddable":true,"href":"https:\/\/www.miamibeachfl.gov\/ht\/wp-json\/wp\/v2\/users\/222"}],"replies":[{"embeddable":true,"href":"https:\/\/www.miamibeachfl.gov\/ht\/wp-json\/wp\/v2\/comments?post=152050"}],"version-history":[{"count":3,"href":"https:\/\/www.miamibeachfl.gov\/ht\/wp-json\/wp\/v2\/pages\/152050\/revisions"}],"predecessor-version":[{"id":375641,"href":"https:\/\/www.miamibeachfl.gov\/ht\/wp-json\/wp\/v2\/pages\/152050\/revisions\/375641"}],"up":[{"embeddable":true,"href":"https:\/\/www.miamibeachfl.gov\/ht\/wp-json\/wp\/v2\/pages\/120936"}],"wp:attachment":[{"href":"https:\/\/www.miamibeachfl.gov\/ht\/wp-json\/wp\/v2\/media?parent=152050"}],"wp:term":[{"taxonomy":"category","embeddable":true,"href":"https:\/\/www.miamibeachfl.gov\/ht\/wp-json\/wp\/v2\/categories?post=152050"},{"taxonomy":"post_tag","embeddable":true,"href":"https:\/\/www.miamibeachfl.gov\/ht\/wp-json\/wp\/v2\/tags?post=152050"}],"curies":[{"name":"wp","href":"https:\/\/api.w.org\/{rel}","templated":true}]}}