{"id":159904,"date":"2021-05-19T10:39:03","date_gmt":"2021-05-19T14:39:03","guid":{"rendered":"http:\/\/www.miamibeachfl.gov\/?page_id=159904"},"modified":"2025-06-02T22:04:01","modified_gmt":"2025-06-03T02:04:01","slug":"june-2021","status":"publish","type":"page","link":"https:\/\/www.miamibeachfl.gov\/ht\/spotlight\/june-2021\/","title":{"rendered":"Jen 2021 Anons Spesyal Biznis"},"content":{"rendered":"<h5>\n\t\t<a href=\"https:\/\/www.miamibeachfl.gov\/ht\/mbbiznews\/\" title=\"Ab\u00f2ne isit la pou resevwa bilten biznis Vil la nan bwat resepsyon ou chak mwa.\"  target=\"_blank\"  rel=\"noopener\">\n\t\t\tAb\u00f2ne isit la pou resevwa bilten biznis Vil la nan bwat resepsyon ou chak mwa.\t\t<\/a>\n\t<\/h5>\n<h5>\n\t\t<a href=\"https:\/\/myemail.constantcontact.com\/Stay-connected-with-MB-Biz-.html?soid=1011085968389&#038;aid=8VhKWetPOkw\" title=\"Bilten Biznis\"  target=\"_blank\"  rel=\"noopener\">\n\t\t\tBilten Biznis\t\t<\/a>\n\t<\/h5>\n<h3>\n\t\t\tTi biznis yo resevwa lajan pandan moman difisil yo\t<\/h3>\n\t<figure id=\"attachment_162806\" aria-describedby=\"caption-attachment-162806\" style=\"width: 200px\" class=\"wp-caption alignright\"><img loading=\"lazy\" decoding=\"async\" src=\"http:\/\/www.miamibeachfl.gov\/wp-content\/uploads\/2021\/06\/Picture1.png\" alt=\"\" width=\"200\" height=\"266\" \/><figcaption id=\"caption-attachment-162806\" class=\"wp-caption-text\">Yon Aspasia Pappa nan Nailed nan SoBe ki te kontan anpil revele ch\u00e8k sibvansyon li.<\/figcaption><\/figure>\n<p>Nan dat 28 okt\u00f2b 2020, Vil la te apwouve $600,000 nan sibvansyon pou Pwogram Sibvansyon Ijans pou Ti Biznis Miami Beach la pou ede ti biznis ki afekte negativman pa pandemi COVID-19 la.<\/p>\n<p>Pwogram nan te lanse 6 janvye 2021, kote Vil la te f\u00e8 aktivite pou ankouraje ti biznis ak mikwo-antrepriz ki kalifye yo pou aplike pou sibvansyon ki rive jiska $20,000 pou lwaye, ipot\u00e8k, s\u00e8vis piblik, pew\u00f2l, founiti fonksy\u00f2nman, ak depans ki gen rap\u00f2 ak COVID-19.<\/p>\n<p>Pwogram nan gen pou objektif ede kenbe biznis yo epi kreye dj\u00f2b pou rezidan lokal yo. Jiska prezan, pwogram nan te bay 15 ti biznis \u00e8d epi li te sip\u00f2te anplwa 10 rezidan Miami Beach.<\/p>\n<p>Omwen 30 biznis pral resevwa asistans anba pwogram nan, epi toujou gen tan pou aplike.<\/p>\n<h3>\n\t\t\tSalon Klouj la Kenbe P\u00f2t Li Ouv\u00e8 Av\u00e8k Fon Sibvansyon \t<\/h3>\n\t\t\t\t<img decoding=\"async\" src=\"http:\/\/www.miamibeachfl.gov\/wp-content\/uploads\/2021\/06\/Picture2-1.png\" alt=\"Nailed Salon Keeps Doors Open with Grant Funds  \" itemprop=\"image\" title=\"Foto2\" onerror=\"this.style.display='none'\" loading='lazy' \/>\n\t\tSalon Klouj la Kenbe P\u00f2t Li Ouv\u00e8 Av\u00e8k Fon Sibvansyon  \n\t\t\t\t<img decoding=\"async\" src=\"http:\/\/www.miamibeachfl.gov\/wp-content\/uploads\/2021\/06\/Picture3-1.png\" alt=\"A lovely young customer enjoys her first nail salon experience at Nailed.\" itemprop=\"image\" title=\"Foto3\" onerror=\"this.style.display='none'\" loading='lazy' \/>\n\t\tYon b\u00e8l j\u00e8n kliyan ap jwi premye eksperyans li nan yon salon klou nan Nailed.\n\t<p>\u201cVr\u00e8manvre, san pwogram sa a, mwen pa panse nou ta ka kenbe biznis nou an vivan,\u201d te di Aspasia Pappa, pwopriyet\u00e8 Nailed, yon salon klou nan distri MXE nan Miami Beach. Etandone nati biznis li a, yon endistri ki gen anpil kontak, pi gwo defi Aspasia a se asire ke kliyan yo santi yo al\u00e8z l\u00e8 y ap antre nan p\u00f2t li.<\/p>\n<p>Av\u00e8k \u00e8d pwogram sibvansyon an, Aspasia te kapab asire ke li te jwenn yon soulajman finansye imedya pou biznis li epi tou garanti ke li te gen tout ekipman pwoteksyon p\u00e8son\u00e8l neses\u00e8 pou bay kliyan li yo yon eksperyans an sekirite ak agreyab.<\/p>\n<h3>\n\t\t\tLespri kominot\u00e8 a ap bouyi nan Abbott Florist\t<\/h3>\n\t\t\t\t<img decoding=\"async\" src=\"http:\/\/www.miamibeachfl.gov\/wp-content\/uploads\/2021\/06\/Picture4.png\" alt=\"Abbott Florist, family owned and operated in North Beach since 1990\" itemprop=\"image\" title=\"Foto4\" onerror=\"this.style.display='none'\" loading='lazy' \/>\n\t\tAbbott Florist, yon biznis familyal ki posede epi opere nan North Beach depi 1990.\n\t<p>Abbott Florist, yon magazen fl\u00e8 familyal ki se yon gwo poto mitan nan kominote North Beach la, konnen tr\u00e8 byen difikilte pou opere yon biznis ki baze sou ent\u00e8raksyon fasafas. Raul Encio ak pitit fi li Romina Orozco-Encio te fonde an 1990, yo te deklare ke pati ki pi difisil pou opere yon biznis pandan yon pandemi se te lef\u00e8t ke pa t gen anpil touris nan Miami Beach, youn nan f\u00f2s mot\u00e8 ki f\u00e8 yo te rele Miami Beach lakay yo.<\/p>\n<p>\u201cNou te deside k\u00f2manse yon biznis nan Miami Beach pout\u00e8t kominote familyal li a, div\u00e8site kiltir\u00e8l li a, ak popilarite li k\u00f2m yon destinasyon touristik. Yon katye ki plen ak ot\u00e8l, resort, ak lokal pou ev\u00e8nman se paf\u00e8 pou kalite endistri nou an,\u201d Romina te deklare.<\/p>\n<p>Ak\u00f2z restriksyon COVID-19 yo, Abbott Florist te w\u00e8 yon diminisyon nan revni 80%.<\/p>\n<p>\u201cPi gwo defi a sete kenbe magazen nou an ouv\u00e8 epi fonksyone. Nou te gen onz ev\u00e8nman ki te rezerve soti mas rive okt\u00f2b 2020, pou ki nou te bezwen bay kliyan nou yo ranbousman konpl\u00e8. Nou depann anpil sou maryaj ak ev\u00e8nman antrepriz, kidonk lef\u00e8t ke nou pa t gen revni sa a te devaste operasyon nou an,\u201d Romina te di.<\/p>\n<p>Av\u00e8k \u00e8d Pwogram Sibvansyon Ranbousman Depans Ti Biznis pou Ijans Vil la, Raul ak fanmi li te kapab resevwa $20,000 pou ranbouse depans biznis yo k\u00f2m yon pon pou kenbe magazen an ap flote jiskaske sezon pik la retounen.<\/p>\n\t\t\t\t<img decoding=\"async\" src=\"http:\/\/www.miamibeachfl.gov\/wp-content\/uploads\/2021\/06\/Picture6.png\" alt=\"Romina Orozco-Encio with flower arrangements and gifts customers can buy or send to loved ones.\" itemprop=\"image\" title=\"Foto6\" onerror=\"this.style.display='none'\" loading='lazy' \/>\n\t\tRomina Orozco-Encio ak aranjman fl\u00e8 ak kado kliyan yo ka achte oswa voye bay moun yo renmen yo.\n\t<p>\u201cKounye a ke Vil la f\u00e8 tranzisyon pou relouvri, gradyasyon, maryaj ak l\u00f2t ev\u00e8nman sosyal yo retounen, biznis la reprann byen vit. Pwogram sa a se te pi bon bagay ki te rive nou pandan pandemi an paske li te ban nou tan, e pou sa nou vr\u00e8man rekonesan anv\u00e8 Vil Miami Beach ak Depatman Devlopman Ekonomik la,\u201d Romina te di.<\/p>\n\t\t\t\t<img decoding=\"async\" src=\"http:\/\/www.miamibeachfl.gov\/wp-content\/uploads\/2021\/06\/Picture1wer.png\" alt=\"Picture1wer\" itemprop=\"image\" title=\"Foto1wer\" onerror=\"this.style.display='none'\" loading='lazy' \/>\n\t\t\t\t<img decoding=\"async\" src=\"http:\/\/www.miamibeachfl.gov\/wp-content\/uploads\/2021\/06\/Picture1wwer.png\" alt=\"Picture1wwer\" itemprop=\"image\" title=\"Foto1wwer\" onerror=\"this.style.display='none'\" loading='lazy' \/>\n\t<p>L\u00e8 yo te mande yo ki kons\u00e8y yo ta bay biznis lokal Miami Beach ki enterese aplike? \u201cPa kite pwosesis aplikasyon an entimide w! Sa a se san dout pi bon pwogram ki genyen pou kominote ti biznis lokal nou an, men sa ki pi enp\u00f2tan, moun ki d\u00e8y\u00e8 l yo se moun ki pi janti, ki pi dilijan e ki pi itil,\u201d Aspasia te di yon fason rekonesan.<\/p>\n<p>Kounye a, sibvansyon an ap administre epi yo ak\u00f2de l sou yon baz premye rive, premye kalifye, premye s\u00e8vi atrav\u00e8 yon aplikasyon sou ent\u00e8n\u00e8t. Pou yo kalifye, pwopriyet\u00e8 biznis yo dwe swa touche yon revni ki ba oswa modere oswa yo dwe anplwaye epi kenbe yon rezidan Miami Beach ki gen yon revni ki ba oswa modere.<\/p>\n<p>Pwopriyet\u00e8 biznis ki vle aplike yo ta dwe vizite <a href=\"https:\/\/miamibeachfl.gosmart.org\"><strong>miamibeachfl.gosmart.org<\/strong><\/a> pou revize direktiv pwogram nan epi konekte oubyen kreye yon nouvo pwofil pou w\u00e8 aplikasyon an davans. Aplikasyon an ap rete ouv\u00e8 jiska 31 Jiy\u00e8 2021.<\/p>\n<p>Nou ankouraje ti biznis ki kalifye yo pou aplike kounye a \u2013 pa rate chans pou resevwa gwo avantaj sa a pou biznis Miami Beach yo!<\/p>\n<p>Si pwopriyet\u00e8 ti biznis lokal yo bezwen asistans ak pwosesis aplikasyon an oswa si yo gen kesyon sou pwogram nan, tanpri kontakte Michael Rivera nan Depatman Devlopman Ekonomik la nan <strong><a href=\"mailto:michaelrivera@miamibeachfl.gov\">michaelrivera@miamibeachfl.gov<\/a><\/strong> pou plis enf\u00f2masyon.<\/p>","protected":false},"excerpt":{"rendered":"<p>Subscribe here to receive the City&#8217;s business newsletter to your inbox monthly. Business Newsletter Small Businesses Granted Dollars During Trying [&hellip;]<\/p>\n","protected":false},"author":222,"featured_media":0,"parent":253255,"menu_order":0,"comment_status":"closed","ping_status":"closed","template":"","meta":{"_searchwp_excluded":"","site-sidebar-layout":"default","site-content-layout":"","ast-site-content-layout":"default","site-content-style":"default","site-sidebar-style":"default","ast-global-header-display":"","ast-banner-title-visibility":"","ast-main-header-display":"","ast-hfb-above-header-display":"","ast-hfb-below-header-display":"","ast-hfb-mobile-header-display":"","site-post-title":"","ast-breadcrumbs-content":"","ast-featured-img":"","footer-sml-layout":"","theme-transparent-header-meta":"","adv-header-id-meta":"","stick-header-meta":"","header-above-stick-meta":"","header-main-stick-meta":"","header-below-stick-meta":"","astra-migrate-meta-layouts":"default","ast-page-background-enabled":"default","ast-page-background-meta":{"desktop":{"background-color":"var(--ast-global-color-5)","background-image":"","background-repeat":"repeat","background-position":"center center","background-size":"auto","background-attachment":"scroll","background-type":"","background-media":"","overlay-type":"","overlay-color":"","overlay-opacity":"","overlay-gradient":""},"tablet":{"background-color":"","background-image":"","background-repeat":"repeat","background-position":"center center","background-size":"auto","background-attachment":"scroll","background-type":"","background-media":"","overlay-type":"","overlay-color":"","overlay-opacity":"","overlay-gradient":""},"mobile":{"background-color":"","background-image":"","background-repeat":"repeat","background-position":"center center","background-size":"auto","background-attachment":"scroll","background-type":"","background-media":"","overlay-type":"","overlay-color":"","overlay-opacity":"","overlay-gradient":""}},"ast-content-background-meta":{"desktop":{"background-color":"var(--ast-global-color-4)","background-image":"","background-repeat":"repeat","background-position":"center center","background-size":"auto","background-attachment":"scroll","background-type":"","background-media":"","overlay-type":"","overlay-color":"","overlay-opacity":"","overlay-gradient":""},"tablet":{"background-color":"var(--ast-global-color-4)","background-image":"","background-repeat":"repeat","background-position":"center center","background-size":"auto","background-attachment":"scroll","background-type":"","background-media":"","overlay-type":"","overlay-color":"","overlay-opacity":"","overlay-gradient":""},"mobile":{"background-color":"var(--ast-global-color-4)","background-image":"","background-repeat":"repeat","background-position":"center center","background-size":"auto","background-attachment":"scroll","background-type":"","background-media":"","overlay-type":"","overlay-color":"","overlay-opacity":"","overlay-gradient":""}},"footnotes":""},"categories":[],"tags":[],"class_list":["post-159904","page","type-page","status-publish","hentry"],"yoast_head":"<!-- This site is optimized with the Yoast SEO Premium plugin v27.4 (Yoast SEO v27.4) - https:\/\/yoast.com\/product\/yoast-seo-premium-wordpress\/ -->\n<title>June 2021 Business Spotlight - City of Miami Beach<\/title>\n<meta name=\"description\" content=\"%\" \/>\n<meta name=\"robots\" content=\"index, follow, max-snippet:-1, max-image-preview:large, max-video-preview:-1\" \/>\n<link rel=\"canonical\" href=\"https:\/\/www.miamibeachfl.gov\/ht\/spotlight\/june-2021\/\" \/>\n<meta property=\"og:locale\" content=\"ht_HT\" \/>\n<meta property=\"og:type\" content=\"article\" \/>\n<meta property=\"og:title\" content=\"June 2021 Business Spotlight\" \/>\n<meta property=\"og:description\" content=\"%\" \/>\n<meta property=\"og:url\" content=\"https:\/\/www.miamibeachfl.gov\/ht\/spotlight\/june-2021\/\" \/>\n<meta property=\"og:site_name\" content=\"City of Miami Beach\" \/>\n<meta property=\"article:publisher\" content=\"https:\/\/www.facebook.com\/cityofmiamibeach\" \/>\n<meta property=\"article:modified_time\" content=\"2025-06-03T02:04:01+00:00\" \/>\n<meta property=\"og:image\" content=\"http:\/\/www.miamibeachfl.gov\/wp-content\/uploads\/2021\/06\/Picture1.png\" \/>\n<meta name=\"twitter:card\" content=\"summary_large_image\" \/>\n<meta name=\"twitter:site\" content=\"@Miamibeachnews\" \/>\n<script type=\"application\/ld+json\" class=\"yoast-schema-graph\">{\"@context\":\"https:\\\/\\\/schema.org\",\"@graph\":[{\"@type\":\"WebPage\",\"@id\":\"https:\\\/\\\/www.miamibeachfl.gov\\\/spotlight\\\/june-2021\\\/\",\"url\":\"https:\\\/\\\/www.miamibeachfl.gov\\\/spotlight\\\/june-2021\\\/\",\"name\":\"June 2021 Business Spotlight - City of Miami Beach\",\"isPartOf\":{\"@id\":\"https:\\\/\\\/www.miamibeachfl.gov\\\/#website\"},\"primaryImageOfPage\":{\"@id\":\"https:\\\/\\\/www.miamibeachfl.gov\\\/spotlight\\\/june-2021\\\/#primaryimage\"},\"image\":{\"@id\":\"https:\\\/\\\/www.miamibeachfl.gov\\\/spotlight\\\/june-2021\\\/#primaryimage\"},\"thumbnailUrl\":\"http:\\\/\\\/www.miamibeachfl.gov\\\/wp-content\\\/uploads\\\/2021\\\/06\\\/Picture1.png\",\"datePublished\":\"2021-05-19T14:39:03+00:00\",\"dateModified\":\"2025-06-03T02:04:01+00:00\",\"description\":\"%\",\"breadcrumb\":{\"@id\":\"https:\\\/\\\/www.miamibeachfl.gov\\\/spotlight\\\/june-2021\\\/#breadcrumb\"},\"inLanguage\":\"ht\",\"potentialAction\":[{\"@type\":\"ReadAction\",\"target\":[\"https:\\\/\\\/www.miamibeachfl.gov\\\/spotlight\\\/june-2021\\\/\"]}]},{\"@type\":\"ImageObject\",\"inLanguage\":\"ht\",\"@id\":\"https:\\\/\\\/www.miamibeachfl.gov\\\/spotlight\\\/june-2021\\\/#primaryimage\",\"url\":\"http:\\\/\\\/www.miamibeachfl.gov\\\/wp-content\\\/uploads\\\/2021\\\/06\\\/Picture1.png\",\"contentUrl\":\"http:\\\/\\\/www.miamibeachfl.gov\\\/wp-content\\\/uploads\\\/2021\\\/06\\\/Picture1.png\"},{\"@type\":\"BreadcrumbList\",\"@id\":\"https:\\\/\\\/www.miamibeachfl.gov\\\/spotlight\\\/june-2021\\\/#breadcrumb\",\"itemListElement\":[{\"@type\":\"ListItem\",\"position\":1,\"name\":\"Home\",\"item\":\"https:\\\/\\\/www.miamibeachfl.gov\\\/\"},{\"@type\":\"ListItem\",\"position\":2,\"name\":\"Business Newsletters and Spotlights\",\"item\":\"https:\\\/\\\/www.miamibeachfl.gov\\\/spotlight\\\/\"},{\"@type\":\"ListItem\",\"position\":3,\"name\":\"June 2021 Business Spotlight\"}]},{\"@type\":\"WebSite\",\"@id\":\"https:\\\/\\\/www.miamibeachfl.gov\\\/#website\",\"url\":\"https:\\\/\\\/www.miamibeachfl.gov\\\/\",\"name\":\"City of Miami Beach\",\"description\":\"The official website of the City of Miami Beach. Stay informed, find important information on city services, news, alerts, events, trolley routes, government employment and more.\",\"publisher\":{\"@id\":\"https:\\\/\\\/www.miamibeachfl.gov\\\/#organization\"},\"potentialAction\":[{\"@type\":\"SearchAction\",\"target\":{\"@type\":\"EntryPoint\",\"urlTemplate\":\"https:\\\/\\\/www.miamibeachfl.gov\\\/?s={search_term_string}\"},\"query-input\":{\"@type\":\"PropertyValueSpecification\",\"valueRequired\":true,\"valueName\":\"search_term_string\"}}],\"inLanguage\":\"ht\"},{\"@type\":\"Organization\",\"@id\":\"https:\\\/\\\/www.miamibeachfl.gov\\\/#organization\",\"name\":\"City of Miami Beach\",\"url\":\"https:\\\/\\\/www.miamibeachfl.gov\\\/\",\"logo\":{\"@type\":\"ImageObject\",\"inLanguage\":\"ht\",\"@id\":\"https:\\\/\\\/www.miamibeachfl.gov\\\/#\\\/schema\\\/logo\\\/image\\\/\",\"url\":\"https:\\\/\\\/www.miamibeachfl.gov\\\/wp-content\\\/uploads\\\/2022\\\/06\\\/miamibeach-logoblue.png\",\"contentUrl\":\"https:\\\/\\\/www.miamibeachfl.gov\\\/wp-content\\\/uploads\\\/2022\\\/06\\\/miamibeach-logoblue.png\",\"width\":1962,\"height\":381,\"caption\":\"City of Miami Beach\"},\"image\":{\"@id\":\"https:\\\/\\\/www.miamibeachfl.gov\\\/#\\\/schema\\\/logo\\\/image\\\/\"},\"sameAs\":[\"https:\\\/\\\/www.facebook.com\\\/cityofmiamibeach\",\"https:\\\/\\\/x.com\\\/Miamibeachnews\",\"https:\\\/\\\/www.instagram.com\\\/miamibeachnews\\\/\"],\"description\":\"The official website of the City of Miami Beach. Stay informed, find important information on city services, news, alerts, events, trolley routes, government employment and more.\",\"telephone\":\"305.604.CITY(2489)\",\"legalName\":\"City of Miami Beach\"}]}<\/script>\n<!-- \/ Yoast SEO Premium plugin. -->","yoast_head_json":{"title":"Jen 2021 Anons Spesyal sou Biznis - Vil Miami Beach","description":"%","robots":{"index":"index","follow":"follow","max-snippet":"max-snippet:-1","max-image-preview":"max-image-preview:large","max-video-preview":"max-video-preview:-1"},"canonical":"https:\/\/www.miamibeachfl.gov\/ht\/spotlight\/june-2021\/","og_locale":"ht_HT","og_type":"article","og_title":"June 2021 Business Spotlight","og_description":"%","og_url":"https:\/\/www.miamibeachfl.gov\/ht\/spotlight\/june-2021\/","og_site_name":"City of Miami Beach","article_publisher":"https:\/\/www.facebook.com\/cityofmiamibeach","article_modified_time":"2025-06-03T02:04:01+00:00","og_image":[{"url":"http:\/\/www.miamibeachfl.gov\/wp-content\/uploads\/2021\/06\/Picture1.png","type":"","width":"","height":""}],"twitter_card":"summary_large_image","twitter_site":"@Miamibeachnews","schema":{"@context":"https:\/\/schema.org","@graph":[{"@type":"WebPage","@id":"https:\/\/www.miamibeachfl.gov\/spotlight\/june-2021\/","url":"https:\/\/www.miamibeachfl.gov\/spotlight\/june-2021\/","name":"Jen 2021 Anons Spesyal sou Biznis - Vil Miami Beach","isPartOf":{"@id":"https:\/\/www.miamibeachfl.gov\/#website"},"primaryImageOfPage":{"@id":"https:\/\/www.miamibeachfl.gov\/spotlight\/june-2021\/#primaryimage"},"image":{"@id":"https:\/\/www.miamibeachfl.gov\/spotlight\/june-2021\/#primaryimage"},"thumbnailUrl":"http:\/\/www.miamibeachfl.gov\/wp-content\/uploads\/2021\/06\/Picture1.png","datePublished":"2021-05-19T14:39:03+00:00","dateModified":"2025-06-03T02:04:01+00:00","description":"%","breadcrumb":{"@id":"https:\/\/www.miamibeachfl.gov\/spotlight\/june-2021\/#breadcrumb"},"inLanguage":"ht","potentialAction":[{"@type":"ReadAction","target":["https:\/\/www.miamibeachfl.gov\/spotlight\/june-2021\/"]}]},{"@type":"ImageObject","inLanguage":"ht","@id":"https:\/\/www.miamibeachfl.gov\/spotlight\/june-2021\/#primaryimage","url":"http:\/\/www.miamibeachfl.gov\/wp-content\/uploads\/2021\/06\/Picture1.png","contentUrl":"http:\/\/www.miamibeachfl.gov\/wp-content\/uploads\/2021\/06\/Picture1.png"},{"@type":"BreadcrumbList","@id":"https:\/\/www.miamibeachfl.gov\/spotlight\/june-2021\/#breadcrumb","itemListElement":[{"@type":"ListItem","position":1,"name":"Home","item":"https:\/\/www.miamibeachfl.gov\/"},{"@type":"ListItem","position":2,"name":"Business Newsletters and Spotlights","item":"https:\/\/www.miamibeachfl.gov\/spotlight\/"},{"@type":"ListItem","position":3,"name":"June 2021 Business Spotlight"}]},{"@type":"WebSite","@id":"https:\/\/www.miamibeachfl.gov\/#website","url":"https:\/\/www.miamibeachfl.gov\/","name":"Vil Miami Beach","description":"Sitw\u00e8b ofisy\u00e8l Vil Miami Beach la. Rete enf\u00f2me, jwenn enf\u00f2masyon enp\u00f2tan sou s\u00e8vis vil la, nouv\u00e8l, al\u00e8t, ev\u00e8nman, wout tramway, travay gouv\u00e8nman an ak plis ank\u00f2.","publisher":{"@id":"https:\/\/www.miamibeachfl.gov\/#organization"},"potentialAction":[{"@type":"SearchAction","target":{"@type":"EntryPoint","urlTemplate":"https:\/\/www.miamibeachfl.gov\/?s={search_term_string}"},"query-input":{"@type":"PropertyValueSpecification","valueRequired":true,"valueName":"search_term_string"}}],"inLanguage":"ht"},{"@type":"Organization","@id":"https:\/\/www.miamibeachfl.gov\/#organization","name":"Vil Miami Beach","url":"https:\/\/www.miamibeachfl.gov\/","logo":{"@type":"ImageObject","inLanguage":"ht","@id":"https:\/\/www.miamibeachfl.gov\/#\/schema\/logo\/image\/","url":"https:\/\/www.miamibeachfl.gov\/wp-content\/uploads\/2022\/06\/miamibeach-logoblue.png","contentUrl":"https:\/\/www.miamibeachfl.gov\/wp-content\/uploads\/2022\/06\/miamibeach-logoblue.png","width":1962,"height":381,"caption":"City of Miami Beach"},"image":{"@id":"https:\/\/www.miamibeachfl.gov\/#\/schema\/logo\/image\/"},"sameAs":["https:\/\/www.facebook.com\/cityofmiamibeach","https:\/\/x.com\/Miamibeachnews","https:\/\/www.instagram.com\/miamibeachnews\/"],"description":"Sitw\u00e8b ofisy\u00e8l Vil Miami Beach la. Rete enf\u00f2me, jwenn enf\u00f2masyon enp\u00f2tan sou s\u00e8vis vil la, nouv\u00e8l, al\u00e8t, ev\u00e8nman, wout tramway, travay gouv\u00e8nman an ak plis ank\u00f2.","telephone":"305.604.CITY(2489)","legalName":"City of Miami Beach"}]}},"_links":{"self":[{"href":"https:\/\/www.miamibeachfl.gov\/ht\/wp-json\/wp\/v2\/pages\/159904","targetHints":{"allow":["GET"]}}],"collection":[{"href":"https:\/\/www.miamibeachfl.gov\/ht\/wp-json\/wp\/v2\/pages"}],"about":[{"href":"https:\/\/www.miamibeachfl.gov\/ht\/wp-json\/wp\/v2\/types\/page"}],"author":[{"embeddable":true,"href":"https:\/\/www.miamibeachfl.gov\/ht\/wp-json\/wp\/v2\/users\/222"}],"replies":[{"embeddable":true,"href":"https:\/\/www.miamibeachfl.gov\/ht\/wp-json\/wp\/v2\/comments?post=159904"}],"version-history":[{"count":1,"href":"https:\/\/www.miamibeachfl.gov\/ht\/wp-json\/wp\/v2\/pages\/159904\/revisions"}],"predecessor-version":[{"id":375062,"href":"https:\/\/www.miamibeachfl.gov\/ht\/wp-json\/wp\/v2\/pages\/159904\/revisions\/375062"}],"up":[{"embeddable":true,"href":"https:\/\/www.miamibeachfl.gov\/ht\/wp-json\/wp\/v2\/pages\/253255"}],"wp:attachment":[{"href":"https:\/\/www.miamibeachfl.gov\/ht\/wp-json\/wp\/v2\/media?parent=159904"}],"wp:term":[{"taxonomy":"category","embeddable":true,"href":"https:\/\/www.miamibeachfl.gov\/ht\/wp-json\/wp\/v2\/categories?post=159904"},{"taxonomy":"post_tag","embeddable":true,"href":"https:\/\/www.miamibeachfl.gov\/ht\/wp-json\/wp\/v2\/tags?post=159904"}],"curies":[{"name":"wp","href":"https:\/\/api.w.org\/{rel}","templated":true}]}}