{"id":166014,"date":"2021-08-10T08:56:38","date_gmt":"2021-08-10T12:56:38","guid":{"rendered":"http:\/\/www.miamibeachfl.gov\/?page_id=166014"},"modified":"2025-06-02T21:46:55","modified_gmt":"2025-06-03T01:46:55","slug":"august-2021-business-spotlight","status":"publish","type":"page","link":"https:\/\/www.miamibeachfl.gov\/ht\/spotlight\/august-2021-business-spotlight\/","title":{"rendered":"Out 2021 Biznis an ved\u00e8t"},"content":{"rendered":"<h5>\n\t\t<a href=\"https:\/\/www.miamibeachfl.gov\/ht\/mbbiznews\/\" title=\"Ab\u00f2ne isit la pou resevwa bilten biznis Vil la nan bwat resepsyon ou chak mwa.\"  target=\"_blank\"  rel=\"noopener\">\n\t\t\tAb\u00f2ne isit la pou resevwa bilten biznis Vil la nan bwat resepsyon ou chak mwa.\t\t<\/a>\n\t<\/h5>\n<h5>\n\t\t<a href=\"https:\/\/myemail.constantcontact.com\/Stay-connected-with-MB-Biz-.html?soid=1011085968389&#038;aid=369A5RHoy3U\" title=\"Bilten Biznis\"  target=\"_blank\"  rel=\"noopener\">\n\t\t\tBilten Biznis\t\t<\/a>\n\t<\/h5>\n<h3>\n\t\t\tAbiye Vitrin Vid yo ak Stil\t<\/h3>\n\t<p>Vil Miami Beach te relanse Pwogram Kouvri Devan Magazen Vid la nan yon ef\u00f2 kontiny\u00e8l pou amelyore aparans bilding kom\u00e8syal vid yo nan nivo lari a epi sip\u00f2te lokasyon espas kom\u00e8syal nan tout vil la.<\/p>\n<p>Inisyativ sa a, ki te lanse pou premye fwa an 2019, sip\u00f2te pwopriyet\u00e8, koutye, ajan imobilye ak administrat\u00e8 pwopriyete yo l\u00e8 li vlope vitrin magazen ki vid yo. <strong>gratis<\/strong> ak youn nan senk desen atistik pre-apwouve ke vil la apwouve.<\/p>\n\t\t\t\t<img decoding=\"async\" src=\"http:\/\/www.miamibeachfl.gov\/wp-content\/uploads\/2021\/08\/1.jpg\" alt=\"\" itemprop=\"image\" onerror=\"this.style.display='none'\" loading='lazy' \/>\n\t<p><em>Desen Kouv\u00e8ti Devan Magazen Apwouve<\/em><\/p>\n\t<p>Av\u00e8k \u00e8d ak kreyativite el\u00e8v ki soti nan Design and Architecture Senior High (DASH) yo, Vil Miami Beach te chwazi senk kons\u00e8p pou pwogram nan. El\u00e8v DASH yo se Analee Hyacinthe, Francisca Henrys, Isabella Enriguez, Sophia Gutierrez, ak Nicolas Finol. Kons\u00e8p yo reprezante lespri Miami Beach epi yo gen ladan yo eleman ke rezidan yo ak vizit\u00e8 yo renmen anpil.<\/p>\n\t\t\t\t<img decoding=\"async\" src=\"http:\/\/www.miamibeachfl.gov\/wp-content\/uploads\/2021\/08\/2.jpg\" alt=\"\" itemprop=\"image\" onerror=\"this.style.display='none'\" loading='lazy' \/>\n\t<p><em>An patenarya av\u00e8k Lincoln Road BID la, vil la te kapab rekrite pwopriyete pou patisipe nan pwogram nan, tankou sa a nan 1115 Lincoln Rd.<\/em><\/p>\n\t<p>Poukisa pwopriyet\u00e8 yo ta dwe enterese? Atrav\u00e8 pwogram sa a, pwopriyet\u00e8 espas kom\u00e8syal ki gen vitrin nan nivo t\u00e8 a ka revitalize espas vid yo l\u00e8 yo anbeli vitrin ak p\u00f2t ki vid pou ankouraje espas lokat\u00e8 ki disponib oswa ki pa byen itilize.<\/p>\n<p>Pwogram nan pa s\u00e8lman amelyore aparans pwopriyete a ak cham li, men li kapab tou atire lokat\u00e8 potansy\u00e8l epi ogmante posibilite pou pwopriyete a vann.<\/p>\n<p>Pwopriyete k ap patisipe yo ap gen yon avek sticker koutye a byen vizib sou vit la av\u00e8k tout enf\u00f2masyon kontak lokasyon pou lokat\u00e8 potansy\u00e8l yo. San bliye, kouv\u00e8ti fen\u00e8t sa yo... <strong>gratis<\/strong> pou pwopriyet\u00e8 yo! Tout depans pou enstale anbalaj yo peye pa Vil Miami Beach selon finansman an.<\/p>\n\t\t\t\t<img decoding=\"async\" src=\"http:\/\/www.miamibeachfl.gov\/wp-content\/uploads\/2021\/08\/3.jpg\" alt=\"\" itemprop=\"image\" onerror=\"this.style.display='none'\" loading='lazy' \/>\n\t<p><em>Vitrin magazen vid abiye pou enpresyone nan Mid Beach<\/em><\/p>\n\t\t\t\t<img decoding=\"async\" src=\"http:\/\/www.miamibeachfl.gov\/wp-content\/uploads\/2021\/08\/4.jpg\" alt=\"4\" itemprop=\"image\" title=\"4\" onerror=\"this.style.display='none'\" loading='lazy' \/>\n\t<p><em>Ou ka jwenn desen sa a, \u00f2ganize pa Nicolas Finol, nan kwen 1651 Washington Ave.<\/em><\/p>\n\t<p>Jiska prezan, 31 pwopriyete nan tout Miami Beach te patisipe nan pwogram nan. Yo ankouraje pwopriyet\u00e8\/jesyon\u00e8 ak koutye pwopriyete ki enterese yo pou yo pwofite pwogram gratis sa a pandan finansman an disponib.<\/p>\n<p>Klike <strong><a href=\"https:\/\/www.miamibeachfl.gov\/wp-content\/uploads\/2021\/05\/DashPacketFillable.pdf\">isit la<\/a><\/strong> pou aprann plis bagay sou pwogram nan, ak kijan pou k\u00f2manse. Koutye, ajan imobilye, pwopriyet\u00e8 ak administrat\u00e8 pwopriyete ki enterese yo ta dwe <a href=\"https:\/\/www.miamibeachfl.gov\/wp-content\/uploads\/2021\/05\/DashPacketFillable.pdf\"><strong>aplike isit la<\/strong><\/a> epi voye aplikasyon an n\u00e8t pa im\u00e8l bay <strong><a href=\"mailto:Mbbiz@miamibeachfl.gov\/\">Mbbiz@miamibeachfl.gov<\/a>.<\/strong><\/p>\n<p>Ou ka adrese kesyon ou genyen sou pwogram nan bay Amber Tarrac, Direkt\u00e8 Adjwen Devlopman Ekonomik nan <strong><a href=\"mailto:ambertarrac@miamibeachfl.gov\">ambertarrac@miamibeachfl.gov<\/a>.<\/strong><\/p>","protected":false},"excerpt":{"rendered":"<p>Subscribe here to receive the City&#8217;s business newsletter to your inbox monthly. Business Newsletter Dressing Empty Storefronts in Style The [&hellip;]<\/p>\n","protected":false},"author":222,"featured_media":0,"parent":253255,"menu_order":0,"comment_status":"closed","ping_status":"closed","template":"","meta":{"_searchwp_excluded":"","site-sidebar-layout":"default","site-content-layout":"","ast-site-content-layout":"default","site-content-style":"default","site-sidebar-style":"default","ast-global-header-display":"","ast-banner-title-visibility":"","ast-main-header-display":"","ast-hfb-above-header-display":"","ast-hfb-below-header-display":"","ast-hfb-mobile-header-display":"","site-post-title":"","ast-breadcrumbs-content":"","ast-featured-img":"","footer-sml-layout":"","theme-transparent-header-meta":"","adv-header-id-meta":"","stick-header-meta":"","header-above-stick-meta":"","header-main-stick-meta":"","header-below-stick-meta":"","astra-migrate-meta-layouts":"default","ast-page-background-enabled":"default","ast-page-background-meta":{"desktop":{"background-color":"var(--ast-global-color-5)","background-image":"","background-repeat":"repeat","background-position":"center center","background-size":"auto","background-attachment":"scroll","background-type":"","background-media":"","overlay-type":"","overlay-color":"","overlay-opacity":"","overlay-gradient":""},"tablet":{"background-color":"","background-image":"","background-repeat":"repeat","background-position":"center center","background-size":"auto","background-attachment":"scroll","background-type":"","background-media":"","overlay-type":"","overlay-color":"","overlay-opacity":"","overlay-gradient":""},"mobile":{"background-color":"","background-image":"","background-repeat":"repeat","background-position":"center center","background-size":"auto","background-attachment":"scroll","background-type":"","background-media":"","overlay-type":"","overlay-color":"","overlay-opacity":"","overlay-gradient":""}},"ast-content-background-meta":{"desktop":{"background-color":"var(--ast-global-color-4)","background-image":"","background-repeat":"repeat","background-position":"center center","background-size":"auto","background-attachment":"scroll","background-type":"","background-media":"","overlay-type":"","overlay-color":"","overlay-opacity":"","overlay-gradient":""},"tablet":{"background-color":"var(--ast-global-color-4)","background-image":"","background-repeat":"repeat","background-position":"center center","background-size":"auto","background-attachment":"scroll","background-type":"","background-media":"","overlay-type":"","overlay-color":"","overlay-opacity":"","overlay-gradient":""},"mobile":{"background-color":"var(--ast-global-color-4)","background-image":"","background-repeat":"repeat","background-position":"center center","background-size":"auto","background-attachment":"scroll","background-type":"","background-media":"","overlay-type":"","overlay-color":"","overlay-opacity":"","overlay-gradient":""}},"footnotes":""},"categories":[],"tags":[],"class_list":["post-166014","page","type-page","status-publish","hentry"],"yoast_head":"<!-- This site is optimized with the Yoast SEO Premium plugin v27.4 (Yoast SEO v27.4) - https:\/\/yoast.com\/product\/yoast-seo-premium-wordpress\/ -->\n<title>August 2021 Business Spotlight - City of Miami Beach<\/title>\n<meta name=\"description\" content=\"%\" \/>\n<meta name=\"robots\" content=\"index, follow, max-snippet:-1, max-image-preview:large, max-video-preview:-1\" \/>\n<link rel=\"canonical\" href=\"https:\/\/www.miamibeachfl.gov\/ht\/spotlight\/august-2021-business-spotlight\/\" \/>\n<meta property=\"og:locale\" content=\"ht_HT\" \/>\n<meta property=\"og:type\" content=\"article\" \/>\n<meta property=\"og:title\" content=\"August 2021 Business Spotlight\" \/>\n<meta property=\"og:description\" content=\"%\" \/>\n<meta property=\"og:url\" content=\"https:\/\/www.miamibeachfl.gov\/ht\/spotlight\/august-2021-business-spotlight\/\" \/>\n<meta property=\"og:site_name\" content=\"City of Miami Beach\" \/>\n<meta property=\"article:publisher\" content=\"https:\/\/www.facebook.com\/cityofmiamibeach\" \/>\n<meta property=\"article:modified_time\" content=\"2025-06-03T01:46:55+00:00\" \/>\n<meta property=\"og:image\" content=\"http:\/\/www.miamibeachfl.gov\/wp-content\/uploads\/2021\/08\/1.jpg\" \/>\n<meta name=\"twitter:card\" content=\"summary_large_image\" \/>\n<meta name=\"twitter:site\" content=\"@Miamibeachnews\" \/>\n<script type=\"application\/ld+json\" class=\"yoast-schema-graph\">{\"@context\":\"https:\\\/\\\/schema.org\",\"@graph\":[{\"@type\":\"WebPage\",\"@id\":\"https:\\\/\\\/www.miamibeachfl.gov\\\/spotlight\\\/august-2021-business-spotlight\\\/\",\"url\":\"https:\\\/\\\/www.miamibeachfl.gov\\\/spotlight\\\/august-2021-business-spotlight\\\/\",\"name\":\"August 2021 Business Spotlight - City of Miami Beach\",\"isPartOf\":{\"@id\":\"https:\\\/\\\/www.miamibeachfl.gov\\\/#website\"},\"primaryImageOfPage\":{\"@id\":\"https:\\\/\\\/www.miamibeachfl.gov\\\/spotlight\\\/august-2021-business-spotlight\\\/#primaryimage\"},\"image\":{\"@id\":\"https:\\\/\\\/www.miamibeachfl.gov\\\/spotlight\\\/august-2021-business-spotlight\\\/#primaryimage\"},\"thumbnailUrl\":\"http:\\\/\\\/www.miamibeachfl.gov\\\/wp-content\\\/uploads\\\/2021\\\/08\\\/1.jpg\",\"datePublished\":\"2021-08-10T12:56:38+00:00\",\"dateModified\":\"2025-06-03T01:46:55+00:00\",\"description\":\"%\",\"breadcrumb\":{\"@id\":\"https:\\\/\\\/www.miamibeachfl.gov\\\/spotlight\\\/august-2021-business-spotlight\\\/#breadcrumb\"},\"inLanguage\":\"ht\",\"potentialAction\":[{\"@type\":\"ReadAction\",\"target\":[\"https:\\\/\\\/www.miamibeachfl.gov\\\/spotlight\\\/august-2021-business-spotlight\\\/\"]}]},{\"@type\":\"ImageObject\",\"inLanguage\":\"ht\",\"@id\":\"https:\\\/\\\/www.miamibeachfl.gov\\\/spotlight\\\/august-2021-business-spotlight\\\/#primaryimage\",\"url\":\"http:\\\/\\\/www.miamibeachfl.gov\\\/wp-content\\\/uploads\\\/2021\\\/08\\\/1.jpg\",\"contentUrl\":\"http:\\\/\\\/www.miamibeachfl.gov\\\/wp-content\\\/uploads\\\/2021\\\/08\\\/1.jpg\"},{\"@type\":\"BreadcrumbList\",\"@id\":\"https:\\\/\\\/www.miamibeachfl.gov\\\/spotlight\\\/august-2021-business-spotlight\\\/#breadcrumb\",\"itemListElement\":[{\"@type\":\"ListItem\",\"position\":1,\"name\":\"Home\",\"item\":\"https:\\\/\\\/www.miamibeachfl.gov\\\/\"},{\"@type\":\"ListItem\",\"position\":2,\"name\":\"Business Newsletters and Spotlights\",\"item\":\"https:\\\/\\\/www.miamibeachfl.gov\\\/spotlight\\\/\"},{\"@type\":\"ListItem\",\"position\":3,\"name\":\"August 2021 Business Spotlight\"}]},{\"@type\":\"WebSite\",\"@id\":\"https:\\\/\\\/www.miamibeachfl.gov\\\/#website\",\"url\":\"https:\\\/\\\/www.miamibeachfl.gov\\\/\",\"name\":\"City of Miami Beach\",\"description\":\"The official website of the City of Miami Beach. Stay informed, find important information on city services, news, alerts, events, trolley routes, government employment and more.\",\"publisher\":{\"@id\":\"https:\\\/\\\/www.miamibeachfl.gov\\\/#organization\"},\"potentialAction\":[{\"@type\":\"SearchAction\",\"target\":{\"@type\":\"EntryPoint\",\"urlTemplate\":\"https:\\\/\\\/www.miamibeachfl.gov\\\/?s={search_term_string}\"},\"query-input\":{\"@type\":\"PropertyValueSpecification\",\"valueRequired\":true,\"valueName\":\"search_term_string\"}}],\"inLanguage\":\"ht\"},{\"@type\":\"Organization\",\"@id\":\"https:\\\/\\\/www.miamibeachfl.gov\\\/#organization\",\"name\":\"City of Miami Beach\",\"url\":\"https:\\\/\\\/www.miamibeachfl.gov\\\/\",\"logo\":{\"@type\":\"ImageObject\",\"inLanguage\":\"ht\",\"@id\":\"https:\\\/\\\/www.miamibeachfl.gov\\\/#\\\/schema\\\/logo\\\/image\\\/\",\"url\":\"https:\\\/\\\/www.miamibeachfl.gov\\\/wp-content\\\/uploads\\\/2022\\\/06\\\/miamibeach-logoblue.png\",\"contentUrl\":\"https:\\\/\\\/www.miamibeachfl.gov\\\/wp-content\\\/uploads\\\/2022\\\/06\\\/miamibeach-logoblue.png\",\"width\":1962,\"height\":381,\"caption\":\"City of Miami Beach\"},\"image\":{\"@id\":\"https:\\\/\\\/www.miamibeachfl.gov\\\/#\\\/schema\\\/logo\\\/image\\\/\"},\"sameAs\":[\"https:\\\/\\\/www.facebook.com\\\/cityofmiamibeach\",\"https:\\\/\\\/x.com\\\/Miamibeachnews\",\"https:\\\/\\\/www.instagram.com\\\/miamibeachnews\\\/\"],\"description\":\"The official website of the City of Miami Beach. Stay informed, find important information on city services, news, alerts, events, trolley routes, government employment and more.\",\"telephone\":\"305.604.CITY(2489)\",\"legalName\":\"City of Miami Beach\"}]}<\/script>\n<!-- \/ Yoast SEO Premium plugin. -->","yoast_head_json":{"title":"Out 2021 Anons Spesyal Biznis - Vil Miami Beach","description":"%","robots":{"index":"index","follow":"follow","max-snippet":"max-snippet:-1","max-image-preview":"max-image-preview:large","max-video-preview":"max-video-preview:-1"},"canonical":"https:\/\/www.miamibeachfl.gov\/ht\/spotlight\/august-2021-business-spotlight\/","og_locale":"ht_HT","og_type":"article","og_title":"August 2021 Business Spotlight","og_description":"%","og_url":"https:\/\/www.miamibeachfl.gov\/ht\/spotlight\/august-2021-business-spotlight\/","og_site_name":"City of Miami Beach","article_publisher":"https:\/\/www.facebook.com\/cityofmiamibeach","article_modified_time":"2025-06-03T01:46:55+00:00","og_image":[{"url":"http:\/\/www.miamibeachfl.gov\/wp-content\/uploads\/2021\/08\/1.jpg","type":"","width":"","height":""}],"twitter_card":"summary_large_image","twitter_site":"@Miamibeachnews","schema":{"@context":"https:\/\/schema.org","@graph":[{"@type":"WebPage","@id":"https:\/\/www.miamibeachfl.gov\/spotlight\/august-2021-business-spotlight\/","url":"https:\/\/www.miamibeachfl.gov\/spotlight\/august-2021-business-spotlight\/","name":"Out 2021 Anons Spesyal Biznis - Vil Miami Beach","isPartOf":{"@id":"https:\/\/www.miamibeachfl.gov\/#website"},"primaryImageOfPage":{"@id":"https:\/\/www.miamibeachfl.gov\/spotlight\/august-2021-business-spotlight\/#primaryimage"},"image":{"@id":"https:\/\/www.miamibeachfl.gov\/spotlight\/august-2021-business-spotlight\/#primaryimage"},"thumbnailUrl":"http:\/\/www.miamibeachfl.gov\/wp-content\/uploads\/2021\/08\/1.jpg","datePublished":"2021-08-10T12:56:38+00:00","dateModified":"2025-06-03T01:46:55+00:00","description":"%","breadcrumb":{"@id":"https:\/\/www.miamibeachfl.gov\/spotlight\/august-2021-business-spotlight\/#breadcrumb"},"inLanguage":"ht","potentialAction":[{"@type":"ReadAction","target":["https:\/\/www.miamibeachfl.gov\/spotlight\/august-2021-business-spotlight\/"]}]},{"@type":"ImageObject","inLanguage":"ht","@id":"https:\/\/www.miamibeachfl.gov\/spotlight\/august-2021-business-spotlight\/#primaryimage","url":"http:\/\/www.miamibeachfl.gov\/wp-content\/uploads\/2021\/08\/1.jpg","contentUrl":"http:\/\/www.miamibeachfl.gov\/wp-content\/uploads\/2021\/08\/1.jpg"},{"@type":"BreadcrumbList","@id":"https:\/\/www.miamibeachfl.gov\/spotlight\/august-2021-business-spotlight\/#breadcrumb","itemListElement":[{"@type":"ListItem","position":1,"name":"Home","item":"https:\/\/www.miamibeachfl.gov\/"},{"@type":"ListItem","position":2,"name":"Business Newsletters and Spotlights","item":"https:\/\/www.miamibeachfl.gov\/spotlight\/"},{"@type":"ListItem","position":3,"name":"August 2021 Business Spotlight"}]},{"@type":"WebSite","@id":"https:\/\/www.miamibeachfl.gov\/#website","url":"https:\/\/www.miamibeachfl.gov\/","name":"Vil Miami Beach","description":"Sitw\u00e8b ofisy\u00e8l Vil Miami Beach la. Rete enf\u00f2me, jwenn enf\u00f2masyon enp\u00f2tan sou s\u00e8vis vil la, nouv\u00e8l, al\u00e8t, ev\u00e8nman, wout tramway, travay gouv\u00e8nman an ak plis ank\u00f2.","publisher":{"@id":"https:\/\/www.miamibeachfl.gov\/#organization"},"potentialAction":[{"@type":"SearchAction","target":{"@type":"EntryPoint","urlTemplate":"https:\/\/www.miamibeachfl.gov\/?s={search_term_string}"},"query-input":{"@type":"PropertyValueSpecification","valueRequired":true,"valueName":"search_term_string"}}],"inLanguage":"ht"},{"@type":"Organization","@id":"https:\/\/www.miamibeachfl.gov\/#organization","name":"Vil Miami Beach","url":"https:\/\/www.miamibeachfl.gov\/","logo":{"@type":"ImageObject","inLanguage":"ht","@id":"https:\/\/www.miamibeachfl.gov\/#\/schema\/logo\/image\/","url":"https:\/\/www.miamibeachfl.gov\/wp-content\/uploads\/2022\/06\/miamibeach-logoblue.png","contentUrl":"https:\/\/www.miamibeachfl.gov\/wp-content\/uploads\/2022\/06\/miamibeach-logoblue.png","width":1962,"height":381,"caption":"City of Miami Beach"},"image":{"@id":"https:\/\/www.miamibeachfl.gov\/#\/schema\/logo\/image\/"},"sameAs":["https:\/\/www.facebook.com\/cityofmiamibeach","https:\/\/x.com\/Miamibeachnews","https:\/\/www.instagram.com\/miamibeachnews\/"],"description":"Sitw\u00e8b ofisy\u00e8l Vil Miami Beach la. Rete enf\u00f2me, jwenn enf\u00f2masyon enp\u00f2tan sou s\u00e8vis vil la, nouv\u00e8l, al\u00e8t, ev\u00e8nman, wout tramway, travay gouv\u00e8nman an ak plis ank\u00f2.","telephone":"305.604.CITY(2489)","legalName":"City of Miami Beach"}]}},"_links":{"self":[{"href":"https:\/\/www.miamibeachfl.gov\/ht\/wp-json\/wp\/v2\/pages\/166014","targetHints":{"allow":["GET"]}}],"collection":[{"href":"https:\/\/www.miamibeachfl.gov\/ht\/wp-json\/wp\/v2\/pages"}],"about":[{"href":"https:\/\/www.miamibeachfl.gov\/ht\/wp-json\/wp\/v2\/types\/page"}],"author":[{"embeddable":true,"href":"https:\/\/www.miamibeachfl.gov\/ht\/wp-json\/wp\/v2\/users\/222"}],"replies":[{"embeddable":true,"href":"https:\/\/www.miamibeachfl.gov\/ht\/wp-json\/wp\/v2\/comments?post=166014"}],"version-history":[{"count":1,"href":"https:\/\/www.miamibeachfl.gov\/ht\/wp-json\/wp\/v2\/pages\/166014\/revisions"}],"predecessor-version":[{"id":375037,"href":"https:\/\/www.miamibeachfl.gov\/ht\/wp-json\/wp\/v2\/pages\/166014\/revisions\/375037"}],"up":[{"embeddable":true,"href":"https:\/\/www.miamibeachfl.gov\/ht\/wp-json\/wp\/v2\/pages\/253255"}],"wp:attachment":[{"href":"https:\/\/www.miamibeachfl.gov\/ht\/wp-json\/wp\/v2\/media?parent=166014"}],"wp:term":[{"taxonomy":"category","embeddable":true,"href":"https:\/\/www.miamibeachfl.gov\/ht\/wp-json\/wp\/v2\/categories?post=166014"},{"taxonomy":"post_tag","embeddable":true,"href":"https:\/\/www.miamibeachfl.gov\/ht\/wp-json\/wp\/v2\/tags?post=166014"}],"curies":[{"name":"wp","href":"https:\/\/api.w.org\/{rel}","templated":true}]}}