{"id":172429,"date":"2021-11-09T09:26:43","date_gmt":"2021-11-09T14:26:43","guid":{"rendered":"http:\/\/www.miamibeachfl.gov\/?page_id=172429"},"modified":"2025-06-02T22:14:10","modified_gmt":"2025-06-03T02:14:10","slug":"november-2021-business-spotlight","status":"publish","type":"page","link":"https:\/\/www.miamibeachfl.gov\/ht\/spotlight\/november-2021-business-spotlight\/","title":{"rendered":"Novanm 2021 Anons Spesyal Biznis"},"content":{"rendered":"<h5>\n\t\t<a href=\"https:\/\/www.miamibeachfl.gov\/ht\/mbbiznews\/\" title=\"Ab\u00f2ne isit la pou resevwa bilten biznis Vil la nan bwat resepsyon ou chak mwa.\"  target=\"_blank\"  rel=\"noopener\">\n\t\t\tAb\u00f2ne isit la pou resevwa bilten biznis Vil la nan bwat resepsyon ou chak mwa.\t\t<\/a>\n\t<\/h5>\n<h5>\n\t\t<a href=\"https:\/\/myemail.constantcontact.com\/Stay-connected-with-MB-Biz-.html?soid=1011085968389&#038;aid=RvxKKzKVV9Q\" title=\"Bilten Biznis\"  target=\"_blank\"  rel=\"noopener\">\n\t\t\tBilten Biznis\t\t<\/a>\n\t<\/h5>\n<h3>\n\t\t\tHomeoffs gen pou objektif pou redefini kay ak espas travay.\t<\/h3>\n\t\t\t\t<img decoding=\"async\" src=\"http:\/\/www.miamibeachfl.gov\/wp-content\/uploads\/2021\/11\/1.jpg\" alt=\"1\" itemprop=\"image\" title=\"1\" onerror=\"this.style.display='none'\" loading='lazy' \/>\n\t<p><em>Homeoffs, ki sitiye nan Miami Beach, gen yon espas teras dey\u00f2 ki ka itilize pou ev\u00e8nman prive apre l\u00e8 travay.<\/em><\/p>\n\t<p>Pandemi COVID-19 la f\u00f2se anpil konpayi adopte solisyon travay lakay. Pou k\u00e8k moun, tranzisyon an ka dire. Youn nan avantaj konsiderab travay lakay se liks pou pa gen yon kote travay fiks, sa ki p\u00e8m\u00e8t travay\u00e8 ki travay a distans vwayaje pandan y ap kenbe kary\u00e8 yo. Men, e si ou twouve w ap vizite Sid Florid ki anba sol\u00e8y la epi ou bezwen yon \u00e8dtan trankilite pou w f\u00e8 reyinyon 1\u00e8 apr\u00e8midi a ak kliyan w, b\u00f2s ou oswa k\u00f2l\u00e8g ou a?<\/p>\n<p>Antre nan Homeoffs.<\/p>\n<p>Miami Beach kontan akeyi Homeoffs, yon klib konsy\u00e8j elit pou travay\u00e8 endepandan, antrepren\u00e8, pwofesyon\u00e8l k ap vwayaje ak travay\u00e8 a distans k ap ch\u00e8che chape anba distraksyon biwo lakay la oswa ba ji lokal la.<\/p>\n<p>Atrav\u00e8 mod\u00e8l li a ki baze sou manm, Homeoffs ofri biwo prive ak konf\u00f2tab ak sal konferans klere ke ou ka rezerve pa \u00e8dtan.<\/p>\n<p>Sitiye nan 1355 Alton Rd. nan Miami Beach, Homeoffs se yon kominote biznis eksklizif kote manm yo gen aks\u00e8 a espas travay mod\u00e8n ak prive, s\u00e8vis konsy\u00e8j, yon varyete pwogram ev\u00e8nman biznis ansanm ak op\u00f2tinite pou f\u00e8 rezo.<\/p>\n<p>\u201cTravay ap chanje jan nou konnen l lan. Anpil moun ap travay lakay kounye a epi travay lakay ka prezante pw\u00f2p defi ak distraksyon li yo,\u201d Pauline Nivens, direkt\u00e8 kominot\u00e8 Homeoffs, te eksplike. \u201cNou te vle bay kominote Miami Beach la yon solisyon pou pwobl\u00e8m sa yo.\u201d<\/p>\n<p>Youn nan pwen santral yo nan kreyasyon Homeoffs sete pou chanje anviw\u00f2nman antrepriz tradisyon\u00e8l la epi bay yon atmosf\u00e8 boutik, rilaks ak konf\u00f2tab kote travay ka f\u00e8t. Pwopriyete kwen 3,373 pye kare a gen ladan l 17 biwo prive ak bon ekleraj ansanm ak de sal konferans, ki ka rez\u00e8ve pou reyinyon gwoup.<\/p>\n\t\t\t\t<img decoding=\"async\" src=\"http:\/\/www.miamibeachfl.gov\/wp-content\/uploads\/2021\/11\/2.jpg\" alt=\"2\" itemprop=\"image\" title=\"2\" onerror=\"this.style.display='none'\" loading='lazy' \/>\n\t\t\t\t<img decoding=\"async\" src=\"http:\/\/www.miamibeachfl.gov\/wp-content\/uploads\/2021\/11\/3.jpg\" alt=\"3\" itemprop=\"image\" title=\"3\" onerror=\"this.style.display='none'\" loading='lazy' \/>\n\t<p><em>Manm yo ka rez\u00e8ve pw\u00f2p espas biwo prive yo oswa sal konferans yo atrav\u00e8 aplikasyon Homeoffs la.<\/em><\/p>\n\t<p>Kit ou nan vil la pou yon sem\u00e8n oswa jis pou k\u00e8k jou, Homeoffs ofri yon s\u00e8vis estil konsy\u00e8j ki ka mete ou okouran de d\u00e8nye ev\u00e8nman atistik ak kiltir\u00e8l nan vil la pou pwofite vizit ou a otank posib.<\/p>\n<p>Homeoffs ofri twa opsyon pou pwofesyon\u00e8l biznis yo. Manm Miami Beach Club la kouvri itilizasyon biwo ak aks\u00e8 a tout ekipman yo, ki gen ladan 20 \u00e8dtan espas biwo prive pa mwa.<\/p>\n<p>Manm Virtual Club la, ki f\u00e8t espesyalman pou vizit\u00e8 Miami Beach yo, ofri yon adr\u00e8s biznis nan Miami Beach kote manm yo ka resevwa lap\u00f2s biznis. Itilizat\u00e8 yo ka amelyore tanpor\u00e8man pou vin Manm Miami Beach Club la nenp\u00f2t l\u00e8 yo vin an vil la ak yon pri rab\u00e8.<\/p>\n<p>Ou pa s\u00e8ten si w pare pou angaje w nan yon manm kounye a, men ou ta renmen aprann plis bagay sou Homeoffs? Ou ka vini san randevou tou pou yon to \u00e8dtan. Ou ka f\u00e8 tout manm ak rez\u00e8vasyon atrav\u00e8 aplikasyon Homeoffs la, ki disponib pou telechaje nan magazen aplikasyon iOS la.<\/p>\n<p>\u201cVini vizite lokal la, vin w\u00e8 espas la ak tout sa nou gen pou ofri,\u201d Nivens te ajoute. \u201cW ap remake li akeyan menm jan ak lakay ou, san ent\u00e8ripsyon yo.\u201d<\/p>\n<p>Homeoffs se yon gwo op\u00f2tinite tou pou rezidan Miami Beach ak antrepren\u00e8 yo konekte youn ak l\u00f2t epi bati relasyon pwofesyon\u00e8l solid nan kominote a. Homeoffs gen div\u00e8s kalite klib biznis pou akomode tout kalite itilizat\u00e8 k ap ch\u00e8che tout bagay, soti nan espas biwo prive rive nan s\u00e8vis konsy\u00e8j VIP.<\/p>\n<p>Klike <strong><a href=\"https:\/\/homeoffs.com\/\">isit la<\/a> <\/strong>pou plis enf\u00f2masyon sou Homeoffs nan 1355 Alton Rd. oubyen pou pran yon randevou pou yon vizit.<\/p>","protected":false},"excerpt":{"rendered":"<p>Subscribe here to receive the City&#8217;s business newsletter to your inbox monthly. Business Newsletter Homeoffs Aims to Redefine Home and [&hellip;]<\/p>\n","protected":false},"author":222,"featured_media":0,"parent":253255,"menu_order":0,"comment_status":"closed","ping_status":"closed","template":"","meta":{"_searchwp_excluded":"","site-sidebar-layout":"default","site-content-layout":"","ast-site-content-layout":"default","site-content-style":"default","site-sidebar-style":"default","ast-global-header-display":"","ast-banner-title-visibility":"","ast-main-header-display":"","ast-hfb-above-header-display":"","ast-hfb-below-header-display":"","ast-hfb-mobile-header-display":"","site-post-title":"","ast-breadcrumbs-content":"","ast-featured-img":"","footer-sml-layout":"","theme-transparent-header-meta":"","adv-header-id-meta":"","stick-header-meta":"","header-above-stick-meta":"","header-main-stick-meta":"","header-below-stick-meta":"","astra-migrate-meta-layouts":"default","ast-page-background-enabled":"default","ast-page-background-meta":{"desktop":{"background-color":"var(--ast-global-color-5)","background-image":"","background-repeat":"repeat","background-position":"center center","background-size":"auto","background-attachment":"scroll","background-type":"","background-media":"","overlay-type":"","overlay-color":"","overlay-opacity":"","overlay-gradient":""},"tablet":{"background-color":"","background-image":"","background-repeat":"repeat","background-position":"center center","background-size":"auto","background-attachment":"scroll","background-type":"","background-media":"","overlay-type":"","overlay-color":"","overlay-opacity":"","overlay-gradient":""},"mobile":{"background-color":"","background-image":"","background-repeat":"repeat","background-position":"center center","background-size":"auto","background-attachment":"scroll","background-type":"","background-media":"","overlay-type":"","overlay-color":"","overlay-opacity":"","overlay-gradient":""}},"ast-content-background-meta":{"desktop":{"background-color":"var(--ast-global-color-4)","background-image":"","background-repeat":"repeat","background-position":"center center","background-size":"auto","background-attachment":"scroll","background-type":"","background-media":"","overlay-type":"","overlay-color":"","overlay-opacity":"","overlay-gradient":""},"tablet":{"background-color":"var(--ast-global-color-4)","background-image":"","background-repeat":"repeat","background-position":"center center","background-size":"auto","background-attachment":"scroll","background-type":"","background-media":"","overlay-type":"","overlay-color":"","overlay-opacity":"","overlay-gradient":""},"mobile":{"background-color":"var(--ast-global-color-4)","background-image":"","background-repeat":"repeat","background-position":"center center","background-size":"auto","background-attachment":"scroll","background-type":"","background-media":"","overlay-type":"","overlay-color":"","overlay-opacity":"","overlay-gradient":""}},"footnotes":""},"categories":[],"tags":[],"class_list":["post-172429","page","type-page","status-publish","hentry"],"yoast_head":"<!-- This site is optimized with the Yoast SEO Premium plugin v27.4 (Yoast SEO v27.4) - https:\/\/yoast.com\/product\/yoast-seo-premium-wordpress\/ -->\n<title>November 2021 Business Spotlight - City of Miami Beach<\/title>\n<meta name=\"description\" content=\"%\" \/>\n<meta name=\"robots\" content=\"index, follow, max-snippet:-1, max-image-preview:large, max-video-preview:-1\" \/>\n<link rel=\"canonical\" href=\"https:\/\/www.miamibeachfl.gov\/ht\/spotlight\/november-2021-business-spotlight\/\" \/>\n<meta property=\"og:locale\" content=\"ht_HT\" \/>\n<meta property=\"og:type\" content=\"article\" \/>\n<meta property=\"og:title\" content=\"November 2021 Business Spotlight\" \/>\n<meta property=\"og:description\" content=\"%\" \/>\n<meta property=\"og:url\" content=\"https:\/\/www.miamibeachfl.gov\/ht\/spotlight\/november-2021-business-spotlight\/\" \/>\n<meta property=\"og:site_name\" content=\"City of Miami Beach\" \/>\n<meta property=\"article:publisher\" content=\"https:\/\/www.facebook.com\/cityofmiamibeach\" \/>\n<meta property=\"article:modified_time\" content=\"2025-06-03T02:14:10+00:00\" \/>\n<meta property=\"og:image\" content=\"http:\/\/www.miamibeachfl.gov\/wp-content\/uploads\/2021\/11\/1.jpg\" \/>\n<meta name=\"twitter:card\" content=\"summary_large_image\" \/>\n<meta name=\"twitter:site\" content=\"@Miamibeachnews\" \/>\n<script type=\"application\/ld+json\" class=\"yoast-schema-graph\">{\"@context\":\"https:\\\/\\\/schema.org\",\"@graph\":[{\"@type\":\"WebPage\",\"@id\":\"https:\\\/\\\/www.miamibeachfl.gov\\\/spotlight\\\/november-2021-business-spotlight\\\/\",\"url\":\"https:\\\/\\\/www.miamibeachfl.gov\\\/spotlight\\\/november-2021-business-spotlight\\\/\",\"name\":\"November 2021 Business Spotlight - City of Miami Beach\",\"isPartOf\":{\"@id\":\"https:\\\/\\\/www.miamibeachfl.gov\\\/#website\"},\"primaryImageOfPage\":{\"@id\":\"https:\\\/\\\/www.miamibeachfl.gov\\\/spotlight\\\/november-2021-business-spotlight\\\/#primaryimage\"},\"image\":{\"@id\":\"https:\\\/\\\/www.miamibeachfl.gov\\\/spotlight\\\/november-2021-business-spotlight\\\/#primaryimage\"},\"thumbnailUrl\":\"http:\\\/\\\/www.miamibeachfl.gov\\\/wp-content\\\/uploads\\\/2021\\\/11\\\/1.jpg\",\"datePublished\":\"2021-11-09T14:26:43+00:00\",\"dateModified\":\"2025-06-03T02:14:10+00:00\",\"description\":\"%\",\"breadcrumb\":{\"@id\":\"https:\\\/\\\/www.miamibeachfl.gov\\\/spotlight\\\/november-2021-business-spotlight\\\/#breadcrumb\"},\"inLanguage\":\"ht\",\"potentialAction\":[{\"@type\":\"ReadAction\",\"target\":[\"https:\\\/\\\/www.miamibeachfl.gov\\\/spotlight\\\/november-2021-business-spotlight\\\/\"]}]},{\"@type\":\"ImageObject\",\"inLanguage\":\"ht\",\"@id\":\"https:\\\/\\\/www.miamibeachfl.gov\\\/spotlight\\\/november-2021-business-spotlight\\\/#primaryimage\",\"url\":\"http:\\\/\\\/www.miamibeachfl.gov\\\/wp-content\\\/uploads\\\/2021\\\/11\\\/1.jpg\",\"contentUrl\":\"http:\\\/\\\/www.miamibeachfl.gov\\\/wp-content\\\/uploads\\\/2021\\\/11\\\/1.jpg\"},{\"@type\":\"BreadcrumbList\",\"@id\":\"https:\\\/\\\/www.miamibeachfl.gov\\\/spotlight\\\/november-2021-business-spotlight\\\/#breadcrumb\",\"itemListElement\":[{\"@type\":\"ListItem\",\"position\":1,\"name\":\"Home\",\"item\":\"https:\\\/\\\/www.miamibeachfl.gov\\\/\"},{\"@type\":\"ListItem\",\"position\":2,\"name\":\"Business Newsletters and Spotlights\",\"item\":\"https:\\\/\\\/www.miamibeachfl.gov\\\/spotlight\\\/\"},{\"@type\":\"ListItem\",\"position\":3,\"name\":\"November 2021 Business Spotlight\"}]},{\"@type\":\"WebSite\",\"@id\":\"https:\\\/\\\/www.miamibeachfl.gov\\\/#website\",\"url\":\"https:\\\/\\\/www.miamibeachfl.gov\\\/\",\"name\":\"City of Miami Beach\",\"description\":\"The official website of the City of Miami Beach. Stay informed, find important information on city services, news, alerts, events, trolley routes, government employment and more.\",\"publisher\":{\"@id\":\"https:\\\/\\\/www.miamibeachfl.gov\\\/#organization\"},\"potentialAction\":[{\"@type\":\"SearchAction\",\"target\":{\"@type\":\"EntryPoint\",\"urlTemplate\":\"https:\\\/\\\/www.miamibeachfl.gov\\\/?s={search_term_string}\"},\"query-input\":{\"@type\":\"PropertyValueSpecification\",\"valueRequired\":true,\"valueName\":\"search_term_string\"}}],\"inLanguage\":\"ht\"},{\"@type\":\"Organization\",\"@id\":\"https:\\\/\\\/www.miamibeachfl.gov\\\/#organization\",\"name\":\"City of Miami Beach\",\"url\":\"https:\\\/\\\/www.miamibeachfl.gov\\\/\",\"logo\":{\"@type\":\"ImageObject\",\"inLanguage\":\"ht\",\"@id\":\"https:\\\/\\\/www.miamibeachfl.gov\\\/#\\\/schema\\\/logo\\\/image\\\/\",\"url\":\"https:\\\/\\\/www.miamibeachfl.gov\\\/wp-content\\\/uploads\\\/2022\\\/06\\\/miamibeach-logoblue.png\",\"contentUrl\":\"https:\\\/\\\/www.miamibeachfl.gov\\\/wp-content\\\/uploads\\\/2022\\\/06\\\/miamibeach-logoblue.png\",\"width\":1962,\"height\":381,\"caption\":\"City of Miami Beach\"},\"image\":{\"@id\":\"https:\\\/\\\/www.miamibeachfl.gov\\\/#\\\/schema\\\/logo\\\/image\\\/\"},\"sameAs\":[\"https:\\\/\\\/www.facebook.com\\\/cityofmiamibeach\",\"https:\\\/\\\/x.com\\\/Miamibeachnews\",\"https:\\\/\\\/www.instagram.com\\\/miamibeachnews\\\/\"],\"description\":\"The official website of the City of Miami Beach. Stay informed, find important information on city services, news, alerts, events, trolley routes, government employment and more.\",\"telephone\":\"305.604.CITY(2489)\",\"legalName\":\"City of Miami Beach\"}]}<\/script>\n<!-- \/ Yoast SEO Premium plugin. -->","yoast_head_json":{"title":"Novanm 2021 Anons Spesyal sou Biznis - Vil Miami Beach","description":"%","robots":{"index":"index","follow":"follow","max-snippet":"max-snippet:-1","max-image-preview":"max-image-preview:large","max-video-preview":"max-video-preview:-1"},"canonical":"https:\/\/www.miamibeachfl.gov\/ht\/spotlight\/november-2021-business-spotlight\/","og_locale":"ht_HT","og_type":"article","og_title":"November 2021 Business Spotlight","og_description":"%","og_url":"https:\/\/www.miamibeachfl.gov\/ht\/spotlight\/november-2021-business-spotlight\/","og_site_name":"City of Miami Beach","article_publisher":"https:\/\/www.facebook.com\/cityofmiamibeach","article_modified_time":"2025-06-03T02:14:10+00:00","og_image":[{"url":"http:\/\/www.miamibeachfl.gov\/wp-content\/uploads\/2021\/11\/1.jpg","type":"","width":"","height":""}],"twitter_card":"summary_large_image","twitter_site":"@Miamibeachnews","schema":{"@context":"https:\/\/schema.org","@graph":[{"@type":"WebPage","@id":"https:\/\/www.miamibeachfl.gov\/spotlight\/november-2021-business-spotlight\/","url":"https:\/\/www.miamibeachfl.gov\/spotlight\/november-2021-business-spotlight\/","name":"Novanm 2021 Anons Spesyal sou Biznis - Vil Miami Beach","isPartOf":{"@id":"https:\/\/www.miamibeachfl.gov\/#website"},"primaryImageOfPage":{"@id":"https:\/\/www.miamibeachfl.gov\/spotlight\/november-2021-business-spotlight\/#primaryimage"},"image":{"@id":"https:\/\/www.miamibeachfl.gov\/spotlight\/november-2021-business-spotlight\/#primaryimage"},"thumbnailUrl":"http:\/\/www.miamibeachfl.gov\/wp-content\/uploads\/2021\/11\/1.jpg","datePublished":"2021-11-09T14:26:43+00:00","dateModified":"2025-06-03T02:14:10+00:00","description":"%","breadcrumb":{"@id":"https:\/\/www.miamibeachfl.gov\/spotlight\/november-2021-business-spotlight\/#breadcrumb"},"inLanguage":"ht","potentialAction":[{"@type":"ReadAction","target":["https:\/\/www.miamibeachfl.gov\/spotlight\/november-2021-business-spotlight\/"]}]},{"@type":"ImageObject","inLanguage":"ht","@id":"https:\/\/www.miamibeachfl.gov\/spotlight\/november-2021-business-spotlight\/#primaryimage","url":"http:\/\/www.miamibeachfl.gov\/wp-content\/uploads\/2021\/11\/1.jpg","contentUrl":"http:\/\/www.miamibeachfl.gov\/wp-content\/uploads\/2021\/11\/1.jpg"},{"@type":"BreadcrumbList","@id":"https:\/\/www.miamibeachfl.gov\/spotlight\/november-2021-business-spotlight\/#breadcrumb","itemListElement":[{"@type":"ListItem","position":1,"name":"Home","item":"https:\/\/www.miamibeachfl.gov\/"},{"@type":"ListItem","position":2,"name":"Business Newsletters and Spotlights","item":"https:\/\/www.miamibeachfl.gov\/spotlight\/"},{"@type":"ListItem","position":3,"name":"November 2021 Business Spotlight"}]},{"@type":"WebSite","@id":"https:\/\/www.miamibeachfl.gov\/#website","url":"https:\/\/www.miamibeachfl.gov\/","name":"Vil Miami Beach","description":"Sitw\u00e8b ofisy\u00e8l Vil Miami Beach la. Rete enf\u00f2me, jwenn enf\u00f2masyon enp\u00f2tan sou s\u00e8vis vil la, nouv\u00e8l, al\u00e8t, ev\u00e8nman, wout tramway, travay gouv\u00e8nman an ak plis ank\u00f2.","publisher":{"@id":"https:\/\/www.miamibeachfl.gov\/#organization"},"potentialAction":[{"@type":"SearchAction","target":{"@type":"EntryPoint","urlTemplate":"https:\/\/www.miamibeachfl.gov\/?s={search_term_string}"},"query-input":{"@type":"PropertyValueSpecification","valueRequired":true,"valueName":"search_term_string"}}],"inLanguage":"ht"},{"@type":"Organization","@id":"https:\/\/www.miamibeachfl.gov\/#organization","name":"Vil Miami Beach","url":"https:\/\/www.miamibeachfl.gov\/","logo":{"@type":"ImageObject","inLanguage":"ht","@id":"https:\/\/www.miamibeachfl.gov\/#\/schema\/logo\/image\/","url":"https:\/\/www.miamibeachfl.gov\/wp-content\/uploads\/2022\/06\/miamibeach-logoblue.png","contentUrl":"https:\/\/www.miamibeachfl.gov\/wp-content\/uploads\/2022\/06\/miamibeach-logoblue.png","width":1962,"height":381,"caption":"City of Miami Beach"},"image":{"@id":"https:\/\/www.miamibeachfl.gov\/#\/schema\/logo\/image\/"},"sameAs":["https:\/\/www.facebook.com\/cityofmiamibeach","https:\/\/x.com\/Miamibeachnews","https:\/\/www.instagram.com\/miamibeachnews\/"],"description":"Sitw\u00e8b ofisy\u00e8l Vil Miami Beach la. Rete enf\u00f2me, jwenn enf\u00f2masyon enp\u00f2tan sou s\u00e8vis vil la, nouv\u00e8l, al\u00e8t, ev\u00e8nman, wout tramway, travay gouv\u00e8nman an ak plis ank\u00f2.","telephone":"305.604.CITY(2489)","legalName":"City of Miami Beach"}]}},"_links":{"self":[{"href":"https:\/\/www.miamibeachfl.gov\/ht\/wp-json\/wp\/v2\/pages\/172429","targetHints":{"allow":["GET"]}}],"collection":[{"href":"https:\/\/www.miamibeachfl.gov\/ht\/wp-json\/wp\/v2\/pages"}],"about":[{"href":"https:\/\/www.miamibeachfl.gov\/ht\/wp-json\/wp\/v2\/types\/page"}],"author":[{"embeddable":true,"href":"https:\/\/www.miamibeachfl.gov\/ht\/wp-json\/wp\/v2\/users\/222"}],"replies":[{"embeddable":true,"href":"https:\/\/www.miamibeachfl.gov\/ht\/wp-json\/wp\/v2\/comments?post=172429"}],"version-history":[{"count":1,"href":"https:\/\/www.miamibeachfl.gov\/ht\/wp-json\/wp\/v2\/pages\/172429\/revisions"}],"predecessor-version":[{"id":375081,"href":"https:\/\/www.miamibeachfl.gov\/ht\/wp-json\/wp\/v2\/pages\/172429\/revisions\/375081"}],"up":[{"embeddable":true,"href":"https:\/\/www.miamibeachfl.gov\/ht\/wp-json\/wp\/v2\/pages\/253255"}],"wp:attachment":[{"href":"https:\/\/www.miamibeachfl.gov\/ht\/wp-json\/wp\/v2\/media?parent=172429"}],"wp:term":[{"taxonomy":"category","embeddable":true,"href":"https:\/\/www.miamibeachfl.gov\/ht\/wp-json\/wp\/v2\/categories?post=172429"},{"taxonomy":"post_tag","embeddable":true,"href":"https:\/\/www.miamibeachfl.gov\/ht\/wp-json\/wp\/v2\/tags?post=172429"}],"curies":[{"name":"wp","href":"https:\/\/api.w.org\/{rel}","templated":true}]}}