{"id":172604,"date":"2021-11-10T13:09:20","date_gmt":"2021-11-10T18:09:20","guid":{"rendered":"http:\/\/www.miamibeachfl.gov\/city-hall\/planning\/planning-document-checklist\/"},"modified":"2026-04-29T11:33:22","modified_gmt":"2026-04-29T15:33:22","slug":"planning-document-checklist","status":"publish","type":"page","link":"https:\/\/www.miamibeachfl.gov\/ht\/city-hall\/planning\/planning-document-checklist\/","title":{"rendered":"Dokiman Planifikasyon, Lis Verifikasyon ak F\u00f2m"},"content":{"rendered":"<figure itemscope itemtype=\"https:\/\/schema.org\/ImageObject\">\n\t\t\t\t<img decoding=\"async\" src=\"https:\/\/www.miamibeachfl.gov\/wp-content\/uploads\/2022\/07\/hero-small.jpg\" alt=\"ocean drive art deco buildings\" height=\"211\" width=\"2395\" title=\"ewo-piti\" onerror=\"this.style.display='none'\" loading=\"lazy\" \/>\n\t<\/figure>\n<h1>\n\t\t\tDokiman Planifikasyon, Lis Verifikasyon ak F\u00f2m\t<\/h1>\n\t<nav id=\"breadcrumbs\" aria-label=\"Pen griye\"><a href=\"https:\/\/www.miamibeachfl.gov\/ht\/\">Lakay<\/a> &gt; <a href=\"https:\/\/www.miamibeachfl.gov\/ht\/city-hall\/\">Lakou Vil la<\/a> &gt; <a href=\"https:\/\/www.miamibeachfl.gov\/ht\/city-hall\/planning\/\">Planifikasyon ak Zonaj<\/a> &gt; <strong>Dokiman Planifikasyon, Lis Verifikasyon ak F\u00f2m<\/strong><\/nav>\n\t<ul>\n<li><a href=\"https:\/\/www.miamibeachfl.gov\/wp-content\/uploads\/2023\/10\/Awning-Steel-Structures-Commercial-Residential-Permit-CheckList-Planning-8-23.pdf\">Lis verifikasyon p\u00e8mi rezidansy\u00e8l pou kay ak estrikti asye kom\u00e8syal<\/a><\/li>\n<li><a href=\"https:\/\/www.miamibeachfl.gov\/wp-content\/uploads\/2024\/06\/ACGeneratorCommercial-ResidentialPermitCheckList-Planning8-23.pdf\">Lis Verifikasyon P\u00e8mi Kom\u00e8syal-Rezidansy\u00e8l pou \u00c8kondisyone ak Jenerat\u00e8<\/a><\/li>\n<li><a href=\"https:\/\/www.miamibeachfl.gov\/wp-content\/uploads\/2023\/10\/Building-Commercial-Certificate-of-Occupancy-Update-Permit-CheckList-Planning-8-23.pdf\">Lis Verifikasyon Mizajou P\u00e8mi S\u00e8tifika Okipasyon pou Konstriksyon Kom\u00e8syal<\/a><\/li>\n<li><a href=\"https:\/\/www.miamibeachfl.gov\/wp-content\/uploads\/2023\/10\/Building-Commercial-Residential-Temp.-Const.-Fence-Permit-CheckList-Planning-8-23.pdf\">Lis Verifikasyon P\u00e8mi Konstriksyon Tanpor\u00e8 pou Konstriksyon Kom\u00e8syal ak Rezidansy\u00e8l<\/a><\/li>\n<li><a href=\"https:\/\/www.miamibeachfl.gov\/wp-content\/uploads\/2023\/10\/Building-Commercial-Sign-Illuminated-and-Non-Illuminated-CheckList-Planning-8-23.pdf\">Lis verifikasyon pou siy ki limen ak siy ki pa limen nan bilding kom\u00e8syal yo<\/a><\/li>\n<li><a href=\"https:\/\/www.miamibeachfl.gov\/wp-content\/uploads\/2023\/10\/Building-Commercial-Residential-Marine-Permit-CheckList-Planning-8-23.pdf\">Lis Verifikasyon P\u00e8mi Marin pou Konstriksyon Kom\u00e8syal \u2013 Rezidansy\u00e8l<\/a><\/li>\n<li><a href=\"https:\/\/www.miamibeachfl.gov\/wp-content\/uploads\/2026\/01\/Commercial-Multifamily-Planning-Zoning-Data-Sheet.pdf\">Commercial &#8211; Multifamily Planning Zoning Data Sheet <\/a><\/li>\n<li><a href=\"https:\/\/www.miamibeachfl.gov\/wp-content\/uploads\/2023\/10\/Commercial-Permit-CheckList-Planning-8-23.pdf\">Lis Verifikasyon Planifikasyon P\u00e8mi Kom\u00e8syal<\/a><\/li>\n<li><a href=\"https:\/\/www.miamibeachfl.gov\/wp-content\/uploads\/2025\/08\/DrivewayPermit-CheckList-8-18-25.pdf\">Lis Verifikasyon P\u00e8mi Antre Kay<\/a><\/li>\n<li><a href=\"https:\/\/www.miamibeachfl.gov\/wp-content\/uploads\/2023\/10\/Elevator-Permit-CheckList-Planning-8-23.pdf\">Lis Verifikasyon Planifikasyon P\u00e8mi Asans\u00e8<\/a><\/li>\n<li><a href=\"https:\/\/www.miamibeachfl.gov\/wp-content\/uploads\/2023\/10\/Electrical-Sign-Permit-CheckList-Planning-8-23.pdf\">Lis Verifikasyon Planifikasyon P\u00e8mi Pany\u00e8l Elektrik<\/a><\/li>\n<li><a href=\"https:\/\/www.miamibeachfl.gov\/wp-content\/uploads\/2023\/10\/Elevator-Permit-CheckList-Planning-8-23-1.pdf\">Lis Verifikasyon Planifikasyon P\u00e8mi Asans\u00e8<\/a><\/li>\n<li><a href=\"https:\/\/www.miamibeachfl.gov\/wp-content\/uploads\/2023\/10\/Fire-Permit-CheckList-Planning-8-23.pdf\">Lis Verifikasyon Planifikasyon P\u00e8mi Dife<\/a><\/li>\n<li><a href=\"https:\/\/www.miamibeachfl.gov\/wp-content\/uploads\/2023\/10\/Mechanical-Plumbing-Commercial-Residential-Permit-CheckList-Planning-08-23.pdf\">Lis verifikasyon pou planifikasyon p\u00e8mi pou machin mekanik \u2013 plonbri, kom\u00e8syal \u2013 rezidansy\u00e8l<\/a><\/li>\n<li><a href=\"https:\/\/www.miamibeachfl.gov\/wp-content\/uploads\/2023\/10\/Pool-Commercial-Residential-Permit-CheckList-Planning-8-23.pdf\">Pisin Kom\u00e8syal \u2013 Lis Verifikasyon Planifikasyon P\u00e8mi Rezidansy\u00e8l<\/a><\/li>\n<li><a href=\"https:\/\/www.miamibeachfl.gov\/wp-content\/uploads\/2023\/10\/Photovoltaic-Commercial-Residential-Permit-CheckList-Planning-8-23.pdf\">Lis verifikasyon p\u00e8mi rezidansy\u00e8l pou en\u00e8ji fotovoltaik kom\u00e8syal<\/a><\/li>\n<li><a href=\"https:\/\/www.miamibeachfl.gov\/wp-content\/uploads\/2023\/10\/Pergola-Trellis-Commercial-Residential-Permit-CheckList-Planning-8-23.pdf\">Pergola \u2013 Treyi Kom\u00e8syal \u2013 Lis Verifikasyon P\u00e8mi Rezidansy\u00e8l<\/a><\/li>\n<li><a href=\"https:\/\/www.miamibeachfl.gov\/wp-content\/uploads\/2023\/10\/Pre-Approved-Paint-Pallet-6-22-23.pdf\">Pal\u00e8t Penti Pre-Apwouve<\/a><\/li>\n<li><a href=\"https:\/\/www.miamibeachfl.gov\/wp-content\/uploads\/2023\/10\/Roofing-Commercial-Residential-Permit-CheckList-Planning-8-23.pdf\">Lis verifikasyon pou p\u00e8mi rezidansy\u00e8l pou twati kom\u00e8syal<\/a><\/li>\n<li><a href=\"https:\/\/www.miamibeachfl.gov\/wp-content\/uploads\/2023\/10\/Single-Family-zoning-data-sheet-Draft-8-23.pdf\">F\u00e8y Done Zonaj Fanmi S\u00e8l<\/a><\/li>\n<li><a href=\"https:\/\/www.miamibeachfl.gov\/wp-content\/uploads\/2023\/10\/Single-Family-Permit-CheckList-Planning-8-23.pdf\">Lis Verifikasyon Planifikasyon P\u00e8mi pou Fanmi Selibat\u00e8<\/a><\/li>\n<li><a href=\"https:\/\/www.miamibeachfl.gov\/wp-content\/uploads\/2024\/05\/Windows-DoorsandOtherMiscPermitCheckList-Planning05-24.pdf\" target=\"_blank\" rel=\"noopener\">Lis verifikasyon pou planifikasyon pou desen atelye ak l\u00f2t p\u00e8mi<\/a><\/li>\n<\/ul>\n<ul>\n<li><a href=\"https:\/\/www.miamibeachfl.gov\/wp-content\/uploads\/2023\/10\/PZ-Sign-Permit-Planning-8-23.pdf\">Lis Verifikasyon Planifikasyon P\u00e8mi Pany\u00e8l PZ<\/a><\/li>\n<li><a href=\"https:\/\/www.miamibeachfl.gov\/wp-content\/uploads\/2026\/04\/Artifical-Turf-03-26.pdf\">Gazon atifisy\u00e8l PZ<\/a><\/li>\n<li><a href=\"https:\/\/www.miamibeachfl.gov\/wp-content\/uploads\/2026\/04\/Landscape-Checklist-2026.pdf\">Landscape Checklist<\/a><\/li>\n<\/ul>\n\t<ul>\n<li><a href=\"https:\/\/www.miamibeachfl.gov\/wp-content\/uploads\/2024\/08\/HISTORIC-PRESERVATION-INFORMATIONAL-POST-WITH-INSTRUCTIONS.pdf\">P\u00f2s Enf\u00f2masyon sou Prez\u00e8vasyon Istorik ak Enstriksyon<\/a><\/li>\n<li><a href=\"\/wp-content\/uploads\/2025\/07\/Understory-Posting-4-8-25.pdf\">Piblikasyon anba t\u00e8<\/a><\/li>\n<li><a href=\"https:\/\/www.miamibeachfl.gov\/wp-content\/uploads\/2024\/01\/Affidavit-Park-Island.pdf\">Afidavit Park View Island<\/a><\/li>\n<li><a href=\"https:\/\/www.miamibeachfl.gov\/wp-content\/uploads\/2023\/02\/Miami-Dade-School-Concurrency-list-2-21-23-Fillable.pdf\">Lis Konkourans Lek\u00f2l Miami Dade yo<\/a><\/li>\n<li><a href=\"https:\/\/www.miamibeachfl.gov\/wp-content\/uploads\/2023\/04\/Notice-of-Abandonment-of-DRB-Order-Form-4-12-23.pdf\">Avi Abandon L\u00f2d DRB a<\/a><\/li>\n<li><a href=\"https:\/\/www.miamibeachfl.gov\/ht\/city-hall\/planning\/resiliency-code\/\">K\u00f2d Rezilyans (R\u00e8gleman Zonaj)<\/a><\/li>\n<li><a href=\"https:\/\/www.miamibeachfl.gov\/wp-content\/uploads\/2025\/05\/CU-Checklist-05-25.pdf\">Lis verifikasyon pou s\u00e8tifika itilizasyon (CU)<\/a>\n<ul>\n<li><a href=\"https:\/\/www.miamibeachfl.gov\/wp-content\/uploads\/2025\/09\/Spanish-CU-Checklist-CS-9-12-25.pdf\">(CU) Lis Verifikasyon S\u00e8tifika Itilizasyon \u2013 Pany\u00f2l<\/a><\/li>\n<\/ul>\n<\/li>\n<li><a href=\"https:\/\/www.miamibeachfl.gov\/wp-content\/uploads\/2025\/08\/CU-Checklist-STR-08-18-2025.pdf\">(CU) Lis Verifikasyon S\u00e8tifika Itilizasyon LOKASYON KOUT T\u00c8M\u00a0<\/a>\n<ul>\n<li><a href=\"https:\/\/www.miamibeachfl.gov\/wp-content\/uploads\/2025\/09\/CU-Checklist-STR-Spanish.pdf\">(CU) Lis Verifikasyon S\u00e8tifika Itilizasyon LOKASYON KOUT T\u00c8M \u2013 Pany\u00f2l<\/a><\/li>\n<\/ul>\n<\/li>\n<li><a href=\"\/wp-content\/uploads\/2025\/07\/Condo-Letter-for-STR-7-25-25.pdf\">L\u00e8t Kondominy\u00f2m pou Lokasyon Kout T\u00e8m<\/a><\/li>\n<li><a href=\"https:\/\/www.miamibeachfl.gov\/wp-content\/uploads\/2025\/10\/Expedited-Plan-Review-Request-6-30-25-for-FY26.pdf\">Demann pou Revizyon Plan Akselere<\/a><\/li>\n<li><a href=\"https:\/\/codehub.gridics.com\/us\/fl\/miami-beach#\/9e0e1745-d120-4fe6-8933-4a21c038e54d\/9c33c6d2-1f1d-456a-aa1b-15765cfaf1bf\/3294f819-de46-4386-974c-7d70883cb920\">Pwosedi Aplikasyon pou Lwa Lokal Viv la<\/a><\/li>\n<\/ul>\n\t\tNavige pou ale nan\u2026\t\t\t\n\t\t\t\t\t<ul id=\"menu-planning-main-menu\"><li id=\"menu-item-393598\"><a href=\"\/ht\/city-hall\/planning\/approved-live-local-act-applications\/\">Aplikasyon Apwouve pou Lwa Lokal An Dir\u00e8k<\/a><\/li>\n<li id=\"menu-item-363958\"><a href=\"\/ht\/city-hall\/planning\/general-zoning-information-code-interpretation\/\">Zonaj Jeneral ak Ent\u00e8pretasyon Zonaj Administratif<\/a><\/li>\n<li id=\"menu-item-365954\"><a href=\"\/ht\/city-hall\/planning\/certificate-of-use\/\">Jwenn yon S\u00e8tifika Itilizasyon (CU)<\/a><\/li>\n<li id=\"menu-item-363959\"><a href=\"\/ht\/city-hall\/planning\/land-development-dashboard\/\">Tablodb\u00f2 Devlopman T\u00e8<\/a><\/li>\n<li id=\"menu-item-363960\"><a href=\"\/ht\/city-hall\/planning\/land-use-boards\/\">Komisyon Itilizasyon T\u00e8 yo<\/a><\/li>\n<li id=\"menu-item-363961\"><a href=\"\/ht\/city-hall\/planning\/landscape-requirements\/\">Kondisyon Peyizaj<\/a><\/li>\n<li id=\"menu-item-363962\"><a href=\"\/ht\/city-hall\/planning\/planning-document-checklist\/\">Dokiman Planifikasyon, Lis Verifikasyon ak F\u00f2m<\/a><\/li>\n<li id=\"menu-item-363963\"><a href=\"\/ht\/city-hall\/planning\/planning-faqs\/\">Kesyon yo poze souvan sou planifikasyon<\/a><\/li>\n<li id=\"menu-item-363964\"><a href=\"\/ht\/city-hall\/planning\/maps-and-guidelines\/\">Kat Planifikasyon ak Gid<\/a><\/li>\n<li id=\"menu-item-363965\"><a href=\"\/ht\/city-hall\/planning\/resiliency-code\/\">K\u00f2d Rezilyans \/ Plan Konpl\u00e8<\/a><\/li>\n<li id=\"menu-item-363966\"><a href=\"\/ht\/city-hall\/planning\/studies\/\">Etid ak Rap\u00f2 Deziyasyon<\/a><\/li>\n<\/ul>\t\n\t<h2>\n\t\t\tresous ki gen rap\u00f2\t<\/h2>\n\t\t<ul>\n\t\t\t\t\t<li>\n\t\t\t\t\t<a href=\"https:\/\/www.miamibeachfl.gov\/ht\/city-hall\/planning\/studies\/\" target=\"_self\">\n\t\t\t\t<h3>Demann pou Bati Dosye Piblik<\/h3>\n\t<\/a>\n\t\t\t<\/li>\n\t\t\t\t\t<li>\n\t\t\t\t\t<a href=\"https:\/\/payments.miamibeachfl.gov\/app\/\" target=\"_blank\">\n\t\t\t\t<h3>Peman rapid sou ent\u00e8n\u00e8t<\/h3>\n\t<\/a>\n\t\t\t<\/li>\n\t\t\t\t\t<li>\n\t\t\t\t\t<a href=\"https:\/\/www.miamibeachfl.gov\/ht\/city-hall\/building\/onlinepermits\/\" target=\"_blank\">\n\t\t\t\t<h3>Sant Resous P\u00e8mi Sou Ent\u00e8n\u00e8t<\/h3>\n\t<\/a>\n\t\t\t<\/li>\n\t\t\t\t\t<li>\n\t\t\t\t\t<a href=\"https:\/\/eservices.miamibeachfl.gov\/energovprod\/selfservice#\/home\" target=\"_self\">\n\t\t\t\t<h3>S\u00e8vis Oto-S\u00e8vis pou Sitwayen (CSS)<\/h3>\n\t<\/a>\n\t\t\t<\/li>\n\t\t\t\t\t<li>\n\t\t\t\t\t<a href=\"https:\/\/www.miamibeachfl.gov\/ht\/city-hall\/building\/events\/\" target=\"_blank\">\n\t\t\t\t<h3>Ev\u00e8nman ak Anons<\/h3>\n\t<\/a>\n\t\t\t<\/li>\n\t\t\t\t<\/ul>\n\t<div class=\"page-navigation\"><a class=\"prev-page\" href=\"https:\/\/www.miamibeachfl.gov\/ht\/trafficimpacts\/\">\u2190 Enpak sou trafik<\/a> <a class=\"next-page\" href=\"https:\/\/www.miamibeachfl.gov\/ht\/city-hall\/planning\/planning-faqs\/\">Kesyon yo poze souvan sou planifikasyon \u2192<\/a><\/div>","protected":false},"excerpt":{"rendered":"<p>Planning Documents, Checklists and Forms Home &gt; City Hall &gt; Planning &#038; Zoning &gt; Planning Documents, Checklists And Forms Awning [&hellip;]<\/p>\n","protected":false},"author":222,"featured_media":0,"parent":28864,"menu_order":120,"comment_status":"closed","ping_status":"closed","template":"","meta":{"_searchwp_excluded":"","site-sidebar-layout":"default","site-content-layout":"","ast-site-content-layout":"default","site-content-style":"default","site-sidebar-style":"default","ast-global-header-display":"","ast-banner-title-visibility":"","ast-main-header-display":"","ast-hfb-above-header-display":"","ast-hfb-below-header-display":"","ast-hfb-mobile-header-display":"","site-post-title":"","ast-breadcrumbs-content":"","ast-featured-img":"","footer-sml-layout":"","theme-transparent-header-meta":"","adv-header-id-meta":"","stick-header-meta":"","header-above-stick-meta":"","header-main-stick-meta":"","header-below-stick-meta":"","astra-migrate-meta-layouts":"default","ast-page-background-enabled":"default","ast-page-background-meta":{"desktop":{"background-color":"var(--ast-global-color-5)","background-image":"","background-repeat":"repeat","background-position":"center center","background-size":"auto","background-attachment":"scroll","background-type":"","background-media":"","overlay-type":"","overlay-color":"","overlay-opacity":"","overlay-gradient":""},"tablet":{"background-color":"","background-image":"","background-repeat":"repeat","background-position":"center center","background-size":"auto","background-attachment":"scroll","background-type":"","background-media":"","overlay-type":"","overlay-color":"","overlay-opacity":"","overlay-gradient":""},"mobile":{"background-color":"","background-image":"","background-repeat":"repeat","background-position":"center center","background-size":"auto","background-attachment":"scroll","background-type":"","background-media":"","overlay-type":"","overlay-color":"","overlay-opacity":"","overlay-gradient":""}},"ast-content-background-meta":{"desktop":{"background-color":"var(--ast-global-color-4)","background-image":"","background-repeat":"repeat","background-position":"center center","background-size":"auto","background-attachment":"scroll","background-type":"","background-media":"","overlay-type":"","overlay-color":"","overlay-opacity":"","overlay-gradient":""},"tablet":{"background-color":"var(--ast-global-color-4)","background-image":"","background-repeat":"repeat","background-position":"center center","background-size":"auto","background-attachment":"scroll","background-type":"","background-media":"","overlay-type":"","overlay-color":"","overlay-opacity":"","overlay-gradient":""},"mobile":{"background-color":"var(--ast-global-color-4)","background-image":"","background-repeat":"repeat","background-position":"center center","background-size":"auto","background-attachment":"scroll","background-type":"","background-media":"","overlay-type":"","overlay-color":"","overlay-opacity":"","overlay-gradient":""}},"footnotes":""},"categories":[],"tags":[343,1201,1200,1202,1056,1028],"class_list":["post-172604","page","type-page","status-publish","hentry","tag-building","tag-building-permitting-plan","tag-building-planning","tag-permit","tag-permits-checklists","tag-permitting-planning"],"yoast_head":"<!-- This site is optimized with the Yoast SEO Premium plugin v27.4 (Yoast SEO v27.4) - https:\/\/yoast.com\/product\/yoast-seo-premium-wordpress\/ -->\n<title>Planning Documents, Checklists And Forms - City of Miami Beach<\/title>\n<meta name=\"description\" content=\"%\" \/>\n<meta name=\"robots\" content=\"index, follow, max-snippet:-1, max-image-preview:large, max-video-preview:-1\" \/>\n<link rel=\"canonical\" href=\"https:\/\/www.miamibeachfl.gov\/ht\/city-hall\/planning\/planning-document-checklist\/\" \/>\n<meta property=\"og:locale\" content=\"ht_HT\" \/>\n<meta property=\"og:type\" content=\"article\" \/>\n<meta property=\"og:title\" content=\"Planning Documents, Checklists And Forms\" \/>\n<meta property=\"og:description\" content=\"%\" \/>\n<meta property=\"og:url\" content=\"https:\/\/www.miamibeachfl.gov\/ht\/city-hall\/planning\/planning-document-checklist\/\" \/>\n<meta property=\"og:site_name\" content=\"City of Miami Beach\" \/>\n<meta property=\"article:publisher\" content=\"https:\/\/www.facebook.com\/cityofmiamibeach\" \/>\n<meta property=\"article:modified_time\" content=\"2026-04-29T15:33:22+00:00\" \/>\n<meta property=\"og:image\" content=\"https:\/\/www.miamibeachfl.gov\/wp-content\/uploads\/2022\/07\/hero-small.jpg\" \/>\n<meta name=\"twitter:card\" content=\"summary_large_image\" \/>\n<meta name=\"twitter:site\" content=\"@Miamibeachnews\" \/>\n<script type=\"application\/ld+json\" class=\"yoast-schema-graph\">{\"@context\":\"https:\\\/\\\/schema.org\",\"@graph\":[{\"@type\":\"WebPage\",\"@id\":\"https:\\\/\\\/www.miamibeachfl.gov\\\/city-hall\\\/planning\\\/planning-document-checklist\\\/\",\"url\":\"https:\\\/\\\/www.miamibeachfl.gov\\\/city-hall\\\/planning\\\/planning-document-checklist\\\/\",\"name\":\"Planning Documents, Checklists And Forms - City of Miami Beach\",\"isPartOf\":{\"@id\":\"https:\\\/\\\/www.miamibeachfl.gov\\\/#website\"},\"primaryImageOfPage\":{\"@id\":\"https:\\\/\\\/www.miamibeachfl.gov\\\/city-hall\\\/planning\\\/planning-document-checklist\\\/#primaryimage\"},\"image\":{\"@id\":\"https:\\\/\\\/www.miamibeachfl.gov\\\/city-hall\\\/planning\\\/planning-document-checklist\\\/#primaryimage\"},\"thumbnailUrl\":\"https:\\\/\\\/www.miamibeachfl.gov\\\/wp-content\\\/uploads\\\/2022\\\/07\\\/hero-small.jpg\",\"datePublished\":\"2021-11-10T18:09:20+00:00\",\"dateModified\":\"2026-04-29T15:33:22+00:00\",\"description\":\"%\",\"breadcrumb\":{\"@id\":\"https:\\\/\\\/www.miamibeachfl.gov\\\/city-hall\\\/planning\\\/planning-document-checklist\\\/#breadcrumb\"},\"inLanguage\":\"ht\",\"potentialAction\":[{\"@type\":\"ReadAction\",\"target\":[\"https:\\\/\\\/www.miamibeachfl.gov\\\/city-hall\\\/planning\\\/planning-document-checklist\\\/\"]}]},{\"@type\":\"ImageObject\",\"inLanguage\":\"ht\",\"@id\":\"https:\\\/\\\/www.miamibeachfl.gov\\\/city-hall\\\/planning\\\/planning-document-checklist\\\/#primaryimage\",\"url\":\"https:\\\/\\\/www.miamibeachfl.gov\\\/wp-content\\\/uploads\\\/2022\\\/07\\\/hero-small.jpg\",\"contentUrl\":\"https:\\\/\\\/www.miamibeachfl.gov\\\/wp-content\\\/uploads\\\/2022\\\/07\\\/hero-small.jpg\"},{\"@type\":\"BreadcrumbList\",\"@id\":\"https:\\\/\\\/www.miamibeachfl.gov\\\/city-hall\\\/planning\\\/planning-document-checklist\\\/#breadcrumb\",\"itemListElement\":[{\"@type\":\"ListItem\",\"position\":1,\"name\":\"Home\",\"item\":\"https:\\\/\\\/www.miamibeachfl.gov\\\/\"},{\"@type\":\"ListItem\",\"position\":2,\"name\":\"City Hall\",\"item\":\"https:\\\/\\\/www.miamibeachfl.gov\\\/city-hall\\\/\"},{\"@type\":\"ListItem\",\"position\":3,\"name\":\"Planning &#038; Zoning\",\"item\":\"https:\\\/\\\/www.miamibeachfl.gov\\\/city-hall\\\/planning\\\/\"},{\"@type\":\"ListItem\",\"position\":4,\"name\":\"Planning Documents, Checklists And Forms\"}]},{\"@type\":\"WebSite\",\"@id\":\"https:\\\/\\\/www.miamibeachfl.gov\\\/#website\",\"url\":\"https:\\\/\\\/www.miamibeachfl.gov\\\/\",\"name\":\"City of Miami Beach\",\"description\":\"The official website of the City of Miami Beach. Stay informed, find important information on city services, news, alerts, events, trolley routes, government employment and more.\",\"publisher\":{\"@id\":\"https:\\\/\\\/www.miamibeachfl.gov\\\/#organization\"},\"potentialAction\":[{\"@type\":\"SearchAction\",\"target\":{\"@type\":\"EntryPoint\",\"urlTemplate\":\"https:\\\/\\\/www.miamibeachfl.gov\\\/?s={search_term_string}\"},\"query-input\":{\"@type\":\"PropertyValueSpecification\",\"valueRequired\":true,\"valueName\":\"search_term_string\"}}],\"inLanguage\":\"ht\"},{\"@type\":\"Organization\",\"@id\":\"https:\\\/\\\/www.miamibeachfl.gov\\\/#organization\",\"name\":\"City of Miami Beach\",\"url\":\"https:\\\/\\\/www.miamibeachfl.gov\\\/\",\"logo\":{\"@type\":\"ImageObject\",\"inLanguage\":\"ht\",\"@id\":\"https:\\\/\\\/www.miamibeachfl.gov\\\/#\\\/schema\\\/logo\\\/image\\\/\",\"url\":\"https:\\\/\\\/www.miamibeachfl.gov\\\/wp-content\\\/uploads\\\/2022\\\/06\\\/miamibeach-logoblue.png\",\"contentUrl\":\"https:\\\/\\\/www.miamibeachfl.gov\\\/wp-content\\\/uploads\\\/2022\\\/06\\\/miamibeach-logoblue.png\",\"width\":1962,\"height\":381,\"caption\":\"City of Miami Beach\"},\"image\":{\"@id\":\"https:\\\/\\\/www.miamibeachfl.gov\\\/#\\\/schema\\\/logo\\\/image\\\/\"},\"sameAs\":[\"https:\\\/\\\/www.facebook.com\\\/cityofmiamibeach\",\"https:\\\/\\\/x.com\\\/Miamibeachnews\",\"https:\\\/\\\/www.instagram.com\\\/miamibeachnews\\\/\"],\"description\":\"The official website of the City of Miami Beach. Stay informed, find important information on city services, news, alerts, events, trolley routes, government employment and more.\",\"telephone\":\"305.604.CITY(2489)\",\"legalName\":\"City of Miami Beach\"}]}<\/script>\n<!-- \/ Yoast SEO Premium plugin. -->","yoast_head_json":{"title":"Dokiman Planifikasyon, Lis Verifikasyon ak F\u00f2m - Vil Miami Beach","description":"%","robots":{"index":"index","follow":"follow","max-snippet":"max-snippet:-1","max-image-preview":"max-image-preview:large","max-video-preview":"max-video-preview:-1"},"canonical":"https:\/\/www.miamibeachfl.gov\/ht\/city-hall\/planning\/planning-document-checklist\/","og_locale":"ht_HT","og_type":"article","og_title":"Planning Documents, Checklists And Forms","og_description":"%","og_url":"https:\/\/www.miamibeachfl.gov\/ht\/city-hall\/planning\/planning-document-checklist\/","og_site_name":"City of Miami Beach","article_publisher":"https:\/\/www.facebook.com\/cityofmiamibeach","article_modified_time":"2026-04-29T15:33:22+00:00","og_image":[{"url":"https:\/\/www.miamibeachfl.gov\/wp-content\/uploads\/2022\/07\/hero-small.jpg","type":"","width":"","height":""}],"twitter_card":"summary_large_image","twitter_site":"@Miamibeachnews","schema":{"@context":"https:\/\/schema.org","@graph":[{"@type":"WebPage","@id":"https:\/\/www.miamibeachfl.gov\/city-hall\/planning\/planning-document-checklist\/","url":"https:\/\/www.miamibeachfl.gov\/city-hall\/planning\/planning-document-checklist\/","name":"Dokiman Planifikasyon, Lis Verifikasyon ak F\u00f2m - Vil Miami Beach","isPartOf":{"@id":"https:\/\/www.miamibeachfl.gov\/#website"},"primaryImageOfPage":{"@id":"https:\/\/www.miamibeachfl.gov\/city-hall\/planning\/planning-document-checklist\/#primaryimage"},"image":{"@id":"https:\/\/www.miamibeachfl.gov\/city-hall\/planning\/planning-document-checklist\/#primaryimage"},"thumbnailUrl":"https:\/\/www.miamibeachfl.gov\/wp-content\/uploads\/2022\/07\/hero-small.jpg","datePublished":"2021-11-10T18:09:20+00:00","dateModified":"2026-04-29T15:33:22+00:00","description":"%","breadcrumb":{"@id":"https:\/\/www.miamibeachfl.gov\/city-hall\/planning\/planning-document-checklist\/#breadcrumb"},"inLanguage":"ht","potentialAction":[{"@type":"ReadAction","target":["https:\/\/www.miamibeachfl.gov\/city-hall\/planning\/planning-document-checklist\/"]}]},{"@type":"ImageObject","inLanguage":"ht","@id":"https:\/\/www.miamibeachfl.gov\/city-hall\/planning\/planning-document-checklist\/#primaryimage","url":"https:\/\/www.miamibeachfl.gov\/wp-content\/uploads\/2022\/07\/hero-small.jpg","contentUrl":"https:\/\/www.miamibeachfl.gov\/wp-content\/uploads\/2022\/07\/hero-small.jpg"},{"@type":"BreadcrumbList","@id":"https:\/\/www.miamibeachfl.gov\/city-hall\/planning\/planning-document-checklist\/#breadcrumb","itemListElement":[{"@type":"ListItem","position":1,"name":"Home","item":"https:\/\/www.miamibeachfl.gov\/"},{"@type":"ListItem","position":2,"name":"City Hall","item":"https:\/\/www.miamibeachfl.gov\/city-hall\/"},{"@type":"ListItem","position":3,"name":"Planning &#038; Zoning","item":"https:\/\/www.miamibeachfl.gov\/city-hall\/planning\/"},{"@type":"ListItem","position":4,"name":"Planning Documents, Checklists And Forms"}]},{"@type":"WebSite","@id":"https:\/\/www.miamibeachfl.gov\/#website","url":"https:\/\/www.miamibeachfl.gov\/","name":"Vil Miami Beach","description":"Sitw\u00e8b ofisy\u00e8l Vil Miami Beach la. Rete enf\u00f2me, jwenn enf\u00f2masyon enp\u00f2tan sou s\u00e8vis vil la, nouv\u00e8l, al\u00e8t, ev\u00e8nman, wout tramway, travay gouv\u00e8nman an ak plis ank\u00f2.","publisher":{"@id":"https:\/\/www.miamibeachfl.gov\/#organization"},"potentialAction":[{"@type":"SearchAction","target":{"@type":"EntryPoint","urlTemplate":"https:\/\/www.miamibeachfl.gov\/?s={search_term_string}"},"query-input":{"@type":"PropertyValueSpecification","valueRequired":true,"valueName":"search_term_string"}}],"inLanguage":"ht"},{"@type":"Organization","@id":"https:\/\/www.miamibeachfl.gov\/#organization","name":"Vil Miami Beach","url":"https:\/\/www.miamibeachfl.gov\/","logo":{"@type":"ImageObject","inLanguage":"ht","@id":"https:\/\/www.miamibeachfl.gov\/#\/schema\/logo\/image\/","url":"https:\/\/www.miamibeachfl.gov\/wp-content\/uploads\/2022\/06\/miamibeach-logoblue.png","contentUrl":"https:\/\/www.miamibeachfl.gov\/wp-content\/uploads\/2022\/06\/miamibeach-logoblue.png","width":1962,"height":381,"caption":"City of Miami Beach"},"image":{"@id":"https:\/\/www.miamibeachfl.gov\/#\/schema\/logo\/image\/"},"sameAs":["https:\/\/www.facebook.com\/cityofmiamibeach","https:\/\/x.com\/Miamibeachnews","https:\/\/www.instagram.com\/miamibeachnews\/"],"description":"Sitw\u00e8b ofisy\u00e8l Vil Miami Beach la. Rete enf\u00f2me, jwenn enf\u00f2masyon enp\u00f2tan sou s\u00e8vis vil la, nouv\u00e8l, al\u00e8t, ev\u00e8nman, wout tramway, travay gouv\u00e8nman an ak plis ank\u00f2.","telephone":"305.604.CITY(2489)","legalName":"City of Miami Beach"}]}},"_links":{"self":[{"href":"https:\/\/www.miamibeachfl.gov\/ht\/wp-json\/wp\/v2\/pages\/172604","targetHints":{"allow":["GET"]}}],"collection":[{"href":"https:\/\/www.miamibeachfl.gov\/ht\/wp-json\/wp\/v2\/pages"}],"about":[{"href":"https:\/\/www.miamibeachfl.gov\/ht\/wp-json\/wp\/v2\/types\/page"}],"author":[{"embeddable":true,"href":"https:\/\/www.miamibeachfl.gov\/ht\/wp-json\/wp\/v2\/users\/222"}],"replies":[{"embeddable":true,"href":"https:\/\/www.miamibeachfl.gov\/ht\/wp-json\/wp\/v2\/comments?post=172604"}],"version-history":[{"count":13,"href":"https:\/\/www.miamibeachfl.gov\/ht\/wp-json\/wp\/v2\/pages\/172604\/revisions"}],"predecessor-version":[{"id":399819,"href":"https:\/\/www.miamibeachfl.gov\/ht\/wp-json\/wp\/v2\/pages\/172604\/revisions\/399819"}],"up":[{"embeddable":true,"href":"https:\/\/www.miamibeachfl.gov\/ht\/wp-json\/wp\/v2\/pages\/28864"}],"wp:attachment":[{"href":"https:\/\/www.miamibeachfl.gov\/ht\/wp-json\/wp\/v2\/media?parent=172604"}],"wp:term":[{"taxonomy":"category","embeddable":true,"href":"https:\/\/www.miamibeachfl.gov\/ht\/wp-json\/wp\/v2\/categories?post=172604"},{"taxonomy":"post_tag","embeddable":true,"href":"https:\/\/www.miamibeachfl.gov\/ht\/wp-json\/wp\/v2\/tags?post=172604"}],"curies":[{"name":"wp","href":"https:\/\/api.w.org\/{rel}","templated":true}]}}