{"id":175243,"date":"2021-12-14T16:53:55","date_gmt":"2021-12-14T21:53:55","guid":{"rendered":"http:\/\/www.miamibeachfl.gov\/?page_id=175243"},"modified":"2025-10-02T16:30:52","modified_gmt":"2025-10-02T20:30:52","slug":"all-top-visited","status":"publish","type":"page","link":"https:\/\/www.miamibeachfl.gov\/ht\/all-top-visited\/","title":{"rendered":"Tout moun ki pi vizite yo"},"content":{"rendered":"<h1>\n\t\t\tResous Vil Miami Beach yo\t<\/h1>\n\t<nav id=\"breadcrumbs\" aria-label=\"Pen griye\"><a href=\"https:\/\/www.miamibeachfl.gov\/ht\/\">Lakay<\/a> &gt; <strong>Tout moun ki pi vizite yo<\/strong><\/nav>\n\t\t\t\t\t\t\t<a href=\"\/ht\/pay-invoice\/\" target=\"_self\">\n\t\t\t\t\t\t\t\t\t\t\t\t\t\t\t\t\t\t\t\t\t\t\t\t\t\t\t\t\t\t\t\t\t\t\t<img decoding=\"async\" src=\"https:\/\/www.miamibeachfl.gov\/wp-content\/uploads\/2022\/12\/icon-home-paybills.png\" alt=\"Pay Bills\" \/>\n\t\t\t\t\t\t\t\t\t\t<h3>Peye b\u00f2dwo<\/h3>\n\t\t\t\t\t\t\t\t<p>Lyen pou peye b\u00f2dwo vil la, p\u00e8mi, taks, ak plis ank\u00f2.<\/p>\t\t\t\t\t\t\t\n\t\t\t\t\t\t\t\t\t<\/a>\n\t\t\t\t\t\t\t<a href=\"https:\/\/www.miamibeachfl.gov\/ht\/permits\/\" target=\"_self\">\n\t\t\t\t\t\t\t\t\t\t\t\t\t\t\t\t\t\t\t\t\t\t\t\t\t\t\t\t\t\t\t\t\t\t\t<img decoding=\"async\" src=\"https:\/\/www.miamibeachfl.gov\/wp-content\/uploads\/2022\/11\/icon-viewpayapply.png\" alt=\"City Permits\" \/>\n\t\t\t\t\t\t\t\t\t\t<h3>P\u00e8mi Vil la<\/h3>\n\t\t\t\t\t\t\t\t<p>Resous pou p\u00e8mi ak FAQ ki soti nan tout depatman vil la.<\/p>\t\t\t\t\t\t\t\n\t\t\t\t\t\t\t\t\t<\/a>\n\t\t\t\t\t\t\t<a href=\"\/ht\/city-hall\/building\/\" target=\"_self\">\n\t\t\t\t\t\t\t\t\t\t\t\t\t\t\t\t\t\t\t\t\t\t\t\t\t\t\t\t\t\t\t\t\t\t\t<img decoding=\"async\" src=\"https:\/\/www.miamibeachfl.gov\/wp-content\/uploads\/2022\/12\/icon-home-buildingdept.png\" alt=\"Building\" \/>\n\t\t\t\t\t\t\t\t\t\t<h3>Bilding<\/h3>\n\t\t\t\t\t\t\t\t<p>Etap pou jwenn p\u00e8mi, lis verifikasyon, ak resous depatman konstriksyon an.<\/p>\t\t\t\t\t\t\t\n\t\t\t\t\t\t\t\t\t<\/a>\n\t\t\t\t\t\t\t<a href=\"https:\/\/www.miamibeachfl.gov\/ht\/business\/civicaccess\/\" target=\"_self\">\n\t\t\t\t\t\t\t\t\t\t\t\t\t\t\t\t\t\t\t\t\t\t\t\t\t\t\t\t\t\t\t\t\t\t\t<img decoding=\"async\" src=\"https:\/\/www.miamibeachfl.gov\/wp-content\/uploads\/2022\/12\/icon-home-css.png\" alt=\"Civic Access\" \/>\n\t\t\t\t\t\t\t\t\t\t<h3>Aks\u00e8 Sivik<\/h3>\n\t\t\t\t\t\t\t\t<p>P\u00f2tal sou ent\u00e8n\u00e8t pou p\u00e8mi, planifikasyon, resi taks biznis ak konf\u00f2mite k\u00f2d. Aplike. Peye. Ch\u00e8che.<\/p>\t\t\t\t\t\t\t\n\t\t\t\t\t\t\t\t\t<\/a>\n\t\t\t\t\t\t\t<a href=\"\/ht\/city-hall\/code-compliance\/\" target=\"_self\">\n\t\t\t\t\t\t\t\t\t\t\t\t\t\t\t\t\t\t\t\t\t\t\t\t\t\t\t\t\t\t\t\t\t\t\t<img decoding=\"async\" src=\"https:\/\/www.miamibeachfl.gov\/wp-content\/uploads\/2022\/12\/icon-surveys.png\" alt=\"Code Compliance\" \/>\n\t\t\t\t\t\t\t\t\t\t<h3>Konf\u00f2mite K\u00f2d<\/h3>\n\t\t\t\t\t\t\t\t<p>Eksplore kijan pou aplike k\u00f2d yo, kalite vyolasyon yo, epi kijan pou f\u00e8 ap\u00e8l oswa peye.<\/p>\t\t\t\t\t\t\t\n\t\t\t\t\t\t\t\t\t<\/a>\n\t\t\t\t\t\t\t<a href=\"\/ht\/city-hall\/customer-service-center\/\" target=\"_self\">\n\t\t\t\t\t\t\t\t\t\t\t\t\t\t\t\t\t\t\t\t\t\t\t\t\t\t\t\t\t\t\t\t\t\t\t<img decoding=\"async\" src=\"https:\/\/www.miamibeachfl.gov\/wp-content\/uploads\/2022\/12\/icon-home-customerservice2.png\" alt=\"Customer Service\" \/>\n\t\t\t\t\t\t\t\t\t\t<h3>S\u00e8vis Kliyan<\/h3>\n\t\t\t\t\t\t\t\t<p>S\u00e8vis vil yo disponib atrav\u00e8 Sant S\u00e8vis Kliyan nou an.<\/p>\t\t\t\t\t\t\t\n\t\t\t\t\t\t\t\t\t<\/a>\n\t\t\t\t\t\t\t<a href=\"\/ht\/city-hall\/parking\/\" target=\"_self\">\n\t\t\t\t\t\t\t\t\t\t\t\t\t\t\t\t\t\t\t\t\t\t\t\t\t\t\t\t\t\t\t\t\t\t\t<img decoding=\"async\" src=\"https:\/\/www.miamibeachfl.gov\/wp-content\/uploads\/2022\/09\/icon-parking.png\" alt=\"Parking\" \/>\n\t\t\t\t\t\t\t\t\t\t<h3>Pakin<\/h3>\n\t\t\t\t\t\t\t\t<p>Kote\/tarif pakin, pwogram pou rezidan, enf\u00f2masyon sou remorkaj ak plis ank\u00f2.<\/p>\t\t\t\t\t\t\t\n\t\t\t\t\t\t\t\t\t<\/a>\n\t\t\t\t\t\t\t<a href=\"\/ht\/visit-miami-beach\/getting-around\/\" target=\"_self\">\n\t\t\t\t\t\t\t\t\t\t\t\t\t\t\t\t\t\t\t\t\t\t\t\t\t\t\t\t\t\t\t\t\t\t\t<img decoding=\"async\" src=\"https:\/\/www.miamibeachfl.gov\/wp-content\/uploads\/2022\/10\/icon-visitors-trolley.png\" alt=\"Getting Around\" \/>\n\t\t\t\t\t\t\t\t\t\t<h3>Deplase<\/h3>\n\t\t\t\t\t\t\t\t<p>Yon gid pou deplase: tramway gratis nan tout vil la, transp\u00f2 piblik, bisikl\u00e8t, ak plis ank\u00f2.<\/p>\t\t\t\t\t\t\t\n\t\t\t\t\t\t\t\t\t<\/a>\n\t\t\t\t\t\t\t<a href=\"\/ht\/city-hall\/parks-and-recreation\/\" target=\"_self\">\n\t\t\t\t\t\t\t\t\t\t\t\t\t\t\t\t\t\t\t\t\t\t\t\t\t\t\t\t\t\t\t\t\t\t\t<img decoding=\"async\" src=\"https:\/\/www.miamibeachfl.gov\/wp-content\/uploads\/2022\/12\/icon-home-parks.png\" alt=\"Parks &amp; Recreation\" \/>\n\t\t\t\t\t\t\t\t\t\t<h3>Pak ak Lwazi<\/h3>\n\t\t\t\t\t\t\t\t<p>Dekouvri kote pak yo ye, aktivite yo, pwogram yo ak lokasyon yo.<\/p>\t\t\t\t\t\t\t\n\t\t\t\t\t\t\t\t\t<\/a>\n\t\t\t\t\t\t\t<a href=\"\/ht\/city-hall\/fire\/ocean-rescue\/currentbeachconditions\/\" target=\"_self\">\n\t\t\t\t\t\t\t\t\t\t\t\t\t\t\t\t\t\t\t\t\t\t\t\t\t\t\t\t\t\t\t\t\t\t\t<img decoding=\"async\" src=\"https:\/\/www.miamibeachfl.gov\/wp-content\/uploads\/2022\/11\/icon-fun.png\" alt=\"Beach Conditions\" \/>\n\t\t\t\t\t\t\t\t\t\t<h3>Kondisyon plaj yo<\/h3>\n\t\t\t\t\t\t\t\t<p>Rap\u00f2 ak enf\u00f2masyon chak jou sou plaj la<\/p>\t\t\t\t\t\t\t\n\t\t\t\t\t\t\t\t\t<\/a>\n\t\t\t\t\t\t\t<a href=\"https:\/\/events.miamibeachfl.gov\/\" target=\"_blank\">\n\t\t\t\t\t\t\t\t\t\t\t\t\t\t\t\t\t\t\t\t\t\t\t\t\t\t\t\t\t\t\t\t\t\t\t<img decoding=\"async\" src=\"https:\/\/www.miamibeachfl.gov\/wp-content\/uploads\/2022\/12\/icon-home-meetings.png\" alt=\"City Calendar\" \/>\n\t\t\t\t\t\t\t\t\t\t<h3>Kalandriye Vil la<\/h3>\n\t\t\t\t\t\t\t\t<p>Rete okouran de ev\u00e8nman vil la, reyinyon piblik yo, ak dat enp\u00f2tan yo.<\/p>\t\t\t\t\t\t\t\n\t\t\t\t\t\t\t\t\t<\/a>\n\t\t\t\t\t\t\t<a href=\"\/ht\/city-clerk\/meetings-and-agendas\/\" target=\"_self\">\n\t\t\t\t\t\t\t\t\t\t\t\t\t\t\t\t\t\t\t\t\t\t\t\t\t\t\t\t\t\t\t\t\t\t\t<img decoding=\"async\" src=\"https:\/\/www.miamibeachfl.gov\/wp-content\/uploads\/2022\/11\/icon-residents_1.png\" alt=\"City Meetings\" \/>\n\t\t\t\t\t\t\t\t\t\t<h3>Reyinyon Vil yo<\/h3>\n\t\t\t\t\t\t\t\t<p>Jwenn aks\u00e8 a ajanda, rap\u00f2, ak videyo pou reyinyon vil la ki sot pase yo ak sa k ap vini yo.<\/p>\t\t\t\t\t\t\t\n\t\t\t\t\t\t\t\t\t<\/a>\n\t\t\t\t\t\t\t<a href=\"\/ht\/engagementtoolbox\/\" target=\"_self\">\n\t\t\t\t\t\t\t\t\t\t\t\t\t\t\t\t\t\t\t\t\t\t\t\t\t\t\t\t\t\t\t\t\t\t\t<img decoding=\"async\" src=\"https:\/\/www.miamibeachfl.gov\/wp-content\/uploads\/2023\/01\/icon-mobile.png\" alt=\"Stay Informed\" \/>\n\t\t\t\t\t\t\t\t\t\t<h3>Rete Enf\u00f2me<\/h3>\n\t\t\t\t\t\t\t\t<p>Rete enf\u00f2me av\u00e8k nouv\u00e8l vil la, al\u00e8t, ak resous itil pou rezidan ak vizit\u00e8 yo.<\/p>\t\t\t\t\t\t\t\n\t\t\t\t\t\t\t\t\t<\/a>\n\t\t\t\t\t\t\t<a href=\"\/ht\/city-hall\/cip\/active-projects\/\" target=\"_self\">\n\t\t\t\t\t\t\t\t\t\t\t\t\t\t\t\t\t\t\t\t\t\t\t\t\t\t\t\t\t\t\t\t\t\t\t<img decoding=\"async\" src=\"https:\/\/www.miamibeachfl.gov\/wp-content\/uploads\/2022\/11\/icon-cityservices.png\" alt=\"Citywide Projects\" \/>\n\t\t\t\t\t\t\t\t\t\t<h3>Pwoj\u00e8 pou tout vil la<\/h3>\n\t\t\t\t\t\t\t\t<p>Yon gid kat jeyografik pou eksplore pwoj\u00e8 amelyorasyon vil akty\u00e8l yo.<\/p>\t\t\t\t\t\t\t\n\t\t\t\t\t\t\t\t\t<\/a>\n\t\t\t\t\t\t\t<a href=\"\/ht\/city-hall\/city-clerk\/election-information\/\" target=\"_self\">\n\t\t\t\t\t\t\t\t\t\t\t\t\t\t\t\t\t\t\t\t\t\t\t\t\t\t\t\t\t\t\t\t\t\t\t<img decoding=\"async\" src=\"https:\/\/www.miamibeachfl.gov\/wp-content\/uploads\/2022\/12\/icon-home-vote-election.png\" alt=\"Elections\" \/>\n\t\t\t\t\t\t\t\t\t\t<h3>Eleksyon yo<\/h3>\n\t\t\t\t\t\t\t\t<p>Enf\u00f2masyon ak resous sou eleksyon kap vini yo<\/p>\t\t\t\t\t\t\t\n\t\t\t\t\t\t\t\t\t<\/a>\n\t\t\t\t\t\t\t<a href=\"\/ht\/ada\/\" target=\"_self\">\n\t\t\t\t\t\t\t\t\t\t\t\t\t\t\t\t\t\t\t\t\t\t\t\t\t\t\t\t\t\t\t\t\t\t\t<img decoding=\"async\" src=\"https:\/\/www.miamibeachfl.gov\/wp-content\/uploads\/2022\/10\/icon-ada-cityservices.png\" alt=\"ADA Resources\" \/>\n\t\t\t\t\t\t\t\t\t\t<h3>Resous ADA yo<\/h3>\n\t\t\t\t\t\t\t\t<p>S\u00e8vis vil la, enf\u00f2masyon ak konf\u00f2mite<\/p>\t\t\t\t\t\t\t\n\t\t\t\t\t\t\t\t\t<\/a>\n\t\t\t\t\t\t\t<a href=\"\/ht\/mbtv\/\" target=\"_blank\">\n\t\t\t\t\t\t\t\t\t\t\t\t\t\t\t\t\t\t\t\t\t\t\t\t\t\t\t\t\t\t\t\t\t\t\t<img decoding=\"async\" src=\"https:\/\/www.miamibeachfl.gov\/wp-content\/uploads\/2022\/12\/icon-home-mbtv.png\" alt=\"MBTV\" \/>\n\t\t\t\t\t\t\t\t\t\t<h3>MBTV<\/h3>\n\t\t\t\t\t\t\t\t<p>Gade reyinyon vil la an dir\u00e8k epi jwenn aks\u00e8 a achiv videyo yo.<\/p>\t\t\t\t\t\t\t\n\t\t\t\t\t\t\t\t\t<\/a>\n\t\t\t\t\t\t\t<a href=\"\/ht\/city-hall\/human-resources\/how-to-apply\/\" target=\"_self\">\n\t\t\t\t\t\t\t\t\t\t\t\t\t\t\t\t\t\t\t\t\t\t\t\t\t\t\t\t\t\t\t\t\t\t\t<img decoding=\"async\" src=\"https:\/\/www.miamibeachfl.gov\/wp-content\/uploads\/2022\/10\/icon-fillout.png\" alt=\"Apply for a Job\" \/>\n\t\t\t\t\t\t\t\t\t\t<h3>Aplike pou yon travay<\/h3>\n\t\t\t\t\t\t\t\t<p>Enf\u00f2masyon ak resous sou pwosesis aplikasyon pou travay la<\/p>\t\t\t\t\t\t\t\n\t\t\t\t\t\t\t\t\t<\/a>\n\t\t\t\t\t\t\t<a href=\"https:\/\/www.miamibeachcares.lgbt\/\" target=\"_self\">\n\t\t\t\t\t\t\t\t\t\t\t\t\t\t\t\t\t\t\t\t\t\t\t\t\t\t\t\t\t\t\t\t\t\t\t<img decoding=\"async\" src=\"https:\/\/www.miamibeachfl.gov\/wp-content\/uploads\/2022\/10\/icon-lgbtq.png\" alt=\"LGBTQ+\" \/>\n\t\t\t\t\t\t\t\t\t\t<h3>LGBTQ+<\/h3>\n\t\t\t\t\t\t\t\t\t<\/a>\n\t\t\t\t\t\t\t<a href=\"https:\/\/www.miamibeachcares.lgbt\/\" target=\"_self\">\n\t\t\t\t\t\t\t\t\t\t\t\t\t\t\t\t\t\t\t\t\t\t\t\t\t\t\t\t\t\t\t\t\t\t\t<img decoding=\"async\" src=\"https:\/\/www.miamibeachfl.gov\/wp-content\/uploads\/2022\/11\/icon-staysafe.png\" alt=\"Safe Renting\" \/>\n\t\t\t\t\t\t\t\t\t\t<h3>Lwaye an sekirite<\/h3>\n\t\t\t\t\t\t\t\t\t<\/a>\n\t\t\t\t\t\t\t<a href=\"https:\/\/www.gombinfo.com\/\" target=\"_blank\">\n\t\t\t\t\t\t\t\t\t\t\t\t\t\t\t\t\t\t\t\t\t\t\t\t\t\t\t\t\t\t\t\t\t\t\t<img decoding=\"async\" src=\"https:\/\/www.miamibeachfl.gov\/wp-content\/uploads\/2022\/12\/icon-home-vote-election.png\" alt=\"G.O. Bond\" \/>\n\t\t\t\t\t\t\t\t\t\t<h3>GO Bond<\/h3>\n\t\t\t\t\t\t\t\t\t<\/a>\n\t\t\t\t\t\t\t<a href=\"\/ht\/city-hall\/office-of-organizational-development\/\" target=\"_blank\">\n\t\t\t\t\t\t\t\t\t\t\t\t\t\t\t\t\t\t\t\t\t\t\t\t\t\t\t\t\t\t\t\t\t\t\t<img decoding=\"async\" src=\"https:\/\/www.miamibeachfl.gov\/wp-content\/uploads\/2022\/11\/icon-youth.png\" alt=\"Education &amp; Performance Initiatives\" \/>\n\t\t\t\t\t\t\t\t\t\t<h3>Inisyativ Edikasyon ak P\u00e8f\u00f2mans<\/h3>\n\t\t\t\t\t\t\t\t<p>Enf\u00f2masyon ak resous sou pwosesis aplikasyon pou travay la<\/p>\t\t\t\t\t\t\t\n\t\t\t\t\t\t\t\t\t<\/a>\n\t\t\t\t\t\t\t<a href=\"\/ht\/city-hall\/public-works\/operations-division\/storm-water-utility\/\" target=\"_blank\">\n\t\t\t\t\t\t\t\t\t\t\t\t\t\t\t\t\t\t\t\t\t\t\t\t\t\t\t\t\t\t\t\t\t\t\t<img decoding=\"async\" src=\"https:\/\/www.miamibeachfl.gov\/wp-content\/uploads\/2022\/12\/icon-mbrising.png\" alt=\"Water Quality\" \/>\n\t\t\t\t\t\t\t\t\t\t<h3>Kalite Dlo<\/h3>\n\t\t\t\t\t\t\t\t\t<\/a>\n\t\t\t\t\t\t\t<a href=\"\/ht\/city-hall\/human-resources\/employee-labor-relations\/policy-directory\/discrimination-complaint-procedure\/\" target=\"_blank\">\n\t\t\t\t\t\t\t\t\t\t\t\t\t\t\t\t\t\t\t\t\t\t\t\t\t\t\t\t\t\t\t\t\t\t\t<img decoding=\"async\" src=\"https:\/\/www.miamibeachfl.gov\/wp-content\/uploads\/2022\/12\/icon-surveys.png\" alt=\"Report Discrimination\" \/>\n\t\t\t\t\t\t\t\t\t\t<h3>Rap\u00f2te Diskriminasyon<\/h3>\n\t\t\t\t\t\t\t\t\t<\/a>\n\t\t\t\t\t\t\t<a href=\"https:\/\/apps.miamibeachfl.gov\/inspectionroutes\" target=\"_blank\">\n\t\t\t\t\t\t\t\t\t\t\t\t\t\t\t\t\t\t\t\t\t\t\t\t\t\t\t\t\t\t\t\t\t\t\t<img decoding=\"async\" src=\"https:\/\/www.miamibeachfl.gov\/wp-content\/uploads\/2022\/10\/icon-fillout.png\" alt=\"Inspection Routes\" \/>\n\t\t\t\t\t\t\t\t\t\t<h3>Wout Enspeksyon yo<\/h3>\n\t\t\t\t\t\t\t\t\t<\/a>\n\t\t\t\t\t\t\t<a href=\"https:\/\/apps.miamibeachfl.gov\/inspectionroutes\" target=\"_blank\">\n\t\t\t\t\t\t\t\t\t\t\t\t\t\t\t\t\t\t\t\t\t\t\t\t\t\t\t\t\t\t\t\t\t\t\t<img decoding=\"async\" src=\"https:\/\/www.miamibeachfl.gov\/wp-content\/uploads\/2023\/01\/icon-fire-emergencymanagement.png\" alt=\"Police\" \/>\n\t\t\t\t\t\t\t\t\t\t<h3>Lapolis<\/h3>\n\t\t\t\t\t\t\t\t\t<\/a>\n\t\t\t\t\t\t\t<a href=\"\/ht\/city-hall\/fire\/\" target=\"_self\">\n\t\t\t\t\t\t\t\t\t\t\t\t\t\t\t\t\t\t\t\t\t\t\t\t\t\t\t\t\t\t\t\t\t\t\t<img decoding=\"async\" src=\"https:\/\/www.miamibeachfl.gov\/wp-content\/uploads\/2023\/01\/icon-fire-rescue.png\" alt=\"Fire\" \/>\n\t\t\t\t\t\t\t\t\t\t<h3>Dife<\/h3>\n\t\t\t\t\t\t\t\t\t<\/a>\n\t\t\t\t\t\t\t<a href=\"\/ht\/public-notice\/\" target=\"_self\">\n\t\t\t\t\t\t\t\t\t\t\t\t\t\t\t\t\t\t\t\t\t\t\t\t\t\t\t\t\t\t\t\t\t\t\t<img decoding=\"async\" src=\"https:\/\/www.miamibeachfl.gov\/wp-content\/uploads\/2022\/11\/icon-stayinformed.png\" alt=\"Public Notice\" \/>\n\t\t\t\t\t\t\t\t\t\t<h3>Avi Piblik<\/h3>\n\t\t\t\t\t\t\t\t\t<\/a>\n\t\t\t\t\t\t\t<a href=\"\/ht\/public-notice\/\" target=\"_self\">\n\t\t\t\t\t\t\t\t\t\t\t\t\t\t\t\t\t\t\t\t\t\t\t\t\t\t\t\t\t\t\t\t\t\t\t<img decoding=\"async\" src=\"https:\/\/www.miamibeachfl.gov\/wp-content\/uploads\/2022\/11\/icon-passcheck.png\" alt=\"Building Permits Guide\" \/>\n\t\t\t\t\t\t\t\t\t\t<h3>Gid P\u00e8mi Konstriksyon<\/h3>\n\t\t\t\t\t\t\t\t\t<\/a>\n\t\t\t\t\t\t\t<a href=\"https:\/\/www.miamibeachfl.gov\/ht\/city-hall\/city-clerk\/public-records-request\/\" target=\"_self\">\n\t\t\t\t\t\t\t\t\t\t\t\t\t\t\t\t\t\t\t\t\t\t\t\t\t\t\t\t\t\t\t\t\t\t\t<img decoding=\"async\" src=\"https:\/\/www.miamibeachfl.gov\/wp-content\/uploads\/2022\/12\/icon-home-css.png\" alt=\"Public Records\" \/>\n\t\t\t\t\t\t\t\t\t\t<h3>Dosye Piblik yo<\/h3>\n\t\t\t\t\t\t\t\t\t<\/a>","protected":false},"excerpt":{"rendered":"<p>City of Miami Beach Resources Home &gt; All Top Visited Pay Bills Links for paying city bills, permits, taxes, and [&hellip;]<\/p>\n","protected":false},"author":222,"featured_media":0,"parent":0,"menu_order":83,"comment_status":"closed","ping_status":"closed","template":"","meta":{"_searchwp_excluded":"","site-sidebar-layout":"default","site-content-layout":"","ast-site-content-layout":"default","site-content-style":"default","site-sidebar-style":"default","ast-global-header-display":"","ast-banner-title-visibility":"","ast-main-header-display":"","ast-hfb-above-header-display":"","ast-hfb-below-header-display":"","ast-hfb-mobile-header-display":"","site-post-title":"","ast-breadcrumbs-content":"","ast-featured-img":"","footer-sml-layout":"","theme-transparent-header-meta":"","adv-header-id-meta":"","stick-header-meta":"","header-above-stick-meta":"","header-main-stick-meta":"","header-below-stick-meta":"","astra-migrate-meta-layouts":"default","ast-page-background-enabled":"default","ast-page-background-meta":{"desktop":{"background-color":"var(--ast-global-color-5)","background-image":"","background-repeat":"repeat","background-position":"center center","background-size":"auto","background-attachment":"scroll","background-type":"","background-media":"","overlay-type":"","overlay-color":"","overlay-opacity":"","overlay-gradient":""},"tablet":{"background-color":"","background-image":"","background-repeat":"repeat","background-position":"center center","background-size":"auto","background-attachment":"scroll","background-type":"","background-media":"","overlay-type":"","overlay-color":"","overlay-opacity":"","overlay-gradient":""},"mobile":{"background-color":"","background-image":"","background-repeat":"repeat","background-position":"center center","background-size":"auto","background-attachment":"scroll","background-type":"","background-media":"","overlay-type":"","overlay-color":"","overlay-opacity":"","overlay-gradient":""}},"ast-content-background-meta":{"desktop":{"background-color":"var(--ast-global-color-4)","background-image":"","background-repeat":"repeat","background-position":"center center","background-size":"auto","background-attachment":"scroll","background-type":"","background-media":"","overlay-type":"","overlay-color":"","overlay-opacity":"","overlay-gradient":""},"tablet":{"background-color":"var(--ast-global-color-4)","background-image":"","background-repeat":"repeat","background-position":"center center","background-size":"auto","background-attachment":"scroll","background-type":"","background-media":"","overlay-type":"","overlay-color":"","overlay-opacity":"","overlay-gradient":""},"mobile":{"background-color":"var(--ast-global-color-4)","background-image":"","background-repeat":"repeat","background-position":"center center","background-size":"auto","background-attachment":"scroll","background-type":"","background-media":"","overlay-type":"","overlay-color":"","overlay-opacity":"","overlay-gradient":""}},"footnotes":""},"categories":[],"tags":[],"class_list":["post-175243","page","type-page","status-publish","hentry"],"yoast_head":"<!-- This site is optimized with the Yoast SEO Premium plugin v27.4 (Yoast SEO v27.4) - https:\/\/yoast.com\/product\/yoast-seo-premium-wordpress\/ -->\n<title>All Top Visited - City of Miami Beach<\/title>\n<meta name=\"description\" content=\"%\" \/>\n<meta name=\"robots\" content=\"index, follow, max-snippet:-1, max-image-preview:large, max-video-preview:-1\" \/>\n<link rel=\"canonical\" href=\"https:\/\/www.miamibeachfl.gov\/ht\/all-top-visited\/\" \/>\n<meta property=\"og:locale\" content=\"ht_HT\" \/>\n<meta property=\"og:type\" content=\"article\" \/>\n<meta property=\"og:title\" content=\"All Top Visited\" \/>\n<meta property=\"og:description\" content=\"%\" \/>\n<meta property=\"og:url\" content=\"https:\/\/www.miamibeachfl.gov\/ht\/all-top-visited\/\" \/>\n<meta property=\"og:site_name\" content=\"City of Miami Beach\" \/>\n<meta property=\"article:publisher\" content=\"https:\/\/www.facebook.com\/cityofmiamibeach\" \/>\n<meta property=\"article:modified_time\" content=\"2025-10-02T20:30:52+00:00\" \/>\n<meta property=\"og:image\" content=\"https:\/\/www.miamibeachfl.gov\/wp-content\/uploads\/2022\/12\/icon-home-paybills.png\" \/>\n<meta name=\"twitter:card\" content=\"summary_large_image\" \/>\n<meta name=\"twitter:site\" content=\"@Miamibeachnews\" \/>\n<script type=\"application\/ld+json\" class=\"yoast-schema-graph\">{\"@context\":\"https:\\\/\\\/schema.org\",\"@graph\":[{\"@type\":\"WebPage\",\"@id\":\"https:\\\/\\\/www.miamibeachfl.gov\\\/all-top-visited\\\/\",\"url\":\"https:\\\/\\\/www.miamibeachfl.gov\\\/all-top-visited\\\/\",\"name\":\"All Top Visited - City of Miami Beach\",\"isPartOf\":{\"@id\":\"https:\\\/\\\/www.miamibeachfl.gov\\\/#website\"},\"primaryImageOfPage\":{\"@id\":\"https:\\\/\\\/www.miamibeachfl.gov\\\/all-top-visited\\\/#primaryimage\"},\"image\":{\"@id\":\"https:\\\/\\\/www.miamibeachfl.gov\\\/all-top-visited\\\/#primaryimage\"},\"thumbnailUrl\":\"https:\\\/\\\/www.miamibeachfl.gov\\\/wp-content\\\/uploads\\\/2022\\\/12\\\/icon-home-paybills.png\",\"datePublished\":\"2021-12-14T21:53:55+00:00\",\"dateModified\":\"2025-10-02T20:30:52+00:00\",\"description\":\"%\",\"breadcrumb\":{\"@id\":\"https:\\\/\\\/www.miamibeachfl.gov\\\/all-top-visited\\\/#breadcrumb\"},\"inLanguage\":\"ht\",\"potentialAction\":[{\"@type\":\"ReadAction\",\"target\":[\"https:\\\/\\\/www.miamibeachfl.gov\\\/all-top-visited\\\/\"]}]},{\"@type\":\"ImageObject\",\"inLanguage\":\"ht\",\"@id\":\"https:\\\/\\\/www.miamibeachfl.gov\\\/all-top-visited\\\/#primaryimage\",\"url\":\"https:\\\/\\\/www.miamibeachfl.gov\\\/wp-content\\\/uploads\\\/2022\\\/12\\\/icon-home-paybills.png\",\"contentUrl\":\"https:\\\/\\\/www.miamibeachfl.gov\\\/wp-content\\\/uploads\\\/2022\\\/12\\\/icon-home-paybills.png\"},{\"@type\":\"BreadcrumbList\",\"@id\":\"https:\\\/\\\/www.miamibeachfl.gov\\\/all-top-visited\\\/#breadcrumb\",\"itemListElement\":[{\"@type\":\"ListItem\",\"position\":1,\"name\":\"Home\",\"item\":\"https:\\\/\\\/www.miamibeachfl.gov\\\/\"},{\"@type\":\"ListItem\",\"position\":2,\"name\":\"All Top Visited\"}]},{\"@type\":\"WebSite\",\"@id\":\"https:\\\/\\\/www.miamibeachfl.gov\\\/#website\",\"url\":\"https:\\\/\\\/www.miamibeachfl.gov\\\/\",\"name\":\"City of Miami Beach\",\"description\":\"The official website of the City of Miami Beach. Stay informed, find important information on city services, news, alerts, events, trolley routes, government employment and more.\",\"publisher\":{\"@id\":\"https:\\\/\\\/www.miamibeachfl.gov\\\/#organization\"},\"potentialAction\":[{\"@type\":\"SearchAction\",\"target\":{\"@type\":\"EntryPoint\",\"urlTemplate\":\"https:\\\/\\\/www.miamibeachfl.gov\\\/?s={search_term_string}\"},\"query-input\":{\"@type\":\"PropertyValueSpecification\",\"valueRequired\":true,\"valueName\":\"search_term_string\"}}],\"inLanguage\":\"ht\"},{\"@type\":\"Organization\",\"@id\":\"https:\\\/\\\/www.miamibeachfl.gov\\\/#organization\",\"name\":\"City of Miami Beach\",\"url\":\"https:\\\/\\\/www.miamibeachfl.gov\\\/\",\"logo\":{\"@type\":\"ImageObject\",\"inLanguage\":\"ht\",\"@id\":\"https:\\\/\\\/www.miamibeachfl.gov\\\/#\\\/schema\\\/logo\\\/image\\\/\",\"url\":\"https:\\\/\\\/www.miamibeachfl.gov\\\/wp-content\\\/uploads\\\/2022\\\/06\\\/miamibeach-logoblue.png\",\"contentUrl\":\"https:\\\/\\\/www.miamibeachfl.gov\\\/wp-content\\\/uploads\\\/2022\\\/06\\\/miamibeach-logoblue.png\",\"width\":1962,\"height\":381,\"caption\":\"City of Miami Beach\"},\"image\":{\"@id\":\"https:\\\/\\\/www.miamibeachfl.gov\\\/#\\\/schema\\\/logo\\\/image\\\/\"},\"sameAs\":[\"https:\\\/\\\/www.facebook.com\\\/cityofmiamibeach\",\"https:\\\/\\\/x.com\\\/Miamibeachnews\",\"https:\\\/\\\/www.instagram.com\\\/miamibeachnews\\\/\"],\"description\":\"The official website of the City of Miami Beach. Stay informed, find important information on city services, news, alerts, events, trolley routes, government employment and more.\",\"telephone\":\"305.604.CITY(2489)\",\"legalName\":\"City of Miami Beach\"}]}<\/script>\n<!-- \/ Yoast SEO Premium plugin. -->","yoast_head_json":{"title":"Tout moun ki pi vizite yo - Vil Miami Beach","description":"%","robots":{"index":"index","follow":"follow","max-snippet":"max-snippet:-1","max-image-preview":"max-image-preview:large","max-video-preview":"max-video-preview:-1"},"canonical":"https:\/\/www.miamibeachfl.gov\/ht\/all-top-visited\/","og_locale":"ht_HT","og_type":"article","og_title":"All Top Visited","og_description":"%","og_url":"https:\/\/www.miamibeachfl.gov\/ht\/all-top-visited\/","og_site_name":"City of Miami Beach","article_publisher":"https:\/\/www.facebook.com\/cityofmiamibeach","article_modified_time":"2025-10-02T20:30:52+00:00","og_image":[{"url":"https:\/\/www.miamibeachfl.gov\/wp-content\/uploads\/2022\/12\/icon-home-paybills.png","type":"","width":"","height":""}],"twitter_card":"summary_large_image","twitter_site":"@Miamibeachnews","schema":{"@context":"https:\/\/schema.org","@graph":[{"@type":"WebPage","@id":"https:\/\/www.miamibeachfl.gov\/all-top-visited\/","url":"https:\/\/www.miamibeachfl.gov\/all-top-visited\/","name":"Tout moun ki pi vizite yo - Vil Miami Beach","isPartOf":{"@id":"https:\/\/www.miamibeachfl.gov\/#website"},"primaryImageOfPage":{"@id":"https:\/\/www.miamibeachfl.gov\/all-top-visited\/#primaryimage"},"image":{"@id":"https:\/\/www.miamibeachfl.gov\/all-top-visited\/#primaryimage"},"thumbnailUrl":"https:\/\/www.miamibeachfl.gov\/wp-content\/uploads\/2022\/12\/icon-home-paybills.png","datePublished":"2021-12-14T21:53:55+00:00","dateModified":"2025-10-02T20:30:52+00:00","description":"%","breadcrumb":{"@id":"https:\/\/www.miamibeachfl.gov\/all-top-visited\/#breadcrumb"},"inLanguage":"ht","potentialAction":[{"@type":"ReadAction","target":["https:\/\/www.miamibeachfl.gov\/all-top-visited\/"]}]},{"@type":"ImageObject","inLanguage":"ht","@id":"https:\/\/www.miamibeachfl.gov\/all-top-visited\/#primaryimage","url":"https:\/\/www.miamibeachfl.gov\/wp-content\/uploads\/2022\/12\/icon-home-paybills.png","contentUrl":"https:\/\/www.miamibeachfl.gov\/wp-content\/uploads\/2022\/12\/icon-home-paybills.png"},{"@type":"BreadcrumbList","@id":"https:\/\/www.miamibeachfl.gov\/all-top-visited\/#breadcrumb","itemListElement":[{"@type":"ListItem","position":1,"name":"Home","item":"https:\/\/www.miamibeachfl.gov\/"},{"@type":"ListItem","position":2,"name":"All Top Visited"}]},{"@type":"WebSite","@id":"https:\/\/www.miamibeachfl.gov\/#website","url":"https:\/\/www.miamibeachfl.gov\/","name":"Vil Miami Beach","description":"Sitw\u00e8b ofisy\u00e8l Vil Miami Beach la. Rete enf\u00f2me, jwenn enf\u00f2masyon enp\u00f2tan sou s\u00e8vis vil la, nouv\u00e8l, al\u00e8t, ev\u00e8nman, wout tramway, travay gouv\u00e8nman an ak plis ank\u00f2.","publisher":{"@id":"https:\/\/www.miamibeachfl.gov\/#organization"},"potentialAction":[{"@type":"SearchAction","target":{"@type":"EntryPoint","urlTemplate":"https:\/\/www.miamibeachfl.gov\/?s={search_term_string}"},"query-input":{"@type":"PropertyValueSpecification","valueRequired":true,"valueName":"search_term_string"}}],"inLanguage":"ht"},{"@type":"Organization","@id":"https:\/\/www.miamibeachfl.gov\/#organization","name":"Vil Miami Beach","url":"https:\/\/www.miamibeachfl.gov\/","logo":{"@type":"ImageObject","inLanguage":"ht","@id":"https:\/\/www.miamibeachfl.gov\/#\/schema\/logo\/image\/","url":"https:\/\/www.miamibeachfl.gov\/wp-content\/uploads\/2022\/06\/miamibeach-logoblue.png","contentUrl":"https:\/\/www.miamibeachfl.gov\/wp-content\/uploads\/2022\/06\/miamibeach-logoblue.png","width":1962,"height":381,"caption":"City of Miami Beach"},"image":{"@id":"https:\/\/www.miamibeachfl.gov\/#\/schema\/logo\/image\/"},"sameAs":["https:\/\/www.facebook.com\/cityofmiamibeach","https:\/\/x.com\/Miamibeachnews","https:\/\/www.instagram.com\/miamibeachnews\/"],"description":"Sitw\u00e8b ofisy\u00e8l Vil Miami Beach la. Rete enf\u00f2me, jwenn enf\u00f2masyon enp\u00f2tan sou s\u00e8vis vil la, nouv\u00e8l, al\u00e8t, ev\u00e8nman, wout tramway, travay gouv\u00e8nman an ak plis ank\u00f2.","telephone":"305.604.CITY(2489)","legalName":"City of Miami Beach"}]}},"_links":{"self":[{"href":"https:\/\/www.miamibeachfl.gov\/ht\/wp-json\/wp\/v2\/pages\/175243","targetHints":{"allow":["GET"]}}],"collection":[{"href":"https:\/\/www.miamibeachfl.gov\/ht\/wp-json\/wp\/v2\/pages"}],"about":[{"href":"https:\/\/www.miamibeachfl.gov\/ht\/wp-json\/wp\/v2\/types\/page"}],"author":[{"embeddable":true,"href":"https:\/\/www.miamibeachfl.gov\/ht\/wp-json\/wp\/v2\/users\/222"}],"replies":[{"embeddable":true,"href":"https:\/\/www.miamibeachfl.gov\/ht\/wp-json\/wp\/v2\/comments?post=175243"}],"version-history":[{"count":4,"href":"https:\/\/www.miamibeachfl.gov\/ht\/wp-json\/wp\/v2\/pages\/175243\/revisions"}],"predecessor-version":[{"id":389738,"href":"https:\/\/www.miamibeachfl.gov\/ht\/wp-json\/wp\/v2\/pages\/175243\/revisions\/389738"}],"wp:attachment":[{"href":"https:\/\/www.miamibeachfl.gov\/ht\/wp-json\/wp\/v2\/media?parent=175243"}],"wp:term":[{"taxonomy":"category","embeddable":true,"href":"https:\/\/www.miamibeachfl.gov\/ht\/wp-json\/wp\/v2\/categories?post=175243"},{"taxonomy":"post_tag","embeddable":true,"href":"https:\/\/www.miamibeachfl.gov\/ht\/wp-json\/wp\/v2\/tags?post=175243"}],"curies":[{"name":"wp","href":"https:\/\/api.w.org\/{rel}","templated":true}]}}